{"id":145011,"date":"2026-03-02T15:43:06","date_gmt":"2026-03-02T08:43:06","guid":{"rendered":"http:\/\/tourcruiser.com\/product\/women-asics-gel-kahana-8-white-pink"},"modified":"2026-03-28T01:16:40","modified_gmt":"2026-03-27T18:16:40","slug":"women-asics-gel-kahana-8-white-pink","status":"publish","type":"product","link":"https:\/\/tourcruiser.com\/de\/products\/women-asics-gel-kahana-8-white-pink\/","title":{"rendered":"(Women) ASICS Gel Kahana 8 &#8218;White Pink&#8216;"},"content":{"rendered":"<p>Verbessere dein Lauferlebnis mit den ASICS Gel-Kahana 8 Laufschuhen in Wei\u00df und Rosa! Diese Damensneaker bestechen durch ihr schickes Design in Wei\u00df und Rosa, das alle Blicke auf sich zieht. Dank der ASICS Gel-Technologie genie\u00dft du hervorragende D\u00e4mpfung, die f\u00fcr optimale Sto\u00dfabsorption und ein angenehmes Laufgef\u00fchl sorgt. Die strapazierf\u00e4hige Au\u00dfensohle bietet exzellente Traktion und Stabilit\u00e4t und gibt dir die n\u00f6tige Sicherheit, jede Laufherausforderung mit Stil und Selbstvertrauen zu meistern.<\/p>\n<ul>\n<li><strong>Farbgebung:<\/strong> Wei\u00df\/Rosa<\/li>\n<li><strong>Artikelnummer:<\/strong> 1012A978-103<\/li>\n<li><strong>Obermaterial:<\/strong> Textil\/Kunstleder<\/li>\n<li><strong>Zwischensohle:<\/strong> Gel<\/li>\n<li><strong>Farbe:<\/strong> Rosa<\/li>\n<li><strong>Saison:<\/strong> Ganzj\u00e4hrig<\/li>\n<\/ul>\n","protected":false},"excerpt":{"rendered":"<p>ASICS Gel Kahana 8 \u201d\u201d White\/Pink<\/p>\n","protected":false},"featured_media":145012,"comment_status":"open","ping_status":"closed","template":"","meta":[],"product_brand":[],"product_cat":[11020],"product_tag":[10791,11032,10750,10926,10939,10754,10765,10940,11231,10768,10758],"class_list":{"0":"post-145011","1":"product","2":"type-product","3":"status-publish","4":"has-post-thumbnail","6":"product_cat-asics-women","7":"product_tag-asics","8":"product_tag-asics-running-shoes","9":"product_tag-athleisure-shoes","10":"product_tag-gift-for-her","11":"product_tag-international-women-day-coll","12":"product_tag-lifestyle-casual-shoes","13":"product_tag-lifestyle-shoes-running-inspired","14":"product_tag-mother-day-coll","15":"product_tag-oxstreet-shoes","16":"product_tag-retro-running-shoes","17":"product_tag-under-retail","18":"wcpa_has_options","20":"first","21":"outofstock","22":"taxable","23":"shipping-taxable","24":"purchasable","25":"product-type-simple"},"wcpa_form_fields":{"rules":{"pric_overide_base_price":false,"pric_overide_base_price_if_gt_zero":false,"pric_overide_base_price_fully":false,"pric_cal_option_once":false,"pric_use_as_fee":false,"bind_quantity":false,"quantity_bind_formula":false},"fields":[{"type":"color-group","required":true,"elementId":"wcpa-color-group-69a5ac3f3e644","label":"Gr\u00f6\u00dfe","inline":true,"priceOptions":"different_for_all","pricingType":"fixed","className":"hassizechart product-shoes-size-eu product-shoes-size","name":"color-group-69a5ac3f3e64e","disp_type":"square","selection_type":"tick-border","disp_size":"50","show_label_inside":true,"adjust_width":true,"cart_display_type":"text","other_text":"Other","cl_rule":"show","col":6,"values":[{"label":"34.5","value":"EU 34.5","price":"","pimage":"","pimage_id":"","pthumb":"","color":""},{"label":"35","value":"EU 35","price":"","pimage":"","pimage_id":"","pthumb":"","color":""},{"label":"35.5","value":"EU 35.5","price":"","pimage":"","pimage_id":"","pthumb":"","color":""},{"label":"36","value":"EU 36","price":"","pimage":"","pimage_id":"","pthumb":"","color":"","selected":true},{"label":"37","value":"EU 37","price":"","pimage":"","pimage_id":"","pthumb":"","color":""},{"label":"37.5","value":"EU 37.5","price":"","pimage":"","pimage_id":"","pthumb":"","color":""},{"label":"38","value":"EU 38","price":"","pimage":"","pimage_id":"","pthumb":"","color":""},{"label":"38.5","value":"EU 38.5","price":"","pimage":"","pimage_id":"","pthumb":"","color":""},{"label":"39","value":"EU 39","price":"","pimage":"","pimage_id":"","pthumb":"","color":""},{"label":"39.5","value":"EU 39.5","price":"","pimage":"","pimage_id":"","pthumb":"","color":""},{"label":"40","value":"EU 40","price":"","pimage":"","pimage_id":"","pthumb":"","color":""},{"label":"40.5","value":"EU 40.5","price":"","pimage":"","pimage_id":"","pthumb":"","color":""},{"label":" 41.5","value":"EU 41.5","price":"","pimage":"","pimage_id":"","pthumb":"","color":""},{"label":"42","value":"EU 42","price":"","pimage":"","pimage_id":"","pthumb":"","color":""},{"label":"42.5","value":"EU 42.5","price":"","pimage":"","pimage_id":"","pthumb":"","color":""},{"label":"43.5","value":"EU 43.5","price":"","pimage":"","pimage_id":"","pthumb":"","color":""},{"label":"44","value":"EU 44","price":"","pimage":"","pimage_id":"","pthumb":"","color":""},{"label":"44.5","value":"EU 44.5","price":"","pimage":"","pimage_id":"","pthumb":"","color":""},{"label":"45","value":"EU 45","price":"","pimage":"","pimage_id":"","pthumb":"","color":""}],"relations":[{"operator":false,"rules":[]}],"form_id":184312,"form_rules":{"pric_cal_option_once":false,"exclude_from_discount":false,"pric_use_as_fee":false,"fee_label":"Fee","render_after_acb":false,"disp_hide_options_price":false}}]},"yoast_head":"<!-- This site is optimized with the Yoast SEO plugin v26.5 - https:\/\/yoast.com\/wordpress\/plugins\/seo\/ -->\n<title>(Women) ASICS Gel Kahana 8 &#039;White Pink&#039;  - Tourcruiser PTE. LTD<\/title>\n<meta name=\"robots\" content=\"index, follow, max-snippet:-1, max-image-preview:large, max-video-preview:-1\" \/>\n<link rel=\"canonical\" href=\"https:\/\/tourcruiser.com\/de\/products\/women-asics-gel-kahana-8-white-pink\/\" \/>\n<meta property=\"og:locale\" content=\"de_DE\" \/>\n<meta property=\"og:type\" content=\"article\" \/>\n<meta property=\"og:title\" content=\"(Women) ASICS Gel Kahana 8 &#039;White Pink&#039;  - Tourcruiser PTE. LTD\" \/>\n<meta property=\"og:description\" content=\"ASICS Gel Kahana 8 \u201d\u201d White\/Pink\" \/>\n<meta property=\"og:url\" content=\"https:\/\/tourcruiser.com\/de\/products\/women-asics-gel-kahana-8-white-pink\/\" \/>\n<meta property=\"og:site_name\" content=\"Tourcruiser Sneaker Store\" \/>\n<meta property=\"article:modified_time\" content=\"2026-03-27T18:16:40+00:00\" \/>\n<meta name=\"twitter:card\" content=\"summary_large_image\" \/>\n<meta name=\"twitter:image\" content=\"https:\/\/images.novelship.com\/product\/_women__asics_gel_kahana_8__pink_trail__1012a978_1_0_56890.jpeg;https:\/\/images.novelship.com\/product\/_women__asics_gel_kahana_8__pink_trail__1012a978_1_1_56890.jpeg;https:\/\/images.novelship.com\/product\/_women__asics_gel_kahana_8__pink_trail__1012a978_1_2_56890.jpeg;https:\/\/images.novelship.com\/product\/_women__asics_gel_kahana_8__pink_trail__1012a978_1_3_56890.jpeg;https:\/\/images.novelship.com\/product\/_women__asics_gel_kahana_8__pink_trail__1012a978_1_4_56890.jpeg\" \/>\n<script type=\"application\/ld+json\" class=\"yoast-schema-graph\">{\"@context\":\"https:\/\/schema.org\",\"@graph\":[{\"@type\":\"WebPage\",\"@id\":\"https:\/\/tourcruiser.com\/de\/products\/women-asics-gel-kahana-8-white-pink\/\",\"url\":\"https:\/\/tourcruiser.com\/de\/products\/women-asics-gel-kahana-8-white-pink\/\",\"name\":\"(Women) ASICS Gel Kahana 8 'White Pink' - Tourcruiser PTE. LTD\",\"isPartOf\":{\"@id\":\"https:\/\/tourcruiser.com\/de\/#website\"},\"primaryImageOfPage\":{\"@id\":\"https:\/\/tourcruiser.com\/de\/products\/women-asics-gel-kahana-8-white-pink\/#primaryimage\"},\"image\":{\"@id\":\"https:\/\/tourcruiser.com\/de\/products\/women-asics-gel-kahana-8-white-pink\/#primaryimage\"},\"thumbnailUrl\":\"https:\/\/images.novelship.com\/product\/_women__asics_gel_kahana_8__pink_trail__1012a978_1_0_56890.jpeg;https:\/\/images.novelship.com\/product\/_women__asics_gel_kahana_8__pink_trail__1012a978_1_1_56890.jpeg;https:\/\/images.novelship.com\/product\/_women__asics_gel_kahana_8__pink_trail__1012a978_1_2_56890.jpeg;https:\/\/images.novelship.com\/product\/_women__asics_gel_kahana_8__pink_trail__1012a978_1_3_56890.jpeg;https:\/\/images.novelship.com\/product\/_women__asics_gel_kahana_8__pink_trail__1012a978_1_4_56890.jpeg\",\"datePublished\":\"2026-03-02T08:43:06+00:00\",\"dateModified\":\"2026-03-27T18:16:40+00:00\",\"breadcrumb\":{\"@id\":\"https:\/\/tourcruiser.com\/de\/products\/women-asics-gel-kahana-8-white-pink\/#breadcrumb\"},\"inLanguage\":\"de\",\"potentialAction\":[{\"@type\":\"ReadAction\",\"target\":[\"https:\/\/tourcruiser.com\/de\/products\/women-asics-gel-kahana-8-white-pink\/\"]}]},{\"@type\":\"ImageObject\",\"inLanguage\":\"de\",\"@id\":\"https:\/\/tourcruiser.com\/de\/products\/women-asics-gel-kahana-8-white-pink\/#primaryimage\",\"url\":\"https:\/\/images.novelship.com\/product\/_women__asics_gel_kahana_8__pink_trail__1012a978_1_0_56890.jpeg;https:\/\/images.novelship.com\/product\/_women__asics_gel_kahana_8__pink_trail__1012a978_1_1_56890.jpeg;https:\/\/images.novelship.com\/product\/_women__asics_gel_kahana_8__pink_trail__1012a978_1_2_56890.jpeg;https:\/\/images.novelship.com\/product\/_women__asics_gel_kahana_8__pink_trail__1012a978_1_3_56890.jpeg;https:\/\/images.novelship.com\/product\/_women__asics_gel_kahana_8__pink_trail__1012a978_1_4_56890.jpeg\",\"contentUrl\":\"https:\/\/images.novelship.com\/product\/_women__asics_gel_kahana_8__pink_trail__1012a978_1_0_56890.jpeg;https:\/\/images.novelship.com\/product\/_women__asics_gel_kahana_8__pink_trail__1012a978_1_1_56890.jpeg;https:\/\/images.novelship.com\/product\/_women__asics_gel_kahana_8__pink_trail__1012a978_1_2_56890.jpeg;https:\/\/images.novelship.com\/product\/_women__asics_gel_kahana_8__pink_trail__1012a978_1_3_56890.jpeg;https:\/\/images.novelship.com\/product\/_women__asics_gel_kahana_8__pink_trail__1012a978_1_4_56890.jpeg\"},{\"@type\":\"BreadcrumbList\",\"@id\":\"https:\/\/tourcruiser.com\/de\/products\/women-asics-gel-kahana-8-white-pink\/#breadcrumb\",\"itemListElement\":[{\"@type\":\"ListItem\",\"position\":1,\"name\":\"Home\",\"item\":\"https:\/\/tourcruiser.com\/de\/\"},{\"@type\":\"ListItem\",\"position\":2,\"name\":\"Shop\",\"item\":\"https:\/\/tourcruiser.com\/de\/shop\/\"},{\"@type\":\"ListItem\",\"position\":3,\"name\":\"(Women) ASICS Gel Kahana 8 'White Pink'\"}]},{\"@type\":\"WebSite\",\"@id\":\"https:\/\/tourcruiser.com\/de\/#website\",\"url\":\"https:\/\/tourcruiser.com\/de\/\",\"name\":\"Styloral Jewelry Shop\",\"description\":\"Tourcruiser Sneaker Store \u2014 der Ort, an dem das Universum deine Einzigartigkeit trifft.\",\"publisher\":{\"@id\":\"https:\/\/tourcruiser.com\/de\/#organization\"},\"potentialAction\":[{\"@type\":\"SearchAction\",\"target\":{\"@type\":\"EntryPoint\",\"urlTemplate\":\"https:\/\/tourcruiser.com\/de\/?s={search_term_string}\"},\"query-input\":{\"@type\":\"PropertyValueSpecification\",\"valueRequired\":true,\"valueName\":\"search_term_string\"}}],\"inLanguage\":\"de\"},{\"@type\":\"Organization\",\"@id\":\"https:\/\/tourcruiser.com\/de\/#organization\",\"name\":\"STYLORAL PTE. LTD\",\"url\":\"https:\/\/tourcruiser.com\/de\/\",\"logo\":{\"@type\":\"ImageObject\",\"inLanguage\":\"de\",\"@id\":\"https:\/\/tourcruiser.com\/de\/#\/schema\/logo\/image\/\",\"url\":\"https:\/\/www.tourcruiser.com\/wp-content\/uploads\/2025\/12\/logo.png\",\"contentUrl\":\"https:\/\/www.tourcruiser.com\/wp-content\/uploads\/2025\/12\/logo.png\",\"width\":200,\"height\":65,\"caption\":\"STYLORAL PTE. LTD\"},\"image\":{\"@id\":\"https:\/\/tourcruiser.com\/de\/#\/schema\/logo\/image\/\"}}]}<\/script>\n<!-- \/ Yoast SEO plugin. -->","yoast_head_json":{"title":"(Women) ASICS Gel Kahana 8 'White Pink'  - Tourcruiser PTE. LTD","robots":{"index":"index","follow":"follow","max-snippet":"max-snippet:-1","max-image-preview":"max-image-preview:large","max-video-preview":"max-video-preview:-1"},"canonical":"https:\/\/tourcruiser.com\/de\/products\/women-asics-gel-kahana-8-white-pink\/","og_locale":"de_DE","og_type":"article","og_title":"(Women) ASICS Gel Kahana 8 'White Pink'  - Tourcruiser PTE. LTD","og_description":"ASICS Gel Kahana 8 \u201d\u201d White\/Pink","og_url":"https:\/\/tourcruiser.com\/de\/products\/women-asics-gel-kahana-8-white-pink\/","og_site_name":"Tourcruiser Sneaker Store","article_modified_time":"2026-03-27T18:16:40+00:00","twitter_card":"summary_large_image","twitter_image":"https:\/\/images.novelship.com\/product\/_women__asics_gel_kahana_8__pink_trail__1012a978_1_0_56890.jpeg;https:\/\/images.novelship.com\/product\/_women__asics_gel_kahana_8__pink_trail__1012a978_1_1_56890.jpeg;https:\/\/images.novelship.com\/product\/_women__asics_gel_kahana_8__pink_trail__1012a978_1_2_56890.jpeg;https:\/\/images.novelship.com\/product\/_women__asics_gel_kahana_8__pink_trail__1012a978_1_3_56890.jpeg;https:\/\/images.novelship.com\/product\/_women__asics_gel_kahana_8__pink_trail__1012a978_1_4_56890.jpeg","schema":{"@context":"https:\/\/schema.org","@graph":[{"@type":"WebPage","@id":"https:\/\/tourcruiser.com\/de\/products\/women-asics-gel-kahana-8-white-pink\/","url":"https:\/\/tourcruiser.com\/de\/products\/women-asics-gel-kahana-8-white-pink\/","name":"(Women) ASICS Gel Kahana 8 'White Pink' - Tourcruiser PTE. LTD","isPartOf":{"@id":"https:\/\/tourcruiser.com\/de\/#website"},"primaryImageOfPage":{"@id":"https:\/\/tourcruiser.com\/de\/products\/women-asics-gel-kahana-8-white-pink\/#primaryimage"},"image":{"@id":"https:\/\/tourcruiser.com\/de\/products\/women-asics-gel-kahana-8-white-pink\/#primaryimage"},"thumbnailUrl":"https:\/\/images.novelship.com\/product\/_women__asics_gel_kahana_8__pink_trail__1012a978_1_0_56890.jpeg;https:\/\/images.novelship.com\/product\/_women__asics_gel_kahana_8__pink_trail__1012a978_1_1_56890.jpeg;https:\/\/images.novelship.com\/product\/_women__asics_gel_kahana_8__pink_trail__1012a978_1_2_56890.jpeg;https:\/\/images.novelship.com\/product\/_women__asics_gel_kahana_8__pink_trail__1012a978_1_3_56890.jpeg;https:\/\/images.novelship.com\/product\/_women__asics_gel_kahana_8__pink_trail__1012a978_1_4_56890.jpeg","datePublished":"2026-03-02T08:43:06+00:00","dateModified":"2026-03-27T18:16:40+00:00","breadcrumb":{"@id":"https:\/\/tourcruiser.com\/de\/products\/women-asics-gel-kahana-8-white-pink\/#breadcrumb"},"inLanguage":"de","potentialAction":[{"@type":"ReadAction","target":["https:\/\/tourcruiser.com\/de\/products\/women-asics-gel-kahana-8-white-pink\/"]}]},{"@type":"ImageObject","inLanguage":"de","@id":"https:\/\/tourcruiser.com\/de\/products\/women-asics-gel-kahana-8-white-pink\/#primaryimage","url":"https:\/\/images.novelship.com\/product\/_women__asics_gel_kahana_8__pink_trail__1012a978_1_0_56890.jpeg;https:\/\/images.novelship.com\/product\/_women__asics_gel_kahana_8__pink_trail__1012a978_1_1_56890.jpeg;https:\/\/images.novelship.com\/product\/_women__asics_gel_kahana_8__pink_trail__1012a978_1_2_56890.jpeg;https:\/\/images.novelship.com\/product\/_women__asics_gel_kahana_8__pink_trail__1012a978_1_3_56890.jpeg;https:\/\/images.novelship.com\/product\/_women__asics_gel_kahana_8__pink_trail__1012a978_1_4_56890.jpeg","contentUrl":"https:\/\/images.novelship.com\/product\/_women__asics_gel_kahana_8__pink_trail__1012a978_1_0_56890.jpeg;https:\/\/images.novelship.com\/product\/_women__asics_gel_kahana_8__pink_trail__1012a978_1_1_56890.jpeg;https:\/\/images.novelship.com\/product\/_women__asics_gel_kahana_8__pink_trail__1012a978_1_2_56890.jpeg;https:\/\/images.novelship.com\/product\/_women__asics_gel_kahana_8__pink_trail__1012a978_1_3_56890.jpeg;https:\/\/images.novelship.com\/product\/_women__asics_gel_kahana_8__pink_trail__1012a978_1_4_56890.jpeg"},{"@type":"BreadcrumbList","@id":"https:\/\/tourcruiser.com\/de\/products\/women-asics-gel-kahana-8-white-pink\/#breadcrumb","itemListElement":[{"@type":"ListItem","position":1,"name":"Home","item":"https:\/\/tourcruiser.com\/de\/"},{"@type":"ListItem","position":2,"name":"Shop","item":"https:\/\/tourcruiser.com\/de\/shop\/"},{"@type":"ListItem","position":3,"name":"(Women) ASICS Gel Kahana 8 'White Pink'"}]},{"@type":"WebSite","@id":"https:\/\/tourcruiser.com\/de\/#website","url":"https:\/\/tourcruiser.com\/de\/","name":"Styloral Jewelry Shop","description":"Tourcruiser Sneaker Store \u2014 der Ort, an dem das Universum deine Einzigartigkeit trifft.","publisher":{"@id":"https:\/\/tourcruiser.com\/de\/#organization"},"potentialAction":[{"@type":"SearchAction","target":{"@type":"EntryPoint","urlTemplate":"https:\/\/tourcruiser.com\/de\/?s={search_term_string}"},"query-input":{"@type":"PropertyValueSpecification","valueRequired":true,"valueName":"search_term_string"}}],"inLanguage":"de"},{"@type":"Organization","@id":"https:\/\/tourcruiser.com\/de\/#organization","name":"STYLORAL PTE. LTD","url":"https:\/\/tourcruiser.com\/de\/","logo":{"@type":"ImageObject","inLanguage":"de","@id":"https:\/\/tourcruiser.com\/de\/#\/schema\/logo\/image\/","url":"https:\/\/www.tourcruiser.com\/wp-content\/uploads\/2025\/12\/logo.png","contentUrl":"https:\/\/www.tourcruiser.com\/wp-content\/uploads\/2025\/12\/logo.png","width":200,"height":65,"caption":"STYLORAL PTE. LTD"},"image":{"@id":"https:\/\/tourcruiser.com\/de\/#\/schema\/logo\/image\/"}}]}},"_links":{"self":[{"href":"https:\/\/tourcruiser.com\/de\/wp-json\/wp\/v2\/product\/145011","targetHints":{"allow":["GET"]}}],"collection":[{"href":"https:\/\/tourcruiser.com\/de\/wp-json\/wp\/v2\/product"}],"about":[{"href":"https:\/\/tourcruiser.com\/de\/wp-json\/wp\/v2\/types\/product"}],"replies":[{"embeddable":true,"href":"https:\/\/tourcruiser.com\/de\/wp-json\/wp\/v2\/comments?post=145011"}],"wp:featuredmedia":[{"embeddable":true,"href":"https:\/\/tourcruiser.com\/de\/wp-json\/wp\/v2\/media\/145012"}],"wp:attachment":[{"href":"https:\/\/tourcruiser.com\/de\/wp-json\/wp\/v2\/media?parent=145011"}],"wp:term":[{"taxonomy":"product_brand","embeddable":true,"href":"https:\/\/tourcruiser.com\/de\/wp-json\/wp\/v2\/product_brand?post=145011"},{"taxonomy":"product_cat","embeddable":true,"href":"https:\/\/tourcruiser.com\/de\/wp-json\/wp\/v2\/product_cat?post=145011"},{"taxonomy":"product_tag","embeddable":true,"href":"https:\/\/tourcruiser.com\/de\/wp-json\/wp\/v2\/product_tag?post=145011"}],"curies":[{"name":"wp","href":"https:\/\/api.w.org\/{rel}","templated":true}]}}