{"id":144822,"date":"2026-03-02T15:42:49","date_gmt":"2026-03-02T08:42:49","guid":{"rendered":"http:\/\/tourcruiser.com\/product\/nike-dunk-low-black-pink-rise"},"modified":"2026-03-28T01:16:32","modified_gmt":"2026-03-27T18:16:32","slug":"nike-dunk-low-black-pink-rise","status":"publish","type":"product","link":"https:\/\/tourcruiser.com\/de\/products\/nike-dunk-low-black-pink-rise\/","title":{"rendered":"Nike Dunk Low &#8218;Black Pink Rise&#8216;"},"content":{"rendered":"<p>Mit dem Nike Dunk Low \u201eBlack Pink Rise\u201c IM3077-600 vereinen Sie Style und Performance. Die markante Kombination aus schwarzen Leder-Overlays und zarten pinken Akzenten sorgt f\u00fcr einen frischen, modernen Look. Hochwertige Materialien garantieren Langlebigkeit, w\u00e4hrend die flache Silhouette und der gepolsterte Schaftrand ganzt\u00e4gigen Tragekomfort und flexible Unterst\u00fctzung bieten. Dieser vielseitige Kult-Sneaker l\u00e4sst sich m\u00fchelos vom Streetwear-Klassiker zum l\u00e4ssigen Alltagsbegleiter kombinieren. Die leichte Mittelsohle bietet reaktionsfreudige D\u00e4mpfung, w\u00e4hrend die Gummiau\u00dfensohle f\u00fcr hervorragende Traktion und Strapazierf\u00e4higkeit sorgt. Ob du ihn deiner Sammlung hinzuf\u00fcgen oder ein Statement-Piece setzen m\u00f6chtest, der Nike Dunk Low \u201eBlack Pink Rise\u201c ist eine zeitlose Wahl f\u00fcr Sneaker-Fans weltweit.<\/p>\n<ul>\n<li><strong>Farbgebung:<\/strong> Pink Rise\/Schwarz\/Schwarz<\/li>\n<li><strong>Style-Code:<\/strong> IM3077-600<\/li>\n<li><strong>Obermaterial:<\/strong> Leder<\/li>\n<li><strong>Farbe:<\/strong> Schwarz<\/li>\n<li><strong>Designer:<\/strong> Peter Moore<\/li>\n<li><strong>Erscheinungsjahr:<\/strong> 2025<\/li>\n<\/ul>\n","protected":false},"excerpt":{"rendered":"<p>Nike Dunk Low \u201d\u201d Pink Rise\/Black\/Black<\/p>\n","protected":false},"featured_media":144823,"comment_status":"open","ping_status":"closed","template":"","meta":[],"product_brand":[],"product_cat":[10803],"product_tag":[10799,10800,10754,11036,10801,10802,10758],"class_list":{"0":"post-144822","1":"product","2":"type-product","3":"status-publish","4":"has-post-thumbnail","6":"product_cat-nike","7":"product_tag-ankle-support-basketball-shoes","8":"product_tag-basketball-shoes","9":"product_tag-lifestyle-casual-shoes","10":"product_tag-lifestyle-shoes-skateboarding-inspired","11":"product_tag-nike","12":"product_tag-performance-sport-shoes","13":"product_tag-under-retail","14":"wcpa_has_options","16":"first","17":"outofstock","18":"taxable","19":"shipping-taxable","20":"purchasable","21":"product-type-simple"},"wcpa_form_fields":{"rules":{"pric_overide_base_price":false,"pric_overide_base_price_if_gt_zero":false,"pric_overide_base_price_fully":false,"pric_cal_option_once":false,"pric_use_as_fee":false,"bind_quantity":false,"quantity_bind_formula":false},"fields":[{"type":"color-group","required":true,"elementId":"wcpa-color-group-66c4a75505e74","label":"Gr\u00f6\u00dfe - EU Gr\u00f6\u00dfe","inline":true,"priceOptions":"different_for_all","pricingType":"fixed","className":"hassizechart product-shoes-size-eu product-shoes-size","name":"color-group-66c4a75505e89","disp_type":"square","selection_type":"tick-border","disp_size":"44","show_label_inside":true,"adjust_width":true,"cart_display_type":"text","other_text":"Other","cl_rule":"show","col":6,"values":[{"label":"35.5","value":"EU 35.5","price":"","pimage":"","pimage_id":"","pthumb":"","color":""},{"label":"36","value":"EU 36","price":"","pimage":"","pimage_id":"","pthumb":"","color":"","selected":true},{"label":"36.5","value":"EU 36.5","price":"","pimage":"","pimage_id":"","pthumb":"","color":""},{"label":"37.5","value":"EU 37.5","price":"","pimage":"","pimage_id":"","pthumb":"","color":""},{"label":"38","value":"EU 38","price":"","pimage":"","pimage_id":"","pthumb":"","color":""},{"label":"38.5","value":"EU 38.5","price":"","pimage":"","pimage_id":"","pthumb":"","color":""},{"label":"39","value":"EU 39","price":"","pimage":"","pimage_id":"","pthumb":"","color":""},{"label":"40","value":"EU 40","price":"","pimage":"","pimage_id":"","pthumb":"","color":""},{"label":"40.5","value":"EU 40.5","price":"","pimage":"","pimage_id":"","pthumb":"","color":""},{"label":"41","value":"EU 41","price":"","pimage":"","pimage_id":"","pthumb":"","color":""},{"label":"42","value":"EU 42","price":"","pimage":"","pimage_id":"","pthumb":"","color":""},{"label":"42.5","value":"EU 42.5","price":"","pimage":"","pimage_id":"","pthumb":"","color":""},{"label":"43","value":"EU 43","price":"","pimage":"","pimage_id":"","pthumb":"","color":""},{"label":"44","value":"EU 44","price":"","pimage":"","pimage_id":"","pthumb":"","color":""},{"label":"44.5","value":"EU 44.5","price":"","pimage":"","pimage_id":"","pthumb":"","color":""},{"label":"45","value":"EU 45","price":"","pimage":"","pimage_id":"","pthumb":"","color":""},{"label":"45.5","value":"EU 45.5","price":"","pimage":"","pimage_id":"","pthumb":"","color":""},{"label":"46","value":"EU 46","price":"","pimage":"","pimage_id":"","pthumb":"","color":""},{"label":"47","value":"EU 47","price":"","pimage":"","pimage_id":"","pthumb":"","color":""},{"label":"47.5","value":"EU 47.5","price":"","pimage":"","pimage_id":"","pthumb":"","color":""},{"label":"48","value":"EU 48","price":"","pimage":"","pimage_id":"","pthumb":"","color":""}],"relations":[{"operator":false,"rules":[]}],"form_id":18106,"form_rules":{"pric_cal_option_once":false,"exclude_from_discount":false,"pric_use_as_fee":false,"fee_label":"Fee","render_after_acb":false,"disp_hide_options_price":false}}]},"yoast_head":"<!-- This site is optimized with the Yoast SEO plugin v26.5 - https:\/\/yoast.com\/wordpress\/plugins\/seo\/ -->\n<title>Nike Dunk Low &#039;Black Pink Rise&#039;  - Tourcruiser PTE. LTD<\/title>\n<meta name=\"robots\" content=\"index, follow, max-snippet:-1, max-image-preview:large, max-video-preview:-1\" \/>\n<link rel=\"canonical\" href=\"https:\/\/tourcruiser.com\/de\/products\/nike-dunk-low-black-pink-rise\/\" \/>\n<meta property=\"og:locale\" content=\"de_DE\" \/>\n<meta property=\"og:type\" content=\"article\" \/>\n<meta property=\"og:title\" content=\"Nike Dunk Low &#039;Black Pink Rise&#039;  - Tourcruiser PTE. LTD\" \/>\n<meta property=\"og:description\" content=\"Nike Dunk Low \u201d\u201d Pink Rise\/Black\/Black\" \/>\n<meta property=\"og:url\" content=\"https:\/\/tourcruiser.com\/de\/products\/nike-dunk-low-black-pink-rise\/\" \/>\n<meta property=\"og:site_name\" content=\"Tourcruiser Sneaker Store\" \/>\n<meta property=\"article:modified_time\" content=\"2026-03-27T18:16:32+00:00\" \/>\n<meta name=\"twitter:card\" content=\"summary_large_image\" \/>\n<meta name=\"twitter:image\" content=\"https:\/\/images.novelship.com\/product\/nike_dunk_low__black_pink_rise__im3077-600_0_99655.jpeg;https:\/\/images.novelship.com\/product\/nike_dunk_low__black_pink_rise__im3077-600_1_99655.jpeg;https:\/\/images.novelship.com\/product\/nike_dunk_low__black_pink_rise__im3077-600_2_99655.jpeg;https:\/\/images.novelship.com\/product\/nike_dunk_low__black_pink_rise__im3077-600_3_99655.jpeg;https:\/\/images.novelship.com\/product\/nike_dunk_low__black_pink_rise__im3077-600_4_99655.jpeg;https:\/\/images.novelship.com\/product\/nike_dunk_low__black_pink_rise__im3077-600_5_99656.jpeg\" \/>\n<meta name=\"twitter:label1\" content=\"Gesch\u00e4tzte Lesezeit\" \/>\n\t<meta name=\"twitter:data1\" content=\"1\u00a0Minute\" \/>\n<script type=\"application\/ld+json\" class=\"yoast-schema-graph\">{\"@context\":\"https:\/\/schema.org\",\"@graph\":[{\"@type\":\"WebPage\",\"@id\":\"https:\/\/tourcruiser.com\/de\/products\/nike-dunk-low-black-pink-rise\/\",\"url\":\"https:\/\/tourcruiser.com\/de\/products\/nike-dunk-low-black-pink-rise\/\",\"name\":\"Nike Dunk Low 'Black Pink Rise' - Tourcruiser PTE. LTD\",\"isPartOf\":{\"@id\":\"https:\/\/tourcruiser.com\/de\/#website\"},\"primaryImageOfPage\":{\"@id\":\"https:\/\/tourcruiser.com\/de\/products\/nike-dunk-low-black-pink-rise\/#primaryimage\"},\"image\":{\"@id\":\"https:\/\/tourcruiser.com\/de\/products\/nike-dunk-low-black-pink-rise\/#primaryimage\"},\"thumbnailUrl\":\"https:\/\/images.novelship.com\/product\/nike_dunk_low__black_pink_rise__im3077-600_0_99655.jpeg;https:\/\/images.novelship.com\/product\/nike_dunk_low__black_pink_rise__im3077-600_1_99655.jpeg;https:\/\/images.novelship.com\/product\/nike_dunk_low__black_pink_rise__im3077-600_2_99655.jpeg;https:\/\/images.novelship.com\/product\/nike_dunk_low__black_pink_rise__im3077-600_3_99655.jpeg;https:\/\/images.novelship.com\/product\/nike_dunk_low__black_pink_rise__im3077-600_4_99655.jpeg;https:\/\/images.novelship.com\/product\/nike_dunk_low__black_pink_rise__im3077-600_5_99656.jpeg\",\"datePublished\":\"2026-03-02T08:42:49+00:00\",\"dateModified\":\"2026-03-27T18:16:32+00:00\",\"breadcrumb\":{\"@id\":\"https:\/\/tourcruiser.com\/de\/products\/nike-dunk-low-black-pink-rise\/#breadcrumb\"},\"inLanguage\":\"de\",\"potentialAction\":[{\"@type\":\"ReadAction\",\"target\":[\"https:\/\/tourcruiser.com\/de\/products\/nike-dunk-low-black-pink-rise\/\"]}]},{\"@type\":\"ImageObject\",\"inLanguage\":\"de\",\"@id\":\"https:\/\/tourcruiser.com\/de\/products\/nike-dunk-low-black-pink-rise\/#primaryimage\",\"url\":\"https:\/\/images.novelship.com\/product\/nike_dunk_low__black_pink_rise__im3077-600_0_99655.jpeg;https:\/\/images.novelship.com\/product\/nike_dunk_low__black_pink_rise__im3077-600_1_99655.jpeg;https:\/\/images.novelship.com\/product\/nike_dunk_low__black_pink_rise__im3077-600_2_99655.jpeg;https:\/\/images.novelship.com\/product\/nike_dunk_low__black_pink_rise__im3077-600_3_99655.jpeg;https:\/\/images.novelship.com\/product\/nike_dunk_low__black_pink_rise__im3077-600_4_99655.jpeg;https:\/\/images.novelship.com\/product\/nike_dunk_low__black_pink_rise__im3077-600_5_99656.jpeg\",\"contentUrl\":\"https:\/\/images.novelship.com\/product\/nike_dunk_low__black_pink_rise__im3077-600_0_99655.jpeg;https:\/\/images.novelship.com\/product\/nike_dunk_low__black_pink_rise__im3077-600_1_99655.jpeg;https:\/\/images.novelship.com\/product\/nike_dunk_low__black_pink_rise__im3077-600_2_99655.jpeg;https:\/\/images.novelship.com\/product\/nike_dunk_low__black_pink_rise__im3077-600_3_99655.jpeg;https:\/\/images.novelship.com\/product\/nike_dunk_low__black_pink_rise__im3077-600_4_99655.jpeg;https:\/\/images.novelship.com\/product\/nike_dunk_low__black_pink_rise__im3077-600_5_99656.jpeg\"},{\"@type\":\"BreadcrumbList\",\"@id\":\"https:\/\/tourcruiser.com\/de\/products\/nike-dunk-low-black-pink-rise\/#breadcrumb\",\"itemListElement\":[{\"@type\":\"ListItem\",\"position\":1,\"name\":\"Home\",\"item\":\"https:\/\/tourcruiser.com\/de\/\"},{\"@type\":\"ListItem\",\"position\":2,\"name\":\"Shop\",\"item\":\"https:\/\/tourcruiser.com\/de\/shop\/\"},{\"@type\":\"ListItem\",\"position\":3,\"name\":\"Nike Dunk Low 'Black Pink Rise'\"}]},{\"@type\":\"WebSite\",\"@id\":\"https:\/\/tourcruiser.com\/de\/#website\",\"url\":\"https:\/\/tourcruiser.com\/de\/\",\"name\":\"Styloral Jewelry Shop\",\"description\":\"Tourcruiser Sneaker Store \u2014 der Ort, an dem das Universum deine Einzigartigkeit trifft.\",\"publisher\":{\"@id\":\"https:\/\/tourcruiser.com\/de\/#organization\"},\"potentialAction\":[{\"@type\":\"SearchAction\",\"target\":{\"@type\":\"EntryPoint\",\"urlTemplate\":\"https:\/\/tourcruiser.com\/de\/?s={search_term_string}\"},\"query-input\":{\"@type\":\"PropertyValueSpecification\",\"valueRequired\":true,\"valueName\":\"search_term_string\"}}],\"inLanguage\":\"de\"},{\"@type\":\"Organization\",\"@id\":\"https:\/\/tourcruiser.com\/de\/#organization\",\"name\":\"STYLORAL PTE. LTD\",\"url\":\"https:\/\/tourcruiser.com\/de\/\",\"logo\":{\"@type\":\"ImageObject\",\"inLanguage\":\"de\",\"@id\":\"https:\/\/tourcruiser.com\/de\/#\/schema\/logo\/image\/\",\"url\":\"https:\/\/www.tourcruiser.com\/wp-content\/uploads\/2025\/12\/logo.png\",\"contentUrl\":\"https:\/\/www.tourcruiser.com\/wp-content\/uploads\/2025\/12\/logo.png\",\"width\":200,\"height\":65,\"caption\":\"STYLORAL PTE. LTD\"},\"image\":{\"@id\":\"https:\/\/tourcruiser.com\/de\/#\/schema\/logo\/image\/\"}}]}<\/script>\n<!-- \/ Yoast SEO plugin. -->","yoast_head_json":{"title":"Nike Dunk Low 'Black Pink Rise'  - Tourcruiser PTE. LTD","robots":{"index":"index","follow":"follow","max-snippet":"max-snippet:-1","max-image-preview":"max-image-preview:large","max-video-preview":"max-video-preview:-1"},"canonical":"https:\/\/tourcruiser.com\/de\/products\/nike-dunk-low-black-pink-rise\/","og_locale":"de_DE","og_type":"article","og_title":"Nike Dunk Low 'Black Pink Rise'  - Tourcruiser PTE. LTD","og_description":"Nike Dunk Low \u201d\u201d Pink Rise\/Black\/Black","og_url":"https:\/\/tourcruiser.com\/de\/products\/nike-dunk-low-black-pink-rise\/","og_site_name":"Tourcruiser Sneaker Store","article_modified_time":"2026-03-27T18:16:32+00:00","twitter_card":"summary_large_image","twitter_image":"https:\/\/images.novelship.com\/product\/nike_dunk_low__black_pink_rise__im3077-600_0_99655.jpeg;https:\/\/images.novelship.com\/product\/nike_dunk_low__black_pink_rise__im3077-600_1_99655.jpeg;https:\/\/images.novelship.com\/product\/nike_dunk_low__black_pink_rise__im3077-600_2_99655.jpeg;https:\/\/images.novelship.com\/product\/nike_dunk_low__black_pink_rise__im3077-600_3_99655.jpeg;https:\/\/images.novelship.com\/product\/nike_dunk_low__black_pink_rise__im3077-600_4_99655.jpeg;https:\/\/images.novelship.com\/product\/nike_dunk_low__black_pink_rise__im3077-600_5_99656.jpeg","twitter_misc":{"Gesch\u00e4tzte Lesezeit":"1\u00a0Minute"},"schema":{"@context":"https:\/\/schema.org","@graph":[{"@type":"WebPage","@id":"https:\/\/tourcruiser.com\/de\/products\/nike-dunk-low-black-pink-rise\/","url":"https:\/\/tourcruiser.com\/de\/products\/nike-dunk-low-black-pink-rise\/","name":"Nike Dunk Low 'Black Pink Rise' - Tourcruiser PTE. LTD","isPartOf":{"@id":"https:\/\/tourcruiser.com\/de\/#website"},"primaryImageOfPage":{"@id":"https:\/\/tourcruiser.com\/de\/products\/nike-dunk-low-black-pink-rise\/#primaryimage"},"image":{"@id":"https:\/\/tourcruiser.com\/de\/products\/nike-dunk-low-black-pink-rise\/#primaryimage"},"thumbnailUrl":"https:\/\/images.novelship.com\/product\/nike_dunk_low__black_pink_rise__im3077-600_0_99655.jpeg;https:\/\/images.novelship.com\/product\/nike_dunk_low__black_pink_rise__im3077-600_1_99655.jpeg;https:\/\/images.novelship.com\/product\/nike_dunk_low__black_pink_rise__im3077-600_2_99655.jpeg;https:\/\/images.novelship.com\/product\/nike_dunk_low__black_pink_rise__im3077-600_3_99655.jpeg;https:\/\/images.novelship.com\/product\/nike_dunk_low__black_pink_rise__im3077-600_4_99655.jpeg;https:\/\/images.novelship.com\/product\/nike_dunk_low__black_pink_rise__im3077-600_5_99656.jpeg","datePublished":"2026-03-02T08:42:49+00:00","dateModified":"2026-03-27T18:16:32+00:00","breadcrumb":{"@id":"https:\/\/tourcruiser.com\/de\/products\/nike-dunk-low-black-pink-rise\/#breadcrumb"},"inLanguage":"de","potentialAction":[{"@type":"ReadAction","target":["https:\/\/tourcruiser.com\/de\/products\/nike-dunk-low-black-pink-rise\/"]}]},{"@type":"ImageObject","inLanguage":"de","@id":"https:\/\/tourcruiser.com\/de\/products\/nike-dunk-low-black-pink-rise\/#primaryimage","url":"https:\/\/images.novelship.com\/product\/nike_dunk_low__black_pink_rise__im3077-600_0_99655.jpeg;https:\/\/images.novelship.com\/product\/nike_dunk_low__black_pink_rise__im3077-600_1_99655.jpeg;https:\/\/images.novelship.com\/product\/nike_dunk_low__black_pink_rise__im3077-600_2_99655.jpeg;https:\/\/images.novelship.com\/product\/nike_dunk_low__black_pink_rise__im3077-600_3_99655.jpeg;https:\/\/images.novelship.com\/product\/nike_dunk_low__black_pink_rise__im3077-600_4_99655.jpeg;https:\/\/images.novelship.com\/product\/nike_dunk_low__black_pink_rise__im3077-600_5_99656.jpeg","contentUrl":"https:\/\/images.novelship.com\/product\/nike_dunk_low__black_pink_rise__im3077-600_0_99655.jpeg;https:\/\/images.novelship.com\/product\/nike_dunk_low__black_pink_rise__im3077-600_1_99655.jpeg;https:\/\/images.novelship.com\/product\/nike_dunk_low__black_pink_rise__im3077-600_2_99655.jpeg;https:\/\/images.novelship.com\/product\/nike_dunk_low__black_pink_rise__im3077-600_3_99655.jpeg;https:\/\/images.novelship.com\/product\/nike_dunk_low__black_pink_rise__im3077-600_4_99655.jpeg;https:\/\/images.novelship.com\/product\/nike_dunk_low__black_pink_rise__im3077-600_5_99656.jpeg"},{"@type":"BreadcrumbList","@id":"https:\/\/tourcruiser.com\/de\/products\/nike-dunk-low-black-pink-rise\/#breadcrumb","itemListElement":[{"@type":"ListItem","position":1,"name":"Home","item":"https:\/\/tourcruiser.com\/de\/"},{"@type":"ListItem","position":2,"name":"Shop","item":"https:\/\/tourcruiser.com\/de\/shop\/"},{"@type":"ListItem","position":3,"name":"Nike Dunk Low 'Black Pink Rise'"}]},{"@type":"WebSite","@id":"https:\/\/tourcruiser.com\/de\/#website","url":"https:\/\/tourcruiser.com\/de\/","name":"Styloral Jewelry Shop","description":"Tourcruiser Sneaker Store \u2014 der Ort, an dem das Universum deine Einzigartigkeit trifft.","publisher":{"@id":"https:\/\/tourcruiser.com\/de\/#organization"},"potentialAction":[{"@type":"SearchAction","target":{"@type":"EntryPoint","urlTemplate":"https:\/\/tourcruiser.com\/de\/?s={search_term_string}"},"query-input":{"@type":"PropertyValueSpecification","valueRequired":true,"valueName":"search_term_string"}}],"inLanguage":"de"},{"@type":"Organization","@id":"https:\/\/tourcruiser.com\/de\/#organization","name":"STYLORAL PTE. LTD","url":"https:\/\/tourcruiser.com\/de\/","logo":{"@type":"ImageObject","inLanguage":"de","@id":"https:\/\/tourcruiser.com\/de\/#\/schema\/logo\/image\/","url":"https:\/\/www.tourcruiser.com\/wp-content\/uploads\/2025\/12\/logo.png","contentUrl":"https:\/\/www.tourcruiser.com\/wp-content\/uploads\/2025\/12\/logo.png","width":200,"height":65,"caption":"STYLORAL PTE. LTD"},"image":{"@id":"https:\/\/tourcruiser.com\/de\/#\/schema\/logo\/image\/"}}]}},"_links":{"self":[{"href":"https:\/\/tourcruiser.com\/de\/wp-json\/wp\/v2\/product\/144822","targetHints":{"allow":["GET"]}}],"collection":[{"href":"https:\/\/tourcruiser.com\/de\/wp-json\/wp\/v2\/product"}],"about":[{"href":"https:\/\/tourcruiser.com\/de\/wp-json\/wp\/v2\/types\/product"}],"replies":[{"embeddable":true,"href":"https:\/\/tourcruiser.com\/de\/wp-json\/wp\/v2\/comments?post=144822"}],"wp:featuredmedia":[{"embeddable":true,"href":"https:\/\/tourcruiser.com\/de\/wp-json\/wp\/v2\/media\/144823"}],"wp:attachment":[{"href":"https:\/\/tourcruiser.com\/de\/wp-json\/wp\/v2\/media?parent=144822"}],"wp:term":[{"taxonomy":"product_brand","embeddable":true,"href":"https:\/\/tourcruiser.com\/de\/wp-json\/wp\/v2\/product_brand?post=144822"},{"taxonomy":"product_cat","embeddable":true,"href":"https:\/\/tourcruiser.com\/de\/wp-json\/wp\/v2\/product_cat?post=144822"},{"taxonomy":"product_tag","embeddable":true,"href":"https:\/\/tourcruiser.com\/de\/wp-json\/wp\/v2\/product_tag?post=144822"}],"curies":[{"name":"wp","href":"https:\/\/api.w.org\/{rel}","templated":true}]}}