{"id":144107,"date":"2026-03-02T15:41:43","date_gmt":"2026-03-02T08:41:43","guid":{"rendered":"http:\/\/tourcruiser.com\/product\/women-adidas-ultra-boost-50-dna-wonder-white-focus-olive"},"modified":"2026-03-28T01:15:57","modified_gmt":"2026-03-27T18:15:57","slug":"women-adidas-ultra-boost-50-dna-wonder-white-focus-olive","status":"publish","type":"product","link":"https:\/\/tourcruiser.com\/de\/products\/women-adidas-ultra-boost-50-dna-wonder-white-focus-olive\/","title":{"rendered":"(Women) adidas Ultra Boost 5.0 DNA Wonder White Focus Olive"},"content":{"rendered":"<p>Verbessere dein Laufspiel mit den adidas Ultra Boost 5.0 DNA Sneakern in Wonder White Focus Olive. Dank des dehnbaren Primeknit-Obermaterials bieten diese Sneaker adaptiven Tragekomfort. Die reaktionsfreudige Boost-Zwischensohle gibt dir bei jedem Schritt Energie zur\u00fcck und treibt dich voran. Die Continental\u00e2\u201e\u00a2-Au\u00dfensohle sorgt f\u00fcr au\u00dfergew\u00f6hnliche Traktion und sicheren Halt auf jedem Untergrund. Mit ihrem eleganten und stylischen Design sind diese Sneaker perfekt f\u00fcr sportliche H\u00f6chstleistungen und Freizeit. Erlebe den unvergleichlichen Komfort und die Performance der adidas Ultra Boost 5.0 DNA Sneaker noch heute!<\/p>\n<ul>\n<li><strong>Farbgebung:<\/strong> Wonder White\/Wonder White\/Focus Olive<\/li>\n<li><strong>Style-Code:<\/strong> GX5078<\/li>\n<li><strong>Farbe:<\/strong> Olive<\/li>\n<li><strong>Erscheinungsjahr:<\/strong> 2021<\/li>\n<\/ul>\n","protected":false},"excerpt":{"rendered":"<p>adidas Ultra Boost 5.0 DNA \u201d\u201d Wonder White\/Wonder White\/Focus Olive<\/p>\n","protected":false},"featured_media":144108,"comment_status":"open","ping_status":"closed","template":"","meta":[],"product_brand":[],"product_cat":[10941],"product_tag":[10759,10750,10847,10926,10754,10765,10768,10785,10786,10758],"class_list":{"0":"post-144107","1":"product","2":"type-product","3":"status-publish","4":"has-post-thumbnail","6":"product_cat-adidas-women","7":"product_tag-adidas","8":"product_tag-athleisure-shoes","9":"product_tag-best-finds-under-100","10":"product_tag-gift-for-her","11":"product_tag-lifestyle-casual-shoes","12":"product_tag-lifestyle-shoes-running-inspired","13":"product_tag-retro-running-shoes","14":"product_tag-trending-deals","15":"product_tag-trending-deals-under-150","16":"product_tag-under-retail","17":"wcpa_has_options","19":"first","20":"outofstock","21":"taxable","22":"shipping-taxable","23":"purchasable","24":"product-type-simple"},"wcpa_form_fields":{"rules":{"pric_overide_base_price":false,"pric_overide_base_price_if_gt_zero":false,"pric_overide_base_price_fully":false,"pric_cal_option_once":false,"pric_use_as_fee":false,"bind_quantity":false,"quantity_bind_formula":false},"fields":[{"type":"color-group","required":true,"elementId":"wcpa-color-group-66c4a7f817afe","label":"Gr\u00f6\u00dfe","inline":true,"priceOptions":"different_for_all","pricingType":"fixed","className":"hassizechart product-shoes-size-eu product-shoes-size","name":"color-group-66c4a7f817b18","disp_type":"square","selection_type":"tick-border","disp_size":"50","show_label_inside":true,"adjust_width":true,"cart_display_type":"text","other_text":"Other","cl_rule":"show","col":6,"values":[{"label":"35","value":"EU 35","price":"","pimage":"","pimage_id":"","pthumb":"","color":""},{"label":"35.5","value":"EU 35.5","price":"","pimage":"","pimage_id":"","pthumb":"","color":""},{"label":"36","value":"EU 36","price":"","pimage":"","pimage_id":"","pthumb":"","color":"","selected":true},{"label":"36 2\/3","value":"EU 36 2\/3","price":"","pimage":"","pimage_id":"","pthumb":"","color":""},{"label":"37 1\/3","value":"EU 37 1\/3","price":"","pimage":"","pimage_id":"","pthumb":"","color":""},{"label":"38","value":"EU 38","price":"","pimage":"","pimage_id":"","pthumb":"","color":""},{"label":"38 2\/3","value":"EU 38 2\/3","price":"","pimage":"","pimage_id":"","pthumb":"","color":""},{"label":"39 1\/3","value":"EU 39 1\/3","price":"","pimage":"","pimage_id":"","pthumb":"","color":""},{"label":"40","value":"EU 40","price":"","pimage":"","pimage_id":"","pthumb":"","color":""},{"label":"40 2\/3","value":"EU 40 2\/3","price":"","pimage":"","pimage_id":"","pthumb":"","color":""},{"label":"41 1\/3","value":"EU 41 1\/3","price":"","pimage":"","pimage_id":"","pthumb":"","color":""},{"label":"42","value":"EU 42","price":"","pimage":"","pimage_id":"","pthumb":"","color":""},{"label":"42 2\/3","value":"EU 42 2\/3","price":"","pimage":"","pimage_id":"","pthumb":"","color":""},{"label":"43 1\/3","value":"EU 43 1\/3","price":"","pimage":"","pimage_id":"","pthumb":"","color":""},{"label":"44","value":"EU 44","price":"","pimage":"","pimage_id":"","pthumb":"","color":""},{"label":"44 2\/3","value":"EU 44 2\/3","price":"","pimage":"","pimage_id":"","pthumb":"","color":""},{"label":"45 1\/3","value":"EU 45 1\/3","price":"","pimage":"","pimage_id":"","pthumb":"","color":""},{"label":"46","value":"EU 46","price":"","pimage":"","pimage_id":"","pthumb":"","color":""},{"label":"46 2\/3","value":"EU 46 2\/3","price":"","pimage":"","pimage_id":"","pthumb":"","color":""},{"label":"47 1\/3","value":"EU 47 1\/3","price":"","pimage":"","pimage_id":"","pthumb":"","color":""}],"relations":[{"operator":false,"rules":[]}],"form_id":24802,"form_rules":{"pric_cal_option_once":false,"exclude_from_discount":false,"pric_use_as_fee":false,"fee_label":"Fee","render_after_acb":false,"disp_hide_options_price":false}}]},"yoast_head":"<!-- This site is optimized with the Yoast SEO plugin v26.5 - https:\/\/yoast.com\/wordpress\/plugins\/seo\/ -->\n<title>(Women) adidas Ultra Boost 5.0 DNA Wonder White Focus Olive  - Tourcruiser PTE. LTD<\/title>\n<meta name=\"robots\" content=\"index, follow, max-snippet:-1, max-image-preview:large, max-video-preview:-1\" \/>\n<link rel=\"canonical\" href=\"https:\/\/tourcruiser.com\/\" \/>\n<meta property=\"og:locale\" content=\"de_DE\" \/>\n<meta property=\"og:type\" content=\"article\" \/>\n<meta property=\"og:title\" content=\"(Women) adidas Ultra Boost 5.0 DNA Wonder White Focus Olive  - Tourcruiser PTE. LTD\" \/>\n<meta property=\"og:description\" content=\"adidas Ultra Boost 5.0 DNA \u201d\u201d Wonder White\/Wonder White\/Focus Olive\" \/>\n<meta property=\"og:url\" content=\"\/\" \/>\n<meta property=\"og:site_name\" content=\"Tourcruiser Sneaker Store\" \/>\n<meta property=\"article:modified_time\" content=\"2026-03-27T18:15:57+00:00\" \/>\n<meta name=\"twitter:card\" content=\"summary_large_image\" \/>\n<meta name=\"twitter:image\" content=\"https:\/\/images.novelship.com\/product\/_women__adidas_ultra_boost_5_0_dna_wonder_white_fo_0_92917.jpeg;https:\/\/images.novelship.com\/product\/_women__adidas_ultra_boost_5_0_dna_wonder_white_fo_1_92917.jpeg;https:\/\/images.novelship.com\/product\/_women__adidas_ultra_boost_5_0_dna_wonder_white_fo_2_92917.png;https:\/\/images.novelship.com\/product\/_women__adidas_ultra_boost_5_0_dna_wonder_white_fo_3_92917.png;https:\/\/images.novelship.com\/product\/_women__adidas_ultra_boost_5_0_dna_wonder_white_fo_4_92917.jpeg;https:\/\/images.novelship.com\/product\/_women__adidas_ultra_boost_5_0_dna_wonder_white_fo_5_92917.jpeg\" \/>\n<meta name=\"twitter:label1\" content=\"Gesch\u00e4tzte Lesezeit\" \/>\n\t<meta name=\"twitter:data1\" content=\"1\u00a0Minute\" \/>\n<script type=\"application\/ld+json\" class=\"yoast-schema-graph\">{\"@context\":\"https:\/\/schema.org\",\"@graph\":[{\"@type\":\"WebPage\",\"@id\":\"\/\",\"url\":\"https:\/\/tourcruiser.com\/\",\"name\":\"(Women) adidas Ultra Boost 5.0 DNA Wonder White Focus Olive - Tourcruiser PTE. LTD\",\"isPartOf\":{\"@id\":\"https:\/\/tourcruiser.com\/de\/#website\"},\"primaryImageOfPage\":{\"@id\":\"https:\/\/tourcruiser.com\/#primaryimage\"},\"image\":{\"@id\":\"https:\/\/tourcruiser.com\/#primaryimage\"},\"thumbnailUrl\":\"https:\/\/images.novelship.com\/product\/_women__adidas_ultra_boost_5_0_dna_wonder_white_fo_0_92917.jpeg;https:\/\/images.novelship.com\/product\/_women__adidas_ultra_boost_5_0_dna_wonder_white_fo_1_92917.jpeg;https:\/\/images.novelship.com\/product\/_women__adidas_ultra_boost_5_0_dna_wonder_white_fo_2_92917.png;https:\/\/images.novelship.com\/product\/_women__adidas_ultra_boost_5_0_dna_wonder_white_fo_3_92917.png;https:\/\/images.novelship.com\/product\/_women__adidas_ultra_boost_5_0_dna_wonder_white_fo_4_92917.jpeg;https:\/\/images.novelship.com\/product\/_women__adidas_ultra_boost_5_0_dna_wonder_white_fo_5_92917.jpeg\",\"datePublished\":\"2026-03-02T08:41:43+00:00\",\"dateModified\":\"2026-03-27T18:15:57+00:00\",\"breadcrumb\":{\"@id\":\"https:\/\/tourcruiser.com\/#breadcrumb\"},\"inLanguage\":\"de\",\"potentialAction\":[{\"@type\":\"ReadAction\",\"target\":[\"https:\/\/tourcruiser.com\/\"]}]},{\"@type\":\"ImageObject\",\"inLanguage\":\"de\",\"@id\":\"https:\/\/tourcruiser.com\/#primaryimage\",\"url\":\"https:\/\/images.novelship.com\/product\/_women__adidas_ultra_boost_5_0_dna_wonder_white_fo_0_92917.jpeg;https:\/\/images.novelship.com\/product\/_women__adidas_ultra_boost_5_0_dna_wonder_white_fo_1_92917.jpeg;https:\/\/images.novelship.com\/product\/_women__adidas_ultra_boost_5_0_dna_wonder_white_fo_2_92917.png;https:\/\/images.novelship.com\/product\/_women__adidas_ultra_boost_5_0_dna_wonder_white_fo_3_92917.png;https:\/\/images.novelship.com\/product\/_women__adidas_ultra_boost_5_0_dna_wonder_white_fo_4_92917.jpeg;https:\/\/images.novelship.com\/product\/_women__adidas_ultra_boost_5_0_dna_wonder_white_fo_5_92917.jpeg\",\"contentUrl\":\"https:\/\/images.novelship.com\/product\/_women__adidas_ultra_boost_5_0_dna_wonder_white_fo_0_92917.jpeg;https:\/\/images.novelship.com\/product\/_women__adidas_ultra_boost_5_0_dna_wonder_white_fo_1_92917.jpeg;https:\/\/images.novelship.com\/product\/_women__adidas_ultra_boost_5_0_dna_wonder_white_fo_2_92917.png;https:\/\/images.novelship.com\/product\/_women__adidas_ultra_boost_5_0_dna_wonder_white_fo_3_92917.png;https:\/\/images.novelship.com\/product\/_women__adidas_ultra_boost_5_0_dna_wonder_white_fo_4_92917.jpeg;https:\/\/images.novelship.com\/product\/_women__adidas_ultra_boost_5_0_dna_wonder_white_fo_5_92917.jpeg\"},{\"@type\":\"BreadcrumbList\",\"@id\":\"https:\/\/tourcruiser.com\/#breadcrumb\",\"itemListElement\":[{\"@type\":\"ListItem\",\"position\":1,\"name\":\"Home\",\"item\":\"https:\/\/tourcruiser.com\/de\/\"},{\"@type\":\"ListItem\",\"position\":2,\"name\":\"Shop\",\"item\":\"https:\/\/tourcruiser.com\/de\/shop\/\"},{\"@type\":\"ListItem\",\"position\":3,\"name\":\"(Women) adidas Ultra Boost 5.0 DNA Wonder White Focus Olive\"}]},{\"@type\":\"WebSite\",\"@id\":\"https:\/\/tourcruiser.com\/de\/#website\",\"url\":\"https:\/\/tourcruiser.com\/de\/\",\"name\":\"Styloral Jewelry Shop\",\"description\":\"Tourcruiser Sneaker Store \u2014 der Ort, an dem das Universum deine Einzigartigkeit trifft.\",\"publisher\":{\"@id\":\"https:\/\/tourcruiser.com\/de\/#organization\"},\"potentialAction\":[{\"@type\":\"SearchAction\",\"target\":{\"@type\":\"EntryPoint\",\"urlTemplate\":\"https:\/\/tourcruiser.com\/de\/?s={search_term_string}\"},\"query-input\":{\"@type\":\"PropertyValueSpecification\",\"valueRequired\":true,\"valueName\":\"search_term_string\"}}],\"inLanguage\":\"de\"},{\"@type\":\"Organization\",\"@id\":\"https:\/\/tourcruiser.com\/de\/#organization\",\"name\":\"STYLORAL PTE. LTD\",\"url\":\"https:\/\/tourcruiser.com\/de\/\",\"logo\":{\"@type\":\"ImageObject\",\"inLanguage\":\"de\",\"@id\":\"https:\/\/tourcruiser.com\/de\/#\/schema\/logo\/image\/\",\"url\":\"https:\/\/www.tourcruiser.com\/wp-content\/uploads\/2025\/12\/logo.png\",\"contentUrl\":\"https:\/\/www.tourcruiser.com\/wp-content\/uploads\/2025\/12\/logo.png\",\"width\":200,\"height\":65,\"caption\":\"STYLORAL PTE. LTD\"},\"image\":{\"@id\":\"https:\/\/tourcruiser.com\/de\/#\/schema\/logo\/image\/\"}}]}<\/script>\n<!-- \/ Yoast SEO plugin. -->","yoast_head_json":{"title":"(Women) adidas Ultra Boost 5.0 DNA Wonder White Focus Olive  - Tourcruiser PTE. LTD","robots":{"index":"index","follow":"follow","max-snippet":"max-snippet:-1","max-image-preview":"max-image-preview:large","max-video-preview":"max-video-preview:-1"},"canonical":"https:\/\/tourcruiser.com\/","og_locale":"de_DE","og_type":"article","og_title":"(Women) adidas Ultra Boost 5.0 DNA Wonder White Focus Olive  - Tourcruiser PTE. LTD","og_description":"adidas Ultra Boost 5.0 DNA \u201d\u201d Wonder White\/Wonder White\/Focus Olive","og_url":"\/","og_site_name":"Tourcruiser Sneaker Store","article_modified_time":"2026-03-27T18:15:57+00:00","twitter_card":"summary_large_image","twitter_image":"https:\/\/images.novelship.com\/product\/_women__adidas_ultra_boost_5_0_dna_wonder_white_fo_0_92917.jpeg;https:\/\/images.novelship.com\/product\/_women__adidas_ultra_boost_5_0_dna_wonder_white_fo_1_92917.jpeg;https:\/\/images.novelship.com\/product\/_women__adidas_ultra_boost_5_0_dna_wonder_white_fo_2_92917.png;https:\/\/images.novelship.com\/product\/_women__adidas_ultra_boost_5_0_dna_wonder_white_fo_3_92917.png;https:\/\/images.novelship.com\/product\/_women__adidas_ultra_boost_5_0_dna_wonder_white_fo_4_92917.jpeg;https:\/\/images.novelship.com\/product\/_women__adidas_ultra_boost_5_0_dna_wonder_white_fo_5_92917.jpeg","twitter_misc":{"Gesch\u00e4tzte Lesezeit":"1\u00a0Minute"},"schema":{"@context":"https:\/\/schema.org","@graph":[{"@type":"WebPage","@id":"\/","url":"https:\/\/tourcruiser.com\/","name":"(Women) adidas Ultra Boost 5.0 DNA Wonder White Focus Olive - Tourcruiser PTE. LTD","isPartOf":{"@id":"https:\/\/tourcruiser.com\/de\/#website"},"primaryImageOfPage":{"@id":"https:\/\/tourcruiser.com\/#primaryimage"},"image":{"@id":"https:\/\/tourcruiser.com\/#primaryimage"},"thumbnailUrl":"https:\/\/images.novelship.com\/product\/_women__adidas_ultra_boost_5_0_dna_wonder_white_fo_0_92917.jpeg;https:\/\/images.novelship.com\/product\/_women__adidas_ultra_boost_5_0_dna_wonder_white_fo_1_92917.jpeg;https:\/\/images.novelship.com\/product\/_women__adidas_ultra_boost_5_0_dna_wonder_white_fo_2_92917.png;https:\/\/images.novelship.com\/product\/_women__adidas_ultra_boost_5_0_dna_wonder_white_fo_3_92917.png;https:\/\/images.novelship.com\/product\/_women__adidas_ultra_boost_5_0_dna_wonder_white_fo_4_92917.jpeg;https:\/\/images.novelship.com\/product\/_women__adidas_ultra_boost_5_0_dna_wonder_white_fo_5_92917.jpeg","datePublished":"2026-03-02T08:41:43+00:00","dateModified":"2026-03-27T18:15:57+00:00","breadcrumb":{"@id":"https:\/\/tourcruiser.com\/#breadcrumb"},"inLanguage":"de","potentialAction":[{"@type":"ReadAction","target":["https:\/\/tourcruiser.com\/"]}]},{"@type":"ImageObject","inLanguage":"de","@id":"https:\/\/tourcruiser.com\/#primaryimage","url":"https:\/\/images.novelship.com\/product\/_women__adidas_ultra_boost_5_0_dna_wonder_white_fo_0_92917.jpeg;https:\/\/images.novelship.com\/product\/_women__adidas_ultra_boost_5_0_dna_wonder_white_fo_1_92917.jpeg;https:\/\/images.novelship.com\/product\/_women__adidas_ultra_boost_5_0_dna_wonder_white_fo_2_92917.png;https:\/\/images.novelship.com\/product\/_women__adidas_ultra_boost_5_0_dna_wonder_white_fo_3_92917.png;https:\/\/images.novelship.com\/product\/_women__adidas_ultra_boost_5_0_dna_wonder_white_fo_4_92917.jpeg;https:\/\/images.novelship.com\/product\/_women__adidas_ultra_boost_5_0_dna_wonder_white_fo_5_92917.jpeg","contentUrl":"https:\/\/images.novelship.com\/product\/_women__adidas_ultra_boost_5_0_dna_wonder_white_fo_0_92917.jpeg;https:\/\/images.novelship.com\/product\/_women__adidas_ultra_boost_5_0_dna_wonder_white_fo_1_92917.jpeg;https:\/\/images.novelship.com\/product\/_women__adidas_ultra_boost_5_0_dna_wonder_white_fo_2_92917.png;https:\/\/images.novelship.com\/product\/_women__adidas_ultra_boost_5_0_dna_wonder_white_fo_3_92917.png;https:\/\/images.novelship.com\/product\/_women__adidas_ultra_boost_5_0_dna_wonder_white_fo_4_92917.jpeg;https:\/\/images.novelship.com\/product\/_women__adidas_ultra_boost_5_0_dna_wonder_white_fo_5_92917.jpeg"},{"@type":"BreadcrumbList","@id":"https:\/\/tourcruiser.com\/#breadcrumb","itemListElement":[{"@type":"ListItem","position":1,"name":"Home","item":"https:\/\/tourcruiser.com\/de\/"},{"@type":"ListItem","position":2,"name":"Shop","item":"https:\/\/tourcruiser.com\/de\/shop\/"},{"@type":"ListItem","position":3,"name":"(Women) adidas Ultra Boost 5.0 DNA Wonder White Focus Olive"}]},{"@type":"WebSite","@id":"https:\/\/tourcruiser.com\/de\/#website","url":"https:\/\/tourcruiser.com\/de\/","name":"Styloral Jewelry Shop","description":"Tourcruiser Sneaker Store \u2014 der Ort, an dem das Universum deine Einzigartigkeit trifft.","publisher":{"@id":"https:\/\/tourcruiser.com\/de\/#organization"},"potentialAction":[{"@type":"SearchAction","target":{"@type":"EntryPoint","urlTemplate":"https:\/\/tourcruiser.com\/de\/?s={search_term_string}"},"query-input":{"@type":"PropertyValueSpecification","valueRequired":true,"valueName":"search_term_string"}}],"inLanguage":"de"},{"@type":"Organization","@id":"https:\/\/tourcruiser.com\/de\/#organization","name":"STYLORAL PTE. LTD","url":"https:\/\/tourcruiser.com\/de\/","logo":{"@type":"ImageObject","inLanguage":"de","@id":"https:\/\/tourcruiser.com\/de\/#\/schema\/logo\/image\/","url":"https:\/\/www.tourcruiser.com\/wp-content\/uploads\/2025\/12\/logo.png","contentUrl":"https:\/\/www.tourcruiser.com\/wp-content\/uploads\/2025\/12\/logo.png","width":200,"height":65,"caption":"STYLORAL PTE. LTD"},"image":{"@id":"https:\/\/tourcruiser.com\/de\/#\/schema\/logo\/image\/"}}]}},"_links":{"self":[{"href":"https:\/\/tourcruiser.com\/de\/wp-json\/wp\/v2\/product\/144107","targetHints":{"allow":["GET"]}}],"collection":[{"href":"https:\/\/tourcruiser.com\/de\/wp-json\/wp\/v2\/product"}],"about":[{"href":"https:\/\/tourcruiser.com\/de\/wp-json\/wp\/v2\/types\/product"}],"replies":[{"embeddable":true,"href":"https:\/\/tourcruiser.com\/de\/wp-json\/wp\/v2\/comments?post=144107"}],"wp:featuredmedia":[{"embeddable":true,"href":"https:\/\/tourcruiser.com\/de\/wp-json\/wp\/v2\/media\/144108"}],"wp:attachment":[{"href":"https:\/\/tourcruiser.com\/de\/wp-json\/wp\/v2\/media?parent=144107"}],"wp:term":[{"taxonomy":"product_brand","embeddable":true,"href":"https:\/\/tourcruiser.com\/de\/wp-json\/wp\/v2\/product_brand?post=144107"},{"taxonomy":"product_cat","embeddable":true,"href":"https:\/\/tourcruiser.com\/de\/wp-json\/wp\/v2\/product_cat?post=144107"},{"taxonomy":"product_tag","embeddable":true,"href":"https:\/\/tourcruiser.com\/de\/wp-json\/wp\/v2\/product_tag?post=144107"}],"curies":[{"name":"wp","href":"https:\/\/api.w.org\/{rel}","templated":true}]}}