{"id":144028,"date":"2026-03-02T15:41:35","date_gmt":"2026-03-02T08:41:35","guid":{"rendered":"http:\/\/tourcruiser.com\/product\/issey-miyake-x-asics-hyper-taping-black"},"modified":"2026-03-28T01:15:55","modified_gmt":"2026-03-27T18:15:55","slug":"issey-miyake-x-asics-hyper-taping-black","status":"publish","type":"product","link":"https:\/\/tourcruiser.com\/de\/products\/issey-miyake-x-asics-hyper-taping-black\/","title":{"rendered":"Issey Miyake x ASICS Hyper Taping &#8218;Black&#8216;"},"content":{"rendered":"<p>Der Issey Miyake x ASICS Hyper Taping \u201eBlack\u201c 1203A819-001 vereint modernstes Design und innovative Sporttechnologie und besticht durch elegante \u00c4sthetik und \u00fcberragende Performance. In Zusammenarbeit mit dem japanischen Sportartikelhersteller Issey Miyake und ASICS entworfen, zeichnet sich dieser Sneaker durch seine markante, futuristische Silhouette mit Hyper-Tape-Akzenten aus, die f\u00fcr zus\u00e4tzlichen Halt und optimale Bewegungsfreiheit sorgen. Das hochwertige schwarze Obermaterial ist sorgf\u00e4ltig verarbeitet und vereint Langlebigkeit mit Style. Dadurch ist der Schuh vielseitig einsetzbar \u201d\u201c sowohl f\u00fcr einen aktiven Lebensstil als auch f\u00fcr moderne Fashion-Statements. Dank fortschrittlicher D\u00e4mpfungstechnologie bietet er optimalen Tragekomfort f\u00fcr Alltag und intensive Aktivit\u00e4ten. Das leichte Design in Kombination mit der robusten Traktion garantiert einen geschmeidigen und stabilen Lauf, egal ob in der Stadt oder im Fitnessstudio. Stilvoll und funktional vereint dieser Sneaker avantgardistische Mode mit sportlicher Exzellenz und spricht Trendsetter und Fitnessbegeisterte gleicherma\u00dfen an. Der Issey Miyake x ASICS Hyper Taping \u201eBlack\u201c besticht durch hochwertige Verarbeitung und Liebe zum Detail und ist ein Must-have f\u00fcr alle, die eine harmonische Verbindung von hoher Performance und markantem Design suchen. Diese exklusive Kollaboration spiegelt die Entwicklung moderner Schuhe wider und vereint Funktionalit\u00e4t und Eleganz, um jede Garderobe weltweit aufzuwerten.<\/p>\n<ul>\n<li><strong>Farbgebung:<\/strong> Schwarz\/Schwarz<\/li>\n<li><strong>Style-Code:<\/strong> 1203A819-001<\/li>\n<li><strong>Obermaterial:<\/strong> Mesh<\/li>\n<li><strong>Farbe:<\/strong> Schwarz<\/li>\n<li><strong>Saison:<\/strong> Winter<\/li>\n<li><strong>Erscheinungsjahr:<\/strong> 2026<\/li>\n<\/ul>\n","protected":false},"excerpt":{"rendered":"<p>ASICS Hyper Taping \u201d\u201d Black\/Black<\/p>\n","protected":false},"featured_media":144029,"comment_status":"open","ping_status":"closed","template":"","meta":[],"product_brand":[],"product_cat":[10792],"product_tag":[10791,10750,10754,10765,10768],"class_list":{"0":"post-144028","1":"product","2":"type-product","3":"status-publish","4":"has-post-thumbnail","6":"product_cat-asics","7":"product_tag-asics","8":"product_tag-athleisure-shoes","9":"product_tag-lifestyle-casual-shoes","10":"product_tag-lifestyle-shoes-running-inspired","11":"product_tag-retro-running-shoes","12":"wcpa_has_options","14":"first","15":"outofstock","16":"taxable","17":"shipping-taxable","18":"purchasable","19":"product-type-simple"},"wcpa_form_fields":{"rules":{"pric_overide_base_price":false,"pric_overide_base_price_if_gt_zero":false,"pric_overide_base_price_fully":false,"pric_cal_option_once":false,"pric_use_as_fee":false,"bind_quantity":false,"quantity_bind_formula":false},"fields":[{"type":"color-group","required":true,"elementId":"wcpa-color-group-69a5ab08ee12d","label":"Gr\u00f6\u00dfe","inline":true,"priceOptions":"different_for_all","pricingType":"fixed","className":"hassizechart product-shoes-size-eu product-shoes-size","name":"color-group-69a5ab08ee136","disp_type":"square","selection_type":"tick-border","disp_size":"50","show_label_inside":true,"adjust_width":true,"cart_display_type":"text","other_text":"Other","cl_rule":"show","col":6,"values":[{"label":"36","value":"EU 36","price":"","pimage":"","pimage_id":"","pthumb":"","color":"","selected":true},{"label":"37","value":"EU 37","price":"","pimage":"","pimage_id":"","pthumb":"","color":""},{"label":"37.5","value":"EU 37.5","price":"","pimage":"","pimage_id":"","pthumb":"","color":""},{"label":"38","value":"EU 38","price":"","pimage":"","pimage_id":"","pthumb":"","color":""},{"label":"38.5","value":"EU 38.5","price":"","pimage":"","pimage_id":"","pthumb":"","color":""},{"label":"39","value":"EU 39","price":"","pimage":"","pimage_id":"","pthumb":"","color":""},{"label":"39.5","value":"EU 39.5","price":"","pimage":"","pimage_id":"","pthumb":"","color":""},{"label":"40","value":"EU 40","price":"","pimage":"","pimage_id":"","pthumb":"","color":""},{"label":"40.5","value":"EU 40.5","price":"","pimage":"","pimage_id":"","pthumb":"","color":""},{"label":" 41.5","value":"EU 41.5","price":"","pimage":"","pimage_id":"","pthumb":"","color":""},{"label":"42","value":"EU 42","price":"","pimage":"","pimage_id":"","pthumb":"","color":""},{"label":"42.5","value":"EU 42.5","price":"","pimage":"","pimage_id":"","pthumb":"","color":""},{"label":"43.5","value":"EU 43.5","price":"","pimage":"","pimage_id":"","pthumb":"","color":""},{"label":"44","value":"EU 44","price":"","pimage":"","pimage_id":"","pthumb":"","color":""},{"label":"44.5","value":"EU 44.5","price":"","pimage":"","pimage_id":"","pthumb":"","color":""},{"label":"45","value":"EU 45","price":"","pimage":"","pimage_id":"","pthumb":"","color":""}],"relations":[{"operator":false,"rules":[]}],"form_id":184311,"form_rules":{"pric_cal_option_once":false,"exclude_from_discount":false,"pric_use_as_fee":false,"fee_label":"Fee","render_after_acb":false,"disp_hide_options_price":false}}]},"yoast_head":"<!-- This site is optimized with the Yoast SEO plugin v26.5 - https:\/\/yoast.com\/wordpress\/plugins\/seo\/ -->\n<title>Issey Miyake x ASICS Hyper Taping &#039;Black&#039;  - Tourcruiser PTE. LTD<\/title>\n<meta name=\"robots\" content=\"index, follow, max-snippet:-1, max-image-preview:large, max-video-preview:-1\" \/>\n<link rel=\"canonical\" href=\"https:\/\/tourcruiser.com\/de\/products\/issey-miyake-x-asics-hyper-taping-black\/\" \/>\n<meta property=\"og:locale\" content=\"de_DE\" \/>\n<meta property=\"og:type\" content=\"article\" \/>\n<meta property=\"og:title\" content=\"Issey Miyake x ASICS Hyper Taping &#039;Black&#039;  - Tourcruiser PTE. LTD\" \/>\n<meta property=\"og:description\" content=\"ASICS Hyper Taping \u201d\u201d Black\/Black\" \/>\n<meta property=\"og:url\" content=\"https:\/\/tourcruiser.com\/de\/products\/issey-miyake-x-asics-hyper-taping-black\/\" \/>\n<meta property=\"og:site_name\" content=\"Tourcruiser Sneaker Store\" \/>\n<meta property=\"article:modified_time\" content=\"2026-03-27T18:15:55+00:00\" \/>\n<meta name=\"twitter:card\" content=\"summary_large_image\" \/>\n<meta name=\"twitter:image\" content=\"https:\/\/images.novelship.com\/product\/issey_miyake_x_asics_hyper_taping__black__1203a819_0_46857.jpeg;https:\/\/images.novelship.com\/product\/issey_miyake_x_asics_hyper_taping__black__1203a819_1_46858.jpeg;https:\/\/images.novelship.com\/product\/issey_miyake_x_asics_hyper_taping__black__1203a819_2_46858.jpeg;https:\/\/images.novelship.com\/product\/issey_miyake_x_asics_hyper_taping__black__1203a819_3_46858.jpeg;https:\/\/images.novelship.com\/product\/issey_miyake_x_asics_hyper_taping__black__1203a819_4_46858.jpeg;https:\/\/images.novelship.com\/product\/issey_miyake_x_asics_hyper_taping__black__1203a819_5_46858.jpeg;https:\/\/images.novelship.com\/product\/issey_miyake_x_asics_hyper_taping__black__1203a819_6_46858.jpeg\" \/>\n<meta name=\"twitter:label1\" content=\"Gesch\u00e4tzte Lesezeit\" \/>\n\t<meta name=\"twitter:data1\" content=\"1\u00a0Minute\" \/>\n<script type=\"application\/ld+json\" class=\"yoast-schema-graph\">{\"@context\":\"https:\/\/schema.org\",\"@graph\":[{\"@type\":\"WebPage\",\"@id\":\"https:\/\/tourcruiser.com\/de\/products\/issey-miyake-x-asics-hyper-taping-black\/\",\"url\":\"https:\/\/tourcruiser.com\/de\/products\/issey-miyake-x-asics-hyper-taping-black\/\",\"name\":\"Issey Miyake x ASICS Hyper Taping 'Black' - Tourcruiser PTE. LTD\",\"isPartOf\":{\"@id\":\"https:\/\/tourcruiser.com\/de\/#website\"},\"primaryImageOfPage\":{\"@id\":\"https:\/\/tourcruiser.com\/de\/products\/issey-miyake-x-asics-hyper-taping-black\/#primaryimage\"},\"image\":{\"@id\":\"https:\/\/tourcruiser.com\/de\/products\/issey-miyake-x-asics-hyper-taping-black\/#primaryimage\"},\"thumbnailUrl\":\"https:\/\/images.novelship.com\/product\/issey_miyake_x_asics_hyper_taping__black__1203a819_0_46857.jpeg;https:\/\/images.novelship.com\/product\/issey_miyake_x_asics_hyper_taping__black__1203a819_1_46858.jpeg;https:\/\/images.novelship.com\/product\/issey_miyake_x_asics_hyper_taping__black__1203a819_2_46858.jpeg;https:\/\/images.novelship.com\/product\/issey_miyake_x_asics_hyper_taping__black__1203a819_3_46858.jpeg;https:\/\/images.novelship.com\/product\/issey_miyake_x_asics_hyper_taping__black__1203a819_4_46858.jpeg;https:\/\/images.novelship.com\/product\/issey_miyake_x_asics_hyper_taping__black__1203a819_5_46858.jpeg;https:\/\/images.novelship.com\/product\/issey_miyake_x_asics_hyper_taping__black__1203a819_6_46858.jpeg\",\"datePublished\":\"2026-03-02T08:41:35+00:00\",\"dateModified\":\"2026-03-27T18:15:55+00:00\",\"breadcrumb\":{\"@id\":\"https:\/\/tourcruiser.com\/de\/products\/issey-miyake-x-asics-hyper-taping-black\/#breadcrumb\"},\"inLanguage\":\"de\",\"potentialAction\":[{\"@type\":\"ReadAction\",\"target\":[\"https:\/\/tourcruiser.com\/de\/products\/issey-miyake-x-asics-hyper-taping-black\/\"]}]},{\"@type\":\"ImageObject\",\"inLanguage\":\"de\",\"@id\":\"https:\/\/tourcruiser.com\/de\/products\/issey-miyake-x-asics-hyper-taping-black\/#primaryimage\",\"url\":\"https:\/\/images.novelship.com\/product\/issey_miyake_x_asics_hyper_taping__black__1203a819_0_46857.jpeg;https:\/\/images.novelship.com\/product\/issey_miyake_x_asics_hyper_taping__black__1203a819_1_46858.jpeg;https:\/\/images.novelship.com\/product\/issey_miyake_x_asics_hyper_taping__black__1203a819_2_46858.jpeg;https:\/\/images.novelship.com\/product\/issey_miyake_x_asics_hyper_taping__black__1203a819_3_46858.jpeg;https:\/\/images.novelship.com\/product\/issey_miyake_x_asics_hyper_taping__black__1203a819_4_46858.jpeg;https:\/\/images.novelship.com\/product\/issey_miyake_x_asics_hyper_taping__black__1203a819_5_46858.jpeg;https:\/\/images.novelship.com\/product\/issey_miyake_x_asics_hyper_taping__black__1203a819_6_46858.jpeg\",\"contentUrl\":\"https:\/\/images.novelship.com\/product\/issey_miyake_x_asics_hyper_taping__black__1203a819_0_46857.jpeg;https:\/\/images.novelship.com\/product\/issey_miyake_x_asics_hyper_taping__black__1203a819_1_46858.jpeg;https:\/\/images.novelship.com\/product\/issey_miyake_x_asics_hyper_taping__black__1203a819_2_46858.jpeg;https:\/\/images.novelship.com\/product\/issey_miyake_x_asics_hyper_taping__black__1203a819_3_46858.jpeg;https:\/\/images.novelship.com\/product\/issey_miyake_x_asics_hyper_taping__black__1203a819_4_46858.jpeg;https:\/\/images.novelship.com\/product\/issey_miyake_x_asics_hyper_taping__black__1203a819_5_46858.jpeg;https:\/\/images.novelship.com\/product\/issey_miyake_x_asics_hyper_taping__black__1203a819_6_46858.jpeg\"},{\"@type\":\"BreadcrumbList\",\"@id\":\"https:\/\/tourcruiser.com\/de\/products\/issey-miyake-x-asics-hyper-taping-black\/#breadcrumb\",\"itemListElement\":[{\"@type\":\"ListItem\",\"position\":1,\"name\":\"Home\",\"item\":\"https:\/\/tourcruiser.com\/de\/\"},{\"@type\":\"ListItem\",\"position\":2,\"name\":\"Shop\",\"item\":\"https:\/\/tourcruiser.com\/de\/shop\/\"},{\"@type\":\"ListItem\",\"position\":3,\"name\":\"Issey Miyake x ASICS Hyper Taping 'Black'\"}]},{\"@type\":\"WebSite\",\"@id\":\"https:\/\/tourcruiser.com\/de\/#website\",\"url\":\"https:\/\/tourcruiser.com\/de\/\",\"name\":\"Styloral Jewelry Shop\",\"description\":\"Tourcruiser Sneaker Store \u2014 der Ort, an dem das Universum deine Einzigartigkeit trifft.\",\"publisher\":{\"@id\":\"https:\/\/tourcruiser.com\/de\/#organization\"},\"potentialAction\":[{\"@type\":\"SearchAction\",\"target\":{\"@type\":\"EntryPoint\",\"urlTemplate\":\"https:\/\/tourcruiser.com\/de\/?s={search_term_string}\"},\"query-input\":{\"@type\":\"PropertyValueSpecification\",\"valueRequired\":true,\"valueName\":\"search_term_string\"}}],\"inLanguage\":\"de\"},{\"@type\":\"Organization\",\"@id\":\"https:\/\/tourcruiser.com\/de\/#organization\",\"name\":\"STYLORAL PTE. LTD\",\"url\":\"https:\/\/tourcruiser.com\/de\/\",\"logo\":{\"@type\":\"ImageObject\",\"inLanguage\":\"de\",\"@id\":\"https:\/\/tourcruiser.com\/de\/#\/schema\/logo\/image\/\",\"url\":\"https:\/\/www.tourcruiser.com\/wp-content\/uploads\/2025\/12\/logo.png\",\"contentUrl\":\"https:\/\/www.tourcruiser.com\/wp-content\/uploads\/2025\/12\/logo.png\",\"width\":200,\"height\":65,\"caption\":\"STYLORAL PTE. LTD\"},\"image\":{\"@id\":\"https:\/\/tourcruiser.com\/de\/#\/schema\/logo\/image\/\"}}]}<\/script>\n<!-- \/ Yoast SEO plugin. -->","yoast_head_json":{"title":"Issey Miyake x ASICS Hyper Taping 'Black'  - Tourcruiser PTE. LTD","robots":{"index":"index","follow":"follow","max-snippet":"max-snippet:-1","max-image-preview":"max-image-preview:large","max-video-preview":"max-video-preview:-1"},"canonical":"https:\/\/tourcruiser.com\/de\/products\/issey-miyake-x-asics-hyper-taping-black\/","og_locale":"de_DE","og_type":"article","og_title":"Issey Miyake x ASICS Hyper Taping 'Black'  - Tourcruiser PTE. LTD","og_description":"ASICS Hyper Taping \u201d\u201d Black\/Black","og_url":"https:\/\/tourcruiser.com\/de\/products\/issey-miyake-x-asics-hyper-taping-black\/","og_site_name":"Tourcruiser Sneaker Store","article_modified_time":"2026-03-27T18:15:55+00:00","twitter_card":"summary_large_image","twitter_image":"https:\/\/images.novelship.com\/product\/issey_miyake_x_asics_hyper_taping__black__1203a819_0_46857.jpeg;https:\/\/images.novelship.com\/product\/issey_miyake_x_asics_hyper_taping__black__1203a819_1_46858.jpeg;https:\/\/images.novelship.com\/product\/issey_miyake_x_asics_hyper_taping__black__1203a819_2_46858.jpeg;https:\/\/images.novelship.com\/product\/issey_miyake_x_asics_hyper_taping__black__1203a819_3_46858.jpeg;https:\/\/images.novelship.com\/product\/issey_miyake_x_asics_hyper_taping__black__1203a819_4_46858.jpeg;https:\/\/images.novelship.com\/product\/issey_miyake_x_asics_hyper_taping__black__1203a819_5_46858.jpeg;https:\/\/images.novelship.com\/product\/issey_miyake_x_asics_hyper_taping__black__1203a819_6_46858.jpeg","twitter_misc":{"Gesch\u00e4tzte Lesezeit":"1\u00a0Minute"},"schema":{"@context":"https:\/\/schema.org","@graph":[{"@type":"WebPage","@id":"https:\/\/tourcruiser.com\/de\/products\/issey-miyake-x-asics-hyper-taping-black\/","url":"https:\/\/tourcruiser.com\/de\/products\/issey-miyake-x-asics-hyper-taping-black\/","name":"Issey Miyake x ASICS Hyper Taping 'Black' - Tourcruiser PTE. LTD","isPartOf":{"@id":"https:\/\/tourcruiser.com\/de\/#website"},"primaryImageOfPage":{"@id":"https:\/\/tourcruiser.com\/de\/products\/issey-miyake-x-asics-hyper-taping-black\/#primaryimage"},"image":{"@id":"https:\/\/tourcruiser.com\/de\/products\/issey-miyake-x-asics-hyper-taping-black\/#primaryimage"},"thumbnailUrl":"https:\/\/images.novelship.com\/product\/issey_miyake_x_asics_hyper_taping__black__1203a819_0_46857.jpeg;https:\/\/images.novelship.com\/product\/issey_miyake_x_asics_hyper_taping__black__1203a819_1_46858.jpeg;https:\/\/images.novelship.com\/product\/issey_miyake_x_asics_hyper_taping__black__1203a819_2_46858.jpeg;https:\/\/images.novelship.com\/product\/issey_miyake_x_asics_hyper_taping__black__1203a819_3_46858.jpeg;https:\/\/images.novelship.com\/product\/issey_miyake_x_asics_hyper_taping__black__1203a819_4_46858.jpeg;https:\/\/images.novelship.com\/product\/issey_miyake_x_asics_hyper_taping__black__1203a819_5_46858.jpeg;https:\/\/images.novelship.com\/product\/issey_miyake_x_asics_hyper_taping__black__1203a819_6_46858.jpeg","datePublished":"2026-03-02T08:41:35+00:00","dateModified":"2026-03-27T18:15:55+00:00","breadcrumb":{"@id":"https:\/\/tourcruiser.com\/de\/products\/issey-miyake-x-asics-hyper-taping-black\/#breadcrumb"},"inLanguage":"de","potentialAction":[{"@type":"ReadAction","target":["https:\/\/tourcruiser.com\/de\/products\/issey-miyake-x-asics-hyper-taping-black\/"]}]},{"@type":"ImageObject","inLanguage":"de","@id":"https:\/\/tourcruiser.com\/de\/products\/issey-miyake-x-asics-hyper-taping-black\/#primaryimage","url":"https:\/\/images.novelship.com\/product\/issey_miyake_x_asics_hyper_taping__black__1203a819_0_46857.jpeg;https:\/\/images.novelship.com\/product\/issey_miyake_x_asics_hyper_taping__black__1203a819_1_46858.jpeg;https:\/\/images.novelship.com\/product\/issey_miyake_x_asics_hyper_taping__black__1203a819_2_46858.jpeg;https:\/\/images.novelship.com\/product\/issey_miyake_x_asics_hyper_taping__black__1203a819_3_46858.jpeg;https:\/\/images.novelship.com\/product\/issey_miyake_x_asics_hyper_taping__black__1203a819_4_46858.jpeg;https:\/\/images.novelship.com\/product\/issey_miyake_x_asics_hyper_taping__black__1203a819_5_46858.jpeg;https:\/\/images.novelship.com\/product\/issey_miyake_x_asics_hyper_taping__black__1203a819_6_46858.jpeg","contentUrl":"https:\/\/images.novelship.com\/product\/issey_miyake_x_asics_hyper_taping__black__1203a819_0_46857.jpeg;https:\/\/images.novelship.com\/product\/issey_miyake_x_asics_hyper_taping__black__1203a819_1_46858.jpeg;https:\/\/images.novelship.com\/product\/issey_miyake_x_asics_hyper_taping__black__1203a819_2_46858.jpeg;https:\/\/images.novelship.com\/product\/issey_miyake_x_asics_hyper_taping__black__1203a819_3_46858.jpeg;https:\/\/images.novelship.com\/product\/issey_miyake_x_asics_hyper_taping__black__1203a819_4_46858.jpeg;https:\/\/images.novelship.com\/product\/issey_miyake_x_asics_hyper_taping__black__1203a819_5_46858.jpeg;https:\/\/images.novelship.com\/product\/issey_miyake_x_asics_hyper_taping__black__1203a819_6_46858.jpeg"},{"@type":"BreadcrumbList","@id":"https:\/\/tourcruiser.com\/de\/products\/issey-miyake-x-asics-hyper-taping-black\/#breadcrumb","itemListElement":[{"@type":"ListItem","position":1,"name":"Home","item":"https:\/\/tourcruiser.com\/de\/"},{"@type":"ListItem","position":2,"name":"Shop","item":"https:\/\/tourcruiser.com\/de\/shop\/"},{"@type":"ListItem","position":3,"name":"Issey Miyake x ASICS Hyper Taping 'Black'"}]},{"@type":"WebSite","@id":"https:\/\/tourcruiser.com\/de\/#website","url":"https:\/\/tourcruiser.com\/de\/","name":"Styloral Jewelry Shop","description":"Tourcruiser Sneaker Store \u2014 der Ort, an dem das Universum deine Einzigartigkeit trifft.","publisher":{"@id":"https:\/\/tourcruiser.com\/de\/#organization"},"potentialAction":[{"@type":"SearchAction","target":{"@type":"EntryPoint","urlTemplate":"https:\/\/tourcruiser.com\/de\/?s={search_term_string}"},"query-input":{"@type":"PropertyValueSpecification","valueRequired":true,"valueName":"search_term_string"}}],"inLanguage":"de"},{"@type":"Organization","@id":"https:\/\/tourcruiser.com\/de\/#organization","name":"STYLORAL PTE. LTD","url":"https:\/\/tourcruiser.com\/de\/","logo":{"@type":"ImageObject","inLanguage":"de","@id":"https:\/\/tourcruiser.com\/de\/#\/schema\/logo\/image\/","url":"https:\/\/www.tourcruiser.com\/wp-content\/uploads\/2025\/12\/logo.png","contentUrl":"https:\/\/www.tourcruiser.com\/wp-content\/uploads\/2025\/12\/logo.png","width":200,"height":65,"caption":"STYLORAL PTE. LTD"},"image":{"@id":"https:\/\/tourcruiser.com\/de\/#\/schema\/logo\/image\/"}}]}},"_links":{"self":[{"href":"https:\/\/tourcruiser.com\/de\/wp-json\/wp\/v2\/product\/144028","targetHints":{"allow":["GET"]}}],"collection":[{"href":"https:\/\/tourcruiser.com\/de\/wp-json\/wp\/v2\/product"}],"about":[{"href":"https:\/\/tourcruiser.com\/de\/wp-json\/wp\/v2\/types\/product"}],"replies":[{"embeddable":true,"href":"https:\/\/tourcruiser.com\/de\/wp-json\/wp\/v2\/comments?post=144028"}],"wp:featuredmedia":[{"embeddable":true,"href":"https:\/\/tourcruiser.com\/de\/wp-json\/wp\/v2\/media\/144029"}],"wp:attachment":[{"href":"https:\/\/tourcruiser.com\/de\/wp-json\/wp\/v2\/media?parent=144028"}],"wp:term":[{"taxonomy":"product_brand","embeddable":true,"href":"https:\/\/tourcruiser.com\/de\/wp-json\/wp\/v2\/product_brand?post=144028"},{"taxonomy":"product_cat","embeddable":true,"href":"https:\/\/tourcruiser.com\/de\/wp-json\/wp\/v2\/product_cat?post=144028"},{"taxonomy":"product_tag","embeddable":true,"href":"https:\/\/tourcruiser.com\/de\/wp-json\/wp\/v2\/product_tag?post=144028"}],"curies":[{"name":"wp","href":"https:\/\/api.w.org\/{rel}","templated":true}]}}