{"id":143979,"date":"2026-03-02T15:41:30","date_gmt":"2026-03-02T08:41:30","guid":{"rendered":"http:\/\/tourcruiser.com\/product\/adidas-terrex-freehiker-sl-gore-tex-hiking-boots-carbongrey-sixcore-black"},"modified":"2026-03-28T01:15:52","modified_gmt":"2026-03-27T18:15:52","slug":"adidas-terrex-freehiker-sl-gore-tex-hiking-boots-carbongrey-sixcore-black","status":"publish","type":"product","link":"https:\/\/tourcruiser.com\/de\/products\/adidas-terrex-freehiker-sl-gore-tex-hiking-boots-carbongrey-sixcore-black\/","title":{"rendered":"Adidas Terrex Freehiker SL GORE-TEX Hiking Boots Carbon\/Grey Six\/Core Black"},"content":{"rendered":"<p>Erkunden Sie die Natur mit den Adidas Terrex Freehiker SL GORE-TEX Wanderschuhen. Diese Schuhe wurden f\u00fcr h\u00f6chste Performance entwickelt und zeichnen sich durch ihre leichte und dennoch robuste Konstruktion aus. Die wasserdichte GORE-TEX-Technologie h\u00e4lt Ihre F\u00fc\u00dfe bei jedem Wetter trocken, w\u00e4hrend die Continental\u00e2\u201e\u00a2-Gummisohle au\u00dfergew\u00f6hnlichen Grip auf jedem Terrain bietet. In der eleganten Farbkombination Carbon\/Grey Six\/Core Black vereinen sich Stil und Funktionalit\u00e4t. Diese Schuhe sind perfekt f\u00fcr Wanderbegeisterte, die Komfort und Zuverl\u00e4ssigkeit suchen, und begleiten Sie m\u00fchelos von anspruchsvollen Wanderwegen bis hin zu urbanen Abenteuern. Erleben Sie Wandern auf einem neuen Level!<\/p>\n<ul>\n<li><strong>Farbgebung:<\/strong> Carbon\/Grey Six\/Core Black<\/li>\n<li><strong>Artikelnummer:<\/strong> HQ4885<\/li>\n<li><strong>Obermaterial:<\/strong> Mesh<\/li>\n<li><strong>Farbe:<\/strong> Schwarz<\/li>\n<\/ul>\n","protected":false},"excerpt":{"rendered":"<p>adidas Terrex Freehiker SL GORE-TEX \u201d\u201d Carbon\/Grey Six\/Core Black<\/p>\n","protected":false},"featured_media":143980,"comment_status":"open","ping_status":"closed","template":"","meta":[],"product_brand":[],"product_cat":[10760],"product_tag":[10759,12799,11114,10802,10785,10786,10758,11116],"class_list":{"0":"post-143979","1":"product","2":"type-product","3":"status-publish","4":"has-post-thumbnail","6":"product_cat-adidas","7":"product_tag-adidas","8":"product_tag-hiking-boots","9":"product_tag-hiking-shoes","10":"product_tag-performance-sport-shoes","11":"product_tag-trending-deals","12":"product_tag-trending-deals-under-150","13":"product_tag-under-retail","14":"product_tag-waterproof-hiking-shoes","15":"wcpa_has_options","17":"first","18":"outofstock","19":"taxable","20":"shipping-taxable","21":"purchasable","22":"product-type-simple"},"wcpa_form_fields":{"rules":{"pric_overide_base_price":false,"pric_overide_base_price_if_gt_zero":false,"pric_overide_base_price_fully":false,"pric_cal_option_once":false,"pric_use_as_fee":false,"bind_quantity":false,"quantity_bind_formula":false},"fields":[{"type":"color-group","required":true,"elementId":"wcpa-color-group-66c4a7f817afe","label":"Gr\u00f6\u00dfe","inline":true,"priceOptions":"different_for_all","pricingType":"fixed","className":"hassizechart product-shoes-size-eu product-shoes-size","name":"color-group-66c4a7f817b18","disp_type":"square","selection_type":"tick-border","disp_size":"50","show_label_inside":true,"adjust_width":true,"cart_display_type":"text","other_text":"Other","cl_rule":"show","col":6,"values":[{"label":"35","value":"EU 35","price":"","pimage":"","pimage_id":"","pthumb":"","color":""},{"label":"35.5","value":"EU 35.5","price":"","pimage":"","pimage_id":"","pthumb":"","color":""},{"label":"36","value":"EU 36","price":"","pimage":"","pimage_id":"","pthumb":"","color":"","selected":true},{"label":"36 2\/3","value":"EU 36 2\/3","price":"","pimage":"","pimage_id":"","pthumb":"","color":""},{"label":"37 1\/3","value":"EU 37 1\/3","price":"","pimage":"","pimage_id":"","pthumb":"","color":""},{"label":"38","value":"EU 38","price":"","pimage":"","pimage_id":"","pthumb":"","color":""},{"label":"38 2\/3","value":"EU 38 2\/3","price":"","pimage":"","pimage_id":"","pthumb":"","color":""},{"label":"39 1\/3","value":"EU 39 1\/3","price":"","pimage":"","pimage_id":"","pthumb":"","color":""},{"label":"40","value":"EU 40","price":"","pimage":"","pimage_id":"","pthumb":"","color":""},{"label":"40 2\/3","value":"EU 40 2\/3","price":"","pimage":"","pimage_id":"","pthumb":"","color":""},{"label":"41 1\/3","value":"EU 41 1\/3","price":"","pimage":"","pimage_id":"","pthumb":"","color":""},{"label":"42","value":"EU 42","price":"","pimage":"","pimage_id":"","pthumb":"","color":""},{"label":"42 2\/3","value":"EU 42 2\/3","price":"","pimage":"","pimage_id":"","pthumb":"","color":""},{"label":"43 1\/3","value":"EU 43 1\/3","price":"","pimage":"","pimage_id":"","pthumb":"","color":""},{"label":"44","value":"EU 44","price":"","pimage":"","pimage_id":"","pthumb":"","color":""},{"label":"44 2\/3","value":"EU 44 2\/3","price":"","pimage":"","pimage_id":"","pthumb":"","color":""},{"label":"45 1\/3","value":"EU 45 1\/3","price":"","pimage":"","pimage_id":"","pthumb":"","color":""},{"label":"46","value":"EU 46","price":"","pimage":"","pimage_id":"","pthumb":"","color":""},{"label":"46 2\/3","value":"EU 46 2\/3","price":"","pimage":"","pimage_id":"","pthumb":"","color":""},{"label":"47 1\/3","value":"EU 47 1\/3","price":"","pimage":"","pimage_id":"","pthumb":"","color":""}],"relations":[{"operator":false,"rules":[]}],"form_id":24802,"form_rules":{"pric_cal_option_once":false,"exclude_from_discount":false,"pric_use_as_fee":false,"fee_label":"Fee","render_after_acb":false,"disp_hide_options_price":false}}]},"yoast_head":"<!-- This site is optimized with the Yoast SEO plugin v26.5 - https:\/\/yoast.com\/wordpress\/plugins\/seo\/ -->\n<title>Adidas Terrex Freehiker SL GORE-TEX Hiking Boots Carbon\/Grey Six\/Core Black  - Tourcruiser PTE. LTD<\/title>\n<meta name=\"robots\" content=\"index, follow, max-snippet:-1, max-image-preview:large, max-video-preview:-1\" \/>\n<link rel=\"canonical\" href=\"https:\/\/tourcruiser.com\/\" \/>\n<meta property=\"og:locale\" content=\"de_DE\" \/>\n<meta property=\"og:type\" content=\"article\" \/>\n<meta property=\"og:title\" content=\"Adidas Terrex Freehiker SL GORE-TEX Hiking Boots Carbon\/Grey Six\/Core Black  - Tourcruiser PTE. LTD\" \/>\n<meta property=\"og:description\" content=\"adidas Terrex Freehiker SL GORE-TEX \u201d\u201d Carbon\/Grey Six\/Core Black\" \/>\n<meta property=\"og:url\" content=\"\/\" \/>\n<meta property=\"og:site_name\" content=\"Tourcruiser Sneaker Store\" \/>\n<meta property=\"article:modified_time\" content=\"2026-03-27T18:15:52+00:00\" \/>\n<meta name=\"twitter:card\" content=\"summary_large_image\" \/>\n<meta name=\"twitter:image\" content=\"https:\/\/images.novelship.com\/product\/adidas_terrex_freehiker_sl_gore-tex_hiking_boots_c_0_81974.jpeg;https:\/\/images.novelship.com\/product\/adidas_terrex_freehiker_sl_gore-tex_hiking_boots_c_1_81974.jpeg;https:\/\/images.novelship.com\/product\/adidas_terrex_freehiker_sl_gore-tex_hiking_boots_c_2_81974.jpeg;https:\/\/images.novelship.com\/product\/adidas_terrex_freehiker_sl_gore-tex_hiking_boots_c_3_81974.jpeg;https:\/\/images.novelship.com\/product\/adidas_terrex_freehiker_sl_gore-tex_hiking_boots_c_4_81974.jpeg;https:\/\/images.novelship.com\/product\/adidas_terrex_freehiker_sl_gore-tex_hiking_boots_c_5_81974.jpeg;https:\/\/images.novelship.com\/product\/adidas_terrex_freehiker_sl_gore-tex_hiking_boots_c_6_81974.jpeg;https:\/\/images.novelship.com\/product\/adidas_terrex_freehiker_sl_gore-tex_hiking_boots_c_7_81974.jpeg\" \/>\n<meta name=\"twitter:label1\" content=\"Gesch\u00e4tzte Lesezeit\" \/>\n\t<meta name=\"twitter:data1\" content=\"1\u00a0Minute\" \/>\n<script type=\"application\/ld+json\" class=\"yoast-schema-graph\">{\"@context\":\"https:\/\/schema.org\",\"@graph\":[{\"@type\":\"WebPage\",\"@id\":\"\/\",\"url\":\"https:\/\/tourcruiser.com\/\",\"name\":\"Adidas Terrex Freehiker SL GORE-TEX Hiking Boots Carbon\/Grey Six\/Core Black - Tourcruiser PTE. LTD\",\"isPartOf\":{\"@id\":\"https:\/\/tourcruiser.com\/de\/#website\"},\"primaryImageOfPage\":{\"@id\":\"https:\/\/tourcruiser.com\/#primaryimage\"},\"image\":{\"@id\":\"https:\/\/tourcruiser.com\/#primaryimage\"},\"thumbnailUrl\":\"https:\/\/images.novelship.com\/product\/adidas_terrex_freehiker_sl_gore-tex_hiking_boots_c_0_81974.jpeg;https:\/\/images.novelship.com\/product\/adidas_terrex_freehiker_sl_gore-tex_hiking_boots_c_1_81974.jpeg;https:\/\/images.novelship.com\/product\/adidas_terrex_freehiker_sl_gore-tex_hiking_boots_c_2_81974.jpeg;https:\/\/images.novelship.com\/product\/adidas_terrex_freehiker_sl_gore-tex_hiking_boots_c_3_81974.jpeg;https:\/\/images.novelship.com\/product\/adidas_terrex_freehiker_sl_gore-tex_hiking_boots_c_4_81974.jpeg;https:\/\/images.novelship.com\/product\/adidas_terrex_freehiker_sl_gore-tex_hiking_boots_c_5_81974.jpeg;https:\/\/images.novelship.com\/product\/adidas_terrex_freehiker_sl_gore-tex_hiking_boots_c_6_81974.jpeg;https:\/\/images.novelship.com\/product\/adidas_terrex_freehiker_sl_gore-tex_hiking_boots_c_7_81974.jpeg\",\"datePublished\":\"2026-03-02T08:41:30+00:00\",\"dateModified\":\"2026-03-27T18:15:52+00:00\",\"breadcrumb\":{\"@id\":\"https:\/\/tourcruiser.com\/#breadcrumb\"},\"inLanguage\":\"de\",\"potentialAction\":[{\"@type\":\"ReadAction\",\"target\":[\"https:\/\/tourcruiser.com\/\"]}]},{\"@type\":\"ImageObject\",\"inLanguage\":\"de\",\"@id\":\"https:\/\/tourcruiser.com\/#primaryimage\",\"url\":\"https:\/\/images.novelship.com\/product\/adidas_terrex_freehiker_sl_gore-tex_hiking_boots_c_0_81974.jpeg;https:\/\/images.novelship.com\/product\/adidas_terrex_freehiker_sl_gore-tex_hiking_boots_c_1_81974.jpeg;https:\/\/images.novelship.com\/product\/adidas_terrex_freehiker_sl_gore-tex_hiking_boots_c_2_81974.jpeg;https:\/\/images.novelship.com\/product\/adidas_terrex_freehiker_sl_gore-tex_hiking_boots_c_3_81974.jpeg;https:\/\/images.novelship.com\/product\/adidas_terrex_freehiker_sl_gore-tex_hiking_boots_c_4_81974.jpeg;https:\/\/images.novelship.com\/product\/adidas_terrex_freehiker_sl_gore-tex_hiking_boots_c_5_81974.jpeg;https:\/\/images.novelship.com\/product\/adidas_terrex_freehiker_sl_gore-tex_hiking_boots_c_6_81974.jpeg;https:\/\/images.novelship.com\/product\/adidas_terrex_freehiker_sl_gore-tex_hiking_boots_c_7_81974.jpeg\",\"contentUrl\":\"https:\/\/images.novelship.com\/product\/adidas_terrex_freehiker_sl_gore-tex_hiking_boots_c_0_81974.jpeg;https:\/\/images.novelship.com\/product\/adidas_terrex_freehiker_sl_gore-tex_hiking_boots_c_1_81974.jpeg;https:\/\/images.novelship.com\/product\/adidas_terrex_freehiker_sl_gore-tex_hiking_boots_c_2_81974.jpeg;https:\/\/images.novelship.com\/product\/adidas_terrex_freehiker_sl_gore-tex_hiking_boots_c_3_81974.jpeg;https:\/\/images.novelship.com\/product\/adidas_terrex_freehiker_sl_gore-tex_hiking_boots_c_4_81974.jpeg;https:\/\/images.novelship.com\/product\/adidas_terrex_freehiker_sl_gore-tex_hiking_boots_c_5_81974.jpeg;https:\/\/images.novelship.com\/product\/adidas_terrex_freehiker_sl_gore-tex_hiking_boots_c_6_81974.jpeg;https:\/\/images.novelship.com\/product\/adidas_terrex_freehiker_sl_gore-tex_hiking_boots_c_7_81974.jpeg\"},{\"@type\":\"BreadcrumbList\",\"@id\":\"https:\/\/tourcruiser.com\/#breadcrumb\",\"itemListElement\":[{\"@type\":\"ListItem\",\"position\":1,\"name\":\"Home\",\"item\":\"https:\/\/tourcruiser.com\/de\/\"},{\"@type\":\"ListItem\",\"position\":2,\"name\":\"Shop\",\"item\":\"https:\/\/tourcruiser.com\/de\/shop\/\"},{\"@type\":\"ListItem\",\"position\":3,\"name\":\"Adidas Terrex Freehiker SL GORE-TEX Hiking Boots Carbon\/Grey Six\/Core Black\"}]},{\"@type\":\"WebSite\",\"@id\":\"https:\/\/tourcruiser.com\/de\/#website\",\"url\":\"https:\/\/tourcruiser.com\/de\/\",\"name\":\"Styloral Jewelry Shop\",\"description\":\"Tourcruiser Sneaker Store \u2014 der Ort, an dem das Universum deine Einzigartigkeit trifft.\",\"publisher\":{\"@id\":\"https:\/\/tourcruiser.com\/de\/#organization\"},\"potentialAction\":[{\"@type\":\"SearchAction\",\"target\":{\"@type\":\"EntryPoint\",\"urlTemplate\":\"https:\/\/tourcruiser.com\/de\/?s={search_term_string}\"},\"query-input\":{\"@type\":\"PropertyValueSpecification\",\"valueRequired\":true,\"valueName\":\"search_term_string\"}}],\"inLanguage\":\"de\"},{\"@type\":\"Organization\",\"@id\":\"https:\/\/tourcruiser.com\/de\/#organization\",\"name\":\"STYLORAL PTE. LTD\",\"url\":\"https:\/\/tourcruiser.com\/de\/\",\"logo\":{\"@type\":\"ImageObject\",\"inLanguage\":\"de\",\"@id\":\"https:\/\/tourcruiser.com\/de\/#\/schema\/logo\/image\/\",\"url\":\"https:\/\/www.tourcruiser.com\/wp-content\/uploads\/2025\/12\/logo.png\",\"contentUrl\":\"https:\/\/www.tourcruiser.com\/wp-content\/uploads\/2025\/12\/logo.png\",\"width\":200,\"height\":65,\"caption\":\"STYLORAL PTE. LTD\"},\"image\":{\"@id\":\"https:\/\/tourcruiser.com\/de\/#\/schema\/logo\/image\/\"}}]}<\/script>\n<!-- \/ Yoast SEO plugin. -->","yoast_head_json":{"title":"Adidas Terrex Freehiker SL GORE-TEX Hiking Boots Carbon\/Grey Six\/Core Black  - Tourcruiser PTE. LTD","robots":{"index":"index","follow":"follow","max-snippet":"max-snippet:-1","max-image-preview":"max-image-preview:large","max-video-preview":"max-video-preview:-1"},"canonical":"https:\/\/tourcruiser.com\/","og_locale":"de_DE","og_type":"article","og_title":"Adidas Terrex Freehiker SL GORE-TEX Hiking Boots Carbon\/Grey Six\/Core Black  - Tourcruiser PTE. LTD","og_description":"adidas Terrex Freehiker SL GORE-TEX \u201d\u201d Carbon\/Grey Six\/Core Black","og_url":"\/","og_site_name":"Tourcruiser Sneaker Store","article_modified_time":"2026-03-27T18:15:52+00:00","twitter_card":"summary_large_image","twitter_image":"https:\/\/images.novelship.com\/product\/adidas_terrex_freehiker_sl_gore-tex_hiking_boots_c_0_81974.jpeg;https:\/\/images.novelship.com\/product\/adidas_terrex_freehiker_sl_gore-tex_hiking_boots_c_1_81974.jpeg;https:\/\/images.novelship.com\/product\/adidas_terrex_freehiker_sl_gore-tex_hiking_boots_c_2_81974.jpeg;https:\/\/images.novelship.com\/product\/adidas_terrex_freehiker_sl_gore-tex_hiking_boots_c_3_81974.jpeg;https:\/\/images.novelship.com\/product\/adidas_terrex_freehiker_sl_gore-tex_hiking_boots_c_4_81974.jpeg;https:\/\/images.novelship.com\/product\/adidas_terrex_freehiker_sl_gore-tex_hiking_boots_c_5_81974.jpeg;https:\/\/images.novelship.com\/product\/adidas_terrex_freehiker_sl_gore-tex_hiking_boots_c_6_81974.jpeg;https:\/\/images.novelship.com\/product\/adidas_terrex_freehiker_sl_gore-tex_hiking_boots_c_7_81974.jpeg","twitter_misc":{"Gesch\u00e4tzte Lesezeit":"1\u00a0Minute"},"schema":{"@context":"https:\/\/schema.org","@graph":[{"@type":"WebPage","@id":"\/","url":"https:\/\/tourcruiser.com\/","name":"Adidas Terrex Freehiker SL GORE-TEX Hiking Boots Carbon\/Grey Six\/Core Black - Tourcruiser PTE. LTD","isPartOf":{"@id":"https:\/\/tourcruiser.com\/de\/#website"},"primaryImageOfPage":{"@id":"https:\/\/tourcruiser.com\/#primaryimage"},"image":{"@id":"https:\/\/tourcruiser.com\/#primaryimage"},"thumbnailUrl":"https:\/\/images.novelship.com\/product\/adidas_terrex_freehiker_sl_gore-tex_hiking_boots_c_0_81974.jpeg;https:\/\/images.novelship.com\/product\/adidas_terrex_freehiker_sl_gore-tex_hiking_boots_c_1_81974.jpeg;https:\/\/images.novelship.com\/product\/adidas_terrex_freehiker_sl_gore-tex_hiking_boots_c_2_81974.jpeg;https:\/\/images.novelship.com\/product\/adidas_terrex_freehiker_sl_gore-tex_hiking_boots_c_3_81974.jpeg;https:\/\/images.novelship.com\/product\/adidas_terrex_freehiker_sl_gore-tex_hiking_boots_c_4_81974.jpeg;https:\/\/images.novelship.com\/product\/adidas_terrex_freehiker_sl_gore-tex_hiking_boots_c_5_81974.jpeg;https:\/\/images.novelship.com\/product\/adidas_terrex_freehiker_sl_gore-tex_hiking_boots_c_6_81974.jpeg;https:\/\/images.novelship.com\/product\/adidas_terrex_freehiker_sl_gore-tex_hiking_boots_c_7_81974.jpeg","datePublished":"2026-03-02T08:41:30+00:00","dateModified":"2026-03-27T18:15:52+00:00","breadcrumb":{"@id":"https:\/\/tourcruiser.com\/#breadcrumb"},"inLanguage":"de","potentialAction":[{"@type":"ReadAction","target":["https:\/\/tourcruiser.com\/"]}]},{"@type":"ImageObject","inLanguage":"de","@id":"https:\/\/tourcruiser.com\/#primaryimage","url":"https:\/\/images.novelship.com\/product\/adidas_terrex_freehiker_sl_gore-tex_hiking_boots_c_0_81974.jpeg;https:\/\/images.novelship.com\/product\/adidas_terrex_freehiker_sl_gore-tex_hiking_boots_c_1_81974.jpeg;https:\/\/images.novelship.com\/product\/adidas_terrex_freehiker_sl_gore-tex_hiking_boots_c_2_81974.jpeg;https:\/\/images.novelship.com\/product\/adidas_terrex_freehiker_sl_gore-tex_hiking_boots_c_3_81974.jpeg;https:\/\/images.novelship.com\/product\/adidas_terrex_freehiker_sl_gore-tex_hiking_boots_c_4_81974.jpeg;https:\/\/images.novelship.com\/product\/adidas_terrex_freehiker_sl_gore-tex_hiking_boots_c_5_81974.jpeg;https:\/\/images.novelship.com\/product\/adidas_terrex_freehiker_sl_gore-tex_hiking_boots_c_6_81974.jpeg;https:\/\/images.novelship.com\/product\/adidas_terrex_freehiker_sl_gore-tex_hiking_boots_c_7_81974.jpeg","contentUrl":"https:\/\/images.novelship.com\/product\/adidas_terrex_freehiker_sl_gore-tex_hiking_boots_c_0_81974.jpeg;https:\/\/images.novelship.com\/product\/adidas_terrex_freehiker_sl_gore-tex_hiking_boots_c_1_81974.jpeg;https:\/\/images.novelship.com\/product\/adidas_terrex_freehiker_sl_gore-tex_hiking_boots_c_2_81974.jpeg;https:\/\/images.novelship.com\/product\/adidas_terrex_freehiker_sl_gore-tex_hiking_boots_c_3_81974.jpeg;https:\/\/images.novelship.com\/product\/adidas_terrex_freehiker_sl_gore-tex_hiking_boots_c_4_81974.jpeg;https:\/\/images.novelship.com\/product\/adidas_terrex_freehiker_sl_gore-tex_hiking_boots_c_5_81974.jpeg;https:\/\/images.novelship.com\/product\/adidas_terrex_freehiker_sl_gore-tex_hiking_boots_c_6_81974.jpeg;https:\/\/images.novelship.com\/product\/adidas_terrex_freehiker_sl_gore-tex_hiking_boots_c_7_81974.jpeg"},{"@type":"BreadcrumbList","@id":"https:\/\/tourcruiser.com\/#breadcrumb","itemListElement":[{"@type":"ListItem","position":1,"name":"Home","item":"https:\/\/tourcruiser.com\/de\/"},{"@type":"ListItem","position":2,"name":"Shop","item":"https:\/\/tourcruiser.com\/de\/shop\/"},{"@type":"ListItem","position":3,"name":"Adidas Terrex Freehiker SL GORE-TEX Hiking Boots Carbon\/Grey Six\/Core Black"}]},{"@type":"WebSite","@id":"https:\/\/tourcruiser.com\/de\/#website","url":"https:\/\/tourcruiser.com\/de\/","name":"Styloral Jewelry Shop","description":"Tourcruiser Sneaker Store \u2014 der Ort, an dem das Universum deine Einzigartigkeit trifft.","publisher":{"@id":"https:\/\/tourcruiser.com\/de\/#organization"},"potentialAction":[{"@type":"SearchAction","target":{"@type":"EntryPoint","urlTemplate":"https:\/\/tourcruiser.com\/de\/?s={search_term_string}"},"query-input":{"@type":"PropertyValueSpecification","valueRequired":true,"valueName":"search_term_string"}}],"inLanguage":"de"},{"@type":"Organization","@id":"https:\/\/tourcruiser.com\/de\/#organization","name":"STYLORAL PTE. LTD","url":"https:\/\/tourcruiser.com\/de\/","logo":{"@type":"ImageObject","inLanguage":"de","@id":"https:\/\/tourcruiser.com\/de\/#\/schema\/logo\/image\/","url":"https:\/\/www.tourcruiser.com\/wp-content\/uploads\/2025\/12\/logo.png","contentUrl":"https:\/\/www.tourcruiser.com\/wp-content\/uploads\/2025\/12\/logo.png","width":200,"height":65,"caption":"STYLORAL PTE. LTD"},"image":{"@id":"https:\/\/tourcruiser.com\/de\/#\/schema\/logo\/image\/"}}]}},"_links":{"self":[{"href":"https:\/\/tourcruiser.com\/de\/wp-json\/wp\/v2\/product\/143979","targetHints":{"allow":["GET"]}}],"collection":[{"href":"https:\/\/tourcruiser.com\/de\/wp-json\/wp\/v2\/product"}],"about":[{"href":"https:\/\/tourcruiser.com\/de\/wp-json\/wp\/v2\/types\/product"}],"replies":[{"embeddable":true,"href":"https:\/\/tourcruiser.com\/de\/wp-json\/wp\/v2\/comments?post=143979"}],"wp:featuredmedia":[{"embeddable":true,"href":"https:\/\/tourcruiser.com\/de\/wp-json\/wp\/v2\/media\/143980"}],"wp:attachment":[{"href":"https:\/\/tourcruiser.com\/de\/wp-json\/wp\/v2\/media?parent=143979"}],"wp:term":[{"taxonomy":"product_brand","embeddable":true,"href":"https:\/\/tourcruiser.com\/de\/wp-json\/wp\/v2\/product_brand?post=143979"},{"taxonomy":"product_cat","embeddable":true,"href":"https:\/\/tourcruiser.com\/de\/wp-json\/wp\/v2\/product_cat?post=143979"},{"taxonomy":"product_tag","embeddable":true,"href":"https:\/\/tourcruiser.com\/de\/wp-json\/wp\/v2\/product_tag?post=143979"}],"curies":[{"name":"wp","href":"https:\/\/api.w.org\/{rel}","templated":true}]}}