{"id":143870,"date":"2026-03-02T15:41:16","date_gmt":"2026-03-02T08:41:16","guid":{"rendered":"http:\/\/tourcruiser.com\/product\/toga-x-asics-gel-cumulus-16-tg-brown-blue-pure-silver"},"modified":"2026-03-02T15:41:16","modified_gmt":"2026-03-02T08:41:16","slug":"toga-x-asics-gel-cumulus-16-tg-brown-blue-pure-silver","status":"publish","type":"product","link":"https:\/\/tourcruiser.com\/de\/products\/toga-x-asics-gel-cumulus-16-tg-brown-blue-pure-silver\/","title":{"rendered":"TOGA x ASICS Gel Cumulus 16 TG &#8218;Brown Blue Pure Silver&#8216;"},"content":{"rendered":"<p>Steigere deine Performance und deinen Style mit dem TOGA x ASICS Gel-Cumulus 16 TG \u201eBrown Blue Pure Silver\u201c \u201d\u201c einer Fusion aus innovativer Technologie und markantem Design. Ausgestattet mit dem fortschrittlichen GEL-D\u00e4mpfungssystem von ASICS bietet dieser Premium-Sneaker h\u00f6chsten Tragekomfort und optimale Sto\u00dfd\u00e4mpfung f\u00fcr den ganzen Tag. Die dynamische Kombination aus Braun-, Blau- und Silbert\u00f6nen verleiht ihm eine elegante und zugleich moderne \u00c4sthetik und macht ihn perfekt f\u00fcr sportliche Aktivit\u00e4ten und Freizeit. Die leichte Zwischensohle bietet au\u00dfergew\u00f6hnlichen Halt und Flexibilit\u00e4t, w\u00e4hrend die strapazierf\u00e4hige Au\u00dfensohle hervorragende Traktion auf verschiedenen Untergr\u00fcnden garantiert. Diese in Zusammenarbeit mit TOGA entworfene Limited Edition verk\u00f6rpert eine innovative Mischung aus Funktionalit\u00e4t und kunstvoller Handwerkskunst. Ob im Fitnessstudio, beim Einkaufen oder beim n\u00e4chsten Abenteuer \u201d\u201c dieser Sneaker bietet unvergleichliche Vielseitigkeit und unterstreicht deine Individualit\u00e4t. Der TOGA x ASICS Gel-Cumulus 16 TG ist mehr als nur ein Schuh \u201d\u201c er ist ein Ausdruck deines Lebensstils und ideal f\u00fcr Sportler und modebewusste Menschen gleicherma\u00dfen. Erleben Sie mit jedem Schritt die perfekte Synergie aus Komfort, Innovation und avantgardistischem Stil.<\/p>\n<ul>\n<li><strong>Farbgebung:<\/strong> Braun\/Blau\/Reinsilber<\/li>\n<li><strong>Artikelnummer:<\/strong> 1203A838-200<\/li>\n<li><strong>Obermaterial:<\/strong> Mesh<\/li>\n<li><strong>Zwischensohle:<\/strong> Gel<\/li>\n<li><strong>Farbe:<\/strong> Braun<\/li>\n<li><strong>Saison:<\/strong> Herbst<\/li>\n<li><strong>Erscheinungsjahr:<\/strong> 2025<\/li>\n<\/ul>\n","protected":false},"excerpt":{"rendered":"<p>ASICS Gel Cumulus 16 \u201d\u201d Brown\/Blue\/Pure Silver<\/p>\n","protected":false},"featured_media":143871,"comment_status":"open","ping_status":"closed","template":"","meta":[],"product_brand":[],"product_cat":[10792],"product_tag":[10791,10750,10754,10765,10768],"class_list":{"0":"post-143870","1":"product","2":"type-product","3":"status-publish","4":"has-post-thumbnail","6":"product_cat-asics","7":"product_tag-asics","8":"product_tag-athleisure-shoes","9":"product_tag-lifestyle-casual-shoes","10":"product_tag-lifestyle-shoes-running-inspired","11":"product_tag-retro-running-shoes","12":"wcpa_has_options","14":"first","15":"instock","16":"taxable","17":"shipping-taxable","18":"purchasable","19":"product-type-simple"},"wcpa_form_fields":{"rules":{"pric_overide_base_price":false,"pric_overide_base_price_if_gt_zero":false,"pric_overide_base_price_fully":false,"pric_cal_option_once":false,"pric_use_as_fee":false,"bind_quantity":false,"quantity_bind_formula":false},"fields":[{"type":"color-group","required":true,"elementId":"wcpa-color-group-69a5ab08ee12d","label":"Gr\u00f6\u00dfe","inline":true,"priceOptions":"different_for_all","pricingType":"fixed","className":"hassizechart product-shoes-size-eu product-shoes-size","name":"color-group-69a5ab08ee136","disp_type":"square","selection_type":"tick-border","disp_size":"50","show_label_inside":true,"adjust_width":true,"cart_display_type":"text","other_text":"Other","cl_rule":"show","col":6,"values":[{"label":"36","value":"EU 36","price":"","pimage":"","pimage_id":"","pthumb":"","color":"","selected":true},{"label":"37","value":"EU 37","price":"","pimage":"","pimage_id":"","pthumb":"","color":""},{"label":"37.5","value":"EU 37.5","price":"","pimage":"","pimage_id":"","pthumb":"","color":""},{"label":"38","value":"EU 38","price":"","pimage":"","pimage_id":"","pthumb":"","color":""},{"label":"38.5","value":"EU 38.5","price":"","pimage":"","pimage_id":"","pthumb":"","color":""},{"label":"39","value":"EU 39","price":"","pimage":"","pimage_id":"","pthumb":"","color":""},{"label":"39.5","value":"EU 39.5","price":"","pimage":"","pimage_id":"","pthumb":"","color":""},{"label":"40","value":"EU 40","price":"","pimage":"","pimage_id":"","pthumb":"","color":""},{"label":"40.5","value":"EU 40.5","price":"","pimage":"","pimage_id":"","pthumb":"","color":""},{"label":" 41.5","value":"EU 41.5","price":"","pimage":"","pimage_id":"","pthumb":"","color":""},{"label":"42","value":"EU 42","price":"","pimage":"","pimage_id":"","pthumb":"","color":""},{"label":"42.5","value":"EU 42.5","price":"","pimage":"","pimage_id":"","pthumb":"","color":""},{"label":"43.5","value":"EU 43.5","price":"","pimage":"","pimage_id":"","pthumb":"","color":""},{"label":"44","value":"EU 44","price":"","pimage":"","pimage_id":"","pthumb":"","color":""},{"label":"44.5","value":"EU 44.5","price":"","pimage":"","pimage_id":"","pthumb":"","color":""},{"label":"45","value":"EU 45","price":"","pimage":"","pimage_id":"","pthumb":"","color":""}],"relations":[{"operator":false,"rules":[]}],"form_id":184311,"form_rules":{"pric_cal_option_once":false,"exclude_from_discount":false,"pric_use_as_fee":false,"fee_label":"Fee","render_after_acb":false,"disp_hide_options_price":false}}]},"yoast_head":"<!-- This site is optimized with the Yoast SEO plugin v26.5 - https:\/\/yoast.com\/wordpress\/plugins\/seo\/ -->\n<title>TOGA x ASICS Gel Cumulus 16 TG &#039;Brown Blue Pure Silver&#039;  - Tourcruiser PTE. LTD<\/title>\n<meta name=\"robots\" content=\"index, follow, max-snippet:-1, max-image-preview:large, max-video-preview:-1\" \/>\n<link rel=\"canonical\" href=\"https:\/\/tourcruiser.com\/de\/products\/toga-x-asics-gel-cumulus-16-tg-brown-blue-pure-silver\/\" \/>\n<meta property=\"og:locale\" content=\"de_DE\" \/>\n<meta property=\"og:type\" content=\"article\" \/>\n<meta property=\"og:title\" content=\"TOGA x ASICS Gel Cumulus 16 TG &#039;Brown Blue Pure Silver&#039;  - Tourcruiser PTE. LTD\" \/>\n<meta property=\"og:description\" content=\"ASICS Gel Cumulus 16 \u201d\u201d Brown\/Blue\/Pure Silver\" \/>\n<meta property=\"og:url\" content=\"https:\/\/tourcruiser.com\/de\/products\/toga-x-asics-gel-cumulus-16-tg-brown-blue-pure-silver\/\" \/>\n<meta property=\"og:site_name\" content=\"Tourcruiser Sneaker Store\" \/>\n<meta name=\"twitter:card\" content=\"summary_large_image\" \/>\n<meta name=\"twitter:image\" content=\"https:\/\/images.novelship.com\/product\/toga_x_asics_gel-cumulus_16_tg__brown_blue_pure_si_0_10498.jpeg\" \/>\n<meta name=\"twitter:label1\" content=\"Gesch\u00e4tzte Lesezeit\" \/>\n\t<meta name=\"twitter:data1\" content=\"1\u00a0Minute\" \/>\n<script type=\"application\/ld+json\" class=\"yoast-schema-graph\">{\"@context\":\"https:\/\/schema.org\",\"@graph\":[{\"@type\":\"WebPage\",\"@id\":\"https:\/\/tourcruiser.com\/de\/products\/toga-x-asics-gel-cumulus-16-tg-brown-blue-pure-silver\/\",\"url\":\"https:\/\/tourcruiser.com\/de\/products\/toga-x-asics-gel-cumulus-16-tg-brown-blue-pure-silver\/\",\"name\":\"TOGA x ASICS Gel Cumulus 16 TG 'Brown Blue Pure Silver' - Tourcruiser PTE. LTD\",\"isPartOf\":{\"@id\":\"https:\/\/tourcruiser.com\/de\/#website\"},\"primaryImageOfPage\":{\"@id\":\"https:\/\/tourcruiser.com\/de\/products\/toga-x-asics-gel-cumulus-16-tg-brown-blue-pure-silver\/#primaryimage\"},\"image\":{\"@id\":\"https:\/\/tourcruiser.com\/de\/products\/toga-x-asics-gel-cumulus-16-tg-brown-blue-pure-silver\/#primaryimage\"},\"thumbnailUrl\":\"https:\/\/images.novelship.com\/product\/toga_x_asics_gel-cumulus_16_tg__brown_blue_pure_si_0_10498.jpeg\",\"datePublished\":\"2026-03-02T08:41:16+00:00\",\"breadcrumb\":{\"@id\":\"https:\/\/tourcruiser.com\/de\/products\/toga-x-asics-gel-cumulus-16-tg-brown-blue-pure-silver\/#breadcrumb\"},\"inLanguage\":\"de\",\"potentialAction\":[{\"@type\":\"ReadAction\",\"target\":[\"https:\/\/tourcruiser.com\/de\/products\/toga-x-asics-gel-cumulus-16-tg-brown-blue-pure-silver\/\"]}]},{\"@type\":\"ImageObject\",\"inLanguage\":\"de\",\"@id\":\"https:\/\/tourcruiser.com\/de\/products\/toga-x-asics-gel-cumulus-16-tg-brown-blue-pure-silver\/#primaryimage\",\"url\":\"https:\/\/images.novelship.com\/product\/toga_x_asics_gel-cumulus_16_tg__brown_blue_pure_si_0_10498.jpeg\",\"contentUrl\":\"https:\/\/images.novelship.com\/product\/toga_x_asics_gel-cumulus_16_tg__brown_blue_pure_si_0_10498.jpeg\"},{\"@type\":\"BreadcrumbList\",\"@id\":\"https:\/\/tourcruiser.com\/de\/products\/toga-x-asics-gel-cumulus-16-tg-brown-blue-pure-silver\/#breadcrumb\",\"itemListElement\":[{\"@type\":\"ListItem\",\"position\":1,\"name\":\"Home\",\"item\":\"https:\/\/tourcruiser.com\/de\/\"},{\"@type\":\"ListItem\",\"position\":2,\"name\":\"Shop\",\"item\":\"https:\/\/tourcruiser.com\/de\/shop\/\"},{\"@type\":\"ListItem\",\"position\":3,\"name\":\"TOGA x ASICS Gel Cumulus 16 TG 'Brown Blue Pure Silver'\"}]},{\"@type\":\"WebSite\",\"@id\":\"https:\/\/tourcruiser.com\/de\/#website\",\"url\":\"https:\/\/tourcruiser.com\/de\/\",\"name\":\"Styloral Jewelry Shop\",\"description\":\"Tourcruiser Sneaker Store \u2014 der Ort, an dem das Universum deine Einzigartigkeit trifft.\",\"publisher\":{\"@id\":\"https:\/\/tourcruiser.com\/de\/#organization\"},\"potentialAction\":[{\"@type\":\"SearchAction\",\"target\":{\"@type\":\"EntryPoint\",\"urlTemplate\":\"https:\/\/tourcruiser.com\/de\/?s={search_term_string}\"},\"query-input\":{\"@type\":\"PropertyValueSpecification\",\"valueRequired\":true,\"valueName\":\"search_term_string\"}}],\"inLanguage\":\"de\"},{\"@type\":\"Organization\",\"@id\":\"https:\/\/tourcruiser.com\/de\/#organization\",\"name\":\"STYLORAL PTE. LTD\",\"url\":\"https:\/\/tourcruiser.com\/de\/\",\"logo\":{\"@type\":\"ImageObject\",\"inLanguage\":\"de\",\"@id\":\"https:\/\/tourcruiser.com\/de\/#\/schema\/logo\/image\/\",\"url\":\"https:\/\/www.tourcruiser.com\/wp-content\/uploads\/2025\/12\/logo.png\",\"contentUrl\":\"https:\/\/www.tourcruiser.com\/wp-content\/uploads\/2025\/12\/logo.png\",\"width\":200,\"height\":65,\"caption\":\"STYLORAL PTE. LTD\"},\"image\":{\"@id\":\"https:\/\/tourcruiser.com\/de\/#\/schema\/logo\/image\/\"}}]}<\/script>\n<!-- \/ Yoast SEO plugin. -->","yoast_head_json":{"title":"TOGA x ASICS Gel Cumulus 16 TG 'Brown Blue Pure Silver'  - Tourcruiser PTE. LTD","robots":{"index":"index","follow":"follow","max-snippet":"max-snippet:-1","max-image-preview":"max-image-preview:large","max-video-preview":"max-video-preview:-1"},"canonical":"https:\/\/tourcruiser.com\/de\/products\/toga-x-asics-gel-cumulus-16-tg-brown-blue-pure-silver\/","og_locale":"de_DE","og_type":"article","og_title":"TOGA x ASICS Gel Cumulus 16 TG 'Brown Blue Pure Silver'  - Tourcruiser PTE. LTD","og_description":"ASICS Gel Cumulus 16 \u201d\u201d Brown\/Blue\/Pure Silver","og_url":"https:\/\/tourcruiser.com\/de\/products\/toga-x-asics-gel-cumulus-16-tg-brown-blue-pure-silver\/","og_site_name":"Tourcruiser Sneaker Store","twitter_card":"summary_large_image","twitter_image":"https:\/\/images.novelship.com\/product\/toga_x_asics_gel-cumulus_16_tg__brown_blue_pure_si_0_10498.jpeg","twitter_misc":{"Gesch\u00e4tzte Lesezeit":"1\u00a0Minute"},"schema":{"@context":"https:\/\/schema.org","@graph":[{"@type":"WebPage","@id":"https:\/\/tourcruiser.com\/de\/products\/toga-x-asics-gel-cumulus-16-tg-brown-blue-pure-silver\/","url":"https:\/\/tourcruiser.com\/de\/products\/toga-x-asics-gel-cumulus-16-tg-brown-blue-pure-silver\/","name":"TOGA x ASICS Gel Cumulus 16 TG 'Brown Blue Pure Silver' - Tourcruiser PTE. LTD","isPartOf":{"@id":"https:\/\/tourcruiser.com\/de\/#website"},"primaryImageOfPage":{"@id":"https:\/\/tourcruiser.com\/de\/products\/toga-x-asics-gel-cumulus-16-tg-brown-blue-pure-silver\/#primaryimage"},"image":{"@id":"https:\/\/tourcruiser.com\/de\/products\/toga-x-asics-gel-cumulus-16-tg-brown-blue-pure-silver\/#primaryimage"},"thumbnailUrl":"https:\/\/images.novelship.com\/product\/toga_x_asics_gel-cumulus_16_tg__brown_blue_pure_si_0_10498.jpeg","datePublished":"2026-03-02T08:41:16+00:00","breadcrumb":{"@id":"https:\/\/tourcruiser.com\/de\/products\/toga-x-asics-gel-cumulus-16-tg-brown-blue-pure-silver\/#breadcrumb"},"inLanguage":"de","potentialAction":[{"@type":"ReadAction","target":["https:\/\/tourcruiser.com\/de\/products\/toga-x-asics-gel-cumulus-16-tg-brown-blue-pure-silver\/"]}]},{"@type":"ImageObject","inLanguage":"de","@id":"https:\/\/tourcruiser.com\/de\/products\/toga-x-asics-gel-cumulus-16-tg-brown-blue-pure-silver\/#primaryimage","url":"https:\/\/images.novelship.com\/product\/toga_x_asics_gel-cumulus_16_tg__brown_blue_pure_si_0_10498.jpeg","contentUrl":"https:\/\/images.novelship.com\/product\/toga_x_asics_gel-cumulus_16_tg__brown_blue_pure_si_0_10498.jpeg"},{"@type":"BreadcrumbList","@id":"https:\/\/tourcruiser.com\/de\/products\/toga-x-asics-gel-cumulus-16-tg-brown-blue-pure-silver\/#breadcrumb","itemListElement":[{"@type":"ListItem","position":1,"name":"Home","item":"https:\/\/tourcruiser.com\/de\/"},{"@type":"ListItem","position":2,"name":"Shop","item":"https:\/\/tourcruiser.com\/de\/shop\/"},{"@type":"ListItem","position":3,"name":"TOGA x ASICS Gel Cumulus 16 TG 'Brown Blue Pure Silver'"}]},{"@type":"WebSite","@id":"https:\/\/tourcruiser.com\/de\/#website","url":"https:\/\/tourcruiser.com\/de\/","name":"Styloral Jewelry Shop","description":"Tourcruiser Sneaker Store \u2014 der Ort, an dem das Universum deine Einzigartigkeit trifft.","publisher":{"@id":"https:\/\/tourcruiser.com\/de\/#organization"},"potentialAction":[{"@type":"SearchAction","target":{"@type":"EntryPoint","urlTemplate":"https:\/\/tourcruiser.com\/de\/?s={search_term_string}"},"query-input":{"@type":"PropertyValueSpecification","valueRequired":true,"valueName":"search_term_string"}}],"inLanguage":"de"},{"@type":"Organization","@id":"https:\/\/tourcruiser.com\/de\/#organization","name":"STYLORAL PTE. LTD","url":"https:\/\/tourcruiser.com\/de\/","logo":{"@type":"ImageObject","inLanguage":"de","@id":"https:\/\/tourcruiser.com\/de\/#\/schema\/logo\/image\/","url":"https:\/\/www.tourcruiser.com\/wp-content\/uploads\/2025\/12\/logo.png","contentUrl":"https:\/\/www.tourcruiser.com\/wp-content\/uploads\/2025\/12\/logo.png","width":200,"height":65,"caption":"STYLORAL PTE. LTD"},"image":{"@id":"https:\/\/tourcruiser.com\/de\/#\/schema\/logo\/image\/"}}]}},"_links":{"self":[{"href":"https:\/\/tourcruiser.com\/de\/wp-json\/wp\/v2\/product\/143870","targetHints":{"allow":["GET"]}}],"collection":[{"href":"https:\/\/tourcruiser.com\/de\/wp-json\/wp\/v2\/product"}],"about":[{"href":"https:\/\/tourcruiser.com\/de\/wp-json\/wp\/v2\/types\/product"}],"replies":[{"embeddable":true,"href":"https:\/\/tourcruiser.com\/de\/wp-json\/wp\/v2\/comments?post=143870"}],"wp:featuredmedia":[{"embeddable":true,"href":"https:\/\/tourcruiser.com\/de\/wp-json\/wp\/v2\/media\/143871"}],"wp:attachment":[{"href":"https:\/\/tourcruiser.com\/de\/wp-json\/wp\/v2\/media?parent=143870"}],"wp:term":[{"taxonomy":"product_brand","embeddable":true,"href":"https:\/\/tourcruiser.com\/de\/wp-json\/wp\/v2\/product_brand?post=143870"},{"taxonomy":"product_cat","embeddable":true,"href":"https:\/\/tourcruiser.com\/de\/wp-json\/wp\/v2\/product_cat?post=143870"},{"taxonomy":"product_tag","embeddable":true,"href":"https:\/\/tourcruiser.com\/de\/wp-json\/wp\/v2\/product_tag?post=143870"}],"curies":[{"name":"wp","href":"https:\/\/api.w.org\/{rel}","templated":true}]}}