{"id":143861,"date":"2026-03-02T15:41:15","date_gmt":"2026-03-02T08:41:15","guid":{"rendered":"http:\/\/tourcruiser.com\/product\/women-hello-kitty-x-adidas-falcon-black-clear-pink"},"modified":"2026-03-28T01:15:45","modified_gmt":"2026-03-27T18:15:45","slug":"women-hello-kitty-x-adidas-falcon-black-clear-pink","status":"publish","type":"product","link":"https:\/\/tourcruiser.com\/de\/products\/women-hello-kitty-x-adidas-falcon-black-clear-pink\/","title":{"rendered":"(Women) Hello Kitty x adidas Falcon &#8218;Black Clear Pink&#8216;"},"content":{"rendered":"<p>Erlebe die verspielte Kombination aus Komfort und Charme mit den adidas FLCN Hello Kitty Sneakers IG6788 \u201d\u201c die perfekte Fusion aus sportlichem Design und ikonischen Hello Kitty Details. Diese Sneakers bestechen durch ein leichtes, atmungsaktives Obermaterial mit dezenten Hello Kitty Akzenten, die deinem Alltagslook eine verspielte und zugleich stylische Note verleihen. Die strapazierf\u00e4hige Gummisohle sorgt f\u00fcr zuverl\u00e4ssigen Halt, w\u00e4hrend die weiche Cloudfoam-Zwischensohle f\u00fcr hervorragende D\u00e4mpfung den ganzen Tag \u00fcber sorgt. Diese Schuhe sind ein Muss f\u00fcr Hello Kitty Fans und Sneaker-Liebhaber gleicherma\u00dfen und vereinen Funktionalit\u00e4t mit fr\u00f6hlicher \u00c4sthetik. Ob f\u00fcr die Stra\u00dfe oder als verspielter Hingucker zu deinem Casual-Outfit \u201d\u201c die adidas FLCN Hello Kitty Sneaker sind der perfekte Begleiter f\u00fcr Komfort und Style.<\/p>\n<ul>\n<li><strong>Farbgebung:<\/strong> Core Black\/Clear Pink\/Off White<\/li>\n<li><strong>Style-Code:<\/strong> IG6788<\/li>\n<li><strong>Obermaterial:<\/strong> Wildleder<\/li>\n<li><strong>Zwischensohle:<\/strong> EVA<\/li>\n<li><strong>Farbe:<\/strong> Schwarz<\/li>\n<\/ul>\n","protected":false},"excerpt":{"rendered":"<p>adidas FLCN Hello Kitty \u201d\u201d Core Black\/Clear Pink\/Off White<\/p>\n","protected":false},"featured_media":143862,"comment_status":"open","ping_status":"closed","template":"","meta":[],"product_brand":[],"product_cat":[10941],"product_tag":[10759,10750,10754,10765,10768,10758],"class_list":{"0":"post-143861","1":"product","2":"type-product","3":"status-publish","4":"has-post-thumbnail","6":"product_cat-adidas-women","7":"product_tag-adidas","8":"product_tag-athleisure-shoes","9":"product_tag-lifestyle-casual-shoes","10":"product_tag-lifestyle-shoes-running-inspired","11":"product_tag-retro-running-shoes","12":"product_tag-under-retail","13":"wcpa_has_options","15":"first","16":"outofstock","17":"taxable","18":"shipping-taxable","19":"purchasable","20":"product-type-simple"},"wcpa_form_fields":{"rules":{"pric_overide_base_price":false,"pric_overide_base_price_if_gt_zero":false,"pric_overide_base_price_fully":false,"pric_cal_option_once":false,"pric_use_as_fee":false,"bind_quantity":false,"quantity_bind_formula":false},"fields":[{"type":"color-group","required":true,"elementId":"wcpa-color-group-66c4a7f817afe","label":"Gr\u00f6\u00dfe","inline":true,"priceOptions":"different_for_all","pricingType":"fixed","className":"hassizechart product-shoes-size-eu product-shoes-size","name":"color-group-66c4a7f817b18","disp_type":"square","selection_type":"tick-border","disp_size":"50","show_label_inside":true,"adjust_width":true,"cart_display_type":"text","other_text":"Other","cl_rule":"show","col":6,"values":[{"label":"35","value":"EU 35","price":"","pimage":"","pimage_id":"","pthumb":"","color":""},{"label":"35.5","value":"EU 35.5","price":"","pimage":"","pimage_id":"","pthumb":"","color":""},{"label":"36","value":"EU 36","price":"","pimage":"","pimage_id":"","pthumb":"","color":"","selected":true},{"label":"36 2\/3","value":"EU 36 2\/3","price":"","pimage":"","pimage_id":"","pthumb":"","color":""},{"label":"37 1\/3","value":"EU 37 1\/3","price":"","pimage":"","pimage_id":"","pthumb":"","color":""},{"label":"38","value":"EU 38","price":"","pimage":"","pimage_id":"","pthumb":"","color":""},{"label":"38 2\/3","value":"EU 38 2\/3","price":"","pimage":"","pimage_id":"","pthumb":"","color":""},{"label":"39 1\/3","value":"EU 39 1\/3","price":"","pimage":"","pimage_id":"","pthumb":"","color":""},{"label":"40","value":"EU 40","price":"","pimage":"","pimage_id":"","pthumb":"","color":""},{"label":"40 2\/3","value":"EU 40 2\/3","price":"","pimage":"","pimage_id":"","pthumb":"","color":""},{"label":"41 1\/3","value":"EU 41 1\/3","price":"","pimage":"","pimage_id":"","pthumb":"","color":""},{"label":"42","value":"EU 42","price":"","pimage":"","pimage_id":"","pthumb":"","color":""},{"label":"42 2\/3","value":"EU 42 2\/3","price":"","pimage":"","pimage_id":"","pthumb":"","color":""},{"label":"43 1\/3","value":"EU 43 1\/3","price":"","pimage":"","pimage_id":"","pthumb":"","color":""},{"label":"44","value":"EU 44","price":"","pimage":"","pimage_id":"","pthumb":"","color":""},{"label":"44 2\/3","value":"EU 44 2\/3","price":"","pimage":"","pimage_id":"","pthumb":"","color":""},{"label":"45 1\/3","value":"EU 45 1\/3","price":"","pimage":"","pimage_id":"","pthumb":"","color":""},{"label":"46","value":"EU 46","price":"","pimage":"","pimage_id":"","pthumb":"","color":""},{"label":"46 2\/3","value":"EU 46 2\/3","price":"","pimage":"","pimage_id":"","pthumb":"","color":""},{"label":"47 1\/3","value":"EU 47 1\/3","price":"","pimage":"","pimage_id":"","pthumb":"","color":""}],"relations":[{"operator":false,"rules":[]}],"form_id":24802,"form_rules":{"pric_cal_option_once":false,"exclude_from_discount":false,"pric_use_as_fee":false,"fee_label":"Fee","render_after_acb":false,"disp_hide_options_price":false}}]},"yoast_head":"<!-- This site is optimized with the Yoast SEO plugin v26.5 - https:\/\/yoast.com\/wordpress\/plugins\/seo\/ -->\n<title>(Women) Hello Kitty x adidas Falcon &#039;Black Clear Pink&#039;  - Tourcruiser PTE. LTD<\/title>\n<meta name=\"robots\" content=\"index, follow, max-snippet:-1, max-image-preview:large, max-video-preview:-1\" \/>\n<link rel=\"canonical\" href=\"https:\/\/tourcruiser.com\/de\/products\/women-hello-kitty-x-adidas-falcon-black-clear-pink\/\" \/>\n<meta property=\"og:locale\" content=\"de_DE\" \/>\n<meta property=\"og:type\" content=\"article\" \/>\n<meta property=\"og:title\" content=\"(Women) Hello Kitty x adidas Falcon &#039;Black Clear Pink&#039;  - Tourcruiser PTE. LTD\" \/>\n<meta property=\"og:description\" content=\"adidas FLCN Hello Kitty \u201d\u201d Core Black\/Clear Pink\/Off White\" \/>\n<meta property=\"og:url\" content=\"https:\/\/tourcruiser.com\/de\/products\/women-hello-kitty-x-adidas-falcon-black-clear-pink\/\" \/>\n<meta property=\"og:site_name\" content=\"Tourcruiser Sneaker Store\" \/>\n<meta property=\"article:modified_time\" content=\"2026-03-27T18:15:45+00:00\" \/>\n<meta name=\"twitter:card\" content=\"summary_large_image\" \/>\n<meta name=\"twitter:image\" content=\"https:\/\/images.novelship.com\/product\/_w__adidas_flcn_hello_kitty_sneakers_ig6788_0_83663.jpeg;https:\/\/images.novelship.com\/product\/_w__adidas_flcn_hello_kitty_sneakers_ig6788_1_83663.jpeg;https:\/\/images.novelship.com\/product\/_w__adidas_flcn_hello_kitty_sneakers_ig6788_2_83663.jpeg;https:\/\/images.novelship.com\/product\/_w__adidas_flcn_hello_kitty_sneakers_ig6788_3_83664.jpeg;https:\/\/images.novelship.com\/product\/_w__adidas_flcn_hello_kitty_sneakers_ig6788_4_83664.jpeg;https:\/\/images.novelship.com\/product\/_w__adidas_flcn_hello_kitty_sneakers_ig6788_5_83664.jpeg;https:\/\/images.novelship.com\/product\/_w__adidas_flcn_hello_kitty_sneakers_ig6788_6_83664.jpeg;https:\/\/images.novelship.com\/product\/_w__adidas_flcn_hello_kitty_sneakers_ig6788_7_83664.jpeg\" \/>\n<meta name=\"twitter:label1\" content=\"Gesch\u00e4tzte Lesezeit\" \/>\n\t<meta name=\"twitter:data1\" content=\"1\u00a0Minute\" \/>\n<script type=\"application\/ld+json\" class=\"yoast-schema-graph\">{\"@context\":\"https:\/\/schema.org\",\"@graph\":[{\"@type\":\"WebPage\",\"@id\":\"https:\/\/tourcruiser.com\/de\/products\/women-hello-kitty-x-adidas-falcon-black-clear-pink\/\",\"url\":\"https:\/\/tourcruiser.com\/de\/products\/women-hello-kitty-x-adidas-falcon-black-clear-pink\/\",\"name\":\"(Women) Hello Kitty x adidas Falcon 'Black Clear Pink' - Tourcruiser PTE. LTD\",\"isPartOf\":{\"@id\":\"https:\/\/tourcruiser.com\/de\/#website\"},\"primaryImageOfPage\":{\"@id\":\"https:\/\/tourcruiser.com\/de\/products\/women-hello-kitty-x-adidas-falcon-black-clear-pink\/#primaryimage\"},\"image\":{\"@id\":\"https:\/\/tourcruiser.com\/de\/products\/women-hello-kitty-x-adidas-falcon-black-clear-pink\/#primaryimage\"},\"thumbnailUrl\":\"https:\/\/images.novelship.com\/product\/_w__adidas_flcn_hello_kitty_sneakers_ig6788_0_83663.jpeg;https:\/\/images.novelship.com\/product\/_w__adidas_flcn_hello_kitty_sneakers_ig6788_1_83663.jpeg;https:\/\/images.novelship.com\/product\/_w__adidas_flcn_hello_kitty_sneakers_ig6788_2_83663.jpeg;https:\/\/images.novelship.com\/product\/_w__adidas_flcn_hello_kitty_sneakers_ig6788_3_83664.jpeg;https:\/\/images.novelship.com\/product\/_w__adidas_flcn_hello_kitty_sneakers_ig6788_4_83664.jpeg;https:\/\/images.novelship.com\/product\/_w__adidas_flcn_hello_kitty_sneakers_ig6788_5_83664.jpeg;https:\/\/images.novelship.com\/product\/_w__adidas_flcn_hello_kitty_sneakers_ig6788_6_83664.jpeg;https:\/\/images.novelship.com\/product\/_w__adidas_flcn_hello_kitty_sneakers_ig6788_7_83664.jpeg\",\"datePublished\":\"2026-03-02T08:41:15+00:00\",\"dateModified\":\"2026-03-27T18:15:45+00:00\",\"breadcrumb\":{\"@id\":\"https:\/\/tourcruiser.com\/de\/products\/women-hello-kitty-x-adidas-falcon-black-clear-pink\/#breadcrumb\"},\"inLanguage\":\"de\",\"potentialAction\":[{\"@type\":\"ReadAction\",\"target\":[\"https:\/\/tourcruiser.com\/de\/products\/women-hello-kitty-x-adidas-falcon-black-clear-pink\/\"]}]},{\"@type\":\"ImageObject\",\"inLanguage\":\"de\",\"@id\":\"https:\/\/tourcruiser.com\/de\/products\/women-hello-kitty-x-adidas-falcon-black-clear-pink\/#primaryimage\",\"url\":\"https:\/\/images.novelship.com\/product\/_w__adidas_flcn_hello_kitty_sneakers_ig6788_0_83663.jpeg;https:\/\/images.novelship.com\/product\/_w__adidas_flcn_hello_kitty_sneakers_ig6788_1_83663.jpeg;https:\/\/images.novelship.com\/product\/_w__adidas_flcn_hello_kitty_sneakers_ig6788_2_83663.jpeg;https:\/\/images.novelship.com\/product\/_w__adidas_flcn_hello_kitty_sneakers_ig6788_3_83664.jpeg;https:\/\/images.novelship.com\/product\/_w__adidas_flcn_hello_kitty_sneakers_ig6788_4_83664.jpeg;https:\/\/images.novelship.com\/product\/_w__adidas_flcn_hello_kitty_sneakers_ig6788_5_83664.jpeg;https:\/\/images.novelship.com\/product\/_w__adidas_flcn_hello_kitty_sneakers_ig6788_6_83664.jpeg;https:\/\/images.novelship.com\/product\/_w__adidas_flcn_hello_kitty_sneakers_ig6788_7_83664.jpeg\",\"contentUrl\":\"https:\/\/images.novelship.com\/product\/_w__adidas_flcn_hello_kitty_sneakers_ig6788_0_83663.jpeg;https:\/\/images.novelship.com\/product\/_w__adidas_flcn_hello_kitty_sneakers_ig6788_1_83663.jpeg;https:\/\/images.novelship.com\/product\/_w__adidas_flcn_hello_kitty_sneakers_ig6788_2_83663.jpeg;https:\/\/images.novelship.com\/product\/_w__adidas_flcn_hello_kitty_sneakers_ig6788_3_83664.jpeg;https:\/\/images.novelship.com\/product\/_w__adidas_flcn_hello_kitty_sneakers_ig6788_4_83664.jpeg;https:\/\/images.novelship.com\/product\/_w__adidas_flcn_hello_kitty_sneakers_ig6788_5_83664.jpeg;https:\/\/images.novelship.com\/product\/_w__adidas_flcn_hello_kitty_sneakers_ig6788_6_83664.jpeg;https:\/\/images.novelship.com\/product\/_w__adidas_flcn_hello_kitty_sneakers_ig6788_7_83664.jpeg\"},{\"@type\":\"BreadcrumbList\",\"@id\":\"https:\/\/tourcruiser.com\/de\/products\/women-hello-kitty-x-adidas-falcon-black-clear-pink\/#breadcrumb\",\"itemListElement\":[{\"@type\":\"ListItem\",\"position\":1,\"name\":\"Home\",\"item\":\"https:\/\/tourcruiser.com\/de\/\"},{\"@type\":\"ListItem\",\"position\":2,\"name\":\"Shop\",\"item\":\"https:\/\/tourcruiser.com\/de\/shop\/\"},{\"@type\":\"ListItem\",\"position\":3,\"name\":\"(Women) Hello Kitty x adidas Falcon 'Black Clear Pink'\"}]},{\"@type\":\"WebSite\",\"@id\":\"https:\/\/tourcruiser.com\/de\/#website\",\"url\":\"https:\/\/tourcruiser.com\/de\/\",\"name\":\"Styloral Jewelry Shop\",\"description\":\"Tourcruiser Sneaker Store \u2014 der Ort, an dem das Universum deine Einzigartigkeit trifft.\",\"publisher\":{\"@id\":\"https:\/\/tourcruiser.com\/de\/#organization\"},\"potentialAction\":[{\"@type\":\"SearchAction\",\"target\":{\"@type\":\"EntryPoint\",\"urlTemplate\":\"https:\/\/tourcruiser.com\/de\/?s={search_term_string}\"},\"query-input\":{\"@type\":\"PropertyValueSpecification\",\"valueRequired\":true,\"valueName\":\"search_term_string\"}}],\"inLanguage\":\"de\"},{\"@type\":\"Organization\",\"@id\":\"https:\/\/tourcruiser.com\/de\/#organization\",\"name\":\"STYLORAL PTE. LTD\",\"url\":\"https:\/\/tourcruiser.com\/de\/\",\"logo\":{\"@type\":\"ImageObject\",\"inLanguage\":\"de\",\"@id\":\"https:\/\/tourcruiser.com\/de\/#\/schema\/logo\/image\/\",\"url\":\"https:\/\/www.tourcruiser.com\/wp-content\/uploads\/2025\/12\/logo.png\",\"contentUrl\":\"https:\/\/www.tourcruiser.com\/wp-content\/uploads\/2025\/12\/logo.png\",\"width\":200,\"height\":65,\"caption\":\"STYLORAL PTE. LTD\"},\"image\":{\"@id\":\"https:\/\/tourcruiser.com\/de\/#\/schema\/logo\/image\/\"}}]}<\/script>\n<!-- \/ Yoast SEO plugin. -->","yoast_head_json":{"title":"(Women) Hello Kitty x adidas Falcon 'Black Clear Pink'  - Tourcruiser PTE. LTD","robots":{"index":"index","follow":"follow","max-snippet":"max-snippet:-1","max-image-preview":"max-image-preview:large","max-video-preview":"max-video-preview:-1"},"canonical":"https:\/\/tourcruiser.com\/de\/products\/women-hello-kitty-x-adidas-falcon-black-clear-pink\/","og_locale":"de_DE","og_type":"article","og_title":"(Women) Hello Kitty x adidas Falcon 'Black Clear Pink'  - Tourcruiser PTE. LTD","og_description":"adidas FLCN Hello Kitty \u201d\u201d Core Black\/Clear Pink\/Off White","og_url":"https:\/\/tourcruiser.com\/de\/products\/women-hello-kitty-x-adidas-falcon-black-clear-pink\/","og_site_name":"Tourcruiser Sneaker Store","article_modified_time":"2026-03-27T18:15:45+00:00","twitter_card":"summary_large_image","twitter_image":"https:\/\/images.novelship.com\/product\/_w__adidas_flcn_hello_kitty_sneakers_ig6788_0_83663.jpeg;https:\/\/images.novelship.com\/product\/_w__adidas_flcn_hello_kitty_sneakers_ig6788_1_83663.jpeg;https:\/\/images.novelship.com\/product\/_w__adidas_flcn_hello_kitty_sneakers_ig6788_2_83663.jpeg;https:\/\/images.novelship.com\/product\/_w__adidas_flcn_hello_kitty_sneakers_ig6788_3_83664.jpeg;https:\/\/images.novelship.com\/product\/_w__adidas_flcn_hello_kitty_sneakers_ig6788_4_83664.jpeg;https:\/\/images.novelship.com\/product\/_w__adidas_flcn_hello_kitty_sneakers_ig6788_5_83664.jpeg;https:\/\/images.novelship.com\/product\/_w__adidas_flcn_hello_kitty_sneakers_ig6788_6_83664.jpeg;https:\/\/images.novelship.com\/product\/_w__adidas_flcn_hello_kitty_sneakers_ig6788_7_83664.jpeg","twitter_misc":{"Gesch\u00e4tzte Lesezeit":"1\u00a0Minute"},"schema":{"@context":"https:\/\/schema.org","@graph":[{"@type":"WebPage","@id":"https:\/\/tourcruiser.com\/de\/products\/women-hello-kitty-x-adidas-falcon-black-clear-pink\/","url":"https:\/\/tourcruiser.com\/de\/products\/women-hello-kitty-x-adidas-falcon-black-clear-pink\/","name":"(Women) Hello Kitty x adidas Falcon 'Black Clear Pink' - Tourcruiser PTE. LTD","isPartOf":{"@id":"https:\/\/tourcruiser.com\/de\/#website"},"primaryImageOfPage":{"@id":"https:\/\/tourcruiser.com\/de\/products\/women-hello-kitty-x-adidas-falcon-black-clear-pink\/#primaryimage"},"image":{"@id":"https:\/\/tourcruiser.com\/de\/products\/women-hello-kitty-x-adidas-falcon-black-clear-pink\/#primaryimage"},"thumbnailUrl":"https:\/\/images.novelship.com\/product\/_w__adidas_flcn_hello_kitty_sneakers_ig6788_0_83663.jpeg;https:\/\/images.novelship.com\/product\/_w__adidas_flcn_hello_kitty_sneakers_ig6788_1_83663.jpeg;https:\/\/images.novelship.com\/product\/_w__adidas_flcn_hello_kitty_sneakers_ig6788_2_83663.jpeg;https:\/\/images.novelship.com\/product\/_w__adidas_flcn_hello_kitty_sneakers_ig6788_3_83664.jpeg;https:\/\/images.novelship.com\/product\/_w__adidas_flcn_hello_kitty_sneakers_ig6788_4_83664.jpeg;https:\/\/images.novelship.com\/product\/_w__adidas_flcn_hello_kitty_sneakers_ig6788_5_83664.jpeg;https:\/\/images.novelship.com\/product\/_w__adidas_flcn_hello_kitty_sneakers_ig6788_6_83664.jpeg;https:\/\/images.novelship.com\/product\/_w__adidas_flcn_hello_kitty_sneakers_ig6788_7_83664.jpeg","datePublished":"2026-03-02T08:41:15+00:00","dateModified":"2026-03-27T18:15:45+00:00","breadcrumb":{"@id":"https:\/\/tourcruiser.com\/de\/products\/women-hello-kitty-x-adidas-falcon-black-clear-pink\/#breadcrumb"},"inLanguage":"de","potentialAction":[{"@type":"ReadAction","target":["https:\/\/tourcruiser.com\/de\/products\/women-hello-kitty-x-adidas-falcon-black-clear-pink\/"]}]},{"@type":"ImageObject","inLanguage":"de","@id":"https:\/\/tourcruiser.com\/de\/products\/women-hello-kitty-x-adidas-falcon-black-clear-pink\/#primaryimage","url":"https:\/\/images.novelship.com\/product\/_w__adidas_flcn_hello_kitty_sneakers_ig6788_0_83663.jpeg;https:\/\/images.novelship.com\/product\/_w__adidas_flcn_hello_kitty_sneakers_ig6788_1_83663.jpeg;https:\/\/images.novelship.com\/product\/_w__adidas_flcn_hello_kitty_sneakers_ig6788_2_83663.jpeg;https:\/\/images.novelship.com\/product\/_w__adidas_flcn_hello_kitty_sneakers_ig6788_3_83664.jpeg;https:\/\/images.novelship.com\/product\/_w__adidas_flcn_hello_kitty_sneakers_ig6788_4_83664.jpeg;https:\/\/images.novelship.com\/product\/_w__adidas_flcn_hello_kitty_sneakers_ig6788_5_83664.jpeg;https:\/\/images.novelship.com\/product\/_w__adidas_flcn_hello_kitty_sneakers_ig6788_6_83664.jpeg;https:\/\/images.novelship.com\/product\/_w__adidas_flcn_hello_kitty_sneakers_ig6788_7_83664.jpeg","contentUrl":"https:\/\/images.novelship.com\/product\/_w__adidas_flcn_hello_kitty_sneakers_ig6788_0_83663.jpeg;https:\/\/images.novelship.com\/product\/_w__adidas_flcn_hello_kitty_sneakers_ig6788_1_83663.jpeg;https:\/\/images.novelship.com\/product\/_w__adidas_flcn_hello_kitty_sneakers_ig6788_2_83663.jpeg;https:\/\/images.novelship.com\/product\/_w__adidas_flcn_hello_kitty_sneakers_ig6788_3_83664.jpeg;https:\/\/images.novelship.com\/product\/_w__adidas_flcn_hello_kitty_sneakers_ig6788_4_83664.jpeg;https:\/\/images.novelship.com\/product\/_w__adidas_flcn_hello_kitty_sneakers_ig6788_5_83664.jpeg;https:\/\/images.novelship.com\/product\/_w__adidas_flcn_hello_kitty_sneakers_ig6788_6_83664.jpeg;https:\/\/images.novelship.com\/product\/_w__adidas_flcn_hello_kitty_sneakers_ig6788_7_83664.jpeg"},{"@type":"BreadcrumbList","@id":"https:\/\/tourcruiser.com\/de\/products\/women-hello-kitty-x-adidas-falcon-black-clear-pink\/#breadcrumb","itemListElement":[{"@type":"ListItem","position":1,"name":"Home","item":"https:\/\/tourcruiser.com\/de\/"},{"@type":"ListItem","position":2,"name":"Shop","item":"https:\/\/tourcruiser.com\/de\/shop\/"},{"@type":"ListItem","position":3,"name":"(Women) Hello Kitty x adidas Falcon 'Black Clear Pink'"}]},{"@type":"WebSite","@id":"https:\/\/tourcruiser.com\/de\/#website","url":"https:\/\/tourcruiser.com\/de\/","name":"Styloral Jewelry Shop","description":"Tourcruiser Sneaker Store \u2014 der Ort, an dem das Universum deine Einzigartigkeit trifft.","publisher":{"@id":"https:\/\/tourcruiser.com\/de\/#organization"},"potentialAction":[{"@type":"SearchAction","target":{"@type":"EntryPoint","urlTemplate":"https:\/\/tourcruiser.com\/de\/?s={search_term_string}"},"query-input":{"@type":"PropertyValueSpecification","valueRequired":true,"valueName":"search_term_string"}}],"inLanguage":"de"},{"@type":"Organization","@id":"https:\/\/tourcruiser.com\/de\/#organization","name":"STYLORAL PTE. LTD","url":"https:\/\/tourcruiser.com\/de\/","logo":{"@type":"ImageObject","inLanguage":"de","@id":"https:\/\/tourcruiser.com\/de\/#\/schema\/logo\/image\/","url":"https:\/\/www.tourcruiser.com\/wp-content\/uploads\/2025\/12\/logo.png","contentUrl":"https:\/\/www.tourcruiser.com\/wp-content\/uploads\/2025\/12\/logo.png","width":200,"height":65,"caption":"STYLORAL PTE. LTD"},"image":{"@id":"https:\/\/tourcruiser.com\/de\/#\/schema\/logo\/image\/"}}]}},"_links":{"self":[{"href":"https:\/\/tourcruiser.com\/de\/wp-json\/wp\/v2\/product\/143861","targetHints":{"allow":["GET"]}}],"collection":[{"href":"https:\/\/tourcruiser.com\/de\/wp-json\/wp\/v2\/product"}],"about":[{"href":"https:\/\/tourcruiser.com\/de\/wp-json\/wp\/v2\/types\/product"}],"replies":[{"embeddable":true,"href":"https:\/\/tourcruiser.com\/de\/wp-json\/wp\/v2\/comments?post=143861"}],"wp:featuredmedia":[{"embeddable":true,"href":"https:\/\/tourcruiser.com\/de\/wp-json\/wp\/v2\/media\/143862"}],"wp:attachment":[{"href":"https:\/\/tourcruiser.com\/de\/wp-json\/wp\/v2\/media?parent=143861"}],"wp:term":[{"taxonomy":"product_brand","embeddable":true,"href":"https:\/\/tourcruiser.com\/de\/wp-json\/wp\/v2\/product_brand?post=143861"},{"taxonomy":"product_cat","embeddable":true,"href":"https:\/\/tourcruiser.com\/de\/wp-json\/wp\/v2\/product_cat?post=143861"},{"taxonomy":"product_tag","embeddable":true,"href":"https:\/\/tourcruiser.com\/de\/wp-json\/wp\/v2\/product_tag?post=143861"}],"curies":[{"name":"wp","href":"https:\/\/api.w.org\/{rel}","templated":true}]}}