{"id":143841,"date":"2026-03-02T15:41:14","date_gmt":"2026-03-02T08:41:14","guid":{"rendered":"http:\/\/tourcruiser.com\/product\/women-adidas-adifom-megajane-triple-black"},"modified":"2026-03-28T01:15:45","modified_gmt":"2026-03-27T18:15:45","slug":"women-adidas-adifom-megajane-triple-black","status":"publish","type":"product","link":"https:\/\/tourcruiser.com\/de\/products\/women-adidas-adifom-megajane-triple-black\/","title":{"rendered":"(Women) adidas Adifom Megajane &#8218;Triple Black&#8216;"},"content":{"rendered":"<p>Mit den adidas Adifom Megajane Sneakers, Modell JI2416, erlebst du k\u00fchnen Style und ultimativen Komfort \u201d\u201c die perfekte Fusion aus Innovation und modernem Design. Diese Sneaker mit Statement-Charakter bestechen durch ihre ultraschlanke Silhouette aus leichten Materialien und sind somit ideal f\u00fcr den ganzen Tag, ohne Kompromisse beim Style einzugehen. Der Adifom Megajane, mit seiner futuristischen \u00c4sthetik, ist mit modernster Schaumstofftechnologie f\u00fcr hervorragende D\u00e4mpfung und Unterst\u00fctzung ausgestattet.<\/p>\n<p>Das unverwechselbare Design ist eine Hommage an die adidas Tradition und setzt gleichzeitig modische Ma\u00dfst\u00e4be. Einzigartige Texturdetails und eine robuste Verarbeitung machen ihn zum perfekten Begleiter \u201d\u201c ob auf der Stra\u00dfe oder im Fitnessstudio. Egal ob beim Einkaufen, beim Treffen mit Freunden oder um deinen Athleisure-Look aufzuwerten: Mit diesen Sneakers f\u00e4llst du in jedem Umfeld auf.<\/p>\n<p>Der nachhaltige Produktionsprozess ist Ausdruck des Engagements von adidas f\u00fcr Umweltverantwortung. Diese Sneakers sind somit eine bewusste Wahl f\u00fcr Style und Nachhaltigkeit. Erh\u00e4ltlich in einer vielseitigen Farbpalette, l\u00e4sst sich der Adifom Megajane m\u00fchelos in deine Garderobe integrieren.<\/p>\n<p>Die adidas Adifom Megajane Sneakers wurden f\u00fcr alle entwickelt, die Wert auf Performance und ein markantes Design legen. Sie definieren Schuhe neu und beweisen, dass Komfort und Style kein Widerspruch sein m\u00fcssen. Mit diesem modernen Design, das Funktion und Mode perfekt vereint, verleihst du deinem Sneaker-Look das gewisse Etwas.<\/p>\n<ul>\n<li><strong>Farbgebung:<\/strong> Core Black\/Core Black\/Core Black<\/li>\n<li><strong>Style-Code:<\/strong> JI2416<\/li>\n<li><strong>Obermaterial:<\/strong> Textil<\/li>\n<li><strong>Zwischensohle:<\/strong> Adifom<\/li>\n<li><strong>Farbe:<\/strong> Schwarz<\/li>\n<\/ul>\n","protected":false},"excerpt":{"rendered":"<p>adidas Adifom Megajane \u201d\u201d Core Black\/Core Black\/Core Black<\/p>\n","protected":false},"featured_media":143842,"comment_status":"open","ping_status":"closed","template":"","meta":[],"product_brand":[],"product_cat":[10941],"product_tag":[11169],"class_list":{"0":"post-143841","1":"product","2":"type-product","3":"status-publish","4":"has-post-thumbnail","6":"product_cat-adidas-women","7":"product_tag-small-special-price","8":"wcpa_has_options","10":"first","11":"outofstock","12":"taxable","13":"shipping-taxable","14":"purchasable","15":"product-type-simple"},"wcpa_form_fields":{"rules":{"pric_overide_base_price":false,"pric_overide_base_price_if_gt_zero":false,"pric_overide_base_price_fully":false,"pric_cal_option_once":false,"pric_use_as_fee":false,"bind_quantity":false,"quantity_bind_formula":false},"fields":[{"type":"color-group","required":true,"elementId":"wcpa-color-group-66c4a7f817afe","label":"Gr\u00f6\u00dfe","inline":true,"priceOptions":"different_for_all","pricingType":"fixed","className":"hassizechart product-shoes-size-eu product-shoes-size","name":"color-group-66c4a7f817b18","disp_type":"square","selection_type":"tick-border","disp_size":"50","show_label_inside":true,"adjust_width":true,"cart_display_type":"text","other_text":"Other","cl_rule":"show","col":6,"values":[{"label":"35","value":"EU 35","price":"","pimage":"","pimage_id":"","pthumb":"","color":""},{"label":"35.5","value":"EU 35.5","price":"","pimage":"","pimage_id":"","pthumb":"","color":""},{"label":"36","value":"EU 36","price":"","pimage":"","pimage_id":"","pthumb":"","color":"","selected":true},{"label":"36 2\/3","value":"EU 36 2\/3","price":"","pimage":"","pimage_id":"","pthumb":"","color":""},{"label":"37 1\/3","value":"EU 37 1\/3","price":"","pimage":"","pimage_id":"","pthumb":"","color":""},{"label":"38","value":"EU 38","price":"","pimage":"","pimage_id":"","pthumb":"","color":""},{"label":"38 2\/3","value":"EU 38 2\/3","price":"","pimage":"","pimage_id":"","pthumb":"","color":""},{"label":"39 1\/3","value":"EU 39 1\/3","price":"","pimage":"","pimage_id":"","pthumb":"","color":""},{"label":"40","value":"EU 40","price":"","pimage":"","pimage_id":"","pthumb":"","color":""},{"label":"40 2\/3","value":"EU 40 2\/3","price":"","pimage":"","pimage_id":"","pthumb":"","color":""},{"label":"41 1\/3","value":"EU 41 1\/3","price":"","pimage":"","pimage_id":"","pthumb":"","color":""},{"label":"42","value":"EU 42","price":"","pimage":"","pimage_id":"","pthumb":"","color":""},{"label":"42 2\/3","value":"EU 42 2\/3","price":"","pimage":"","pimage_id":"","pthumb":"","color":""},{"label":"43 1\/3","value":"EU 43 1\/3","price":"","pimage":"","pimage_id":"","pthumb":"","color":""},{"label":"44","value":"EU 44","price":"","pimage":"","pimage_id":"","pthumb":"","color":""},{"label":"44 2\/3","value":"EU 44 2\/3","price":"","pimage":"","pimage_id":"","pthumb":"","color":""},{"label":"45 1\/3","value":"EU 45 1\/3","price":"","pimage":"","pimage_id":"","pthumb":"","color":""},{"label":"46","value":"EU 46","price":"","pimage":"","pimage_id":"","pthumb":"","color":""},{"label":"46 2\/3","value":"EU 46 2\/3","price":"","pimage":"","pimage_id":"","pthumb":"","color":""},{"label":"47 1\/3","value":"EU 47 1\/3","price":"","pimage":"","pimage_id":"","pthumb":"","color":""}],"relations":[{"operator":false,"rules":[]}],"form_id":24802,"form_rules":{"pric_cal_option_once":false,"exclude_from_discount":false,"pric_use_as_fee":false,"fee_label":"Fee","render_after_acb":false,"disp_hide_options_price":false}}]},"yoast_head":"<!-- This site is optimized with the Yoast SEO plugin v26.5 - https:\/\/yoast.com\/wordpress\/plugins\/seo\/ -->\n<title>(Women) adidas Adifom Megajane &#039;Triple Black&#039;  - Tourcruiser PTE. LTD<\/title>\n<meta name=\"robots\" content=\"index, follow, max-snippet:-1, max-image-preview:large, max-video-preview:-1\" \/>\n<link rel=\"canonical\" href=\"https:\/\/tourcruiser.com\/\" \/>\n<meta property=\"og:locale\" content=\"de_DE\" \/>\n<meta property=\"og:type\" content=\"article\" \/>\n<meta property=\"og:title\" content=\"(Women) adidas Adifom Megajane &#039;Triple Black&#039;  - Tourcruiser PTE. LTD\" \/>\n<meta property=\"og:description\" content=\"adidas Adifom Megajane \u201d\u201d Core Black\/Core Black\/Core Black\" \/>\n<meta property=\"og:url\" content=\"\/\" \/>\n<meta property=\"og:site_name\" content=\"Tourcruiser Sneaker Store\" \/>\n<meta property=\"article:modified_time\" content=\"2026-03-27T18:15:45+00:00\" \/>\n<meta name=\"twitter:card\" content=\"summary_large_image\" \/>\n<meta name=\"twitter:image\" content=\"https:\/\/images.novelship.com\/product\/_w__adidas_adifom_megajane_sneakers_ji2416_0_58687.jpeg;https:\/\/images.novelship.com\/product\/_w__adidas_adifom_megajane_sneakers_ji2416_1_58687.jpeg;https:\/\/images.novelship.com\/product\/_w__adidas_adifom_megajane_sneakers_ji2416_2_58687.jpeg;https:\/\/images.novelship.com\/product\/_w__adidas_adifom_megajane_sneakers_ji2416_3_58687.jpeg;https:\/\/images.novelship.com\/product\/_w__adidas_adifom_megajane_sneakers_ji2416_4_58687.jpeg;https:\/\/images.novelship.com\/product\/_w__adidas_adifom_megajane_sneakers_ji2416_5_58687.jpeg;https:\/\/images.novelship.com\/product\/_w__adidas_adifom_megajane_sneakers_ji2416_6_58687.jpeg;https:\/\/images.novelship.com\/product\/_w__adidas_adifom_megajane_sneakers_ji2416_7_58687.jpeg;https:\/\/images.novelship.com\/product\/_w__adidas_adifom_megajane_sneakers_ji2416_8_58687.jpeg;https:\/\/images.novelship.com\/product\/_w__adidas_adifom_megajane_sneakers_ji2416_9_58687.jpeg\" \/>\n<meta name=\"twitter:label1\" content=\"Gesch\u00e4tzte Lesezeit\" \/>\n\t<meta name=\"twitter:data1\" content=\"1\u00a0Minute\" \/>\n<script type=\"application\/ld+json\" class=\"yoast-schema-graph\">{\"@context\":\"https:\/\/schema.org\",\"@graph\":[{\"@type\":\"WebPage\",\"@id\":\"\/\",\"url\":\"https:\/\/tourcruiser.com\/\",\"name\":\"(Women) adidas Adifom Megajane 'Triple Black' - Tourcruiser PTE. LTD\",\"isPartOf\":{\"@id\":\"https:\/\/tourcruiser.com\/de\/#website\"},\"primaryImageOfPage\":{\"@id\":\"https:\/\/tourcruiser.com\/#primaryimage\"},\"image\":{\"@id\":\"https:\/\/tourcruiser.com\/#primaryimage\"},\"thumbnailUrl\":\"https:\/\/images.novelship.com\/product\/_w__adidas_adifom_megajane_sneakers_ji2416_0_58687.jpeg;https:\/\/images.novelship.com\/product\/_w__adidas_adifom_megajane_sneakers_ji2416_1_58687.jpeg;https:\/\/images.novelship.com\/product\/_w__adidas_adifom_megajane_sneakers_ji2416_2_58687.jpeg;https:\/\/images.novelship.com\/product\/_w__adidas_adifom_megajane_sneakers_ji2416_3_58687.jpeg;https:\/\/images.novelship.com\/product\/_w__adidas_adifom_megajane_sneakers_ji2416_4_58687.jpeg;https:\/\/images.novelship.com\/product\/_w__adidas_adifom_megajane_sneakers_ji2416_5_58687.jpeg;https:\/\/images.novelship.com\/product\/_w__adidas_adifom_megajane_sneakers_ji2416_6_58687.jpeg;https:\/\/images.novelship.com\/product\/_w__adidas_adifom_megajane_sneakers_ji2416_7_58687.jpeg;https:\/\/images.novelship.com\/product\/_w__adidas_adifom_megajane_sneakers_ji2416_8_58687.jpeg;https:\/\/images.novelship.com\/product\/_w__adidas_adifom_megajane_sneakers_ji2416_9_58687.jpeg\",\"datePublished\":\"2026-03-02T08:41:14+00:00\",\"dateModified\":\"2026-03-27T18:15:45+00:00\",\"breadcrumb\":{\"@id\":\"https:\/\/tourcruiser.com\/#breadcrumb\"},\"inLanguage\":\"de\",\"potentialAction\":[{\"@type\":\"ReadAction\",\"target\":[\"https:\/\/tourcruiser.com\/\"]}]},{\"@type\":\"ImageObject\",\"inLanguage\":\"de\",\"@id\":\"https:\/\/tourcruiser.com\/#primaryimage\",\"url\":\"https:\/\/images.novelship.com\/product\/_w__adidas_adifom_megajane_sneakers_ji2416_0_58687.jpeg;https:\/\/images.novelship.com\/product\/_w__adidas_adifom_megajane_sneakers_ji2416_1_58687.jpeg;https:\/\/images.novelship.com\/product\/_w__adidas_adifom_megajane_sneakers_ji2416_2_58687.jpeg;https:\/\/images.novelship.com\/product\/_w__adidas_adifom_megajane_sneakers_ji2416_3_58687.jpeg;https:\/\/images.novelship.com\/product\/_w__adidas_adifom_megajane_sneakers_ji2416_4_58687.jpeg;https:\/\/images.novelship.com\/product\/_w__adidas_adifom_megajane_sneakers_ji2416_5_58687.jpeg;https:\/\/images.novelship.com\/product\/_w__adidas_adifom_megajane_sneakers_ji2416_6_58687.jpeg;https:\/\/images.novelship.com\/product\/_w__adidas_adifom_megajane_sneakers_ji2416_7_58687.jpeg;https:\/\/images.novelship.com\/product\/_w__adidas_adifom_megajane_sneakers_ji2416_8_58687.jpeg;https:\/\/images.novelship.com\/product\/_w__adidas_adifom_megajane_sneakers_ji2416_9_58687.jpeg\",\"contentUrl\":\"https:\/\/images.novelship.com\/product\/_w__adidas_adifom_megajane_sneakers_ji2416_0_58687.jpeg;https:\/\/images.novelship.com\/product\/_w__adidas_adifom_megajane_sneakers_ji2416_1_58687.jpeg;https:\/\/images.novelship.com\/product\/_w__adidas_adifom_megajane_sneakers_ji2416_2_58687.jpeg;https:\/\/images.novelship.com\/product\/_w__adidas_adifom_megajane_sneakers_ji2416_3_58687.jpeg;https:\/\/images.novelship.com\/product\/_w__adidas_adifom_megajane_sneakers_ji2416_4_58687.jpeg;https:\/\/images.novelship.com\/product\/_w__adidas_adifom_megajane_sneakers_ji2416_5_58687.jpeg;https:\/\/images.novelship.com\/product\/_w__adidas_adifom_megajane_sneakers_ji2416_6_58687.jpeg;https:\/\/images.novelship.com\/product\/_w__adidas_adifom_megajane_sneakers_ji2416_7_58687.jpeg;https:\/\/images.novelship.com\/product\/_w__adidas_adifom_megajane_sneakers_ji2416_8_58687.jpeg;https:\/\/images.novelship.com\/product\/_w__adidas_adifom_megajane_sneakers_ji2416_9_58687.jpeg\"},{\"@type\":\"BreadcrumbList\",\"@id\":\"https:\/\/tourcruiser.com\/#breadcrumb\",\"itemListElement\":[{\"@type\":\"ListItem\",\"position\":1,\"name\":\"Home\",\"item\":\"https:\/\/tourcruiser.com\/de\/\"},{\"@type\":\"ListItem\",\"position\":2,\"name\":\"Shop\",\"item\":\"https:\/\/tourcruiser.com\/de\/shop\/\"},{\"@type\":\"ListItem\",\"position\":3,\"name\":\"(Women) adidas Adifom Megajane &#8218;Triple Black&#8216;\"}]},{\"@type\":\"WebSite\",\"@id\":\"https:\/\/tourcruiser.com\/de\/#website\",\"url\":\"https:\/\/tourcruiser.com\/de\/\",\"name\":\"Styloral Jewelry Shop\",\"description\":\"Tourcruiser Sneaker Store \u2014 der Ort, an dem das Universum deine Einzigartigkeit trifft.\",\"publisher\":{\"@id\":\"https:\/\/tourcruiser.com\/de\/#organization\"},\"potentialAction\":[{\"@type\":\"SearchAction\",\"target\":{\"@type\":\"EntryPoint\",\"urlTemplate\":\"https:\/\/tourcruiser.com\/de\/?s={search_term_string}\"},\"query-input\":{\"@type\":\"PropertyValueSpecification\",\"valueRequired\":true,\"valueName\":\"search_term_string\"}}],\"inLanguage\":\"de\"},{\"@type\":\"Organization\",\"@id\":\"https:\/\/tourcruiser.com\/de\/#organization\",\"name\":\"STYLORAL PTE. LTD\",\"url\":\"https:\/\/tourcruiser.com\/de\/\",\"logo\":{\"@type\":\"ImageObject\",\"inLanguage\":\"de\",\"@id\":\"https:\/\/tourcruiser.com\/de\/#\/schema\/logo\/image\/\",\"url\":\"https:\/\/www.tourcruiser.com\/wp-content\/uploads\/2025\/12\/logo.png\",\"contentUrl\":\"https:\/\/www.tourcruiser.com\/wp-content\/uploads\/2025\/12\/logo.png\",\"width\":200,\"height\":65,\"caption\":\"STYLORAL PTE. LTD\"},\"image\":{\"@id\":\"https:\/\/tourcruiser.com\/de\/#\/schema\/logo\/image\/\"}}]}<\/script>\n<!-- \/ Yoast SEO plugin. -->","yoast_head_json":{"title":"(Women) adidas Adifom Megajane 'Triple Black'  - Tourcruiser PTE. LTD","robots":{"index":"index","follow":"follow","max-snippet":"max-snippet:-1","max-image-preview":"max-image-preview:large","max-video-preview":"max-video-preview:-1"},"canonical":"https:\/\/tourcruiser.com\/","og_locale":"de_DE","og_type":"article","og_title":"(Women) adidas Adifom Megajane 'Triple Black'  - Tourcruiser PTE. LTD","og_description":"adidas Adifom Megajane \u201d\u201d Core Black\/Core Black\/Core Black","og_url":"\/","og_site_name":"Tourcruiser Sneaker Store","article_modified_time":"2026-03-27T18:15:45+00:00","twitter_card":"summary_large_image","twitter_image":"https:\/\/images.novelship.com\/product\/_w__adidas_adifom_megajane_sneakers_ji2416_0_58687.jpeg;https:\/\/images.novelship.com\/product\/_w__adidas_adifom_megajane_sneakers_ji2416_1_58687.jpeg;https:\/\/images.novelship.com\/product\/_w__adidas_adifom_megajane_sneakers_ji2416_2_58687.jpeg;https:\/\/images.novelship.com\/product\/_w__adidas_adifom_megajane_sneakers_ji2416_3_58687.jpeg;https:\/\/images.novelship.com\/product\/_w__adidas_adifom_megajane_sneakers_ji2416_4_58687.jpeg;https:\/\/images.novelship.com\/product\/_w__adidas_adifom_megajane_sneakers_ji2416_5_58687.jpeg;https:\/\/images.novelship.com\/product\/_w__adidas_adifom_megajane_sneakers_ji2416_6_58687.jpeg;https:\/\/images.novelship.com\/product\/_w__adidas_adifom_megajane_sneakers_ji2416_7_58687.jpeg;https:\/\/images.novelship.com\/product\/_w__adidas_adifom_megajane_sneakers_ji2416_8_58687.jpeg;https:\/\/images.novelship.com\/product\/_w__adidas_adifom_megajane_sneakers_ji2416_9_58687.jpeg","twitter_misc":{"Gesch\u00e4tzte Lesezeit":"1\u00a0Minute"},"schema":{"@context":"https:\/\/schema.org","@graph":[{"@type":"WebPage","@id":"\/","url":"https:\/\/tourcruiser.com\/","name":"(Women) adidas Adifom Megajane 'Triple Black' - Tourcruiser PTE. LTD","isPartOf":{"@id":"https:\/\/tourcruiser.com\/de\/#website"},"primaryImageOfPage":{"@id":"https:\/\/tourcruiser.com\/#primaryimage"},"image":{"@id":"https:\/\/tourcruiser.com\/#primaryimage"},"thumbnailUrl":"https:\/\/images.novelship.com\/product\/_w__adidas_adifom_megajane_sneakers_ji2416_0_58687.jpeg;https:\/\/images.novelship.com\/product\/_w__adidas_adifom_megajane_sneakers_ji2416_1_58687.jpeg;https:\/\/images.novelship.com\/product\/_w__adidas_adifom_megajane_sneakers_ji2416_2_58687.jpeg;https:\/\/images.novelship.com\/product\/_w__adidas_adifom_megajane_sneakers_ji2416_3_58687.jpeg;https:\/\/images.novelship.com\/product\/_w__adidas_adifom_megajane_sneakers_ji2416_4_58687.jpeg;https:\/\/images.novelship.com\/product\/_w__adidas_adifom_megajane_sneakers_ji2416_5_58687.jpeg;https:\/\/images.novelship.com\/product\/_w__adidas_adifom_megajane_sneakers_ji2416_6_58687.jpeg;https:\/\/images.novelship.com\/product\/_w__adidas_adifom_megajane_sneakers_ji2416_7_58687.jpeg;https:\/\/images.novelship.com\/product\/_w__adidas_adifom_megajane_sneakers_ji2416_8_58687.jpeg;https:\/\/images.novelship.com\/product\/_w__adidas_adifom_megajane_sneakers_ji2416_9_58687.jpeg","datePublished":"2026-03-02T08:41:14+00:00","dateModified":"2026-03-27T18:15:45+00:00","breadcrumb":{"@id":"https:\/\/tourcruiser.com\/#breadcrumb"},"inLanguage":"de","potentialAction":[{"@type":"ReadAction","target":["https:\/\/tourcruiser.com\/"]}]},{"@type":"ImageObject","inLanguage":"de","@id":"https:\/\/tourcruiser.com\/#primaryimage","url":"https:\/\/images.novelship.com\/product\/_w__adidas_adifom_megajane_sneakers_ji2416_0_58687.jpeg;https:\/\/images.novelship.com\/product\/_w__adidas_adifom_megajane_sneakers_ji2416_1_58687.jpeg;https:\/\/images.novelship.com\/product\/_w__adidas_adifom_megajane_sneakers_ji2416_2_58687.jpeg;https:\/\/images.novelship.com\/product\/_w__adidas_adifom_megajane_sneakers_ji2416_3_58687.jpeg;https:\/\/images.novelship.com\/product\/_w__adidas_adifom_megajane_sneakers_ji2416_4_58687.jpeg;https:\/\/images.novelship.com\/product\/_w__adidas_adifom_megajane_sneakers_ji2416_5_58687.jpeg;https:\/\/images.novelship.com\/product\/_w__adidas_adifom_megajane_sneakers_ji2416_6_58687.jpeg;https:\/\/images.novelship.com\/product\/_w__adidas_adifom_megajane_sneakers_ji2416_7_58687.jpeg;https:\/\/images.novelship.com\/product\/_w__adidas_adifom_megajane_sneakers_ji2416_8_58687.jpeg;https:\/\/images.novelship.com\/product\/_w__adidas_adifom_megajane_sneakers_ji2416_9_58687.jpeg","contentUrl":"https:\/\/images.novelship.com\/product\/_w__adidas_adifom_megajane_sneakers_ji2416_0_58687.jpeg;https:\/\/images.novelship.com\/product\/_w__adidas_adifom_megajane_sneakers_ji2416_1_58687.jpeg;https:\/\/images.novelship.com\/product\/_w__adidas_adifom_megajane_sneakers_ji2416_2_58687.jpeg;https:\/\/images.novelship.com\/product\/_w__adidas_adifom_megajane_sneakers_ji2416_3_58687.jpeg;https:\/\/images.novelship.com\/product\/_w__adidas_adifom_megajane_sneakers_ji2416_4_58687.jpeg;https:\/\/images.novelship.com\/product\/_w__adidas_adifom_megajane_sneakers_ji2416_5_58687.jpeg;https:\/\/images.novelship.com\/product\/_w__adidas_adifom_megajane_sneakers_ji2416_6_58687.jpeg;https:\/\/images.novelship.com\/product\/_w__adidas_adifom_megajane_sneakers_ji2416_7_58687.jpeg;https:\/\/images.novelship.com\/product\/_w__adidas_adifom_megajane_sneakers_ji2416_8_58687.jpeg;https:\/\/images.novelship.com\/product\/_w__adidas_adifom_megajane_sneakers_ji2416_9_58687.jpeg"},{"@type":"BreadcrumbList","@id":"https:\/\/tourcruiser.com\/#breadcrumb","itemListElement":[{"@type":"ListItem","position":1,"name":"Home","item":"https:\/\/tourcruiser.com\/de\/"},{"@type":"ListItem","position":2,"name":"Shop","item":"https:\/\/tourcruiser.com\/de\/shop\/"},{"@type":"ListItem","position":3,"name":"(Women) adidas Adifom Megajane &#8218;Triple Black&#8216;"}]},{"@type":"WebSite","@id":"https:\/\/tourcruiser.com\/de\/#website","url":"https:\/\/tourcruiser.com\/de\/","name":"Styloral Jewelry Shop","description":"Tourcruiser Sneaker Store \u2014 der Ort, an dem das Universum deine Einzigartigkeit trifft.","publisher":{"@id":"https:\/\/tourcruiser.com\/de\/#organization"},"potentialAction":[{"@type":"SearchAction","target":{"@type":"EntryPoint","urlTemplate":"https:\/\/tourcruiser.com\/de\/?s={search_term_string}"},"query-input":{"@type":"PropertyValueSpecification","valueRequired":true,"valueName":"search_term_string"}}],"inLanguage":"de"},{"@type":"Organization","@id":"https:\/\/tourcruiser.com\/de\/#organization","name":"STYLORAL PTE. LTD","url":"https:\/\/tourcruiser.com\/de\/","logo":{"@type":"ImageObject","inLanguage":"de","@id":"https:\/\/tourcruiser.com\/de\/#\/schema\/logo\/image\/","url":"https:\/\/www.tourcruiser.com\/wp-content\/uploads\/2025\/12\/logo.png","contentUrl":"https:\/\/www.tourcruiser.com\/wp-content\/uploads\/2025\/12\/logo.png","width":200,"height":65,"caption":"STYLORAL PTE. LTD"},"image":{"@id":"https:\/\/tourcruiser.com\/de\/#\/schema\/logo\/image\/"}}]}},"_links":{"self":[{"href":"https:\/\/tourcruiser.com\/de\/wp-json\/wp\/v2\/product\/143841","targetHints":{"allow":["GET"]}}],"collection":[{"href":"https:\/\/tourcruiser.com\/de\/wp-json\/wp\/v2\/product"}],"about":[{"href":"https:\/\/tourcruiser.com\/de\/wp-json\/wp\/v2\/types\/product"}],"replies":[{"embeddable":true,"href":"https:\/\/tourcruiser.com\/de\/wp-json\/wp\/v2\/comments?post=143841"}],"wp:featuredmedia":[{"embeddable":true,"href":"https:\/\/tourcruiser.com\/de\/wp-json\/wp\/v2\/media\/143842"}],"wp:attachment":[{"href":"https:\/\/tourcruiser.com\/de\/wp-json\/wp\/v2\/media?parent=143841"}],"wp:term":[{"taxonomy":"product_brand","embeddable":true,"href":"https:\/\/tourcruiser.com\/de\/wp-json\/wp\/v2\/product_brand?post=143841"},{"taxonomy":"product_cat","embeddable":true,"href":"https:\/\/tourcruiser.com\/de\/wp-json\/wp\/v2\/product_cat?post=143841"},{"taxonomy":"product_tag","embeddable":true,"href":"https:\/\/tourcruiser.com\/de\/wp-json\/wp\/v2\/product_tag?post=143841"}],"curies":[{"name":"wp","href":"https:\/\/api.w.org\/{rel}","templated":true}]}}