{"id":143679,"date":"2026-03-02T15:40:59","date_gmt":"2026-03-02T08:40:59","guid":{"rendered":"http:\/\/tourcruiser.com\/product\/nike-cortez-txt-gorge-green-yellow-ochre"},"modified":"2026-03-28T01:15:41","modified_gmt":"2026-03-27T18:15:41","slug":"nike-cortez-txt-gorge-green-yellow-ochre","status":"publish","type":"product","link":"https:\/\/tourcruiser.com\/de\/products\/nike-cortez-txt-gorge-green-yellow-ochre\/","title":{"rendered":"Nike Cortez TXT &#8218;Gorge Green Yellow Ochre&#8216;"},"content":{"rendered":"<p>Der Nike Cortez Textile HF1435-300 interpretiert eine zeitlose Silhouette neu und bietet mit modernen Updates unvergleichlichen Style und Komfort. Dank seines strapazierf\u00e4higen Textil-Obermaterials ist dieser Kult-Sneaker atmungsaktiv und leicht \u201d\u201c perfekt f\u00fcr den Alltag und entspannte Freizeitaktivit\u00e4ten. Sein schlichtes Design wird durch eine elegante Farbgebung erg\u00e4nzt, die sich m\u00fchelos in jedes Outfit einf\u00fcgt.<\/p>\n<p>Die EVA-Mittelsohle sorgt f\u00fcr reaktionsfreudige D\u00e4mpfung und bietet deinen F\u00fc\u00dfen ganzt\u00e4gigen Halt. Die Gummiau\u00dfensohle mit Fischgr\u00e4tenprofil verbessert Traktion und Strapazierf\u00e4higkeit und erm\u00f6glicht dir sicheres Gehen auf verschiedenen Untergr\u00fcnden. Der niedrige Schaft sorgt f\u00fcr eine nat\u00fcrliche Passform und optimale Kn\u00f6chelbeweglichkeit, w\u00e4hrend die klassische Schn\u00fcrung eine individuelle Anpassung erm\u00f6glicht.<\/p>\n<p>Ob zu Jeans, Athleisure-Looks oder Sportkleidung \u201d\u201c der Nike Cortez Textile HF1435-300 ist ein vielseitiger und stylischer Begleiter. Dieser Schuh vereint Retro-Charme mit moderner Funktionalit\u00e4t und ist ein Must-have f\u00fcr Sneaker-Fans, die zeitloses Design mit einem modernen Touch sch\u00e4tzen. Er ist perfekt f\u00fcr alle, die ihren Sneaker-Style auf ein neues Level heben wollen und spiegelt Nikes Engagement f\u00fcr Handwerkskunst und Performance wider. Mit dem Nike Cortez Textile HF1435-300 feiern Sie eine Tradition von Stil und Innovation und genie\u00dfen gleichzeitig maximalen Komfort und Langlebigkeit bei jedem Schritt.<\/p>\n<ul>\n<li><strong>Farbgebung:<\/strong> Koji Green\/Sale\/Alpha Orange\/Yellow Ochre<\/li>\n<li><strong>Style-Code:<\/strong> HF1435-300<\/li>\n<li><strong>Obermaterial:<\/strong> Nylon<\/li>\n<li><strong>Farbe:<\/strong> Gr\u00fcn<\/li>\n<li><strong>Designer:<\/strong> Bill Bowerman<\/li>\n<\/ul>\n","protected":false},"excerpt":{"rendered":"<p>Nike Cortez Textile \u201d\u201d Koji Green\/Sale\/Alpha Orange\/Yellow Ochre<\/p>\n","protected":false},"featured_media":143680,"comment_status":"open","ping_status":"closed","template":"","meta":[],"product_brand":[],"product_cat":[10803],"product_tag":[10992],"class_list":{"0":"post-143679","1":"product","2":"type-product","3":"status-publish","4":"has-post-thumbnail","6":"product_cat-nike","7":"product_tag-small-100-usd","8":"wcpa_has_options","10":"first","11":"outofstock","12":"taxable","13":"shipping-taxable","14":"purchasable","15":"product-type-simple"},"wcpa_form_fields":{"rules":{"pric_overide_base_price":false,"pric_overide_base_price_if_gt_zero":false,"pric_overide_base_price_fully":false,"pric_cal_option_once":false,"pric_use_as_fee":false,"bind_quantity":false,"quantity_bind_formula":false},"fields":[{"type":"color-group","required":true,"elementId":"wcpa-color-group-66c4a75505e74","label":"Gr\u00f6\u00dfe - EU Gr\u00f6\u00dfe","inline":true,"priceOptions":"different_for_all","pricingType":"fixed","className":"hassizechart product-shoes-size-eu product-shoes-size","name":"color-group-66c4a75505e89","disp_type":"square","selection_type":"tick-border","disp_size":"44","show_label_inside":true,"adjust_width":true,"cart_display_type":"text","other_text":"Other","cl_rule":"show","col":6,"values":[{"label":"35.5","value":"EU 35.5","price":"","pimage":"","pimage_id":"","pthumb":"","color":""},{"label":"36","value":"EU 36","price":"","pimage":"","pimage_id":"","pthumb":"","color":"","selected":true},{"label":"36.5","value":"EU 36.5","price":"","pimage":"","pimage_id":"","pthumb":"","color":""},{"label":"37.5","value":"EU 37.5","price":"","pimage":"","pimage_id":"","pthumb":"","color":""},{"label":"38","value":"EU 38","price":"","pimage":"","pimage_id":"","pthumb":"","color":""},{"label":"38.5","value":"EU 38.5","price":"","pimage":"","pimage_id":"","pthumb":"","color":""},{"label":"39","value":"EU 39","price":"","pimage":"","pimage_id":"","pthumb":"","color":""},{"label":"40","value":"EU 40","price":"","pimage":"","pimage_id":"","pthumb":"","color":""},{"label":"40.5","value":"EU 40.5","price":"","pimage":"","pimage_id":"","pthumb":"","color":""},{"label":"41","value":"EU 41","price":"","pimage":"","pimage_id":"","pthumb":"","color":""},{"label":"42","value":"EU 42","price":"","pimage":"","pimage_id":"","pthumb":"","color":""},{"label":"42.5","value":"EU 42.5","price":"","pimage":"","pimage_id":"","pthumb":"","color":""},{"label":"43","value":"EU 43","price":"","pimage":"","pimage_id":"","pthumb":"","color":""},{"label":"44","value":"EU 44","price":"","pimage":"","pimage_id":"","pthumb":"","color":""},{"label":"44.5","value":"EU 44.5","price":"","pimage":"","pimage_id":"","pthumb":"","color":""},{"label":"45","value":"EU 45","price":"","pimage":"","pimage_id":"","pthumb":"","color":""},{"label":"45.5","value":"EU 45.5","price":"","pimage":"","pimage_id":"","pthumb":"","color":""},{"label":"46","value":"EU 46","price":"","pimage":"","pimage_id":"","pthumb":"","color":""},{"label":"47","value":"EU 47","price":"","pimage":"","pimage_id":"","pthumb":"","color":""},{"label":"47.5","value":"EU 47.5","price":"","pimage":"","pimage_id":"","pthumb":"","color":""},{"label":"48","value":"EU 48","price":"","pimage":"","pimage_id":"","pthumb":"","color":""}],"relations":[{"operator":false,"rules":[]}],"form_id":18106,"form_rules":{"pric_cal_option_once":false,"exclude_from_discount":false,"pric_use_as_fee":false,"fee_label":"Fee","render_after_acb":false,"disp_hide_options_price":false}}]},"yoast_head":"<!-- This site is optimized with the Yoast SEO plugin v26.5 - https:\/\/yoast.com\/wordpress\/plugins\/seo\/ -->\n<title>Nike Cortez TXT &#039;Gorge Green Yellow Ochre&#039;  - Tourcruiser PTE. LTD<\/title>\n<meta name=\"robots\" content=\"index, follow, max-snippet:-1, max-image-preview:large, max-video-preview:-1\" \/>\n<link rel=\"canonical\" href=\"https:\/\/tourcruiser.com\/de\/products\/nike-cortez-txt-gorge-green-yellow-ochre\/\" \/>\n<meta property=\"og:locale\" content=\"de_DE\" \/>\n<meta property=\"og:type\" content=\"article\" \/>\n<meta property=\"og:title\" content=\"Nike Cortez TXT &#039;Gorge Green Yellow Ochre&#039;  - Tourcruiser PTE. LTD\" \/>\n<meta property=\"og:description\" content=\"Nike Cortez Textile \u201d\u201d Koji Green\/Sale\/Alpha Orange\/Yellow Ochre\" \/>\n<meta property=\"og:url\" content=\"https:\/\/tourcruiser.com\/de\/products\/nike-cortez-txt-gorge-green-yellow-ochre\/\" \/>\n<meta property=\"og:site_name\" content=\"Tourcruiser Sneaker Store\" \/>\n<meta property=\"article:modified_time\" content=\"2026-03-27T18:15:41+00:00\" \/>\n<meta name=\"twitter:card\" content=\"summary_large_image\" \/>\n<meta name=\"twitter:image\" content=\"https:\/\/images.novelship.com\/product\/nike_cortez_textile_hf1435-300_0_62316.png;https:\/\/images.novelship.com\/product\/nike_cortez_textile_hf1435-300_1_62316.png;https:\/\/images.novelship.com\/product\/nike_cortez_textile_hf1435-300_2_62316.png;https:\/\/images.novelship.com\/product\/nike_cortez_textile_hf1435-300_3_62316.png;https:\/\/images.novelship.com\/product\/nike_cortez_textile_hf1435-300_4_62316.png;https:\/\/images.novelship.com\/product\/nike_cortez_textile_hf1435-300_5_62316.png;https:\/\/images.novelship.com\/product\/nike_cortez_textile_hf1435-300_6_62316.png;https:\/\/images.novelship.com\/product\/nike_cortez_textile_hf1435-300_7_62316.png\" \/>\n<meta name=\"twitter:label1\" content=\"Gesch\u00e4tzte Lesezeit\" \/>\n\t<meta name=\"twitter:data1\" content=\"1\u00a0Minute\" \/>\n<script type=\"application\/ld+json\" class=\"yoast-schema-graph\">{\"@context\":\"https:\/\/schema.org\",\"@graph\":[{\"@type\":\"WebPage\",\"@id\":\"https:\/\/tourcruiser.com\/de\/products\/nike-cortez-txt-gorge-green-yellow-ochre\/\",\"url\":\"https:\/\/tourcruiser.com\/de\/products\/nike-cortez-txt-gorge-green-yellow-ochre\/\",\"name\":\"Nike Cortez TXT 'Gorge Green Yellow Ochre' - Tourcruiser PTE. LTD\",\"isPartOf\":{\"@id\":\"https:\/\/tourcruiser.com\/de\/#website\"},\"primaryImageOfPage\":{\"@id\":\"https:\/\/tourcruiser.com\/de\/products\/nike-cortez-txt-gorge-green-yellow-ochre\/#primaryimage\"},\"image\":{\"@id\":\"https:\/\/tourcruiser.com\/de\/products\/nike-cortez-txt-gorge-green-yellow-ochre\/#primaryimage\"},\"thumbnailUrl\":\"https:\/\/images.novelship.com\/product\/nike_cortez_textile_hf1435-300_0_62316.png;https:\/\/images.novelship.com\/product\/nike_cortez_textile_hf1435-300_1_62316.png;https:\/\/images.novelship.com\/product\/nike_cortez_textile_hf1435-300_2_62316.png;https:\/\/images.novelship.com\/product\/nike_cortez_textile_hf1435-300_3_62316.png;https:\/\/images.novelship.com\/product\/nike_cortez_textile_hf1435-300_4_62316.png;https:\/\/images.novelship.com\/product\/nike_cortez_textile_hf1435-300_5_62316.png;https:\/\/images.novelship.com\/product\/nike_cortez_textile_hf1435-300_6_62316.png;https:\/\/images.novelship.com\/product\/nike_cortez_textile_hf1435-300_7_62316.png\",\"datePublished\":\"2026-03-02T08:40:59+00:00\",\"dateModified\":\"2026-03-27T18:15:41+00:00\",\"breadcrumb\":{\"@id\":\"https:\/\/tourcruiser.com\/de\/products\/nike-cortez-txt-gorge-green-yellow-ochre\/#breadcrumb\"},\"inLanguage\":\"de\",\"potentialAction\":[{\"@type\":\"ReadAction\",\"target\":[\"https:\/\/tourcruiser.com\/de\/products\/nike-cortez-txt-gorge-green-yellow-ochre\/\"]}]},{\"@type\":\"ImageObject\",\"inLanguage\":\"de\",\"@id\":\"https:\/\/tourcruiser.com\/de\/products\/nike-cortez-txt-gorge-green-yellow-ochre\/#primaryimage\",\"url\":\"https:\/\/images.novelship.com\/product\/nike_cortez_textile_hf1435-300_0_62316.png;https:\/\/images.novelship.com\/product\/nike_cortez_textile_hf1435-300_1_62316.png;https:\/\/images.novelship.com\/product\/nike_cortez_textile_hf1435-300_2_62316.png;https:\/\/images.novelship.com\/product\/nike_cortez_textile_hf1435-300_3_62316.png;https:\/\/images.novelship.com\/product\/nike_cortez_textile_hf1435-300_4_62316.png;https:\/\/images.novelship.com\/product\/nike_cortez_textile_hf1435-300_5_62316.png;https:\/\/images.novelship.com\/product\/nike_cortez_textile_hf1435-300_6_62316.png;https:\/\/images.novelship.com\/product\/nike_cortez_textile_hf1435-300_7_62316.png\",\"contentUrl\":\"https:\/\/images.novelship.com\/product\/nike_cortez_textile_hf1435-300_0_62316.png;https:\/\/images.novelship.com\/product\/nike_cortez_textile_hf1435-300_1_62316.png;https:\/\/images.novelship.com\/product\/nike_cortez_textile_hf1435-300_2_62316.png;https:\/\/images.novelship.com\/product\/nike_cortez_textile_hf1435-300_3_62316.png;https:\/\/images.novelship.com\/product\/nike_cortez_textile_hf1435-300_4_62316.png;https:\/\/images.novelship.com\/product\/nike_cortez_textile_hf1435-300_5_62316.png;https:\/\/images.novelship.com\/product\/nike_cortez_textile_hf1435-300_6_62316.png;https:\/\/images.novelship.com\/product\/nike_cortez_textile_hf1435-300_7_62316.png\"},{\"@type\":\"BreadcrumbList\",\"@id\":\"https:\/\/tourcruiser.com\/de\/products\/nike-cortez-txt-gorge-green-yellow-ochre\/#breadcrumb\",\"itemListElement\":[{\"@type\":\"ListItem\",\"position\":1,\"name\":\"Home\",\"item\":\"https:\/\/tourcruiser.com\/de\/\"},{\"@type\":\"ListItem\",\"position\":2,\"name\":\"Shop\",\"item\":\"https:\/\/tourcruiser.com\/de\/shop\/\"},{\"@type\":\"ListItem\",\"position\":3,\"name\":\"Nike Cortez TXT 'Gorge Green Yellow Ochre'\"}]},{\"@type\":\"WebSite\",\"@id\":\"https:\/\/tourcruiser.com\/de\/#website\",\"url\":\"https:\/\/tourcruiser.com\/de\/\",\"name\":\"Styloral Jewelry Shop\",\"description\":\"Tourcruiser Sneaker Store \u2014 der Ort, an dem das Universum deine Einzigartigkeit trifft.\",\"publisher\":{\"@id\":\"https:\/\/tourcruiser.com\/de\/#organization\"},\"potentialAction\":[{\"@type\":\"SearchAction\",\"target\":{\"@type\":\"EntryPoint\",\"urlTemplate\":\"https:\/\/tourcruiser.com\/de\/?s={search_term_string}\"},\"query-input\":{\"@type\":\"PropertyValueSpecification\",\"valueRequired\":true,\"valueName\":\"search_term_string\"}}],\"inLanguage\":\"de\"},{\"@type\":\"Organization\",\"@id\":\"https:\/\/tourcruiser.com\/de\/#organization\",\"name\":\"STYLORAL PTE. LTD\",\"url\":\"https:\/\/tourcruiser.com\/de\/\",\"logo\":{\"@type\":\"ImageObject\",\"inLanguage\":\"de\",\"@id\":\"https:\/\/tourcruiser.com\/de\/#\/schema\/logo\/image\/\",\"url\":\"https:\/\/www.tourcruiser.com\/wp-content\/uploads\/2025\/12\/logo.png\",\"contentUrl\":\"https:\/\/www.tourcruiser.com\/wp-content\/uploads\/2025\/12\/logo.png\",\"width\":200,\"height\":65,\"caption\":\"STYLORAL PTE. LTD\"},\"image\":{\"@id\":\"https:\/\/tourcruiser.com\/de\/#\/schema\/logo\/image\/\"}}]}<\/script>\n<!-- \/ Yoast SEO plugin. -->","yoast_head_json":{"title":"Nike Cortez TXT 'Gorge Green Yellow Ochre'  - Tourcruiser PTE. LTD","robots":{"index":"index","follow":"follow","max-snippet":"max-snippet:-1","max-image-preview":"max-image-preview:large","max-video-preview":"max-video-preview:-1"},"canonical":"https:\/\/tourcruiser.com\/de\/products\/nike-cortez-txt-gorge-green-yellow-ochre\/","og_locale":"de_DE","og_type":"article","og_title":"Nike Cortez TXT 'Gorge Green Yellow Ochre'  - Tourcruiser PTE. LTD","og_description":"Nike Cortez Textile \u201d\u201d Koji Green\/Sale\/Alpha Orange\/Yellow Ochre","og_url":"https:\/\/tourcruiser.com\/de\/products\/nike-cortez-txt-gorge-green-yellow-ochre\/","og_site_name":"Tourcruiser Sneaker Store","article_modified_time":"2026-03-27T18:15:41+00:00","twitter_card":"summary_large_image","twitter_image":"https:\/\/images.novelship.com\/product\/nike_cortez_textile_hf1435-300_0_62316.png;https:\/\/images.novelship.com\/product\/nike_cortez_textile_hf1435-300_1_62316.png;https:\/\/images.novelship.com\/product\/nike_cortez_textile_hf1435-300_2_62316.png;https:\/\/images.novelship.com\/product\/nike_cortez_textile_hf1435-300_3_62316.png;https:\/\/images.novelship.com\/product\/nike_cortez_textile_hf1435-300_4_62316.png;https:\/\/images.novelship.com\/product\/nike_cortez_textile_hf1435-300_5_62316.png;https:\/\/images.novelship.com\/product\/nike_cortez_textile_hf1435-300_6_62316.png;https:\/\/images.novelship.com\/product\/nike_cortez_textile_hf1435-300_7_62316.png","twitter_misc":{"Gesch\u00e4tzte Lesezeit":"1\u00a0Minute"},"schema":{"@context":"https:\/\/schema.org","@graph":[{"@type":"WebPage","@id":"https:\/\/tourcruiser.com\/de\/products\/nike-cortez-txt-gorge-green-yellow-ochre\/","url":"https:\/\/tourcruiser.com\/de\/products\/nike-cortez-txt-gorge-green-yellow-ochre\/","name":"Nike Cortez TXT 'Gorge Green Yellow Ochre' - Tourcruiser PTE. LTD","isPartOf":{"@id":"https:\/\/tourcruiser.com\/de\/#website"},"primaryImageOfPage":{"@id":"https:\/\/tourcruiser.com\/de\/products\/nike-cortez-txt-gorge-green-yellow-ochre\/#primaryimage"},"image":{"@id":"https:\/\/tourcruiser.com\/de\/products\/nike-cortez-txt-gorge-green-yellow-ochre\/#primaryimage"},"thumbnailUrl":"https:\/\/images.novelship.com\/product\/nike_cortez_textile_hf1435-300_0_62316.png;https:\/\/images.novelship.com\/product\/nike_cortez_textile_hf1435-300_1_62316.png;https:\/\/images.novelship.com\/product\/nike_cortez_textile_hf1435-300_2_62316.png;https:\/\/images.novelship.com\/product\/nike_cortez_textile_hf1435-300_3_62316.png;https:\/\/images.novelship.com\/product\/nike_cortez_textile_hf1435-300_4_62316.png;https:\/\/images.novelship.com\/product\/nike_cortez_textile_hf1435-300_5_62316.png;https:\/\/images.novelship.com\/product\/nike_cortez_textile_hf1435-300_6_62316.png;https:\/\/images.novelship.com\/product\/nike_cortez_textile_hf1435-300_7_62316.png","datePublished":"2026-03-02T08:40:59+00:00","dateModified":"2026-03-27T18:15:41+00:00","breadcrumb":{"@id":"https:\/\/tourcruiser.com\/de\/products\/nike-cortez-txt-gorge-green-yellow-ochre\/#breadcrumb"},"inLanguage":"de","potentialAction":[{"@type":"ReadAction","target":["https:\/\/tourcruiser.com\/de\/products\/nike-cortez-txt-gorge-green-yellow-ochre\/"]}]},{"@type":"ImageObject","inLanguage":"de","@id":"https:\/\/tourcruiser.com\/de\/products\/nike-cortez-txt-gorge-green-yellow-ochre\/#primaryimage","url":"https:\/\/images.novelship.com\/product\/nike_cortez_textile_hf1435-300_0_62316.png;https:\/\/images.novelship.com\/product\/nike_cortez_textile_hf1435-300_1_62316.png;https:\/\/images.novelship.com\/product\/nike_cortez_textile_hf1435-300_2_62316.png;https:\/\/images.novelship.com\/product\/nike_cortez_textile_hf1435-300_3_62316.png;https:\/\/images.novelship.com\/product\/nike_cortez_textile_hf1435-300_4_62316.png;https:\/\/images.novelship.com\/product\/nike_cortez_textile_hf1435-300_5_62316.png;https:\/\/images.novelship.com\/product\/nike_cortez_textile_hf1435-300_6_62316.png;https:\/\/images.novelship.com\/product\/nike_cortez_textile_hf1435-300_7_62316.png","contentUrl":"https:\/\/images.novelship.com\/product\/nike_cortez_textile_hf1435-300_0_62316.png;https:\/\/images.novelship.com\/product\/nike_cortez_textile_hf1435-300_1_62316.png;https:\/\/images.novelship.com\/product\/nike_cortez_textile_hf1435-300_2_62316.png;https:\/\/images.novelship.com\/product\/nike_cortez_textile_hf1435-300_3_62316.png;https:\/\/images.novelship.com\/product\/nike_cortez_textile_hf1435-300_4_62316.png;https:\/\/images.novelship.com\/product\/nike_cortez_textile_hf1435-300_5_62316.png;https:\/\/images.novelship.com\/product\/nike_cortez_textile_hf1435-300_6_62316.png;https:\/\/images.novelship.com\/product\/nike_cortez_textile_hf1435-300_7_62316.png"},{"@type":"BreadcrumbList","@id":"https:\/\/tourcruiser.com\/de\/products\/nike-cortez-txt-gorge-green-yellow-ochre\/#breadcrumb","itemListElement":[{"@type":"ListItem","position":1,"name":"Home","item":"https:\/\/tourcruiser.com\/de\/"},{"@type":"ListItem","position":2,"name":"Shop","item":"https:\/\/tourcruiser.com\/de\/shop\/"},{"@type":"ListItem","position":3,"name":"Nike Cortez TXT 'Gorge Green Yellow Ochre'"}]},{"@type":"WebSite","@id":"https:\/\/tourcruiser.com\/de\/#website","url":"https:\/\/tourcruiser.com\/de\/","name":"Styloral Jewelry Shop","description":"Tourcruiser Sneaker Store \u2014 der Ort, an dem das Universum deine Einzigartigkeit trifft.","publisher":{"@id":"https:\/\/tourcruiser.com\/de\/#organization"},"potentialAction":[{"@type":"SearchAction","target":{"@type":"EntryPoint","urlTemplate":"https:\/\/tourcruiser.com\/de\/?s={search_term_string}"},"query-input":{"@type":"PropertyValueSpecification","valueRequired":true,"valueName":"search_term_string"}}],"inLanguage":"de"},{"@type":"Organization","@id":"https:\/\/tourcruiser.com\/de\/#organization","name":"STYLORAL PTE. LTD","url":"https:\/\/tourcruiser.com\/de\/","logo":{"@type":"ImageObject","inLanguage":"de","@id":"https:\/\/tourcruiser.com\/de\/#\/schema\/logo\/image\/","url":"https:\/\/www.tourcruiser.com\/wp-content\/uploads\/2025\/12\/logo.png","contentUrl":"https:\/\/www.tourcruiser.com\/wp-content\/uploads\/2025\/12\/logo.png","width":200,"height":65,"caption":"STYLORAL PTE. LTD"},"image":{"@id":"https:\/\/tourcruiser.com\/de\/#\/schema\/logo\/image\/"}}]}},"_links":{"self":[{"href":"https:\/\/tourcruiser.com\/de\/wp-json\/wp\/v2\/product\/143679","targetHints":{"allow":["GET"]}}],"collection":[{"href":"https:\/\/tourcruiser.com\/de\/wp-json\/wp\/v2\/product"}],"about":[{"href":"https:\/\/tourcruiser.com\/de\/wp-json\/wp\/v2\/types\/product"}],"replies":[{"embeddable":true,"href":"https:\/\/tourcruiser.com\/de\/wp-json\/wp\/v2\/comments?post=143679"}],"wp:featuredmedia":[{"embeddable":true,"href":"https:\/\/tourcruiser.com\/de\/wp-json\/wp\/v2\/media\/143680"}],"wp:attachment":[{"href":"https:\/\/tourcruiser.com\/de\/wp-json\/wp\/v2\/media?parent=143679"}],"wp:term":[{"taxonomy":"product_brand","embeddable":true,"href":"https:\/\/tourcruiser.com\/de\/wp-json\/wp\/v2\/product_brand?post=143679"},{"taxonomy":"product_cat","embeddable":true,"href":"https:\/\/tourcruiser.com\/de\/wp-json\/wp\/v2\/product_cat?post=143679"},{"taxonomy":"product_tag","embeddable":true,"href":"https:\/\/tourcruiser.com\/de\/wp-json\/wp\/v2\/product_tag?post=143679"}],"curies":[{"name":"wp","href":"https:\/\/api.w.org\/{rel}","templated":true}]}}