{"id":143183,"date":"2026-03-02T15:40:18","date_gmt":"2026-03-02T08:40:18","guid":{"rendered":"http:\/\/tourcruiser.com\/product\/women-tokyo"},"modified":"2026-03-28T01:15:21","modified_gmt":"2026-03-27T18:15:21","slug":"women-tokyo","status":"publish","type":"product","link":"https:\/\/tourcruiser.com\/de\/products\/women-tokyo\/","title":{"rendered":"(Women) Tokyo"},"content":{"rendered":"<p>Erleben Sie Eleganz und Pr\u00e4zision mit der Tokyo JP9704, einer raffinierten Uhr, die perfekt zum Lifestyle der modernen Frau passt. Ihr schlankes, minimalistisches Design, inspiriert von japanischer Handwerkskunst, vereint zeitlose \u00c4sthetik mit Alltagstauglichkeit. Das robuste Edelstahlgeh\u00e4use garantiert Langlebigkeit, w\u00e4hrend das fein strukturierte Armband auch bei l\u00e4ngerem Tragen hohen Komfort bietet. Die JP9704 verf\u00fcgt \u00fcber ein hochpr\u00e4zises Quarzwerk, das Sie stets p\u00fcnktlich h\u00e4lt \u201d\u201c ob im Gesch\u00e4ftstreffen oder bei einem Treffen mit Freunden. Ihr ansprechendes Zifferblatt mit dezenten, aber dennoch markanten Details macht sie zum perfekten Accessoire f\u00fcr formelle und legere Outfits. Wasserdicht und robust gefertigt, ist die Tokyo JP9704 ein zuverl\u00e4ssiger Begleiter f\u00fcr all Ihre t\u00e4glichen Abenteuer. Diese exquisit gefertigte Uhr wurde mit Blick auf Vielseitigkeit entworfen und verleiht Ihrem Handgelenk einen Hauch von Eleganz \u201d\u201c eine nahtlose Verbindung von Mode und Funktion.<\/p>\n<ul>\n<li><strong>Farbgebung:<\/strong> Off-White\/Royal Blue\/Gold Metallic<\/li>\n<li><strong>Artikelnummer:<\/strong> JP9704<\/li>\n<li><strong>Obermaterial:<\/strong> Nylon<\/li>\n<li><strong>Farbe:<\/strong> Wei\u00df<\/li>\n<\/ul>\n","protected":false},"excerpt":{"rendered":"<p>adidas Tokyo \u201d\u201d Off White\/Royal Blue\/Gold Metallic<\/p>\n","protected":false},"featured_media":143184,"comment_status":"open","ping_status":"closed","template":"","meta":[],"product_brand":[],"product_cat":[10941],"product_tag":[10759,10750,10847,10754,11460,10785,10786,10758],"class_list":{"0":"post-143183","1":"product","2":"type-product","3":"status-publish","4":"has-post-thumbnail","6":"product_cat-adidas-women","7":"product_tag-adidas","8":"product_tag-athleisure-shoes","9":"product_tag-best-finds-under-100","10":"product_tag-lifestyle-casual-shoes","11":"product_tag-lifestyle-shoes-casual","12":"product_tag-trending-deals","13":"product_tag-trending-deals-under-150","14":"product_tag-under-retail","15":"wcpa_has_options","17":"first","18":"outofstock","19":"taxable","20":"shipping-taxable","21":"purchasable","22":"product-type-simple"},"wcpa_form_fields":{"rules":{"pric_overide_base_price":false,"pric_overide_base_price_if_gt_zero":false,"pric_overide_base_price_fully":false,"pric_cal_option_once":false,"pric_use_as_fee":false,"bind_quantity":false,"quantity_bind_formula":false},"fields":[{"type":"color-group","required":true,"elementId":"wcpa-color-group-66c4a7f817afe","label":"Gr\u00f6\u00dfe","inline":true,"priceOptions":"different_for_all","pricingType":"fixed","className":"hassizechart product-shoes-size-eu product-shoes-size","name":"color-group-66c4a7f817b18","disp_type":"square","selection_type":"tick-border","disp_size":"50","show_label_inside":true,"adjust_width":true,"cart_display_type":"text","other_text":"Other","cl_rule":"show","col":6,"values":[{"label":"35","value":"EU 35","price":"","pimage":"","pimage_id":"","pthumb":"","color":""},{"label":"35.5","value":"EU 35.5","price":"","pimage":"","pimage_id":"","pthumb":"","color":""},{"label":"36","value":"EU 36","price":"","pimage":"","pimage_id":"","pthumb":"","color":"","selected":true},{"label":"36 2\/3","value":"EU 36 2\/3","price":"","pimage":"","pimage_id":"","pthumb":"","color":""},{"label":"37 1\/3","value":"EU 37 1\/3","price":"","pimage":"","pimage_id":"","pthumb":"","color":""},{"label":"38","value":"EU 38","price":"","pimage":"","pimage_id":"","pthumb":"","color":""},{"label":"38 2\/3","value":"EU 38 2\/3","price":"","pimage":"","pimage_id":"","pthumb":"","color":""},{"label":"39 1\/3","value":"EU 39 1\/3","price":"","pimage":"","pimage_id":"","pthumb":"","color":""},{"label":"40","value":"EU 40","price":"","pimage":"","pimage_id":"","pthumb":"","color":""},{"label":"40 2\/3","value":"EU 40 2\/3","price":"","pimage":"","pimage_id":"","pthumb":"","color":""},{"label":"41 1\/3","value":"EU 41 1\/3","price":"","pimage":"","pimage_id":"","pthumb":"","color":""},{"label":"42","value":"EU 42","price":"","pimage":"","pimage_id":"","pthumb":"","color":""},{"label":"42 2\/3","value":"EU 42 2\/3","price":"","pimage":"","pimage_id":"","pthumb":"","color":""},{"label":"43 1\/3","value":"EU 43 1\/3","price":"","pimage":"","pimage_id":"","pthumb":"","color":""},{"label":"44","value":"EU 44","price":"","pimage":"","pimage_id":"","pthumb":"","color":""},{"label":"44 2\/3","value":"EU 44 2\/3","price":"","pimage":"","pimage_id":"","pthumb":"","color":""},{"label":"45 1\/3","value":"EU 45 1\/3","price":"","pimage":"","pimage_id":"","pthumb":"","color":""},{"label":"46","value":"EU 46","price":"","pimage":"","pimage_id":"","pthumb":"","color":""},{"label":"46 2\/3","value":"EU 46 2\/3","price":"","pimage":"","pimage_id":"","pthumb":"","color":""},{"label":"47 1\/3","value":"EU 47 1\/3","price":"","pimage":"","pimage_id":"","pthumb":"","color":""}],"relations":[{"operator":false,"rules":[]}],"form_id":24802,"form_rules":{"pric_cal_option_once":false,"exclude_from_discount":false,"pric_use_as_fee":false,"fee_label":"Fee","render_after_acb":false,"disp_hide_options_price":false}}]},"yoast_head":"<!-- This site is optimized with the Yoast SEO plugin v26.5 - https:\/\/yoast.com\/wordpress\/plugins\/seo\/ -->\n<title>(Women) Tokyo  - Tourcruiser PTE. LTD<\/title>\n<meta name=\"robots\" content=\"index, follow, max-snippet:-1, max-image-preview:large, max-video-preview:-1\" \/>\n<link rel=\"canonical\" href=\"https:\/\/tourcruiser.com\/\" \/>\n<meta property=\"og:locale\" content=\"de_DE\" \/>\n<meta property=\"og:type\" content=\"article\" \/>\n<meta property=\"og:title\" content=\"(Women) Tokyo  - Tourcruiser PTE. LTD\" \/>\n<meta property=\"og:description\" content=\"adidas Tokyo \u201d\u201d Off White\/Royal Blue\/Gold Metallic\" \/>\n<meta property=\"og:url\" content=\"\/\" \/>\n<meta property=\"og:site_name\" content=\"Tourcruiser Sneaker Store\" \/>\n<meta property=\"article:modified_time\" content=\"2026-03-27T18:15:21+00:00\" \/>\n<meta name=\"twitter:card\" content=\"summary_large_image\" \/>\n<meta name=\"twitter:image\" content=\"https:\/\/images.novelship.com\/product\/_women__tokyo_jp9704_0_77421.jpeg;https:\/\/images.novelship.com\/product\/_women__tokyo_jp9704_1_77421.jpeg;https:\/\/images.novelship.com\/product\/_women__tokyo_jp9704_2_77421.jpeg;https:\/\/images.novelship.com\/product\/_women__tokyo_jp9704_3_77422.jpeg;https:\/\/images.novelship.com\/product\/_women__tokyo_jp9704_4_77422.jpeg;https:\/\/images.novelship.com\/product\/_women__tokyo_jp9704_5_77422.jpeg;https:\/\/images.novelship.com\/product\/_women__tokyo_jp9704_6_77422.jpeg;https:\/\/images.novelship.com\/product\/_women__tokyo_jp9704_7_77422.jpeg;https:\/\/images.novelship.com\/product\/_women__tokyo_jp9704_8_77422.jpeg;https:\/\/images.novelship.com\/product\/_women__tokyo_jp9704_9_77422.jpeg\" \/>\n<meta name=\"twitter:label1\" content=\"Gesch\u00e4tzte Lesezeit\" \/>\n\t<meta name=\"twitter:data1\" content=\"1\u00a0Minute\" \/>\n<script type=\"application\/ld+json\" class=\"yoast-schema-graph\">{\"@context\":\"https:\/\/schema.org\",\"@graph\":[{\"@type\":\"WebPage\",\"@id\":\"\/\",\"url\":\"https:\/\/tourcruiser.com\/\",\"name\":\"(Women) Tokyo - Tourcruiser PTE. LTD\",\"isPartOf\":{\"@id\":\"\/#website\"},\"primaryImageOfPage\":{\"@id\":\"https:\/\/tourcruiser.com\/#primaryimage\"},\"image\":{\"@id\":\"https:\/\/tourcruiser.com\/#primaryimage\"},\"thumbnailUrl\":\"https:\/\/images.novelship.com\/product\/_women__tokyo_jp9704_0_77421.jpeg;https:\/\/images.novelship.com\/product\/_women__tokyo_jp9704_1_77421.jpeg;https:\/\/images.novelship.com\/product\/_women__tokyo_jp9704_2_77421.jpeg;https:\/\/images.novelship.com\/product\/_women__tokyo_jp9704_3_77422.jpeg;https:\/\/images.novelship.com\/product\/_women__tokyo_jp9704_4_77422.jpeg;https:\/\/images.novelship.com\/product\/_women__tokyo_jp9704_5_77422.jpeg;https:\/\/images.novelship.com\/product\/_women__tokyo_jp9704_6_77422.jpeg;https:\/\/images.novelship.com\/product\/_women__tokyo_jp9704_7_77422.jpeg;https:\/\/images.novelship.com\/product\/_women__tokyo_jp9704_8_77422.jpeg;https:\/\/images.novelship.com\/product\/_women__tokyo_jp9704_9_77422.jpeg\",\"datePublished\":\"2026-03-02T08:40:18+00:00\",\"dateModified\":\"2026-03-27T18:15:21+00:00\",\"breadcrumb\":{\"@id\":\"https:\/\/tourcruiser.com\/#breadcrumb\"},\"inLanguage\":\"de\",\"potentialAction\":[{\"@type\":\"ReadAction\",\"target\":[\"https:\/\/tourcruiser.com\/\"]}]},{\"@type\":\"ImageObject\",\"inLanguage\":\"de\",\"@id\":\"https:\/\/tourcruiser.com\/#primaryimage\",\"url\":\"https:\/\/images.novelship.com\/product\/_women__tokyo_jp9704_0_77421.jpeg;https:\/\/images.novelship.com\/product\/_women__tokyo_jp9704_1_77421.jpeg;https:\/\/images.novelship.com\/product\/_women__tokyo_jp9704_2_77421.jpeg;https:\/\/images.novelship.com\/product\/_women__tokyo_jp9704_3_77422.jpeg;https:\/\/images.novelship.com\/product\/_women__tokyo_jp9704_4_77422.jpeg;https:\/\/images.novelship.com\/product\/_women__tokyo_jp9704_5_77422.jpeg;https:\/\/images.novelship.com\/product\/_women__tokyo_jp9704_6_77422.jpeg;https:\/\/images.novelship.com\/product\/_women__tokyo_jp9704_7_77422.jpeg;https:\/\/images.novelship.com\/product\/_women__tokyo_jp9704_8_77422.jpeg;https:\/\/images.novelship.com\/product\/_women__tokyo_jp9704_9_77422.jpeg\",\"contentUrl\":\"https:\/\/images.novelship.com\/product\/_women__tokyo_jp9704_0_77421.jpeg;https:\/\/images.novelship.com\/product\/_women__tokyo_jp9704_1_77421.jpeg;https:\/\/images.novelship.com\/product\/_women__tokyo_jp9704_2_77421.jpeg;https:\/\/images.novelship.com\/product\/_women__tokyo_jp9704_3_77422.jpeg;https:\/\/images.novelship.com\/product\/_women__tokyo_jp9704_4_77422.jpeg;https:\/\/images.novelship.com\/product\/_women__tokyo_jp9704_5_77422.jpeg;https:\/\/images.novelship.com\/product\/_women__tokyo_jp9704_6_77422.jpeg;https:\/\/images.novelship.com\/product\/_women__tokyo_jp9704_7_77422.jpeg;https:\/\/images.novelship.com\/product\/_women__tokyo_jp9704_8_77422.jpeg;https:\/\/images.novelship.com\/product\/_women__tokyo_jp9704_9_77422.jpeg\"},{\"@type\":\"BreadcrumbList\",\"@id\":\"https:\/\/tourcruiser.com\/#breadcrumb\",\"itemListElement\":[{\"@type\":\"ListItem\",\"position\":1,\"name\":\"Home\",\"item\":\"https:\/\/tourcruiser.com\/de\/\"},{\"@type\":\"ListItem\",\"position\":2,\"name\":\"Shop\",\"item\":\"https:\/\/tourcruiser.com\/de\/shop\/\"},{\"@type\":\"ListItem\",\"position\":3,\"name\":\"(Women) Tokyo\"}]},{\"@type\":\"WebSite\",\"@id\":\"\/#website\",\"url\":\"\/\",\"name\":\"Styloral Jewelry Shop\",\"description\":\"Tourcruiser Sneaker Store \u2014 der Ort, an dem das Universum deine Einzigartigkeit trifft.\",\"publisher\":{\"@id\":\"\/#organization\"},\"potentialAction\":[{\"@type\":\"SearchAction\",\"target\":{\"@type\":\"EntryPoint\",\"urlTemplate\":\"\/?s={search_term_string}\"},\"query-input\":{\"@type\":\"PropertyValueSpecification\",\"valueRequired\":true,\"valueName\":\"search_term_string\"}}],\"inLanguage\":\"de\"},{\"@type\":\"Organization\",\"@id\":\"\/#organization\",\"name\":\"STYLORAL PTE. LTD\",\"url\":\"\/\",\"logo\":{\"@type\":\"ImageObject\",\"inLanguage\":\"de\",\"@id\":\"\/#\/schema\/logo\/image\/\",\"url\":\"https:\/\/www.tourcruiser.com\/wp-content\/uploads\/2025\/12\/logo.png\",\"contentUrl\":\"https:\/\/www.tourcruiser.com\/wp-content\/uploads\/2025\/12\/logo.png\",\"width\":200,\"height\":65,\"caption\":\"STYLORAL PTE. LTD\"},\"image\":{\"@id\":\"\/#\/schema\/logo\/image\/\"}}]}<\/script>\n<!-- \/ Yoast SEO plugin. -->","yoast_head_json":{"title":"(Women) Tokyo  - Tourcruiser PTE. LTD","robots":{"index":"index","follow":"follow","max-snippet":"max-snippet:-1","max-image-preview":"max-image-preview:large","max-video-preview":"max-video-preview:-1"},"canonical":"https:\/\/tourcruiser.com\/","og_locale":"de_DE","og_type":"article","og_title":"(Women) Tokyo  - Tourcruiser PTE. LTD","og_description":"adidas Tokyo \u201d\u201d Off White\/Royal Blue\/Gold Metallic","og_url":"\/","og_site_name":"Tourcruiser Sneaker Store","article_modified_time":"2026-03-27T18:15:21+00:00","twitter_card":"summary_large_image","twitter_image":"https:\/\/images.novelship.com\/product\/_women__tokyo_jp9704_0_77421.jpeg;https:\/\/images.novelship.com\/product\/_women__tokyo_jp9704_1_77421.jpeg;https:\/\/images.novelship.com\/product\/_women__tokyo_jp9704_2_77421.jpeg;https:\/\/images.novelship.com\/product\/_women__tokyo_jp9704_3_77422.jpeg;https:\/\/images.novelship.com\/product\/_women__tokyo_jp9704_4_77422.jpeg;https:\/\/images.novelship.com\/product\/_women__tokyo_jp9704_5_77422.jpeg;https:\/\/images.novelship.com\/product\/_women__tokyo_jp9704_6_77422.jpeg;https:\/\/images.novelship.com\/product\/_women__tokyo_jp9704_7_77422.jpeg;https:\/\/images.novelship.com\/product\/_women__tokyo_jp9704_8_77422.jpeg;https:\/\/images.novelship.com\/product\/_women__tokyo_jp9704_9_77422.jpeg","twitter_misc":{"Gesch\u00e4tzte Lesezeit":"1\u00a0Minute"},"schema":{"@context":"https:\/\/schema.org","@graph":[{"@type":"WebPage","@id":"\/","url":"https:\/\/tourcruiser.com\/","name":"(Women) Tokyo - Tourcruiser PTE. LTD","isPartOf":{"@id":"\/#website"},"primaryImageOfPage":{"@id":"https:\/\/tourcruiser.com\/#primaryimage"},"image":{"@id":"https:\/\/tourcruiser.com\/#primaryimage"},"thumbnailUrl":"https:\/\/images.novelship.com\/product\/_women__tokyo_jp9704_0_77421.jpeg;https:\/\/images.novelship.com\/product\/_women__tokyo_jp9704_1_77421.jpeg;https:\/\/images.novelship.com\/product\/_women__tokyo_jp9704_2_77421.jpeg;https:\/\/images.novelship.com\/product\/_women__tokyo_jp9704_3_77422.jpeg;https:\/\/images.novelship.com\/product\/_women__tokyo_jp9704_4_77422.jpeg;https:\/\/images.novelship.com\/product\/_women__tokyo_jp9704_5_77422.jpeg;https:\/\/images.novelship.com\/product\/_women__tokyo_jp9704_6_77422.jpeg;https:\/\/images.novelship.com\/product\/_women__tokyo_jp9704_7_77422.jpeg;https:\/\/images.novelship.com\/product\/_women__tokyo_jp9704_8_77422.jpeg;https:\/\/images.novelship.com\/product\/_women__tokyo_jp9704_9_77422.jpeg","datePublished":"2026-03-02T08:40:18+00:00","dateModified":"2026-03-27T18:15:21+00:00","breadcrumb":{"@id":"https:\/\/tourcruiser.com\/#breadcrumb"},"inLanguage":"de","potentialAction":[{"@type":"ReadAction","target":["https:\/\/tourcruiser.com\/"]}]},{"@type":"ImageObject","inLanguage":"de","@id":"https:\/\/tourcruiser.com\/#primaryimage","url":"https:\/\/images.novelship.com\/product\/_women__tokyo_jp9704_0_77421.jpeg;https:\/\/images.novelship.com\/product\/_women__tokyo_jp9704_1_77421.jpeg;https:\/\/images.novelship.com\/product\/_women__tokyo_jp9704_2_77421.jpeg;https:\/\/images.novelship.com\/product\/_women__tokyo_jp9704_3_77422.jpeg;https:\/\/images.novelship.com\/product\/_women__tokyo_jp9704_4_77422.jpeg;https:\/\/images.novelship.com\/product\/_women__tokyo_jp9704_5_77422.jpeg;https:\/\/images.novelship.com\/product\/_women__tokyo_jp9704_6_77422.jpeg;https:\/\/images.novelship.com\/product\/_women__tokyo_jp9704_7_77422.jpeg;https:\/\/images.novelship.com\/product\/_women__tokyo_jp9704_8_77422.jpeg;https:\/\/images.novelship.com\/product\/_women__tokyo_jp9704_9_77422.jpeg","contentUrl":"https:\/\/images.novelship.com\/product\/_women__tokyo_jp9704_0_77421.jpeg;https:\/\/images.novelship.com\/product\/_women__tokyo_jp9704_1_77421.jpeg;https:\/\/images.novelship.com\/product\/_women__tokyo_jp9704_2_77421.jpeg;https:\/\/images.novelship.com\/product\/_women__tokyo_jp9704_3_77422.jpeg;https:\/\/images.novelship.com\/product\/_women__tokyo_jp9704_4_77422.jpeg;https:\/\/images.novelship.com\/product\/_women__tokyo_jp9704_5_77422.jpeg;https:\/\/images.novelship.com\/product\/_women__tokyo_jp9704_6_77422.jpeg;https:\/\/images.novelship.com\/product\/_women__tokyo_jp9704_7_77422.jpeg;https:\/\/images.novelship.com\/product\/_women__tokyo_jp9704_8_77422.jpeg;https:\/\/images.novelship.com\/product\/_women__tokyo_jp9704_9_77422.jpeg"},{"@type":"BreadcrumbList","@id":"https:\/\/tourcruiser.com\/#breadcrumb","itemListElement":[{"@type":"ListItem","position":1,"name":"Home","item":"https:\/\/tourcruiser.com\/de\/"},{"@type":"ListItem","position":2,"name":"Shop","item":"https:\/\/tourcruiser.com\/de\/shop\/"},{"@type":"ListItem","position":3,"name":"(Women) Tokyo"}]},{"@type":"WebSite","@id":"\/#website","url":"\/","name":"Styloral Jewelry Shop","description":"Tourcruiser Sneaker Store \u2014 der Ort, an dem das Universum deine Einzigartigkeit trifft.","publisher":{"@id":"\/#organization"},"potentialAction":[{"@type":"SearchAction","target":{"@type":"EntryPoint","urlTemplate":"\/?s={search_term_string}"},"query-input":{"@type":"PropertyValueSpecification","valueRequired":true,"valueName":"search_term_string"}}],"inLanguage":"de"},{"@type":"Organization","@id":"\/#organization","name":"STYLORAL PTE. LTD","url":"\/","logo":{"@type":"ImageObject","inLanguage":"de","@id":"\/#\/schema\/logo\/image\/","url":"https:\/\/www.tourcruiser.com\/wp-content\/uploads\/2025\/12\/logo.png","contentUrl":"https:\/\/www.tourcruiser.com\/wp-content\/uploads\/2025\/12\/logo.png","width":200,"height":65,"caption":"STYLORAL PTE. LTD"},"image":{"@id":"\/#\/schema\/logo\/image\/"}}]}},"_links":{"self":[{"href":"https:\/\/tourcruiser.com\/de\/wp-json\/wp\/v2\/product\/143183","targetHints":{"allow":["GET"]}}],"collection":[{"href":"https:\/\/tourcruiser.com\/de\/wp-json\/wp\/v2\/product"}],"about":[{"href":"https:\/\/tourcruiser.com\/de\/wp-json\/wp\/v2\/types\/product"}],"replies":[{"embeddable":true,"href":"https:\/\/tourcruiser.com\/de\/wp-json\/wp\/v2\/comments?post=143183"}],"wp:featuredmedia":[{"embeddable":true,"href":"https:\/\/tourcruiser.com\/de\/wp-json\/wp\/v2\/media\/143184"}],"wp:attachment":[{"href":"https:\/\/tourcruiser.com\/de\/wp-json\/wp\/v2\/media?parent=143183"}],"wp:term":[{"taxonomy":"product_brand","embeddable":true,"href":"https:\/\/tourcruiser.com\/de\/wp-json\/wp\/v2\/product_brand?post=143183"},{"taxonomy":"product_cat","embeddable":true,"href":"https:\/\/tourcruiser.com\/de\/wp-json\/wp\/v2\/product_cat?post=143183"},{"taxonomy":"product_tag","embeddable":true,"href":"https:\/\/tourcruiser.com\/de\/wp-json\/wp\/v2\/product_tag?post=143183"}],"curies":[{"name":"wp","href":"https:\/\/api.w.org\/{rel}","templated":true}]}}