{"id":143037,"date":"2026-03-02T15:40:06","date_gmt":"2026-03-02T08:40:06","guid":{"rendered":"http:\/\/tourcruiser.com\/product\/nike-book-2-all-star-warning-label"},"modified":"2026-03-28T01:15:15","modified_gmt":"2026-03-27T18:15:15","slug":"nike-book-2-all-star-warning-label","status":"publish","type":"product","link":"https:\/\/tourcruiser.com\/de\/products\/nike-book-2-all-star-warning-label\/","title":{"rendered":"Nike Book 2 &#8218;All-Star Warning Label&#8216;"},"content":{"rendered":"<p>Der Nike Book 2 \u201eAll-Star Warning Label\u201c IO1458-800 ist ein dynamischer, leistungsstarker Sneaker f\u00fcr Sportler und Streetwear-Fans, die Wert auf Style und Funktionalit\u00e4t legen. Mit seiner auff\u00e4lligen Farbkombination aus Orange und Schwarz und den einzigartigen, von Warnhinweisen inspirierten Grafiken sorgt er f\u00fcr einen unverwechselbaren Look. Dank leichter Materialien und fortschrittlicher D\u00e4mpfungstechnologie bietet er maximalen Komfort und Halt bei intensiven Aktivit\u00e4ten und in der Freizeit. Die strapazierf\u00e4hige Au\u00dfensohle garantiert optimale Traktion, w\u00e4hrend das elegante Design Sport und Mode perfekt vereint. Dieser Sneaker in limitierter Auflage ist perfekt, um auf dem Court oder im urbanen Alltag ein Statement zu setzen und verk\u00f6rpert Innovation und Individualit\u00e4t.<\/p>\n<ul>\n<li><strong>Farbgebung:<\/strong> Clay Orange\/Schwarz-Clay Orange<\/li>\n<li><strong>Style-Code:<\/strong> IO1458-800<\/li>\n<li><strong>Obermaterial:<\/strong> TPU<\/li>\n<li><strong>Farbe:<\/strong> Orange<\/li>\n<li><strong>Saison:<\/strong> Winter<\/li>\n<li><strong>Erscheinungsjahr:<\/strong> 2026<\/li>\n<\/ul>\n","protected":false},"excerpt":{"rendered":"<p>Nike Book 2 \u201d\u201d Clay Orange\/Black-Clay Orange<\/p>\n","protected":false},"featured_media":143038,"comment_status":"open","ping_status":"closed","template":"","meta":[],"product_brand":[],"product_cat":[10803],"product_tag":[10800,10778,10801,10802],"class_list":{"0":"post-143037","1":"product","2":"type-product","3":"status-publish","4":"has-post-thumbnail","6":"product_cat-nike","7":"product_tag-basketball-shoes","8":"product_tag-new-release","9":"product_tag-nike","10":"product_tag-performance-sport-shoes","11":"wcpa_has_options","13":"first","14":"outofstock","15":"taxable","16":"shipping-taxable","17":"purchasable","18":"product-type-simple"},"wcpa_form_fields":{"rules":{"pric_overide_base_price":false,"pric_overide_base_price_if_gt_zero":false,"pric_overide_base_price_fully":false,"pric_cal_option_once":false,"pric_use_as_fee":false,"bind_quantity":false,"quantity_bind_formula":false},"fields":[{"type":"color-group","required":true,"elementId":"wcpa-color-group-66c4a75505e74","label":"Gr\u00f6\u00dfe - EU Gr\u00f6\u00dfe","inline":true,"priceOptions":"different_for_all","pricingType":"fixed","className":"hassizechart product-shoes-size-eu product-shoes-size","name":"color-group-66c4a75505e89","disp_type":"square","selection_type":"tick-border","disp_size":"44","show_label_inside":true,"adjust_width":true,"cart_display_type":"text","other_text":"Other","cl_rule":"show","col":6,"values":[{"label":"35.5","value":"EU 35.5","price":"","pimage":"","pimage_id":"","pthumb":"","color":""},{"label":"36","value":"EU 36","price":"","pimage":"","pimage_id":"","pthumb":"","color":"","selected":true},{"label":"36.5","value":"EU 36.5","price":"","pimage":"","pimage_id":"","pthumb":"","color":""},{"label":"37.5","value":"EU 37.5","price":"","pimage":"","pimage_id":"","pthumb":"","color":""},{"label":"38","value":"EU 38","price":"","pimage":"","pimage_id":"","pthumb":"","color":""},{"label":"38.5","value":"EU 38.5","price":"","pimage":"","pimage_id":"","pthumb":"","color":""},{"label":"39","value":"EU 39","price":"","pimage":"","pimage_id":"","pthumb":"","color":""},{"label":"40","value":"EU 40","price":"","pimage":"","pimage_id":"","pthumb":"","color":""},{"label":"40.5","value":"EU 40.5","price":"","pimage":"","pimage_id":"","pthumb":"","color":""},{"label":"41","value":"EU 41","price":"","pimage":"","pimage_id":"","pthumb":"","color":""},{"label":"42","value":"EU 42","price":"","pimage":"","pimage_id":"","pthumb":"","color":""},{"label":"42.5","value":"EU 42.5","price":"","pimage":"","pimage_id":"","pthumb":"","color":""},{"label":"43","value":"EU 43","price":"","pimage":"","pimage_id":"","pthumb":"","color":""},{"label":"44","value":"EU 44","price":"","pimage":"","pimage_id":"","pthumb":"","color":""},{"label":"44.5","value":"EU 44.5","price":"","pimage":"","pimage_id":"","pthumb":"","color":""},{"label":"45","value":"EU 45","price":"","pimage":"","pimage_id":"","pthumb":"","color":""},{"label":"45.5","value":"EU 45.5","price":"","pimage":"","pimage_id":"","pthumb":"","color":""},{"label":"46","value":"EU 46","price":"","pimage":"","pimage_id":"","pthumb":"","color":""},{"label":"47","value":"EU 47","price":"","pimage":"","pimage_id":"","pthumb":"","color":""},{"label":"47.5","value":"EU 47.5","price":"","pimage":"","pimage_id":"","pthumb":"","color":""},{"label":"48","value":"EU 48","price":"","pimage":"","pimage_id":"","pthumb":"","color":""}],"relations":[{"operator":false,"rules":[]}],"form_id":18106,"form_rules":{"pric_cal_option_once":false,"exclude_from_discount":false,"pric_use_as_fee":false,"fee_label":"Fee","render_after_acb":false,"disp_hide_options_price":false}}]},"yoast_head":"<!-- This site is optimized with the Yoast SEO plugin v26.5 - https:\/\/yoast.com\/wordpress\/plugins\/seo\/ -->\n<title>Nike Book 2 &#039;All-Star Warning Label&#039;  - Tourcruiser PTE. LTD<\/title>\n<meta name=\"robots\" content=\"index, follow, max-snippet:-1, max-image-preview:large, max-video-preview:-1\" \/>\n<link rel=\"canonical\" href=\"https:\/\/tourcruiser.com\/de\/products\/nike-book-2-all-star-warning-label\/\" \/>\n<meta property=\"og:locale\" content=\"de_DE\" \/>\n<meta property=\"og:type\" content=\"article\" \/>\n<meta property=\"og:title\" content=\"Nike Book 2 &#039;All-Star Warning Label&#039;  - Tourcruiser PTE. LTD\" \/>\n<meta property=\"og:description\" content=\"Nike Book 2 \u201d\u201d Clay Orange\/Black-Clay Orange\" \/>\n<meta property=\"og:url\" content=\"https:\/\/tourcruiser.com\/de\/products\/nike-book-2-all-star-warning-label\/\" \/>\n<meta property=\"og:site_name\" content=\"Tourcruiser Sneaker Store\" \/>\n<meta property=\"article:modified_time\" content=\"2026-03-27T18:15:15+00:00\" \/>\n<meta name=\"twitter:card\" content=\"summary_large_image\" \/>\n<meta name=\"twitter:image\" content=\"https:\/\/images.novelship.com\/product\/nike_book_2__all-star_warning_label__io1458-800_0_43120.jpeg;https:\/\/images.novelship.com\/product\/nike_book_2__all-star_warning_label__io1458-800_1_43120.jpeg;https:\/\/images.novelship.com\/product\/nike_book_2__all-star_warning_label__io1458-800_2_43120.jpeg;https:\/\/images.novelship.com\/product\/nike_book_2__all-star_warning_label__io1458-800_3_43121.jpeg;https:\/\/images.novelship.com\/product\/nike_book_2__all-star_warning_label__io1458-800_4_43121.jpeg\" \/>\n<meta name=\"twitter:label1\" content=\"Gesch\u00e4tzte Lesezeit\" \/>\n\t<meta name=\"twitter:data1\" content=\"1\u00a0Minute\" \/>\n<script type=\"application\/ld+json\" class=\"yoast-schema-graph\">{\"@context\":\"https:\/\/schema.org\",\"@graph\":[{\"@type\":\"WebPage\",\"@id\":\"https:\/\/tourcruiser.com\/de\/products\/nike-book-2-all-star-warning-label\/\",\"url\":\"https:\/\/tourcruiser.com\/de\/products\/nike-book-2-all-star-warning-label\/\",\"name\":\"Nike Book 2 'All-Star Warning Label' - Tourcruiser PTE. LTD\",\"isPartOf\":{\"@id\":\"https:\/\/tourcruiser.com\/de\/#website\"},\"primaryImageOfPage\":{\"@id\":\"https:\/\/tourcruiser.com\/de\/products\/nike-book-2-all-star-warning-label\/#primaryimage\"},\"image\":{\"@id\":\"https:\/\/tourcruiser.com\/de\/products\/nike-book-2-all-star-warning-label\/#primaryimage\"},\"thumbnailUrl\":\"https:\/\/images.novelship.com\/product\/nike_book_2__all-star_warning_label__io1458-800_0_43120.jpeg;https:\/\/images.novelship.com\/product\/nike_book_2__all-star_warning_label__io1458-800_1_43120.jpeg;https:\/\/images.novelship.com\/product\/nike_book_2__all-star_warning_label__io1458-800_2_43120.jpeg;https:\/\/images.novelship.com\/product\/nike_book_2__all-star_warning_label__io1458-800_3_43121.jpeg;https:\/\/images.novelship.com\/product\/nike_book_2__all-star_warning_label__io1458-800_4_43121.jpeg\",\"datePublished\":\"2026-03-02T08:40:06+00:00\",\"dateModified\":\"2026-03-27T18:15:15+00:00\",\"breadcrumb\":{\"@id\":\"https:\/\/tourcruiser.com\/de\/products\/nike-book-2-all-star-warning-label\/#breadcrumb\"},\"inLanguage\":\"de\",\"potentialAction\":[{\"@type\":\"ReadAction\",\"target\":[\"https:\/\/tourcruiser.com\/de\/products\/nike-book-2-all-star-warning-label\/\"]}]},{\"@type\":\"ImageObject\",\"inLanguage\":\"de\",\"@id\":\"https:\/\/tourcruiser.com\/de\/products\/nike-book-2-all-star-warning-label\/#primaryimage\",\"url\":\"https:\/\/images.novelship.com\/product\/nike_book_2__all-star_warning_label__io1458-800_0_43120.jpeg;https:\/\/images.novelship.com\/product\/nike_book_2__all-star_warning_label__io1458-800_1_43120.jpeg;https:\/\/images.novelship.com\/product\/nike_book_2__all-star_warning_label__io1458-800_2_43120.jpeg;https:\/\/images.novelship.com\/product\/nike_book_2__all-star_warning_label__io1458-800_3_43121.jpeg;https:\/\/images.novelship.com\/product\/nike_book_2__all-star_warning_label__io1458-800_4_43121.jpeg\",\"contentUrl\":\"https:\/\/images.novelship.com\/product\/nike_book_2__all-star_warning_label__io1458-800_0_43120.jpeg;https:\/\/images.novelship.com\/product\/nike_book_2__all-star_warning_label__io1458-800_1_43120.jpeg;https:\/\/images.novelship.com\/product\/nike_book_2__all-star_warning_label__io1458-800_2_43120.jpeg;https:\/\/images.novelship.com\/product\/nike_book_2__all-star_warning_label__io1458-800_3_43121.jpeg;https:\/\/images.novelship.com\/product\/nike_book_2__all-star_warning_label__io1458-800_4_43121.jpeg\"},{\"@type\":\"BreadcrumbList\",\"@id\":\"https:\/\/tourcruiser.com\/de\/products\/nike-book-2-all-star-warning-label\/#breadcrumb\",\"itemListElement\":[{\"@type\":\"ListItem\",\"position\":1,\"name\":\"Home\",\"item\":\"https:\/\/tourcruiser.com\/de\/\"},{\"@type\":\"ListItem\",\"position\":2,\"name\":\"Shop\",\"item\":\"https:\/\/tourcruiser.com\/de\/shop\/\"},{\"@type\":\"ListItem\",\"position\":3,\"name\":\"Nike Book 2 'All-Star Warning Label'\"}]},{\"@type\":\"WebSite\",\"@id\":\"https:\/\/tourcruiser.com\/de\/#website\",\"url\":\"https:\/\/tourcruiser.com\/de\/\",\"name\":\"Styloral Jewelry Shop\",\"description\":\"Tourcruiser Sneaker Store \u2014 der Ort, an dem das Universum deine Einzigartigkeit trifft.\",\"publisher\":{\"@id\":\"https:\/\/tourcruiser.com\/de\/#organization\"},\"potentialAction\":[{\"@type\":\"SearchAction\",\"target\":{\"@type\":\"EntryPoint\",\"urlTemplate\":\"https:\/\/tourcruiser.com\/de\/?s={search_term_string}\"},\"query-input\":{\"@type\":\"PropertyValueSpecification\",\"valueRequired\":true,\"valueName\":\"search_term_string\"}}],\"inLanguage\":\"de\"},{\"@type\":\"Organization\",\"@id\":\"https:\/\/tourcruiser.com\/de\/#organization\",\"name\":\"STYLORAL PTE. LTD\",\"url\":\"https:\/\/tourcruiser.com\/de\/\",\"logo\":{\"@type\":\"ImageObject\",\"inLanguage\":\"de\",\"@id\":\"https:\/\/tourcruiser.com\/de\/#\/schema\/logo\/image\/\",\"url\":\"https:\/\/www.tourcruiser.com\/wp-content\/uploads\/2025\/12\/logo.png\",\"contentUrl\":\"https:\/\/www.tourcruiser.com\/wp-content\/uploads\/2025\/12\/logo.png\",\"width\":200,\"height\":65,\"caption\":\"STYLORAL PTE. LTD\"},\"image\":{\"@id\":\"https:\/\/tourcruiser.com\/de\/#\/schema\/logo\/image\/\"}}]}<\/script>\n<!-- \/ Yoast SEO plugin. -->","yoast_head_json":{"title":"Nike Book 2 'All-Star Warning Label'  - Tourcruiser PTE. LTD","robots":{"index":"index","follow":"follow","max-snippet":"max-snippet:-1","max-image-preview":"max-image-preview:large","max-video-preview":"max-video-preview:-1"},"canonical":"https:\/\/tourcruiser.com\/de\/products\/nike-book-2-all-star-warning-label\/","og_locale":"de_DE","og_type":"article","og_title":"Nike Book 2 'All-Star Warning Label'  - Tourcruiser PTE. LTD","og_description":"Nike Book 2 \u201d\u201d Clay Orange\/Black-Clay Orange","og_url":"https:\/\/tourcruiser.com\/de\/products\/nike-book-2-all-star-warning-label\/","og_site_name":"Tourcruiser Sneaker Store","article_modified_time":"2026-03-27T18:15:15+00:00","twitter_card":"summary_large_image","twitter_image":"https:\/\/images.novelship.com\/product\/nike_book_2__all-star_warning_label__io1458-800_0_43120.jpeg;https:\/\/images.novelship.com\/product\/nike_book_2__all-star_warning_label__io1458-800_1_43120.jpeg;https:\/\/images.novelship.com\/product\/nike_book_2__all-star_warning_label__io1458-800_2_43120.jpeg;https:\/\/images.novelship.com\/product\/nike_book_2__all-star_warning_label__io1458-800_3_43121.jpeg;https:\/\/images.novelship.com\/product\/nike_book_2__all-star_warning_label__io1458-800_4_43121.jpeg","twitter_misc":{"Gesch\u00e4tzte Lesezeit":"1\u00a0Minute"},"schema":{"@context":"https:\/\/schema.org","@graph":[{"@type":"WebPage","@id":"https:\/\/tourcruiser.com\/de\/products\/nike-book-2-all-star-warning-label\/","url":"https:\/\/tourcruiser.com\/de\/products\/nike-book-2-all-star-warning-label\/","name":"Nike Book 2 'All-Star Warning Label' - Tourcruiser PTE. LTD","isPartOf":{"@id":"https:\/\/tourcruiser.com\/de\/#website"},"primaryImageOfPage":{"@id":"https:\/\/tourcruiser.com\/de\/products\/nike-book-2-all-star-warning-label\/#primaryimage"},"image":{"@id":"https:\/\/tourcruiser.com\/de\/products\/nike-book-2-all-star-warning-label\/#primaryimage"},"thumbnailUrl":"https:\/\/images.novelship.com\/product\/nike_book_2__all-star_warning_label__io1458-800_0_43120.jpeg;https:\/\/images.novelship.com\/product\/nike_book_2__all-star_warning_label__io1458-800_1_43120.jpeg;https:\/\/images.novelship.com\/product\/nike_book_2__all-star_warning_label__io1458-800_2_43120.jpeg;https:\/\/images.novelship.com\/product\/nike_book_2__all-star_warning_label__io1458-800_3_43121.jpeg;https:\/\/images.novelship.com\/product\/nike_book_2__all-star_warning_label__io1458-800_4_43121.jpeg","datePublished":"2026-03-02T08:40:06+00:00","dateModified":"2026-03-27T18:15:15+00:00","breadcrumb":{"@id":"https:\/\/tourcruiser.com\/de\/products\/nike-book-2-all-star-warning-label\/#breadcrumb"},"inLanguage":"de","potentialAction":[{"@type":"ReadAction","target":["https:\/\/tourcruiser.com\/de\/products\/nike-book-2-all-star-warning-label\/"]}]},{"@type":"ImageObject","inLanguage":"de","@id":"https:\/\/tourcruiser.com\/de\/products\/nike-book-2-all-star-warning-label\/#primaryimage","url":"https:\/\/images.novelship.com\/product\/nike_book_2__all-star_warning_label__io1458-800_0_43120.jpeg;https:\/\/images.novelship.com\/product\/nike_book_2__all-star_warning_label__io1458-800_1_43120.jpeg;https:\/\/images.novelship.com\/product\/nike_book_2__all-star_warning_label__io1458-800_2_43120.jpeg;https:\/\/images.novelship.com\/product\/nike_book_2__all-star_warning_label__io1458-800_3_43121.jpeg;https:\/\/images.novelship.com\/product\/nike_book_2__all-star_warning_label__io1458-800_4_43121.jpeg","contentUrl":"https:\/\/images.novelship.com\/product\/nike_book_2__all-star_warning_label__io1458-800_0_43120.jpeg;https:\/\/images.novelship.com\/product\/nike_book_2__all-star_warning_label__io1458-800_1_43120.jpeg;https:\/\/images.novelship.com\/product\/nike_book_2__all-star_warning_label__io1458-800_2_43120.jpeg;https:\/\/images.novelship.com\/product\/nike_book_2__all-star_warning_label__io1458-800_3_43121.jpeg;https:\/\/images.novelship.com\/product\/nike_book_2__all-star_warning_label__io1458-800_4_43121.jpeg"},{"@type":"BreadcrumbList","@id":"https:\/\/tourcruiser.com\/de\/products\/nike-book-2-all-star-warning-label\/#breadcrumb","itemListElement":[{"@type":"ListItem","position":1,"name":"Home","item":"https:\/\/tourcruiser.com\/de\/"},{"@type":"ListItem","position":2,"name":"Shop","item":"https:\/\/tourcruiser.com\/de\/shop\/"},{"@type":"ListItem","position":3,"name":"Nike Book 2 'All-Star Warning Label'"}]},{"@type":"WebSite","@id":"https:\/\/tourcruiser.com\/de\/#website","url":"https:\/\/tourcruiser.com\/de\/","name":"Styloral Jewelry Shop","description":"Tourcruiser Sneaker Store \u2014 der Ort, an dem das Universum deine Einzigartigkeit trifft.","publisher":{"@id":"https:\/\/tourcruiser.com\/de\/#organization"},"potentialAction":[{"@type":"SearchAction","target":{"@type":"EntryPoint","urlTemplate":"https:\/\/tourcruiser.com\/de\/?s={search_term_string}"},"query-input":{"@type":"PropertyValueSpecification","valueRequired":true,"valueName":"search_term_string"}}],"inLanguage":"de"},{"@type":"Organization","@id":"https:\/\/tourcruiser.com\/de\/#organization","name":"STYLORAL PTE. LTD","url":"https:\/\/tourcruiser.com\/de\/","logo":{"@type":"ImageObject","inLanguage":"de","@id":"https:\/\/tourcruiser.com\/de\/#\/schema\/logo\/image\/","url":"https:\/\/www.tourcruiser.com\/wp-content\/uploads\/2025\/12\/logo.png","contentUrl":"https:\/\/www.tourcruiser.com\/wp-content\/uploads\/2025\/12\/logo.png","width":200,"height":65,"caption":"STYLORAL PTE. LTD"},"image":{"@id":"https:\/\/tourcruiser.com\/de\/#\/schema\/logo\/image\/"}}]}},"_links":{"self":[{"href":"https:\/\/tourcruiser.com\/de\/wp-json\/wp\/v2\/product\/143037","targetHints":{"allow":["GET"]}}],"collection":[{"href":"https:\/\/tourcruiser.com\/de\/wp-json\/wp\/v2\/product"}],"about":[{"href":"https:\/\/tourcruiser.com\/de\/wp-json\/wp\/v2\/types\/product"}],"replies":[{"embeddable":true,"href":"https:\/\/tourcruiser.com\/de\/wp-json\/wp\/v2\/comments?post=143037"}],"wp:featuredmedia":[{"embeddable":true,"href":"https:\/\/tourcruiser.com\/de\/wp-json\/wp\/v2\/media\/143038"}],"wp:attachment":[{"href":"https:\/\/tourcruiser.com\/de\/wp-json\/wp\/v2\/media?parent=143037"}],"wp:term":[{"taxonomy":"product_brand","embeddable":true,"href":"https:\/\/tourcruiser.com\/de\/wp-json\/wp\/v2\/product_brand?post=143037"},{"taxonomy":"product_cat","embeddable":true,"href":"https:\/\/tourcruiser.com\/de\/wp-json\/wp\/v2\/product_cat?post=143037"},{"taxonomy":"product_tag","embeddable":true,"href":"https:\/\/tourcruiser.com\/de\/wp-json\/wp\/v2\/product_tag?post=143037"}],"curies":[{"name":"wp","href":"https:\/\/api.w.org\/{rel}","templated":true}]}}