{"id":142773,"date":"2026-03-02T15:39:45","date_gmt":"2026-03-02T08:39:45","guid":{"rendered":"http:\/\/tourcruiser.com\/product\/adidas-predator-edge1-fg-silver-metallic-black"},"modified":"2026-03-28T01:14:59","modified_gmt":"2026-03-27T18:14:59","slug":"adidas-predator-edge1-fg-silver-metallic-black","status":"publish","type":"product","link":"https:\/\/tourcruiser.com\/de\/products\/adidas-predator-edge1-fg-silver-metallic-black\/","title":{"rendered":"adidas Predator Edge.1 FG &#8218;Silver Metallic Black&#8216;"},"content":{"rendered":"<p>Die adidas Predator Edge.1 FG Silver Metallic Black Sneaker bieten ein elegantes und stylisches Design f\u00fcr Sportler. Diese Sneaker der renommierten Marke adidas sind perfekt f\u00fcr alle, die auf dem Spielfeld Wert auf Komfort und Strapazierf\u00e4higkeit legen. Die Farbkombination aus Silbermetallic und Schwarz verleiht jedem Sportoutfit einen Hauch von Raffinesse. Ideal f\u00fcr Fu\u00dfballspieler: Diese Sneaker bieten hervorragenden Grip und Halt auf festem Untergrund und verbessern so die Leistung auf dem Platz.<\/p>\n<p>Farbgebung: Silbermetallic\/Core Black\/Team Solar Green<\/p>\n<p>Artikelnummer: HR1573<br \/>\nObermaterial: Synthetik<br \/>\nFarbe: Mehrfarbig<br \/>\nSaison: Herbst<br \/>\nErscheinungsjahr: 2022<\/p>\n","protected":false},"excerpt":{"rendered":"<p>adidas Predator Edge.1 \u201d\u201d Silver Metallic\/Core Black\/Team Solar Green<\/p>\n","protected":false},"featured_media":142774,"comment_status":"open","ping_status":"closed","template":"","meta":[],"product_brand":[],"product_cat":[10760],"product_tag":[10759,10749,13117,11087,10753,10802,10986,10987,10785,10786,10758],"class_list":{"0":"post-142773","1":"product","2":"type-product","3":"status-publish","4":"has-post-thumbnail","6":"product_cat-adidas","7":"product_tag-adidas","8":"product_tag-adidas-skateboarding-shoes","9":"product_tag-adidas-soccer-shoes","10":"product_tag-firm-ground-fg-football-boots","11":"product_tag-gift-for-him","12":"product_tag-performance-sport-shoes","13":"product_tag-soccer-shoes","14":"product_tag-soccer-shoes-football-cleats","15":"product_tag-trending-deals","16":"product_tag-trending-deals-under-150","17":"product_tag-under-retail","18":"wcpa_has_options","20":"first","21":"outofstock","22":"sale","23":"taxable","24":"shipping-taxable","25":"purchasable","26":"product-type-simple"},"wcpa_form_fields":{"rules":{"pric_overide_base_price":false,"pric_overide_base_price_if_gt_zero":false,"pric_overide_base_price_fully":false,"pric_cal_option_once":false,"pric_use_as_fee":false,"bind_quantity":false,"quantity_bind_formula":false},"fields":[{"type":"color-group","required":true,"elementId":"wcpa-color-group-66c4a7f817afe","label":"Gr\u00f6\u00dfe","inline":true,"priceOptions":"different_for_all","pricingType":"fixed","className":"hassizechart product-shoes-size-eu product-shoes-size","name":"color-group-66c4a7f817b18","disp_type":"square","selection_type":"tick-border","disp_size":"50","show_label_inside":true,"adjust_width":true,"cart_display_type":"text","other_text":"Other","cl_rule":"show","col":6,"values":[{"label":"35","value":"EU 35","price":"","pimage":"","pimage_id":"","pthumb":"","color":""},{"label":"35.5","value":"EU 35.5","price":"","pimage":"","pimage_id":"","pthumb":"","color":""},{"label":"36","value":"EU 36","price":"","pimage":"","pimage_id":"","pthumb":"","color":"","selected":true},{"label":"36 2\/3","value":"EU 36 2\/3","price":"","pimage":"","pimage_id":"","pthumb":"","color":""},{"label":"37 1\/3","value":"EU 37 1\/3","price":"","pimage":"","pimage_id":"","pthumb":"","color":""},{"label":"38","value":"EU 38","price":"","pimage":"","pimage_id":"","pthumb":"","color":""},{"label":"38 2\/3","value":"EU 38 2\/3","price":"","pimage":"","pimage_id":"","pthumb":"","color":""},{"label":"39 1\/3","value":"EU 39 1\/3","price":"","pimage":"","pimage_id":"","pthumb":"","color":""},{"label":"40","value":"EU 40","price":"","pimage":"","pimage_id":"","pthumb":"","color":""},{"label":"40 2\/3","value":"EU 40 2\/3","price":"","pimage":"","pimage_id":"","pthumb":"","color":""},{"label":"41 1\/3","value":"EU 41 1\/3","price":"","pimage":"","pimage_id":"","pthumb":"","color":""},{"label":"42","value":"EU 42","price":"","pimage":"","pimage_id":"","pthumb":"","color":""},{"label":"42 2\/3","value":"EU 42 2\/3","price":"","pimage":"","pimage_id":"","pthumb":"","color":""},{"label":"43 1\/3","value":"EU 43 1\/3","price":"","pimage":"","pimage_id":"","pthumb":"","color":""},{"label":"44","value":"EU 44","price":"","pimage":"","pimage_id":"","pthumb":"","color":""},{"label":"44 2\/3","value":"EU 44 2\/3","price":"","pimage":"","pimage_id":"","pthumb":"","color":""},{"label":"45 1\/3","value":"EU 45 1\/3","price":"","pimage":"","pimage_id":"","pthumb":"","color":""},{"label":"46","value":"EU 46","price":"","pimage":"","pimage_id":"","pthumb":"","color":""},{"label":"46 2\/3","value":"EU 46 2\/3","price":"","pimage":"","pimage_id":"","pthumb":"","color":""},{"label":"47 1\/3","value":"EU 47 1\/3","price":"","pimage":"","pimage_id":"","pthumb":"","color":""}],"relations":[{"operator":false,"rules":[]}],"form_id":24802,"form_rules":{"pric_cal_option_once":false,"exclude_from_discount":false,"pric_use_as_fee":false,"fee_label":"Fee","render_after_acb":false,"disp_hide_options_price":false}}]},"yoast_head":"<!-- This site is optimized with the Yoast SEO plugin v26.5 - https:\/\/yoast.com\/wordpress\/plugins\/seo\/ -->\n<title>adidas Predator Edge.1 FG &#039;Silver Metallic Black&#039;  - Tourcruiser PTE. LTD<\/title>\n<meta name=\"robots\" content=\"index, follow, max-snippet:-1, max-image-preview:large, max-video-preview:-1\" \/>\n<link rel=\"canonical\" href=\"https:\/\/tourcruiser.com\/de\/products\/adidas-predator-edge1-fg-silver-metallic-black\/\" \/>\n<meta property=\"og:locale\" content=\"de_DE\" \/>\n<meta property=\"og:type\" content=\"article\" \/>\n<meta property=\"og:title\" content=\"adidas Predator Edge.1 FG &#039;Silver Metallic Black&#039;  - Tourcruiser PTE. LTD\" \/>\n<meta property=\"og:description\" content=\"adidas Predator Edge.1 \u201d\u201d Silver Metallic\/Core Black\/Team Solar Green\" \/>\n<meta property=\"og:url\" content=\"https:\/\/tourcruiser.com\/de\/products\/adidas-predator-edge1-fg-silver-metallic-black\/\" \/>\n<meta property=\"og:site_name\" content=\"Tourcruiser Sneaker Store\" \/>\n<meta property=\"article:modified_time\" content=\"2026-03-27T18:14:59+00:00\" \/>\n<meta name=\"twitter:card\" content=\"summary_large_image\" \/>\n<meta name=\"twitter:image\" content=\"https:\/\/images.novelship.com\/product\/adidas_predator_edge_1_fg__silver_metallic_black___0_9486.jpeg;https:\/\/images.novelship.com\/product\/adidas_predator_edge_1_fg__silver_metallic_black___1_9486.jpeg;https:\/\/images.novelship.com\/product\/adidas_predator_edge_1_fg__silver_metallic_black___2_9486.jpeg;https:\/\/images.novelship.com\/product\/adidas_predator_edge_1_fg__silver_metallic_black___3_9486.jpeg\" \/>\n<script type=\"application\/ld+json\" class=\"yoast-schema-graph\">{\"@context\":\"https:\/\/schema.org\",\"@graph\":[{\"@type\":\"WebPage\",\"@id\":\"https:\/\/tourcruiser.com\/de\/products\/adidas-predator-edge1-fg-silver-metallic-black\/\",\"url\":\"https:\/\/tourcruiser.com\/de\/products\/adidas-predator-edge1-fg-silver-metallic-black\/\",\"name\":\"adidas Predator Edge.1 FG 'Silver Metallic Black' - Tourcruiser PTE. LTD\",\"isPartOf\":{\"@id\":\"\/#website\"},\"primaryImageOfPage\":{\"@id\":\"https:\/\/tourcruiser.com\/de\/products\/adidas-predator-edge1-fg-silver-metallic-black\/#primaryimage\"},\"image\":{\"@id\":\"https:\/\/tourcruiser.com\/de\/products\/adidas-predator-edge1-fg-silver-metallic-black\/#primaryimage\"},\"thumbnailUrl\":\"https:\/\/images.novelship.com\/product\/adidas_predator_edge_1_fg__silver_metallic_black___0_9486.jpeg;https:\/\/images.novelship.com\/product\/adidas_predator_edge_1_fg__silver_metallic_black___1_9486.jpeg;https:\/\/images.novelship.com\/product\/adidas_predator_edge_1_fg__silver_metallic_black___2_9486.jpeg;https:\/\/images.novelship.com\/product\/adidas_predator_edge_1_fg__silver_metallic_black___3_9486.jpeg\",\"datePublished\":\"2026-03-02T08:39:45+00:00\",\"dateModified\":\"2026-03-27T18:14:59+00:00\",\"breadcrumb\":{\"@id\":\"https:\/\/tourcruiser.com\/de\/products\/adidas-predator-edge1-fg-silver-metallic-black\/#breadcrumb\"},\"inLanguage\":\"de\",\"potentialAction\":[{\"@type\":\"ReadAction\",\"target\":[\"https:\/\/tourcruiser.com\/de\/products\/adidas-predator-edge1-fg-silver-metallic-black\/\"]}]},{\"@type\":\"ImageObject\",\"inLanguage\":\"de\",\"@id\":\"https:\/\/tourcruiser.com\/de\/products\/adidas-predator-edge1-fg-silver-metallic-black\/#primaryimage\",\"url\":\"https:\/\/images.novelship.com\/product\/adidas_predator_edge_1_fg__silver_metallic_black___0_9486.jpeg;https:\/\/images.novelship.com\/product\/adidas_predator_edge_1_fg__silver_metallic_black___1_9486.jpeg;https:\/\/images.novelship.com\/product\/adidas_predator_edge_1_fg__silver_metallic_black___2_9486.jpeg;https:\/\/images.novelship.com\/product\/adidas_predator_edge_1_fg__silver_metallic_black___3_9486.jpeg\",\"contentUrl\":\"https:\/\/images.novelship.com\/product\/adidas_predator_edge_1_fg__silver_metallic_black___0_9486.jpeg;https:\/\/images.novelship.com\/product\/adidas_predator_edge_1_fg__silver_metallic_black___1_9486.jpeg;https:\/\/images.novelship.com\/product\/adidas_predator_edge_1_fg__silver_metallic_black___2_9486.jpeg;https:\/\/images.novelship.com\/product\/adidas_predator_edge_1_fg__silver_metallic_black___3_9486.jpeg\"},{\"@type\":\"BreadcrumbList\",\"@id\":\"https:\/\/tourcruiser.com\/de\/products\/adidas-predator-edge1-fg-silver-metallic-black\/#breadcrumb\",\"itemListElement\":[{\"@type\":\"ListItem\",\"position\":1,\"name\":\"Home\",\"item\":\"https:\/\/tourcruiser.com\/de\/\"},{\"@type\":\"ListItem\",\"position\":2,\"name\":\"Shop\",\"item\":\"https:\/\/tourcruiser.com\/de\/shop\/\"},{\"@type\":\"ListItem\",\"position\":3,\"name\":\"adidas Predator Edge.1 FG 'Silver Metallic Black'\"}]},{\"@type\":\"WebSite\",\"@id\":\"\/#website\",\"url\":\"\/\",\"name\":\"Styloral Jewelry Shop\",\"description\":\"Tourcruiser Sneaker Store \u2014 der Ort, an dem das Universum deine Einzigartigkeit trifft.\",\"publisher\":{\"@id\":\"\/#organization\"},\"potentialAction\":[{\"@type\":\"SearchAction\",\"target\":{\"@type\":\"EntryPoint\",\"urlTemplate\":\"\/?s={search_term_string}\"},\"query-input\":{\"@type\":\"PropertyValueSpecification\",\"valueRequired\":true,\"valueName\":\"search_term_string\"}}],\"inLanguage\":\"de\"},{\"@type\":\"Organization\",\"@id\":\"\/#organization\",\"name\":\"STYLORAL PTE. LTD\",\"url\":\"\/\",\"logo\":{\"@type\":\"ImageObject\",\"inLanguage\":\"de\",\"@id\":\"\/#\/schema\/logo\/image\/\",\"url\":\"https:\/\/www.tourcruiser.com\/wp-content\/uploads\/2025\/12\/logo.png\",\"contentUrl\":\"https:\/\/www.tourcruiser.com\/wp-content\/uploads\/2025\/12\/logo.png\",\"width\":200,\"height\":65,\"caption\":\"STYLORAL PTE. LTD\"},\"image\":{\"@id\":\"\/#\/schema\/logo\/image\/\"}}]}<\/script>\n<!-- \/ Yoast SEO plugin. -->","yoast_head_json":{"title":"adidas Predator Edge.1 FG 'Silver Metallic Black'  - Tourcruiser PTE. LTD","robots":{"index":"index","follow":"follow","max-snippet":"max-snippet:-1","max-image-preview":"max-image-preview:large","max-video-preview":"max-video-preview:-1"},"canonical":"https:\/\/tourcruiser.com\/de\/products\/adidas-predator-edge1-fg-silver-metallic-black\/","og_locale":"de_DE","og_type":"article","og_title":"adidas Predator Edge.1 FG 'Silver Metallic Black'  - Tourcruiser PTE. LTD","og_description":"adidas Predator Edge.1 \u201d\u201d Silver Metallic\/Core Black\/Team Solar Green","og_url":"https:\/\/tourcruiser.com\/de\/products\/adidas-predator-edge1-fg-silver-metallic-black\/","og_site_name":"Tourcruiser Sneaker Store","article_modified_time":"2026-03-27T18:14:59+00:00","twitter_card":"summary_large_image","twitter_image":"https:\/\/images.novelship.com\/product\/adidas_predator_edge_1_fg__silver_metallic_black___0_9486.jpeg;https:\/\/images.novelship.com\/product\/adidas_predator_edge_1_fg__silver_metallic_black___1_9486.jpeg;https:\/\/images.novelship.com\/product\/adidas_predator_edge_1_fg__silver_metallic_black___2_9486.jpeg;https:\/\/images.novelship.com\/product\/adidas_predator_edge_1_fg__silver_metallic_black___3_9486.jpeg","schema":{"@context":"https:\/\/schema.org","@graph":[{"@type":"WebPage","@id":"https:\/\/tourcruiser.com\/de\/products\/adidas-predator-edge1-fg-silver-metallic-black\/","url":"https:\/\/tourcruiser.com\/de\/products\/adidas-predator-edge1-fg-silver-metallic-black\/","name":"adidas Predator Edge.1 FG 'Silver Metallic Black' - Tourcruiser PTE. LTD","isPartOf":{"@id":"\/#website"},"primaryImageOfPage":{"@id":"https:\/\/tourcruiser.com\/de\/products\/adidas-predator-edge1-fg-silver-metallic-black\/#primaryimage"},"image":{"@id":"https:\/\/tourcruiser.com\/de\/products\/adidas-predator-edge1-fg-silver-metallic-black\/#primaryimage"},"thumbnailUrl":"https:\/\/images.novelship.com\/product\/adidas_predator_edge_1_fg__silver_metallic_black___0_9486.jpeg;https:\/\/images.novelship.com\/product\/adidas_predator_edge_1_fg__silver_metallic_black___1_9486.jpeg;https:\/\/images.novelship.com\/product\/adidas_predator_edge_1_fg__silver_metallic_black___2_9486.jpeg;https:\/\/images.novelship.com\/product\/adidas_predator_edge_1_fg__silver_metallic_black___3_9486.jpeg","datePublished":"2026-03-02T08:39:45+00:00","dateModified":"2026-03-27T18:14:59+00:00","breadcrumb":{"@id":"https:\/\/tourcruiser.com\/de\/products\/adidas-predator-edge1-fg-silver-metallic-black\/#breadcrumb"},"inLanguage":"de","potentialAction":[{"@type":"ReadAction","target":["https:\/\/tourcruiser.com\/de\/products\/adidas-predator-edge1-fg-silver-metallic-black\/"]}]},{"@type":"ImageObject","inLanguage":"de","@id":"https:\/\/tourcruiser.com\/de\/products\/adidas-predator-edge1-fg-silver-metallic-black\/#primaryimage","url":"https:\/\/images.novelship.com\/product\/adidas_predator_edge_1_fg__silver_metallic_black___0_9486.jpeg;https:\/\/images.novelship.com\/product\/adidas_predator_edge_1_fg__silver_metallic_black___1_9486.jpeg;https:\/\/images.novelship.com\/product\/adidas_predator_edge_1_fg__silver_metallic_black___2_9486.jpeg;https:\/\/images.novelship.com\/product\/adidas_predator_edge_1_fg__silver_metallic_black___3_9486.jpeg","contentUrl":"https:\/\/images.novelship.com\/product\/adidas_predator_edge_1_fg__silver_metallic_black___0_9486.jpeg;https:\/\/images.novelship.com\/product\/adidas_predator_edge_1_fg__silver_metallic_black___1_9486.jpeg;https:\/\/images.novelship.com\/product\/adidas_predator_edge_1_fg__silver_metallic_black___2_9486.jpeg;https:\/\/images.novelship.com\/product\/adidas_predator_edge_1_fg__silver_metallic_black___3_9486.jpeg"},{"@type":"BreadcrumbList","@id":"https:\/\/tourcruiser.com\/de\/products\/adidas-predator-edge1-fg-silver-metallic-black\/#breadcrumb","itemListElement":[{"@type":"ListItem","position":1,"name":"Home","item":"https:\/\/tourcruiser.com\/de\/"},{"@type":"ListItem","position":2,"name":"Shop","item":"https:\/\/tourcruiser.com\/de\/shop\/"},{"@type":"ListItem","position":3,"name":"adidas Predator Edge.1 FG 'Silver Metallic Black'"}]},{"@type":"WebSite","@id":"\/#website","url":"\/","name":"Styloral Jewelry Shop","description":"Tourcruiser Sneaker Store \u2014 der Ort, an dem das Universum deine Einzigartigkeit trifft.","publisher":{"@id":"\/#organization"},"potentialAction":[{"@type":"SearchAction","target":{"@type":"EntryPoint","urlTemplate":"\/?s={search_term_string}"},"query-input":{"@type":"PropertyValueSpecification","valueRequired":true,"valueName":"search_term_string"}}],"inLanguage":"de"},{"@type":"Organization","@id":"\/#organization","name":"STYLORAL PTE. LTD","url":"\/","logo":{"@type":"ImageObject","inLanguage":"de","@id":"\/#\/schema\/logo\/image\/","url":"https:\/\/www.tourcruiser.com\/wp-content\/uploads\/2025\/12\/logo.png","contentUrl":"https:\/\/www.tourcruiser.com\/wp-content\/uploads\/2025\/12\/logo.png","width":200,"height":65,"caption":"STYLORAL PTE. LTD"},"image":{"@id":"\/#\/schema\/logo\/image\/"}}]}},"_links":{"self":[{"href":"https:\/\/tourcruiser.com\/de\/wp-json\/wp\/v2\/product\/142773","targetHints":{"allow":["GET"]}}],"collection":[{"href":"https:\/\/tourcruiser.com\/de\/wp-json\/wp\/v2\/product"}],"about":[{"href":"https:\/\/tourcruiser.com\/de\/wp-json\/wp\/v2\/types\/product"}],"replies":[{"embeddable":true,"href":"https:\/\/tourcruiser.com\/de\/wp-json\/wp\/v2\/comments?post=142773"}],"wp:featuredmedia":[{"embeddable":true,"href":"https:\/\/tourcruiser.com\/de\/wp-json\/wp\/v2\/media\/142774"}],"wp:attachment":[{"href":"https:\/\/tourcruiser.com\/de\/wp-json\/wp\/v2\/media?parent=142773"}],"wp:term":[{"taxonomy":"product_brand","embeddable":true,"href":"https:\/\/tourcruiser.com\/de\/wp-json\/wp\/v2\/product_brand?post=142773"},{"taxonomy":"product_cat","embeddable":true,"href":"https:\/\/tourcruiser.com\/de\/wp-json\/wp\/v2\/product_cat?post=142773"},{"taxonomy":"product_tag","embeddable":true,"href":"https:\/\/tourcruiser.com\/de\/wp-json\/wp\/v2\/product_tag?post=142773"}],"curies":[{"name":"wp","href":"https:\/\/api.w.org\/{rel}","templated":true}]}}