{"id":142758,"date":"2026-03-02T15:39:43","date_gmt":"2026-03-02T08:39:43","guid":{"rendered":"http:\/\/tourcruiser.com\/product\/adidas-originals-adistrp-sandals-black-grey-blue"},"modified":"2026-03-28T01:14:58","modified_gmt":"2026-03-27T18:14:58","slug":"adidas-originals-adistrp-sandals-black-grey-blue","status":"publish","type":"product","link":"https:\/\/tourcruiser.com\/de\/products\/adidas-originals-adistrp-sandals-black-grey-blue\/","title":{"rendered":"adidas Originals AdiSTRP Sandals &#8218;Black Grey Blue&#8216;"},"content":{"rendered":"<p>Wir pr\u00e4sentieren die adidas Originals AdiSTRP Sandalen in elegantem Schwarz-Grau-Blau (IG3496). Diese Sandalen vereinen klassischen Stil mit modernem Komfort. Das strapazierf\u00e4hige, vorgeformte Fu\u00dfbett sorgt f\u00fcr optimale D\u00e4mpfung, und die robuste, aber dennoch flexible Konstruktion garantiert ganzt\u00e4gigen Tragekomfort. Die ikonischen 3-Streifen verleihen ihnen einen sportlichen Touch und machen sie perfekt f\u00fcr entspannte Ausfl\u00fcge und Abenteuer. Mit den adidas Originals AdiSTRP Sandalen, die f\u00fcr t\u00e4glichen Komfort und zeitlosen Stil stehen, heben Sie Ihren Schuhstil auf ein neues Level.<\/p>\n<p>Farbkombination: Schwarz\/Grau\/Blau<\/p>\n<p>Artikelnummer: IG3496<\/p>\n<p>Farbe: Schwarz\/Grau\/Blau<\/p>\n","protected":false},"excerpt":{"rendered":"<p>adidas AdiSTRP \u201d\u201d Black \/ Grey \/ Blue<\/p>\n","protected":false},"featured_media":142759,"comment_status":"open","ping_status":"closed","template":"","meta":[],"product_brand":[],"product_cat":[10760],"product_tag":[10759,10847,10864,10753,10754,29163,21517,10785,10786,10758],"class_list":{"0":"post-142758","1":"product","2":"type-product","3":"status-publish","4":"has-post-thumbnail","6":"product_cat-adidas","7":"product_tag-adidas","8":"product_tag-best-finds-under-100","9":"product_tag-casual-sandals","10":"product_tag-gift-for-him","11":"product_tag-lifestyle-casual-shoes","12":"product_tag-open-toe-sandals","13":"product_tag-strappy-sandals","14":"product_tag-trending-deals","15":"product_tag-trending-deals-under-150","16":"product_tag-under-retail","17":"wcpa_has_options","19":"first","20":"outofstock","21":"taxable","22":"shipping-taxable","23":"purchasable","24":"product-type-simple"},"wcpa_form_fields":{"rules":{"pric_overide_base_price":false,"pric_overide_base_price_if_gt_zero":false,"pric_overide_base_price_fully":false,"pric_cal_option_once":false,"pric_use_as_fee":false,"bind_quantity":false,"quantity_bind_formula":false},"fields":[{"type":"color-group","required":true,"elementId":"wcpa-color-group-66c4a7f817afe","label":"Gr\u00f6\u00dfe","inline":true,"priceOptions":"different_for_all","pricingType":"fixed","className":"hassizechart product-shoes-size-eu product-shoes-size","name":"color-group-66c4a7f817b18","disp_type":"square","selection_type":"tick-border","disp_size":"50","show_label_inside":true,"adjust_width":true,"cart_display_type":"text","other_text":"Other","cl_rule":"show","col":6,"values":[{"label":"35","value":"EU 35","price":"","pimage":"","pimage_id":"","pthumb":"","color":""},{"label":"35.5","value":"EU 35.5","price":"","pimage":"","pimage_id":"","pthumb":"","color":""},{"label":"36","value":"EU 36","price":"","pimage":"","pimage_id":"","pthumb":"","color":"","selected":true},{"label":"36 2\/3","value":"EU 36 2\/3","price":"","pimage":"","pimage_id":"","pthumb":"","color":""},{"label":"37 1\/3","value":"EU 37 1\/3","price":"","pimage":"","pimage_id":"","pthumb":"","color":""},{"label":"38","value":"EU 38","price":"","pimage":"","pimage_id":"","pthumb":"","color":""},{"label":"38 2\/3","value":"EU 38 2\/3","price":"","pimage":"","pimage_id":"","pthumb":"","color":""},{"label":"39 1\/3","value":"EU 39 1\/3","price":"","pimage":"","pimage_id":"","pthumb":"","color":""},{"label":"40","value":"EU 40","price":"","pimage":"","pimage_id":"","pthumb":"","color":""},{"label":"40 2\/3","value":"EU 40 2\/3","price":"","pimage":"","pimage_id":"","pthumb":"","color":""},{"label":"41 1\/3","value":"EU 41 1\/3","price":"","pimage":"","pimage_id":"","pthumb":"","color":""},{"label":"42","value":"EU 42","price":"","pimage":"","pimage_id":"","pthumb":"","color":""},{"label":"42 2\/3","value":"EU 42 2\/3","price":"","pimage":"","pimage_id":"","pthumb":"","color":""},{"label":"43 1\/3","value":"EU 43 1\/3","price":"","pimage":"","pimage_id":"","pthumb":"","color":""},{"label":"44","value":"EU 44","price":"","pimage":"","pimage_id":"","pthumb":"","color":""},{"label":"44 2\/3","value":"EU 44 2\/3","price":"","pimage":"","pimage_id":"","pthumb":"","color":""},{"label":"45 1\/3","value":"EU 45 1\/3","price":"","pimage":"","pimage_id":"","pthumb":"","color":""},{"label":"46","value":"EU 46","price":"","pimage":"","pimage_id":"","pthumb":"","color":""},{"label":"46 2\/3","value":"EU 46 2\/3","price":"","pimage":"","pimage_id":"","pthumb":"","color":""},{"label":"47 1\/3","value":"EU 47 1\/3","price":"","pimage":"","pimage_id":"","pthumb":"","color":""}],"relations":[{"operator":false,"rules":[]}],"form_id":24802,"form_rules":{"pric_cal_option_once":false,"exclude_from_discount":false,"pric_use_as_fee":false,"fee_label":"Fee","render_after_acb":false,"disp_hide_options_price":false}}]},"yoast_head":"<!-- This site is optimized with the Yoast SEO plugin v26.5 - https:\/\/yoast.com\/wordpress\/plugins\/seo\/ -->\n<title>adidas Originals AdiSTRP Sandals &#039;Black Grey Blue&#039;  - Tourcruiser PTE. LTD<\/title>\n<meta name=\"robots\" content=\"index, follow, max-snippet:-1, max-image-preview:large, max-video-preview:-1\" \/>\n<link rel=\"canonical\" href=\"https:\/\/tourcruiser.com\/\" \/>\n<meta property=\"og:locale\" content=\"de_DE\" \/>\n<meta property=\"og:type\" content=\"article\" \/>\n<meta property=\"og:title\" content=\"adidas Originals AdiSTRP Sandals &#039;Black Grey Blue&#039;  - Tourcruiser PTE. LTD\" \/>\n<meta property=\"og:description\" content=\"adidas AdiSTRP \u201d\u201d Black \/ Grey \/ Blue\" \/>\n<meta property=\"og:url\" content=\"\/\" \/>\n<meta property=\"og:site_name\" content=\"Tourcruiser Sneaker Store\" \/>\n<meta property=\"article:modified_time\" content=\"2026-03-27T18:14:58+00:00\" \/>\n<meta name=\"twitter:card\" content=\"summary_large_image\" \/>\n<meta name=\"twitter:image\" content=\"https:\/\/images.novelship.com\/product\/adidas_originals_adistrp_sandals__black_grey_blue__0_18883.jpeg;https:\/\/images.novelship.com\/product\/adidas_originals_adistrp_sandals__black_grey_blue__1_18883.jpeg;https:\/\/images.novelship.com\/product\/adidas_originals_adistrp_sandals__black_grey_blue__2_18883.jpeg;https:\/\/images.novelship.com\/product\/adidas_originals_adistrp_sandals__black_grey_blue__3_18883.jpeg;https:\/\/images.novelship.com\/product\/adidas_originals_adistrp_sandals__black_grey_blue__4_18883.jpeg\" \/>\n<script type=\"application\/ld+json\" class=\"yoast-schema-graph\">{\"@context\":\"https:\/\/schema.org\",\"@graph\":[{\"@type\":\"WebPage\",\"@id\":\"\/\",\"url\":\"https:\/\/tourcruiser.com\/\",\"name\":\"adidas Originals AdiSTRP Sandals 'Black Grey Blue' - Tourcruiser PTE. LTD\",\"isPartOf\":{\"@id\":\"https:\/\/tourcruiser.com\/de\/#website\"},\"primaryImageOfPage\":{\"@id\":\"https:\/\/tourcruiser.com\/#primaryimage\"},\"image\":{\"@id\":\"https:\/\/tourcruiser.com\/#primaryimage\"},\"thumbnailUrl\":\"https:\/\/images.novelship.com\/product\/adidas_originals_adistrp_sandals__black_grey_blue__0_18883.jpeg;https:\/\/images.novelship.com\/product\/adidas_originals_adistrp_sandals__black_grey_blue__1_18883.jpeg;https:\/\/images.novelship.com\/product\/adidas_originals_adistrp_sandals__black_grey_blue__2_18883.jpeg;https:\/\/images.novelship.com\/product\/adidas_originals_adistrp_sandals__black_grey_blue__3_18883.jpeg;https:\/\/images.novelship.com\/product\/adidas_originals_adistrp_sandals__black_grey_blue__4_18883.jpeg\",\"datePublished\":\"2026-03-02T08:39:43+00:00\",\"dateModified\":\"2026-03-27T18:14:58+00:00\",\"breadcrumb\":{\"@id\":\"https:\/\/tourcruiser.com\/#breadcrumb\"},\"inLanguage\":\"de\",\"potentialAction\":[{\"@type\":\"ReadAction\",\"target\":[\"https:\/\/tourcruiser.com\/\"]}]},{\"@type\":\"ImageObject\",\"inLanguage\":\"de\",\"@id\":\"https:\/\/tourcruiser.com\/#primaryimage\",\"url\":\"https:\/\/images.novelship.com\/product\/adidas_originals_adistrp_sandals__black_grey_blue__0_18883.jpeg;https:\/\/images.novelship.com\/product\/adidas_originals_adistrp_sandals__black_grey_blue__1_18883.jpeg;https:\/\/images.novelship.com\/product\/adidas_originals_adistrp_sandals__black_grey_blue__2_18883.jpeg;https:\/\/images.novelship.com\/product\/adidas_originals_adistrp_sandals__black_grey_blue__3_18883.jpeg;https:\/\/images.novelship.com\/product\/adidas_originals_adistrp_sandals__black_grey_blue__4_18883.jpeg\",\"contentUrl\":\"https:\/\/images.novelship.com\/product\/adidas_originals_adistrp_sandals__black_grey_blue__0_18883.jpeg;https:\/\/images.novelship.com\/product\/adidas_originals_adistrp_sandals__black_grey_blue__1_18883.jpeg;https:\/\/images.novelship.com\/product\/adidas_originals_adistrp_sandals__black_grey_blue__2_18883.jpeg;https:\/\/images.novelship.com\/product\/adidas_originals_adistrp_sandals__black_grey_blue__3_18883.jpeg;https:\/\/images.novelship.com\/product\/adidas_originals_adistrp_sandals__black_grey_blue__4_18883.jpeg\"},{\"@type\":\"BreadcrumbList\",\"@id\":\"https:\/\/tourcruiser.com\/#breadcrumb\",\"itemListElement\":[{\"@type\":\"ListItem\",\"position\":1,\"name\":\"Home\",\"item\":\"https:\/\/tourcruiser.com\/de\/\"},{\"@type\":\"ListItem\",\"position\":2,\"name\":\"Shop\",\"item\":\"https:\/\/tourcruiser.com\/de\/shop\/\"},{\"@type\":\"ListItem\",\"position\":3,\"name\":\"adidas Originals AdiSTRP Sandals &#8218;Black Grey Blue&#8216;\"}]},{\"@type\":\"WebSite\",\"@id\":\"https:\/\/tourcruiser.com\/de\/#website\",\"url\":\"https:\/\/tourcruiser.com\/de\/\",\"name\":\"Styloral Jewelry Shop\",\"description\":\"Tourcruiser Sneaker Store \u2014 der Ort, an dem das Universum deine Einzigartigkeit trifft.\",\"publisher\":{\"@id\":\"https:\/\/tourcruiser.com\/de\/#organization\"},\"potentialAction\":[{\"@type\":\"SearchAction\",\"target\":{\"@type\":\"EntryPoint\",\"urlTemplate\":\"https:\/\/tourcruiser.com\/de\/?s={search_term_string}\"},\"query-input\":{\"@type\":\"PropertyValueSpecification\",\"valueRequired\":true,\"valueName\":\"search_term_string\"}}],\"inLanguage\":\"de\"},{\"@type\":\"Organization\",\"@id\":\"https:\/\/tourcruiser.com\/de\/#organization\",\"name\":\"STYLORAL PTE. LTD\",\"url\":\"https:\/\/tourcruiser.com\/de\/\",\"logo\":{\"@type\":\"ImageObject\",\"inLanguage\":\"de\",\"@id\":\"https:\/\/tourcruiser.com\/de\/#\/schema\/logo\/image\/\",\"url\":\"https:\/\/www.tourcruiser.com\/wp-content\/uploads\/2025\/12\/logo.png\",\"contentUrl\":\"https:\/\/www.tourcruiser.com\/wp-content\/uploads\/2025\/12\/logo.png\",\"width\":200,\"height\":65,\"caption\":\"STYLORAL PTE. LTD\"},\"image\":{\"@id\":\"https:\/\/tourcruiser.com\/de\/#\/schema\/logo\/image\/\"}}]}<\/script>\n<!-- \/ Yoast SEO plugin. -->","yoast_head_json":{"title":"adidas Originals AdiSTRP Sandals 'Black Grey Blue'  - Tourcruiser PTE. LTD","robots":{"index":"index","follow":"follow","max-snippet":"max-snippet:-1","max-image-preview":"max-image-preview:large","max-video-preview":"max-video-preview:-1"},"canonical":"https:\/\/tourcruiser.com\/","og_locale":"de_DE","og_type":"article","og_title":"adidas Originals AdiSTRP Sandals 'Black Grey Blue'  - Tourcruiser PTE. LTD","og_description":"adidas AdiSTRP \u201d\u201d Black \/ Grey \/ Blue","og_url":"\/","og_site_name":"Tourcruiser Sneaker Store","article_modified_time":"2026-03-27T18:14:58+00:00","twitter_card":"summary_large_image","twitter_image":"https:\/\/images.novelship.com\/product\/adidas_originals_adistrp_sandals__black_grey_blue__0_18883.jpeg;https:\/\/images.novelship.com\/product\/adidas_originals_adistrp_sandals__black_grey_blue__1_18883.jpeg;https:\/\/images.novelship.com\/product\/adidas_originals_adistrp_sandals__black_grey_blue__2_18883.jpeg;https:\/\/images.novelship.com\/product\/adidas_originals_adistrp_sandals__black_grey_blue__3_18883.jpeg;https:\/\/images.novelship.com\/product\/adidas_originals_adistrp_sandals__black_grey_blue__4_18883.jpeg","schema":{"@context":"https:\/\/schema.org","@graph":[{"@type":"WebPage","@id":"\/","url":"https:\/\/tourcruiser.com\/","name":"adidas Originals AdiSTRP Sandals 'Black Grey Blue' - Tourcruiser PTE. LTD","isPartOf":{"@id":"https:\/\/tourcruiser.com\/de\/#website"},"primaryImageOfPage":{"@id":"https:\/\/tourcruiser.com\/#primaryimage"},"image":{"@id":"https:\/\/tourcruiser.com\/#primaryimage"},"thumbnailUrl":"https:\/\/images.novelship.com\/product\/adidas_originals_adistrp_sandals__black_grey_blue__0_18883.jpeg;https:\/\/images.novelship.com\/product\/adidas_originals_adistrp_sandals__black_grey_blue__1_18883.jpeg;https:\/\/images.novelship.com\/product\/adidas_originals_adistrp_sandals__black_grey_blue__2_18883.jpeg;https:\/\/images.novelship.com\/product\/adidas_originals_adistrp_sandals__black_grey_blue__3_18883.jpeg;https:\/\/images.novelship.com\/product\/adidas_originals_adistrp_sandals__black_grey_blue__4_18883.jpeg","datePublished":"2026-03-02T08:39:43+00:00","dateModified":"2026-03-27T18:14:58+00:00","breadcrumb":{"@id":"https:\/\/tourcruiser.com\/#breadcrumb"},"inLanguage":"de","potentialAction":[{"@type":"ReadAction","target":["https:\/\/tourcruiser.com\/"]}]},{"@type":"ImageObject","inLanguage":"de","@id":"https:\/\/tourcruiser.com\/#primaryimage","url":"https:\/\/images.novelship.com\/product\/adidas_originals_adistrp_sandals__black_grey_blue__0_18883.jpeg;https:\/\/images.novelship.com\/product\/adidas_originals_adistrp_sandals__black_grey_blue__1_18883.jpeg;https:\/\/images.novelship.com\/product\/adidas_originals_adistrp_sandals__black_grey_blue__2_18883.jpeg;https:\/\/images.novelship.com\/product\/adidas_originals_adistrp_sandals__black_grey_blue__3_18883.jpeg;https:\/\/images.novelship.com\/product\/adidas_originals_adistrp_sandals__black_grey_blue__4_18883.jpeg","contentUrl":"https:\/\/images.novelship.com\/product\/adidas_originals_adistrp_sandals__black_grey_blue__0_18883.jpeg;https:\/\/images.novelship.com\/product\/adidas_originals_adistrp_sandals__black_grey_blue__1_18883.jpeg;https:\/\/images.novelship.com\/product\/adidas_originals_adistrp_sandals__black_grey_blue__2_18883.jpeg;https:\/\/images.novelship.com\/product\/adidas_originals_adistrp_sandals__black_grey_blue__3_18883.jpeg;https:\/\/images.novelship.com\/product\/adidas_originals_adistrp_sandals__black_grey_blue__4_18883.jpeg"},{"@type":"BreadcrumbList","@id":"https:\/\/tourcruiser.com\/#breadcrumb","itemListElement":[{"@type":"ListItem","position":1,"name":"Home","item":"https:\/\/tourcruiser.com\/de\/"},{"@type":"ListItem","position":2,"name":"Shop","item":"https:\/\/tourcruiser.com\/de\/shop\/"},{"@type":"ListItem","position":3,"name":"adidas Originals AdiSTRP Sandals &#8218;Black Grey Blue&#8216;"}]},{"@type":"WebSite","@id":"https:\/\/tourcruiser.com\/de\/#website","url":"https:\/\/tourcruiser.com\/de\/","name":"Styloral Jewelry Shop","description":"Tourcruiser Sneaker Store \u2014 der Ort, an dem das Universum deine Einzigartigkeit trifft.","publisher":{"@id":"https:\/\/tourcruiser.com\/de\/#organization"},"potentialAction":[{"@type":"SearchAction","target":{"@type":"EntryPoint","urlTemplate":"https:\/\/tourcruiser.com\/de\/?s={search_term_string}"},"query-input":{"@type":"PropertyValueSpecification","valueRequired":true,"valueName":"search_term_string"}}],"inLanguage":"de"},{"@type":"Organization","@id":"https:\/\/tourcruiser.com\/de\/#organization","name":"STYLORAL PTE. LTD","url":"https:\/\/tourcruiser.com\/de\/","logo":{"@type":"ImageObject","inLanguage":"de","@id":"https:\/\/tourcruiser.com\/de\/#\/schema\/logo\/image\/","url":"https:\/\/www.tourcruiser.com\/wp-content\/uploads\/2025\/12\/logo.png","contentUrl":"https:\/\/www.tourcruiser.com\/wp-content\/uploads\/2025\/12\/logo.png","width":200,"height":65,"caption":"STYLORAL PTE. LTD"},"image":{"@id":"https:\/\/tourcruiser.com\/de\/#\/schema\/logo\/image\/"}}]}},"_links":{"self":[{"href":"https:\/\/tourcruiser.com\/de\/wp-json\/wp\/v2\/product\/142758","targetHints":{"allow":["GET"]}}],"collection":[{"href":"https:\/\/tourcruiser.com\/de\/wp-json\/wp\/v2\/product"}],"about":[{"href":"https:\/\/tourcruiser.com\/de\/wp-json\/wp\/v2\/types\/product"}],"replies":[{"embeddable":true,"href":"https:\/\/tourcruiser.com\/de\/wp-json\/wp\/v2\/comments?post=142758"}],"wp:featuredmedia":[{"embeddable":true,"href":"https:\/\/tourcruiser.com\/de\/wp-json\/wp\/v2\/media\/142759"}],"wp:attachment":[{"href":"https:\/\/tourcruiser.com\/de\/wp-json\/wp\/v2\/media?parent=142758"}],"wp:term":[{"taxonomy":"product_brand","embeddable":true,"href":"https:\/\/tourcruiser.com\/de\/wp-json\/wp\/v2\/product_brand?post=142758"},{"taxonomy":"product_cat","embeddable":true,"href":"https:\/\/tourcruiser.com\/de\/wp-json\/wp\/v2\/product_cat?post=142758"},{"taxonomy":"product_tag","embeddable":true,"href":"https:\/\/tourcruiser.com\/de\/wp-json\/wp\/v2\/product_tag?post=142758"}],"curies":[{"name":"wp","href":"https:\/\/api.w.org\/{rel}","templated":true}]}}