{"id":142751,"date":"2026-03-02T15:39:42","date_gmt":"2026-03-02T08:39:42","guid":{"rendered":"http:\/\/tourcruiser.com\/product\/women-nike-zoom-fly-6-pale-ivory-hyper-crimson"},"modified":"2026-03-28T01:14:57","modified_gmt":"2026-03-27T18:14:57","slug":"women-nike-zoom-fly-6-pale-ivory-hyper-crimson","status":"publish","type":"product","link":"https:\/\/tourcruiser.com\/de\/products\/women-nike-zoom-fly-6-pale-ivory-hyper-crimson\/","title":{"rendered":"(Women) Nike Zoom Fly 6 &#8218;Pale Ivory Hyper Crimson&#8216;"},"content":{"rendered":"<p>Erleben Sie unvergleichlichen Komfort und optimale Performance mit dem Nike Zoom Fly 6 \u201ePale Ivory Hyper Crimson\u201c, einem Damen-Laufschuh, der fortschrittliche Technologie mit modernem Design vereint. Die innovative ZoomX-Schaumstoff-Mittelsohle wurde f\u00fcr ambitionierte L\u00e4uferinnen entwickelt und bietet leichte D\u00e4mpfung sowie reaktionsschnelle Energier\u00fcckgabe, damit Sie mit jedem Schritt Ihre Grenzen erweitern k\u00f6nnen. Das atmungsaktive Obermaterial in Pale Ivory h\u00e4lt Ihre F\u00fc\u00dfe auch bei intensiven Trainingseinheiten angenehm k\u00fchl, w\u00e4hrend dynamische Akzente in Hyper Crimson f\u00fcr einen markanten und energiegeladenen Look sorgen. Dank der Carbonfaserplatte f\u00fcr optimalen Vortrieb garantieren diese Schuhe Stabilit\u00e4t und Geschwindigkeit und verschaffen Ihnen so einen Vorsprung vor der Konkurrenz. Die strapazierf\u00e4hige Gummiau\u00dfensohle bietet zuverl\u00e4ssige Traktion auf urbanem und unebenem Terrain und macht den Schuh so vielseitig f\u00fcr alle Laufbedingungen. Der Zoom Fly 6 wurde f\u00fcr ambitionierte L\u00e4uferinnen und Marathonl\u00e4ufer gleicherma\u00dfen entwickelt und vereint Funktionalit\u00e4t mit elegantem Design. Diese Laufschuhe bieten eine optimale Passform mit genau der richtigen Flexibilit\u00e4t und helfen dir, deine H\u00f6chstleistung zu erreichen und gleichzeitig deinen Sport-Style aufzuwerten.<\/p>\n<ul>\n<li><strong>Farbgebung:<\/strong> Hellelfenbein\/Hellviolett\/Volt\/Hyperrot<\/li>\n<li><strong>Artikelnummer:<\/strong> FN8455-105<\/li>\n<li><strong>Obermaterial:<\/strong> Mesh<\/li>\n<li><strong>Zwischensohle:<\/strong> Zoom X<\/li>\n<li><strong>Farbe:<\/strong> Beige<\/li>\n<li><strong>Erscheinungsjahr:<\/strong> 2025<\/li>\n<\/ul>\n","protected":false},"excerpt":{"rendered":"<p>Nike Zoom Fly 6 \u201d\u201d Pale Ivory\/Barely Volt\/Volt\/Hyper Crimson<\/p>\n","protected":false},"featured_media":142752,"comment_status":"open","ping_status":"closed","template":"","meta":[],"product_brand":[],"product_cat":[10809],"product_tag":[11405,11026,10837,10801,10839,10802,10840,10758],"class_list":{"0":"post-142751","1":"product","2":"type-product","3":"status-publish","4":"has-post-thumbnail","6":"product_cat-nike-women","7":"product_tag-best-gifts-under-100","8":"product_tag-carbon-plated-running-shoes","9":"product_tag-marathon-long-distance-running-shoes","10":"product_tag-nike","11":"product_tag-performance-running-shoes","12":"product_tag-performance-sport-shoes","13":"product_tag-running-shoes","14":"product_tag-under-retail","15":"wcpa_has_options","17":"first","18":"outofstock","19":"taxable","20":"shipping-taxable","21":"purchasable","22":"product-type-simple"},"wcpa_form_fields":{"rules":{"pric_overide_base_price":false,"pric_overide_base_price_if_gt_zero":false,"pric_overide_base_price_fully":false,"pric_cal_option_once":false,"pric_use_as_fee":false,"bind_quantity":false,"quantity_bind_formula":false},"fields":[{"type":"color-group","required":true,"elementId":"wcpa-color-group-66c4a75505e74","label":"Gr\u00f6\u00dfe - EU Gr\u00f6\u00dfe","inline":true,"priceOptions":"different_for_all","pricingType":"fixed","className":"hassizechart product-shoes-size-eu product-shoes-size","name":"color-group-66c4a75505e89","disp_type":"square","selection_type":"tick-border","disp_size":"44","show_label_inside":true,"adjust_width":true,"cart_display_type":"text","other_text":"Other","cl_rule":"show","col":6,"values":[{"label":"35.5","value":"EU 35.5","price":"","pimage":"","pimage_id":"","pthumb":"","color":""},{"label":"36","value":"EU 36","price":"","pimage":"","pimage_id":"","pthumb":"","color":"","selected":true},{"label":"36.5","value":"EU 36.5","price":"","pimage":"","pimage_id":"","pthumb":"","color":""},{"label":"37.5","value":"EU 37.5","price":"","pimage":"","pimage_id":"","pthumb":"","color":""},{"label":"38","value":"EU 38","price":"","pimage":"","pimage_id":"","pthumb":"","color":""},{"label":"38.5","value":"EU 38.5","price":"","pimage":"","pimage_id":"","pthumb":"","color":""},{"label":"39","value":"EU 39","price":"","pimage":"","pimage_id":"","pthumb":"","color":""},{"label":"40","value":"EU 40","price":"","pimage":"","pimage_id":"","pthumb":"","color":""},{"label":"40.5","value":"EU 40.5","price":"","pimage":"","pimage_id":"","pthumb":"","color":""},{"label":"41","value":"EU 41","price":"","pimage":"","pimage_id":"","pthumb":"","color":""},{"label":"42","value":"EU 42","price":"","pimage":"","pimage_id":"","pthumb":"","color":""},{"label":"42.5","value":"EU 42.5","price":"","pimage":"","pimage_id":"","pthumb":"","color":""},{"label":"43","value":"EU 43","price":"","pimage":"","pimage_id":"","pthumb":"","color":""},{"label":"44","value":"EU 44","price":"","pimage":"","pimage_id":"","pthumb":"","color":""},{"label":"44.5","value":"EU 44.5","price":"","pimage":"","pimage_id":"","pthumb":"","color":""},{"label":"45","value":"EU 45","price":"","pimage":"","pimage_id":"","pthumb":"","color":""},{"label":"45.5","value":"EU 45.5","price":"","pimage":"","pimage_id":"","pthumb":"","color":""},{"label":"46","value":"EU 46","price":"","pimage":"","pimage_id":"","pthumb":"","color":""},{"label":"47","value":"EU 47","price":"","pimage":"","pimage_id":"","pthumb":"","color":""},{"label":"47.5","value":"EU 47.5","price":"","pimage":"","pimage_id":"","pthumb":"","color":""},{"label":"48","value":"EU 48","price":"","pimage":"","pimage_id":"","pthumb":"","color":""}],"relations":[{"operator":false,"rules":[]}],"form_id":18106,"form_rules":{"pric_cal_option_once":false,"exclude_from_discount":false,"pric_use_as_fee":false,"fee_label":"Fee","render_after_acb":false,"disp_hide_options_price":false}}]},"yoast_head":"<!-- This site is optimized with the Yoast SEO plugin v26.5 - https:\/\/yoast.com\/wordpress\/plugins\/seo\/ -->\n<title>(Women) Nike Zoom Fly 6 &#039;Pale Ivory Hyper Crimson&#039;  - Tourcruiser PTE. LTD<\/title>\n<meta name=\"robots\" content=\"index, follow, max-snippet:-1, max-image-preview:large, max-video-preview:-1\" \/>\n<link rel=\"canonical\" href=\"https:\/\/tourcruiser.com\/de\/products\/women-nike-zoom-fly-6-pale-ivory-hyper-crimson\/\" \/>\n<meta property=\"og:locale\" content=\"de_DE\" \/>\n<meta property=\"og:type\" content=\"article\" \/>\n<meta property=\"og:title\" content=\"(Women) Nike Zoom Fly 6 &#039;Pale Ivory Hyper Crimson&#039;  - Tourcruiser PTE. LTD\" \/>\n<meta property=\"og:description\" content=\"Nike Zoom Fly 6 \u201d\u201d Pale Ivory\/Barely Volt\/Volt\/Hyper Crimson\" \/>\n<meta property=\"og:url\" content=\"https:\/\/tourcruiser.com\/de\/products\/women-nike-zoom-fly-6-pale-ivory-hyper-crimson\/\" \/>\n<meta property=\"og:site_name\" content=\"Tourcruiser Sneaker Store\" \/>\n<meta property=\"article:modified_time\" content=\"2026-03-27T18:14:57+00:00\" \/>\n<meta name=\"twitter:card\" content=\"summary_large_image\" \/>\n<meta name=\"twitter:image\" content=\"https:\/\/images.novelship.com\/product\/_women__nike_zoom_fly_6__pale_ivory_hyper_crimson__0_45835.jpeg;https:\/\/images.novelship.com\/product\/_women__nike_zoom_fly_6__pale_ivory_hyper_crimson__1_45836.jpeg;https:\/\/images.novelship.com\/product\/_women__nike_zoom_fly_6__pale_ivory_hyper_crimson__2_45836.jpeg;https:\/\/images.novelship.com\/product\/_women__nike_zoom_fly_6__pale_ivory_hyper_crimson__3_45836.jpeg;https:\/\/images.novelship.com\/product\/_women__nike_zoom_fly_6__pale_ivory_hyper_crimson__4_45836.jpeg;https:\/\/images.novelship.com\/product\/_women__nike_zoom_fly_6__pale_ivory_hyper_crimson__5_45836.jpeg\" \/>\n<meta name=\"twitter:label1\" content=\"Gesch\u00e4tzte Lesezeit\" \/>\n\t<meta name=\"twitter:data1\" content=\"1\u00a0Minute\" \/>\n<script type=\"application\/ld+json\" class=\"yoast-schema-graph\">{\"@context\":\"https:\/\/schema.org\",\"@graph\":[{\"@type\":\"WebPage\",\"@id\":\"https:\/\/tourcruiser.com\/de\/products\/women-nike-zoom-fly-6-pale-ivory-hyper-crimson\/\",\"url\":\"https:\/\/tourcruiser.com\/de\/products\/women-nike-zoom-fly-6-pale-ivory-hyper-crimson\/\",\"name\":\"(Women) Nike Zoom Fly 6 'Pale Ivory Hyper Crimson' - Tourcruiser PTE. LTD\",\"isPartOf\":{\"@id\":\"https:\/\/tourcruiser.com\/de\/#website\"},\"primaryImageOfPage\":{\"@id\":\"https:\/\/tourcruiser.com\/de\/products\/women-nike-zoom-fly-6-pale-ivory-hyper-crimson\/#primaryimage\"},\"image\":{\"@id\":\"https:\/\/tourcruiser.com\/de\/products\/women-nike-zoom-fly-6-pale-ivory-hyper-crimson\/#primaryimage\"},\"thumbnailUrl\":\"https:\/\/images.novelship.com\/product\/_women__nike_zoom_fly_6__pale_ivory_hyper_crimson__0_45835.jpeg;https:\/\/images.novelship.com\/product\/_women__nike_zoom_fly_6__pale_ivory_hyper_crimson__1_45836.jpeg;https:\/\/images.novelship.com\/product\/_women__nike_zoom_fly_6__pale_ivory_hyper_crimson__2_45836.jpeg;https:\/\/images.novelship.com\/product\/_women__nike_zoom_fly_6__pale_ivory_hyper_crimson__3_45836.jpeg;https:\/\/images.novelship.com\/product\/_women__nike_zoom_fly_6__pale_ivory_hyper_crimson__4_45836.jpeg;https:\/\/images.novelship.com\/product\/_women__nike_zoom_fly_6__pale_ivory_hyper_crimson__5_45836.jpeg\",\"datePublished\":\"2026-03-02T08:39:42+00:00\",\"dateModified\":\"2026-03-27T18:14:57+00:00\",\"breadcrumb\":{\"@id\":\"https:\/\/tourcruiser.com\/de\/products\/women-nike-zoom-fly-6-pale-ivory-hyper-crimson\/#breadcrumb\"},\"inLanguage\":\"de\",\"potentialAction\":[{\"@type\":\"ReadAction\",\"target\":[\"https:\/\/tourcruiser.com\/de\/products\/women-nike-zoom-fly-6-pale-ivory-hyper-crimson\/\"]}]},{\"@type\":\"ImageObject\",\"inLanguage\":\"de\",\"@id\":\"https:\/\/tourcruiser.com\/de\/products\/women-nike-zoom-fly-6-pale-ivory-hyper-crimson\/#primaryimage\",\"url\":\"https:\/\/images.novelship.com\/product\/_women__nike_zoom_fly_6__pale_ivory_hyper_crimson__0_45835.jpeg;https:\/\/images.novelship.com\/product\/_women__nike_zoom_fly_6__pale_ivory_hyper_crimson__1_45836.jpeg;https:\/\/images.novelship.com\/product\/_women__nike_zoom_fly_6__pale_ivory_hyper_crimson__2_45836.jpeg;https:\/\/images.novelship.com\/product\/_women__nike_zoom_fly_6__pale_ivory_hyper_crimson__3_45836.jpeg;https:\/\/images.novelship.com\/product\/_women__nike_zoom_fly_6__pale_ivory_hyper_crimson__4_45836.jpeg;https:\/\/images.novelship.com\/product\/_women__nike_zoom_fly_6__pale_ivory_hyper_crimson__5_45836.jpeg\",\"contentUrl\":\"https:\/\/images.novelship.com\/product\/_women__nike_zoom_fly_6__pale_ivory_hyper_crimson__0_45835.jpeg;https:\/\/images.novelship.com\/product\/_women__nike_zoom_fly_6__pale_ivory_hyper_crimson__1_45836.jpeg;https:\/\/images.novelship.com\/product\/_women__nike_zoom_fly_6__pale_ivory_hyper_crimson__2_45836.jpeg;https:\/\/images.novelship.com\/product\/_women__nike_zoom_fly_6__pale_ivory_hyper_crimson__3_45836.jpeg;https:\/\/images.novelship.com\/product\/_women__nike_zoom_fly_6__pale_ivory_hyper_crimson__4_45836.jpeg;https:\/\/images.novelship.com\/product\/_women__nike_zoom_fly_6__pale_ivory_hyper_crimson__5_45836.jpeg\"},{\"@type\":\"BreadcrumbList\",\"@id\":\"https:\/\/tourcruiser.com\/de\/products\/women-nike-zoom-fly-6-pale-ivory-hyper-crimson\/#breadcrumb\",\"itemListElement\":[{\"@type\":\"ListItem\",\"position\":1,\"name\":\"Home\",\"item\":\"https:\/\/tourcruiser.com\/de\/\"},{\"@type\":\"ListItem\",\"position\":2,\"name\":\"Shop\",\"item\":\"https:\/\/tourcruiser.com\/de\/shop\/\"},{\"@type\":\"ListItem\",\"position\":3,\"name\":\"(Women) Nike Zoom Fly 6 'Pale Ivory Hyper Crimson'\"}]},{\"@type\":\"WebSite\",\"@id\":\"https:\/\/tourcruiser.com\/de\/#website\",\"url\":\"https:\/\/tourcruiser.com\/de\/\",\"name\":\"Styloral Jewelry Shop\",\"description\":\"Tourcruiser Sneaker Store \u2014 der Ort, an dem das Universum deine Einzigartigkeit trifft.\",\"publisher\":{\"@id\":\"https:\/\/tourcruiser.com\/de\/#organization\"},\"potentialAction\":[{\"@type\":\"SearchAction\",\"target\":{\"@type\":\"EntryPoint\",\"urlTemplate\":\"https:\/\/tourcruiser.com\/de\/?s={search_term_string}\"},\"query-input\":{\"@type\":\"PropertyValueSpecification\",\"valueRequired\":true,\"valueName\":\"search_term_string\"}}],\"inLanguage\":\"de\"},{\"@type\":\"Organization\",\"@id\":\"https:\/\/tourcruiser.com\/de\/#organization\",\"name\":\"STYLORAL PTE. LTD\",\"url\":\"https:\/\/tourcruiser.com\/de\/\",\"logo\":{\"@type\":\"ImageObject\",\"inLanguage\":\"de\",\"@id\":\"https:\/\/tourcruiser.com\/de\/#\/schema\/logo\/image\/\",\"url\":\"https:\/\/www.tourcruiser.com\/wp-content\/uploads\/2025\/12\/logo.png\",\"contentUrl\":\"https:\/\/www.tourcruiser.com\/wp-content\/uploads\/2025\/12\/logo.png\",\"width\":200,\"height\":65,\"caption\":\"STYLORAL PTE. LTD\"},\"image\":{\"@id\":\"https:\/\/tourcruiser.com\/de\/#\/schema\/logo\/image\/\"}}]}<\/script>\n<!-- \/ Yoast SEO plugin. -->","yoast_head_json":{"title":"(Women) Nike Zoom Fly 6 'Pale Ivory Hyper Crimson'  - Tourcruiser PTE. LTD","robots":{"index":"index","follow":"follow","max-snippet":"max-snippet:-1","max-image-preview":"max-image-preview:large","max-video-preview":"max-video-preview:-1"},"canonical":"https:\/\/tourcruiser.com\/de\/products\/women-nike-zoom-fly-6-pale-ivory-hyper-crimson\/","og_locale":"de_DE","og_type":"article","og_title":"(Women) Nike Zoom Fly 6 'Pale Ivory Hyper Crimson'  - Tourcruiser PTE. LTD","og_description":"Nike Zoom Fly 6 \u201d\u201d Pale Ivory\/Barely Volt\/Volt\/Hyper Crimson","og_url":"https:\/\/tourcruiser.com\/de\/products\/women-nike-zoom-fly-6-pale-ivory-hyper-crimson\/","og_site_name":"Tourcruiser Sneaker Store","article_modified_time":"2026-03-27T18:14:57+00:00","twitter_card":"summary_large_image","twitter_image":"https:\/\/images.novelship.com\/product\/_women__nike_zoom_fly_6__pale_ivory_hyper_crimson__0_45835.jpeg;https:\/\/images.novelship.com\/product\/_women__nike_zoom_fly_6__pale_ivory_hyper_crimson__1_45836.jpeg;https:\/\/images.novelship.com\/product\/_women__nike_zoom_fly_6__pale_ivory_hyper_crimson__2_45836.jpeg;https:\/\/images.novelship.com\/product\/_women__nike_zoom_fly_6__pale_ivory_hyper_crimson__3_45836.jpeg;https:\/\/images.novelship.com\/product\/_women__nike_zoom_fly_6__pale_ivory_hyper_crimson__4_45836.jpeg;https:\/\/images.novelship.com\/product\/_women__nike_zoom_fly_6__pale_ivory_hyper_crimson__5_45836.jpeg","twitter_misc":{"Gesch\u00e4tzte Lesezeit":"1\u00a0Minute"},"schema":{"@context":"https:\/\/schema.org","@graph":[{"@type":"WebPage","@id":"https:\/\/tourcruiser.com\/de\/products\/women-nike-zoom-fly-6-pale-ivory-hyper-crimson\/","url":"https:\/\/tourcruiser.com\/de\/products\/women-nike-zoom-fly-6-pale-ivory-hyper-crimson\/","name":"(Women) Nike Zoom Fly 6 'Pale Ivory Hyper Crimson' - Tourcruiser PTE. LTD","isPartOf":{"@id":"https:\/\/tourcruiser.com\/de\/#website"},"primaryImageOfPage":{"@id":"https:\/\/tourcruiser.com\/de\/products\/women-nike-zoom-fly-6-pale-ivory-hyper-crimson\/#primaryimage"},"image":{"@id":"https:\/\/tourcruiser.com\/de\/products\/women-nike-zoom-fly-6-pale-ivory-hyper-crimson\/#primaryimage"},"thumbnailUrl":"https:\/\/images.novelship.com\/product\/_women__nike_zoom_fly_6__pale_ivory_hyper_crimson__0_45835.jpeg;https:\/\/images.novelship.com\/product\/_women__nike_zoom_fly_6__pale_ivory_hyper_crimson__1_45836.jpeg;https:\/\/images.novelship.com\/product\/_women__nike_zoom_fly_6__pale_ivory_hyper_crimson__2_45836.jpeg;https:\/\/images.novelship.com\/product\/_women__nike_zoom_fly_6__pale_ivory_hyper_crimson__3_45836.jpeg;https:\/\/images.novelship.com\/product\/_women__nike_zoom_fly_6__pale_ivory_hyper_crimson__4_45836.jpeg;https:\/\/images.novelship.com\/product\/_women__nike_zoom_fly_6__pale_ivory_hyper_crimson__5_45836.jpeg","datePublished":"2026-03-02T08:39:42+00:00","dateModified":"2026-03-27T18:14:57+00:00","breadcrumb":{"@id":"https:\/\/tourcruiser.com\/de\/products\/women-nike-zoom-fly-6-pale-ivory-hyper-crimson\/#breadcrumb"},"inLanguage":"de","potentialAction":[{"@type":"ReadAction","target":["https:\/\/tourcruiser.com\/de\/products\/women-nike-zoom-fly-6-pale-ivory-hyper-crimson\/"]}]},{"@type":"ImageObject","inLanguage":"de","@id":"https:\/\/tourcruiser.com\/de\/products\/women-nike-zoom-fly-6-pale-ivory-hyper-crimson\/#primaryimage","url":"https:\/\/images.novelship.com\/product\/_women__nike_zoom_fly_6__pale_ivory_hyper_crimson__0_45835.jpeg;https:\/\/images.novelship.com\/product\/_women__nike_zoom_fly_6__pale_ivory_hyper_crimson__1_45836.jpeg;https:\/\/images.novelship.com\/product\/_women__nike_zoom_fly_6__pale_ivory_hyper_crimson__2_45836.jpeg;https:\/\/images.novelship.com\/product\/_women__nike_zoom_fly_6__pale_ivory_hyper_crimson__3_45836.jpeg;https:\/\/images.novelship.com\/product\/_women__nike_zoom_fly_6__pale_ivory_hyper_crimson__4_45836.jpeg;https:\/\/images.novelship.com\/product\/_women__nike_zoom_fly_6__pale_ivory_hyper_crimson__5_45836.jpeg","contentUrl":"https:\/\/images.novelship.com\/product\/_women__nike_zoom_fly_6__pale_ivory_hyper_crimson__0_45835.jpeg;https:\/\/images.novelship.com\/product\/_women__nike_zoom_fly_6__pale_ivory_hyper_crimson__1_45836.jpeg;https:\/\/images.novelship.com\/product\/_women__nike_zoom_fly_6__pale_ivory_hyper_crimson__2_45836.jpeg;https:\/\/images.novelship.com\/product\/_women__nike_zoom_fly_6__pale_ivory_hyper_crimson__3_45836.jpeg;https:\/\/images.novelship.com\/product\/_women__nike_zoom_fly_6__pale_ivory_hyper_crimson__4_45836.jpeg;https:\/\/images.novelship.com\/product\/_women__nike_zoom_fly_6__pale_ivory_hyper_crimson__5_45836.jpeg"},{"@type":"BreadcrumbList","@id":"https:\/\/tourcruiser.com\/de\/products\/women-nike-zoom-fly-6-pale-ivory-hyper-crimson\/#breadcrumb","itemListElement":[{"@type":"ListItem","position":1,"name":"Home","item":"https:\/\/tourcruiser.com\/de\/"},{"@type":"ListItem","position":2,"name":"Shop","item":"https:\/\/tourcruiser.com\/de\/shop\/"},{"@type":"ListItem","position":3,"name":"(Women) Nike Zoom Fly 6 'Pale Ivory Hyper Crimson'"}]},{"@type":"WebSite","@id":"https:\/\/tourcruiser.com\/de\/#website","url":"https:\/\/tourcruiser.com\/de\/","name":"Styloral Jewelry Shop","description":"Tourcruiser Sneaker Store \u2014 der Ort, an dem das Universum deine Einzigartigkeit trifft.","publisher":{"@id":"https:\/\/tourcruiser.com\/de\/#organization"},"potentialAction":[{"@type":"SearchAction","target":{"@type":"EntryPoint","urlTemplate":"https:\/\/tourcruiser.com\/de\/?s={search_term_string}"},"query-input":{"@type":"PropertyValueSpecification","valueRequired":true,"valueName":"search_term_string"}}],"inLanguage":"de"},{"@type":"Organization","@id":"https:\/\/tourcruiser.com\/de\/#organization","name":"STYLORAL PTE. LTD","url":"https:\/\/tourcruiser.com\/de\/","logo":{"@type":"ImageObject","inLanguage":"de","@id":"https:\/\/tourcruiser.com\/de\/#\/schema\/logo\/image\/","url":"https:\/\/www.tourcruiser.com\/wp-content\/uploads\/2025\/12\/logo.png","contentUrl":"https:\/\/www.tourcruiser.com\/wp-content\/uploads\/2025\/12\/logo.png","width":200,"height":65,"caption":"STYLORAL PTE. LTD"},"image":{"@id":"https:\/\/tourcruiser.com\/de\/#\/schema\/logo\/image\/"}}]}},"_links":{"self":[{"href":"https:\/\/tourcruiser.com\/de\/wp-json\/wp\/v2\/product\/142751","targetHints":{"allow":["GET"]}}],"collection":[{"href":"https:\/\/tourcruiser.com\/de\/wp-json\/wp\/v2\/product"}],"about":[{"href":"https:\/\/tourcruiser.com\/de\/wp-json\/wp\/v2\/types\/product"}],"replies":[{"embeddable":true,"href":"https:\/\/tourcruiser.com\/de\/wp-json\/wp\/v2\/comments?post=142751"}],"wp:featuredmedia":[{"embeddable":true,"href":"https:\/\/tourcruiser.com\/de\/wp-json\/wp\/v2\/media\/142752"}],"wp:attachment":[{"href":"https:\/\/tourcruiser.com\/de\/wp-json\/wp\/v2\/media?parent=142751"}],"wp:term":[{"taxonomy":"product_brand","embeddable":true,"href":"https:\/\/tourcruiser.com\/de\/wp-json\/wp\/v2\/product_brand?post=142751"},{"taxonomy":"product_cat","embeddable":true,"href":"https:\/\/tourcruiser.com\/de\/wp-json\/wp\/v2\/product_cat?post=142751"},{"taxonomy":"product_tag","embeddable":true,"href":"https:\/\/tourcruiser.com\/de\/wp-json\/wp\/v2\/product_tag?post=142751"}],"curies":[{"name":"wp","href":"https:\/\/api.w.org\/{rel}","templated":true}]}}