{"id":142623,"date":"2026-03-02T15:39:25","date_gmt":"2026-03-02T08:39:25","guid":{"rendered":"http:\/\/tourcruiser.com\/product\/ugg-corwin-loafer-grizzly"},"modified":"2026-03-28T01:14:48","modified_gmt":"2026-03-27T18:14:48","slug":"ugg-corwin-loafer-grizzly","status":"publish","type":"product","link":"https:\/\/tourcruiser.com\/de\/products\/ugg-corwin-loafer-grizzly\/","title":{"rendered":"UGG Corwin Loafer &#8218;Grizzly&#8216;"},"content":{"rendered":"<p>Verleihen Sie Ihrem Stil mit dem UGG Corwin Loafer &#8218;Grizzly&#8216; das gewisse Etwas. Dieser Loafer aus luxuri\u00f6sem Veloursleder besticht durch sein kuscheliges Lammfellfutter, das f\u00fcr unvergleichliche W\u00e4rme und Komfort sorgt. Die Schn\u00fcrung garantiert einen sicheren Halt, w\u00e4hrend die profilierte Laufsohle hervorragende Traktion auf unterschiedlichem Terrain bietet. Der Grizzly Loafer ist perfekt f\u00fcr die \u00dcbergangszeit und l\u00e4ssige Anl\u00e4sse und verleiht Ihrer Garderobe einen Hauch von robuster Eleganz.<\/p>\n<ul>\n<li><strong>Farbe:<\/strong> Grizzly Brown<\/li>\n<li><strong>Artikelnummer:<\/strong> 1117551-GRZ<\/li>\n<\/ul>\n","protected":false},"excerpt":{"rendered":"<p>UGG Corwin \u201d\u201d Grizzly Brown<\/p>\n","protected":false},"featured_media":142624,"comment_status":"open","ping_status":"closed","template":"","meta":[],"product_brand":[],"product_cat":[12436],"product_tag":[12618,10753,10754,14361,11246],"class_list":{"0":"post-142623","1":"product","2":"type-product","3":"status-publish","4":"has-post-thumbnail","6":"product_cat-ugg","7":"product_tag-casual","8":"product_tag-gift-for-him","9":"product_tag-lifestyle-casual-shoes","10":"product_tag-loafers","11":"product_tag-ugg","12":"wcpa_has_options","14":"first","15":"outofstock","16":"taxable","17":"shipping-taxable","18":"purchasable","19":"product-type-simple"},"wcpa_form_fields":{"rules":{"pric_overide_base_price":false,"pric_overide_base_price_if_gt_zero":false,"pric_overide_base_price_fully":false,"pric_cal_option_once":false,"pric_use_as_fee":false,"bind_quantity":false,"quantity_bind_formula":false},"fields":[{"type":"color-group","required":true,"elementId":"wcpa-color-group-69a5ad3fdca11","label":"Gr\u00f6\u00dfe","inline":true,"priceOptions":"different_for_all","pricingType":"fixed","className":"hassizechart product-shoes-size-eu product-shoes-size","name":"color-group-69a5ad3fdca1a","disp_type":"square","selection_type":"tick-border","disp_size":"50","show_label_inside":true,"adjust_width":true,"cart_display_type":"text","other_text":"Other","cl_rule":"show","col":6,"values":[{"label":"36","value":"EU 36","price":"","pimage":"","pimage_id":"","pthumb":"","color":"","selected":true},{"label":"37","value":"EU 37","price":"","pimage":"","pimage_id":"","pthumb":"","color":""},{"label":"37.5","value":"EU 37.5","price":"","pimage":"","pimage_id":"","pthumb":"","color":""},{"label":"38","value":"EU 38","price":"","pimage":"","pimage_id":"","pthumb":"","color":""},{"label":"38.5","value":"EU 38.5","price":"","pimage":"","pimage_id":"","pthumb":"","color":""},{"label":"39","value":"EU 39","price":"","pimage":"","pimage_id":"","pthumb":"","color":""},{"label":"39.5","value":"EU 39.5","price":"","pimage":"","pimage_id":"","pthumb":"","color":""},{"label":"40","value":"EU 40","price":"","pimage":"","pimage_id":"","pthumb":"","color":""},{"label":"40.5","value":"EU 40.5","price":"","pimage":"","pimage_id":"","pthumb":"","color":""},{"label":" 41.5","value":"EU 41.5","price":"","pimage":"","pimage_id":"","pthumb":"","color":""},{"label":"42","value":"EU 42","price":"","pimage":"","pimage_id":"","pthumb":"","color":""},{"label":"42.5","value":"EU 42.5","price":"","pimage":"","pimage_id":"","pthumb":"","color":""},{"label":"43","value":"EU 43","price":"","pimage":"","pimage_id":"","pthumb":"","color":""},{"label":"44","value":"EU 44","price":"","pimage":"","pimage_id":"","pthumb":"","color":""},{"label":"44.5","value":"EU 44.5","price":"","pimage":"","pimage_id":"","pthumb":"","color":""},{"label":"45","value":"EU 45","price":"","pimage":"","pimage_id":"","pthumb":"","color":""}],"relations":[{"operator":false,"rules":[]}],"form_id":184314,"form_rules":{"pric_cal_option_once":false,"exclude_from_discount":false,"pric_use_as_fee":false,"fee_label":"Fee","render_after_acb":false,"disp_hide_options_price":false}}]},"yoast_head":"<!-- This site is optimized with the Yoast SEO plugin v26.5 - https:\/\/yoast.com\/wordpress\/plugins\/seo\/ -->\n<title>UGG Corwin Loafer &#039;Grizzly&#039;  - Tourcruiser PTE. LTD<\/title>\n<meta name=\"robots\" content=\"index, follow, max-snippet:-1, max-image-preview:large, max-video-preview:-1\" \/>\n<link rel=\"canonical\" href=\"https:\/\/tourcruiser.com\/de\/products\/ugg-corwin-loafer-grizzly\/\" \/>\n<meta property=\"og:locale\" content=\"de_DE\" \/>\n<meta property=\"og:type\" content=\"article\" \/>\n<meta property=\"og:title\" content=\"UGG Corwin Loafer &#039;Grizzly&#039;  - Tourcruiser PTE. LTD\" \/>\n<meta property=\"og:description\" content=\"UGG Corwin \u201d\u201d Grizzly Brown\" \/>\n<meta property=\"og:url\" content=\"https:\/\/tourcruiser.com\/de\/products\/ugg-corwin-loafer-grizzly\/\" \/>\n<meta property=\"og:site_name\" content=\"Tourcruiser Sneaker Store\" \/>\n<meta property=\"article:modified_time\" content=\"2026-03-27T18:14:48+00:00\" \/>\n<meta name=\"twitter:card\" content=\"summary_large_image\" \/>\n<meta name=\"twitter:image\" content=\"https:\/\/images.novelship.com\/product\/ugg_corwin_loafer__grizzly__1117551_grz_0_26851.jpeg;https:\/\/images.novelship.com\/product\/ugg_corwin_loafer__grizzly__1117551_grz_1_26851.jpeg;https:\/\/images.novelship.com\/product\/ugg_corwin_loafer__grizzly__1117551_grz_2_26851.jpeg;https:\/\/images.novelship.com\/product\/ugg_corwin_loafer__grizzly__1117551_grz_3_26851.jpeg;https:\/\/images.novelship.com\/product\/ugg_corwin_loafer__grizzly__1117551_grz_4_26851.jpeg;https:\/\/images.novelship.com\/product\/ugg_corwin_loafer__grizzly__1117551_grz_5_26851.jpeg\" \/>\n<script type=\"application\/ld+json\" class=\"yoast-schema-graph\">{\"@context\":\"https:\/\/schema.org\",\"@graph\":[{\"@type\":\"WebPage\",\"@id\":\"https:\/\/tourcruiser.com\/de\/products\/ugg-corwin-loafer-grizzly\/\",\"url\":\"https:\/\/tourcruiser.com\/de\/products\/ugg-corwin-loafer-grizzly\/\",\"name\":\"UGG Corwin Loafer 'Grizzly' - Tourcruiser PTE. LTD\",\"isPartOf\":{\"@id\":\"https:\/\/tourcruiser.com\/de\/#website\"},\"primaryImageOfPage\":{\"@id\":\"https:\/\/tourcruiser.com\/de\/products\/ugg-corwin-loafer-grizzly\/#primaryimage\"},\"image\":{\"@id\":\"https:\/\/tourcruiser.com\/de\/products\/ugg-corwin-loafer-grizzly\/#primaryimage\"},\"thumbnailUrl\":\"https:\/\/images.novelship.com\/product\/ugg_corwin_loafer__grizzly__1117551_grz_0_26851.jpeg;https:\/\/images.novelship.com\/product\/ugg_corwin_loafer__grizzly__1117551_grz_1_26851.jpeg;https:\/\/images.novelship.com\/product\/ugg_corwin_loafer__grizzly__1117551_grz_2_26851.jpeg;https:\/\/images.novelship.com\/product\/ugg_corwin_loafer__grizzly__1117551_grz_3_26851.jpeg;https:\/\/images.novelship.com\/product\/ugg_corwin_loafer__grizzly__1117551_grz_4_26851.jpeg;https:\/\/images.novelship.com\/product\/ugg_corwin_loafer__grizzly__1117551_grz_5_26851.jpeg\",\"datePublished\":\"2026-03-02T08:39:25+00:00\",\"dateModified\":\"2026-03-27T18:14:48+00:00\",\"breadcrumb\":{\"@id\":\"https:\/\/tourcruiser.com\/de\/products\/ugg-corwin-loafer-grizzly\/#breadcrumb\"},\"inLanguage\":\"de\",\"potentialAction\":[{\"@type\":\"ReadAction\",\"target\":[\"https:\/\/tourcruiser.com\/de\/products\/ugg-corwin-loafer-grizzly\/\"]}]},{\"@type\":\"ImageObject\",\"inLanguage\":\"de\",\"@id\":\"https:\/\/tourcruiser.com\/de\/products\/ugg-corwin-loafer-grizzly\/#primaryimage\",\"url\":\"https:\/\/images.novelship.com\/product\/ugg_corwin_loafer__grizzly__1117551_grz_0_26851.jpeg;https:\/\/images.novelship.com\/product\/ugg_corwin_loafer__grizzly__1117551_grz_1_26851.jpeg;https:\/\/images.novelship.com\/product\/ugg_corwin_loafer__grizzly__1117551_grz_2_26851.jpeg;https:\/\/images.novelship.com\/product\/ugg_corwin_loafer__grizzly__1117551_grz_3_26851.jpeg;https:\/\/images.novelship.com\/product\/ugg_corwin_loafer__grizzly__1117551_grz_4_26851.jpeg;https:\/\/images.novelship.com\/product\/ugg_corwin_loafer__grizzly__1117551_grz_5_26851.jpeg\",\"contentUrl\":\"https:\/\/images.novelship.com\/product\/ugg_corwin_loafer__grizzly__1117551_grz_0_26851.jpeg;https:\/\/images.novelship.com\/product\/ugg_corwin_loafer__grizzly__1117551_grz_1_26851.jpeg;https:\/\/images.novelship.com\/product\/ugg_corwin_loafer__grizzly__1117551_grz_2_26851.jpeg;https:\/\/images.novelship.com\/product\/ugg_corwin_loafer__grizzly__1117551_grz_3_26851.jpeg;https:\/\/images.novelship.com\/product\/ugg_corwin_loafer__grizzly__1117551_grz_4_26851.jpeg;https:\/\/images.novelship.com\/product\/ugg_corwin_loafer__grizzly__1117551_grz_5_26851.jpeg\"},{\"@type\":\"BreadcrumbList\",\"@id\":\"https:\/\/tourcruiser.com\/de\/products\/ugg-corwin-loafer-grizzly\/#breadcrumb\",\"itemListElement\":[{\"@type\":\"ListItem\",\"position\":1,\"name\":\"Home\",\"item\":\"https:\/\/tourcruiser.com\/de\/\"},{\"@type\":\"ListItem\",\"position\":2,\"name\":\"Shop\",\"item\":\"https:\/\/tourcruiser.com\/de\/shop\/\"},{\"@type\":\"ListItem\",\"position\":3,\"name\":\"UGG Corwin Loafer 'Grizzly'\"}]},{\"@type\":\"WebSite\",\"@id\":\"https:\/\/tourcruiser.com\/de\/#website\",\"url\":\"https:\/\/tourcruiser.com\/de\/\",\"name\":\"Styloral Jewelry Shop\",\"description\":\"Tourcruiser Sneaker Store \u2014 der Ort, an dem das Universum deine Einzigartigkeit trifft.\",\"publisher\":{\"@id\":\"https:\/\/tourcruiser.com\/de\/#organization\"},\"potentialAction\":[{\"@type\":\"SearchAction\",\"target\":{\"@type\":\"EntryPoint\",\"urlTemplate\":\"https:\/\/tourcruiser.com\/de\/?s={search_term_string}\"},\"query-input\":{\"@type\":\"PropertyValueSpecification\",\"valueRequired\":true,\"valueName\":\"search_term_string\"}}],\"inLanguage\":\"de\"},{\"@type\":\"Organization\",\"@id\":\"https:\/\/tourcruiser.com\/de\/#organization\",\"name\":\"STYLORAL PTE. LTD\",\"url\":\"https:\/\/tourcruiser.com\/de\/\",\"logo\":{\"@type\":\"ImageObject\",\"inLanguage\":\"de\",\"@id\":\"https:\/\/tourcruiser.com\/de\/#\/schema\/logo\/image\/\",\"url\":\"https:\/\/www.tourcruiser.com\/wp-content\/uploads\/2025\/12\/logo.png\",\"contentUrl\":\"https:\/\/www.tourcruiser.com\/wp-content\/uploads\/2025\/12\/logo.png\",\"width\":200,\"height\":65,\"caption\":\"STYLORAL PTE. LTD\"},\"image\":{\"@id\":\"https:\/\/tourcruiser.com\/de\/#\/schema\/logo\/image\/\"}}]}<\/script>\n<!-- \/ Yoast SEO plugin. -->","yoast_head_json":{"title":"UGG Corwin Loafer 'Grizzly'  - Tourcruiser PTE. LTD","robots":{"index":"index","follow":"follow","max-snippet":"max-snippet:-1","max-image-preview":"max-image-preview:large","max-video-preview":"max-video-preview:-1"},"canonical":"https:\/\/tourcruiser.com\/de\/products\/ugg-corwin-loafer-grizzly\/","og_locale":"de_DE","og_type":"article","og_title":"UGG Corwin Loafer 'Grizzly'  - Tourcruiser PTE. LTD","og_description":"UGG Corwin \u201d\u201d Grizzly Brown","og_url":"https:\/\/tourcruiser.com\/de\/products\/ugg-corwin-loafer-grizzly\/","og_site_name":"Tourcruiser Sneaker Store","article_modified_time":"2026-03-27T18:14:48+00:00","twitter_card":"summary_large_image","twitter_image":"https:\/\/images.novelship.com\/product\/ugg_corwin_loafer__grizzly__1117551_grz_0_26851.jpeg;https:\/\/images.novelship.com\/product\/ugg_corwin_loafer__grizzly__1117551_grz_1_26851.jpeg;https:\/\/images.novelship.com\/product\/ugg_corwin_loafer__grizzly__1117551_grz_2_26851.jpeg;https:\/\/images.novelship.com\/product\/ugg_corwin_loafer__grizzly__1117551_grz_3_26851.jpeg;https:\/\/images.novelship.com\/product\/ugg_corwin_loafer__grizzly__1117551_grz_4_26851.jpeg;https:\/\/images.novelship.com\/product\/ugg_corwin_loafer__grizzly__1117551_grz_5_26851.jpeg","schema":{"@context":"https:\/\/schema.org","@graph":[{"@type":"WebPage","@id":"https:\/\/tourcruiser.com\/de\/products\/ugg-corwin-loafer-grizzly\/","url":"https:\/\/tourcruiser.com\/de\/products\/ugg-corwin-loafer-grizzly\/","name":"UGG Corwin Loafer 'Grizzly' - Tourcruiser PTE. LTD","isPartOf":{"@id":"https:\/\/tourcruiser.com\/de\/#website"},"primaryImageOfPage":{"@id":"https:\/\/tourcruiser.com\/de\/products\/ugg-corwin-loafer-grizzly\/#primaryimage"},"image":{"@id":"https:\/\/tourcruiser.com\/de\/products\/ugg-corwin-loafer-grizzly\/#primaryimage"},"thumbnailUrl":"https:\/\/images.novelship.com\/product\/ugg_corwin_loafer__grizzly__1117551_grz_0_26851.jpeg;https:\/\/images.novelship.com\/product\/ugg_corwin_loafer__grizzly__1117551_grz_1_26851.jpeg;https:\/\/images.novelship.com\/product\/ugg_corwin_loafer__grizzly__1117551_grz_2_26851.jpeg;https:\/\/images.novelship.com\/product\/ugg_corwin_loafer__grizzly__1117551_grz_3_26851.jpeg;https:\/\/images.novelship.com\/product\/ugg_corwin_loafer__grizzly__1117551_grz_4_26851.jpeg;https:\/\/images.novelship.com\/product\/ugg_corwin_loafer__grizzly__1117551_grz_5_26851.jpeg","datePublished":"2026-03-02T08:39:25+00:00","dateModified":"2026-03-27T18:14:48+00:00","breadcrumb":{"@id":"https:\/\/tourcruiser.com\/de\/products\/ugg-corwin-loafer-grizzly\/#breadcrumb"},"inLanguage":"de","potentialAction":[{"@type":"ReadAction","target":["https:\/\/tourcruiser.com\/de\/products\/ugg-corwin-loafer-grizzly\/"]}]},{"@type":"ImageObject","inLanguage":"de","@id":"https:\/\/tourcruiser.com\/de\/products\/ugg-corwin-loafer-grizzly\/#primaryimage","url":"https:\/\/images.novelship.com\/product\/ugg_corwin_loafer__grizzly__1117551_grz_0_26851.jpeg;https:\/\/images.novelship.com\/product\/ugg_corwin_loafer__grizzly__1117551_grz_1_26851.jpeg;https:\/\/images.novelship.com\/product\/ugg_corwin_loafer__grizzly__1117551_grz_2_26851.jpeg;https:\/\/images.novelship.com\/product\/ugg_corwin_loafer__grizzly__1117551_grz_3_26851.jpeg;https:\/\/images.novelship.com\/product\/ugg_corwin_loafer__grizzly__1117551_grz_4_26851.jpeg;https:\/\/images.novelship.com\/product\/ugg_corwin_loafer__grizzly__1117551_grz_5_26851.jpeg","contentUrl":"https:\/\/images.novelship.com\/product\/ugg_corwin_loafer__grizzly__1117551_grz_0_26851.jpeg;https:\/\/images.novelship.com\/product\/ugg_corwin_loafer__grizzly__1117551_grz_1_26851.jpeg;https:\/\/images.novelship.com\/product\/ugg_corwin_loafer__grizzly__1117551_grz_2_26851.jpeg;https:\/\/images.novelship.com\/product\/ugg_corwin_loafer__grizzly__1117551_grz_3_26851.jpeg;https:\/\/images.novelship.com\/product\/ugg_corwin_loafer__grizzly__1117551_grz_4_26851.jpeg;https:\/\/images.novelship.com\/product\/ugg_corwin_loafer__grizzly__1117551_grz_5_26851.jpeg"},{"@type":"BreadcrumbList","@id":"https:\/\/tourcruiser.com\/de\/products\/ugg-corwin-loafer-grizzly\/#breadcrumb","itemListElement":[{"@type":"ListItem","position":1,"name":"Home","item":"https:\/\/tourcruiser.com\/de\/"},{"@type":"ListItem","position":2,"name":"Shop","item":"https:\/\/tourcruiser.com\/de\/shop\/"},{"@type":"ListItem","position":3,"name":"UGG Corwin Loafer 'Grizzly'"}]},{"@type":"WebSite","@id":"https:\/\/tourcruiser.com\/de\/#website","url":"https:\/\/tourcruiser.com\/de\/","name":"Styloral Jewelry Shop","description":"Tourcruiser Sneaker Store \u2014 der Ort, an dem das Universum deine Einzigartigkeit trifft.","publisher":{"@id":"https:\/\/tourcruiser.com\/de\/#organization"},"potentialAction":[{"@type":"SearchAction","target":{"@type":"EntryPoint","urlTemplate":"https:\/\/tourcruiser.com\/de\/?s={search_term_string}"},"query-input":{"@type":"PropertyValueSpecification","valueRequired":true,"valueName":"search_term_string"}}],"inLanguage":"de"},{"@type":"Organization","@id":"https:\/\/tourcruiser.com\/de\/#organization","name":"STYLORAL PTE. LTD","url":"https:\/\/tourcruiser.com\/de\/","logo":{"@type":"ImageObject","inLanguage":"de","@id":"https:\/\/tourcruiser.com\/de\/#\/schema\/logo\/image\/","url":"https:\/\/www.tourcruiser.com\/wp-content\/uploads\/2025\/12\/logo.png","contentUrl":"https:\/\/www.tourcruiser.com\/wp-content\/uploads\/2025\/12\/logo.png","width":200,"height":65,"caption":"STYLORAL PTE. LTD"},"image":{"@id":"https:\/\/tourcruiser.com\/de\/#\/schema\/logo\/image\/"}}]}},"_links":{"self":[{"href":"https:\/\/tourcruiser.com\/de\/wp-json\/wp\/v2\/product\/142623","targetHints":{"allow":["GET"]}}],"collection":[{"href":"https:\/\/tourcruiser.com\/de\/wp-json\/wp\/v2\/product"}],"about":[{"href":"https:\/\/tourcruiser.com\/de\/wp-json\/wp\/v2\/types\/product"}],"replies":[{"embeddable":true,"href":"https:\/\/tourcruiser.com\/de\/wp-json\/wp\/v2\/comments?post=142623"}],"wp:featuredmedia":[{"embeddable":true,"href":"https:\/\/tourcruiser.com\/de\/wp-json\/wp\/v2\/media\/142624"}],"wp:attachment":[{"href":"https:\/\/tourcruiser.com\/de\/wp-json\/wp\/v2\/media?parent=142623"}],"wp:term":[{"taxonomy":"product_brand","embeddable":true,"href":"https:\/\/tourcruiser.com\/de\/wp-json\/wp\/v2\/product_brand?post=142623"},{"taxonomy":"product_cat","embeddable":true,"href":"https:\/\/tourcruiser.com\/de\/wp-json\/wp\/v2\/product_cat?post=142623"},{"taxonomy":"product_tag","embeddable":true,"href":"https:\/\/tourcruiser.com\/de\/wp-json\/wp\/v2\/product_tag?post=142623"}],"curies":[{"name":"wp","href":"https:\/\/api.w.org\/{rel}","templated":true}]}}