{"id":142571,"date":"2026-03-02T15:39:19","date_gmt":"2026-03-02T08:39:19","guid":{"rendered":"http:\/\/tourcruiser.com\/product\/nike-air-max-90-easy-on-light-violet-ore-hj4540-200"},"modified":"2026-03-28T01:14:43","modified_gmt":"2026-03-27T18:14:43","slug":"nike-air-max-90-easy-on-light-violet-ore-hj4540-200","status":"publish","type":"product","link":"https:\/\/tourcruiser.com\/de\/products\/nike-air-max-90-easy-on-light-violet-ore-hj4540-200\/","title":{"rendered":"Nike Air Max 90 Easy-On &#8218;Light Violet Ore&#8216; HJ4540-200"},"content":{"rendered":"<p>Erlebe m\u00fchelosen Style und unvergleichlichen Komfort mit dem Nike Air Max 90 Easy-On \u201eLight Violet Ore\u201c, der ikonisches Design mit modernem Komfort vereint. Dank des praktischen Easy-On-Verschlusssystems l\u00e4sst sich dieser neu interpretierte Klassiker m\u00fchelos an- und ausziehen, ohne dabei die zeitlose Air Max-\u00c4sthetik zu beeintr\u00e4chtigen. Die dezente Farbgebung in \u201eLight Violet Ore\u201c verleiht ihm eine elegante Note und macht ihn perfekt f\u00fcr l\u00e4ssige Ausfl\u00fcge und stylische Streetwear-Looks. Das strapazierf\u00e4hige Obermaterial aus Leder und Textil garantiert Langlebigkeit und Atmungsaktivit\u00e4t. Die charakteristische Max Air-Einheit in der Ferse sorgt f\u00fcr hervorragende D\u00e4mpfung und Aufprallschutz \u201d\u201c f\u00fcr ganzt\u00e4gigen Tragekomfort. Die Waffelsohle aus Gummi verbessert Traktion und Strapazierf\u00e4higkeit und macht den Schuh f\u00fcr verschiedene Untergr\u00fcnde geeignet. Ob beim Einkaufen, im Fitnessstudio oder einfach nur, um ein Statement zu setzen: Der Nike Air Max 90 Easy-On ist vielseitig einsetzbar und besticht durch seinen unverwechselbaren Stil. Dieses Paar Schuhe wird zu einem unverzichtbaren Bestandteil Ihrer Schuhsammlung und wertet Ihren Alltagslook im Handumdrehen auf.<\/p>\n<ul>\n<li><strong>Farbgebung:<\/strong> Metallic Cool Grey\/Metallic Dark Grey\/Anthracite<\/li>\n<li><strong>Artikelnummer:<\/strong> HQ3481-099<\/li>\n<li><strong>Obermaterial:<\/strong> Mesh<\/li>\n<li><strong>Zwischensohle:<\/strong> Air<\/li>\n<li><strong>Farbe:<\/strong> Silber<\/li>\n<\/ul>\n","protected":false},"excerpt":{"rendered":"<p>Nike Air Max 90 \u201d\u201d Metallic Cool Grey\/Metallic Dark Grey\/Anthracite<\/p>\n","protected":false},"featured_media":142572,"comment_status":"open","ping_status":"closed","template":"","meta":[],"product_brand":[],"product_cat":[10803],"product_tag":[10750,10754,10765,10801,10768,10785,10786,10758],"class_list":{"0":"post-142571","1":"product","2":"type-product","3":"status-publish","4":"has-post-thumbnail","6":"product_cat-nike","7":"product_tag-athleisure-shoes","8":"product_tag-lifestyle-casual-shoes","9":"product_tag-lifestyle-shoes-running-inspired","10":"product_tag-nike","11":"product_tag-retro-running-shoes","12":"product_tag-trending-deals","13":"product_tag-trending-deals-under-150","14":"product_tag-under-retail","15":"wcpa_has_options","17":"first","18":"outofstock","19":"taxable","20":"shipping-taxable","21":"purchasable","22":"product-type-simple"},"wcpa_form_fields":{"rules":{"pric_overide_base_price":false,"pric_overide_base_price_if_gt_zero":false,"pric_overide_base_price_fully":false,"pric_cal_option_once":false,"pric_use_as_fee":false,"bind_quantity":false,"quantity_bind_formula":false},"fields":[{"type":"color-group","required":true,"elementId":"wcpa-color-group-66c4a75505e74","label":"Gr\u00f6\u00dfe - EU Gr\u00f6\u00dfe","inline":true,"priceOptions":"different_for_all","pricingType":"fixed","className":"hassizechart product-shoes-size-eu product-shoes-size","name":"color-group-66c4a75505e89","disp_type":"square","selection_type":"tick-border","disp_size":"44","show_label_inside":true,"adjust_width":true,"cart_display_type":"text","other_text":"Other","cl_rule":"show","col":6,"values":[{"label":"35.5","value":"EU 35.5","price":"","pimage":"","pimage_id":"","pthumb":"","color":""},{"label":"36","value":"EU 36","price":"","pimage":"","pimage_id":"","pthumb":"","color":"","selected":true},{"label":"36.5","value":"EU 36.5","price":"","pimage":"","pimage_id":"","pthumb":"","color":""},{"label":"37.5","value":"EU 37.5","price":"","pimage":"","pimage_id":"","pthumb":"","color":""},{"label":"38","value":"EU 38","price":"","pimage":"","pimage_id":"","pthumb":"","color":""},{"label":"38.5","value":"EU 38.5","price":"","pimage":"","pimage_id":"","pthumb":"","color":""},{"label":"39","value":"EU 39","price":"","pimage":"","pimage_id":"","pthumb":"","color":""},{"label":"40","value":"EU 40","price":"","pimage":"","pimage_id":"","pthumb":"","color":""},{"label":"40.5","value":"EU 40.5","price":"","pimage":"","pimage_id":"","pthumb":"","color":""},{"label":"41","value":"EU 41","price":"","pimage":"","pimage_id":"","pthumb":"","color":""},{"label":"42","value":"EU 42","price":"","pimage":"","pimage_id":"","pthumb":"","color":""},{"label":"42.5","value":"EU 42.5","price":"","pimage":"","pimage_id":"","pthumb":"","color":""},{"label":"43","value":"EU 43","price":"","pimage":"","pimage_id":"","pthumb":"","color":""},{"label":"44","value":"EU 44","price":"","pimage":"","pimage_id":"","pthumb":"","color":""},{"label":"44.5","value":"EU 44.5","price":"","pimage":"","pimage_id":"","pthumb":"","color":""},{"label":"45","value":"EU 45","price":"","pimage":"","pimage_id":"","pthumb":"","color":""},{"label":"45.5","value":"EU 45.5","price":"","pimage":"","pimage_id":"","pthumb":"","color":""},{"label":"46","value":"EU 46","price":"","pimage":"","pimage_id":"","pthumb":"","color":""},{"label":"47","value":"EU 47","price":"","pimage":"","pimage_id":"","pthumb":"","color":""},{"label":"47.5","value":"EU 47.5","price":"","pimage":"","pimage_id":"","pthumb":"","color":""},{"label":"48","value":"EU 48","price":"","pimage":"","pimage_id":"","pthumb":"","color":""}],"relations":[{"operator":false,"rules":[]}],"form_id":18106,"form_rules":{"pric_cal_option_once":false,"exclude_from_discount":false,"pric_use_as_fee":false,"fee_label":"Fee","render_after_acb":false,"disp_hide_options_price":false}}]},"yoast_head":"<!-- This site is optimized with the Yoast SEO plugin v26.5 - https:\/\/yoast.com\/wordpress\/plugins\/seo\/ -->\n<title>Nike Air Max 90 Easy-On &#039;Light Violet Ore&#039; HJ4540-200 - Tourcruiser PTE. LTD<\/title>\n<meta name=\"robots\" content=\"index, follow, max-snippet:-1, max-image-preview:large, max-video-preview:-1\" \/>\n<link rel=\"canonical\" href=\"https:\/\/tourcruiser.com\/de\/products\/nike-air-max-90-easy-on-light-violet-ore-hj4540-200\/\" \/>\n<meta property=\"og:locale\" content=\"de_DE\" \/>\n<meta property=\"og:type\" content=\"article\" \/>\n<meta property=\"og:title\" content=\"Nike Air Max 90 Easy-On &#039;Light Violet Ore&#039; HJ4540-200 - Tourcruiser PTE. LTD\" \/>\n<meta property=\"og:description\" content=\"Nike Air Max 90 \u201d\u201d Metallic Cool Grey\/Metallic Dark Grey\/Anthracite\" \/>\n<meta property=\"og:url\" content=\"https:\/\/tourcruiser.com\/de\/products\/nike-air-max-90-easy-on-light-violet-ore-hj4540-200\/\" \/>\n<meta property=\"og:site_name\" content=\"Tourcruiser Sneaker Store\" \/>\n<meta property=\"article:modified_time\" content=\"2026-03-27T18:14:43+00:00\" \/>\n<meta name=\"twitter:card\" content=\"summary_large_image\" \/>\n<meta name=\"twitter:image\" content=\"https:\/\/images.novelship.com\/product\/nike_air_max_90_easy-on__light_violet_ore__hj4540-_0_35404.jpeg;https:\/\/images.novelship.com\/product\/nike_air_max_90_easy-on__light_violet_ore__hj4540-_1_35404.jpeg;https:\/\/images.novelship.com\/product\/nike_air_max_90_easy-on__light_violet_ore__hj4540-_2_35404.jpeg;https:\/\/images.novelship.com\/product\/nike_air_max_90_easy-on__light_violet_ore__hj4540-_3_35404.jpeg;https:\/\/images.novelship.com\/product\/nike_air_max_90_easy-on__light_violet_ore__hj4540-_4_35404.jpeg;https:\/\/images.novelship.com\/product\/nike_air_max_90_easy-on__light_violet_ore__hj4540-_5_35404.jpeg;https:\/\/images.novelship.com\/product\/nike_air_max_90_easy-on__light_violet_ore__hj4540-_6_35404.jpeg;https:\/\/images.novelship.com\/product\/nike_air_max_90_easy-on__light_violet_ore__hj4540-_7_35404.jpeg\" \/>\n<meta name=\"twitter:label1\" content=\"Gesch\u00e4tzte Lesezeit\" \/>\n\t<meta name=\"twitter:data1\" content=\"1\u00a0Minute\" \/>\n<script type=\"application\/ld+json\" class=\"yoast-schema-graph\">{\"@context\":\"https:\/\/schema.org\",\"@graph\":[{\"@type\":\"WebPage\",\"@id\":\"https:\/\/tourcruiser.com\/de\/products\/nike-air-max-90-easy-on-light-violet-ore-hj4540-200\/\",\"url\":\"https:\/\/tourcruiser.com\/de\/products\/nike-air-max-90-easy-on-light-violet-ore-hj4540-200\/\",\"name\":\"Nike Air Max 90 Easy-On 'Light Violet Ore' HJ4540-200 - Tourcruiser PTE. LTD\",\"isPartOf\":{\"@id\":\"https:\/\/tourcruiser.com\/de\/#website\"},\"primaryImageOfPage\":{\"@id\":\"https:\/\/tourcruiser.com\/de\/products\/nike-air-max-90-easy-on-light-violet-ore-hj4540-200\/#primaryimage\"},\"image\":{\"@id\":\"https:\/\/tourcruiser.com\/de\/products\/nike-air-max-90-easy-on-light-violet-ore-hj4540-200\/#primaryimage\"},\"thumbnailUrl\":\"https:\/\/images.novelship.com\/product\/nike_air_max_90_easy-on__light_violet_ore__hj4540-_0_35404.jpeg;https:\/\/images.novelship.com\/product\/nike_air_max_90_easy-on__light_violet_ore__hj4540-_1_35404.jpeg;https:\/\/images.novelship.com\/product\/nike_air_max_90_easy-on__light_violet_ore__hj4540-_2_35404.jpeg;https:\/\/images.novelship.com\/product\/nike_air_max_90_easy-on__light_violet_ore__hj4540-_3_35404.jpeg;https:\/\/images.novelship.com\/product\/nike_air_max_90_easy-on__light_violet_ore__hj4540-_4_35404.jpeg;https:\/\/images.novelship.com\/product\/nike_air_max_90_easy-on__light_violet_ore__hj4540-_5_35404.jpeg;https:\/\/images.novelship.com\/product\/nike_air_max_90_easy-on__light_violet_ore__hj4540-_6_35404.jpeg;https:\/\/images.novelship.com\/product\/nike_air_max_90_easy-on__light_violet_ore__hj4540-_7_35404.jpeg\",\"datePublished\":\"2026-03-02T08:39:19+00:00\",\"dateModified\":\"2026-03-27T18:14:43+00:00\",\"breadcrumb\":{\"@id\":\"https:\/\/tourcruiser.com\/de\/products\/nike-air-max-90-easy-on-light-violet-ore-hj4540-200\/#breadcrumb\"},\"inLanguage\":\"de\",\"potentialAction\":[{\"@type\":\"ReadAction\",\"target\":[\"https:\/\/tourcruiser.com\/de\/products\/nike-air-max-90-easy-on-light-violet-ore-hj4540-200\/\"]}]},{\"@type\":\"ImageObject\",\"inLanguage\":\"de\",\"@id\":\"https:\/\/tourcruiser.com\/de\/products\/nike-air-max-90-easy-on-light-violet-ore-hj4540-200\/#primaryimage\",\"url\":\"https:\/\/images.novelship.com\/product\/nike_air_max_90_easy-on__light_violet_ore__hj4540-_0_35404.jpeg;https:\/\/images.novelship.com\/product\/nike_air_max_90_easy-on__light_violet_ore__hj4540-_1_35404.jpeg;https:\/\/images.novelship.com\/product\/nike_air_max_90_easy-on__light_violet_ore__hj4540-_2_35404.jpeg;https:\/\/images.novelship.com\/product\/nike_air_max_90_easy-on__light_violet_ore__hj4540-_3_35404.jpeg;https:\/\/images.novelship.com\/product\/nike_air_max_90_easy-on__light_violet_ore__hj4540-_4_35404.jpeg;https:\/\/images.novelship.com\/product\/nike_air_max_90_easy-on__light_violet_ore__hj4540-_5_35404.jpeg;https:\/\/images.novelship.com\/product\/nike_air_max_90_easy-on__light_violet_ore__hj4540-_6_35404.jpeg;https:\/\/images.novelship.com\/product\/nike_air_max_90_easy-on__light_violet_ore__hj4540-_7_35404.jpeg\",\"contentUrl\":\"https:\/\/images.novelship.com\/product\/nike_air_max_90_easy-on__light_violet_ore__hj4540-_0_35404.jpeg;https:\/\/images.novelship.com\/product\/nike_air_max_90_easy-on__light_violet_ore__hj4540-_1_35404.jpeg;https:\/\/images.novelship.com\/product\/nike_air_max_90_easy-on__light_violet_ore__hj4540-_2_35404.jpeg;https:\/\/images.novelship.com\/product\/nike_air_max_90_easy-on__light_violet_ore__hj4540-_3_35404.jpeg;https:\/\/images.novelship.com\/product\/nike_air_max_90_easy-on__light_violet_ore__hj4540-_4_35404.jpeg;https:\/\/images.novelship.com\/product\/nike_air_max_90_easy-on__light_violet_ore__hj4540-_5_35404.jpeg;https:\/\/images.novelship.com\/product\/nike_air_max_90_easy-on__light_violet_ore__hj4540-_6_35404.jpeg;https:\/\/images.novelship.com\/product\/nike_air_max_90_easy-on__light_violet_ore__hj4540-_7_35404.jpeg\"},{\"@type\":\"BreadcrumbList\",\"@id\":\"https:\/\/tourcruiser.com\/de\/products\/nike-air-max-90-easy-on-light-violet-ore-hj4540-200\/#breadcrumb\",\"itemListElement\":[{\"@type\":\"ListItem\",\"position\":1,\"name\":\"Home\",\"item\":\"https:\/\/tourcruiser.com\/de\/\"},{\"@type\":\"ListItem\",\"position\":2,\"name\":\"Shop\",\"item\":\"https:\/\/tourcruiser.com\/de\/shop\/\"},{\"@type\":\"ListItem\",\"position\":3,\"name\":\"Nike Air Max 90 Easy-On 'Light Violet Ore' HJ4540-200\"}]},{\"@type\":\"WebSite\",\"@id\":\"https:\/\/tourcruiser.com\/de\/#website\",\"url\":\"https:\/\/tourcruiser.com\/de\/\",\"name\":\"Styloral Jewelry Shop\",\"description\":\"Tourcruiser Sneaker Store \u2014 der Ort, an dem das Universum deine Einzigartigkeit trifft.\",\"publisher\":{\"@id\":\"https:\/\/tourcruiser.com\/de\/#organization\"},\"potentialAction\":[{\"@type\":\"SearchAction\",\"target\":{\"@type\":\"EntryPoint\",\"urlTemplate\":\"https:\/\/tourcruiser.com\/de\/?s={search_term_string}\"},\"query-input\":{\"@type\":\"PropertyValueSpecification\",\"valueRequired\":true,\"valueName\":\"search_term_string\"}}],\"inLanguage\":\"de\"},{\"@type\":\"Organization\",\"@id\":\"https:\/\/tourcruiser.com\/de\/#organization\",\"name\":\"STYLORAL PTE. LTD\",\"url\":\"https:\/\/tourcruiser.com\/de\/\",\"logo\":{\"@type\":\"ImageObject\",\"inLanguage\":\"de\",\"@id\":\"https:\/\/tourcruiser.com\/de\/#\/schema\/logo\/image\/\",\"url\":\"https:\/\/www.tourcruiser.com\/wp-content\/uploads\/2025\/12\/logo.png\",\"contentUrl\":\"https:\/\/www.tourcruiser.com\/wp-content\/uploads\/2025\/12\/logo.png\",\"width\":200,\"height\":65,\"caption\":\"STYLORAL PTE. LTD\"},\"image\":{\"@id\":\"https:\/\/tourcruiser.com\/de\/#\/schema\/logo\/image\/\"}}]}<\/script>\n<!-- \/ Yoast SEO plugin. -->","yoast_head_json":{"title":"Nike Air Max 90 Easy-On 'Light Violet Ore' HJ4540-200 - Tourcruiser PTE. LTD","robots":{"index":"index","follow":"follow","max-snippet":"max-snippet:-1","max-image-preview":"max-image-preview:large","max-video-preview":"max-video-preview:-1"},"canonical":"https:\/\/tourcruiser.com\/de\/products\/nike-air-max-90-easy-on-light-violet-ore-hj4540-200\/","og_locale":"de_DE","og_type":"article","og_title":"Nike Air Max 90 Easy-On 'Light Violet Ore' HJ4540-200 - Tourcruiser PTE. LTD","og_description":"Nike Air Max 90 \u201d\u201d Metallic Cool Grey\/Metallic Dark Grey\/Anthracite","og_url":"https:\/\/tourcruiser.com\/de\/products\/nike-air-max-90-easy-on-light-violet-ore-hj4540-200\/","og_site_name":"Tourcruiser Sneaker Store","article_modified_time":"2026-03-27T18:14:43+00:00","twitter_card":"summary_large_image","twitter_image":"https:\/\/images.novelship.com\/product\/nike_air_max_90_easy-on__light_violet_ore__hj4540-_0_35404.jpeg;https:\/\/images.novelship.com\/product\/nike_air_max_90_easy-on__light_violet_ore__hj4540-_1_35404.jpeg;https:\/\/images.novelship.com\/product\/nike_air_max_90_easy-on__light_violet_ore__hj4540-_2_35404.jpeg;https:\/\/images.novelship.com\/product\/nike_air_max_90_easy-on__light_violet_ore__hj4540-_3_35404.jpeg;https:\/\/images.novelship.com\/product\/nike_air_max_90_easy-on__light_violet_ore__hj4540-_4_35404.jpeg;https:\/\/images.novelship.com\/product\/nike_air_max_90_easy-on__light_violet_ore__hj4540-_5_35404.jpeg;https:\/\/images.novelship.com\/product\/nike_air_max_90_easy-on__light_violet_ore__hj4540-_6_35404.jpeg;https:\/\/images.novelship.com\/product\/nike_air_max_90_easy-on__light_violet_ore__hj4540-_7_35404.jpeg","twitter_misc":{"Gesch\u00e4tzte Lesezeit":"1\u00a0Minute"},"schema":{"@context":"https:\/\/schema.org","@graph":[{"@type":"WebPage","@id":"https:\/\/tourcruiser.com\/de\/products\/nike-air-max-90-easy-on-light-violet-ore-hj4540-200\/","url":"https:\/\/tourcruiser.com\/de\/products\/nike-air-max-90-easy-on-light-violet-ore-hj4540-200\/","name":"Nike Air Max 90 Easy-On 'Light Violet Ore' HJ4540-200 - Tourcruiser PTE. LTD","isPartOf":{"@id":"https:\/\/tourcruiser.com\/de\/#website"},"primaryImageOfPage":{"@id":"https:\/\/tourcruiser.com\/de\/products\/nike-air-max-90-easy-on-light-violet-ore-hj4540-200\/#primaryimage"},"image":{"@id":"https:\/\/tourcruiser.com\/de\/products\/nike-air-max-90-easy-on-light-violet-ore-hj4540-200\/#primaryimage"},"thumbnailUrl":"https:\/\/images.novelship.com\/product\/nike_air_max_90_easy-on__light_violet_ore__hj4540-_0_35404.jpeg;https:\/\/images.novelship.com\/product\/nike_air_max_90_easy-on__light_violet_ore__hj4540-_1_35404.jpeg;https:\/\/images.novelship.com\/product\/nike_air_max_90_easy-on__light_violet_ore__hj4540-_2_35404.jpeg;https:\/\/images.novelship.com\/product\/nike_air_max_90_easy-on__light_violet_ore__hj4540-_3_35404.jpeg;https:\/\/images.novelship.com\/product\/nike_air_max_90_easy-on__light_violet_ore__hj4540-_4_35404.jpeg;https:\/\/images.novelship.com\/product\/nike_air_max_90_easy-on__light_violet_ore__hj4540-_5_35404.jpeg;https:\/\/images.novelship.com\/product\/nike_air_max_90_easy-on__light_violet_ore__hj4540-_6_35404.jpeg;https:\/\/images.novelship.com\/product\/nike_air_max_90_easy-on__light_violet_ore__hj4540-_7_35404.jpeg","datePublished":"2026-03-02T08:39:19+00:00","dateModified":"2026-03-27T18:14:43+00:00","breadcrumb":{"@id":"https:\/\/tourcruiser.com\/de\/products\/nike-air-max-90-easy-on-light-violet-ore-hj4540-200\/#breadcrumb"},"inLanguage":"de","potentialAction":[{"@type":"ReadAction","target":["https:\/\/tourcruiser.com\/de\/products\/nike-air-max-90-easy-on-light-violet-ore-hj4540-200\/"]}]},{"@type":"ImageObject","inLanguage":"de","@id":"https:\/\/tourcruiser.com\/de\/products\/nike-air-max-90-easy-on-light-violet-ore-hj4540-200\/#primaryimage","url":"https:\/\/images.novelship.com\/product\/nike_air_max_90_easy-on__light_violet_ore__hj4540-_0_35404.jpeg;https:\/\/images.novelship.com\/product\/nike_air_max_90_easy-on__light_violet_ore__hj4540-_1_35404.jpeg;https:\/\/images.novelship.com\/product\/nike_air_max_90_easy-on__light_violet_ore__hj4540-_2_35404.jpeg;https:\/\/images.novelship.com\/product\/nike_air_max_90_easy-on__light_violet_ore__hj4540-_3_35404.jpeg;https:\/\/images.novelship.com\/product\/nike_air_max_90_easy-on__light_violet_ore__hj4540-_4_35404.jpeg;https:\/\/images.novelship.com\/product\/nike_air_max_90_easy-on__light_violet_ore__hj4540-_5_35404.jpeg;https:\/\/images.novelship.com\/product\/nike_air_max_90_easy-on__light_violet_ore__hj4540-_6_35404.jpeg;https:\/\/images.novelship.com\/product\/nike_air_max_90_easy-on__light_violet_ore__hj4540-_7_35404.jpeg","contentUrl":"https:\/\/images.novelship.com\/product\/nike_air_max_90_easy-on__light_violet_ore__hj4540-_0_35404.jpeg;https:\/\/images.novelship.com\/product\/nike_air_max_90_easy-on__light_violet_ore__hj4540-_1_35404.jpeg;https:\/\/images.novelship.com\/product\/nike_air_max_90_easy-on__light_violet_ore__hj4540-_2_35404.jpeg;https:\/\/images.novelship.com\/product\/nike_air_max_90_easy-on__light_violet_ore__hj4540-_3_35404.jpeg;https:\/\/images.novelship.com\/product\/nike_air_max_90_easy-on__light_violet_ore__hj4540-_4_35404.jpeg;https:\/\/images.novelship.com\/product\/nike_air_max_90_easy-on__light_violet_ore__hj4540-_5_35404.jpeg;https:\/\/images.novelship.com\/product\/nike_air_max_90_easy-on__light_violet_ore__hj4540-_6_35404.jpeg;https:\/\/images.novelship.com\/product\/nike_air_max_90_easy-on__light_violet_ore__hj4540-_7_35404.jpeg"},{"@type":"BreadcrumbList","@id":"https:\/\/tourcruiser.com\/de\/products\/nike-air-max-90-easy-on-light-violet-ore-hj4540-200\/#breadcrumb","itemListElement":[{"@type":"ListItem","position":1,"name":"Home","item":"https:\/\/tourcruiser.com\/de\/"},{"@type":"ListItem","position":2,"name":"Shop","item":"https:\/\/tourcruiser.com\/de\/shop\/"},{"@type":"ListItem","position":3,"name":"Nike Air Max 90 Easy-On 'Light Violet Ore' HJ4540-200"}]},{"@type":"WebSite","@id":"https:\/\/tourcruiser.com\/de\/#website","url":"https:\/\/tourcruiser.com\/de\/","name":"Styloral Jewelry Shop","description":"Tourcruiser Sneaker Store \u2014 der Ort, an dem das Universum deine Einzigartigkeit trifft.","publisher":{"@id":"https:\/\/tourcruiser.com\/de\/#organization"},"potentialAction":[{"@type":"SearchAction","target":{"@type":"EntryPoint","urlTemplate":"https:\/\/tourcruiser.com\/de\/?s={search_term_string}"},"query-input":{"@type":"PropertyValueSpecification","valueRequired":true,"valueName":"search_term_string"}}],"inLanguage":"de"},{"@type":"Organization","@id":"https:\/\/tourcruiser.com\/de\/#organization","name":"STYLORAL PTE. LTD","url":"https:\/\/tourcruiser.com\/de\/","logo":{"@type":"ImageObject","inLanguage":"de","@id":"https:\/\/tourcruiser.com\/de\/#\/schema\/logo\/image\/","url":"https:\/\/www.tourcruiser.com\/wp-content\/uploads\/2025\/12\/logo.png","contentUrl":"https:\/\/www.tourcruiser.com\/wp-content\/uploads\/2025\/12\/logo.png","width":200,"height":65,"caption":"STYLORAL PTE. LTD"},"image":{"@id":"https:\/\/tourcruiser.com\/de\/#\/schema\/logo\/image\/"}}]}},"_links":{"self":[{"href":"https:\/\/tourcruiser.com\/de\/wp-json\/wp\/v2\/product\/142571","targetHints":{"allow":["GET"]}}],"collection":[{"href":"https:\/\/tourcruiser.com\/de\/wp-json\/wp\/v2\/product"}],"about":[{"href":"https:\/\/tourcruiser.com\/de\/wp-json\/wp\/v2\/types\/product"}],"replies":[{"embeddable":true,"href":"https:\/\/tourcruiser.com\/de\/wp-json\/wp\/v2\/comments?post=142571"}],"wp:featuredmedia":[{"embeddable":true,"href":"https:\/\/tourcruiser.com\/de\/wp-json\/wp\/v2\/media\/142572"}],"wp:attachment":[{"href":"https:\/\/tourcruiser.com\/de\/wp-json\/wp\/v2\/media?parent=142571"}],"wp:term":[{"taxonomy":"product_brand","embeddable":true,"href":"https:\/\/tourcruiser.com\/de\/wp-json\/wp\/v2\/product_brand?post=142571"},{"taxonomy":"product_cat","embeddable":true,"href":"https:\/\/tourcruiser.com\/de\/wp-json\/wp\/v2\/product_cat?post=142571"},{"taxonomy":"product_tag","embeddable":true,"href":"https:\/\/tourcruiser.com\/de\/wp-json\/wp\/v2\/product_tag?post=142571"}],"curies":[{"name":"wp","href":"https:\/\/api.w.org\/{rel}","templated":true}]}}