{"id":142472,"date":"2026-03-02T15:39:10","date_gmt":"2026-03-02T08:39:10","guid":{"rendered":"http:\/\/tourcruiser.com\/product\/women-ugg-ansley-plaid-bow-charcoal"},"modified":"2026-03-28T01:14:36","modified_gmt":"2026-03-27T18:14:36","slug":"women-ugg-ansley-plaid-bow-charcoal","status":"publish","type":"product","link":"https:\/\/tourcruiser.com\/de\/products\/women-ugg-ansley-plaid-bow-charcoal\/","title":{"rendered":"(Women) UGG ANSLEY Plaid Bow &#8218;Charcoal&#8216;"},"content":{"rendered":"<p>Erleben Sie ultimativen Komfort und Stil mit unseren UGG Ansley Plaid Bow Boots in Anthrazit. Diese aus hochwertigen Materialien gefertigten Stiefel verf\u00fcgen \u00fcber ein kuscheliges Kunstfellfutter und eine strapazierf\u00e4hige Gummisohle, die f\u00fcr W\u00e4rme und Langlebigkeit sorgen. Die charakteristische Karoschleife verleiht ihnen einen verspielten Touch, w\u00e4hrend der klassische Anthrazitton m\u00fchelos zu jedem Outfit passt. Ob zum Entspannen oder f\u00fcr Erledigungen \u201d\u201c mit diesen UGG Boots f\u00fchlen Sie sich die ganze Saison \u00fcber wohl und sehen dabei schick aus.<\/p>\n<ul>\n<li><strong>Farbe:<\/strong> Anthrazit<\/li>\n<li><strong>Artikelnummer:<\/strong> 1127850-CHRC<\/li>\n<li><strong>Farbe:<\/strong> Grau<\/li>\n<\/ul>\n","protected":false},"excerpt":{"rendered":"<p>UGG Ansley \u201d\u201d Charcoal<\/p>\n","protected":false},"featured_media":142473,"comment_status":"open","ping_status":"closed","template":"","meta":[],"product_brand":[],"product_cat":[11247],"product_tag":[10847,11664,10926,10754,11665,10785,10786,11246,11666,10758],"class_list":{"0":"post-142472","1":"product","2":"type-product","3":"status-publish","4":"has-post-thumbnail","6":"product_cat-ugg-women","7":"product_tag-best-finds-under-100","8":"product_tag-covered-toe-slippers","9":"product_tag-gift-for-her","10":"product_tag-lifestyle-casual-shoes","11":"product_tag-slippers","12":"product_tag-trending-deals","13":"product_tag-trending-deals-under-150","14":"product_tag-ugg","15":"product_tag-ugg-collection","16":"product_tag-under-retail","17":"wcpa_has_options","19":"first","20":"outofstock","21":"taxable","22":"shipping-taxable","23":"purchasable","24":"product-type-simple"},"wcpa_form_fields":{"rules":{"pric_overide_base_price":false,"pric_overide_base_price_if_gt_zero":false,"pric_overide_base_price_fully":false,"pric_cal_option_once":false,"pric_use_as_fee":false,"bind_quantity":false,"quantity_bind_formula":false},"fields":[{"type":"color-group","required":true,"elementId":"wcpa-color-group-69a5ae7a28b88","label":"Gr\u00f6\u00dfe","inline":true,"priceOptions":"different_for_all","pricingType":"fixed","className":"hassizechart product-shoes-size-eu product-shoes-size","name":"color-group-69a5ae7a28b91","disp_type":"square","selection_type":"tick-border","disp_size":"50","show_label_inside":true,"adjust_width":true,"cart_display_type":"text","other_text":"Other","cl_rule":"show","col":6,"values":[{"label":"34.5","value":"EU 34.5","price":"","pimage":"","pimage_id":"","pthumb":"","color":""},{"label":"35","value":"EU 35","price":"","pimage":"","pimage_id":"","pthumb":"","color":""},{"label":"35.5","value":"EU 35.5","price":"","pimage":"","pimage_id":"","pthumb":"","color":""},{"label":"36","value":"EU 36","price":"","pimage":"","pimage_id":"","pthumb":"","color":"","selected":true},{"label":"37","value":"EU 37","price":"","pimage":"","pimage_id":"","pthumb":"","color":""},{"label":"37.5","value":"EU 37.5","price":"","pimage":"","pimage_id":"","pthumb":"","color":""},{"label":"38","value":"EU 38","price":"","pimage":"","pimage_id":"","pthumb":"","color":""},{"label":"38.5","value":"EU 38.5","price":"","pimage":"","pimage_id":"","pthumb":"","color":""},{"label":"39","value":"EU 39","price":"","pimage":"","pimage_id":"","pthumb":"","color":""},{"label":"39.5","value":"EU 39.5","price":"","pimage":"","pimage_id":"","pthumb":"","color":""},{"label":"40","value":"EU 40","price":"","pimage":"","pimage_id":"","pthumb":"","color":""},{"label":"40.5","value":"EU 40.5","price":"","pimage":"","pimage_id":"","pthumb":"","color":""},{"label":" 41.5","value":"EU 41.5","price":"","pimage":"","pimage_id":"","pthumb":"","color":""},{"label":"42","value":"EU 42","price":"","pimage":"","pimage_id":"","pthumb":"","color":""},{"label":"42.5","value":"EU 42.5","price":"","pimage":"","pimage_id":"","pthumb":"","color":""},{"label":"43","value":"EU 43","price":"","pimage":"","pimage_id":"","pthumb":"","color":""},{"label":"44","value":"EU 44","price":"","pimage":"","pimage_id":"","pthumb":"","color":""},{"label":"45","value":"EU 45","price":"","pimage":"","pimage_id":"","pthumb":"","color":""},{"label":"48","value":"EU 48","price":"","pimage":"","pimage_id":"","pthumb":"","color":""}],"relations":[{"operator":false,"rules":[]}],"form_id":184315,"form_rules":{"pric_cal_option_once":false,"exclude_from_discount":false,"pric_use_as_fee":false,"fee_label":"Fee","render_after_acb":false,"disp_hide_options_price":false}}]},"yoast_head":"<!-- This site is optimized with the Yoast SEO plugin v26.5 - https:\/\/yoast.com\/wordpress\/plugins\/seo\/ -->\n<title>(Women) UGG ANSLEY Plaid Bow &#039;Charcoal&#039;  - Tourcruiser PTE. LTD<\/title>\n<meta name=\"robots\" content=\"index, follow, max-snippet:-1, max-image-preview:large, max-video-preview:-1\" \/>\n<link rel=\"canonical\" href=\"https:\/\/tourcruiser.com\/de\/products\/women-ugg-ansley-plaid-bow-charcoal\/\" \/>\n<meta property=\"og:locale\" content=\"de_DE\" \/>\n<meta property=\"og:type\" content=\"article\" \/>\n<meta property=\"og:title\" content=\"(Women) UGG ANSLEY Plaid Bow &#039;Charcoal&#039;  - Tourcruiser PTE. LTD\" \/>\n<meta property=\"og:description\" content=\"UGG Ansley \u201d\u201d Charcoal\" \/>\n<meta property=\"og:url\" content=\"https:\/\/tourcruiser.com\/de\/products\/women-ugg-ansley-plaid-bow-charcoal\/\" \/>\n<meta property=\"og:site_name\" content=\"Tourcruiser Sneaker Store\" \/>\n<meta property=\"article:modified_time\" content=\"2026-03-27T18:14:36+00:00\" \/>\n<meta name=\"twitter:card\" content=\"summary_large_image\" \/>\n<meta name=\"twitter:image\" content=\"https:\/\/images.novelship.com\/product\/_women__ugg_ansley__charcoal_bow__1127850_chrc_0_71766.jpeg;https:\/\/images.novelship.com\/product\/_women__ugg_ansley__charcoal_bow__1127850_chrc_1_71766.jpeg;https:\/\/images.novelship.com\/product\/_women__ugg_ansley__charcoal_bow__1127850_chrc_2_71766.jpeg;https:\/\/images.novelship.com\/product\/_women__ugg_ansley__charcoal_bow__1127850_chrc_3_71766.jpeg;https:\/\/images.novelship.com\/product\/_women__ugg_ansley__charcoal_bow__1127850_chrc_4_71766.jpeg;https:\/\/images.novelship.com\/product\/_women__ugg_ansley__charcoal_bow__1127850_chrc_5_71767.jpeg\" \/>\n<script type=\"application\/ld+json\" class=\"yoast-schema-graph\">{\"@context\":\"https:\/\/schema.org\",\"@graph\":[{\"@type\":\"WebPage\",\"@id\":\"https:\/\/tourcruiser.com\/de\/products\/women-ugg-ansley-plaid-bow-charcoal\/\",\"url\":\"https:\/\/tourcruiser.com\/de\/products\/women-ugg-ansley-plaid-bow-charcoal\/\",\"name\":\"(Women) UGG ANSLEY Plaid Bow 'Charcoal' - Tourcruiser PTE. LTD\",\"isPartOf\":{\"@id\":\"https:\/\/tourcruiser.com\/de\/#website\"},\"primaryImageOfPage\":{\"@id\":\"https:\/\/tourcruiser.com\/de\/products\/women-ugg-ansley-plaid-bow-charcoal\/#primaryimage\"},\"image\":{\"@id\":\"https:\/\/tourcruiser.com\/de\/products\/women-ugg-ansley-plaid-bow-charcoal\/#primaryimage\"},\"thumbnailUrl\":\"https:\/\/images.novelship.com\/product\/_women__ugg_ansley__charcoal_bow__1127850_chrc_0_71766.jpeg;https:\/\/images.novelship.com\/product\/_women__ugg_ansley__charcoal_bow__1127850_chrc_1_71766.jpeg;https:\/\/images.novelship.com\/product\/_women__ugg_ansley__charcoal_bow__1127850_chrc_2_71766.jpeg;https:\/\/images.novelship.com\/product\/_women__ugg_ansley__charcoal_bow__1127850_chrc_3_71766.jpeg;https:\/\/images.novelship.com\/product\/_women__ugg_ansley__charcoal_bow__1127850_chrc_4_71766.jpeg;https:\/\/images.novelship.com\/product\/_women__ugg_ansley__charcoal_bow__1127850_chrc_5_71767.jpeg\",\"datePublished\":\"2026-03-02T08:39:10+00:00\",\"dateModified\":\"2026-03-27T18:14:36+00:00\",\"breadcrumb\":{\"@id\":\"https:\/\/tourcruiser.com\/de\/products\/women-ugg-ansley-plaid-bow-charcoal\/#breadcrumb\"},\"inLanguage\":\"de\",\"potentialAction\":[{\"@type\":\"ReadAction\",\"target\":[\"https:\/\/tourcruiser.com\/de\/products\/women-ugg-ansley-plaid-bow-charcoal\/\"]}]},{\"@type\":\"ImageObject\",\"inLanguage\":\"de\",\"@id\":\"https:\/\/tourcruiser.com\/de\/products\/women-ugg-ansley-plaid-bow-charcoal\/#primaryimage\",\"url\":\"https:\/\/images.novelship.com\/product\/_women__ugg_ansley__charcoal_bow__1127850_chrc_0_71766.jpeg;https:\/\/images.novelship.com\/product\/_women__ugg_ansley__charcoal_bow__1127850_chrc_1_71766.jpeg;https:\/\/images.novelship.com\/product\/_women__ugg_ansley__charcoal_bow__1127850_chrc_2_71766.jpeg;https:\/\/images.novelship.com\/product\/_women__ugg_ansley__charcoal_bow__1127850_chrc_3_71766.jpeg;https:\/\/images.novelship.com\/product\/_women__ugg_ansley__charcoal_bow__1127850_chrc_4_71766.jpeg;https:\/\/images.novelship.com\/product\/_women__ugg_ansley__charcoal_bow__1127850_chrc_5_71767.jpeg\",\"contentUrl\":\"https:\/\/images.novelship.com\/product\/_women__ugg_ansley__charcoal_bow__1127850_chrc_0_71766.jpeg;https:\/\/images.novelship.com\/product\/_women__ugg_ansley__charcoal_bow__1127850_chrc_1_71766.jpeg;https:\/\/images.novelship.com\/product\/_women__ugg_ansley__charcoal_bow__1127850_chrc_2_71766.jpeg;https:\/\/images.novelship.com\/product\/_women__ugg_ansley__charcoal_bow__1127850_chrc_3_71766.jpeg;https:\/\/images.novelship.com\/product\/_women__ugg_ansley__charcoal_bow__1127850_chrc_4_71766.jpeg;https:\/\/images.novelship.com\/product\/_women__ugg_ansley__charcoal_bow__1127850_chrc_5_71767.jpeg\"},{\"@type\":\"BreadcrumbList\",\"@id\":\"https:\/\/tourcruiser.com\/de\/products\/women-ugg-ansley-plaid-bow-charcoal\/#breadcrumb\",\"itemListElement\":[{\"@type\":\"ListItem\",\"position\":1,\"name\":\"Home\",\"item\":\"https:\/\/tourcruiser.com\/de\/\"},{\"@type\":\"ListItem\",\"position\":2,\"name\":\"Shop\",\"item\":\"https:\/\/tourcruiser.com\/de\/shop\/\"},{\"@type\":\"ListItem\",\"position\":3,\"name\":\"(Women) UGG ANSLEY Plaid Bow 'Charcoal'\"}]},{\"@type\":\"WebSite\",\"@id\":\"https:\/\/tourcruiser.com\/de\/#website\",\"url\":\"https:\/\/tourcruiser.com\/de\/\",\"name\":\"Styloral Jewelry Shop\",\"description\":\"Tourcruiser Sneaker Store \u2014 der Ort, an dem das Universum deine Einzigartigkeit trifft.\",\"publisher\":{\"@id\":\"https:\/\/tourcruiser.com\/de\/#organization\"},\"potentialAction\":[{\"@type\":\"SearchAction\",\"target\":{\"@type\":\"EntryPoint\",\"urlTemplate\":\"https:\/\/tourcruiser.com\/de\/?s={search_term_string}\"},\"query-input\":{\"@type\":\"PropertyValueSpecification\",\"valueRequired\":true,\"valueName\":\"search_term_string\"}}],\"inLanguage\":\"de\"},{\"@type\":\"Organization\",\"@id\":\"https:\/\/tourcruiser.com\/de\/#organization\",\"name\":\"STYLORAL PTE. LTD\",\"url\":\"https:\/\/tourcruiser.com\/de\/\",\"logo\":{\"@type\":\"ImageObject\",\"inLanguage\":\"de\",\"@id\":\"https:\/\/tourcruiser.com\/de\/#\/schema\/logo\/image\/\",\"url\":\"https:\/\/www.tourcruiser.com\/wp-content\/uploads\/2025\/12\/logo.png\",\"contentUrl\":\"https:\/\/www.tourcruiser.com\/wp-content\/uploads\/2025\/12\/logo.png\",\"width\":200,\"height\":65,\"caption\":\"STYLORAL PTE. LTD\"},\"image\":{\"@id\":\"https:\/\/tourcruiser.com\/de\/#\/schema\/logo\/image\/\"}}]}<\/script>\n<!-- \/ Yoast SEO plugin. -->","yoast_head_json":{"title":"(Women) UGG ANSLEY Plaid Bow 'Charcoal'  - Tourcruiser PTE. LTD","robots":{"index":"index","follow":"follow","max-snippet":"max-snippet:-1","max-image-preview":"max-image-preview:large","max-video-preview":"max-video-preview:-1"},"canonical":"https:\/\/tourcruiser.com\/de\/products\/women-ugg-ansley-plaid-bow-charcoal\/","og_locale":"de_DE","og_type":"article","og_title":"(Women) UGG ANSLEY Plaid Bow 'Charcoal'  - Tourcruiser PTE. LTD","og_description":"UGG Ansley \u201d\u201d Charcoal","og_url":"https:\/\/tourcruiser.com\/de\/products\/women-ugg-ansley-plaid-bow-charcoal\/","og_site_name":"Tourcruiser Sneaker Store","article_modified_time":"2026-03-27T18:14:36+00:00","twitter_card":"summary_large_image","twitter_image":"https:\/\/images.novelship.com\/product\/_women__ugg_ansley__charcoal_bow__1127850_chrc_0_71766.jpeg;https:\/\/images.novelship.com\/product\/_women__ugg_ansley__charcoal_bow__1127850_chrc_1_71766.jpeg;https:\/\/images.novelship.com\/product\/_women__ugg_ansley__charcoal_bow__1127850_chrc_2_71766.jpeg;https:\/\/images.novelship.com\/product\/_women__ugg_ansley__charcoal_bow__1127850_chrc_3_71766.jpeg;https:\/\/images.novelship.com\/product\/_women__ugg_ansley__charcoal_bow__1127850_chrc_4_71766.jpeg;https:\/\/images.novelship.com\/product\/_women__ugg_ansley__charcoal_bow__1127850_chrc_5_71767.jpeg","schema":{"@context":"https:\/\/schema.org","@graph":[{"@type":"WebPage","@id":"https:\/\/tourcruiser.com\/de\/products\/women-ugg-ansley-plaid-bow-charcoal\/","url":"https:\/\/tourcruiser.com\/de\/products\/women-ugg-ansley-plaid-bow-charcoal\/","name":"(Women) UGG ANSLEY Plaid Bow 'Charcoal' - Tourcruiser PTE. LTD","isPartOf":{"@id":"https:\/\/tourcruiser.com\/de\/#website"},"primaryImageOfPage":{"@id":"https:\/\/tourcruiser.com\/de\/products\/women-ugg-ansley-plaid-bow-charcoal\/#primaryimage"},"image":{"@id":"https:\/\/tourcruiser.com\/de\/products\/women-ugg-ansley-plaid-bow-charcoal\/#primaryimage"},"thumbnailUrl":"https:\/\/images.novelship.com\/product\/_women__ugg_ansley__charcoal_bow__1127850_chrc_0_71766.jpeg;https:\/\/images.novelship.com\/product\/_women__ugg_ansley__charcoal_bow__1127850_chrc_1_71766.jpeg;https:\/\/images.novelship.com\/product\/_women__ugg_ansley__charcoal_bow__1127850_chrc_2_71766.jpeg;https:\/\/images.novelship.com\/product\/_women__ugg_ansley__charcoal_bow__1127850_chrc_3_71766.jpeg;https:\/\/images.novelship.com\/product\/_women__ugg_ansley__charcoal_bow__1127850_chrc_4_71766.jpeg;https:\/\/images.novelship.com\/product\/_women__ugg_ansley__charcoal_bow__1127850_chrc_5_71767.jpeg","datePublished":"2026-03-02T08:39:10+00:00","dateModified":"2026-03-27T18:14:36+00:00","breadcrumb":{"@id":"https:\/\/tourcruiser.com\/de\/products\/women-ugg-ansley-plaid-bow-charcoal\/#breadcrumb"},"inLanguage":"de","potentialAction":[{"@type":"ReadAction","target":["https:\/\/tourcruiser.com\/de\/products\/women-ugg-ansley-plaid-bow-charcoal\/"]}]},{"@type":"ImageObject","inLanguage":"de","@id":"https:\/\/tourcruiser.com\/de\/products\/women-ugg-ansley-plaid-bow-charcoal\/#primaryimage","url":"https:\/\/images.novelship.com\/product\/_women__ugg_ansley__charcoal_bow__1127850_chrc_0_71766.jpeg;https:\/\/images.novelship.com\/product\/_women__ugg_ansley__charcoal_bow__1127850_chrc_1_71766.jpeg;https:\/\/images.novelship.com\/product\/_women__ugg_ansley__charcoal_bow__1127850_chrc_2_71766.jpeg;https:\/\/images.novelship.com\/product\/_women__ugg_ansley__charcoal_bow__1127850_chrc_3_71766.jpeg;https:\/\/images.novelship.com\/product\/_women__ugg_ansley__charcoal_bow__1127850_chrc_4_71766.jpeg;https:\/\/images.novelship.com\/product\/_women__ugg_ansley__charcoal_bow__1127850_chrc_5_71767.jpeg","contentUrl":"https:\/\/images.novelship.com\/product\/_women__ugg_ansley__charcoal_bow__1127850_chrc_0_71766.jpeg;https:\/\/images.novelship.com\/product\/_women__ugg_ansley__charcoal_bow__1127850_chrc_1_71766.jpeg;https:\/\/images.novelship.com\/product\/_women__ugg_ansley__charcoal_bow__1127850_chrc_2_71766.jpeg;https:\/\/images.novelship.com\/product\/_women__ugg_ansley__charcoal_bow__1127850_chrc_3_71766.jpeg;https:\/\/images.novelship.com\/product\/_women__ugg_ansley__charcoal_bow__1127850_chrc_4_71766.jpeg;https:\/\/images.novelship.com\/product\/_women__ugg_ansley__charcoal_bow__1127850_chrc_5_71767.jpeg"},{"@type":"BreadcrumbList","@id":"https:\/\/tourcruiser.com\/de\/products\/women-ugg-ansley-plaid-bow-charcoal\/#breadcrumb","itemListElement":[{"@type":"ListItem","position":1,"name":"Home","item":"https:\/\/tourcruiser.com\/de\/"},{"@type":"ListItem","position":2,"name":"Shop","item":"https:\/\/tourcruiser.com\/de\/shop\/"},{"@type":"ListItem","position":3,"name":"(Women) UGG ANSLEY Plaid Bow 'Charcoal'"}]},{"@type":"WebSite","@id":"https:\/\/tourcruiser.com\/de\/#website","url":"https:\/\/tourcruiser.com\/de\/","name":"Styloral Jewelry Shop","description":"Tourcruiser Sneaker Store \u2014 der Ort, an dem das Universum deine Einzigartigkeit trifft.","publisher":{"@id":"https:\/\/tourcruiser.com\/de\/#organization"},"potentialAction":[{"@type":"SearchAction","target":{"@type":"EntryPoint","urlTemplate":"https:\/\/tourcruiser.com\/de\/?s={search_term_string}"},"query-input":{"@type":"PropertyValueSpecification","valueRequired":true,"valueName":"search_term_string"}}],"inLanguage":"de"},{"@type":"Organization","@id":"https:\/\/tourcruiser.com\/de\/#organization","name":"STYLORAL PTE. LTD","url":"https:\/\/tourcruiser.com\/de\/","logo":{"@type":"ImageObject","inLanguage":"de","@id":"https:\/\/tourcruiser.com\/de\/#\/schema\/logo\/image\/","url":"https:\/\/www.tourcruiser.com\/wp-content\/uploads\/2025\/12\/logo.png","contentUrl":"https:\/\/www.tourcruiser.com\/wp-content\/uploads\/2025\/12\/logo.png","width":200,"height":65,"caption":"STYLORAL PTE. LTD"},"image":{"@id":"https:\/\/tourcruiser.com\/de\/#\/schema\/logo\/image\/"}}]}},"_links":{"self":[{"href":"https:\/\/tourcruiser.com\/de\/wp-json\/wp\/v2\/product\/142472","targetHints":{"allow":["GET"]}}],"collection":[{"href":"https:\/\/tourcruiser.com\/de\/wp-json\/wp\/v2\/product"}],"about":[{"href":"https:\/\/tourcruiser.com\/de\/wp-json\/wp\/v2\/types\/product"}],"replies":[{"embeddable":true,"href":"https:\/\/tourcruiser.com\/de\/wp-json\/wp\/v2\/comments?post=142472"}],"wp:featuredmedia":[{"embeddable":true,"href":"https:\/\/tourcruiser.com\/de\/wp-json\/wp\/v2\/media\/142473"}],"wp:attachment":[{"href":"https:\/\/tourcruiser.com\/de\/wp-json\/wp\/v2\/media?parent=142472"}],"wp:term":[{"taxonomy":"product_brand","embeddable":true,"href":"https:\/\/tourcruiser.com\/de\/wp-json\/wp\/v2\/product_brand?post=142472"},{"taxonomy":"product_cat","embeddable":true,"href":"https:\/\/tourcruiser.com\/de\/wp-json\/wp\/v2\/product_cat?post=142472"},{"taxonomy":"product_tag","embeddable":true,"href":"https:\/\/tourcruiser.com\/de\/wp-json\/wp\/v2\/product_tag?post=142472"}],"curies":[{"name":"wp","href":"https:\/\/api.w.org\/{rel}","templated":true}]}}