{"id":141850,"date":"2026-03-02T15:38:01","date_gmt":"2026-03-02T08:38:01","guid":{"rendered":"http:\/\/tourcruiser.com\/product\/women-nike-vista-sandal-pink-oxford-rose-whisper-summit-white"},"modified":"2026-03-28T01:13:50","modified_gmt":"2026-03-27T18:13:50","slug":"women-nike-vista-sandal-pink-oxford-rose-whisper-summit-white","status":"publish","type":"product","link":"https:\/\/tourcruiser.com\/de\/products\/women-nike-vista-sandal-pink-oxford-rose-whisper-summit-white\/","title":{"rendered":"(Women) Nike Vista Sandal &#8218;Pink Oxford Rose Whisper Summit White&#8216;"},"content":{"rendered":"<p>Erleben Sie m\u00fchelosen Stil und Komfort mit der Nike Vista Sandale \u201ePink Oxford Rose Whisper Summit White\u201c (DJ6607-600). Die leuchtend pinken Riemen und die weiche Polsterung sorgen f\u00fcr einen umwerfenden Look und bieten gleichzeitig ganzt\u00e4gigen Tragekomfort. Dank der robusten Verarbeitung und des atmungsaktiven Designs ist sie perfekt f\u00fcr Abenteuer bei warmem Wetter geeignet \u201d\u201c egal ob Sie die Stadt erkunden oder am Strand die Sonne genie\u00dfen. Erleben Sie die perfekte Kombination aus Mode und Funktionalit\u00e4t mit dieser Must-have-Sandale f\u00fcr Damen.<\/p>\n<ul>\n<li><strong>Farbgebung:<\/strong> Pink Oxford\/Rose Whisper\/Summit White<\/li>\n<li><strong>Artikelnummer:<\/strong> DJ6607-600<\/li>\n<\/ul>\n","protected":false},"excerpt":{"rendered":"<p>Nike Vista Sandal \u201d\u201d Pink Oxford\/Rose Whisper\/Summit White<\/p>\n","protected":false},"featured_media":141851,"comment_status":"open","ping_status":"closed","template":"","meta":[],"product_brand":[],"product_cat":[10809],"product_tag":[10847,10864,10926,10754,10801,13289,10785,10786,10758],"class_list":{"0":"post-141850","1":"product","2":"type-product","3":"status-publish","4":"has-post-thumbnail","6":"product_cat-nike-women","7":"product_tag-best-finds-under-100","8":"product_tag-casual-sandals","9":"product_tag-gift-for-her","10":"product_tag-lifestyle-casual-shoes","11":"product_tag-nike","12":"product_tag-sports-sandals","13":"product_tag-trending-deals","14":"product_tag-trending-deals-under-150","15":"product_tag-under-retail","16":"wcpa_has_options","18":"first","19":"outofstock","20":"taxable","21":"shipping-taxable","22":"purchasable","23":"product-type-simple"},"wcpa_form_fields":{"rules":{"pric_overide_base_price":false,"pric_overide_base_price_if_gt_zero":false,"pric_overide_base_price_fully":false,"pric_cal_option_once":false,"pric_use_as_fee":false,"bind_quantity":false,"quantity_bind_formula":false},"fields":[{"type":"color-group","required":true,"elementId":"wcpa-color-group-66c4a75505e74","label":"Gr\u00f6\u00dfe - EU Gr\u00f6\u00dfe","inline":true,"priceOptions":"different_for_all","pricingType":"fixed","className":"hassizechart product-shoes-size-eu product-shoes-size","name":"color-group-66c4a75505e89","disp_type":"square","selection_type":"tick-border","disp_size":"44","show_label_inside":true,"adjust_width":true,"cart_display_type":"text","other_text":"Other","cl_rule":"show","col":6,"values":[{"label":"35.5","value":"EU 35.5","price":"","pimage":"","pimage_id":"","pthumb":"","color":""},{"label":"36","value":"EU 36","price":"","pimage":"","pimage_id":"","pthumb":"","color":"","selected":true},{"label":"36.5","value":"EU 36.5","price":"","pimage":"","pimage_id":"","pthumb":"","color":""},{"label":"37.5","value":"EU 37.5","price":"","pimage":"","pimage_id":"","pthumb":"","color":""},{"label":"38","value":"EU 38","price":"","pimage":"","pimage_id":"","pthumb":"","color":""},{"label":"38.5","value":"EU 38.5","price":"","pimage":"","pimage_id":"","pthumb":"","color":""},{"label":"39","value":"EU 39","price":"","pimage":"","pimage_id":"","pthumb":"","color":""},{"label":"40","value":"EU 40","price":"","pimage":"","pimage_id":"","pthumb":"","color":""},{"label":"40.5","value":"EU 40.5","price":"","pimage":"","pimage_id":"","pthumb":"","color":""},{"label":"41","value":"EU 41","price":"","pimage":"","pimage_id":"","pthumb":"","color":""},{"label":"42","value":"EU 42","price":"","pimage":"","pimage_id":"","pthumb":"","color":""},{"label":"42.5","value":"EU 42.5","price":"","pimage":"","pimage_id":"","pthumb":"","color":""},{"label":"43","value":"EU 43","price":"","pimage":"","pimage_id":"","pthumb":"","color":""},{"label":"44","value":"EU 44","price":"","pimage":"","pimage_id":"","pthumb":"","color":""},{"label":"44.5","value":"EU 44.5","price":"","pimage":"","pimage_id":"","pthumb":"","color":""},{"label":"45","value":"EU 45","price":"","pimage":"","pimage_id":"","pthumb":"","color":""},{"label":"45.5","value":"EU 45.5","price":"","pimage":"","pimage_id":"","pthumb":"","color":""},{"label":"46","value":"EU 46","price":"","pimage":"","pimage_id":"","pthumb":"","color":""},{"label":"47","value":"EU 47","price":"","pimage":"","pimage_id":"","pthumb":"","color":""},{"label":"47.5","value":"EU 47.5","price":"","pimage":"","pimage_id":"","pthumb":"","color":""},{"label":"48","value":"EU 48","price":"","pimage":"","pimage_id":"","pthumb":"","color":""}],"relations":[{"operator":false,"rules":[]}],"form_id":18106,"form_rules":{"pric_cal_option_once":false,"exclude_from_discount":false,"pric_use_as_fee":false,"fee_label":"Fee","render_after_acb":false,"disp_hide_options_price":false}}]},"yoast_head":"<!-- This site is optimized with the Yoast SEO plugin v26.5 - https:\/\/yoast.com\/wordpress\/plugins\/seo\/ -->\n<title>(Women) Nike Vista Sandal &#039;Pink Oxford Rose Whisper Summit White&#039;  - Tourcruiser PTE. LTD<\/title>\n<meta name=\"robots\" content=\"index, follow, max-snippet:-1, max-image-preview:large, max-video-preview:-1\" \/>\n<link rel=\"canonical\" href=\"https:\/\/tourcruiser.com\/\" \/>\n<meta property=\"og:locale\" content=\"de_DE\" \/>\n<meta property=\"og:type\" content=\"article\" \/>\n<meta property=\"og:title\" content=\"(Women) Nike Vista Sandal &#039;Pink Oxford Rose Whisper Summit White&#039;  - Tourcruiser PTE. LTD\" \/>\n<meta property=\"og:description\" content=\"Nike Vista Sandal \u201d\u201d Pink Oxford\/Rose Whisper\/Summit White\" \/>\n<meta property=\"og:url\" content=\"\/\" \/>\n<meta property=\"og:site_name\" content=\"Tourcruiser Sneaker Store\" \/>\n<meta property=\"article:modified_time\" content=\"2026-03-27T18:13:50+00:00\" \/>\n<meta name=\"twitter:card\" content=\"summary_large_image\" \/>\n<meta name=\"twitter:image\" content=\"https:\/\/images.novelship.com\/product\/_women__nike_vista_sandal__pink_oxford_rose_whispe_0_57719.jpeg;https:\/\/images.novelship.com\/product\/_women__nike_vista_sandal__pink_oxford_rose_whispe_1_57719.jpeg;https:\/\/images.novelship.com\/product\/_women__nike_vista_sandal__pink_oxford_rose_whispe_2_57719.jpeg;https:\/\/images.novelship.com\/product\/_women__nike_vista_sandal__pink_oxford_rose_whispe_3_57719.jpeg;https:\/\/images.novelship.com\/product\/_women__nike_vista_sandal__pink_oxford_rose_whispe_4_57719.jpeg\" \/>\n<script type=\"application\/ld+json\" class=\"yoast-schema-graph\">{\"@context\":\"https:\/\/schema.org\",\"@graph\":[{\"@type\":\"WebPage\",\"@id\":\"\/\",\"url\":\"https:\/\/tourcruiser.com\/\",\"name\":\"(Women) Nike Vista Sandal 'Pink Oxford Rose Whisper Summit White' - Tourcruiser PTE. LTD\",\"isPartOf\":{\"@id\":\"https:\/\/tourcruiser.com\/de\/#website\"},\"primaryImageOfPage\":{\"@id\":\"https:\/\/tourcruiser.com\/#primaryimage\"},\"image\":{\"@id\":\"https:\/\/tourcruiser.com\/#primaryimage\"},\"thumbnailUrl\":\"https:\/\/images.novelship.com\/product\/_women__nike_vista_sandal__pink_oxford_rose_whispe_0_57719.jpeg;https:\/\/images.novelship.com\/product\/_women__nike_vista_sandal__pink_oxford_rose_whispe_1_57719.jpeg;https:\/\/images.novelship.com\/product\/_women__nike_vista_sandal__pink_oxford_rose_whispe_2_57719.jpeg;https:\/\/images.novelship.com\/product\/_women__nike_vista_sandal__pink_oxford_rose_whispe_3_57719.jpeg;https:\/\/images.novelship.com\/product\/_women__nike_vista_sandal__pink_oxford_rose_whispe_4_57719.jpeg\",\"datePublished\":\"2026-03-02T08:38:01+00:00\",\"dateModified\":\"2026-03-27T18:13:50+00:00\",\"breadcrumb\":{\"@id\":\"https:\/\/tourcruiser.com\/#breadcrumb\"},\"inLanguage\":\"de\",\"potentialAction\":[{\"@type\":\"ReadAction\",\"target\":[\"https:\/\/tourcruiser.com\/\"]}]},{\"@type\":\"ImageObject\",\"inLanguage\":\"de\",\"@id\":\"https:\/\/tourcruiser.com\/#primaryimage\",\"url\":\"https:\/\/images.novelship.com\/product\/_women__nike_vista_sandal__pink_oxford_rose_whispe_0_57719.jpeg;https:\/\/images.novelship.com\/product\/_women__nike_vista_sandal__pink_oxford_rose_whispe_1_57719.jpeg;https:\/\/images.novelship.com\/product\/_women__nike_vista_sandal__pink_oxford_rose_whispe_2_57719.jpeg;https:\/\/images.novelship.com\/product\/_women__nike_vista_sandal__pink_oxford_rose_whispe_3_57719.jpeg;https:\/\/images.novelship.com\/product\/_women__nike_vista_sandal__pink_oxford_rose_whispe_4_57719.jpeg\",\"contentUrl\":\"https:\/\/images.novelship.com\/product\/_women__nike_vista_sandal__pink_oxford_rose_whispe_0_57719.jpeg;https:\/\/images.novelship.com\/product\/_women__nike_vista_sandal__pink_oxford_rose_whispe_1_57719.jpeg;https:\/\/images.novelship.com\/product\/_women__nike_vista_sandal__pink_oxford_rose_whispe_2_57719.jpeg;https:\/\/images.novelship.com\/product\/_women__nike_vista_sandal__pink_oxford_rose_whispe_3_57719.jpeg;https:\/\/images.novelship.com\/product\/_women__nike_vista_sandal__pink_oxford_rose_whispe_4_57719.jpeg\"},{\"@type\":\"BreadcrumbList\",\"@id\":\"https:\/\/tourcruiser.com\/#breadcrumb\",\"itemListElement\":[{\"@type\":\"ListItem\",\"position\":1,\"name\":\"Home\",\"item\":\"https:\/\/tourcruiser.com\/de\/\"},{\"@type\":\"ListItem\",\"position\":2,\"name\":\"Shop\",\"item\":\"https:\/\/tourcruiser.com\/de\/shop\/\"},{\"@type\":\"ListItem\",\"position\":3,\"name\":\"(Women) Nike Vista Sandal &#8218;Pink Oxford Rose Whisper Summit White&#8216;\"}]},{\"@type\":\"WebSite\",\"@id\":\"https:\/\/tourcruiser.com\/de\/#website\",\"url\":\"https:\/\/tourcruiser.com\/de\/\",\"name\":\"Styloral Jewelry Shop\",\"description\":\"Tourcruiser Sneaker Store \u2014 der Ort, an dem das Universum deine Einzigartigkeit trifft.\",\"publisher\":{\"@id\":\"https:\/\/tourcruiser.com\/de\/#organization\"},\"potentialAction\":[{\"@type\":\"SearchAction\",\"target\":{\"@type\":\"EntryPoint\",\"urlTemplate\":\"https:\/\/tourcruiser.com\/de\/?s={search_term_string}\"},\"query-input\":{\"@type\":\"PropertyValueSpecification\",\"valueRequired\":true,\"valueName\":\"search_term_string\"}}],\"inLanguage\":\"de\"},{\"@type\":\"Organization\",\"@id\":\"https:\/\/tourcruiser.com\/de\/#organization\",\"name\":\"STYLORAL PTE. LTD\",\"url\":\"https:\/\/tourcruiser.com\/de\/\",\"logo\":{\"@type\":\"ImageObject\",\"inLanguage\":\"de\",\"@id\":\"https:\/\/tourcruiser.com\/de\/#\/schema\/logo\/image\/\",\"url\":\"https:\/\/www.tourcruiser.com\/wp-content\/uploads\/2025\/12\/logo.png\",\"contentUrl\":\"https:\/\/www.tourcruiser.com\/wp-content\/uploads\/2025\/12\/logo.png\",\"width\":200,\"height\":65,\"caption\":\"STYLORAL PTE. LTD\"},\"image\":{\"@id\":\"https:\/\/tourcruiser.com\/de\/#\/schema\/logo\/image\/\"}}]}<\/script>\n<!-- \/ Yoast SEO plugin. -->","yoast_head_json":{"title":"(Women) Nike Vista Sandal 'Pink Oxford Rose Whisper Summit White'  - Tourcruiser PTE. LTD","robots":{"index":"index","follow":"follow","max-snippet":"max-snippet:-1","max-image-preview":"max-image-preview:large","max-video-preview":"max-video-preview:-1"},"canonical":"https:\/\/tourcruiser.com\/","og_locale":"de_DE","og_type":"article","og_title":"(Women) Nike Vista Sandal 'Pink Oxford Rose Whisper Summit White'  - Tourcruiser PTE. LTD","og_description":"Nike Vista Sandal \u201d\u201d Pink Oxford\/Rose Whisper\/Summit White","og_url":"\/","og_site_name":"Tourcruiser Sneaker Store","article_modified_time":"2026-03-27T18:13:50+00:00","twitter_card":"summary_large_image","twitter_image":"https:\/\/images.novelship.com\/product\/_women__nike_vista_sandal__pink_oxford_rose_whispe_0_57719.jpeg;https:\/\/images.novelship.com\/product\/_women__nike_vista_sandal__pink_oxford_rose_whispe_1_57719.jpeg;https:\/\/images.novelship.com\/product\/_women__nike_vista_sandal__pink_oxford_rose_whispe_2_57719.jpeg;https:\/\/images.novelship.com\/product\/_women__nike_vista_sandal__pink_oxford_rose_whispe_3_57719.jpeg;https:\/\/images.novelship.com\/product\/_women__nike_vista_sandal__pink_oxford_rose_whispe_4_57719.jpeg","schema":{"@context":"https:\/\/schema.org","@graph":[{"@type":"WebPage","@id":"\/","url":"https:\/\/tourcruiser.com\/","name":"(Women) Nike Vista Sandal 'Pink Oxford Rose Whisper Summit White' - Tourcruiser PTE. LTD","isPartOf":{"@id":"https:\/\/tourcruiser.com\/de\/#website"},"primaryImageOfPage":{"@id":"https:\/\/tourcruiser.com\/#primaryimage"},"image":{"@id":"https:\/\/tourcruiser.com\/#primaryimage"},"thumbnailUrl":"https:\/\/images.novelship.com\/product\/_women__nike_vista_sandal__pink_oxford_rose_whispe_0_57719.jpeg;https:\/\/images.novelship.com\/product\/_women__nike_vista_sandal__pink_oxford_rose_whispe_1_57719.jpeg;https:\/\/images.novelship.com\/product\/_women__nike_vista_sandal__pink_oxford_rose_whispe_2_57719.jpeg;https:\/\/images.novelship.com\/product\/_women__nike_vista_sandal__pink_oxford_rose_whispe_3_57719.jpeg;https:\/\/images.novelship.com\/product\/_women__nike_vista_sandal__pink_oxford_rose_whispe_4_57719.jpeg","datePublished":"2026-03-02T08:38:01+00:00","dateModified":"2026-03-27T18:13:50+00:00","breadcrumb":{"@id":"https:\/\/tourcruiser.com\/#breadcrumb"},"inLanguage":"de","potentialAction":[{"@type":"ReadAction","target":["https:\/\/tourcruiser.com\/"]}]},{"@type":"ImageObject","inLanguage":"de","@id":"https:\/\/tourcruiser.com\/#primaryimage","url":"https:\/\/images.novelship.com\/product\/_women__nike_vista_sandal__pink_oxford_rose_whispe_0_57719.jpeg;https:\/\/images.novelship.com\/product\/_women__nike_vista_sandal__pink_oxford_rose_whispe_1_57719.jpeg;https:\/\/images.novelship.com\/product\/_women__nike_vista_sandal__pink_oxford_rose_whispe_2_57719.jpeg;https:\/\/images.novelship.com\/product\/_women__nike_vista_sandal__pink_oxford_rose_whispe_3_57719.jpeg;https:\/\/images.novelship.com\/product\/_women__nike_vista_sandal__pink_oxford_rose_whispe_4_57719.jpeg","contentUrl":"https:\/\/images.novelship.com\/product\/_women__nike_vista_sandal__pink_oxford_rose_whispe_0_57719.jpeg;https:\/\/images.novelship.com\/product\/_women__nike_vista_sandal__pink_oxford_rose_whispe_1_57719.jpeg;https:\/\/images.novelship.com\/product\/_women__nike_vista_sandal__pink_oxford_rose_whispe_2_57719.jpeg;https:\/\/images.novelship.com\/product\/_women__nike_vista_sandal__pink_oxford_rose_whispe_3_57719.jpeg;https:\/\/images.novelship.com\/product\/_women__nike_vista_sandal__pink_oxford_rose_whispe_4_57719.jpeg"},{"@type":"BreadcrumbList","@id":"https:\/\/tourcruiser.com\/#breadcrumb","itemListElement":[{"@type":"ListItem","position":1,"name":"Home","item":"https:\/\/tourcruiser.com\/de\/"},{"@type":"ListItem","position":2,"name":"Shop","item":"https:\/\/tourcruiser.com\/de\/shop\/"},{"@type":"ListItem","position":3,"name":"(Women) Nike Vista Sandal &#8218;Pink Oxford Rose Whisper Summit White&#8216;"}]},{"@type":"WebSite","@id":"https:\/\/tourcruiser.com\/de\/#website","url":"https:\/\/tourcruiser.com\/de\/","name":"Styloral Jewelry Shop","description":"Tourcruiser Sneaker Store \u2014 der Ort, an dem das Universum deine Einzigartigkeit trifft.","publisher":{"@id":"https:\/\/tourcruiser.com\/de\/#organization"},"potentialAction":[{"@type":"SearchAction","target":{"@type":"EntryPoint","urlTemplate":"https:\/\/tourcruiser.com\/de\/?s={search_term_string}"},"query-input":{"@type":"PropertyValueSpecification","valueRequired":true,"valueName":"search_term_string"}}],"inLanguage":"de"},{"@type":"Organization","@id":"https:\/\/tourcruiser.com\/de\/#organization","name":"STYLORAL PTE. LTD","url":"https:\/\/tourcruiser.com\/de\/","logo":{"@type":"ImageObject","inLanguage":"de","@id":"https:\/\/tourcruiser.com\/de\/#\/schema\/logo\/image\/","url":"https:\/\/www.tourcruiser.com\/wp-content\/uploads\/2025\/12\/logo.png","contentUrl":"https:\/\/www.tourcruiser.com\/wp-content\/uploads\/2025\/12\/logo.png","width":200,"height":65,"caption":"STYLORAL PTE. LTD"},"image":{"@id":"https:\/\/tourcruiser.com\/de\/#\/schema\/logo\/image\/"}}]}},"_links":{"self":[{"href":"https:\/\/tourcruiser.com\/de\/wp-json\/wp\/v2\/product\/141850","targetHints":{"allow":["GET"]}}],"collection":[{"href":"https:\/\/tourcruiser.com\/de\/wp-json\/wp\/v2\/product"}],"about":[{"href":"https:\/\/tourcruiser.com\/de\/wp-json\/wp\/v2\/types\/product"}],"replies":[{"embeddable":true,"href":"https:\/\/tourcruiser.com\/de\/wp-json\/wp\/v2\/comments?post=141850"}],"wp:featuredmedia":[{"embeddable":true,"href":"https:\/\/tourcruiser.com\/de\/wp-json\/wp\/v2\/media\/141851"}],"wp:attachment":[{"href":"https:\/\/tourcruiser.com\/de\/wp-json\/wp\/v2\/media?parent=141850"}],"wp:term":[{"taxonomy":"product_brand","embeddable":true,"href":"https:\/\/tourcruiser.com\/de\/wp-json\/wp\/v2\/product_brand?post=141850"},{"taxonomy":"product_cat","embeddable":true,"href":"https:\/\/tourcruiser.com\/de\/wp-json\/wp\/v2\/product_cat?post=141850"},{"taxonomy":"product_tag","embeddable":true,"href":"https:\/\/tourcruiser.com\/de\/wp-json\/wp\/v2\/product_tag?post=141850"}],"curies":[{"name":"wp","href":"https:\/\/api.w.org\/{rel}","templated":true}]}}