{"id":141480,"date":"2026-03-02T15:37:29","date_gmt":"2026-03-02T08:37:29","guid":{"rendered":"http:\/\/tourcruiser.com\/product\/nike-court-borough-low-recraft"},"modified":"2026-03-28T01:13:36","modified_gmt":"2026-03-27T18:13:36","slug":"nike-court-borough-low-recraft","status":"publish","type":"product","link":"https:\/\/tourcruiser.com\/de\/products\/nike-court-borough-low-recraft\/","title":{"rendered":"Nike Court Borough Low Recraft"},"content":{"rendered":"<p>Mit dem Nike Court Borough Low Recraft DV5456-127 erlebst du zeitlosen Style und ganzt\u00e4gigen Tragekomfort. Dieser Sneaker vereint nahtlos Retro-Basketball-\u00c4sthetik mit moderner Funktionalit\u00e4t. Gefertigt aus hochwertigem Leder und mit durchdachten Details versehen, ist er ebenso strapazierf\u00e4hig wie ikonisch und bietet einen l\u00e4ssigen Streetstyle, der sich m\u00fchelos vom Court in die Stadt tragen l\u00e4sst. Das niedrige Profil sorgt f\u00fcr uneingeschr\u00e4nkte Bewegungsfreiheit, w\u00e4hrend der gepolsterte Schaftrand und die gepolsterte Innensohle bei jedem Schritt optimalen Halt und Komfort bieten. Das elegante wei\u00dfe Obermaterial mit dezenten Ton-in-Ton-Akzenten macht den Schuh vielseitig kombinierbar \u201d\u201c von l\u00e4ssig bis sportlich. Die Gummiau\u00dfensohle bietet hervorragende Traktion und Strapazierf\u00e4higkeit und ist somit die perfekte Wahl f\u00fcr jeden Tag. Egal, ob du ein Sneaker-Fan bist oder einfach nur deine Garderobe mit einem klassischen Statement-Piece aufwerten m\u00f6chtest: Der Nike Court Borough Low Recraft ist ein stylischer und zuverl\u00e4ssiger Begleiter f\u00fcr jeden Anlass.<\/p>\n<ul>\n<li><strong>Farbgebung:<\/strong> Sale\/Photon Dust\/Picante Red\/College Gray<\/li>\n<li><strong>Style-Code:<\/strong> DV5456-127<\/li>\n<li><strong>Farbe:<\/strong> Beige<\/li>\n<\/ul>\n","protected":false},"excerpt":{"rendered":"<p>Nike Court Borough Low Recraft \u201d\u201d Sale\/Photon Dust\/Picante Red\/College Gray<\/p>\n","protected":false},"featured_media":141481,"comment_status":"open","ping_status":"closed","template":"","meta":[],"product_brand":[],"product_cat":[10803],"product_tag":[10992],"class_list":{"0":"post-141480","1":"product","2":"type-product","3":"status-publish","4":"has-post-thumbnail","6":"product_cat-nike","7":"product_tag-small-100-usd","8":"wcpa_has_options","10":"first","11":"outofstock","12":"taxable","13":"shipping-taxable","14":"purchasable","15":"product-type-simple"},"wcpa_form_fields":{"rules":{"pric_overide_base_price":false,"pric_overide_base_price_if_gt_zero":false,"pric_overide_base_price_fully":false,"pric_cal_option_once":false,"pric_use_as_fee":false,"bind_quantity":false,"quantity_bind_formula":false},"fields":[{"type":"color-group","required":true,"elementId":"wcpa-color-group-66c4a75505e74","label":"Gr\u00f6\u00dfe - EU Gr\u00f6\u00dfe","inline":true,"priceOptions":"different_for_all","pricingType":"fixed","className":"hassizechart product-shoes-size-eu product-shoes-size","name":"color-group-66c4a75505e89","disp_type":"square","selection_type":"tick-border","disp_size":"44","show_label_inside":true,"adjust_width":true,"cart_display_type":"text","other_text":"Other","cl_rule":"show","col":6,"values":[{"label":"35.5","value":"EU 35.5","price":"","pimage":"","pimage_id":"","pthumb":"","color":""},{"label":"36","value":"EU 36","price":"","pimage":"","pimage_id":"","pthumb":"","color":"","selected":true},{"label":"36.5","value":"EU 36.5","price":"","pimage":"","pimage_id":"","pthumb":"","color":""},{"label":"37.5","value":"EU 37.5","price":"","pimage":"","pimage_id":"","pthumb":"","color":""},{"label":"38","value":"EU 38","price":"","pimage":"","pimage_id":"","pthumb":"","color":""},{"label":"38.5","value":"EU 38.5","price":"","pimage":"","pimage_id":"","pthumb":"","color":""},{"label":"39","value":"EU 39","price":"","pimage":"","pimage_id":"","pthumb":"","color":""},{"label":"40","value":"EU 40","price":"","pimage":"","pimage_id":"","pthumb":"","color":""},{"label":"40.5","value":"EU 40.5","price":"","pimage":"","pimage_id":"","pthumb":"","color":""},{"label":"41","value":"EU 41","price":"","pimage":"","pimage_id":"","pthumb":"","color":""},{"label":"42","value":"EU 42","price":"","pimage":"","pimage_id":"","pthumb":"","color":""},{"label":"42.5","value":"EU 42.5","price":"","pimage":"","pimage_id":"","pthumb":"","color":""},{"label":"43","value":"EU 43","price":"","pimage":"","pimage_id":"","pthumb":"","color":""},{"label":"44","value":"EU 44","price":"","pimage":"","pimage_id":"","pthumb":"","color":""},{"label":"44.5","value":"EU 44.5","price":"","pimage":"","pimage_id":"","pthumb":"","color":""},{"label":"45","value":"EU 45","price":"","pimage":"","pimage_id":"","pthumb":"","color":""},{"label":"45.5","value":"EU 45.5","price":"","pimage":"","pimage_id":"","pthumb":"","color":""},{"label":"46","value":"EU 46","price":"","pimage":"","pimage_id":"","pthumb":"","color":""},{"label":"47","value":"EU 47","price":"","pimage":"","pimage_id":"","pthumb":"","color":""},{"label":"47.5","value":"EU 47.5","price":"","pimage":"","pimage_id":"","pthumb":"","color":""},{"label":"48","value":"EU 48","price":"","pimage":"","pimage_id":"","pthumb":"","color":""}],"relations":[{"operator":false,"rules":[]}],"form_id":18106,"form_rules":{"pric_cal_option_once":false,"exclude_from_discount":false,"pric_use_as_fee":false,"fee_label":"Fee","render_after_acb":false,"disp_hide_options_price":false}}]},"yoast_head":"<!-- This site is optimized with the Yoast SEO plugin v26.5 - https:\/\/yoast.com\/wordpress\/plugins\/seo\/ -->\n<title>Nike Court Borough Low Recraft  - Tourcruiser PTE. LTD<\/title>\n<meta name=\"robots\" content=\"index, follow, max-snippet:-1, max-image-preview:large, max-video-preview:-1\" \/>\n<link rel=\"canonical\" href=\"https:\/\/tourcruiser.com\/de\/products\/nike-court-borough-low-recraft\/\" \/>\n<meta property=\"og:locale\" content=\"de_DE\" \/>\n<meta property=\"og:type\" content=\"article\" \/>\n<meta property=\"og:title\" content=\"Nike Court Borough Low Recraft  - Tourcruiser PTE. LTD\" \/>\n<meta property=\"og:description\" content=\"Nike Court Borough Low Recraft \u201d\u201d Sale\/Photon Dust\/Picante Red\/College Gray\" \/>\n<meta property=\"og:url\" content=\"https:\/\/tourcruiser.com\/de\/products\/nike-court-borough-low-recraft\/\" \/>\n<meta property=\"og:site_name\" content=\"Tourcruiser Sneaker Store\" \/>\n<meta property=\"article:modified_time\" content=\"2026-03-27T18:13:36+00:00\" \/>\n<meta name=\"twitter:card\" content=\"summary_large_image\" \/>\n<meta name=\"twitter:image\" content=\"https:\/\/images.novelship.com\/product\/nike_court_borough_low_recraft_dv5456-127_0_61330.png;https:\/\/images.novelship.com\/product\/nike_court_borough_low_recraft_dv5456-127_1_61330.mp4;https:\/\/images.novelship.com\/product\/nike_court_borough_low_recraft_dv5456-127_2_61330.jpeg;https:\/\/images.novelship.com\/product\/nike_court_borough_low_recraft_dv5456-127_3_61330.png;https:\/\/images.novelship.com\/product\/nike_court_borough_low_recraft_dv5456-127_4_61330.png;https:\/\/images.novelship.com\/product\/nike_court_borough_low_recraft_dv5456-127_5_61330.png;https:\/\/images.novelship.com\/product\/nike_court_borough_low_recraft_dv5456-127_6_61330.png;https:\/\/images.novelship.com\/product\/nike_court_borough_low_recraft_dv5456-127_7_61330.png;https:\/\/images.novelship.com\/product\/nike_court_borough_low_recraft_dv5456-127_8_61330.png;https:\/\/images.novelship.com\/product\/nike_court_borough_low_recraft_dv5456-127_9_61330.png\" \/>\n<meta name=\"twitter:label1\" content=\"Gesch\u00e4tzte Lesezeit\" \/>\n\t<meta name=\"twitter:data1\" content=\"1\u00a0Minute\" \/>\n<script type=\"application\/ld+json\" class=\"yoast-schema-graph\">{\"@context\":\"https:\/\/schema.org\",\"@graph\":[{\"@type\":\"WebPage\",\"@id\":\"https:\/\/tourcruiser.com\/de\/products\/nike-court-borough-low-recraft\/\",\"url\":\"https:\/\/tourcruiser.com\/de\/products\/nike-court-borough-low-recraft\/\",\"name\":\"Nike Court Borough Low Recraft - Tourcruiser PTE. LTD\",\"isPartOf\":{\"@id\":\"https:\/\/tourcruiser.com\/de\/#website\"},\"primaryImageOfPage\":{\"@id\":\"https:\/\/tourcruiser.com\/de\/products\/nike-court-borough-low-recraft\/#primaryimage\"},\"image\":{\"@id\":\"https:\/\/tourcruiser.com\/de\/products\/nike-court-borough-low-recraft\/#primaryimage\"},\"thumbnailUrl\":\"https:\/\/images.novelship.com\/product\/nike_court_borough_low_recraft_dv5456-127_0_61330.png;https:\/\/images.novelship.com\/product\/nike_court_borough_low_recraft_dv5456-127_1_61330.mp4;https:\/\/images.novelship.com\/product\/nike_court_borough_low_recraft_dv5456-127_2_61330.jpeg;https:\/\/images.novelship.com\/product\/nike_court_borough_low_recraft_dv5456-127_3_61330.png;https:\/\/images.novelship.com\/product\/nike_court_borough_low_recraft_dv5456-127_4_61330.png;https:\/\/images.novelship.com\/product\/nike_court_borough_low_recraft_dv5456-127_5_61330.png;https:\/\/images.novelship.com\/product\/nike_court_borough_low_recraft_dv5456-127_6_61330.png;https:\/\/images.novelship.com\/product\/nike_court_borough_low_recraft_dv5456-127_7_61330.png;https:\/\/images.novelship.com\/product\/nike_court_borough_low_recraft_dv5456-127_8_61330.png;https:\/\/images.novelship.com\/product\/nike_court_borough_low_recraft_dv5456-127_9_61330.png\",\"datePublished\":\"2026-03-02T08:37:29+00:00\",\"dateModified\":\"2026-03-27T18:13:36+00:00\",\"breadcrumb\":{\"@id\":\"https:\/\/tourcruiser.com\/de\/products\/nike-court-borough-low-recraft\/#breadcrumb\"},\"inLanguage\":\"de\",\"potentialAction\":[{\"@type\":\"ReadAction\",\"target\":[\"https:\/\/tourcruiser.com\/de\/products\/nike-court-borough-low-recraft\/\"]}]},{\"@type\":\"ImageObject\",\"inLanguage\":\"de\",\"@id\":\"https:\/\/tourcruiser.com\/de\/products\/nike-court-borough-low-recraft\/#primaryimage\",\"url\":\"https:\/\/images.novelship.com\/product\/nike_court_borough_low_recraft_dv5456-127_0_61330.png;https:\/\/images.novelship.com\/product\/nike_court_borough_low_recraft_dv5456-127_1_61330.mp4;https:\/\/images.novelship.com\/product\/nike_court_borough_low_recraft_dv5456-127_2_61330.jpeg;https:\/\/images.novelship.com\/product\/nike_court_borough_low_recraft_dv5456-127_3_61330.png;https:\/\/images.novelship.com\/product\/nike_court_borough_low_recraft_dv5456-127_4_61330.png;https:\/\/images.novelship.com\/product\/nike_court_borough_low_recraft_dv5456-127_5_61330.png;https:\/\/images.novelship.com\/product\/nike_court_borough_low_recraft_dv5456-127_6_61330.png;https:\/\/images.novelship.com\/product\/nike_court_borough_low_recraft_dv5456-127_7_61330.png;https:\/\/images.novelship.com\/product\/nike_court_borough_low_recraft_dv5456-127_8_61330.png;https:\/\/images.novelship.com\/product\/nike_court_borough_low_recraft_dv5456-127_9_61330.png\",\"contentUrl\":\"https:\/\/images.novelship.com\/product\/nike_court_borough_low_recraft_dv5456-127_0_61330.png;https:\/\/images.novelship.com\/product\/nike_court_borough_low_recraft_dv5456-127_1_61330.mp4;https:\/\/images.novelship.com\/product\/nike_court_borough_low_recraft_dv5456-127_2_61330.jpeg;https:\/\/images.novelship.com\/product\/nike_court_borough_low_recraft_dv5456-127_3_61330.png;https:\/\/images.novelship.com\/product\/nike_court_borough_low_recraft_dv5456-127_4_61330.png;https:\/\/images.novelship.com\/product\/nike_court_borough_low_recraft_dv5456-127_5_61330.png;https:\/\/images.novelship.com\/product\/nike_court_borough_low_recraft_dv5456-127_6_61330.png;https:\/\/images.novelship.com\/product\/nike_court_borough_low_recraft_dv5456-127_7_61330.png;https:\/\/images.novelship.com\/product\/nike_court_borough_low_recraft_dv5456-127_8_61330.png;https:\/\/images.novelship.com\/product\/nike_court_borough_low_recraft_dv5456-127_9_61330.png\"},{\"@type\":\"BreadcrumbList\",\"@id\":\"https:\/\/tourcruiser.com\/de\/products\/nike-court-borough-low-recraft\/#breadcrumb\",\"itemListElement\":[{\"@type\":\"ListItem\",\"position\":1,\"name\":\"Home\",\"item\":\"https:\/\/tourcruiser.com\/de\/\"},{\"@type\":\"ListItem\",\"position\":2,\"name\":\"Shop\",\"item\":\"https:\/\/tourcruiser.com\/de\/shop\/\"},{\"@type\":\"ListItem\",\"position\":3,\"name\":\"Nike Court Borough Low Recraft\"}]},{\"@type\":\"WebSite\",\"@id\":\"https:\/\/tourcruiser.com\/de\/#website\",\"url\":\"https:\/\/tourcruiser.com\/de\/\",\"name\":\"Styloral Jewelry Shop\",\"description\":\"Tourcruiser Sneaker Store \u2014 der Ort, an dem das Universum deine Einzigartigkeit trifft.\",\"publisher\":{\"@id\":\"https:\/\/tourcruiser.com\/de\/#organization\"},\"potentialAction\":[{\"@type\":\"SearchAction\",\"target\":{\"@type\":\"EntryPoint\",\"urlTemplate\":\"https:\/\/tourcruiser.com\/de\/?s={search_term_string}\"},\"query-input\":{\"@type\":\"PropertyValueSpecification\",\"valueRequired\":true,\"valueName\":\"search_term_string\"}}],\"inLanguage\":\"de\"},{\"@type\":\"Organization\",\"@id\":\"https:\/\/tourcruiser.com\/de\/#organization\",\"name\":\"STYLORAL PTE. LTD\",\"url\":\"https:\/\/tourcruiser.com\/de\/\",\"logo\":{\"@type\":\"ImageObject\",\"inLanguage\":\"de\",\"@id\":\"https:\/\/tourcruiser.com\/de\/#\/schema\/logo\/image\/\",\"url\":\"https:\/\/www.tourcruiser.com\/wp-content\/uploads\/2025\/12\/logo.png\",\"contentUrl\":\"https:\/\/www.tourcruiser.com\/wp-content\/uploads\/2025\/12\/logo.png\",\"width\":200,\"height\":65,\"caption\":\"STYLORAL PTE. LTD\"},\"image\":{\"@id\":\"https:\/\/tourcruiser.com\/de\/#\/schema\/logo\/image\/\"}}]}<\/script>\n<!-- \/ Yoast SEO plugin. -->","yoast_head_json":{"title":"Nike Court Borough Low Recraft  - Tourcruiser PTE. LTD","robots":{"index":"index","follow":"follow","max-snippet":"max-snippet:-1","max-image-preview":"max-image-preview:large","max-video-preview":"max-video-preview:-1"},"canonical":"https:\/\/tourcruiser.com\/de\/products\/nike-court-borough-low-recraft\/","og_locale":"de_DE","og_type":"article","og_title":"Nike Court Borough Low Recraft  - Tourcruiser PTE. LTD","og_description":"Nike Court Borough Low Recraft \u201d\u201d Sale\/Photon Dust\/Picante Red\/College Gray","og_url":"https:\/\/tourcruiser.com\/de\/products\/nike-court-borough-low-recraft\/","og_site_name":"Tourcruiser Sneaker Store","article_modified_time":"2026-03-27T18:13:36+00:00","twitter_card":"summary_large_image","twitter_image":"https:\/\/images.novelship.com\/product\/nike_court_borough_low_recraft_dv5456-127_0_61330.png;https:\/\/images.novelship.com\/product\/nike_court_borough_low_recraft_dv5456-127_1_61330.mp4;https:\/\/images.novelship.com\/product\/nike_court_borough_low_recraft_dv5456-127_2_61330.jpeg;https:\/\/images.novelship.com\/product\/nike_court_borough_low_recraft_dv5456-127_3_61330.png;https:\/\/images.novelship.com\/product\/nike_court_borough_low_recraft_dv5456-127_4_61330.png;https:\/\/images.novelship.com\/product\/nike_court_borough_low_recraft_dv5456-127_5_61330.png;https:\/\/images.novelship.com\/product\/nike_court_borough_low_recraft_dv5456-127_6_61330.png;https:\/\/images.novelship.com\/product\/nike_court_borough_low_recraft_dv5456-127_7_61330.png;https:\/\/images.novelship.com\/product\/nike_court_borough_low_recraft_dv5456-127_8_61330.png;https:\/\/images.novelship.com\/product\/nike_court_borough_low_recraft_dv5456-127_9_61330.png","twitter_misc":{"Gesch\u00e4tzte Lesezeit":"1\u00a0Minute"},"schema":{"@context":"https:\/\/schema.org","@graph":[{"@type":"WebPage","@id":"https:\/\/tourcruiser.com\/de\/products\/nike-court-borough-low-recraft\/","url":"https:\/\/tourcruiser.com\/de\/products\/nike-court-borough-low-recraft\/","name":"Nike Court Borough Low Recraft - Tourcruiser PTE. LTD","isPartOf":{"@id":"https:\/\/tourcruiser.com\/de\/#website"},"primaryImageOfPage":{"@id":"https:\/\/tourcruiser.com\/de\/products\/nike-court-borough-low-recraft\/#primaryimage"},"image":{"@id":"https:\/\/tourcruiser.com\/de\/products\/nike-court-borough-low-recraft\/#primaryimage"},"thumbnailUrl":"https:\/\/images.novelship.com\/product\/nike_court_borough_low_recraft_dv5456-127_0_61330.png;https:\/\/images.novelship.com\/product\/nike_court_borough_low_recraft_dv5456-127_1_61330.mp4;https:\/\/images.novelship.com\/product\/nike_court_borough_low_recraft_dv5456-127_2_61330.jpeg;https:\/\/images.novelship.com\/product\/nike_court_borough_low_recraft_dv5456-127_3_61330.png;https:\/\/images.novelship.com\/product\/nike_court_borough_low_recraft_dv5456-127_4_61330.png;https:\/\/images.novelship.com\/product\/nike_court_borough_low_recraft_dv5456-127_5_61330.png;https:\/\/images.novelship.com\/product\/nike_court_borough_low_recraft_dv5456-127_6_61330.png;https:\/\/images.novelship.com\/product\/nike_court_borough_low_recraft_dv5456-127_7_61330.png;https:\/\/images.novelship.com\/product\/nike_court_borough_low_recraft_dv5456-127_8_61330.png;https:\/\/images.novelship.com\/product\/nike_court_borough_low_recraft_dv5456-127_9_61330.png","datePublished":"2026-03-02T08:37:29+00:00","dateModified":"2026-03-27T18:13:36+00:00","breadcrumb":{"@id":"https:\/\/tourcruiser.com\/de\/products\/nike-court-borough-low-recraft\/#breadcrumb"},"inLanguage":"de","potentialAction":[{"@type":"ReadAction","target":["https:\/\/tourcruiser.com\/de\/products\/nike-court-borough-low-recraft\/"]}]},{"@type":"ImageObject","inLanguage":"de","@id":"https:\/\/tourcruiser.com\/de\/products\/nike-court-borough-low-recraft\/#primaryimage","url":"https:\/\/images.novelship.com\/product\/nike_court_borough_low_recraft_dv5456-127_0_61330.png;https:\/\/images.novelship.com\/product\/nike_court_borough_low_recraft_dv5456-127_1_61330.mp4;https:\/\/images.novelship.com\/product\/nike_court_borough_low_recraft_dv5456-127_2_61330.jpeg;https:\/\/images.novelship.com\/product\/nike_court_borough_low_recraft_dv5456-127_3_61330.png;https:\/\/images.novelship.com\/product\/nike_court_borough_low_recraft_dv5456-127_4_61330.png;https:\/\/images.novelship.com\/product\/nike_court_borough_low_recraft_dv5456-127_5_61330.png;https:\/\/images.novelship.com\/product\/nike_court_borough_low_recraft_dv5456-127_6_61330.png;https:\/\/images.novelship.com\/product\/nike_court_borough_low_recraft_dv5456-127_7_61330.png;https:\/\/images.novelship.com\/product\/nike_court_borough_low_recraft_dv5456-127_8_61330.png;https:\/\/images.novelship.com\/product\/nike_court_borough_low_recraft_dv5456-127_9_61330.png","contentUrl":"https:\/\/images.novelship.com\/product\/nike_court_borough_low_recraft_dv5456-127_0_61330.png;https:\/\/images.novelship.com\/product\/nike_court_borough_low_recraft_dv5456-127_1_61330.mp4;https:\/\/images.novelship.com\/product\/nike_court_borough_low_recraft_dv5456-127_2_61330.jpeg;https:\/\/images.novelship.com\/product\/nike_court_borough_low_recraft_dv5456-127_3_61330.png;https:\/\/images.novelship.com\/product\/nike_court_borough_low_recraft_dv5456-127_4_61330.png;https:\/\/images.novelship.com\/product\/nike_court_borough_low_recraft_dv5456-127_5_61330.png;https:\/\/images.novelship.com\/product\/nike_court_borough_low_recraft_dv5456-127_6_61330.png;https:\/\/images.novelship.com\/product\/nike_court_borough_low_recraft_dv5456-127_7_61330.png;https:\/\/images.novelship.com\/product\/nike_court_borough_low_recraft_dv5456-127_8_61330.png;https:\/\/images.novelship.com\/product\/nike_court_borough_low_recraft_dv5456-127_9_61330.png"},{"@type":"BreadcrumbList","@id":"https:\/\/tourcruiser.com\/de\/products\/nike-court-borough-low-recraft\/#breadcrumb","itemListElement":[{"@type":"ListItem","position":1,"name":"Home","item":"https:\/\/tourcruiser.com\/de\/"},{"@type":"ListItem","position":2,"name":"Shop","item":"https:\/\/tourcruiser.com\/de\/shop\/"},{"@type":"ListItem","position":3,"name":"Nike Court Borough Low Recraft"}]},{"@type":"WebSite","@id":"https:\/\/tourcruiser.com\/de\/#website","url":"https:\/\/tourcruiser.com\/de\/","name":"Styloral Jewelry Shop","description":"Tourcruiser Sneaker Store \u2014 der Ort, an dem das Universum deine Einzigartigkeit trifft.","publisher":{"@id":"https:\/\/tourcruiser.com\/de\/#organization"},"potentialAction":[{"@type":"SearchAction","target":{"@type":"EntryPoint","urlTemplate":"https:\/\/tourcruiser.com\/de\/?s={search_term_string}"},"query-input":{"@type":"PropertyValueSpecification","valueRequired":true,"valueName":"search_term_string"}}],"inLanguage":"de"},{"@type":"Organization","@id":"https:\/\/tourcruiser.com\/de\/#organization","name":"STYLORAL PTE. LTD","url":"https:\/\/tourcruiser.com\/de\/","logo":{"@type":"ImageObject","inLanguage":"de","@id":"https:\/\/tourcruiser.com\/de\/#\/schema\/logo\/image\/","url":"https:\/\/www.tourcruiser.com\/wp-content\/uploads\/2025\/12\/logo.png","contentUrl":"https:\/\/www.tourcruiser.com\/wp-content\/uploads\/2025\/12\/logo.png","width":200,"height":65,"caption":"STYLORAL PTE. LTD"},"image":{"@id":"https:\/\/tourcruiser.com\/de\/#\/schema\/logo\/image\/"}}]}},"_links":{"self":[{"href":"https:\/\/tourcruiser.com\/de\/wp-json\/wp\/v2\/product\/141480","targetHints":{"allow":["GET"]}}],"collection":[{"href":"https:\/\/tourcruiser.com\/de\/wp-json\/wp\/v2\/product"}],"about":[{"href":"https:\/\/tourcruiser.com\/de\/wp-json\/wp\/v2\/types\/product"}],"replies":[{"embeddable":true,"href":"https:\/\/tourcruiser.com\/de\/wp-json\/wp\/v2\/comments?post=141480"}],"wp:featuredmedia":[{"embeddable":true,"href":"https:\/\/tourcruiser.com\/de\/wp-json\/wp\/v2\/media\/141481"}],"wp:attachment":[{"href":"https:\/\/tourcruiser.com\/de\/wp-json\/wp\/v2\/media?parent=141480"}],"wp:term":[{"taxonomy":"product_brand","embeddable":true,"href":"https:\/\/tourcruiser.com\/de\/wp-json\/wp\/v2\/product_brand?post=141480"},{"taxonomy":"product_cat","embeddable":true,"href":"https:\/\/tourcruiser.com\/de\/wp-json\/wp\/v2\/product_cat?post=141480"},{"taxonomy":"product_tag","embeddable":true,"href":"https:\/\/tourcruiser.com\/de\/wp-json\/wp\/v2\/product_tag?post=141480"}],"curies":[{"name":"wp","href":"https:\/\/api.w.org\/{rel}","templated":true}]}}