{"id":141235,"date":"2026-03-02T15:37:08","date_gmt":"2026-03-02T08:37:08","guid":{"rendered":"http:\/\/tourcruiser.com\/product\/nike-book-1-ep-halloween-black-white-clay"},"modified":"2026-03-28T01:13:27","modified_gmt":"2026-03-27T18:13:27","slug":"nike-book-1-ep-halloween-black-white-clay","status":"publish","type":"product","link":"https:\/\/tourcruiser.com\/de\/products\/nike-book-1-ep-halloween-black-white-clay\/","title":{"rendered":"Nike Book 1 EP \u201d\u02dcHalloween\u201d\u2122 &#8218;Black White Clay&#8216;"},"content":{"rendered":"<p>Erlebe die au\u00dfergew\u00f6hnliche Kombination aus Style und Performance des Nike Book 1 EP &#8218;Halloween&#8216; in Schwarz, Wei\u00df und Ton \u201d\u201c ein Schuh, der Sneaker-Fans und Sportler gleicherma\u00dfen begeistert. Als echtes Statement-Piece vereint diese limitierte Edition hochwertige Materialien mit einer markanten \u00c4sthetik und f\u00e4ngt so den verspielten und gleichzeitig mutigen Geist von Halloween perfekt ein. Das schwarze Obermaterial wird durch kontrastierende wei\u00dfe Details und erdige Tont\u00f6ne akzentuiert und ergibt eine vielseitige Farbgebung, die sich m\u00fchelos vom Streetstyle bis zum l\u00e4ssigen Freizeitlook tragen l\u00e4sst. Der Schuh bietet fortschrittliche D\u00e4mpfung und hervorragende Traktion f\u00fcr optimalen Tragekomfort bei jeder Aktivit\u00e4t \u201d\u201c egal ob auf dem Court, im Alltag oder beim Vervollst\u00e4ndigen deiner Sneaker-Sammlung.<\/p>\n<p>Die elegante Silhouette unterstreicht Nikes Anspruch, Funktion und Mode zu vereinen und verleiht dem Schuh einen einzigartigen, modernen Touch, ohne dabei die klassische Sneaker-Kultur zu vernachl\u00e4ssigen. Der Nike Book 1 EP &#8218;Halloween&#8216; ist der perfekte Begleiter f\u00fcr Halloween und dar\u00fcber hinaus. Er besticht durch zeitlosen Charme und au\u00dfergew\u00f6hnliche Vielseitigkeit und wertet jede Garderobe auf. Ideal f\u00fcr Sammler oder alle, die einen leistungsstarken Schuh mit saisonalem Flair suchen: Dieses exklusive Design verk\u00f6rpert Nikes Leidenschaft, Grenzen zu \u00fcberschreiten und Trends zu setzen. Sichere dir dieses Modell und definiere deinen Sneaker-Style neu \u201d\u201c mit einem Look, der l\u00e4ssigen Charme mit dynamischer Energie vereint.<\/p>\n<ul>\n<li><strong>Farbgebung:<\/strong> Schwarz\/Wei\u00df\/Tonorange<\/li>\n<li><strong>Style-Code:<\/strong> FJ4250-003<\/li>\n<li><strong>Obermaterial:<\/strong> Wildleder<\/li>\n<li><strong>Mittelsohle:<\/strong> Zoom Air<\/li>\n<li><strong>Farbe:<\/strong> Schwarz<\/li>\n<li><strong>Designer:<\/strong> Benjamin Nethongkome<\/li>\n<\/ul>\n","protected":false},"excerpt":{"rendered":"<p>Nike Book 1 EP \u201d\u201d Black\/White\/Clay Orange<\/p>\n","protected":false},"featured_media":141236,"comment_status":"open","ping_status":"closed","template":"","meta":[],"product_brand":[],"product_cat":[10803],"product_tag":[10800,10801,10802,10758],"class_list":{"0":"post-141235","1":"product","2":"type-product","3":"status-publish","4":"has-post-thumbnail","6":"product_cat-nike","7":"product_tag-basketball-shoes","8":"product_tag-nike","9":"product_tag-performance-sport-shoes","10":"product_tag-under-retail","11":"wcpa_has_options","13":"first","14":"outofstock","15":"taxable","16":"shipping-taxable","17":"purchasable","18":"product-type-simple"},"wcpa_form_fields":{"rules":{"pric_overide_base_price":false,"pric_overide_base_price_if_gt_zero":false,"pric_overide_base_price_fully":false,"pric_cal_option_once":false,"pric_use_as_fee":false,"bind_quantity":false,"quantity_bind_formula":false},"fields":[{"type":"color-group","required":true,"elementId":"wcpa-color-group-66c4a75505e74","label":"Gr\u00f6\u00dfe - EU Gr\u00f6\u00dfe","inline":true,"priceOptions":"different_for_all","pricingType":"fixed","className":"hassizechart product-shoes-size-eu product-shoes-size","name":"color-group-66c4a75505e89","disp_type":"square","selection_type":"tick-border","disp_size":"44","show_label_inside":true,"adjust_width":true,"cart_display_type":"text","other_text":"Other","cl_rule":"show","col":6,"values":[{"label":"35.5","value":"EU 35.5","price":"","pimage":"","pimage_id":"","pthumb":"","color":""},{"label":"36","value":"EU 36","price":"","pimage":"","pimage_id":"","pthumb":"","color":"","selected":true},{"label":"36.5","value":"EU 36.5","price":"","pimage":"","pimage_id":"","pthumb":"","color":""},{"label":"37.5","value":"EU 37.5","price":"","pimage":"","pimage_id":"","pthumb":"","color":""},{"label":"38","value":"EU 38","price":"","pimage":"","pimage_id":"","pthumb":"","color":""},{"label":"38.5","value":"EU 38.5","price":"","pimage":"","pimage_id":"","pthumb":"","color":""},{"label":"39","value":"EU 39","price":"","pimage":"","pimage_id":"","pthumb":"","color":""},{"label":"40","value":"EU 40","price":"","pimage":"","pimage_id":"","pthumb":"","color":""},{"label":"40.5","value":"EU 40.5","price":"","pimage":"","pimage_id":"","pthumb":"","color":""},{"label":"41","value":"EU 41","price":"","pimage":"","pimage_id":"","pthumb":"","color":""},{"label":"42","value":"EU 42","price":"","pimage":"","pimage_id":"","pthumb":"","color":""},{"label":"42.5","value":"EU 42.5","price":"","pimage":"","pimage_id":"","pthumb":"","color":""},{"label":"43","value":"EU 43","price":"","pimage":"","pimage_id":"","pthumb":"","color":""},{"label":"44","value":"EU 44","price":"","pimage":"","pimage_id":"","pthumb":"","color":""},{"label":"44.5","value":"EU 44.5","price":"","pimage":"","pimage_id":"","pthumb":"","color":""},{"label":"45","value":"EU 45","price":"","pimage":"","pimage_id":"","pthumb":"","color":""},{"label":"45.5","value":"EU 45.5","price":"","pimage":"","pimage_id":"","pthumb":"","color":""},{"label":"46","value":"EU 46","price":"","pimage":"","pimage_id":"","pthumb":"","color":""},{"label":"47","value":"EU 47","price":"","pimage":"","pimage_id":"","pthumb":"","color":""},{"label":"47.5","value":"EU 47.5","price":"","pimage":"","pimage_id":"","pthumb":"","color":""},{"label":"48","value":"EU 48","price":"","pimage":"","pimage_id":"","pthumb":"","color":""}],"relations":[{"operator":false,"rules":[]}],"form_id":18106,"form_rules":{"pric_cal_option_once":false,"exclude_from_discount":false,"pric_use_as_fee":false,"fee_label":"Fee","render_after_acb":false,"disp_hide_options_price":false}}]},"yoast_head":"<!-- This site is optimized with the Yoast SEO plugin v26.5 - https:\/\/yoast.com\/wordpress\/plugins\/seo\/ -->\n<title>Nike Book 1 EP \u201d\u02dcHalloween\u201d\u2122 &#039;Black White Clay&#039;  - Tourcruiser PTE. LTD<\/title>\n<meta name=\"robots\" content=\"index, follow, max-snippet:-1, max-image-preview:large, max-video-preview:-1\" \/>\n<link rel=\"canonical\" href=\"https:\/\/tourcruiser.com\/de\/products\/nike-book-1-ep-halloween-black-white-clay\/\" \/>\n<meta property=\"og:locale\" content=\"de_DE\" \/>\n<meta property=\"og:type\" content=\"article\" \/>\n<meta property=\"og:title\" content=\"Nike Book 1 EP \u201d\u02dcHalloween\u201d\u2122 &#039;Black White Clay&#039;  - Tourcruiser PTE. LTD\" \/>\n<meta property=\"og:description\" content=\"Nike Book 1 EP \u201d\u201d Black\/White\/Clay Orange\" \/>\n<meta property=\"og:url\" content=\"https:\/\/tourcruiser.com\/de\/products\/nike-book-1-ep-halloween-black-white-clay\/\" \/>\n<meta property=\"og:site_name\" content=\"Tourcruiser Sneaker Store\" \/>\n<meta property=\"article:modified_time\" content=\"2026-03-27T18:13:27+00:00\" \/>\n<meta name=\"twitter:card\" content=\"summary_large_image\" \/>\n<meta name=\"twitter:image\" content=\"https:\/\/images.novelship.com\/product\/nike_book_1_ep__halloween___black_white_clay__fj42_0_91401.jpeg;https:\/\/images.novelship.com\/product\/nike_book_1_ep__halloween___black_white_clay__fj42_1_91401.jpeg;https:\/\/images.novelship.com\/product\/nike_book_1_ep__halloween___black_white_clay__fj42_2_91401.jpeg;https:\/\/images.novelship.com\/product\/nike_book_1_ep__halloween___black_white_clay__fj42_3_91401.jpeg;https:\/\/images.novelship.com\/product\/nike_book_1_ep__halloween___black_white_clay__fj42_4_91401.jpeg;https:\/\/images.novelship.com\/product\/nike_book_1_ep__halloween___black_white_clay__fj42_5_91401.jpeg;https:\/\/images.novelship.com\/product\/nike_book_1_ep__halloween___black_white_clay__fj42_6_91401.jpeg;https:\/\/images.novelship.com\/product\/nike_book_1_ep__halloween___black_white_clay__fj42_7_91401.jpeg;https:\/\/images.novelship.com\/product\/nike_book_1_ep__halloween___black_white_clay__fj42_8_91401.jpeg;https:\/\/images.novelship.com\/product\/nike_book_1_ep__halloween___black_white_clay__fj42_9_91401.jpeg\" \/>\n<meta name=\"twitter:label1\" content=\"Gesch\u00e4tzte Lesezeit\" \/>\n\t<meta name=\"twitter:data1\" content=\"1\u00a0Minute\" \/>\n<script type=\"application\/ld+json\" class=\"yoast-schema-graph\">{\"@context\":\"https:\/\/schema.org\",\"@graph\":[{\"@type\":\"WebPage\",\"@id\":\"https:\/\/tourcruiser.com\/de\/products\/nike-book-1-ep-halloween-black-white-clay\/\",\"url\":\"https:\/\/tourcruiser.com\/de\/products\/nike-book-1-ep-halloween-black-white-clay\/\",\"name\":\"Nike Book 1 EP \u201d\u02dcHalloween\u201d\u2122 'Black White Clay' - Tourcruiser PTE. LTD\",\"isPartOf\":{\"@id\":\"https:\/\/tourcruiser.com\/de\/#website\"},\"primaryImageOfPage\":{\"@id\":\"https:\/\/tourcruiser.com\/de\/products\/nike-book-1-ep-halloween-black-white-clay\/#primaryimage\"},\"image\":{\"@id\":\"https:\/\/tourcruiser.com\/de\/products\/nike-book-1-ep-halloween-black-white-clay\/#primaryimage\"},\"thumbnailUrl\":\"https:\/\/images.novelship.com\/product\/nike_book_1_ep__halloween___black_white_clay__fj42_0_91401.jpeg;https:\/\/images.novelship.com\/product\/nike_book_1_ep__halloween___black_white_clay__fj42_1_91401.jpeg;https:\/\/images.novelship.com\/product\/nike_book_1_ep__halloween___black_white_clay__fj42_2_91401.jpeg;https:\/\/images.novelship.com\/product\/nike_book_1_ep__halloween___black_white_clay__fj42_3_91401.jpeg;https:\/\/images.novelship.com\/product\/nike_book_1_ep__halloween___black_white_clay__fj42_4_91401.jpeg;https:\/\/images.novelship.com\/product\/nike_book_1_ep__halloween___black_white_clay__fj42_5_91401.jpeg;https:\/\/images.novelship.com\/product\/nike_book_1_ep__halloween___black_white_clay__fj42_6_91401.jpeg;https:\/\/images.novelship.com\/product\/nike_book_1_ep__halloween___black_white_clay__fj42_7_91401.jpeg;https:\/\/images.novelship.com\/product\/nike_book_1_ep__halloween___black_white_clay__fj42_8_91401.jpeg;https:\/\/images.novelship.com\/product\/nike_book_1_ep__halloween___black_white_clay__fj42_9_91401.jpeg\",\"datePublished\":\"2026-03-02T08:37:08+00:00\",\"dateModified\":\"2026-03-27T18:13:27+00:00\",\"breadcrumb\":{\"@id\":\"https:\/\/tourcruiser.com\/de\/products\/nike-book-1-ep-halloween-black-white-clay\/#breadcrumb\"},\"inLanguage\":\"de\",\"potentialAction\":[{\"@type\":\"ReadAction\",\"target\":[\"https:\/\/tourcruiser.com\/de\/products\/nike-book-1-ep-halloween-black-white-clay\/\"]}]},{\"@type\":\"ImageObject\",\"inLanguage\":\"de\",\"@id\":\"https:\/\/tourcruiser.com\/de\/products\/nike-book-1-ep-halloween-black-white-clay\/#primaryimage\",\"url\":\"https:\/\/images.novelship.com\/product\/nike_book_1_ep__halloween___black_white_clay__fj42_0_91401.jpeg;https:\/\/images.novelship.com\/product\/nike_book_1_ep__halloween___black_white_clay__fj42_1_91401.jpeg;https:\/\/images.novelship.com\/product\/nike_book_1_ep__halloween___black_white_clay__fj42_2_91401.jpeg;https:\/\/images.novelship.com\/product\/nike_book_1_ep__halloween___black_white_clay__fj42_3_91401.jpeg;https:\/\/images.novelship.com\/product\/nike_book_1_ep__halloween___black_white_clay__fj42_4_91401.jpeg;https:\/\/images.novelship.com\/product\/nike_book_1_ep__halloween___black_white_clay__fj42_5_91401.jpeg;https:\/\/images.novelship.com\/product\/nike_book_1_ep__halloween___black_white_clay__fj42_6_91401.jpeg;https:\/\/images.novelship.com\/product\/nike_book_1_ep__halloween___black_white_clay__fj42_7_91401.jpeg;https:\/\/images.novelship.com\/product\/nike_book_1_ep__halloween___black_white_clay__fj42_8_91401.jpeg;https:\/\/images.novelship.com\/product\/nike_book_1_ep__halloween___black_white_clay__fj42_9_91401.jpeg\",\"contentUrl\":\"https:\/\/images.novelship.com\/product\/nike_book_1_ep__halloween___black_white_clay__fj42_0_91401.jpeg;https:\/\/images.novelship.com\/product\/nike_book_1_ep__halloween___black_white_clay__fj42_1_91401.jpeg;https:\/\/images.novelship.com\/product\/nike_book_1_ep__halloween___black_white_clay__fj42_2_91401.jpeg;https:\/\/images.novelship.com\/product\/nike_book_1_ep__halloween___black_white_clay__fj42_3_91401.jpeg;https:\/\/images.novelship.com\/product\/nike_book_1_ep__halloween___black_white_clay__fj42_4_91401.jpeg;https:\/\/images.novelship.com\/product\/nike_book_1_ep__halloween___black_white_clay__fj42_5_91401.jpeg;https:\/\/images.novelship.com\/product\/nike_book_1_ep__halloween___black_white_clay__fj42_6_91401.jpeg;https:\/\/images.novelship.com\/product\/nike_book_1_ep__halloween___black_white_clay__fj42_7_91401.jpeg;https:\/\/images.novelship.com\/product\/nike_book_1_ep__halloween___black_white_clay__fj42_8_91401.jpeg;https:\/\/images.novelship.com\/product\/nike_book_1_ep__halloween___black_white_clay__fj42_9_91401.jpeg\"},{\"@type\":\"BreadcrumbList\",\"@id\":\"https:\/\/tourcruiser.com\/de\/products\/nike-book-1-ep-halloween-black-white-clay\/#breadcrumb\",\"itemListElement\":[{\"@type\":\"ListItem\",\"position\":1,\"name\":\"Home\",\"item\":\"https:\/\/tourcruiser.com\/de\/\"},{\"@type\":\"ListItem\",\"position\":2,\"name\":\"Shop\",\"item\":\"https:\/\/tourcruiser.com\/de\/shop\/\"},{\"@type\":\"ListItem\",\"position\":3,\"name\":\"Nike Book 1 EP \u201d\u02dcHalloween\u201d\u2122 'Black White Clay'\"}]},{\"@type\":\"WebSite\",\"@id\":\"https:\/\/tourcruiser.com\/de\/#website\",\"url\":\"https:\/\/tourcruiser.com\/de\/\",\"name\":\"Styloral Jewelry Shop\",\"description\":\"Tourcruiser Sneaker Store \u2014 der Ort, an dem das Universum deine Einzigartigkeit trifft.\",\"publisher\":{\"@id\":\"https:\/\/tourcruiser.com\/de\/#organization\"},\"potentialAction\":[{\"@type\":\"SearchAction\",\"target\":{\"@type\":\"EntryPoint\",\"urlTemplate\":\"https:\/\/tourcruiser.com\/de\/?s={search_term_string}\"},\"query-input\":{\"@type\":\"PropertyValueSpecification\",\"valueRequired\":true,\"valueName\":\"search_term_string\"}}],\"inLanguage\":\"de\"},{\"@type\":\"Organization\",\"@id\":\"https:\/\/tourcruiser.com\/de\/#organization\",\"name\":\"STYLORAL PTE. LTD\",\"url\":\"https:\/\/tourcruiser.com\/de\/\",\"logo\":{\"@type\":\"ImageObject\",\"inLanguage\":\"de\",\"@id\":\"https:\/\/tourcruiser.com\/de\/#\/schema\/logo\/image\/\",\"url\":\"https:\/\/www.tourcruiser.com\/wp-content\/uploads\/2025\/12\/logo.png\",\"contentUrl\":\"https:\/\/www.tourcruiser.com\/wp-content\/uploads\/2025\/12\/logo.png\",\"width\":200,\"height\":65,\"caption\":\"STYLORAL PTE. LTD\"},\"image\":{\"@id\":\"https:\/\/tourcruiser.com\/de\/#\/schema\/logo\/image\/\"}}]}<\/script>\n<!-- \/ Yoast SEO plugin. -->","yoast_head_json":{"title":"Nike Book 1 EP \u201d\u02dcHalloween\u201d\u2122 'Black White Clay'  - Tourcruiser PTE. LTD","robots":{"index":"index","follow":"follow","max-snippet":"max-snippet:-1","max-image-preview":"max-image-preview:large","max-video-preview":"max-video-preview:-1"},"canonical":"https:\/\/tourcruiser.com\/de\/products\/nike-book-1-ep-halloween-black-white-clay\/","og_locale":"de_DE","og_type":"article","og_title":"Nike Book 1 EP \u201d\u02dcHalloween\u201d\u2122 'Black White Clay'  - Tourcruiser PTE. LTD","og_description":"Nike Book 1 EP \u201d\u201d Black\/White\/Clay Orange","og_url":"https:\/\/tourcruiser.com\/de\/products\/nike-book-1-ep-halloween-black-white-clay\/","og_site_name":"Tourcruiser Sneaker Store","article_modified_time":"2026-03-27T18:13:27+00:00","twitter_card":"summary_large_image","twitter_image":"https:\/\/images.novelship.com\/product\/nike_book_1_ep__halloween___black_white_clay__fj42_0_91401.jpeg;https:\/\/images.novelship.com\/product\/nike_book_1_ep__halloween___black_white_clay__fj42_1_91401.jpeg;https:\/\/images.novelship.com\/product\/nike_book_1_ep__halloween___black_white_clay__fj42_2_91401.jpeg;https:\/\/images.novelship.com\/product\/nike_book_1_ep__halloween___black_white_clay__fj42_3_91401.jpeg;https:\/\/images.novelship.com\/product\/nike_book_1_ep__halloween___black_white_clay__fj42_4_91401.jpeg;https:\/\/images.novelship.com\/product\/nike_book_1_ep__halloween___black_white_clay__fj42_5_91401.jpeg;https:\/\/images.novelship.com\/product\/nike_book_1_ep__halloween___black_white_clay__fj42_6_91401.jpeg;https:\/\/images.novelship.com\/product\/nike_book_1_ep__halloween___black_white_clay__fj42_7_91401.jpeg;https:\/\/images.novelship.com\/product\/nike_book_1_ep__halloween___black_white_clay__fj42_8_91401.jpeg;https:\/\/images.novelship.com\/product\/nike_book_1_ep__halloween___black_white_clay__fj42_9_91401.jpeg","twitter_misc":{"Gesch\u00e4tzte Lesezeit":"1\u00a0Minute"},"schema":{"@context":"https:\/\/schema.org","@graph":[{"@type":"WebPage","@id":"https:\/\/tourcruiser.com\/de\/products\/nike-book-1-ep-halloween-black-white-clay\/","url":"https:\/\/tourcruiser.com\/de\/products\/nike-book-1-ep-halloween-black-white-clay\/","name":"Nike Book 1 EP \u201d\u02dcHalloween\u201d\u2122 'Black White Clay' - Tourcruiser PTE. LTD","isPartOf":{"@id":"https:\/\/tourcruiser.com\/de\/#website"},"primaryImageOfPage":{"@id":"https:\/\/tourcruiser.com\/de\/products\/nike-book-1-ep-halloween-black-white-clay\/#primaryimage"},"image":{"@id":"https:\/\/tourcruiser.com\/de\/products\/nike-book-1-ep-halloween-black-white-clay\/#primaryimage"},"thumbnailUrl":"https:\/\/images.novelship.com\/product\/nike_book_1_ep__halloween___black_white_clay__fj42_0_91401.jpeg;https:\/\/images.novelship.com\/product\/nike_book_1_ep__halloween___black_white_clay__fj42_1_91401.jpeg;https:\/\/images.novelship.com\/product\/nike_book_1_ep__halloween___black_white_clay__fj42_2_91401.jpeg;https:\/\/images.novelship.com\/product\/nike_book_1_ep__halloween___black_white_clay__fj42_3_91401.jpeg;https:\/\/images.novelship.com\/product\/nike_book_1_ep__halloween___black_white_clay__fj42_4_91401.jpeg;https:\/\/images.novelship.com\/product\/nike_book_1_ep__halloween___black_white_clay__fj42_5_91401.jpeg;https:\/\/images.novelship.com\/product\/nike_book_1_ep__halloween___black_white_clay__fj42_6_91401.jpeg;https:\/\/images.novelship.com\/product\/nike_book_1_ep__halloween___black_white_clay__fj42_7_91401.jpeg;https:\/\/images.novelship.com\/product\/nike_book_1_ep__halloween___black_white_clay__fj42_8_91401.jpeg;https:\/\/images.novelship.com\/product\/nike_book_1_ep__halloween___black_white_clay__fj42_9_91401.jpeg","datePublished":"2026-03-02T08:37:08+00:00","dateModified":"2026-03-27T18:13:27+00:00","breadcrumb":{"@id":"https:\/\/tourcruiser.com\/de\/products\/nike-book-1-ep-halloween-black-white-clay\/#breadcrumb"},"inLanguage":"de","potentialAction":[{"@type":"ReadAction","target":["https:\/\/tourcruiser.com\/de\/products\/nike-book-1-ep-halloween-black-white-clay\/"]}]},{"@type":"ImageObject","inLanguage":"de","@id":"https:\/\/tourcruiser.com\/de\/products\/nike-book-1-ep-halloween-black-white-clay\/#primaryimage","url":"https:\/\/images.novelship.com\/product\/nike_book_1_ep__halloween___black_white_clay__fj42_0_91401.jpeg;https:\/\/images.novelship.com\/product\/nike_book_1_ep__halloween___black_white_clay__fj42_1_91401.jpeg;https:\/\/images.novelship.com\/product\/nike_book_1_ep__halloween___black_white_clay__fj42_2_91401.jpeg;https:\/\/images.novelship.com\/product\/nike_book_1_ep__halloween___black_white_clay__fj42_3_91401.jpeg;https:\/\/images.novelship.com\/product\/nike_book_1_ep__halloween___black_white_clay__fj42_4_91401.jpeg;https:\/\/images.novelship.com\/product\/nike_book_1_ep__halloween___black_white_clay__fj42_5_91401.jpeg;https:\/\/images.novelship.com\/product\/nike_book_1_ep__halloween___black_white_clay__fj42_6_91401.jpeg;https:\/\/images.novelship.com\/product\/nike_book_1_ep__halloween___black_white_clay__fj42_7_91401.jpeg;https:\/\/images.novelship.com\/product\/nike_book_1_ep__halloween___black_white_clay__fj42_8_91401.jpeg;https:\/\/images.novelship.com\/product\/nike_book_1_ep__halloween___black_white_clay__fj42_9_91401.jpeg","contentUrl":"https:\/\/images.novelship.com\/product\/nike_book_1_ep__halloween___black_white_clay__fj42_0_91401.jpeg;https:\/\/images.novelship.com\/product\/nike_book_1_ep__halloween___black_white_clay__fj42_1_91401.jpeg;https:\/\/images.novelship.com\/product\/nike_book_1_ep__halloween___black_white_clay__fj42_2_91401.jpeg;https:\/\/images.novelship.com\/product\/nike_book_1_ep__halloween___black_white_clay__fj42_3_91401.jpeg;https:\/\/images.novelship.com\/product\/nike_book_1_ep__halloween___black_white_clay__fj42_4_91401.jpeg;https:\/\/images.novelship.com\/product\/nike_book_1_ep__halloween___black_white_clay__fj42_5_91401.jpeg;https:\/\/images.novelship.com\/product\/nike_book_1_ep__halloween___black_white_clay__fj42_6_91401.jpeg;https:\/\/images.novelship.com\/product\/nike_book_1_ep__halloween___black_white_clay__fj42_7_91401.jpeg;https:\/\/images.novelship.com\/product\/nike_book_1_ep__halloween___black_white_clay__fj42_8_91401.jpeg;https:\/\/images.novelship.com\/product\/nike_book_1_ep__halloween___black_white_clay__fj42_9_91401.jpeg"},{"@type":"BreadcrumbList","@id":"https:\/\/tourcruiser.com\/de\/products\/nike-book-1-ep-halloween-black-white-clay\/#breadcrumb","itemListElement":[{"@type":"ListItem","position":1,"name":"Home","item":"https:\/\/tourcruiser.com\/de\/"},{"@type":"ListItem","position":2,"name":"Shop","item":"https:\/\/tourcruiser.com\/de\/shop\/"},{"@type":"ListItem","position":3,"name":"Nike Book 1 EP \u201d\u02dcHalloween\u201d\u2122 'Black White Clay'"}]},{"@type":"WebSite","@id":"https:\/\/tourcruiser.com\/de\/#website","url":"https:\/\/tourcruiser.com\/de\/","name":"Styloral Jewelry Shop","description":"Tourcruiser Sneaker Store \u2014 der Ort, an dem das Universum deine Einzigartigkeit trifft.","publisher":{"@id":"https:\/\/tourcruiser.com\/de\/#organization"},"potentialAction":[{"@type":"SearchAction","target":{"@type":"EntryPoint","urlTemplate":"https:\/\/tourcruiser.com\/de\/?s={search_term_string}"},"query-input":{"@type":"PropertyValueSpecification","valueRequired":true,"valueName":"search_term_string"}}],"inLanguage":"de"},{"@type":"Organization","@id":"https:\/\/tourcruiser.com\/de\/#organization","name":"STYLORAL PTE. LTD","url":"https:\/\/tourcruiser.com\/de\/","logo":{"@type":"ImageObject","inLanguage":"de","@id":"https:\/\/tourcruiser.com\/de\/#\/schema\/logo\/image\/","url":"https:\/\/www.tourcruiser.com\/wp-content\/uploads\/2025\/12\/logo.png","contentUrl":"https:\/\/www.tourcruiser.com\/wp-content\/uploads\/2025\/12\/logo.png","width":200,"height":65,"caption":"STYLORAL PTE. LTD"},"image":{"@id":"https:\/\/tourcruiser.com\/de\/#\/schema\/logo\/image\/"}}]}},"_links":{"self":[{"href":"https:\/\/tourcruiser.com\/de\/wp-json\/wp\/v2\/product\/141235","targetHints":{"allow":["GET"]}}],"collection":[{"href":"https:\/\/tourcruiser.com\/de\/wp-json\/wp\/v2\/product"}],"about":[{"href":"https:\/\/tourcruiser.com\/de\/wp-json\/wp\/v2\/types\/product"}],"replies":[{"embeddable":true,"href":"https:\/\/tourcruiser.com\/de\/wp-json\/wp\/v2\/comments?post=141235"}],"wp:featuredmedia":[{"embeddable":true,"href":"https:\/\/tourcruiser.com\/de\/wp-json\/wp\/v2\/media\/141236"}],"wp:attachment":[{"href":"https:\/\/tourcruiser.com\/de\/wp-json\/wp\/v2\/media?parent=141235"}],"wp:term":[{"taxonomy":"product_brand","embeddable":true,"href":"https:\/\/tourcruiser.com\/de\/wp-json\/wp\/v2\/product_brand?post=141235"},{"taxonomy":"product_cat","embeddable":true,"href":"https:\/\/tourcruiser.com\/de\/wp-json\/wp\/v2\/product_cat?post=141235"},{"taxonomy":"product_tag","embeddable":true,"href":"https:\/\/tourcruiser.com\/de\/wp-json\/wp\/v2\/product_tag?post=141235"}],"curies":[{"name":"wp","href":"https:\/\/api.w.org\/{rel}","templated":true}]}}