{"id":140990,"date":"2026-03-02T15:36:44","date_gmt":"2026-03-02T08:36:44","guid":{"rendered":"http:\/\/tourcruiser.com\/product\/women-asics-gel-kahana-8-fl-pepper-black"},"modified":"2026-03-28T01:13:16","modified_gmt":"2026-03-27T18:13:16","slug":"women-asics-gel-kahana-8-fl-pepper-black","status":"publish","type":"product","link":"https:\/\/tourcruiser.com\/de\/products\/women-asics-gel-kahana-8-fl-pepper-black\/","title":{"rendered":"(Women) ASICS Gel-Kahana 8 FL &#8218;Pepper Black&#8216;"},"content":{"rendered":"<p>Erleben Sie unvergleichlichen Komfort und zuverl\u00e4ssige Performance mit dem ASICS Gel-Kahana 8 FL \u201ePepper Black\u201c. Dieser Schuh wurde f\u00fcr aktive Frauen entwickelt, die Vielseitigkeit f\u00fcr Trailrunning und den Alltag suchen. Ausgestattet mit dem bew\u00e4hrten GEL-D\u00e4mpfungssystem von ASICS f\u00fcr optimale Sto\u00dfd\u00e4mpfung und Unterst\u00fctzung, garantiert er ein geschmeidiges und komfortables Laufgef\u00fchl. Seine robuste und dennoch leichte Konstruktion sorgt f\u00fcr hervorragende Stabilit\u00e4t, w\u00e4hrend die trail-spezifische Au\u00dfensohle auf unterschiedlichsten Untergr\u00fcnden optimalen Grip bietet. Das stylische Design in \u201ePepper Black\u201c vereint Funktionalit\u00e4t und modernes Design auf ideale Weise. Egal ob du anspruchsvolles Gel\u00e4nde bezwingst oder Besorgungen in der Stadt erledigst, der ASICS Gel-Kahana 8 FL ist die perfekte Wahl f\u00fcr alle, die bei jedem Schritt Wert auf Strapazierf\u00e4higkeit, Komfort und Style legen.<\/p>\n<ul>\n<li><strong>Farbe:<\/strong> Pepper Black<\/li>\n<li><strong>Artikelnummer:<\/strong> 1012B634-200<\/li>\n<li><strong>Obermaterial:<\/strong> Mesh<\/li>\n<li><strong>Farbe:<\/strong> Multi<\/li>\n<\/ul>\n","protected":false},"excerpt":{"rendered":"<p>ASICS Gel-Kahana 8 FL \u201d\u201d Pepper Black<\/p>\n","protected":false},"featured_media":140991,"comment_status":"open","ping_status":"closed","template":"","meta":[],"product_brand":[],"product_cat":[11020],"product_tag":[10791,10802,11006,10785,10786,10758],"class_list":{"0":"post-140990","1":"product","2":"type-product","3":"status-publish","4":"has-post-thumbnail","6":"product_cat-asics-women","7":"product_tag-asics","8":"product_tag-performance-sport-shoes","9":"product_tag-trail-running-shoes","10":"product_tag-trending-deals","11":"product_tag-trending-deals-under-150","12":"product_tag-under-retail","13":"wcpa_has_options","15":"first","16":"outofstock","17":"taxable","18":"shipping-taxable","19":"purchasable","20":"product-type-simple"},"wcpa_form_fields":{"rules":{"pric_overide_base_price":false,"pric_overide_base_price_if_gt_zero":false,"pric_overide_base_price_fully":false,"pric_cal_option_once":false,"pric_use_as_fee":false,"bind_quantity":false,"quantity_bind_formula":false},"fields":[{"type":"color-group","required":true,"elementId":"wcpa-color-group-69a5ac3f3e644","label":"Gr\u00f6\u00dfe","inline":true,"priceOptions":"different_for_all","pricingType":"fixed","className":"hassizechart product-shoes-size-eu product-shoes-size","name":"color-group-69a5ac3f3e64e","disp_type":"square","selection_type":"tick-border","disp_size":"50","show_label_inside":true,"adjust_width":true,"cart_display_type":"text","other_text":"Other","cl_rule":"show","col":6,"values":[{"label":"34.5","value":"EU 34.5","price":"","pimage":"","pimage_id":"","pthumb":"","color":""},{"label":"35","value":"EU 35","price":"","pimage":"","pimage_id":"","pthumb":"","color":""},{"label":"35.5","value":"EU 35.5","price":"","pimage":"","pimage_id":"","pthumb":"","color":""},{"label":"36","value":"EU 36","price":"","pimage":"","pimage_id":"","pthumb":"","color":"","selected":true},{"label":"37","value":"EU 37","price":"","pimage":"","pimage_id":"","pthumb":"","color":""},{"label":"37.5","value":"EU 37.5","price":"","pimage":"","pimage_id":"","pthumb":"","color":""},{"label":"38","value":"EU 38","price":"","pimage":"","pimage_id":"","pthumb":"","color":""},{"label":"38.5","value":"EU 38.5","price":"","pimage":"","pimage_id":"","pthumb":"","color":""},{"label":"39","value":"EU 39","price":"","pimage":"","pimage_id":"","pthumb":"","color":""},{"label":"39.5","value":"EU 39.5","price":"","pimage":"","pimage_id":"","pthumb":"","color":""},{"label":"40","value":"EU 40","price":"","pimage":"","pimage_id":"","pthumb":"","color":""},{"label":"40.5","value":"EU 40.5","price":"","pimage":"","pimage_id":"","pthumb":"","color":""},{"label":" 41.5","value":"EU 41.5","price":"","pimage":"","pimage_id":"","pthumb":"","color":""},{"label":"42","value":"EU 42","price":"","pimage":"","pimage_id":"","pthumb":"","color":""},{"label":"42.5","value":"EU 42.5","price":"","pimage":"","pimage_id":"","pthumb":"","color":""},{"label":"43.5","value":"EU 43.5","price":"","pimage":"","pimage_id":"","pthumb":"","color":""},{"label":"44","value":"EU 44","price":"","pimage":"","pimage_id":"","pthumb":"","color":""},{"label":"44.5","value":"EU 44.5","price":"","pimage":"","pimage_id":"","pthumb":"","color":""},{"label":"45","value":"EU 45","price":"","pimage":"","pimage_id":"","pthumb":"","color":""}],"relations":[{"operator":false,"rules":[]}],"form_id":184312,"form_rules":{"pric_cal_option_once":false,"exclude_from_discount":false,"pric_use_as_fee":false,"fee_label":"Fee","render_after_acb":false,"disp_hide_options_price":false}}]},"yoast_head":"<!-- This site is optimized with the Yoast SEO plugin v26.5 - https:\/\/yoast.com\/wordpress\/plugins\/seo\/ -->\n<title>(Women) ASICS Gel-Kahana 8 FL &#039;Pepper Black&#039;  - Tourcruiser PTE. LTD<\/title>\n<meta name=\"robots\" content=\"index, follow, max-snippet:-1, max-image-preview:large, max-video-preview:-1\" \/>\n<link rel=\"canonical\" href=\"https:\/\/tourcruiser.com\/\" \/>\n<meta property=\"og:locale\" content=\"de_DE\" \/>\n<meta property=\"og:type\" content=\"article\" \/>\n<meta property=\"og:title\" content=\"(Women) ASICS Gel-Kahana 8 FL &#039;Pepper Black&#039;  - Tourcruiser PTE. LTD\" \/>\n<meta property=\"og:description\" content=\"ASICS Gel-Kahana 8 FL \u201d\u201d Pepper Black\" \/>\n<meta property=\"og:url\" content=\"\/\" \/>\n<meta property=\"og:site_name\" content=\"Tourcruiser Sneaker Store\" \/>\n<meta property=\"article:modified_time\" content=\"2026-03-27T18:13:16+00:00\" \/>\n<meta name=\"twitter:card\" content=\"summary_large_image\" \/>\n<meta name=\"twitter:image\" content=\"https:\/\/images.novelship.com\/product\/_women__asics_gel-kahana_8_fl__pepper_black__1012b_0_60666.jpeg;https:\/\/images.novelship.com\/product\/_women__asics_gel-kahana_8_fl__pepper_black__1012b_1_60666.jpeg;https:\/\/images.novelship.com\/product\/_women__asics_gel-kahana_8_fl__pepper_black__1012b_2_60666.jpeg;https:\/\/images.novelship.com\/product\/_women__asics_gel-kahana_8_fl__pepper_black__1012b_3_60666.jpeg;https:\/\/images.novelship.com\/product\/_women__asics_gel-kahana_8_fl__pepper_black__1012b_4_60666.jpeg\" \/>\n<meta name=\"twitter:label1\" content=\"Gesch\u00e4tzte Lesezeit\" \/>\n\t<meta name=\"twitter:data1\" content=\"1\u00a0Minute\" \/>\n<script type=\"application\/ld+json\" class=\"yoast-schema-graph\">{\"@context\":\"https:\/\/schema.org\",\"@graph\":[{\"@type\":\"WebPage\",\"@id\":\"\/\",\"url\":\"https:\/\/tourcruiser.com\/\",\"name\":\"(Women) ASICS Gel-Kahana 8 FL 'Pepper Black' - Tourcruiser PTE. LTD\",\"isPartOf\":{\"@id\":\"https:\/\/tourcruiser.com\/de\/#website\"},\"primaryImageOfPage\":{\"@id\":\"https:\/\/tourcruiser.com\/#primaryimage\"},\"image\":{\"@id\":\"https:\/\/tourcruiser.com\/#primaryimage\"},\"thumbnailUrl\":\"https:\/\/images.novelship.com\/product\/_women__asics_gel-kahana_8_fl__pepper_black__1012b_0_60666.jpeg;https:\/\/images.novelship.com\/product\/_women__asics_gel-kahana_8_fl__pepper_black__1012b_1_60666.jpeg;https:\/\/images.novelship.com\/product\/_women__asics_gel-kahana_8_fl__pepper_black__1012b_2_60666.jpeg;https:\/\/images.novelship.com\/product\/_women__asics_gel-kahana_8_fl__pepper_black__1012b_3_60666.jpeg;https:\/\/images.novelship.com\/product\/_women__asics_gel-kahana_8_fl__pepper_black__1012b_4_60666.jpeg\",\"datePublished\":\"2026-03-02T08:36:44+00:00\",\"dateModified\":\"2026-03-27T18:13:16+00:00\",\"breadcrumb\":{\"@id\":\"https:\/\/tourcruiser.com\/#breadcrumb\"},\"inLanguage\":\"de\",\"potentialAction\":[{\"@type\":\"ReadAction\",\"target\":[\"https:\/\/tourcruiser.com\/\"]}]},{\"@type\":\"ImageObject\",\"inLanguage\":\"de\",\"@id\":\"https:\/\/tourcruiser.com\/#primaryimage\",\"url\":\"https:\/\/images.novelship.com\/product\/_women__asics_gel-kahana_8_fl__pepper_black__1012b_0_60666.jpeg;https:\/\/images.novelship.com\/product\/_women__asics_gel-kahana_8_fl__pepper_black__1012b_1_60666.jpeg;https:\/\/images.novelship.com\/product\/_women__asics_gel-kahana_8_fl__pepper_black__1012b_2_60666.jpeg;https:\/\/images.novelship.com\/product\/_women__asics_gel-kahana_8_fl__pepper_black__1012b_3_60666.jpeg;https:\/\/images.novelship.com\/product\/_women__asics_gel-kahana_8_fl__pepper_black__1012b_4_60666.jpeg\",\"contentUrl\":\"https:\/\/images.novelship.com\/product\/_women__asics_gel-kahana_8_fl__pepper_black__1012b_0_60666.jpeg;https:\/\/images.novelship.com\/product\/_women__asics_gel-kahana_8_fl__pepper_black__1012b_1_60666.jpeg;https:\/\/images.novelship.com\/product\/_women__asics_gel-kahana_8_fl__pepper_black__1012b_2_60666.jpeg;https:\/\/images.novelship.com\/product\/_women__asics_gel-kahana_8_fl__pepper_black__1012b_3_60666.jpeg;https:\/\/images.novelship.com\/product\/_women__asics_gel-kahana_8_fl__pepper_black__1012b_4_60666.jpeg\"},{\"@type\":\"BreadcrumbList\",\"@id\":\"https:\/\/tourcruiser.com\/#breadcrumb\",\"itemListElement\":[{\"@type\":\"ListItem\",\"position\":1,\"name\":\"Home\",\"item\":\"https:\/\/tourcruiser.com\/de\/\"},{\"@type\":\"ListItem\",\"position\":2,\"name\":\"Shop\",\"item\":\"https:\/\/tourcruiser.com\/de\/shop\/\"},{\"@type\":\"ListItem\",\"position\":3,\"name\":\"(Women) ASICS Gel-Kahana 8 FL &#8218;Pepper Black&#8216;\"}]},{\"@type\":\"WebSite\",\"@id\":\"https:\/\/tourcruiser.com\/de\/#website\",\"url\":\"https:\/\/tourcruiser.com\/de\/\",\"name\":\"Styloral Jewelry Shop\",\"description\":\"Tourcruiser Sneaker Store \u2014 der Ort, an dem das Universum deine Einzigartigkeit trifft.\",\"publisher\":{\"@id\":\"https:\/\/tourcruiser.com\/de\/#organization\"},\"potentialAction\":[{\"@type\":\"SearchAction\",\"target\":{\"@type\":\"EntryPoint\",\"urlTemplate\":\"https:\/\/tourcruiser.com\/de\/?s={search_term_string}\"},\"query-input\":{\"@type\":\"PropertyValueSpecification\",\"valueRequired\":true,\"valueName\":\"search_term_string\"}}],\"inLanguage\":\"de\"},{\"@type\":\"Organization\",\"@id\":\"https:\/\/tourcruiser.com\/de\/#organization\",\"name\":\"STYLORAL PTE. LTD\",\"url\":\"https:\/\/tourcruiser.com\/de\/\",\"logo\":{\"@type\":\"ImageObject\",\"inLanguage\":\"de\",\"@id\":\"https:\/\/tourcruiser.com\/de\/#\/schema\/logo\/image\/\",\"url\":\"https:\/\/www.tourcruiser.com\/wp-content\/uploads\/2025\/12\/logo.png\",\"contentUrl\":\"https:\/\/www.tourcruiser.com\/wp-content\/uploads\/2025\/12\/logo.png\",\"width\":200,\"height\":65,\"caption\":\"STYLORAL PTE. LTD\"},\"image\":{\"@id\":\"https:\/\/tourcruiser.com\/de\/#\/schema\/logo\/image\/\"}}]}<\/script>\n<!-- \/ Yoast SEO plugin. -->","yoast_head_json":{"title":"(Women) ASICS Gel-Kahana 8 FL 'Pepper Black'  - Tourcruiser PTE. LTD","robots":{"index":"index","follow":"follow","max-snippet":"max-snippet:-1","max-image-preview":"max-image-preview:large","max-video-preview":"max-video-preview:-1"},"canonical":"https:\/\/tourcruiser.com\/","og_locale":"de_DE","og_type":"article","og_title":"(Women) ASICS Gel-Kahana 8 FL 'Pepper Black'  - Tourcruiser PTE. LTD","og_description":"ASICS Gel-Kahana 8 FL \u201d\u201d Pepper Black","og_url":"\/","og_site_name":"Tourcruiser Sneaker Store","article_modified_time":"2026-03-27T18:13:16+00:00","twitter_card":"summary_large_image","twitter_image":"https:\/\/images.novelship.com\/product\/_women__asics_gel-kahana_8_fl__pepper_black__1012b_0_60666.jpeg;https:\/\/images.novelship.com\/product\/_women__asics_gel-kahana_8_fl__pepper_black__1012b_1_60666.jpeg;https:\/\/images.novelship.com\/product\/_women__asics_gel-kahana_8_fl__pepper_black__1012b_2_60666.jpeg;https:\/\/images.novelship.com\/product\/_women__asics_gel-kahana_8_fl__pepper_black__1012b_3_60666.jpeg;https:\/\/images.novelship.com\/product\/_women__asics_gel-kahana_8_fl__pepper_black__1012b_4_60666.jpeg","twitter_misc":{"Gesch\u00e4tzte Lesezeit":"1\u00a0Minute"},"schema":{"@context":"https:\/\/schema.org","@graph":[{"@type":"WebPage","@id":"\/","url":"https:\/\/tourcruiser.com\/","name":"(Women) ASICS Gel-Kahana 8 FL 'Pepper Black' - Tourcruiser PTE. LTD","isPartOf":{"@id":"https:\/\/tourcruiser.com\/de\/#website"},"primaryImageOfPage":{"@id":"https:\/\/tourcruiser.com\/#primaryimage"},"image":{"@id":"https:\/\/tourcruiser.com\/#primaryimage"},"thumbnailUrl":"https:\/\/images.novelship.com\/product\/_women__asics_gel-kahana_8_fl__pepper_black__1012b_0_60666.jpeg;https:\/\/images.novelship.com\/product\/_women__asics_gel-kahana_8_fl__pepper_black__1012b_1_60666.jpeg;https:\/\/images.novelship.com\/product\/_women__asics_gel-kahana_8_fl__pepper_black__1012b_2_60666.jpeg;https:\/\/images.novelship.com\/product\/_women__asics_gel-kahana_8_fl__pepper_black__1012b_3_60666.jpeg;https:\/\/images.novelship.com\/product\/_women__asics_gel-kahana_8_fl__pepper_black__1012b_4_60666.jpeg","datePublished":"2026-03-02T08:36:44+00:00","dateModified":"2026-03-27T18:13:16+00:00","breadcrumb":{"@id":"https:\/\/tourcruiser.com\/#breadcrumb"},"inLanguage":"de","potentialAction":[{"@type":"ReadAction","target":["https:\/\/tourcruiser.com\/"]}]},{"@type":"ImageObject","inLanguage":"de","@id":"https:\/\/tourcruiser.com\/#primaryimage","url":"https:\/\/images.novelship.com\/product\/_women__asics_gel-kahana_8_fl__pepper_black__1012b_0_60666.jpeg;https:\/\/images.novelship.com\/product\/_women__asics_gel-kahana_8_fl__pepper_black__1012b_1_60666.jpeg;https:\/\/images.novelship.com\/product\/_women__asics_gel-kahana_8_fl__pepper_black__1012b_2_60666.jpeg;https:\/\/images.novelship.com\/product\/_women__asics_gel-kahana_8_fl__pepper_black__1012b_3_60666.jpeg;https:\/\/images.novelship.com\/product\/_women__asics_gel-kahana_8_fl__pepper_black__1012b_4_60666.jpeg","contentUrl":"https:\/\/images.novelship.com\/product\/_women__asics_gel-kahana_8_fl__pepper_black__1012b_0_60666.jpeg;https:\/\/images.novelship.com\/product\/_women__asics_gel-kahana_8_fl__pepper_black__1012b_1_60666.jpeg;https:\/\/images.novelship.com\/product\/_women__asics_gel-kahana_8_fl__pepper_black__1012b_2_60666.jpeg;https:\/\/images.novelship.com\/product\/_women__asics_gel-kahana_8_fl__pepper_black__1012b_3_60666.jpeg;https:\/\/images.novelship.com\/product\/_women__asics_gel-kahana_8_fl__pepper_black__1012b_4_60666.jpeg"},{"@type":"BreadcrumbList","@id":"https:\/\/tourcruiser.com\/#breadcrumb","itemListElement":[{"@type":"ListItem","position":1,"name":"Home","item":"https:\/\/tourcruiser.com\/de\/"},{"@type":"ListItem","position":2,"name":"Shop","item":"https:\/\/tourcruiser.com\/de\/shop\/"},{"@type":"ListItem","position":3,"name":"(Women) ASICS Gel-Kahana 8 FL &#8218;Pepper Black&#8216;"}]},{"@type":"WebSite","@id":"https:\/\/tourcruiser.com\/de\/#website","url":"https:\/\/tourcruiser.com\/de\/","name":"Styloral Jewelry Shop","description":"Tourcruiser Sneaker Store \u2014 der Ort, an dem das Universum deine Einzigartigkeit trifft.","publisher":{"@id":"https:\/\/tourcruiser.com\/de\/#organization"},"potentialAction":[{"@type":"SearchAction","target":{"@type":"EntryPoint","urlTemplate":"https:\/\/tourcruiser.com\/de\/?s={search_term_string}"},"query-input":{"@type":"PropertyValueSpecification","valueRequired":true,"valueName":"search_term_string"}}],"inLanguage":"de"},{"@type":"Organization","@id":"https:\/\/tourcruiser.com\/de\/#organization","name":"STYLORAL PTE. LTD","url":"https:\/\/tourcruiser.com\/de\/","logo":{"@type":"ImageObject","inLanguage":"de","@id":"https:\/\/tourcruiser.com\/de\/#\/schema\/logo\/image\/","url":"https:\/\/www.tourcruiser.com\/wp-content\/uploads\/2025\/12\/logo.png","contentUrl":"https:\/\/www.tourcruiser.com\/wp-content\/uploads\/2025\/12\/logo.png","width":200,"height":65,"caption":"STYLORAL PTE. LTD"},"image":{"@id":"https:\/\/tourcruiser.com\/de\/#\/schema\/logo\/image\/"}}]}},"_links":{"self":[{"href":"https:\/\/tourcruiser.com\/de\/wp-json\/wp\/v2\/product\/140990","targetHints":{"allow":["GET"]}}],"collection":[{"href":"https:\/\/tourcruiser.com\/de\/wp-json\/wp\/v2\/product"}],"about":[{"href":"https:\/\/tourcruiser.com\/de\/wp-json\/wp\/v2\/types\/product"}],"replies":[{"embeddable":true,"href":"https:\/\/tourcruiser.com\/de\/wp-json\/wp\/v2\/comments?post=140990"}],"wp:featuredmedia":[{"embeddable":true,"href":"https:\/\/tourcruiser.com\/de\/wp-json\/wp\/v2\/media\/140991"}],"wp:attachment":[{"href":"https:\/\/tourcruiser.com\/de\/wp-json\/wp\/v2\/media?parent=140990"}],"wp:term":[{"taxonomy":"product_brand","embeddable":true,"href":"https:\/\/tourcruiser.com\/de\/wp-json\/wp\/v2\/product_brand?post=140990"},{"taxonomy":"product_cat","embeddable":true,"href":"https:\/\/tourcruiser.com\/de\/wp-json\/wp\/v2\/product_cat?post=140990"},{"taxonomy":"product_tag","embeddable":true,"href":"https:\/\/tourcruiser.com\/de\/wp-json\/wp\/v2\/product_tag?post=140990"}],"curies":[{"name":"wp","href":"https:\/\/api.w.org\/{rel}","templated":true}]}}