{"id":140859,"date":"2026-03-02T15:36:33","date_gmt":"2026-03-02T08:36:33","guid":{"rendered":"http:\/\/tourcruiser.com\/product\/bad-bunny-x-adidas-messi-adizero-f50-elite-fg-la-voz-de-los-fans"},"modified":"2026-03-02T15:36:33","modified_gmt":"2026-03-02T08:36:33","slug":"bad-bunny-x-adidas-messi-adizero-f50-elite-fg-la-voz-de-los-fans","status":"publish","type":"product","link":"https:\/\/tourcruiser.com\/de\/products\/bad-bunny-x-adidas-messi-adizero-f50-elite-fg-la-voz-de-los-fans\/","title":{"rendered":"Bad Bunny x adidas Messi Adizero F50 Elite FG &#8218;La Voz De Los Fans&#8216;"},"content":{"rendered":"<p>Erlebe den Nervenkitzel des Spiels mit dem Bad Bunny x adidas Messi Adizero F50 Elite FG \u201eLa Voz De Los Fans\u201c IH7336. Diese exklusive Kollaboration vereint modernes Design mit un\u00fcbertroffener Performance und zelebriert die Leidenschaft f\u00fcr Fu\u00dfball und die Begeisterung der Fans. Die leichte Konstruktion und innovative Technologie verbessern Geschwindigkeit und Agilit\u00e4t und geben dir einen Vorsprung vor der Konkurrenz. Der Schuh wurde f\u00fcr echte Enthusiasten entworfen und spiegelt mit seiner markanten \u00c4sthetik und den raffinierten Details Bad Bunnys einzigartigen Stil wider \u201d\u201c ein absolutes Must-have f\u00fcr Fans und Spieler.<\/p>\n<p>Farbgebung: Cardboard\/Cream White\/Bright Cyan<\/p>\n<p>Style-Code: IH7336<\/p>\n<p>Obermaterial: HybridTouch<\/p>\n<p>Farbe: Braun<\/p>\n<p>Erscheinungsjahr: 2024<\/p>\n","protected":false},"excerpt":{"rendered":"<p>adidas Adizero F50 Elite FG \u201d\u201d Cardboard\/Cream White\/Bright Cyan<\/p>\n","protected":false},"featured_media":140860,"comment_status":"open","ping_status":"closed","template":"","meta":[],"product_brand":[],"product_cat":[10760],"product_tag":[10759,11087,10753,10802,10986,10987,10758],"class_list":{"0":"post-140859","1":"product","2":"type-product","3":"status-publish","4":"has-post-thumbnail","6":"product_cat-adidas","7":"product_tag-adidas","8":"product_tag-firm-ground-fg-football-boots","9":"product_tag-gift-for-him","10":"product_tag-performance-sport-shoes","11":"product_tag-soccer-shoes","12":"product_tag-soccer-shoes-football-cleats","13":"product_tag-under-retail","14":"wcpa_has_options","16":"first","17":"instock","18":"sale","19":"taxable","20":"shipping-taxable","21":"purchasable","22":"product-type-simple"},"wcpa_form_fields":{"rules":{"pric_overide_base_price":false,"pric_overide_base_price_if_gt_zero":false,"pric_overide_base_price_fully":false,"pric_cal_option_once":false,"pric_use_as_fee":false,"bind_quantity":false,"quantity_bind_formula":false},"fields":[{"type":"color-group","required":true,"elementId":"wcpa-color-group-66c4a7f817afe","label":"Gr\u00f6\u00dfe","inline":true,"priceOptions":"different_for_all","pricingType":"fixed","className":"hassizechart product-shoes-size-eu product-shoes-size","name":"color-group-66c4a7f817b18","disp_type":"square","selection_type":"tick-border","disp_size":"50","show_label_inside":true,"adjust_width":true,"cart_display_type":"text","other_text":"Other","cl_rule":"show","col":6,"values":[{"label":"35","value":"EU 35","price":"","pimage":"","pimage_id":"","pthumb":"","color":""},{"label":"35.5","value":"EU 35.5","price":"","pimage":"","pimage_id":"","pthumb":"","color":""},{"label":"36","value":"EU 36","price":"","pimage":"","pimage_id":"","pthumb":"","color":"","selected":true},{"label":"36 2\/3","value":"EU 36 2\/3","price":"","pimage":"","pimage_id":"","pthumb":"","color":""},{"label":"37 1\/3","value":"EU 37 1\/3","price":"","pimage":"","pimage_id":"","pthumb":"","color":""},{"label":"38","value":"EU 38","price":"","pimage":"","pimage_id":"","pthumb":"","color":""},{"label":"38 2\/3","value":"EU 38 2\/3","price":"","pimage":"","pimage_id":"","pthumb":"","color":""},{"label":"39 1\/3","value":"EU 39 1\/3","price":"","pimage":"","pimage_id":"","pthumb":"","color":""},{"label":"40","value":"EU 40","price":"","pimage":"","pimage_id":"","pthumb":"","color":""},{"label":"40 2\/3","value":"EU 40 2\/3","price":"","pimage":"","pimage_id":"","pthumb":"","color":""},{"label":"41 1\/3","value":"EU 41 1\/3","price":"","pimage":"","pimage_id":"","pthumb":"","color":""},{"label":"42","value":"EU 42","price":"","pimage":"","pimage_id":"","pthumb":"","color":""},{"label":"42 2\/3","value":"EU 42 2\/3","price":"","pimage":"","pimage_id":"","pthumb":"","color":""},{"label":"43 1\/3","value":"EU 43 1\/3","price":"","pimage":"","pimage_id":"","pthumb":"","color":""},{"label":"44","value":"EU 44","price":"","pimage":"","pimage_id":"","pthumb":"","color":""},{"label":"44 2\/3","value":"EU 44 2\/3","price":"","pimage":"","pimage_id":"","pthumb":"","color":""},{"label":"45 1\/3","value":"EU 45 1\/3","price":"","pimage":"","pimage_id":"","pthumb":"","color":""},{"label":"46","value":"EU 46","price":"","pimage":"","pimage_id":"","pthumb":"","color":""},{"label":"46 2\/3","value":"EU 46 2\/3","price":"","pimage":"","pimage_id":"","pthumb":"","color":""},{"label":"47 1\/3","value":"EU 47 1\/3","price":"","pimage":"","pimage_id":"","pthumb":"","color":""}],"relations":[{"operator":false,"rules":[]}],"form_id":24802,"form_rules":{"pric_cal_option_once":false,"exclude_from_discount":false,"pric_use_as_fee":false,"fee_label":"Fee","render_after_acb":false,"disp_hide_options_price":false}}]},"yoast_head":"<!-- This site is optimized with the Yoast SEO plugin v26.5 - https:\/\/yoast.com\/wordpress\/plugins\/seo\/ -->\n<title>Bad Bunny x adidas Messi Adizero F50 Elite FG &#039;La Voz De Los Fans&#039;  - Tourcruiser PTE. LTD<\/title>\n<meta name=\"robots\" content=\"index, follow, max-snippet:-1, max-image-preview:large, max-video-preview:-1\" \/>\n<link rel=\"canonical\" href=\"https:\/\/tourcruiser.com\/de\/products\/bad-bunny-x-adidas-messi-adizero-f50-elite-fg-la-voz-de-los-fans\/\" \/>\n<meta property=\"og:locale\" content=\"de_DE\" \/>\n<meta property=\"og:type\" content=\"article\" \/>\n<meta property=\"og:title\" content=\"Bad Bunny x adidas Messi Adizero F50 Elite FG &#039;La Voz De Los Fans&#039;  - Tourcruiser PTE. LTD\" \/>\n<meta property=\"og:description\" content=\"adidas Adizero F50 Elite FG \u201d\u201d Cardboard\/Cream White\/Bright Cyan\" \/>\n<meta property=\"og:url\" content=\"https:\/\/tourcruiser.com\/de\/products\/bad-bunny-x-adidas-messi-adizero-f50-elite-fg-la-voz-de-los-fans\/\" \/>\n<meta property=\"og:site_name\" content=\"Tourcruiser Sneaker Store\" \/>\n<meta name=\"twitter:card\" content=\"summary_large_image\" \/>\n<meta name=\"twitter:image\" content=\"https:\/\/images.novelship.com\/product\/bad_bunny_x_adidas_messi_adizero_f50_elite_fg__la__0_19859.jpeg\" \/>\n<meta name=\"twitter:label1\" content=\"Gesch\u00e4tzte Lesezeit\" \/>\n\t<meta name=\"twitter:data1\" content=\"1\u00a0Minute\" \/>\n<script type=\"application\/ld+json\" class=\"yoast-schema-graph\">{\"@context\":\"https:\/\/schema.org\",\"@graph\":[{\"@type\":\"WebPage\",\"@id\":\"https:\/\/tourcruiser.com\/de\/products\/bad-bunny-x-adidas-messi-adizero-f50-elite-fg-la-voz-de-los-fans\/\",\"url\":\"https:\/\/tourcruiser.com\/de\/products\/bad-bunny-x-adidas-messi-adizero-f50-elite-fg-la-voz-de-los-fans\/\",\"name\":\"Bad Bunny x adidas Messi Adizero F50 Elite FG 'La Voz De Los Fans' - Tourcruiser PTE. LTD\",\"isPartOf\":{\"@id\":\"https:\/\/tourcruiser.com\/de\/#website\"},\"primaryImageOfPage\":{\"@id\":\"https:\/\/tourcruiser.com\/de\/products\/bad-bunny-x-adidas-messi-adizero-f50-elite-fg-la-voz-de-los-fans\/#primaryimage\"},\"image\":{\"@id\":\"https:\/\/tourcruiser.com\/de\/products\/bad-bunny-x-adidas-messi-adizero-f50-elite-fg-la-voz-de-los-fans\/#primaryimage\"},\"thumbnailUrl\":\"https:\/\/images.novelship.com\/product\/bad_bunny_x_adidas_messi_adizero_f50_elite_fg__la__0_19859.jpeg\",\"datePublished\":\"2026-03-02T08:36:33+00:00\",\"breadcrumb\":{\"@id\":\"https:\/\/tourcruiser.com\/de\/products\/bad-bunny-x-adidas-messi-adizero-f50-elite-fg-la-voz-de-los-fans\/#breadcrumb\"},\"inLanguage\":\"de\",\"potentialAction\":[{\"@type\":\"ReadAction\",\"target\":[\"https:\/\/tourcruiser.com\/de\/products\/bad-bunny-x-adidas-messi-adizero-f50-elite-fg-la-voz-de-los-fans\/\"]}]},{\"@type\":\"ImageObject\",\"inLanguage\":\"de\",\"@id\":\"https:\/\/tourcruiser.com\/de\/products\/bad-bunny-x-adidas-messi-adizero-f50-elite-fg-la-voz-de-los-fans\/#primaryimage\",\"url\":\"https:\/\/images.novelship.com\/product\/bad_bunny_x_adidas_messi_adizero_f50_elite_fg__la__0_19859.jpeg\",\"contentUrl\":\"https:\/\/images.novelship.com\/product\/bad_bunny_x_adidas_messi_adizero_f50_elite_fg__la__0_19859.jpeg\"},{\"@type\":\"BreadcrumbList\",\"@id\":\"https:\/\/tourcruiser.com\/de\/products\/bad-bunny-x-adidas-messi-adizero-f50-elite-fg-la-voz-de-los-fans\/#breadcrumb\",\"itemListElement\":[{\"@type\":\"ListItem\",\"position\":1,\"name\":\"Home\",\"item\":\"https:\/\/tourcruiser.com\/de\/\"},{\"@type\":\"ListItem\",\"position\":2,\"name\":\"Shop\",\"item\":\"https:\/\/tourcruiser.com\/de\/shop\/\"},{\"@type\":\"ListItem\",\"position\":3,\"name\":\"Bad Bunny x adidas Messi Adizero F50 Elite FG 'La Voz De Los Fans'\"}]},{\"@type\":\"WebSite\",\"@id\":\"https:\/\/tourcruiser.com\/de\/#website\",\"url\":\"https:\/\/tourcruiser.com\/de\/\",\"name\":\"Styloral Jewelry Shop\",\"description\":\"Tourcruiser Sneaker Store \u2014 der Ort, an dem das Universum deine Einzigartigkeit trifft.\",\"publisher\":{\"@id\":\"https:\/\/tourcruiser.com\/de\/#organization\"},\"potentialAction\":[{\"@type\":\"SearchAction\",\"target\":{\"@type\":\"EntryPoint\",\"urlTemplate\":\"https:\/\/tourcruiser.com\/de\/?s={search_term_string}\"},\"query-input\":{\"@type\":\"PropertyValueSpecification\",\"valueRequired\":true,\"valueName\":\"search_term_string\"}}],\"inLanguage\":\"de\"},{\"@type\":\"Organization\",\"@id\":\"https:\/\/tourcruiser.com\/de\/#organization\",\"name\":\"STYLORAL PTE. LTD\",\"url\":\"https:\/\/tourcruiser.com\/de\/\",\"logo\":{\"@type\":\"ImageObject\",\"inLanguage\":\"de\",\"@id\":\"https:\/\/tourcruiser.com\/de\/#\/schema\/logo\/image\/\",\"url\":\"https:\/\/www.tourcruiser.com\/wp-content\/uploads\/2025\/12\/logo.png\",\"contentUrl\":\"https:\/\/www.tourcruiser.com\/wp-content\/uploads\/2025\/12\/logo.png\",\"width\":200,\"height\":65,\"caption\":\"STYLORAL PTE. LTD\"},\"image\":{\"@id\":\"https:\/\/tourcruiser.com\/de\/#\/schema\/logo\/image\/\"}}]}<\/script>\n<!-- \/ Yoast SEO plugin. -->","yoast_head_json":{"title":"Bad Bunny x adidas Messi Adizero F50 Elite FG 'La Voz De Los Fans'  - Tourcruiser PTE. LTD","robots":{"index":"index","follow":"follow","max-snippet":"max-snippet:-1","max-image-preview":"max-image-preview:large","max-video-preview":"max-video-preview:-1"},"canonical":"https:\/\/tourcruiser.com\/de\/products\/bad-bunny-x-adidas-messi-adizero-f50-elite-fg-la-voz-de-los-fans\/","og_locale":"de_DE","og_type":"article","og_title":"Bad Bunny x adidas Messi Adizero F50 Elite FG 'La Voz De Los Fans'  - Tourcruiser PTE. LTD","og_description":"adidas Adizero F50 Elite FG \u201d\u201d Cardboard\/Cream White\/Bright Cyan","og_url":"https:\/\/tourcruiser.com\/de\/products\/bad-bunny-x-adidas-messi-adizero-f50-elite-fg-la-voz-de-los-fans\/","og_site_name":"Tourcruiser Sneaker Store","twitter_card":"summary_large_image","twitter_image":"https:\/\/images.novelship.com\/product\/bad_bunny_x_adidas_messi_adizero_f50_elite_fg__la__0_19859.jpeg","twitter_misc":{"Gesch\u00e4tzte Lesezeit":"1\u00a0Minute"},"schema":{"@context":"https:\/\/schema.org","@graph":[{"@type":"WebPage","@id":"https:\/\/tourcruiser.com\/de\/products\/bad-bunny-x-adidas-messi-adizero-f50-elite-fg-la-voz-de-los-fans\/","url":"https:\/\/tourcruiser.com\/de\/products\/bad-bunny-x-adidas-messi-adizero-f50-elite-fg-la-voz-de-los-fans\/","name":"Bad Bunny x adidas Messi Adizero F50 Elite FG 'La Voz De Los Fans' - Tourcruiser PTE. LTD","isPartOf":{"@id":"https:\/\/tourcruiser.com\/de\/#website"},"primaryImageOfPage":{"@id":"https:\/\/tourcruiser.com\/de\/products\/bad-bunny-x-adidas-messi-adizero-f50-elite-fg-la-voz-de-los-fans\/#primaryimage"},"image":{"@id":"https:\/\/tourcruiser.com\/de\/products\/bad-bunny-x-adidas-messi-adizero-f50-elite-fg-la-voz-de-los-fans\/#primaryimage"},"thumbnailUrl":"https:\/\/images.novelship.com\/product\/bad_bunny_x_adidas_messi_adizero_f50_elite_fg__la__0_19859.jpeg","datePublished":"2026-03-02T08:36:33+00:00","breadcrumb":{"@id":"https:\/\/tourcruiser.com\/de\/products\/bad-bunny-x-adidas-messi-adizero-f50-elite-fg-la-voz-de-los-fans\/#breadcrumb"},"inLanguage":"de","potentialAction":[{"@type":"ReadAction","target":["https:\/\/tourcruiser.com\/de\/products\/bad-bunny-x-adidas-messi-adizero-f50-elite-fg-la-voz-de-los-fans\/"]}]},{"@type":"ImageObject","inLanguage":"de","@id":"https:\/\/tourcruiser.com\/de\/products\/bad-bunny-x-adidas-messi-adizero-f50-elite-fg-la-voz-de-los-fans\/#primaryimage","url":"https:\/\/images.novelship.com\/product\/bad_bunny_x_adidas_messi_adizero_f50_elite_fg__la__0_19859.jpeg","contentUrl":"https:\/\/images.novelship.com\/product\/bad_bunny_x_adidas_messi_adizero_f50_elite_fg__la__0_19859.jpeg"},{"@type":"BreadcrumbList","@id":"https:\/\/tourcruiser.com\/de\/products\/bad-bunny-x-adidas-messi-adizero-f50-elite-fg-la-voz-de-los-fans\/#breadcrumb","itemListElement":[{"@type":"ListItem","position":1,"name":"Home","item":"https:\/\/tourcruiser.com\/de\/"},{"@type":"ListItem","position":2,"name":"Shop","item":"https:\/\/tourcruiser.com\/de\/shop\/"},{"@type":"ListItem","position":3,"name":"Bad Bunny x adidas Messi Adizero F50 Elite FG 'La Voz De Los Fans'"}]},{"@type":"WebSite","@id":"https:\/\/tourcruiser.com\/de\/#website","url":"https:\/\/tourcruiser.com\/de\/","name":"Styloral Jewelry Shop","description":"Tourcruiser Sneaker Store \u2014 der Ort, an dem das Universum deine Einzigartigkeit trifft.","publisher":{"@id":"https:\/\/tourcruiser.com\/de\/#organization"},"potentialAction":[{"@type":"SearchAction","target":{"@type":"EntryPoint","urlTemplate":"https:\/\/tourcruiser.com\/de\/?s={search_term_string}"},"query-input":{"@type":"PropertyValueSpecification","valueRequired":true,"valueName":"search_term_string"}}],"inLanguage":"de"},{"@type":"Organization","@id":"https:\/\/tourcruiser.com\/de\/#organization","name":"STYLORAL PTE. LTD","url":"https:\/\/tourcruiser.com\/de\/","logo":{"@type":"ImageObject","inLanguage":"de","@id":"https:\/\/tourcruiser.com\/de\/#\/schema\/logo\/image\/","url":"https:\/\/www.tourcruiser.com\/wp-content\/uploads\/2025\/12\/logo.png","contentUrl":"https:\/\/www.tourcruiser.com\/wp-content\/uploads\/2025\/12\/logo.png","width":200,"height":65,"caption":"STYLORAL PTE. LTD"},"image":{"@id":"https:\/\/tourcruiser.com\/de\/#\/schema\/logo\/image\/"}}]}},"_links":{"self":[{"href":"https:\/\/tourcruiser.com\/de\/wp-json\/wp\/v2\/product\/140859","targetHints":{"allow":["GET"]}}],"collection":[{"href":"https:\/\/tourcruiser.com\/de\/wp-json\/wp\/v2\/product"}],"about":[{"href":"https:\/\/tourcruiser.com\/de\/wp-json\/wp\/v2\/types\/product"}],"replies":[{"embeddable":true,"href":"https:\/\/tourcruiser.com\/de\/wp-json\/wp\/v2\/comments?post=140859"}],"wp:featuredmedia":[{"embeddable":true,"href":"https:\/\/tourcruiser.com\/de\/wp-json\/wp\/v2\/media\/140860"}],"wp:attachment":[{"href":"https:\/\/tourcruiser.com\/de\/wp-json\/wp\/v2\/media?parent=140859"}],"wp:term":[{"taxonomy":"product_brand","embeddable":true,"href":"https:\/\/tourcruiser.com\/de\/wp-json\/wp\/v2\/product_brand?post=140859"},{"taxonomy":"product_cat","embeddable":true,"href":"https:\/\/tourcruiser.com\/de\/wp-json\/wp\/v2\/product_cat?post=140859"},{"taxonomy":"product_tag","embeddable":true,"href":"https:\/\/tourcruiser.com\/de\/wp-json\/wp\/v2\/product_tag?post=140859"}],"curies":[{"name":"wp","href":"https:\/\/api.w.org\/{rel}","templated":true}]}}