{"id":140620,"date":"2026-03-02T15:36:14","date_gmt":"2026-03-02T08:36:14","guid":{"rendered":"http:\/\/tourcruiser.com\/product\/nike-zoom-fly-6-citron-pulse"},"modified":"2026-03-28T01:13:08","modified_gmt":"2026-03-27T18:13:08","slug":"nike-zoom-fly-6-citron-pulse","status":"publish","type":"product","link":"https:\/\/tourcruiser.com\/de\/products\/nike-zoom-fly-6-citron-pulse\/","title":{"rendered":"Nike Zoom Fly 6 &#8218;Citron Pulse&#8216;"},"content":{"rendered":"<p>Erleben Sie die perfekte Kombination aus Geschwindigkeit, Style und Performance mit dem Nike Zoom Fly 6 \u201eCitron Pulse\u201c FN8454-800 \u201d\u201c ma\u00dfgeschneidert f\u00fcr L\u00e4ufer, die au\u00dfergew\u00f6hnlichen Komfort und leichte Strapazierf\u00e4higkeit erwarten. Die innovative ZoomX-Schaumstoff-Mittelsohle sorgt f\u00fcr reaktionsfreudige Energier\u00fcckgabe und treibt Sie bei jedem Schritt voran, w\u00e4hrend die durchgehende Carbonfaserplatte f\u00fcr einen dynamischen und effizienten Laufstil sorgt. Das atmungsaktive Mesh-Obermaterial in der auff\u00e4lligen Farbe Citron Pulse verbessert die Bel\u00fcftung und bietet gleichzeitig eine bequeme und st\u00fctzende Passform. Dieser Laufschuh wurde f\u00fcr kurze Sprints und lange L\u00e4ufe entwickelt und bietet hervorragende Traktion auf verschiedenen Untergr\u00fcnden f\u00fcr Stabilit\u00e4t bei jedem Schritt. Sein modernes Design in Verbindung mit innovativer Technologie macht ihn zu einem Must-have f\u00fcr Athleten und Freizeitl\u00e4ufer, die H\u00f6chstleistungen anstreben. Der zuverl\u00e4ssige und leistungsstarke Nike Zoom Fly 6 ist dein perfekter Laufpartner, um dein volles Potenzial auszusch\u00f6pfen.<\/p>\n<ul>\n<li><strong>Farbgebung:<\/strong> Citron Pulse\/Indigo Burst\/Volt Ice\/Hyper Violet\/Blue Void\/Alabaster<\/li>\n<li><strong>Style-Code:<\/strong> FN8454-800<\/li>\n<li><strong>Obermaterial:<\/strong> Textil<\/li>\n<li><strong>Mittelsohle:<\/strong> Zoom X<\/li>\n<li><strong>Farbe:<\/strong> Gelb<\/li>\n<li><strong>Erscheinungsjahr:<\/strong> 2026<\/li>\n<\/ul>\n","protected":false},"excerpt":{"rendered":"<p>Nike Zoom Fly 6 \u201d\u201d Citron Pulse\/Indigo Burst\/Volt Ice\/Hyper Violet\/Blue Void\/Alabaster<\/p>\n","protected":false},"featured_media":140621,"comment_status":"open","ping_status":"closed","template":"","meta":[],"product_brand":[],"product_cat":[10803],"product_tag":[11235,11136,10778,10801,10802,10840,10758],"class_list":{"0":"post-140620","1":"product","2":"type-product","3":"status-publish","4":"has-post-thumbnail","6":"product_cat-nike","7":"product_tag-carbon-plated-running-shoes","8":"product_tag-marathon-long-distance-running-shoes","9":"product_tag-new-release","10":"product_tag-nike","11":"product_tag-performance-sport-shoes","12":"product_tag-running-shoes","13":"product_tag-under-retail","14":"wcpa_has_options","16":"first","17":"outofstock","18":"sale","19":"taxable","20":"shipping-taxable","21":"purchasable","22":"product-type-simple"},"wcpa_form_fields":{"rules":{"pric_overide_base_price":false,"pric_overide_base_price_if_gt_zero":false,"pric_overide_base_price_fully":false,"pric_cal_option_once":false,"pric_use_as_fee":false,"bind_quantity":false,"quantity_bind_formula":false},"fields":[{"type":"color-group","required":true,"elementId":"wcpa-color-group-66c4a75505e74","label":"Gr\u00f6\u00dfe - EU Gr\u00f6\u00dfe","inline":true,"priceOptions":"different_for_all","pricingType":"fixed","className":"hassizechart product-shoes-size-eu product-shoes-size","name":"color-group-66c4a75505e89","disp_type":"square","selection_type":"tick-border","disp_size":"44","show_label_inside":true,"adjust_width":true,"cart_display_type":"text","other_text":"Other","cl_rule":"show","col":6,"values":[{"label":"35.5","value":"EU 35.5","price":"","pimage":"","pimage_id":"","pthumb":"","color":""},{"label":"36","value":"EU 36","price":"","pimage":"","pimage_id":"","pthumb":"","color":"","selected":true},{"label":"36.5","value":"EU 36.5","price":"","pimage":"","pimage_id":"","pthumb":"","color":""},{"label":"37.5","value":"EU 37.5","price":"","pimage":"","pimage_id":"","pthumb":"","color":""},{"label":"38","value":"EU 38","price":"","pimage":"","pimage_id":"","pthumb":"","color":""},{"label":"38.5","value":"EU 38.5","price":"","pimage":"","pimage_id":"","pthumb":"","color":""},{"label":"39","value":"EU 39","price":"","pimage":"","pimage_id":"","pthumb":"","color":""},{"label":"40","value":"EU 40","price":"","pimage":"","pimage_id":"","pthumb":"","color":""},{"label":"40.5","value":"EU 40.5","price":"","pimage":"","pimage_id":"","pthumb":"","color":""},{"label":"41","value":"EU 41","price":"","pimage":"","pimage_id":"","pthumb":"","color":""},{"label":"42","value":"EU 42","price":"","pimage":"","pimage_id":"","pthumb":"","color":""},{"label":"42.5","value":"EU 42.5","price":"","pimage":"","pimage_id":"","pthumb":"","color":""},{"label":"43","value":"EU 43","price":"","pimage":"","pimage_id":"","pthumb":"","color":""},{"label":"44","value":"EU 44","price":"","pimage":"","pimage_id":"","pthumb":"","color":""},{"label":"44.5","value":"EU 44.5","price":"","pimage":"","pimage_id":"","pthumb":"","color":""},{"label":"45","value":"EU 45","price":"","pimage":"","pimage_id":"","pthumb":"","color":""},{"label":"45.5","value":"EU 45.5","price":"","pimage":"","pimage_id":"","pthumb":"","color":""},{"label":"46","value":"EU 46","price":"","pimage":"","pimage_id":"","pthumb":"","color":""},{"label":"47","value":"EU 47","price":"","pimage":"","pimage_id":"","pthumb":"","color":""},{"label":"47.5","value":"EU 47.5","price":"","pimage":"","pimage_id":"","pthumb":"","color":""},{"label":"48","value":"EU 48","price":"","pimage":"","pimage_id":"","pthumb":"","color":""}],"relations":[{"operator":false,"rules":[]}],"form_id":18106,"form_rules":{"pric_cal_option_once":false,"exclude_from_discount":false,"pric_use_as_fee":false,"fee_label":"Fee","render_after_acb":false,"disp_hide_options_price":false}}]},"yoast_head":"<!-- This site is optimized with the Yoast SEO plugin v26.5 - https:\/\/yoast.com\/wordpress\/plugins\/seo\/ -->\n<title>Nike Zoom Fly 6 &#039;Citron Pulse&#039;  - Tourcruiser PTE. LTD<\/title>\n<meta name=\"robots\" content=\"index, follow, max-snippet:-1, max-image-preview:large, max-video-preview:-1\" \/>\n<link rel=\"canonical\" href=\"https:\/\/tourcruiser.com\/de\/products\/nike-zoom-fly-6-citron-pulse\/\" \/>\n<meta property=\"og:locale\" content=\"de_DE\" \/>\n<meta property=\"og:type\" content=\"article\" \/>\n<meta property=\"og:title\" content=\"Nike Zoom Fly 6 &#039;Citron Pulse&#039;  - Tourcruiser PTE. LTD\" \/>\n<meta property=\"og:description\" content=\"Nike Zoom Fly 6 \u201d\u201d Citron Pulse\/Indigo Burst\/Volt Ice\/Hyper Violet\/Blue Void\/Alabaster\" \/>\n<meta property=\"og:url\" content=\"https:\/\/tourcruiser.com\/de\/products\/nike-zoom-fly-6-citron-pulse\/\" \/>\n<meta property=\"og:site_name\" content=\"Tourcruiser Sneaker Store\" \/>\n<meta property=\"article:modified_time\" content=\"2026-03-27T18:13:08+00:00\" \/>\n<meta name=\"twitter:card\" content=\"summary_large_image\" \/>\n<meta name=\"twitter:image\" content=\"https:\/\/images.novelship.com\/product\/nike_zoom_fly_6__citron_pulse__fn8454-800_0_19898.jpeg;https:\/\/images.novelship.com\/product\/nike_zoom_fly_6__citron_pulse__fn8454-800_1_19898.jpeg;https:\/\/images.novelship.com\/product\/nike_zoom_fly_6__citron_pulse__fn8454-800_2_19899.jpeg;https:\/\/images.novelship.com\/product\/nike_zoom_fly_6__citron_pulse__fn8454-800_3_19899.jpeg;https:\/\/images.novelship.com\/product\/nike_zoom_fly_6__citron_pulse__fn8454-800_4_19899.jpeg\" \/>\n<meta name=\"twitter:label1\" content=\"Gesch\u00e4tzte Lesezeit\" \/>\n\t<meta name=\"twitter:data1\" content=\"1\u00a0Minute\" \/>\n<script type=\"application\/ld+json\" class=\"yoast-schema-graph\">{\"@context\":\"https:\/\/schema.org\",\"@graph\":[{\"@type\":\"WebPage\",\"@id\":\"https:\/\/tourcruiser.com\/de\/products\/nike-zoom-fly-6-citron-pulse\/\",\"url\":\"https:\/\/tourcruiser.com\/de\/products\/nike-zoom-fly-6-citron-pulse\/\",\"name\":\"Nike Zoom Fly 6 'Citron Pulse' - Tourcruiser PTE. LTD\",\"isPartOf\":{\"@id\":\"https:\/\/tourcruiser.com\/de\/#website\"},\"primaryImageOfPage\":{\"@id\":\"https:\/\/tourcruiser.com\/de\/products\/nike-zoom-fly-6-citron-pulse\/#primaryimage\"},\"image\":{\"@id\":\"https:\/\/tourcruiser.com\/de\/products\/nike-zoom-fly-6-citron-pulse\/#primaryimage\"},\"thumbnailUrl\":\"https:\/\/images.novelship.com\/product\/nike_zoom_fly_6__citron_pulse__fn8454-800_0_19898.jpeg;https:\/\/images.novelship.com\/product\/nike_zoom_fly_6__citron_pulse__fn8454-800_1_19898.jpeg;https:\/\/images.novelship.com\/product\/nike_zoom_fly_6__citron_pulse__fn8454-800_2_19899.jpeg;https:\/\/images.novelship.com\/product\/nike_zoom_fly_6__citron_pulse__fn8454-800_3_19899.jpeg;https:\/\/images.novelship.com\/product\/nike_zoom_fly_6__citron_pulse__fn8454-800_4_19899.jpeg\",\"datePublished\":\"2026-03-02T08:36:14+00:00\",\"dateModified\":\"2026-03-27T18:13:08+00:00\",\"breadcrumb\":{\"@id\":\"https:\/\/tourcruiser.com\/de\/products\/nike-zoom-fly-6-citron-pulse\/#breadcrumb\"},\"inLanguage\":\"de\",\"potentialAction\":[{\"@type\":\"ReadAction\",\"target\":[\"https:\/\/tourcruiser.com\/de\/products\/nike-zoom-fly-6-citron-pulse\/\"]}]},{\"@type\":\"ImageObject\",\"inLanguage\":\"de\",\"@id\":\"https:\/\/tourcruiser.com\/de\/products\/nike-zoom-fly-6-citron-pulse\/#primaryimage\",\"url\":\"https:\/\/images.novelship.com\/product\/nike_zoom_fly_6__citron_pulse__fn8454-800_0_19898.jpeg;https:\/\/images.novelship.com\/product\/nike_zoom_fly_6__citron_pulse__fn8454-800_1_19898.jpeg;https:\/\/images.novelship.com\/product\/nike_zoom_fly_6__citron_pulse__fn8454-800_2_19899.jpeg;https:\/\/images.novelship.com\/product\/nike_zoom_fly_6__citron_pulse__fn8454-800_3_19899.jpeg;https:\/\/images.novelship.com\/product\/nike_zoom_fly_6__citron_pulse__fn8454-800_4_19899.jpeg\",\"contentUrl\":\"https:\/\/images.novelship.com\/product\/nike_zoom_fly_6__citron_pulse__fn8454-800_0_19898.jpeg;https:\/\/images.novelship.com\/product\/nike_zoom_fly_6__citron_pulse__fn8454-800_1_19898.jpeg;https:\/\/images.novelship.com\/product\/nike_zoom_fly_6__citron_pulse__fn8454-800_2_19899.jpeg;https:\/\/images.novelship.com\/product\/nike_zoom_fly_6__citron_pulse__fn8454-800_3_19899.jpeg;https:\/\/images.novelship.com\/product\/nike_zoom_fly_6__citron_pulse__fn8454-800_4_19899.jpeg\"},{\"@type\":\"BreadcrumbList\",\"@id\":\"https:\/\/tourcruiser.com\/de\/products\/nike-zoom-fly-6-citron-pulse\/#breadcrumb\",\"itemListElement\":[{\"@type\":\"ListItem\",\"position\":1,\"name\":\"Home\",\"item\":\"https:\/\/tourcruiser.com\/de\/\"},{\"@type\":\"ListItem\",\"position\":2,\"name\":\"Shop\",\"item\":\"https:\/\/tourcruiser.com\/de\/shop\/\"},{\"@type\":\"ListItem\",\"position\":3,\"name\":\"Nike Zoom Fly 6 'Citron Pulse'\"}]},{\"@type\":\"WebSite\",\"@id\":\"https:\/\/tourcruiser.com\/de\/#website\",\"url\":\"https:\/\/tourcruiser.com\/de\/\",\"name\":\"Styloral Jewelry Shop\",\"description\":\"Tourcruiser Sneaker Store \u2014 der Ort, an dem das Universum deine Einzigartigkeit trifft.\",\"publisher\":{\"@id\":\"https:\/\/tourcruiser.com\/de\/#organization\"},\"potentialAction\":[{\"@type\":\"SearchAction\",\"target\":{\"@type\":\"EntryPoint\",\"urlTemplate\":\"https:\/\/tourcruiser.com\/de\/?s={search_term_string}\"},\"query-input\":{\"@type\":\"PropertyValueSpecification\",\"valueRequired\":true,\"valueName\":\"search_term_string\"}}],\"inLanguage\":\"de\"},{\"@type\":\"Organization\",\"@id\":\"https:\/\/tourcruiser.com\/de\/#organization\",\"name\":\"STYLORAL PTE. LTD\",\"url\":\"https:\/\/tourcruiser.com\/de\/\",\"logo\":{\"@type\":\"ImageObject\",\"inLanguage\":\"de\",\"@id\":\"https:\/\/tourcruiser.com\/de\/#\/schema\/logo\/image\/\",\"url\":\"https:\/\/www.tourcruiser.com\/wp-content\/uploads\/2025\/12\/logo.png\",\"contentUrl\":\"https:\/\/www.tourcruiser.com\/wp-content\/uploads\/2025\/12\/logo.png\",\"width\":200,\"height\":65,\"caption\":\"STYLORAL PTE. LTD\"},\"image\":{\"@id\":\"https:\/\/tourcruiser.com\/de\/#\/schema\/logo\/image\/\"}}]}<\/script>\n<!-- \/ Yoast SEO plugin. -->","yoast_head_json":{"title":"Nike Zoom Fly 6 'Citron Pulse'  - Tourcruiser PTE. LTD","robots":{"index":"index","follow":"follow","max-snippet":"max-snippet:-1","max-image-preview":"max-image-preview:large","max-video-preview":"max-video-preview:-1"},"canonical":"https:\/\/tourcruiser.com\/de\/products\/nike-zoom-fly-6-citron-pulse\/","og_locale":"de_DE","og_type":"article","og_title":"Nike Zoom Fly 6 'Citron Pulse'  - Tourcruiser PTE. LTD","og_description":"Nike Zoom Fly 6 \u201d\u201d Citron Pulse\/Indigo Burst\/Volt Ice\/Hyper Violet\/Blue Void\/Alabaster","og_url":"https:\/\/tourcruiser.com\/de\/products\/nike-zoom-fly-6-citron-pulse\/","og_site_name":"Tourcruiser Sneaker Store","article_modified_time":"2026-03-27T18:13:08+00:00","twitter_card":"summary_large_image","twitter_image":"https:\/\/images.novelship.com\/product\/nike_zoom_fly_6__citron_pulse__fn8454-800_0_19898.jpeg;https:\/\/images.novelship.com\/product\/nike_zoom_fly_6__citron_pulse__fn8454-800_1_19898.jpeg;https:\/\/images.novelship.com\/product\/nike_zoom_fly_6__citron_pulse__fn8454-800_2_19899.jpeg;https:\/\/images.novelship.com\/product\/nike_zoom_fly_6__citron_pulse__fn8454-800_3_19899.jpeg;https:\/\/images.novelship.com\/product\/nike_zoom_fly_6__citron_pulse__fn8454-800_4_19899.jpeg","twitter_misc":{"Gesch\u00e4tzte Lesezeit":"1\u00a0Minute"},"schema":{"@context":"https:\/\/schema.org","@graph":[{"@type":"WebPage","@id":"https:\/\/tourcruiser.com\/de\/products\/nike-zoom-fly-6-citron-pulse\/","url":"https:\/\/tourcruiser.com\/de\/products\/nike-zoom-fly-6-citron-pulse\/","name":"Nike Zoom Fly 6 'Citron Pulse' - Tourcruiser PTE. LTD","isPartOf":{"@id":"https:\/\/tourcruiser.com\/de\/#website"},"primaryImageOfPage":{"@id":"https:\/\/tourcruiser.com\/de\/products\/nike-zoom-fly-6-citron-pulse\/#primaryimage"},"image":{"@id":"https:\/\/tourcruiser.com\/de\/products\/nike-zoom-fly-6-citron-pulse\/#primaryimage"},"thumbnailUrl":"https:\/\/images.novelship.com\/product\/nike_zoom_fly_6__citron_pulse__fn8454-800_0_19898.jpeg;https:\/\/images.novelship.com\/product\/nike_zoom_fly_6__citron_pulse__fn8454-800_1_19898.jpeg;https:\/\/images.novelship.com\/product\/nike_zoom_fly_6__citron_pulse__fn8454-800_2_19899.jpeg;https:\/\/images.novelship.com\/product\/nike_zoom_fly_6__citron_pulse__fn8454-800_3_19899.jpeg;https:\/\/images.novelship.com\/product\/nike_zoom_fly_6__citron_pulse__fn8454-800_4_19899.jpeg","datePublished":"2026-03-02T08:36:14+00:00","dateModified":"2026-03-27T18:13:08+00:00","breadcrumb":{"@id":"https:\/\/tourcruiser.com\/de\/products\/nike-zoom-fly-6-citron-pulse\/#breadcrumb"},"inLanguage":"de","potentialAction":[{"@type":"ReadAction","target":["https:\/\/tourcruiser.com\/de\/products\/nike-zoom-fly-6-citron-pulse\/"]}]},{"@type":"ImageObject","inLanguage":"de","@id":"https:\/\/tourcruiser.com\/de\/products\/nike-zoom-fly-6-citron-pulse\/#primaryimage","url":"https:\/\/images.novelship.com\/product\/nike_zoom_fly_6__citron_pulse__fn8454-800_0_19898.jpeg;https:\/\/images.novelship.com\/product\/nike_zoom_fly_6__citron_pulse__fn8454-800_1_19898.jpeg;https:\/\/images.novelship.com\/product\/nike_zoom_fly_6__citron_pulse__fn8454-800_2_19899.jpeg;https:\/\/images.novelship.com\/product\/nike_zoom_fly_6__citron_pulse__fn8454-800_3_19899.jpeg;https:\/\/images.novelship.com\/product\/nike_zoom_fly_6__citron_pulse__fn8454-800_4_19899.jpeg","contentUrl":"https:\/\/images.novelship.com\/product\/nike_zoom_fly_6__citron_pulse__fn8454-800_0_19898.jpeg;https:\/\/images.novelship.com\/product\/nike_zoom_fly_6__citron_pulse__fn8454-800_1_19898.jpeg;https:\/\/images.novelship.com\/product\/nike_zoom_fly_6__citron_pulse__fn8454-800_2_19899.jpeg;https:\/\/images.novelship.com\/product\/nike_zoom_fly_6__citron_pulse__fn8454-800_3_19899.jpeg;https:\/\/images.novelship.com\/product\/nike_zoom_fly_6__citron_pulse__fn8454-800_4_19899.jpeg"},{"@type":"BreadcrumbList","@id":"https:\/\/tourcruiser.com\/de\/products\/nike-zoom-fly-6-citron-pulse\/#breadcrumb","itemListElement":[{"@type":"ListItem","position":1,"name":"Home","item":"https:\/\/tourcruiser.com\/de\/"},{"@type":"ListItem","position":2,"name":"Shop","item":"https:\/\/tourcruiser.com\/de\/shop\/"},{"@type":"ListItem","position":3,"name":"Nike Zoom Fly 6 'Citron Pulse'"}]},{"@type":"WebSite","@id":"https:\/\/tourcruiser.com\/de\/#website","url":"https:\/\/tourcruiser.com\/de\/","name":"Styloral Jewelry Shop","description":"Tourcruiser Sneaker Store \u2014 der Ort, an dem das Universum deine Einzigartigkeit trifft.","publisher":{"@id":"https:\/\/tourcruiser.com\/de\/#organization"},"potentialAction":[{"@type":"SearchAction","target":{"@type":"EntryPoint","urlTemplate":"https:\/\/tourcruiser.com\/de\/?s={search_term_string}"},"query-input":{"@type":"PropertyValueSpecification","valueRequired":true,"valueName":"search_term_string"}}],"inLanguage":"de"},{"@type":"Organization","@id":"https:\/\/tourcruiser.com\/de\/#organization","name":"STYLORAL PTE. LTD","url":"https:\/\/tourcruiser.com\/de\/","logo":{"@type":"ImageObject","inLanguage":"de","@id":"https:\/\/tourcruiser.com\/de\/#\/schema\/logo\/image\/","url":"https:\/\/www.tourcruiser.com\/wp-content\/uploads\/2025\/12\/logo.png","contentUrl":"https:\/\/www.tourcruiser.com\/wp-content\/uploads\/2025\/12\/logo.png","width":200,"height":65,"caption":"STYLORAL PTE. LTD"},"image":{"@id":"https:\/\/tourcruiser.com\/de\/#\/schema\/logo\/image\/"}}]}},"_links":{"self":[{"href":"https:\/\/tourcruiser.com\/de\/wp-json\/wp\/v2\/product\/140620","targetHints":{"allow":["GET"]}}],"collection":[{"href":"https:\/\/tourcruiser.com\/de\/wp-json\/wp\/v2\/product"}],"about":[{"href":"https:\/\/tourcruiser.com\/de\/wp-json\/wp\/v2\/types\/product"}],"replies":[{"embeddable":true,"href":"https:\/\/tourcruiser.com\/de\/wp-json\/wp\/v2\/comments?post=140620"}],"wp:featuredmedia":[{"embeddable":true,"href":"https:\/\/tourcruiser.com\/de\/wp-json\/wp\/v2\/media\/140621"}],"wp:attachment":[{"href":"https:\/\/tourcruiser.com\/de\/wp-json\/wp\/v2\/media?parent=140620"}],"wp:term":[{"taxonomy":"product_brand","embeddable":true,"href":"https:\/\/tourcruiser.com\/de\/wp-json\/wp\/v2\/product_brand?post=140620"},{"taxonomy":"product_cat","embeddable":true,"href":"https:\/\/tourcruiser.com\/de\/wp-json\/wp\/v2\/product_cat?post=140620"},{"taxonomy":"product_tag","embeddable":true,"href":"https:\/\/tourcruiser.com\/de\/wp-json\/wp\/v2\/product_tag?post=140620"}],"curies":[{"name":"wp","href":"https:\/\/api.w.org\/{rel}","templated":true}]}}