{"id":131841,"date":"2026-03-02T15:34:29","date_gmt":"2026-03-02T08:34:29","guid":{"rendered":"http:\/\/tourcruiser.com\/product\/asics-gel-kayano-31-blue-expanse-digital-aqua"},"modified":"2026-03-28T01:12:16","modified_gmt":"2026-03-27T18:12:16","slug":"asics-gel-kayano-31-blue-expanse-digital-aqua","status":"publish","type":"product","link":"https:\/\/tourcruiser.com\/de\/products\/asics-gel-kayano-31-blue-expanse-digital-aqua\/","title":{"rendered":"ASICS Gel-Kayano 31 &#8218;Blue Expanse Digital Aqua&#8216;"},"content":{"rendered":"<p>Erleben Sie unvergleichlichen Komfort und erstklassige Performance mit dem ASICS Gel-Kayano 31 \u201eBlue Expanse Digital Aqua\u201c, der Ihr Lauferlebnis auf ein neues Level hebt. Dieser legend\u00e4re Laufschuh vereint innovative Technologie mit einem eleganten, modernen Design und ist ideal f\u00fcr L\u00e4ufer, die maximale Unterst\u00fctzung und Stabilit\u00e4t suchen. Das leichte, atmungsaktive Engineered-Mesh-Obermaterial sorgt f\u00fcr optimale Bel\u00fcftung, w\u00e4hrend das charakteristische GEL\u00e2\u201e\u00a2-D\u00e4mpfungssystem St\u00f6\u00dfe absorbiert und so f\u00fcr ein geschmeidigeres Laufgef\u00fchl sorgt. Ausgestattet mit der FF BLAST\u00e2\u201e\u00a2 PLUS-Technologie f\u00fcr reaktionsfreudige D\u00e4mpfung und dem DUOMAX\u00c2\u00ae-St\u00fctzsystem f\u00fcr mehr Stabilit\u00e4t ist der Gel-Kayano 31 perfekt f\u00fcr lange L\u00e4ufe oder das t\u00e4gliche Training. Die lebendige Farbe \u201eBlue Expanse Digital Aqua\u201c verleiht ihm einen frischen Look und macht ihn zu einem echten Hingucker \u201d\u201c auf und neben der Laufbahn. Sorgf\u00e4ltig auf Langlebigkeit, Vielseitigkeit und eine adaptive Passform ausgelegt, bietet dieser Schuh bemerkenswerten Komfort f\u00fcr jeden Kilometer. Egal ob du ein erfahrener Marathonl\u00e4ufer bist oder gerade erst mit dem Laufen beginnst \u201d\u201c mit dem ASICS Gel-Kayano 31 kannst du auf zuverl\u00e4ssige Leistung vertrauen.<\/p>\n<ul>\n<li><strong>Farbgebung:<\/strong> Blue Expanse\/Digital Aqua<\/li>\n<li><strong>Artikelnummer:<\/strong> 1011B867-401<\/li>\n<li><strong>Obermaterial:<\/strong> Mesh<\/li>\n<li><strong>Zwischensohle:<\/strong> PureGEL<\/li>\n<li><strong>Farbe:<\/strong> Navy<\/li>\n<\/ul>\n","protected":false},"excerpt":{"rendered":"<p>ASICS Gel-Kayano 31 \u201d\u201d Blue Expanse\/Digital Aqua<\/p>\n","protected":false},"featured_media":131842,"comment_status":"open","ping_status":"closed","template":"","meta":[],"product_brand":[],"product_cat":[10792],"product_tag":[10791,10753,10839,10802,10840,12149],"class_list":{"0":"post-131841","1":"product","2":"type-product","3":"status-publish","4":"has-post-thumbnail","6":"product_cat-asics","7":"product_tag-asics","8":"product_tag-gift-for-him","9":"product_tag-performance-running-shoes","10":"product_tag-performance-sport-shoes","11":"product_tag-running-shoes","12":"product_tag-stability-overpronation-running-shoes","13":"wcpa_has_options","15":"first","16":"outofstock","17":"taxable","18":"shipping-taxable","19":"purchasable","20":"product-type-simple"},"wcpa_form_fields":{"rules":{"pric_overide_base_price":false,"pric_overide_base_price_if_gt_zero":false,"pric_overide_base_price_fully":false,"pric_cal_option_once":false,"pric_use_as_fee":false,"bind_quantity":false,"quantity_bind_formula":false},"fields":[{"type":"color-group","required":true,"elementId":"wcpa-color-group-69a5ab08ee12d","label":"Gr\u00f6\u00dfe","inline":true,"priceOptions":"different_for_all","pricingType":"fixed","className":"hassizechart product-shoes-size-eu product-shoes-size","name":"color-group-69a5ab08ee136","disp_type":"square","selection_type":"tick-border","disp_size":"50","show_label_inside":true,"adjust_width":true,"cart_display_type":"text","other_text":"Other","cl_rule":"show","col":6,"values":[{"label":"36","value":"EU 36","price":"","pimage":"","pimage_id":"","pthumb":"","color":"","selected":true},{"label":"37","value":"EU 37","price":"","pimage":"","pimage_id":"","pthumb":"","color":""},{"label":"37.5","value":"EU 37.5","price":"","pimage":"","pimage_id":"","pthumb":"","color":""},{"label":"38","value":"EU 38","price":"","pimage":"","pimage_id":"","pthumb":"","color":""},{"label":"38.5","value":"EU 38.5","price":"","pimage":"","pimage_id":"","pthumb":"","color":""},{"label":"39","value":"EU 39","price":"","pimage":"","pimage_id":"","pthumb":"","color":""},{"label":"39.5","value":"EU 39.5","price":"","pimage":"","pimage_id":"","pthumb":"","color":""},{"label":"40","value":"EU 40","price":"","pimage":"","pimage_id":"","pthumb":"","color":""},{"label":"40.5","value":"EU 40.5","price":"","pimage":"","pimage_id":"","pthumb":"","color":""},{"label":" 41.5","value":"EU 41.5","price":"","pimage":"","pimage_id":"","pthumb":"","color":""},{"label":"42","value":"EU 42","price":"","pimage":"","pimage_id":"","pthumb":"","color":""},{"label":"42.5","value":"EU 42.5","price":"","pimage":"","pimage_id":"","pthumb":"","color":""},{"label":"43.5","value":"EU 43.5","price":"","pimage":"","pimage_id":"","pthumb":"","color":""},{"label":"44","value":"EU 44","price":"","pimage":"","pimage_id":"","pthumb":"","color":""},{"label":"44.5","value":"EU 44.5","price":"","pimage":"","pimage_id":"","pthumb":"","color":""},{"label":"45","value":"EU 45","price":"","pimage":"","pimage_id":"","pthumb":"","color":""}],"relations":[{"operator":false,"rules":[]}],"form_id":184311,"form_rules":{"pric_cal_option_once":false,"exclude_from_discount":false,"pric_use_as_fee":false,"fee_label":"Fee","render_after_acb":false,"disp_hide_options_price":false}}]},"yoast_head":"<!-- This site is optimized with the Yoast SEO plugin v26.5 - https:\/\/yoast.com\/wordpress\/plugins\/seo\/ -->\n<title>ASICS Gel-Kayano 31 &#039;Blue Expanse Digital Aqua&#039;  - Tourcruiser PTE. LTD<\/title>\n<meta name=\"robots\" content=\"index, follow, max-snippet:-1, max-image-preview:large, max-video-preview:-1\" \/>\n<link rel=\"canonical\" href=\"https:\/\/tourcruiser.com\/\" \/>\n<meta property=\"og:locale\" content=\"de_DE\" \/>\n<meta property=\"og:type\" content=\"article\" \/>\n<meta property=\"og:title\" content=\"ASICS Gel-Kayano 31 &#039;Blue Expanse Digital Aqua&#039;  - Tourcruiser PTE. LTD\" \/>\n<meta property=\"og:description\" content=\"ASICS Gel-Kayano 31 \u201d\u201d Blue Expanse\/Digital Aqua\" \/>\n<meta property=\"og:url\" content=\"\/\" \/>\n<meta property=\"og:site_name\" content=\"Tourcruiser Sneaker Store\" \/>\n<meta property=\"article:modified_time\" content=\"2026-03-27T18:12:16+00:00\" \/>\n<meta name=\"twitter:card\" content=\"summary_large_image\" \/>\n<meta name=\"twitter:image\" content=\"https:\/\/images.novelship.com\/product\/asics_gel-kayano_31__blue_expanse_digital_aqua__10_0_17828.jpeg;https:\/\/images.novelship.com\/product\/asics_gel-kayano_31__blue_expanse_digital_aqua__10_1_17828.jpeg;https:\/\/images.novelship.com\/product\/asics_gel-kayano_31__blue_expanse_digital_aqua__10_2_17828.jpeg;https:\/\/images.novelship.com\/product\/asics_gel-kayano_31__blue_expanse_digital_aqua__10_3_17828.jpeg;https:\/\/images.novelship.com\/product\/asics_gel-kayano_31__blue_expanse_digital_aqua__10_4_17828.jpeg;https:\/\/images.novelship.com\/product\/asics_gel-kayano_31__blue_expanse_digital_aqua__10_5_17828.jpeg;https:\/\/images.novelship.com\/product\/asics_gel-kayano_31__blue_expanse_digital_aqua__10_6_17828.jpeg;https:\/\/images.novelship.com\/product\/asics_gel-kayano_31__blue_expanse_digital_aqua__10_7_17828.jpeg\" \/>\n<meta name=\"twitter:label1\" content=\"Gesch\u00e4tzte Lesezeit\" \/>\n\t<meta name=\"twitter:data1\" content=\"1\u00a0Minute\" \/>\n<script type=\"application\/ld+json\" class=\"yoast-schema-graph\">{\"@context\":\"https:\/\/schema.org\",\"@graph\":[{\"@type\":\"WebPage\",\"@id\":\"\/\",\"url\":\"https:\/\/tourcruiser.com\/\",\"name\":\"ASICS Gel-Kayano 31 'Blue Expanse Digital Aqua' - Tourcruiser PTE. LTD\",\"isPartOf\":{\"@id\":\"https:\/\/tourcruiser.com\/de\/#website\"},\"primaryImageOfPage\":{\"@id\":\"https:\/\/tourcruiser.com\/#primaryimage\"},\"image\":{\"@id\":\"https:\/\/tourcruiser.com\/#primaryimage\"},\"thumbnailUrl\":\"https:\/\/images.novelship.com\/product\/asics_gel-kayano_31__blue_expanse_digital_aqua__10_0_17828.jpeg;https:\/\/images.novelship.com\/product\/asics_gel-kayano_31__blue_expanse_digital_aqua__10_1_17828.jpeg;https:\/\/images.novelship.com\/product\/asics_gel-kayano_31__blue_expanse_digital_aqua__10_2_17828.jpeg;https:\/\/images.novelship.com\/product\/asics_gel-kayano_31__blue_expanse_digital_aqua__10_3_17828.jpeg;https:\/\/images.novelship.com\/product\/asics_gel-kayano_31__blue_expanse_digital_aqua__10_4_17828.jpeg;https:\/\/images.novelship.com\/product\/asics_gel-kayano_31__blue_expanse_digital_aqua__10_5_17828.jpeg;https:\/\/images.novelship.com\/product\/asics_gel-kayano_31__blue_expanse_digital_aqua__10_6_17828.jpeg;https:\/\/images.novelship.com\/product\/asics_gel-kayano_31__blue_expanse_digital_aqua__10_7_17828.jpeg\",\"datePublished\":\"2026-03-02T08:34:29+00:00\",\"dateModified\":\"2026-03-27T18:12:16+00:00\",\"breadcrumb\":{\"@id\":\"https:\/\/tourcruiser.com\/#breadcrumb\"},\"inLanguage\":\"de\",\"potentialAction\":[{\"@type\":\"ReadAction\",\"target\":[\"https:\/\/tourcruiser.com\/\"]}]},{\"@type\":\"ImageObject\",\"inLanguage\":\"de\",\"@id\":\"https:\/\/tourcruiser.com\/#primaryimage\",\"url\":\"https:\/\/images.novelship.com\/product\/asics_gel-kayano_31__blue_expanse_digital_aqua__10_0_17828.jpeg;https:\/\/images.novelship.com\/product\/asics_gel-kayano_31__blue_expanse_digital_aqua__10_1_17828.jpeg;https:\/\/images.novelship.com\/product\/asics_gel-kayano_31__blue_expanse_digital_aqua__10_2_17828.jpeg;https:\/\/images.novelship.com\/product\/asics_gel-kayano_31__blue_expanse_digital_aqua__10_3_17828.jpeg;https:\/\/images.novelship.com\/product\/asics_gel-kayano_31__blue_expanse_digital_aqua__10_4_17828.jpeg;https:\/\/images.novelship.com\/product\/asics_gel-kayano_31__blue_expanse_digital_aqua__10_5_17828.jpeg;https:\/\/images.novelship.com\/product\/asics_gel-kayano_31__blue_expanse_digital_aqua__10_6_17828.jpeg;https:\/\/images.novelship.com\/product\/asics_gel-kayano_31__blue_expanse_digital_aqua__10_7_17828.jpeg\",\"contentUrl\":\"https:\/\/images.novelship.com\/product\/asics_gel-kayano_31__blue_expanse_digital_aqua__10_0_17828.jpeg;https:\/\/images.novelship.com\/product\/asics_gel-kayano_31__blue_expanse_digital_aqua__10_1_17828.jpeg;https:\/\/images.novelship.com\/product\/asics_gel-kayano_31__blue_expanse_digital_aqua__10_2_17828.jpeg;https:\/\/images.novelship.com\/product\/asics_gel-kayano_31__blue_expanse_digital_aqua__10_3_17828.jpeg;https:\/\/images.novelship.com\/product\/asics_gel-kayano_31__blue_expanse_digital_aqua__10_4_17828.jpeg;https:\/\/images.novelship.com\/product\/asics_gel-kayano_31__blue_expanse_digital_aqua__10_5_17828.jpeg;https:\/\/images.novelship.com\/product\/asics_gel-kayano_31__blue_expanse_digital_aqua__10_6_17828.jpeg;https:\/\/images.novelship.com\/product\/asics_gel-kayano_31__blue_expanse_digital_aqua__10_7_17828.jpeg\"},{\"@type\":\"BreadcrumbList\",\"@id\":\"https:\/\/tourcruiser.com\/#breadcrumb\",\"itemListElement\":[{\"@type\":\"ListItem\",\"position\":1,\"name\":\"Home\",\"item\":\"https:\/\/tourcruiser.com\/de\/\"},{\"@type\":\"ListItem\",\"position\":2,\"name\":\"Shop\",\"item\":\"https:\/\/tourcruiser.com\/de\/shop\/\"},{\"@type\":\"ListItem\",\"position\":3,\"name\":\"ASICS Gel-Kayano 31 &#8218;Blue Expanse Digital Aqua&#8216;\"}]},{\"@type\":\"WebSite\",\"@id\":\"https:\/\/tourcruiser.com\/de\/#website\",\"url\":\"https:\/\/tourcruiser.com\/de\/\",\"name\":\"Styloral Jewelry Shop\",\"description\":\"Tourcruiser Sneaker Store \u2014 der Ort, an dem das Universum deine Einzigartigkeit trifft.\",\"publisher\":{\"@id\":\"https:\/\/tourcruiser.com\/de\/#organization\"},\"potentialAction\":[{\"@type\":\"SearchAction\",\"target\":{\"@type\":\"EntryPoint\",\"urlTemplate\":\"https:\/\/tourcruiser.com\/de\/?s={search_term_string}\"},\"query-input\":{\"@type\":\"PropertyValueSpecification\",\"valueRequired\":true,\"valueName\":\"search_term_string\"}}],\"inLanguage\":\"de\"},{\"@type\":\"Organization\",\"@id\":\"https:\/\/tourcruiser.com\/de\/#organization\",\"name\":\"STYLORAL PTE. LTD\",\"url\":\"https:\/\/tourcruiser.com\/de\/\",\"logo\":{\"@type\":\"ImageObject\",\"inLanguage\":\"de\",\"@id\":\"https:\/\/tourcruiser.com\/de\/#\/schema\/logo\/image\/\",\"url\":\"https:\/\/www.tourcruiser.com\/wp-content\/uploads\/2025\/12\/logo.png\",\"contentUrl\":\"https:\/\/www.tourcruiser.com\/wp-content\/uploads\/2025\/12\/logo.png\",\"width\":200,\"height\":65,\"caption\":\"STYLORAL PTE. LTD\"},\"image\":{\"@id\":\"https:\/\/tourcruiser.com\/de\/#\/schema\/logo\/image\/\"}}]}<\/script>\n<!-- \/ Yoast SEO plugin. -->","yoast_head_json":{"title":"ASICS Gel-Kayano 31 'Blue Expanse Digital Aqua'  - Tourcruiser PTE. LTD","robots":{"index":"index","follow":"follow","max-snippet":"max-snippet:-1","max-image-preview":"max-image-preview:large","max-video-preview":"max-video-preview:-1"},"canonical":"https:\/\/tourcruiser.com\/","og_locale":"de_DE","og_type":"article","og_title":"ASICS Gel-Kayano 31 'Blue Expanse Digital Aqua'  - Tourcruiser PTE. LTD","og_description":"ASICS Gel-Kayano 31 \u201d\u201d Blue Expanse\/Digital Aqua","og_url":"\/","og_site_name":"Tourcruiser Sneaker Store","article_modified_time":"2026-03-27T18:12:16+00:00","twitter_card":"summary_large_image","twitter_image":"https:\/\/images.novelship.com\/product\/asics_gel-kayano_31__blue_expanse_digital_aqua__10_0_17828.jpeg;https:\/\/images.novelship.com\/product\/asics_gel-kayano_31__blue_expanse_digital_aqua__10_1_17828.jpeg;https:\/\/images.novelship.com\/product\/asics_gel-kayano_31__blue_expanse_digital_aqua__10_2_17828.jpeg;https:\/\/images.novelship.com\/product\/asics_gel-kayano_31__blue_expanse_digital_aqua__10_3_17828.jpeg;https:\/\/images.novelship.com\/product\/asics_gel-kayano_31__blue_expanse_digital_aqua__10_4_17828.jpeg;https:\/\/images.novelship.com\/product\/asics_gel-kayano_31__blue_expanse_digital_aqua__10_5_17828.jpeg;https:\/\/images.novelship.com\/product\/asics_gel-kayano_31__blue_expanse_digital_aqua__10_6_17828.jpeg;https:\/\/images.novelship.com\/product\/asics_gel-kayano_31__blue_expanse_digital_aqua__10_7_17828.jpeg","twitter_misc":{"Gesch\u00e4tzte Lesezeit":"1\u00a0Minute"},"schema":{"@context":"https:\/\/schema.org","@graph":[{"@type":"WebPage","@id":"\/","url":"https:\/\/tourcruiser.com\/","name":"ASICS Gel-Kayano 31 'Blue Expanse Digital Aqua' - Tourcruiser PTE. LTD","isPartOf":{"@id":"https:\/\/tourcruiser.com\/de\/#website"},"primaryImageOfPage":{"@id":"https:\/\/tourcruiser.com\/#primaryimage"},"image":{"@id":"https:\/\/tourcruiser.com\/#primaryimage"},"thumbnailUrl":"https:\/\/images.novelship.com\/product\/asics_gel-kayano_31__blue_expanse_digital_aqua__10_0_17828.jpeg;https:\/\/images.novelship.com\/product\/asics_gel-kayano_31__blue_expanse_digital_aqua__10_1_17828.jpeg;https:\/\/images.novelship.com\/product\/asics_gel-kayano_31__blue_expanse_digital_aqua__10_2_17828.jpeg;https:\/\/images.novelship.com\/product\/asics_gel-kayano_31__blue_expanse_digital_aqua__10_3_17828.jpeg;https:\/\/images.novelship.com\/product\/asics_gel-kayano_31__blue_expanse_digital_aqua__10_4_17828.jpeg;https:\/\/images.novelship.com\/product\/asics_gel-kayano_31__blue_expanse_digital_aqua__10_5_17828.jpeg;https:\/\/images.novelship.com\/product\/asics_gel-kayano_31__blue_expanse_digital_aqua__10_6_17828.jpeg;https:\/\/images.novelship.com\/product\/asics_gel-kayano_31__blue_expanse_digital_aqua__10_7_17828.jpeg","datePublished":"2026-03-02T08:34:29+00:00","dateModified":"2026-03-27T18:12:16+00:00","breadcrumb":{"@id":"https:\/\/tourcruiser.com\/#breadcrumb"},"inLanguage":"de","potentialAction":[{"@type":"ReadAction","target":["https:\/\/tourcruiser.com\/"]}]},{"@type":"ImageObject","inLanguage":"de","@id":"https:\/\/tourcruiser.com\/#primaryimage","url":"https:\/\/images.novelship.com\/product\/asics_gel-kayano_31__blue_expanse_digital_aqua__10_0_17828.jpeg;https:\/\/images.novelship.com\/product\/asics_gel-kayano_31__blue_expanse_digital_aqua__10_1_17828.jpeg;https:\/\/images.novelship.com\/product\/asics_gel-kayano_31__blue_expanse_digital_aqua__10_2_17828.jpeg;https:\/\/images.novelship.com\/product\/asics_gel-kayano_31__blue_expanse_digital_aqua__10_3_17828.jpeg;https:\/\/images.novelship.com\/product\/asics_gel-kayano_31__blue_expanse_digital_aqua__10_4_17828.jpeg;https:\/\/images.novelship.com\/product\/asics_gel-kayano_31__blue_expanse_digital_aqua__10_5_17828.jpeg;https:\/\/images.novelship.com\/product\/asics_gel-kayano_31__blue_expanse_digital_aqua__10_6_17828.jpeg;https:\/\/images.novelship.com\/product\/asics_gel-kayano_31__blue_expanse_digital_aqua__10_7_17828.jpeg","contentUrl":"https:\/\/images.novelship.com\/product\/asics_gel-kayano_31__blue_expanse_digital_aqua__10_0_17828.jpeg;https:\/\/images.novelship.com\/product\/asics_gel-kayano_31__blue_expanse_digital_aqua__10_1_17828.jpeg;https:\/\/images.novelship.com\/product\/asics_gel-kayano_31__blue_expanse_digital_aqua__10_2_17828.jpeg;https:\/\/images.novelship.com\/product\/asics_gel-kayano_31__blue_expanse_digital_aqua__10_3_17828.jpeg;https:\/\/images.novelship.com\/product\/asics_gel-kayano_31__blue_expanse_digital_aqua__10_4_17828.jpeg;https:\/\/images.novelship.com\/product\/asics_gel-kayano_31__blue_expanse_digital_aqua__10_5_17828.jpeg;https:\/\/images.novelship.com\/product\/asics_gel-kayano_31__blue_expanse_digital_aqua__10_6_17828.jpeg;https:\/\/images.novelship.com\/product\/asics_gel-kayano_31__blue_expanse_digital_aqua__10_7_17828.jpeg"},{"@type":"BreadcrumbList","@id":"https:\/\/tourcruiser.com\/#breadcrumb","itemListElement":[{"@type":"ListItem","position":1,"name":"Home","item":"https:\/\/tourcruiser.com\/de\/"},{"@type":"ListItem","position":2,"name":"Shop","item":"https:\/\/tourcruiser.com\/de\/shop\/"},{"@type":"ListItem","position":3,"name":"ASICS Gel-Kayano 31 &#8218;Blue Expanse Digital Aqua&#8216;"}]},{"@type":"WebSite","@id":"https:\/\/tourcruiser.com\/de\/#website","url":"https:\/\/tourcruiser.com\/de\/","name":"Styloral Jewelry Shop","description":"Tourcruiser Sneaker Store \u2014 der Ort, an dem das Universum deine Einzigartigkeit trifft.","publisher":{"@id":"https:\/\/tourcruiser.com\/de\/#organization"},"potentialAction":[{"@type":"SearchAction","target":{"@type":"EntryPoint","urlTemplate":"https:\/\/tourcruiser.com\/de\/?s={search_term_string}"},"query-input":{"@type":"PropertyValueSpecification","valueRequired":true,"valueName":"search_term_string"}}],"inLanguage":"de"},{"@type":"Organization","@id":"https:\/\/tourcruiser.com\/de\/#organization","name":"STYLORAL PTE. LTD","url":"https:\/\/tourcruiser.com\/de\/","logo":{"@type":"ImageObject","inLanguage":"de","@id":"https:\/\/tourcruiser.com\/de\/#\/schema\/logo\/image\/","url":"https:\/\/www.tourcruiser.com\/wp-content\/uploads\/2025\/12\/logo.png","contentUrl":"https:\/\/www.tourcruiser.com\/wp-content\/uploads\/2025\/12\/logo.png","width":200,"height":65,"caption":"STYLORAL PTE. LTD"},"image":{"@id":"https:\/\/tourcruiser.com\/de\/#\/schema\/logo\/image\/"}}]}},"_links":{"self":[{"href":"https:\/\/tourcruiser.com\/de\/wp-json\/wp\/v2\/product\/131841","targetHints":{"allow":["GET"]}}],"collection":[{"href":"https:\/\/tourcruiser.com\/de\/wp-json\/wp\/v2\/product"}],"about":[{"href":"https:\/\/tourcruiser.com\/de\/wp-json\/wp\/v2\/types\/product"}],"replies":[{"embeddable":true,"href":"https:\/\/tourcruiser.com\/de\/wp-json\/wp\/v2\/comments?post=131841"}],"wp:featuredmedia":[{"embeddable":true,"href":"https:\/\/tourcruiser.com\/de\/wp-json\/wp\/v2\/media\/131842"}],"wp:attachment":[{"href":"https:\/\/tourcruiser.com\/de\/wp-json\/wp\/v2\/media?parent=131841"}],"wp:term":[{"taxonomy":"product_brand","embeddable":true,"href":"https:\/\/tourcruiser.com\/de\/wp-json\/wp\/v2\/product_brand?post=131841"},{"taxonomy":"product_cat","embeddable":true,"href":"https:\/\/tourcruiser.com\/de\/wp-json\/wp\/v2\/product_cat?post=131841"},{"taxonomy":"product_tag","embeddable":true,"href":"https:\/\/tourcruiser.com\/de\/wp-json\/wp\/v2\/product_tag?post=131841"}],"curies":[{"name":"wp","href":"https:\/\/api.w.org\/{rel}","templated":true}]}}