{"id":131343,"date":"2026-03-02T15:34:24","date_gmt":"2026-03-02T08:34:24","guid":{"rendered":"http:\/\/tourcruiser.com\/product\/women-nike-cortez-leather-triple-white"},"modified":"2026-03-28T01:12:15","modified_gmt":"2026-03-27T18:12:15","slug":"women-nike-cortez-leather-triple-white","status":"publish","type":"product","link":"https:\/\/tourcruiser.com\/de\/products\/women-nike-cortez-leather-triple-white\/","title":{"rendered":"(Women) Nike Cortez Leather &#8218;Triple White&#8216;"},"content":{"rendered":"<p>Der Nike Cortez Leather DN1791-109 ist ein zeitloser Klassiker, der Retro-Stil mit modernem Flair vereint und so einen vielseitigen Look kreiert, der zu jeder Garderobe passt.<\/p>\n<p>Dieser ikonische Sneaker ist aus hochwertigem Leder gefertigt und besticht durch sein elegantes und strapazierf\u00e4higes Finish. Er bietet \u00fcberragenden Tragekomfort und unverwechselbaren Style. Sein minimalistisches wei\u00dfes Design wird durch leuchtende rote und blaue Akzente perfekt erg\u00e4nzt und verk\u00f6rpert eine markante, aber dennoch dezente \u00c4sthetik.<\/p>\n<p>Die Schaumstoff-Mittelsohle sorgt f\u00fcr leichte D\u00e4mpfung und ganzt\u00e4gigen Tragekomfort, w\u00e4hrend die Gummiau\u00dfensohle mit Fischgr\u00e4tenprofil hervorragende Traktion auf verschiedenen Untergr\u00fcnden bietet. Ob auf der Stra\u00dfe oder als stilvolles Accessoire \u201d\u201c dieser Sneaker weckt nostalgische Gef\u00fchle und erf\u00fcllt gleichzeitig die Anspr\u00fcche von heute.<\/p>\n<p>Der Nike Cortez Leather DN1791-109 ist mehr als nur ein Schuh \u201d\u201c er ist ein Statement-Piece, das eine reiche Tradition w\u00fcrdigt und gleichzeitig einen zukunftsweisenden Style verk\u00f6rpert. Perfekt f\u00fcr Sneaker-Fans und alle, die es gerne l\u00e4ssig m\u00f6gen: Dieser Schuh vereint Komfort und Stil auf einzigartige Weise.<\/p>\n<ul>\n<li><strong>Farbgebung:<\/strong> Wei\u00df\/Wei\u00df<\/li>\n<li><strong>Artikelnummer:<\/strong> DN1791-109<\/li>\n<li><strong>Obermaterial:<\/strong> Leder<\/li>\n<li><strong>Farbe:<\/strong> Wei\u00df<\/li>\n<\/ul>\n","protected":false},"excerpt":{"rendered":"<p>Nike Cortez Leather \u201d\u201d White\/White<\/p>\n","protected":false},"featured_media":131344,"comment_status":"open","ping_status":"closed","template":"","meta":[],"product_brand":[],"product_cat":[10809],"product_tag":[10917],"class_list":{"0":"post-131343","1":"product","2":"type-product","3":"status-publish","4":"has-post-thumbnail","6":"product_cat-nike-women","7":"product_tag-small-130-usd","8":"wcpa_has_options","10":"first","11":"outofstock","12":"taxable","13":"shipping-taxable","14":"purchasable","15":"product-type-simple"},"wcpa_form_fields":{"rules":{"pric_overide_base_price":false,"pric_overide_base_price_if_gt_zero":false,"pric_overide_base_price_fully":false,"pric_cal_option_once":false,"pric_use_as_fee":false,"bind_quantity":false,"quantity_bind_formula":false},"fields":[{"type":"color-group","required":true,"elementId":"wcpa-color-group-66c4a75505e74","label":"Gr\u00f6\u00dfe - EU Gr\u00f6\u00dfe","inline":true,"priceOptions":"different_for_all","pricingType":"fixed","className":"hassizechart product-shoes-size-eu product-shoes-size","name":"color-group-66c4a75505e89","disp_type":"square","selection_type":"tick-border","disp_size":"44","show_label_inside":true,"adjust_width":true,"cart_display_type":"text","other_text":"Other","cl_rule":"show","col":6,"values":[{"label":"35.5","value":"EU 35.5","price":"","pimage":"","pimage_id":"","pthumb":"","color":""},{"label":"36","value":"EU 36","price":"","pimage":"","pimage_id":"","pthumb":"","color":"","selected":true},{"label":"36.5","value":"EU 36.5","price":"","pimage":"","pimage_id":"","pthumb":"","color":""},{"label":"37.5","value":"EU 37.5","price":"","pimage":"","pimage_id":"","pthumb":"","color":""},{"label":"38","value":"EU 38","price":"","pimage":"","pimage_id":"","pthumb":"","color":""},{"label":"38.5","value":"EU 38.5","price":"","pimage":"","pimage_id":"","pthumb":"","color":""},{"label":"39","value":"EU 39","price":"","pimage":"","pimage_id":"","pthumb":"","color":""},{"label":"40","value":"EU 40","price":"","pimage":"","pimage_id":"","pthumb":"","color":""},{"label":"40.5","value":"EU 40.5","price":"","pimage":"","pimage_id":"","pthumb":"","color":""},{"label":"41","value":"EU 41","price":"","pimage":"","pimage_id":"","pthumb":"","color":""},{"label":"42","value":"EU 42","price":"","pimage":"","pimage_id":"","pthumb":"","color":""},{"label":"42.5","value":"EU 42.5","price":"","pimage":"","pimage_id":"","pthumb":"","color":""},{"label":"43","value":"EU 43","price":"","pimage":"","pimage_id":"","pthumb":"","color":""},{"label":"44","value":"EU 44","price":"","pimage":"","pimage_id":"","pthumb":"","color":""},{"label":"44.5","value":"EU 44.5","price":"","pimage":"","pimage_id":"","pthumb":"","color":""},{"label":"45","value":"EU 45","price":"","pimage":"","pimage_id":"","pthumb":"","color":""},{"label":"45.5","value":"EU 45.5","price":"","pimage":"","pimage_id":"","pthumb":"","color":""},{"label":"46","value":"EU 46","price":"","pimage":"","pimage_id":"","pthumb":"","color":""},{"label":"47","value":"EU 47","price":"","pimage":"","pimage_id":"","pthumb":"","color":""},{"label":"47.5","value":"EU 47.5","price":"","pimage":"","pimage_id":"","pthumb":"","color":""},{"label":"48","value":"EU 48","price":"","pimage":"","pimage_id":"","pthumb":"","color":""}],"relations":[{"operator":false,"rules":[]}],"form_id":18106,"form_rules":{"pric_cal_option_once":false,"exclude_from_discount":false,"pric_use_as_fee":false,"fee_label":"Fee","render_after_acb":false,"disp_hide_options_price":false}}]},"yoast_head":"<!-- This site is optimized with the Yoast SEO plugin v26.5 - https:\/\/yoast.com\/wordpress\/plugins\/seo\/ -->\n<title>(Women) Nike Cortez Leather &#039;Triple White&#039;  - Tourcruiser PTE. LTD<\/title>\n<meta name=\"robots\" content=\"index, follow, max-snippet:-1, max-image-preview:large, max-video-preview:-1\" \/>\n<link rel=\"canonical\" href=\"https:\/\/tourcruiser.com\/de\/products\/women-nike-cortez-leather-triple-white\/\" \/>\n<meta property=\"og:locale\" content=\"de_DE\" \/>\n<meta property=\"og:type\" content=\"article\" \/>\n<meta property=\"og:title\" content=\"(Women) Nike Cortez Leather &#039;Triple White&#039;  - Tourcruiser PTE. LTD\" \/>\n<meta property=\"og:description\" content=\"Nike Cortez Leather \u201d\u201d White\/White\" \/>\n<meta property=\"og:url\" content=\"https:\/\/tourcruiser.com\/de\/products\/women-nike-cortez-leather-triple-white\/\" \/>\n<meta property=\"og:site_name\" content=\"Tourcruiser Sneaker Store\" \/>\n<meta property=\"article:modified_time\" content=\"2026-03-27T18:12:15+00:00\" \/>\n<meta name=\"twitter:card\" content=\"summary_large_image\" \/>\n<meta name=\"twitter:image\" content=\"https:\/\/images.novelship.com\/product\/_w__nike_cortez_leather_dn1791-109_0_26980.png;https:\/\/images.novelship.com\/product\/_w__nike_cortez_leather_dn1791-109_1_26980.png;https:\/\/images.novelship.com\/product\/_w__nike_cortez_leather_dn1791-109_2_26980.png;https:\/\/images.novelship.com\/product\/_w__nike_cortez_leather_dn1791-109_3_26980.png;https:\/\/images.novelship.com\/product\/_w__nike_cortez_leather_dn1791-109_4_26980.png;https:\/\/images.novelship.com\/product\/_w__nike_cortez_leather_dn1791-109_5_26980.png;https:\/\/images.novelship.com\/product\/_w__nike_cortez_leather_dn1791-109_6_26980.png;https:\/\/images.novelship.com\/product\/_w__nike_cortez_leather_dn1791-109_7_26980.png\" \/>\n<meta name=\"twitter:label1\" content=\"Gesch\u00e4tzte Lesezeit\" \/>\n\t<meta name=\"twitter:data1\" content=\"1\u00a0Minute\" \/>\n<script type=\"application\/ld+json\" class=\"yoast-schema-graph\">{\"@context\":\"https:\/\/schema.org\",\"@graph\":[{\"@type\":\"WebPage\",\"@id\":\"https:\/\/tourcruiser.com\/de\/products\/women-nike-cortez-leather-triple-white\/\",\"url\":\"https:\/\/tourcruiser.com\/de\/products\/women-nike-cortez-leather-triple-white\/\",\"name\":\"(Women) Nike Cortez Leather 'Triple White' - Tourcruiser PTE. LTD\",\"isPartOf\":{\"@id\":\"https:\/\/tourcruiser.com\/de\/#website\"},\"primaryImageOfPage\":{\"@id\":\"https:\/\/tourcruiser.com\/de\/products\/women-nike-cortez-leather-triple-white\/#primaryimage\"},\"image\":{\"@id\":\"https:\/\/tourcruiser.com\/de\/products\/women-nike-cortez-leather-triple-white\/#primaryimage\"},\"thumbnailUrl\":\"https:\/\/images.novelship.com\/product\/_w__nike_cortez_leather_dn1791-109_0_26980.png;https:\/\/images.novelship.com\/product\/_w__nike_cortez_leather_dn1791-109_1_26980.png;https:\/\/images.novelship.com\/product\/_w__nike_cortez_leather_dn1791-109_2_26980.png;https:\/\/images.novelship.com\/product\/_w__nike_cortez_leather_dn1791-109_3_26980.png;https:\/\/images.novelship.com\/product\/_w__nike_cortez_leather_dn1791-109_4_26980.png;https:\/\/images.novelship.com\/product\/_w__nike_cortez_leather_dn1791-109_5_26980.png;https:\/\/images.novelship.com\/product\/_w__nike_cortez_leather_dn1791-109_6_26980.png;https:\/\/images.novelship.com\/product\/_w__nike_cortez_leather_dn1791-109_7_26980.png\",\"datePublished\":\"2026-03-02T08:34:24+00:00\",\"dateModified\":\"2026-03-27T18:12:15+00:00\",\"breadcrumb\":{\"@id\":\"https:\/\/tourcruiser.com\/de\/products\/women-nike-cortez-leather-triple-white\/#breadcrumb\"},\"inLanguage\":\"de\",\"potentialAction\":[{\"@type\":\"ReadAction\",\"target\":[\"https:\/\/tourcruiser.com\/de\/products\/women-nike-cortez-leather-triple-white\/\"]}]},{\"@type\":\"ImageObject\",\"inLanguage\":\"de\",\"@id\":\"https:\/\/tourcruiser.com\/de\/products\/women-nike-cortez-leather-triple-white\/#primaryimage\",\"url\":\"https:\/\/images.novelship.com\/product\/_w__nike_cortez_leather_dn1791-109_0_26980.png;https:\/\/images.novelship.com\/product\/_w__nike_cortez_leather_dn1791-109_1_26980.png;https:\/\/images.novelship.com\/product\/_w__nike_cortez_leather_dn1791-109_2_26980.png;https:\/\/images.novelship.com\/product\/_w__nike_cortez_leather_dn1791-109_3_26980.png;https:\/\/images.novelship.com\/product\/_w__nike_cortez_leather_dn1791-109_4_26980.png;https:\/\/images.novelship.com\/product\/_w__nike_cortez_leather_dn1791-109_5_26980.png;https:\/\/images.novelship.com\/product\/_w__nike_cortez_leather_dn1791-109_6_26980.png;https:\/\/images.novelship.com\/product\/_w__nike_cortez_leather_dn1791-109_7_26980.png\",\"contentUrl\":\"https:\/\/images.novelship.com\/product\/_w__nike_cortez_leather_dn1791-109_0_26980.png;https:\/\/images.novelship.com\/product\/_w__nike_cortez_leather_dn1791-109_1_26980.png;https:\/\/images.novelship.com\/product\/_w__nike_cortez_leather_dn1791-109_2_26980.png;https:\/\/images.novelship.com\/product\/_w__nike_cortez_leather_dn1791-109_3_26980.png;https:\/\/images.novelship.com\/product\/_w__nike_cortez_leather_dn1791-109_4_26980.png;https:\/\/images.novelship.com\/product\/_w__nike_cortez_leather_dn1791-109_5_26980.png;https:\/\/images.novelship.com\/product\/_w__nike_cortez_leather_dn1791-109_6_26980.png;https:\/\/images.novelship.com\/product\/_w__nike_cortez_leather_dn1791-109_7_26980.png\"},{\"@type\":\"BreadcrumbList\",\"@id\":\"https:\/\/tourcruiser.com\/de\/products\/women-nike-cortez-leather-triple-white\/#breadcrumb\",\"itemListElement\":[{\"@type\":\"ListItem\",\"position\":1,\"name\":\"Home\",\"item\":\"https:\/\/tourcruiser.com\/de\/\"},{\"@type\":\"ListItem\",\"position\":2,\"name\":\"Shop\",\"item\":\"https:\/\/tourcruiser.com\/de\/shop\/\"},{\"@type\":\"ListItem\",\"position\":3,\"name\":\"(Women) Nike Cortez Leather 'Triple White'\"}]},{\"@type\":\"WebSite\",\"@id\":\"https:\/\/tourcruiser.com\/de\/#website\",\"url\":\"https:\/\/tourcruiser.com\/de\/\",\"name\":\"Styloral Jewelry Shop\",\"description\":\"Tourcruiser Sneaker Store \u2014 der Ort, an dem das Universum deine Einzigartigkeit trifft.\",\"publisher\":{\"@id\":\"https:\/\/tourcruiser.com\/de\/#organization\"},\"potentialAction\":[{\"@type\":\"SearchAction\",\"target\":{\"@type\":\"EntryPoint\",\"urlTemplate\":\"https:\/\/tourcruiser.com\/de\/?s={search_term_string}\"},\"query-input\":{\"@type\":\"PropertyValueSpecification\",\"valueRequired\":true,\"valueName\":\"search_term_string\"}}],\"inLanguage\":\"de\"},{\"@type\":\"Organization\",\"@id\":\"https:\/\/tourcruiser.com\/de\/#organization\",\"name\":\"STYLORAL PTE. LTD\",\"url\":\"https:\/\/tourcruiser.com\/de\/\",\"logo\":{\"@type\":\"ImageObject\",\"inLanguage\":\"de\",\"@id\":\"https:\/\/tourcruiser.com\/de\/#\/schema\/logo\/image\/\",\"url\":\"https:\/\/www.tourcruiser.com\/wp-content\/uploads\/2025\/12\/logo.png\",\"contentUrl\":\"https:\/\/www.tourcruiser.com\/wp-content\/uploads\/2025\/12\/logo.png\",\"width\":200,\"height\":65,\"caption\":\"STYLORAL PTE. LTD\"},\"image\":{\"@id\":\"https:\/\/tourcruiser.com\/de\/#\/schema\/logo\/image\/\"}}]}<\/script>\n<!-- \/ Yoast SEO plugin. -->","yoast_head_json":{"title":"(Women) Nike Cortez Leather 'Triple White'  - Tourcruiser PTE. LTD","robots":{"index":"index","follow":"follow","max-snippet":"max-snippet:-1","max-image-preview":"max-image-preview:large","max-video-preview":"max-video-preview:-1"},"canonical":"https:\/\/tourcruiser.com\/de\/products\/women-nike-cortez-leather-triple-white\/","og_locale":"de_DE","og_type":"article","og_title":"(Women) Nike Cortez Leather 'Triple White'  - Tourcruiser PTE. LTD","og_description":"Nike Cortez Leather \u201d\u201d White\/White","og_url":"https:\/\/tourcruiser.com\/de\/products\/women-nike-cortez-leather-triple-white\/","og_site_name":"Tourcruiser Sneaker Store","article_modified_time":"2026-03-27T18:12:15+00:00","twitter_card":"summary_large_image","twitter_image":"https:\/\/images.novelship.com\/product\/_w__nike_cortez_leather_dn1791-109_0_26980.png;https:\/\/images.novelship.com\/product\/_w__nike_cortez_leather_dn1791-109_1_26980.png;https:\/\/images.novelship.com\/product\/_w__nike_cortez_leather_dn1791-109_2_26980.png;https:\/\/images.novelship.com\/product\/_w__nike_cortez_leather_dn1791-109_3_26980.png;https:\/\/images.novelship.com\/product\/_w__nike_cortez_leather_dn1791-109_4_26980.png;https:\/\/images.novelship.com\/product\/_w__nike_cortez_leather_dn1791-109_5_26980.png;https:\/\/images.novelship.com\/product\/_w__nike_cortez_leather_dn1791-109_6_26980.png;https:\/\/images.novelship.com\/product\/_w__nike_cortez_leather_dn1791-109_7_26980.png","twitter_misc":{"Gesch\u00e4tzte Lesezeit":"1\u00a0Minute"},"schema":{"@context":"https:\/\/schema.org","@graph":[{"@type":"WebPage","@id":"https:\/\/tourcruiser.com\/de\/products\/women-nike-cortez-leather-triple-white\/","url":"https:\/\/tourcruiser.com\/de\/products\/women-nike-cortez-leather-triple-white\/","name":"(Women) Nike Cortez Leather 'Triple White' - Tourcruiser PTE. LTD","isPartOf":{"@id":"https:\/\/tourcruiser.com\/de\/#website"},"primaryImageOfPage":{"@id":"https:\/\/tourcruiser.com\/de\/products\/women-nike-cortez-leather-triple-white\/#primaryimage"},"image":{"@id":"https:\/\/tourcruiser.com\/de\/products\/women-nike-cortez-leather-triple-white\/#primaryimage"},"thumbnailUrl":"https:\/\/images.novelship.com\/product\/_w__nike_cortez_leather_dn1791-109_0_26980.png;https:\/\/images.novelship.com\/product\/_w__nike_cortez_leather_dn1791-109_1_26980.png;https:\/\/images.novelship.com\/product\/_w__nike_cortez_leather_dn1791-109_2_26980.png;https:\/\/images.novelship.com\/product\/_w__nike_cortez_leather_dn1791-109_3_26980.png;https:\/\/images.novelship.com\/product\/_w__nike_cortez_leather_dn1791-109_4_26980.png;https:\/\/images.novelship.com\/product\/_w__nike_cortez_leather_dn1791-109_5_26980.png;https:\/\/images.novelship.com\/product\/_w__nike_cortez_leather_dn1791-109_6_26980.png;https:\/\/images.novelship.com\/product\/_w__nike_cortez_leather_dn1791-109_7_26980.png","datePublished":"2026-03-02T08:34:24+00:00","dateModified":"2026-03-27T18:12:15+00:00","breadcrumb":{"@id":"https:\/\/tourcruiser.com\/de\/products\/women-nike-cortez-leather-triple-white\/#breadcrumb"},"inLanguage":"de","potentialAction":[{"@type":"ReadAction","target":["https:\/\/tourcruiser.com\/de\/products\/women-nike-cortez-leather-triple-white\/"]}]},{"@type":"ImageObject","inLanguage":"de","@id":"https:\/\/tourcruiser.com\/de\/products\/women-nike-cortez-leather-triple-white\/#primaryimage","url":"https:\/\/images.novelship.com\/product\/_w__nike_cortez_leather_dn1791-109_0_26980.png;https:\/\/images.novelship.com\/product\/_w__nike_cortez_leather_dn1791-109_1_26980.png;https:\/\/images.novelship.com\/product\/_w__nike_cortez_leather_dn1791-109_2_26980.png;https:\/\/images.novelship.com\/product\/_w__nike_cortez_leather_dn1791-109_3_26980.png;https:\/\/images.novelship.com\/product\/_w__nike_cortez_leather_dn1791-109_4_26980.png;https:\/\/images.novelship.com\/product\/_w__nike_cortez_leather_dn1791-109_5_26980.png;https:\/\/images.novelship.com\/product\/_w__nike_cortez_leather_dn1791-109_6_26980.png;https:\/\/images.novelship.com\/product\/_w__nike_cortez_leather_dn1791-109_7_26980.png","contentUrl":"https:\/\/images.novelship.com\/product\/_w__nike_cortez_leather_dn1791-109_0_26980.png;https:\/\/images.novelship.com\/product\/_w__nike_cortez_leather_dn1791-109_1_26980.png;https:\/\/images.novelship.com\/product\/_w__nike_cortez_leather_dn1791-109_2_26980.png;https:\/\/images.novelship.com\/product\/_w__nike_cortez_leather_dn1791-109_3_26980.png;https:\/\/images.novelship.com\/product\/_w__nike_cortez_leather_dn1791-109_4_26980.png;https:\/\/images.novelship.com\/product\/_w__nike_cortez_leather_dn1791-109_5_26980.png;https:\/\/images.novelship.com\/product\/_w__nike_cortez_leather_dn1791-109_6_26980.png;https:\/\/images.novelship.com\/product\/_w__nike_cortez_leather_dn1791-109_7_26980.png"},{"@type":"BreadcrumbList","@id":"https:\/\/tourcruiser.com\/de\/products\/women-nike-cortez-leather-triple-white\/#breadcrumb","itemListElement":[{"@type":"ListItem","position":1,"name":"Home","item":"https:\/\/tourcruiser.com\/de\/"},{"@type":"ListItem","position":2,"name":"Shop","item":"https:\/\/tourcruiser.com\/de\/shop\/"},{"@type":"ListItem","position":3,"name":"(Women) Nike Cortez Leather 'Triple White'"}]},{"@type":"WebSite","@id":"https:\/\/tourcruiser.com\/de\/#website","url":"https:\/\/tourcruiser.com\/de\/","name":"Styloral Jewelry Shop","description":"Tourcruiser Sneaker Store \u2014 der Ort, an dem das Universum deine Einzigartigkeit trifft.","publisher":{"@id":"https:\/\/tourcruiser.com\/de\/#organization"},"potentialAction":[{"@type":"SearchAction","target":{"@type":"EntryPoint","urlTemplate":"https:\/\/tourcruiser.com\/de\/?s={search_term_string}"},"query-input":{"@type":"PropertyValueSpecification","valueRequired":true,"valueName":"search_term_string"}}],"inLanguage":"de"},{"@type":"Organization","@id":"https:\/\/tourcruiser.com\/de\/#organization","name":"STYLORAL PTE. LTD","url":"https:\/\/tourcruiser.com\/de\/","logo":{"@type":"ImageObject","inLanguage":"de","@id":"https:\/\/tourcruiser.com\/de\/#\/schema\/logo\/image\/","url":"https:\/\/www.tourcruiser.com\/wp-content\/uploads\/2025\/12\/logo.png","contentUrl":"https:\/\/www.tourcruiser.com\/wp-content\/uploads\/2025\/12\/logo.png","width":200,"height":65,"caption":"STYLORAL PTE. LTD"},"image":{"@id":"https:\/\/tourcruiser.com\/de\/#\/schema\/logo\/image\/"}}]}},"_links":{"self":[{"href":"https:\/\/tourcruiser.com\/de\/wp-json\/wp\/v2\/product\/131343","targetHints":{"allow":["GET"]}}],"collection":[{"href":"https:\/\/tourcruiser.com\/de\/wp-json\/wp\/v2\/product"}],"about":[{"href":"https:\/\/tourcruiser.com\/de\/wp-json\/wp\/v2\/types\/product"}],"replies":[{"embeddable":true,"href":"https:\/\/tourcruiser.com\/de\/wp-json\/wp\/v2\/comments?post=131343"}],"wp:featuredmedia":[{"embeddable":true,"href":"https:\/\/tourcruiser.com\/de\/wp-json\/wp\/v2\/media\/131344"}],"wp:attachment":[{"href":"https:\/\/tourcruiser.com\/de\/wp-json\/wp\/v2\/media?parent=131343"}],"wp:term":[{"taxonomy":"product_brand","embeddable":true,"href":"https:\/\/tourcruiser.com\/de\/wp-json\/wp\/v2\/product_brand?post=131343"},{"taxonomy":"product_cat","embeddable":true,"href":"https:\/\/tourcruiser.com\/de\/wp-json\/wp\/v2\/product_cat?post=131343"},{"taxonomy":"product_tag","embeddable":true,"href":"https:\/\/tourcruiser.com\/de\/wp-json\/wp\/v2\/product_tag?post=131343"}],"curies":[{"name":"wp","href":"https:\/\/api.w.org\/{rel}","templated":true}]}}