{"id":128601,"date":"2026-03-02T15:33:57","date_gmt":"2026-03-02T08:33:57","guid":{"rendered":"http:\/\/tourcruiser.com\/product\/women-adidas-solarmotion-boa-24-pink-spark"},"modified":"2026-03-28T01:11:59","modified_gmt":"2026-03-27T18:11:59","slug":"women-adidas-solarmotion-boa-24-pink-spark","status":"publish","type":"product","link":"https:\/\/tourcruiser.com\/de\/products\/women-adidas-solarmotion-boa-24-pink-spark\/","title":{"rendered":"(Women) adidas Solarmotion BOA 24  &#8218;Pink Spark&#8216;"},"content":{"rendered":"<p>Erlebe ultimativen Komfort und beste Performance mit dem adidas Solarmotion BOA 24 &#8218;Pink Spark&#8216;. Dieser Damen-Sportschuh inspiriert dich mit seinem markanten Design und innovativen Technologien bei jedem Schritt. Das pr\u00e4zisionsgefertigte BOA Fit System erm\u00f6glicht schnelle und m\u00fchelose Anpassungen f\u00fcr eine sichere und individuelle Passform. Die leichte und dennoch robuste Konstruktion und die reaktionsfreudige Boost-Zwischensohle sorgen f\u00fcr unvergleichliche Energier\u00fcckgabe und ein kraftvolles und geschmeidiges Laufgef\u00fchl. Das atmungsaktive Mesh-Obermaterial in Kombination mit eleganten, modernen Designelementen in leuchtenden Pinkt\u00f6nen vereint Style und Funktionalit\u00e4t und macht den Schuh ideal f\u00fcr Workouts, L\u00e4ufe oder die Freizeit. Die strapazierf\u00e4hige Au\u00dfensohle bietet optimale Traktion und hervorragenden Grip auf unterschiedlichen Untergr\u00fcnden \u201d\u201c f\u00fcr mehr Sicherheit bei jeder Bewegung. Der adidas Solarmotion BOA 24 &#8218;Pink Spark&#8216; wurde f\u00fcr einen aktiven Lebensstil entwickelt und bietet unvergleichlichen Komfort. Er verk\u00f6rpert eine gewagte Mischung aus Mode und Funktionalit\u00e4t f\u00fcr die moderne Frau, die auff\u00e4llt.<\/p>\n<ul>\n<li><strong>Style Code:<\/strong> ID8601<\/li>\n<li><strong>Color:<\/strong> White<\/li>\n<\/ul>\n","protected":false},"excerpt":{"rendered":"<p>(W) adidas Solarmotion BOA 24  &#8218;Pink Spark&#8216;<\/p>\n","protected":false},"featured_media":128602,"comment_status":"open","ping_status":"closed","template":"","meta":[],"product_brand":[],"product_cat":[10941],"product_tag":[10759,14482,10926,11042,10802,10785,10786,10758],"class_list":{"0":"post-128601","1":"product","2":"type-product","3":"status-publish","4":"has-post-thumbnail","6":"product_cat-adidas-women","7":"product_tag-adidas","8":"product_tag-boa-disc-golf-shoes","9":"product_tag-gift-for-her","10":"product_tag-golf-shoes","11":"product_tag-performance-sport-shoes","12":"product_tag-trending-deals","13":"product_tag-trending-deals-under-150","14":"product_tag-under-retail","15":"wcpa_has_options","17":"first","18":"outofstock","19":"sale","20":"taxable","21":"shipping-taxable","22":"purchasable","23":"product-type-simple"},"wcpa_form_fields":{"rules":{"pric_overide_base_price":false,"pric_overide_base_price_if_gt_zero":false,"pric_overide_base_price_fully":false,"pric_cal_option_once":false,"pric_use_as_fee":false,"bind_quantity":false,"quantity_bind_formula":false},"fields":[{"type":"color-group","required":true,"elementId":"wcpa-color-group-66c4a7f817afe","label":"Gr\u00f6\u00dfe","inline":true,"priceOptions":"different_for_all","pricingType":"fixed","className":"hassizechart product-shoes-size-eu product-shoes-size","name":"color-group-66c4a7f817b18","disp_type":"square","selection_type":"tick-border","disp_size":"50","show_label_inside":true,"adjust_width":true,"cart_display_type":"text","other_text":"Other","cl_rule":"show","col":6,"values":[{"label":"35","value":"EU 35","price":"","pimage":"","pimage_id":"","pthumb":"","color":""},{"label":"35.5","value":"EU 35.5","price":"","pimage":"","pimage_id":"","pthumb":"","color":""},{"label":"36","value":"EU 36","price":"","pimage":"","pimage_id":"","pthumb":"","color":"","selected":true},{"label":"36 2\/3","value":"EU 36 2\/3","price":"","pimage":"","pimage_id":"","pthumb":"","color":""},{"label":"37 1\/3","value":"EU 37 1\/3","price":"","pimage":"","pimage_id":"","pthumb":"","color":""},{"label":"38","value":"EU 38","price":"","pimage":"","pimage_id":"","pthumb":"","color":""},{"label":"38 2\/3","value":"EU 38 2\/3","price":"","pimage":"","pimage_id":"","pthumb":"","color":""},{"label":"39 1\/3","value":"EU 39 1\/3","price":"","pimage":"","pimage_id":"","pthumb":"","color":""},{"label":"40","value":"EU 40","price":"","pimage":"","pimage_id":"","pthumb":"","color":""},{"label":"40 2\/3","value":"EU 40 2\/3","price":"","pimage":"","pimage_id":"","pthumb":"","color":""},{"label":"41 1\/3","value":"EU 41 1\/3","price":"","pimage":"","pimage_id":"","pthumb":"","color":""},{"label":"42","value":"EU 42","price":"","pimage":"","pimage_id":"","pthumb":"","color":""},{"label":"42 2\/3","value":"EU 42 2\/3","price":"","pimage":"","pimage_id":"","pthumb":"","color":""},{"label":"43 1\/3","value":"EU 43 1\/3","price":"","pimage":"","pimage_id":"","pthumb":"","color":""},{"label":"44","value":"EU 44","price":"","pimage":"","pimage_id":"","pthumb":"","color":""},{"label":"44 2\/3","value":"EU 44 2\/3","price":"","pimage":"","pimage_id":"","pthumb":"","color":""},{"label":"45 1\/3","value":"EU 45 1\/3","price":"","pimage":"","pimage_id":"","pthumb":"","color":""},{"label":"46","value":"EU 46","price":"","pimage":"","pimage_id":"","pthumb":"","color":""},{"label":"46 2\/3","value":"EU 46 2\/3","price":"","pimage":"","pimage_id":"","pthumb":"","color":""},{"label":"47 1\/3","value":"EU 47 1\/3","price":"","pimage":"","pimage_id":"","pthumb":"","color":""}],"relations":[{"operator":false,"rules":[]}],"form_id":24802,"form_rules":{"pric_cal_option_once":false,"exclude_from_discount":false,"pric_use_as_fee":false,"fee_label":"Fee","render_after_acb":false,"disp_hide_options_price":false}}]},"yoast_head":"<!-- This site is optimized with the Yoast SEO plugin v26.5 - https:\/\/yoast.com\/wordpress\/plugins\/seo\/ -->\n<title>(Women) adidas Solarmotion BOA 24 &#039;Pink Spark&#039;  - Tourcruiser PTE. LTD<\/title>\n<meta name=\"robots\" content=\"index, follow, max-snippet:-1, max-image-preview:large, max-video-preview:-1\" \/>\n<link rel=\"canonical\" href=\"https:\/\/tourcruiser.com\/de\/products\/women-adidas-solarmotion-boa-24-pink-spark\/\" \/>\n<meta property=\"og:locale\" content=\"de_DE\" \/>\n<meta property=\"og:type\" content=\"article\" \/>\n<meta property=\"og:title\" content=\"(Women) adidas Solarmotion BOA 24 &#039;Pink Spark&#039;  - Tourcruiser PTE. LTD\" \/>\n<meta property=\"og:description\" content=\"(W) adidas Solarmotion BOA 24 &#039;Pink Spark&#039;\" \/>\n<meta property=\"og:url\" content=\"https:\/\/tourcruiser.com\/de\/products\/women-adidas-solarmotion-boa-24-pink-spark\/\" \/>\n<meta property=\"og:site_name\" content=\"Tourcruiser Sneaker Store\" \/>\n<meta property=\"article:modified_time\" content=\"2026-03-27T18:11:59+00:00\" \/>\n<meta name=\"twitter:card\" content=\"summary_large_image\" \/>\n<meta name=\"twitter:image\" content=\"https:\/\/images.novelship.com\/product\/_women__adidas_solarmotion_boa_24___pink_spark__id_0_8858.jpeg;https:\/\/images.novelship.com\/product\/_women__adidas_solarmotion_boa_24___pink_spark__id_1_8858.jpeg;https:\/\/images.novelship.com\/product\/_women__adidas_solarmotion_boa_24___pink_spark__id_2_8858.jpeg;https:\/\/images.novelship.com\/product\/_women__adidas_solarmotion_boa_24___pink_spark__id_3_8859.jpeg;https:\/\/images.novelship.com\/product\/_women__adidas_solarmotion_boa_24___pink_spark__id_4_8859.jpeg;https:\/\/images.novelship.com\/product\/_women__adidas_solarmotion_boa_24___pink_spark__id_5_8859.jpeg;https:\/\/images.novelship.com\/product\/_women__adidas_solarmotion_boa_24___pink_spark__id_6_8859.jpeg;https:\/\/images.novelship.com\/product\/_women__adidas_solarmotion_boa_24___pink_spark__id_7_8859.jpeg\" \/>\n<meta name=\"twitter:label1\" content=\"Gesch\u00e4tzte Lesezeit\" \/>\n\t<meta name=\"twitter:data1\" content=\"1\u00a0Minute\" \/>\n<script type=\"application\/ld+json\" class=\"yoast-schema-graph\">{\"@context\":\"https:\/\/schema.org\",\"@graph\":[{\"@type\":\"WebPage\",\"@id\":\"https:\/\/tourcruiser.com\/de\/products\/women-adidas-solarmotion-boa-24-pink-spark\/\",\"url\":\"https:\/\/tourcruiser.com\/de\/products\/women-adidas-solarmotion-boa-24-pink-spark\/\",\"name\":\"(Women) adidas Solarmotion BOA 24 'Pink Spark' - Tourcruiser PTE. LTD\",\"isPartOf\":{\"@id\":\"https:\/\/tourcruiser.com\/de\/#website\"},\"primaryImageOfPage\":{\"@id\":\"https:\/\/tourcruiser.com\/de\/products\/women-adidas-solarmotion-boa-24-pink-spark\/#primaryimage\"},\"image\":{\"@id\":\"https:\/\/tourcruiser.com\/de\/products\/women-adidas-solarmotion-boa-24-pink-spark\/#primaryimage\"},\"thumbnailUrl\":\"https:\/\/images.novelship.com\/product\/_women__adidas_solarmotion_boa_24___pink_spark__id_0_8858.jpeg;https:\/\/images.novelship.com\/product\/_women__adidas_solarmotion_boa_24___pink_spark__id_1_8858.jpeg;https:\/\/images.novelship.com\/product\/_women__adidas_solarmotion_boa_24___pink_spark__id_2_8858.jpeg;https:\/\/images.novelship.com\/product\/_women__adidas_solarmotion_boa_24___pink_spark__id_3_8859.jpeg;https:\/\/images.novelship.com\/product\/_women__adidas_solarmotion_boa_24___pink_spark__id_4_8859.jpeg;https:\/\/images.novelship.com\/product\/_women__adidas_solarmotion_boa_24___pink_spark__id_5_8859.jpeg;https:\/\/images.novelship.com\/product\/_women__adidas_solarmotion_boa_24___pink_spark__id_6_8859.jpeg;https:\/\/images.novelship.com\/product\/_women__adidas_solarmotion_boa_24___pink_spark__id_7_8859.jpeg\",\"datePublished\":\"2026-03-02T08:33:57+00:00\",\"dateModified\":\"2026-03-27T18:11:59+00:00\",\"breadcrumb\":{\"@id\":\"https:\/\/tourcruiser.com\/de\/products\/women-adidas-solarmotion-boa-24-pink-spark\/#breadcrumb\"},\"inLanguage\":\"de\",\"potentialAction\":[{\"@type\":\"ReadAction\",\"target\":[\"https:\/\/tourcruiser.com\/de\/products\/women-adidas-solarmotion-boa-24-pink-spark\/\"]}]},{\"@type\":\"ImageObject\",\"inLanguage\":\"de\",\"@id\":\"https:\/\/tourcruiser.com\/de\/products\/women-adidas-solarmotion-boa-24-pink-spark\/#primaryimage\",\"url\":\"https:\/\/images.novelship.com\/product\/_women__adidas_solarmotion_boa_24___pink_spark__id_0_8858.jpeg;https:\/\/images.novelship.com\/product\/_women__adidas_solarmotion_boa_24___pink_spark__id_1_8858.jpeg;https:\/\/images.novelship.com\/product\/_women__adidas_solarmotion_boa_24___pink_spark__id_2_8858.jpeg;https:\/\/images.novelship.com\/product\/_women__adidas_solarmotion_boa_24___pink_spark__id_3_8859.jpeg;https:\/\/images.novelship.com\/product\/_women__adidas_solarmotion_boa_24___pink_spark__id_4_8859.jpeg;https:\/\/images.novelship.com\/product\/_women__adidas_solarmotion_boa_24___pink_spark__id_5_8859.jpeg;https:\/\/images.novelship.com\/product\/_women__adidas_solarmotion_boa_24___pink_spark__id_6_8859.jpeg;https:\/\/images.novelship.com\/product\/_women__adidas_solarmotion_boa_24___pink_spark__id_7_8859.jpeg\",\"contentUrl\":\"https:\/\/images.novelship.com\/product\/_women__adidas_solarmotion_boa_24___pink_spark__id_0_8858.jpeg;https:\/\/images.novelship.com\/product\/_women__adidas_solarmotion_boa_24___pink_spark__id_1_8858.jpeg;https:\/\/images.novelship.com\/product\/_women__adidas_solarmotion_boa_24___pink_spark__id_2_8858.jpeg;https:\/\/images.novelship.com\/product\/_women__adidas_solarmotion_boa_24___pink_spark__id_3_8859.jpeg;https:\/\/images.novelship.com\/product\/_women__adidas_solarmotion_boa_24___pink_spark__id_4_8859.jpeg;https:\/\/images.novelship.com\/product\/_women__adidas_solarmotion_boa_24___pink_spark__id_5_8859.jpeg;https:\/\/images.novelship.com\/product\/_women__adidas_solarmotion_boa_24___pink_spark__id_6_8859.jpeg;https:\/\/images.novelship.com\/product\/_women__adidas_solarmotion_boa_24___pink_spark__id_7_8859.jpeg\"},{\"@type\":\"BreadcrumbList\",\"@id\":\"https:\/\/tourcruiser.com\/de\/products\/women-adidas-solarmotion-boa-24-pink-spark\/#breadcrumb\",\"itemListElement\":[{\"@type\":\"ListItem\",\"position\":1,\"name\":\"Home\",\"item\":\"https:\/\/tourcruiser.com\/de\/\"},{\"@type\":\"ListItem\",\"position\":2,\"name\":\"Shop\",\"item\":\"https:\/\/tourcruiser.com\/de\/shop\/\"},{\"@type\":\"ListItem\",\"position\":3,\"name\":\"(Women) adidas Solarmotion BOA 24 'Pink Spark'\"}]},{\"@type\":\"WebSite\",\"@id\":\"https:\/\/tourcruiser.com\/de\/#website\",\"url\":\"https:\/\/tourcruiser.com\/de\/\",\"name\":\"Styloral Jewelry Shop\",\"description\":\"Tourcruiser Sneaker Store \u2014 der Ort, an dem das Universum deine Einzigartigkeit trifft.\",\"publisher\":{\"@id\":\"https:\/\/tourcruiser.com\/de\/#organization\"},\"potentialAction\":[{\"@type\":\"SearchAction\",\"target\":{\"@type\":\"EntryPoint\",\"urlTemplate\":\"https:\/\/tourcruiser.com\/de\/?s={search_term_string}\"},\"query-input\":{\"@type\":\"PropertyValueSpecification\",\"valueRequired\":true,\"valueName\":\"search_term_string\"}}],\"inLanguage\":\"de\"},{\"@type\":\"Organization\",\"@id\":\"https:\/\/tourcruiser.com\/de\/#organization\",\"name\":\"STYLORAL PTE. LTD\",\"url\":\"https:\/\/tourcruiser.com\/de\/\",\"logo\":{\"@type\":\"ImageObject\",\"inLanguage\":\"de\",\"@id\":\"https:\/\/tourcruiser.com\/de\/#\/schema\/logo\/image\/\",\"url\":\"https:\/\/www.tourcruiser.com\/wp-content\/uploads\/2025\/12\/logo.png\",\"contentUrl\":\"https:\/\/www.tourcruiser.com\/wp-content\/uploads\/2025\/12\/logo.png\",\"width\":200,\"height\":65,\"caption\":\"STYLORAL PTE. LTD\"},\"image\":{\"@id\":\"https:\/\/tourcruiser.com\/de\/#\/schema\/logo\/image\/\"}}]}<\/script>\n<!-- \/ Yoast SEO plugin. -->","yoast_head_json":{"title":"(Women) adidas Solarmotion BOA 24 'Pink Spark'  - Tourcruiser PTE. LTD","robots":{"index":"index","follow":"follow","max-snippet":"max-snippet:-1","max-image-preview":"max-image-preview:large","max-video-preview":"max-video-preview:-1"},"canonical":"https:\/\/tourcruiser.com\/de\/products\/women-adidas-solarmotion-boa-24-pink-spark\/","og_locale":"de_DE","og_type":"article","og_title":"(Women) adidas Solarmotion BOA 24 'Pink Spark'  - Tourcruiser PTE. LTD","og_description":"(W) adidas Solarmotion BOA 24 'Pink Spark'","og_url":"https:\/\/tourcruiser.com\/de\/products\/women-adidas-solarmotion-boa-24-pink-spark\/","og_site_name":"Tourcruiser Sneaker Store","article_modified_time":"2026-03-27T18:11:59+00:00","twitter_card":"summary_large_image","twitter_image":"https:\/\/images.novelship.com\/product\/_women__adidas_solarmotion_boa_24___pink_spark__id_0_8858.jpeg;https:\/\/images.novelship.com\/product\/_women__adidas_solarmotion_boa_24___pink_spark__id_1_8858.jpeg;https:\/\/images.novelship.com\/product\/_women__adidas_solarmotion_boa_24___pink_spark__id_2_8858.jpeg;https:\/\/images.novelship.com\/product\/_women__adidas_solarmotion_boa_24___pink_spark__id_3_8859.jpeg;https:\/\/images.novelship.com\/product\/_women__adidas_solarmotion_boa_24___pink_spark__id_4_8859.jpeg;https:\/\/images.novelship.com\/product\/_women__adidas_solarmotion_boa_24___pink_spark__id_5_8859.jpeg;https:\/\/images.novelship.com\/product\/_women__adidas_solarmotion_boa_24___pink_spark__id_6_8859.jpeg;https:\/\/images.novelship.com\/product\/_women__adidas_solarmotion_boa_24___pink_spark__id_7_8859.jpeg","twitter_misc":{"Gesch\u00e4tzte Lesezeit":"1\u00a0Minute"},"schema":{"@context":"https:\/\/schema.org","@graph":[{"@type":"WebPage","@id":"https:\/\/tourcruiser.com\/de\/products\/women-adidas-solarmotion-boa-24-pink-spark\/","url":"https:\/\/tourcruiser.com\/de\/products\/women-adidas-solarmotion-boa-24-pink-spark\/","name":"(Women) adidas Solarmotion BOA 24 'Pink Spark' - Tourcruiser PTE. LTD","isPartOf":{"@id":"https:\/\/tourcruiser.com\/de\/#website"},"primaryImageOfPage":{"@id":"https:\/\/tourcruiser.com\/de\/products\/women-adidas-solarmotion-boa-24-pink-spark\/#primaryimage"},"image":{"@id":"https:\/\/tourcruiser.com\/de\/products\/women-adidas-solarmotion-boa-24-pink-spark\/#primaryimage"},"thumbnailUrl":"https:\/\/images.novelship.com\/product\/_women__adidas_solarmotion_boa_24___pink_spark__id_0_8858.jpeg;https:\/\/images.novelship.com\/product\/_women__adidas_solarmotion_boa_24___pink_spark__id_1_8858.jpeg;https:\/\/images.novelship.com\/product\/_women__adidas_solarmotion_boa_24___pink_spark__id_2_8858.jpeg;https:\/\/images.novelship.com\/product\/_women__adidas_solarmotion_boa_24___pink_spark__id_3_8859.jpeg;https:\/\/images.novelship.com\/product\/_women__adidas_solarmotion_boa_24___pink_spark__id_4_8859.jpeg;https:\/\/images.novelship.com\/product\/_women__adidas_solarmotion_boa_24___pink_spark__id_5_8859.jpeg;https:\/\/images.novelship.com\/product\/_women__adidas_solarmotion_boa_24___pink_spark__id_6_8859.jpeg;https:\/\/images.novelship.com\/product\/_women__adidas_solarmotion_boa_24___pink_spark__id_7_8859.jpeg","datePublished":"2026-03-02T08:33:57+00:00","dateModified":"2026-03-27T18:11:59+00:00","breadcrumb":{"@id":"https:\/\/tourcruiser.com\/de\/products\/women-adidas-solarmotion-boa-24-pink-spark\/#breadcrumb"},"inLanguage":"de","potentialAction":[{"@type":"ReadAction","target":["https:\/\/tourcruiser.com\/de\/products\/women-adidas-solarmotion-boa-24-pink-spark\/"]}]},{"@type":"ImageObject","inLanguage":"de","@id":"https:\/\/tourcruiser.com\/de\/products\/women-adidas-solarmotion-boa-24-pink-spark\/#primaryimage","url":"https:\/\/images.novelship.com\/product\/_women__adidas_solarmotion_boa_24___pink_spark__id_0_8858.jpeg;https:\/\/images.novelship.com\/product\/_women__adidas_solarmotion_boa_24___pink_spark__id_1_8858.jpeg;https:\/\/images.novelship.com\/product\/_women__adidas_solarmotion_boa_24___pink_spark__id_2_8858.jpeg;https:\/\/images.novelship.com\/product\/_women__adidas_solarmotion_boa_24___pink_spark__id_3_8859.jpeg;https:\/\/images.novelship.com\/product\/_women__adidas_solarmotion_boa_24___pink_spark__id_4_8859.jpeg;https:\/\/images.novelship.com\/product\/_women__adidas_solarmotion_boa_24___pink_spark__id_5_8859.jpeg;https:\/\/images.novelship.com\/product\/_women__adidas_solarmotion_boa_24___pink_spark__id_6_8859.jpeg;https:\/\/images.novelship.com\/product\/_women__adidas_solarmotion_boa_24___pink_spark__id_7_8859.jpeg","contentUrl":"https:\/\/images.novelship.com\/product\/_women__adidas_solarmotion_boa_24___pink_spark__id_0_8858.jpeg;https:\/\/images.novelship.com\/product\/_women__adidas_solarmotion_boa_24___pink_spark__id_1_8858.jpeg;https:\/\/images.novelship.com\/product\/_women__adidas_solarmotion_boa_24___pink_spark__id_2_8858.jpeg;https:\/\/images.novelship.com\/product\/_women__adidas_solarmotion_boa_24___pink_spark__id_3_8859.jpeg;https:\/\/images.novelship.com\/product\/_women__adidas_solarmotion_boa_24___pink_spark__id_4_8859.jpeg;https:\/\/images.novelship.com\/product\/_women__adidas_solarmotion_boa_24___pink_spark__id_5_8859.jpeg;https:\/\/images.novelship.com\/product\/_women__adidas_solarmotion_boa_24___pink_spark__id_6_8859.jpeg;https:\/\/images.novelship.com\/product\/_women__adidas_solarmotion_boa_24___pink_spark__id_7_8859.jpeg"},{"@type":"BreadcrumbList","@id":"https:\/\/tourcruiser.com\/de\/products\/women-adidas-solarmotion-boa-24-pink-spark\/#breadcrumb","itemListElement":[{"@type":"ListItem","position":1,"name":"Home","item":"https:\/\/tourcruiser.com\/de\/"},{"@type":"ListItem","position":2,"name":"Shop","item":"https:\/\/tourcruiser.com\/de\/shop\/"},{"@type":"ListItem","position":3,"name":"(Women) adidas Solarmotion BOA 24 'Pink Spark'"}]},{"@type":"WebSite","@id":"https:\/\/tourcruiser.com\/de\/#website","url":"https:\/\/tourcruiser.com\/de\/","name":"Styloral Jewelry Shop","description":"Tourcruiser Sneaker Store \u2014 der Ort, an dem das Universum deine Einzigartigkeit trifft.","publisher":{"@id":"https:\/\/tourcruiser.com\/de\/#organization"},"potentialAction":[{"@type":"SearchAction","target":{"@type":"EntryPoint","urlTemplate":"https:\/\/tourcruiser.com\/de\/?s={search_term_string}"},"query-input":{"@type":"PropertyValueSpecification","valueRequired":true,"valueName":"search_term_string"}}],"inLanguage":"de"},{"@type":"Organization","@id":"https:\/\/tourcruiser.com\/de\/#organization","name":"STYLORAL PTE. LTD","url":"https:\/\/tourcruiser.com\/de\/","logo":{"@type":"ImageObject","inLanguage":"de","@id":"https:\/\/tourcruiser.com\/de\/#\/schema\/logo\/image\/","url":"https:\/\/www.tourcruiser.com\/wp-content\/uploads\/2025\/12\/logo.png","contentUrl":"https:\/\/www.tourcruiser.com\/wp-content\/uploads\/2025\/12\/logo.png","width":200,"height":65,"caption":"STYLORAL PTE. LTD"},"image":{"@id":"https:\/\/tourcruiser.com\/de\/#\/schema\/logo\/image\/"}}]}},"_links":{"self":[{"href":"https:\/\/tourcruiser.com\/de\/wp-json\/wp\/v2\/product\/128601","targetHints":{"allow":["GET"]}}],"collection":[{"href":"https:\/\/tourcruiser.com\/de\/wp-json\/wp\/v2\/product"}],"about":[{"href":"https:\/\/tourcruiser.com\/de\/wp-json\/wp\/v2\/types\/product"}],"replies":[{"embeddable":true,"href":"https:\/\/tourcruiser.com\/de\/wp-json\/wp\/v2\/comments?post=128601"}],"wp:featuredmedia":[{"embeddable":true,"href":"https:\/\/tourcruiser.com\/de\/wp-json\/wp\/v2\/media\/128602"}],"wp:attachment":[{"href":"https:\/\/tourcruiser.com\/de\/wp-json\/wp\/v2\/media?parent=128601"}],"wp:term":[{"taxonomy":"product_brand","embeddable":true,"href":"https:\/\/tourcruiser.com\/de\/wp-json\/wp\/v2\/product_brand?post=128601"},{"taxonomy":"product_cat","embeddable":true,"href":"https:\/\/tourcruiser.com\/de\/wp-json\/wp\/v2\/product_cat?post=128601"},{"taxonomy":"product_tag","embeddable":true,"href":"https:\/\/tourcruiser.com\/de\/wp-json\/wp\/v2\/product_tag?post=128601"}],"curies":[{"name":"wp","href":"https:\/\/api.w.org\/{rel}","templated":true}]}}