{"id":127476,"date":"2026-03-02T15:33:45","date_gmt":"2026-03-02T08:33:45","guid":{"rendered":"http:\/\/tourcruiser.com\/product\/adidas-terrex-jawpaw-slip-on-heatrdy-black-white-2021"},"modified":"2026-03-28T01:11:48","modified_gmt":"2026-03-27T18:11:48","slug":"adidas-terrex-jawpaw-slip-on-heatrdy-black-white-2021","status":"publish","type":"product","link":"https:\/\/tourcruiser.com\/de\/products\/adidas-terrex-jawpaw-slip-on-heatrdy-black-white-2021\/","title":{"rendered":"adidas Terrex Jawpaw Slip-On Heat.RDY &#8218;Black White&#8216; 2021"},"content":{"rendered":"<p>Der adidas Terrex Jawpaw Slip-On Heat.RDY in Schwarz-Wei\u00df ist ein Must-have f\u00fcr Outdoor-Abenteuer. Dank des Slip-On-Designs und der Heat.RDY-Technologie l\u00e4sst er sich schnell und einfach an- und ausziehen und h\u00e4lt deine F\u00fc\u00dfe angenehm k\u00fchl und trocken. Die schwarz-wei\u00dfe Farbgebung verleiht deinem Look eine elegante und stylische Note. Ideal zum Wandern, Campen oder f\u00fcr Wassersport \u201d\u201c diese Schuhe bieten au\u00dfergew\u00f6hnlichen Komfort und optimale Traktion auf unterschiedlichem Terrain. Vervollst\u00e4ndige deine Outdoor-Ausr\u00fcstung mit diesen adidas Terrex Jawpaw Slip-Ons.<\/p>\n<p>Farbe: Schwarz<\/p>\n<p>Style-Code: GY6121<\/p>\n<p>Obermaterial: Mesh<\/p>\n<p>Farbe: Schwarz<\/p>\n<p>Saison: Ganzj\u00e4hrig<\/p>\n<p>Erscheinungsjahr: 2021<\/p>\n","protected":false},"excerpt":{"rendered":"<p>adidas Terrex Jawpaw \u201d\u201d Black<\/p>\n","protected":false},"featured_media":127477,"comment_status":"open","ping_status":"closed","template":"","meta":[],"product_brand":[],"product_cat":[10760],"product_tag":[10759,10753,11114,10802,16776,10758,11116],"class_list":{"0":"post-127476","1":"product","2":"type-product","3":"status-publish","4":"has-post-thumbnail","6":"product_cat-adidas","7":"product_tag-adidas","8":"product_tag-gift-for-him","9":"product_tag-hiking-shoes","10":"product_tag-performance-sport-shoes","11":"product_tag-slip-on-hiking-shoes","12":"product_tag-under-retail","13":"product_tag-waterproof-hiking-shoes","14":"wcpa_has_options","16":"first","17":"outofstock","18":"taxable","19":"shipping-taxable","20":"purchasable","21":"product-type-simple"},"wcpa_form_fields":{"rules":{"pric_overide_base_price":false,"pric_overide_base_price_if_gt_zero":false,"pric_overide_base_price_fully":false,"pric_cal_option_once":false,"pric_use_as_fee":false,"bind_quantity":false,"quantity_bind_formula":false},"fields":[{"type":"color-group","required":true,"elementId":"wcpa-color-group-66c4a7f817afe","label":"Gr\u00f6\u00dfe","inline":true,"priceOptions":"different_for_all","pricingType":"fixed","className":"hassizechart product-shoes-size-eu product-shoes-size","name":"color-group-66c4a7f817b18","disp_type":"square","selection_type":"tick-border","disp_size":"50","show_label_inside":true,"adjust_width":true,"cart_display_type":"text","other_text":"Other","cl_rule":"show","col":6,"values":[{"label":"35","value":"EU 35","price":"","pimage":"","pimage_id":"","pthumb":"","color":""},{"label":"35.5","value":"EU 35.5","price":"","pimage":"","pimage_id":"","pthumb":"","color":""},{"label":"36","value":"EU 36","price":"","pimage":"","pimage_id":"","pthumb":"","color":"","selected":true},{"label":"36 2\/3","value":"EU 36 2\/3","price":"","pimage":"","pimage_id":"","pthumb":"","color":""},{"label":"37 1\/3","value":"EU 37 1\/3","price":"","pimage":"","pimage_id":"","pthumb":"","color":""},{"label":"38","value":"EU 38","price":"","pimage":"","pimage_id":"","pthumb":"","color":""},{"label":"38 2\/3","value":"EU 38 2\/3","price":"","pimage":"","pimage_id":"","pthumb":"","color":""},{"label":"39 1\/3","value":"EU 39 1\/3","price":"","pimage":"","pimage_id":"","pthumb":"","color":""},{"label":"40","value":"EU 40","price":"","pimage":"","pimage_id":"","pthumb":"","color":""},{"label":"40 2\/3","value":"EU 40 2\/3","price":"","pimage":"","pimage_id":"","pthumb":"","color":""},{"label":"41 1\/3","value":"EU 41 1\/3","price":"","pimage":"","pimage_id":"","pthumb":"","color":""},{"label":"42","value":"EU 42","price":"","pimage":"","pimage_id":"","pthumb":"","color":""},{"label":"42 2\/3","value":"EU 42 2\/3","price":"","pimage":"","pimage_id":"","pthumb":"","color":""},{"label":"43 1\/3","value":"EU 43 1\/3","price":"","pimage":"","pimage_id":"","pthumb":"","color":""},{"label":"44","value":"EU 44","price":"","pimage":"","pimage_id":"","pthumb":"","color":""},{"label":"44 2\/3","value":"EU 44 2\/3","price":"","pimage":"","pimage_id":"","pthumb":"","color":""},{"label":"45 1\/3","value":"EU 45 1\/3","price":"","pimage":"","pimage_id":"","pthumb":"","color":""},{"label":"46","value":"EU 46","price":"","pimage":"","pimage_id":"","pthumb":"","color":""},{"label":"46 2\/3","value":"EU 46 2\/3","price":"","pimage":"","pimage_id":"","pthumb":"","color":""},{"label":"47 1\/3","value":"EU 47 1\/3","price":"","pimage":"","pimage_id":"","pthumb":"","color":""}],"relations":[{"operator":false,"rules":[]}],"form_id":24802,"form_rules":{"pric_cal_option_once":false,"exclude_from_discount":false,"pric_use_as_fee":false,"fee_label":"Fee","render_after_acb":false,"disp_hide_options_price":false}}]},"yoast_head":"<!-- This site is optimized with the Yoast SEO plugin v26.5 - https:\/\/yoast.com\/wordpress\/plugins\/seo\/ -->\n<title>adidas Terrex Jawpaw Slip-On Heat.RDY &#039;Black White&#039; 2021  - Tourcruiser PTE. LTD<\/title>\n<meta name=\"robots\" content=\"index, follow, max-snippet:-1, max-image-preview:large, max-video-preview:-1\" \/>\n<link rel=\"canonical\" href=\"https:\/\/tourcruiser.com\/de\/products\/adidas-terrex-jawpaw-slip-on-heatrdy-black-white-2021\/\" \/>\n<meta property=\"og:locale\" content=\"de_DE\" \/>\n<meta property=\"og:type\" content=\"article\" \/>\n<meta property=\"og:title\" content=\"adidas Terrex Jawpaw Slip-On Heat.RDY &#039;Black White&#039; 2021  - Tourcruiser PTE. LTD\" \/>\n<meta property=\"og:description\" content=\"adidas Terrex Jawpaw \u201d\u201d Black\" \/>\n<meta property=\"og:url\" content=\"https:\/\/tourcruiser.com\/de\/products\/adidas-terrex-jawpaw-slip-on-heatrdy-black-white-2021\/\" \/>\n<meta property=\"og:site_name\" content=\"Tourcruiser Sneaker Store\" \/>\n<meta property=\"article:modified_time\" content=\"2026-03-27T18:11:48+00:00\" \/>\n<meta name=\"twitter:card\" content=\"summary_large_image\" \/>\n<meta name=\"twitter:image\" content=\"https:\/\/images.novelship.com\/product\/adidas_terrex_jawpaw_slip-on_heat_rdy__black_white_0_19686.png\" \/>\n<script type=\"application\/ld+json\" class=\"yoast-schema-graph\">{\"@context\":\"https:\/\/schema.org\",\"@graph\":[{\"@type\":\"WebPage\",\"@id\":\"https:\/\/tourcruiser.com\/de\/products\/adidas-terrex-jawpaw-slip-on-heatrdy-black-white-2021\/\",\"url\":\"https:\/\/tourcruiser.com\/de\/products\/adidas-terrex-jawpaw-slip-on-heatrdy-black-white-2021\/\",\"name\":\"adidas Terrex Jawpaw Slip-On Heat.RDY 'Black White' 2021 - Tourcruiser PTE. LTD\",\"isPartOf\":{\"@id\":\"https:\/\/tourcruiser.com\/de\/#website\"},\"primaryImageOfPage\":{\"@id\":\"https:\/\/tourcruiser.com\/de\/products\/adidas-terrex-jawpaw-slip-on-heatrdy-black-white-2021\/#primaryimage\"},\"image\":{\"@id\":\"https:\/\/tourcruiser.com\/de\/products\/adidas-terrex-jawpaw-slip-on-heatrdy-black-white-2021\/#primaryimage\"},\"thumbnailUrl\":\"https:\/\/images.novelship.com\/product\/adidas_terrex_jawpaw_slip-on_heat_rdy__black_white_0_19686.png\",\"datePublished\":\"2026-03-02T08:33:45+00:00\",\"dateModified\":\"2026-03-27T18:11:48+00:00\",\"breadcrumb\":{\"@id\":\"https:\/\/tourcruiser.com\/de\/products\/adidas-terrex-jawpaw-slip-on-heatrdy-black-white-2021\/#breadcrumb\"},\"inLanguage\":\"de\",\"potentialAction\":[{\"@type\":\"ReadAction\",\"target\":[\"https:\/\/tourcruiser.com\/de\/products\/adidas-terrex-jawpaw-slip-on-heatrdy-black-white-2021\/\"]}]},{\"@type\":\"ImageObject\",\"inLanguage\":\"de\",\"@id\":\"https:\/\/tourcruiser.com\/de\/products\/adidas-terrex-jawpaw-slip-on-heatrdy-black-white-2021\/#primaryimage\",\"url\":\"https:\/\/images.novelship.com\/product\/adidas_terrex_jawpaw_slip-on_heat_rdy__black_white_0_19686.png\",\"contentUrl\":\"https:\/\/images.novelship.com\/product\/adidas_terrex_jawpaw_slip-on_heat_rdy__black_white_0_19686.png\"},{\"@type\":\"BreadcrumbList\",\"@id\":\"https:\/\/tourcruiser.com\/de\/products\/adidas-terrex-jawpaw-slip-on-heatrdy-black-white-2021\/#breadcrumb\",\"itemListElement\":[{\"@type\":\"ListItem\",\"position\":1,\"name\":\"Home\",\"item\":\"https:\/\/tourcruiser.com\/de\/\"},{\"@type\":\"ListItem\",\"position\":2,\"name\":\"Shop\",\"item\":\"https:\/\/tourcruiser.com\/de\/shop\/\"},{\"@type\":\"ListItem\",\"position\":3,\"name\":\"adidas Terrex Jawpaw Slip-On Heat.RDY 'Black White' 2021\"}]},{\"@type\":\"WebSite\",\"@id\":\"https:\/\/tourcruiser.com\/de\/#website\",\"url\":\"https:\/\/tourcruiser.com\/de\/\",\"name\":\"Styloral Jewelry Shop\",\"description\":\"Tourcruiser Sneaker Store \u2014 der Ort, an dem das Universum deine Einzigartigkeit trifft.\",\"publisher\":{\"@id\":\"https:\/\/tourcruiser.com\/de\/#organization\"},\"potentialAction\":[{\"@type\":\"SearchAction\",\"target\":{\"@type\":\"EntryPoint\",\"urlTemplate\":\"https:\/\/tourcruiser.com\/de\/?s={search_term_string}\"},\"query-input\":{\"@type\":\"PropertyValueSpecification\",\"valueRequired\":true,\"valueName\":\"search_term_string\"}}],\"inLanguage\":\"de\"},{\"@type\":\"Organization\",\"@id\":\"https:\/\/tourcruiser.com\/de\/#organization\",\"name\":\"STYLORAL PTE. LTD\",\"url\":\"https:\/\/tourcruiser.com\/de\/\",\"logo\":{\"@type\":\"ImageObject\",\"inLanguage\":\"de\",\"@id\":\"https:\/\/tourcruiser.com\/de\/#\/schema\/logo\/image\/\",\"url\":\"https:\/\/www.tourcruiser.com\/wp-content\/uploads\/2025\/12\/logo.png\",\"contentUrl\":\"https:\/\/www.tourcruiser.com\/wp-content\/uploads\/2025\/12\/logo.png\",\"width\":200,\"height\":65,\"caption\":\"STYLORAL PTE. LTD\"},\"image\":{\"@id\":\"https:\/\/tourcruiser.com\/de\/#\/schema\/logo\/image\/\"}}]}<\/script>\n<!-- \/ Yoast SEO plugin. -->","yoast_head_json":{"title":"adidas Terrex Jawpaw Slip-On Heat.RDY 'Black White' 2021  - Tourcruiser PTE. LTD","robots":{"index":"index","follow":"follow","max-snippet":"max-snippet:-1","max-image-preview":"max-image-preview:large","max-video-preview":"max-video-preview:-1"},"canonical":"https:\/\/tourcruiser.com\/de\/products\/adidas-terrex-jawpaw-slip-on-heatrdy-black-white-2021\/","og_locale":"de_DE","og_type":"article","og_title":"adidas Terrex Jawpaw Slip-On Heat.RDY 'Black White' 2021  - Tourcruiser PTE. LTD","og_description":"adidas Terrex Jawpaw \u201d\u201d Black","og_url":"https:\/\/tourcruiser.com\/de\/products\/adidas-terrex-jawpaw-slip-on-heatrdy-black-white-2021\/","og_site_name":"Tourcruiser Sneaker Store","article_modified_time":"2026-03-27T18:11:48+00:00","twitter_card":"summary_large_image","twitter_image":"https:\/\/images.novelship.com\/product\/adidas_terrex_jawpaw_slip-on_heat_rdy__black_white_0_19686.png","schema":{"@context":"https:\/\/schema.org","@graph":[{"@type":"WebPage","@id":"https:\/\/tourcruiser.com\/de\/products\/adidas-terrex-jawpaw-slip-on-heatrdy-black-white-2021\/","url":"https:\/\/tourcruiser.com\/de\/products\/adidas-terrex-jawpaw-slip-on-heatrdy-black-white-2021\/","name":"adidas Terrex Jawpaw Slip-On Heat.RDY 'Black White' 2021 - Tourcruiser PTE. LTD","isPartOf":{"@id":"https:\/\/tourcruiser.com\/de\/#website"},"primaryImageOfPage":{"@id":"https:\/\/tourcruiser.com\/de\/products\/adidas-terrex-jawpaw-slip-on-heatrdy-black-white-2021\/#primaryimage"},"image":{"@id":"https:\/\/tourcruiser.com\/de\/products\/adidas-terrex-jawpaw-slip-on-heatrdy-black-white-2021\/#primaryimage"},"thumbnailUrl":"https:\/\/images.novelship.com\/product\/adidas_terrex_jawpaw_slip-on_heat_rdy__black_white_0_19686.png","datePublished":"2026-03-02T08:33:45+00:00","dateModified":"2026-03-27T18:11:48+00:00","breadcrumb":{"@id":"https:\/\/tourcruiser.com\/de\/products\/adidas-terrex-jawpaw-slip-on-heatrdy-black-white-2021\/#breadcrumb"},"inLanguage":"de","potentialAction":[{"@type":"ReadAction","target":["https:\/\/tourcruiser.com\/de\/products\/adidas-terrex-jawpaw-slip-on-heatrdy-black-white-2021\/"]}]},{"@type":"ImageObject","inLanguage":"de","@id":"https:\/\/tourcruiser.com\/de\/products\/adidas-terrex-jawpaw-slip-on-heatrdy-black-white-2021\/#primaryimage","url":"https:\/\/images.novelship.com\/product\/adidas_terrex_jawpaw_slip-on_heat_rdy__black_white_0_19686.png","contentUrl":"https:\/\/images.novelship.com\/product\/adidas_terrex_jawpaw_slip-on_heat_rdy__black_white_0_19686.png"},{"@type":"BreadcrumbList","@id":"https:\/\/tourcruiser.com\/de\/products\/adidas-terrex-jawpaw-slip-on-heatrdy-black-white-2021\/#breadcrumb","itemListElement":[{"@type":"ListItem","position":1,"name":"Home","item":"https:\/\/tourcruiser.com\/de\/"},{"@type":"ListItem","position":2,"name":"Shop","item":"https:\/\/tourcruiser.com\/de\/shop\/"},{"@type":"ListItem","position":3,"name":"adidas Terrex Jawpaw Slip-On Heat.RDY 'Black White' 2021"}]},{"@type":"WebSite","@id":"https:\/\/tourcruiser.com\/de\/#website","url":"https:\/\/tourcruiser.com\/de\/","name":"Styloral Jewelry Shop","description":"Tourcruiser Sneaker Store \u2014 der Ort, an dem das Universum deine Einzigartigkeit trifft.","publisher":{"@id":"https:\/\/tourcruiser.com\/de\/#organization"},"potentialAction":[{"@type":"SearchAction","target":{"@type":"EntryPoint","urlTemplate":"https:\/\/tourcruiser.com\/de\/?s={search_term_string}"},"query-input":{"@type":"PropertyValueSpecification","valueRequired":true,"valueName":"search_term_string"}}],"inLanguage":"de"},{"@type":"Organization","@id":"https:\/\/tourcruiser.com\/de\/#organization","name":"STYLORAL PTE. LTD","url":"https:\/\/tourcruiser.com\/de\/","logo":{"@type":"ImageObject","inLanguage":"de","@id":"https:\/\/tourcruiser.com\/de\/#\/schema\/logo\/image\/","url":"https:\/\/www.tourcruiser.com\/wp-content\/uploads\/2025\/12\/logo.png","contentUrl":"https:\/\/www.tourcruiser.com\/wp-content\/uploads\/2025\/12\/logo.png","width":200,"height":65,"caption":"STYLORAL PTE. LTD"},"image":{"@id":"https:\/\/tourcruiser.com\/de\/#\/schema\/logo\/image\/"}}]}},"_links":{"self":[{"href":"https:\/\/tourcruiser.com\/de\/wp-json\/wp\/v2\/product\/127476","targetHints":{"allow":["GET"]}}],"collection":[{"href":"https:\/\/tourcruiser.com\/de\/wp-json\/wp\/v2\/product"}],"about":[{"href":"https:\/\/tourcruiser.com\/de\/wp-json\/wp\/v2\/types\/product"}],"replies":[{"embeddable":true,"href":"https:\/\/tourcruiser.com\/de\/wp-json\/wp\/v2\/comments?post=127476"}],"wp:featuredmedia":[{"embeddable":true,"href":"https:\/\/tourcruiser.com\/de\/wp-json\/wp\/v2\/media\/127477"}],"wp:attachment":[{"href":"https:\/\/tourcruiser.com\/de\/wp-json\/wp\/v2\/media?parent=127476"}],"wp:term":[{"taxonomy":"product_brand","embeddable":true,"href":"https:\/\/tourcruiser.com\/de\/wp-json\/wp\/v2\/product_brand?post=127476"},{"taxonomy":"product_cat","embeddable":true,"href":"https:\/\/tourcruiser.com\/de\/wp-json\/wp\/v2\/product_cat?post=127476"},{"taxonomy":"product_tag","embeddable":true,"href":"https:\/\/tourcruiser.com\/de\/wp-json\/wp\/v2\/product_tag?post=127476"}],"curies":[{"name":"wp","href":"https:\/\/api.w.org\/{rel}","templated":true}]}}