{"id":125462,"date":"2026-03-02T15:33:25","date_gmt":"2026-03-02T08:33:25","guid":{"rendered":"http:\/\/tourcruiser.com\/product\/women-adidas-crazychaos-2000-orbit-grey"},"modified":"2026-03-28T01:11:32","modified_gmt":"2026-03-27T18:11:32","slug":"women-adidas-crazychaos-2000-orbit-grey","status":"publish","type":"product","link":"https:\/\/tourcruiser.com\/de\/products\/women-adidas-crazychaos-2000-orbit-grey\/","title":{"rendered":"(Women) adidas Crazychaos 2000 &#8218;Orbit Grey&#8216;"},"content":{"rendered":"<p>Mit dem adidas Crazychaos 2000 &#8218;Orbit Grey&#8216; erlebst du m\u00fchelosen Style und unvergleichlichen Komfort \u201d\u201c die perfekte Kombination aus Retro-Design und moderner Funktionalit\u00e4t. Dieser Sneaker wurde f\u00fcr Frauen entworfen, die gerne modische Akzente setzen. Er besticht durch sein atemberaubendes Orbit-Grau mit dezenten Details und ist somit vielseitig kombinierbar, egal ob l\u00e4ssig oder sportlich. Das leichte Obermaterial aus Mesh und Veloursleder sorgt f\u00fcr Atmungsaktivit\u00e4t, w\u00e4hrend die robuste Zwischensohle den ganzen Tag \u00fcber hervorragende D\u00e4mpfung bietet. Die strapazierf\u00e4hige Gummiau\u00dfensohle garantiert zuverl\u00e4ssige Traktion, egal ob du durch die Stra\u00dfen schlenderst oder Besorgungen machst. Ideal f\u00fcr einen aktiven Lebensstil: Die schlanke Silhouette und die hochwertigen Materialien versprechen Langlebigkeit, Style und herausragende Performance. Vervollst\u00e4ndige deine Garderobe mit der perfekten Kombination aus trendiger \u00c4sthetik und legend\u00e4rer adidas Handwerkskunst.<\/p>\n<ul>\n<li><strong>Farbgebung:<\/strong> Orbit Grey\/Grey Three\/Grey Two<\/li>\n<li><strong>Style-Code:<\/strong> IG4347<\/li>\n<li><strong>Obermaterial:<\/strong> Mesh<\/li>\n<li><strong>Zwischensohle:<\/strong> Cloudfoam<\/li>\n<li><strong>Farbe:<\/strong> Grau<\/li>\n<li><strong>Saison:<\/strong> Sommer<\/li>\n<li><strong>Erscheinungsjahr:<\/strong> 2024<\/li>\n<\/ul>\n","protected":false},"excerpt":{"rendered":"<p>adidas Crazychaos 2000 \u201d\u201d Orbit Grey\/Grey Three\/Grey Two<\/p>\n","protected":false},"featured_media":125463,"comment_status":"open","ping_status":"closed","template":"","meta":[],"product_brand":[],"product_cat":[10941],"product_tag":[10759,10750,10754,10765,10756,10758],"class_list":{"0":"post-125462","1":"product","2":"type-product","3":"status-publish","4":"has-post-thumbnail","6":"product_cat-adidas-women","7":"product_tag-adidas","8":"product_tag-athleisure-shoes","9":"product_tag-lifestyle-casual-shoes","10":"product_tag-lifestyle-shoes-running-inspired","11":"product_tag-retro-casual-shoes","12":"product_tag-under-retail","13":"wcpa_has_options","15":"first","16":"outofstock","17":"taxable","18":"shipping-taxable","19":"purchasable","20":"product-type-simple"},"wcpa_form_fields":{"rules":{"pric_overide_base_price":false,"pric_overide_base_price_if_gt_zero":false,"pric_overide_base_price_fully":false,"pric_cal_option_once":false,"pric_use_as_fee":false,"bind_quantity":false,"quantity_bind_formula":false},"fields":[{"type":"color-group","required":true,"elementId":"wcpa-color-group-66c4a7f817afe","label":"Gr\u00f6\u00dfe","inline":true,"priceOptions":"different_for_all","pricingType":"fixed","className":"hassizechart product-shoes-size-eu product-shoes-size","name":"color-group-66c4a7f817b18","disp_type":"square","selection_type":"tick-border","disp_size":"50","show_label_inside":true,"adjust_width":true,"cart_display_type":"text","other_text":"Other","cl_rule":"show","col":6,"values":[{"label":"35","value":"EU 35","price":"","pimage":"","pimage_id":"","pthumb":"","color":""},{"label":"35.5","value":"EU 35.5","price":"","pimage":"","pimage_id":"","pthumb":"","color":""},{"label":"36","value":"EU 36","price":"","pimage":"","pimage_id":"","pthumb":"","color":"","selected":true},{"label":"36 2\/3","value":"EU 36 2\/3","price":"","pimage":"","pimage_id":"","pthumb":"","color":""},{"label":"37 1\/3","value":"EU 37 1\/3","price":"","pimage":"","pimage_id":"","pthumb":"","color":""},{"label":"38","value":"EU 38","price":"","pimage":"","pimage_id":"","pthumb":"","color":""},{"label":"38 2\/3","value":"EU 38 2\/3","price":"","pimage":"","pimage_id":"","pthumb":"","color":""},{"label":"39 1\/3","value":"EU 39 1\/3","price":"","pimage":"","pimage_id":"","pthumb":"","color":""},{"label":"40","value":"EU 40","price":"","pimage":"","pimage_id":"","pthumb":"","color":""},{"label":"40 2\/3","value":"EU 40 2\/3","price":"","pimage":"","pimage_id":"","pthumb":"","color":""},{"label":"41 1\/3","value":"EU 41 1\/3","price":"","pimage":"","pimage_id":"","pthumb":"","color":""},{"label":"42","value":"EU 42","price":"","pimage":"","pimage_id":"","pthumb":"","color":""},{"label":"42 2\/3","value":"EU 42 2\/3","price":"","pimage":"","pimage_id":"","pthumb":"","color":""},{"label":"43 1\/3","value":"EU 43 1\/3","price":"","pimage":"","pimage_id":"","pthumb":"","color":""},{"label":"44","value":"EU 44","price":"","pimage":"","pimage_id":"","pthumb":"","color":""},{"label":"44 2\/3","value":"EU 44 2\/3","price":"","pimage":"","pimage_id":"","pthumb":"","color":""},{"label":"45 1\/3","value":"EU 45 1\/3","price":"","pimage":"","pimage_id":"","pthumb":"","color":""},{"label":"46","value":"EU 46","price":"","pimage":"","pimage_id":"","pthumb":"","color":""},{"label":"46 2\/3","value":"EU 46 2\/3","price":"","pimage":"","pimage_id":"","pthumb":"","color":""},{"label":"47 1\/3","value":"EU 47 1\/3","price":"","pimage":"","pimage_id":"","pthumb":"","color":""}],"relations":[{"operator":false,"rules":[]}],"form_id":24802,"form_rules":{"pric_cal_option_once":false,"exclude_from_discount":false,"pric_use_as_fee":false,"fee_label":"Fee","render_after_acb":false,"disp_hide_options_price":false}}]},"yoast_head":"<!-- This site is optimized with the Yoast SEO plugin v26.5 - https:\/\/yoast.com\/wordpress\/plugins\/seo\/ -->\n<title>(Women) adidas Crazychaos 2000 &#039;Orbit Grey&#039;  - Tourcruiser PTE. LTD<\/title>\n<meta name=\"robots\" content=\"index, follow, max-snippet:-1, max-image-preview:large, max-video-preview:-1\" \/>\n<link rel=\"canonical\" href=\"https:\/\/tourcruiser.com\/de\/products\/women-adidas-crazychaos-2000-orbit-grey\/\" \/>\n<meta property=\"og:locale\" content=\"de_DE\" \/>\n<meta property=\"og:type\" content=\"article\" \/>\n<meta property=\"og:title\" content=\"(Women) adidas Crazychaos 2000 &#039;Orbit Grey&#039;  - Tourcruiser PTE. LTD\" \/>\n<meta property=\"og:description\" content=\"adidas Crazychaos 2000 \u201d\u201d Orbit Grey\/Grey Three\/Grey Two\" \/>\n<meta property=\"og:url\" content=\"https:\/\/tourcruiser.com\/de\/products\/women-adidas-crazychaos-2000-orbit-grey\/\" \/>\n<meta property=\"og:site_name\" content=\"Tourcruiser Sneaker Store\" \/>\n<meta property=\"article:modified_time\" content=\"2026-03-27T18:11:32+00:00\" \/>\n<meta name=\"twitter:card\" content=\"summary_large_image\" \/>\n<meta name=\"twitter:image\" content=\"https:\/\/images.novelship.com\/product\/_women__adidas_crazychaos_2000__orbit_grey__ig4347_0_23489.jpeg;https:\/\/images.novelship.com\/product\/_women__adidas_crazychaos_2000__orbit_grey__ig4347_1_23489.jpeg;https:\/\/images.novelship.com\/product\/_women__adidas_crazychaos_2000__orbit_grey__ig4347_2_23489.jpeg;https:\/\/images.novelship.com\/product\/_women__adidas_crazychaos_2000__orbit_grey__ig4347_3_23489.jpeg;https:\/\/images.novelship.com\/product\/_women__adidas_crazychaos_2000__orbit_grey__ig4347_4_23489.jpeg\" \/>\n<meta name=\"twitter:label1\" content=\"Gesch\u00e4tzte Lesezeit\" \/>\n\t<meta name=\"twitter:data1\" content=\"1\u00a0Minute\" \/>\n<script type=\"application\/ld+json\" class=\"yoast-schema-graph\">{\"@context\":\"https:\/\/schema.org\",\"@graph\":[{\"@type\":\"WebPage\",\"@id\":\"https:\/\/tourcruiser.com\/de\/products\/women-adidas-crazychaos-2000-orbit-grey\/\",\"url\":\"https:\/\/tourcruiser.com\/de\/products\/women-adidas-crazychaos-2000-orbit-grey\/\",\"name\":\"(Women) adidas Crazychaos 2000 'Orbit Grey' - Tourcruiser PTE. LTD\",\"isPartOf\":{\"@id\":\"https:\/\/tourcruiser.com\/de\/#website\"},\"primaryImageOfPage\":{\"@id\":\"https:\/\/tourcruiser.com\/de\/products\/women-adidas-crazychaos-2000-orbit-grey\/#primaryimage\"},\"image\":{\"@id\":\"https:\/\/tourcruiser.com\/de\/products\/women-adidas-crazychaos-2000-orbit-grey\/#primaryimage\"},\"thumbnailUrl\":\"https:\/\/images.novelship.com\/product\/_women__adidas_crazychaos_2000__orbit_grey__ig4347_0_23489.jpeg;https:\/\/images.novelship.com\/product\/_women__adidas_crazychaos_2000__orbit_grey__ig4347_1_23489.jpeg;https:\/\/images.novelship.com\/product\/_women__adidas_crazychaos_2000__orbit_grey__ig4347_2_23489.jpeg;https:\/\/images.novelship.com\/product\/_women__adidas_crazychaos_2000__orbit_grey__ig4347_3_23489.jpeg;https:\/\/images.novelship.com\/product\/_women__adidas_crazychaos_2000__orbit_grey__ig4347_4_23489.jpeg\",\"datePublished\":\"2026-03-02T08:33:25+00:00\",\"dateModified\":\"2026-03-27T18:11:32+00:00\",\"breadcrumb\":{\"@id\":\"https:\/\/tourcruiser.com\/de\/products\/women-adidas-crazychaos-2000-orbit-grey\/#breadcrumb\"},\"inLanguage\":\"de\",\"potentialAction\":[{\"@type\":\"ReadAction\",\"target\":[\"https:\/\/tourcruiser.com\/de\/products\/women-adidas-crazychaos-2000-orbit-grey\/\"]}]},{\"@type\":\"ImageObject\",\"inLanguage\":\"de\",\"@id\":\"https:\/\/tourcruiser.com\/de\/products\/women-adidas-crazychaos-2000-orbit-grey\/#primaryimage\",\"url\":\"https:\/\/images.novelship.com\/product\/_women__adidas_crazychaos_2000__orbit_grey__ig4347_0_23489.jpeg;https:\/\/images.novelship.com\/product\/_women__adidas_crazychaos_2000__orbit_grey__ig4347_1_23489.jpeg;https:\/\/images.novelship.com\/product\/_women__adidas_crazychaos_2000__orbit_grey__ig4347_2_23489.jpeg;https:\/\/images.novelship.com\/product\/_women__adidas_crazychaos_2000__orbit_grey__ig4347_3_23489.jpeg;https:\/\/images.novelship.com\/product\/_women__adidas_crazychaos_2000__orbit_grey__ig4347_4_23489.jpeg\",\"contentUrl\":\"https:\/\/images.novelship.com\/product\/_women__adidas_crazychaos_2000__orbit_grey__ig4347_0_23489.jpeg;https:\/\/images.novelship.com\/product\/_women__adidas_crazychaos_2000__orbit_grey__ig4347_1_23489.jpeg;https:\/\/images.novelship.com\/product\/_women__adidas_crazychaos_2000__orbit_grey__ig4347_2_23489.jpeg;https:\/\/images.novelship.com\/product\/_women__adidas_crazychaos_2000__orbit_grey__ig4347_3_23489.jpeg;https:\/\/images.novelship.com\/product\/_women__adidas_crazychaos_2000__orbit_grey__ig4347_4_23489.jpeg\"},{\"@type\":\"BreadcrumbList\",\"@id\":\"https:\/\/tourcruiser.com\/de\/products\/women-adidas-crazychaos-2000-orbit-grey\/#breadcrumb\",\"itemListElement\":[{\"@type\":\"ListItem\",\"position\":1,\"name\":\"Home\",\"item\":\"https:\/\/tourcruiser.com\/de\/\"},{\"@type\":\"ListItem\",\"position\":2,\"name\":\"Shop\",\"item\":\"https:\/\/tourcruiser.com\/de\/shop\/\"},{\"@type\":\"ListItem\",\"position\":3,\"name\":\"(Women) adidas Crazychaos 2000 'Orbit Grey'\"}]},{\"@type\":\"WebSite\",\"@id\":\"https:\/\/tourcruiser.com\/de\/#website\",\"url\":\"https:\/\/tourcruiser.com\/de\/\",\"name\":\"Styloral Jewelry Shop\",\"description\":\"Tourcruiser Sneaker Store \u2014 der Ort, an dem das Universum deine Einzigartigkeit trifft.\",\"publisher\":{\"@id\":\"https:\/\/tourcruiser.com\/de\/#organization\"},\"potentialAction\":[{\"@type\":\"SearchAction\",\"target\":{\"@type\":\"EntryPoint\",\"urlTemplate\":\"https:\/\/tourcruiser.com\/de\/?s={search_term_string}\"},\"query-input\":{\"@type\":\"PropertyValueSpecification\",\"valueRequired\":true,\"valueName\":\"search_term_string\"}}],\"inLanguage\":\"de\"},{\"@type\":\"Organization\",\"@id\":\"https:\/\/tourcruiser.com\/de\/#organization\",\"name\":\"STYLORAL PTE. LTD\",\"url\":\"https:\/\/tourcruiser.com\/de\/\",\"logo\":{\"@type\":\"ImageObject\",\"inLanguage\":\"de\",\"@id\":\"https:\/\/tourcruiser.com\/de\/#\/schema\/logo\/image\/\",\"url\":\"https:\/\/www.tourcruiser.com\/wp-content\/uploads\/2025\/12\/logo.png\",\"contentUrl\":\"https:\/\/www.tourcruiser.com\/wp-content\/uploads\/2025\/12\/logo.png\",\"width\":200,\"height\":65,\"caption\":\"STYLORAL PTE. LTD\"},\"image\":{\"@id\":\"https:\/\/tourcruiser.com\/de\/#\/schema\/logo\/image\/\"}}]}<\/script>\n<!-- \/ Yoast SEO plugin. -->","yoast_head_json":{"title":"(Women) adidas Crazychaos 2000 'Orbit Grey'  - Tourcruiser PTE. LTD","robots":{"index":"index","follow":"follow","max-snippet":"max-snippet:-1","max-image-preview":"max-image-preview:large","max-video-preview":"max-video-preview:-1"},"canonical":"https:\/\/tourcruiser.com\/de\/products\/women-adidas-crazychaos-2000-orbit-grey\/","og_locale":"de_DE","og_type":"article","og_title":"(Women) adidas Crazychaos 2000 'Orbit Grey'  - Tourcruiser PTE. LTD","og_description":"adidas Crazychaos 2000 \u201d\u201d Orbit Grey\/Grey Three\/Grey Two","og_url":"https:\/\/tourcruiser.com\/de\/products\/women-adidas-crazychaos-2000-orbit-grey\/","og_site_name":"Tourcruiser Sneaker Store","article_modified_time":"2026-03-27T18:11:32+00:00","twitter_card":"summary_large_image","twitter_image":"https:\/\/images.novelship.com\/product\/_women__adidas_crazychaos_2000__orbit_grey__ig4347_0_23489.jpeg;https:\/\/images.novelship.com\/product\/_women__adidas_crazychaos_2000__orbit_grey__ig4347_1_23489.jpeg;https:\/\/images.novelship.com\/product\/_women__adidas_crazychaos_2000__orbit_grey__ig4347_2_23489.jpeg;https:\/\/images.novelship.com\/product\/_women__adidas_crazychaos_2000__orbit_grey__ig4347_3_23489.jpeg;https:\/\/images.novelship.com\/product\/_women__adidas_crazychaos_2000__orbit_grey__ig4347_4_23489.jpeg","twitter_misc":{"Gesch\u00e4tzte Lesezeit":"1\u00a0Minute"},"schema":{"@context":"https:\/\/schema.org","@graph":[{"@type":"WebPage","@id":"https:\/\/tourcruiser.com\/de\/products\/women-adidas-crazychaos-2000-orbit-grey\/","url":"https:\/\/tourcruiser.com\/de\/products\/women-adidas-crazychaos-2000-orbit-grey\/","name":"(Women) adidas Crazychaos 2000 'Orbit Grey' - Tourcruiser PTE. LTD","isPartOf":{"@id":"https:\/\/tourcruiser.com\/de\/#website"},"primaryImageOfPage":{"@id":"https:\/\/tourcruiser.com\/de\/products\/women-adidas-crazychaos-2000-orbit-grey\/#primaryimage"},"image":{"@id":"https:\/\/tourcruiser.com\/de\/products\/women-adidas-crazychaos-2000-orbit-grey\/#primaryimage"},"thumbnailUrl":"https:\/\/images.novelship.com\/product\/_women__adidas_crazychaos_2000__orbit_grey__ig4347_0_23489.jpeg;https:\/\/images.novelship.com\/product\/_women__adidas_crazychaos_2000__orbit_grey__ig4347_1_23489.jpeg;https:\/\/images.novelship.com\/product\/_women__adidas_crazychaos_2000__orbit_grey__ig4347_2_23489.jpeg;https:\/\/images.novelship.com\/product\/_women__adidas_crazychaos_2000__orbit_grey__ig4347_3_23489.jpeg;https:\/\/images.novelship.com\/product\/_women__adidas_crazychaos_2000__orbit_grey__ig4347_4_23489.jpeg","datePublished":"2026-03-02T08:33:25+00:00","dateModified":"2026-03-27T18:11:32+00:00","breadcrumb":{"@id":"https:\/\/tourcruiser.com\/de\/products\/women-adidas-crazychaos-2000-orbit-grey\/#breadcrumb"},"inLanguage":"de","potentialAction":[{"@type":"ReadAction","target":["https:\/\/tourcruiser.com\/de\/products\/women-adidas-crazychaos-2000-orbit-grey\/"]}]},{"@type":"ImageObject","inLanguage":"de","@id":"https:\/\/tourcruiser.com\/de\/products\/women-adidas-crazychaos-2000-orbit-grey\/#primaryimage","url":"https:\/\/images.novelship.com\/product\/_women__adidas_crazychaos_2000__orbit_grey__ig4347_0_23489.jpeg;https:\/\/images.novelship.com\/product\/_women__adidas_crazychaos_2000__orbit_grey__ig4347_1_23489.jpeg;https:\/\/images.novelship.com\/product\/_women__adidas_crazychaos_2000__orbit_grey__ig4347_2_23489.jpeg;https:\/\/images.novelship.com\/product\/_women__adidas_crazychaos_2000__orbit_grey__ig4347_3_23489.jpeg;https:\/\/images.novelship.com\/product\/_women__adidas_crazychaos_2000__orbit_grey__ig4347_4_23489.jpeg","contentUrl":"https:\/\/images.novelship.com\/product\/_women__adidas_crazychaos_2000__orbit_grey__ig4347_0_23489.jpeg;https:\/\/images.novelship.com\/product\/_women__adidas_crazychaos_2000__orbit_grey__ig4347_1_23489.jpeg;https:\/\/images.novelship.com\/product\/_women__adidas_crazychaos_2000__orbit_grey__ig4347_2_23489.jpeg;https:\/\/images.novelship.com\/product\/_women__adidas_crazychaos_2000__orbit_grey__ig4347_3_23489.jpeg;https:\/\/images.novelship.com\/product\/_women__adidas_crazychaos_2000__orbit_grey__ig4347_4_23489.jpeg"},{"@type":"BreadcrumbList","@id":"https:\/\/tourcruiser.com\/de\/products\/women-adidas-crazychaos-2000-orbit-grey\/#breadcrumb","itemListElement":[{"@type":"ListItem","position":1,"name":"Home","item":"https:\/\/tourcruiser.com\/de\/"},{"@type":"ListItem","position":2,"name":"Shop","item":"https:\/\/tourcruiser.com\/de\/shop\/"},{"@type":"ListItem","position":3,"name":"(Women) adidas Crazychaos 2000 'Orbit Grey'"}]},{"@type":"WebSite","@id":"https:\/\/tourcruiser.com\/de\/#website","url":"https:\/\/tourcruiser.com\/de\/","name":"Styloral Jewelry Shop","description":"Tourcruiser Sneaker Store \u2014 der Ort, an dem das Universum deine Einzigartigkeit trifft.","publisher":{"@id":"https:\/\/tourcruiser.com\/de\/#organization"},"potentialAction":[{"@type":"SearchAction","target":{"@type":"EntryPoint","urlTemplate":"https:\/\/tourcruiser.com\/de\/?s={search_term_string}"},"query-input":{"@type":"PropertyValueSpecification","valueRequired":true,"valueName":"search_term_string"}}],"inLanguage":"de"},{"@type":"Organization","@id":"https:\/\/tourcruiser.com\/de\/#organization","name":"STYLORAL PTE. LTD","url":"https:\/\/tourcruiser.com\/de\/","logo":{"@type":"ImageObject","inLanguage":"de","@id":"https:\/\/tourcruiser.com\/de\/#\/schema\/logo\/image\/","url":"https:\/\/www.tourcruiser.com\/wp-content\/uploads\/2025\/12\/logo.png","contentUrl":"https:\/\/www.tourcruiser.com\/wp-content\/uploads\/2025\/12\/logo.png","width":200,"height":65,"caption":"STYLORAL PTE. LTD"},"image":{"@id":"https:\/\/tourcruiser.com\/de\/#\/schema\/logo\/image\/"}}]}},"_links":{"self":[{"href":"https:\/\/tourcruiser.com\/de\/wp-json\/wp\/v2\/product\/125462","targetHints":{"allow":["GET"]}}],"collection":[{"href":"https:\/\/tourcruiser.com\/de\/wp-json\/wp\/v2\/product"}],"about":[{"href":"https:\/\/tourcruiser.com\/de\/wp-json\/wp\/v2\/types\/product"}],"replies":[{"embeddable":true,"href":"https:\/\/tourcruiser.com\/de\/wp-json\/wp\/v2\/comments?post=125462"}],"wp:featuredmedia":[{"embeddable":true,"href":"https:\/\/tourcruiser.com\/de\/wp-json\/wp\/v2\/media\/125463"}],"wp:attachment":[{"href":"https:\/\/tourcruiser.com\/de\/wp-json\/wp\/v2\/media?parent=125462"}],"wp:term":[{"taxonomy":"product_brand","embeddable":true,"href":"https:\/\/tourcruiser.com\/de\/wp-json\/wp\/v2\/product_brand?post=125462"},{"taxonomy":"product_cat","embeddable":true,"href":"https:\/\/tourcruiser.com\/de\/wp-json\/wp\/v2\/product_cat?post=125462"},{"taxonomy":"product_tag","embeddable":true,"href":"https:\/\/tourcruiser.com\/de\/wp-json\/wp\/v2\/product_tag?post=125462"}],"curies":[{"name":"wp","href":"https:\/\/api.w.org\/{rel}","templated":true}]}}