{"id":123891,"date":"2026-03-02T15:33:08","date_gmt":"2026-03-02T08:33:08","guid":{"rendered":"http:\/\/tourcruiser.com\/product\/women-adidas-codechaos-boa-25-sandy-pink"},"modified":"2026-03-28T01:11:23","modified_gmt":"2026-03-27T18:11:23","slug":"women-adidas-codechaos-boa-25-sandy-pink","status":"publish","type":"product","link":"https:\/\/tourcruiser.com\/de\/products\/women-adidas-codechaos-boa-25-sandy-pink\/","title":{"rendered":"(Women) adidas Codechaos BOA 25 &#8218;Sandy Pink&#8216;"},"content":{"rendered":"<p>Mit dem adidas CodeChaos BOA 25 \u201eSandy Pink\u201c betreten Sie den Golfplatz mit Selbstvertrauen. Dieser revolution\u00e4re Damengolfschuh vereint elegantes Design, h\u00f6chsten Tragekomfort und herausragende Performance. Sein lebendiges Sandrosa sorgt f\u00fcr einen stylischen Look und bietet Mode und Funktion zugleich \u201d\u201c damit Sie auf dem Platz garantiert auffallen.<\/p>\n<p>Das BOA Fit System garantiert eine pr\u00e4zise, \u201d\u2039\u201d\u2039individuell anpassbare Passform f\u00fcr ganzt\u00e4gigen Komfort. Die leichte Chaos Traxion Au\u00dfensohle bietet au\u00dfergew\u00f6hnlichen Grip und Stabilit\u00e4t auf jedem Terrain. Das wasserdichte Obermaterial h\u00e4lt Ihre F\u00fc\u00dfe bei unbest\u00e4ndigem Wetter trocken und steigert Ihre Konzentration bei jedem Schlag. Die fortschrittliche D\u00e4mpfung bietet bemerkenswerte Unterst\u00fctzung und Energier\u00fcckgabe und erm\u00f6glicht Ihnen ein m\u00fchelos aktives Spiel vom Abschlag bis zum letzten Putt.<\/p>\n<p>Der adidas CodeChaos BOA 25 besticht durch seine moderne Silhouette und die Verwendung nachhaltiger Materialien. Er ist mehr als nur ein Schuh \u201d\u201c er steht f\u00fcr innovative Technologie und Umweltverantwortung. Perfekt f\u00fcr Spielerinnen, die Wert auf Stil, Funktionalit\u00e4t und Performance legen: Dieser Golfschuh unterst\u00fctzt jedes Detail Ihres Spiels. Erleben Sie Golf auf einem neuen Level mit dem unvergleichlichen Stil und der Innovation des adidas CodeChaos BOA 25 \u201eSandy Pink\u201c.<\/p>\n<ul>\n<li><strong>Style Code:<\/strong> IG8752<\/li>\n<li><strong>Color:<\/strong> Pink<\/li>\n<\/ul>\n","protected":false},"excerpt":{"rendered":"<p>(W) adidas Codechaos BOA 25 &#8218;Sandy Pink&#8216;<\/p>\n","protected":false},"featured_media":123892,"comment_status":"open","ping_status":"closed","template":"","meta":[],"product_brand":[],"product_cat":[10941],"product_tag":[10759,14482,10926,11042,10802,10758],"class_list":{"0":"post-123891","1":"product","2":"type-product","3":"status-publish","4":"has-post-thumbnail","6":"product_cat-adidas-women","7":"product_tag-adidas","8":"product_tag-boa-disc-golf-shoes","9":"product_tag-gift-for-her","10":"product_tag-golf-shoes","11":"product_tag-performance-sport-shoes","12":"product_tag-under-retail","13":"wcpa_has_options","15":"first","16":"outofstock","17":"sale","18":"taxable","19":"shipping-taxable","20":"purchasable","21":"product-type-simple"},"wcpa_form_fields":{"rules":{"pric_overide_base_price":false,"pric_overide_base_price_if_gt_zero":false,"pric_overide_base_price_fully":false,"pric_cal_option_once":false,"pric_use_as_fee":false,"bind_quantity":false,"quantity_bind_formula":false},"fields":[{"type":"color-group","required":true,"elementId":"wcpa-color-group-66c4a7f817afe","label":"Gr\u00f6\u00dfe","inline":true,"priceOptions":"different_for_all","pricingType":"fixed","className":"hassizechart product-shoes-size-eu product-shoes-size","name":"color-group-66c4a7f817b18","disp_type":"square","selection_type":"tick-border","disp_size":"50","show_label_inside":true,"adjust_width":true,"cart_display_type":"text","other_text":"Other","cl_rule":"show","col":6,"values":[{"label":"35","value":"EU 35","price":"","pimage":"","pimage_id":"","pthumb":"","color":""},{"label":"35.5","value":"EU 35.5","price":"","pimage":"","pimage_id":"","pthumb":"","color":""},{"label":"36","value":"EU 36","price":"","pimage":"","pimage_id":"","pthumb":"","color":"","selected":true},{"label":"36 2\/3","value":"EU 36 2\/3","price":"","pimage":"","pimage_id":"","pthumb":"","color":""},{"label":"37 1\/3","value":"EU 37 1\/3","price":"","pimage":"","pimage_id":"","pthumb":"","color":""},{"label":"38","value":"EU 38","price":"","pimage":"","pimage_id":"","pthumb":"","color":""},{"label":"38 2\/3","value":"EU 38 2\/3","price":"","pimage":"","pimage_id":"","pthumb":"","color":""},{"label":"39 1\/3","value":"EU 39 1\/3","price":"","pimage":"","pimage_id":"","pthumb":"","color":""},{"label":"40","value":"EU 40","price":"","pimage":"","pimage_id":"","pthumb":"","color":""},{"label":"40 2\/3","value":"EU 40 2\/3","price":"","pimage":"","pimage_id":"","pthumb":"","color":""},{"label":"41 1\/3","value":"EU 41 1\/3","price":"","pimage":"","pimage_id":"","pthumb":"","color":""},{"label":"42","value":"EU 42","price":"","pimage":"","pimage_id":"","pthumb":"","color":""},{"label":"42 2\/3","value":"EU 42 2\/3","price":"","pimage":"","pimage_id":"","pthumb":"","color":""},{"label":"43 1\/3","value":"EU 43 1\/3","price":"","pimage":"","pimage_id":"","pthumb":"","color":""},{"label":"44","value":"EU 44","price":"","pimage":"","pimage_id":"","pthumb":"","color":""},{"label":"44 2\/3","value":"EU 44 2\/3","price":"","pimage":"","pimage_id":"","pthumb":"","color":""},{"label":"45 1\/3","value":"EU 45 1\/3","price":"","pimage":"","pimage_id":"","pthumb":"","color":""},{"label":"46","value":"EU 46","price":"","pimage":"","pimage_id":"","pthumb":"","color":""},{"label":"46 2\/3","value":"EU 46 2\/3","price":"","pimage":"","pimage_id":"","pthumb":"","color":""},{"label":"47 1\/3","value":"EU 47 1\/3","price":"","pimage":"","pimage_id":"","pthumb":"","color":""}],"relations":[{"operator":false,"rules":[]}],"form_id":24802,"form_rules":{"pric_cal_option_once":false,"exclude_from_discount":false,"pric_use_as_fee":false,"fee_label":"Fee","render_after_acb":false,"disp_hide_options_price":false}}]},"yoast_head":"<!-- This site is optimized with the Yoast SEO plugin v26.5 - https:\/\/yoast.com\/wordpress\/plugins\/seo\/ -->\n<title>(Women) adidas Codechaos BOA 25 &#039;Sandy Pink&#039;  - Tourcruiser PTE. LTD<\/title>\n<meta name=\"robots\" content=\"index, follow, max-snippet:-1, max-image-preview:large, max-video-preview:-1\" \/>\n<link rel=\"canonical\" href=\"https:\/\/tourcruiser.com\/de\/products\/women-adidas-codechaos-boa-25-sandy-pink\/\" \/>\n<meta property=\"og:locale\" content=\"de_DE\" \/>\n<meta property=\"og:type\" content=\"article\" \/>\n<meta property=\"og:title\" content=\"(Women) adidas Codechaos BOA 25 &#039;Sandy Pink&#039;  - Tourcruiser PTE. LTD\" \/>\n<meta property=\"og:description\" content=\"(W) adidas Codechaos BOA 25 &#039;Sandy Pink&#039;\" \/>\n<meta property=\"og:url\" content=\"https:\/\/tourcruiser.com\/de\/products\/women-adidas-codechaos-boa-25-sandy-pink\/\" \/>\n<meta property=\"og:site_name\" content=\"Tourcruiser Sneaker Store\" \/>\n<meta property=\"article:modified_time\" content=\"2026-03-27T18:11:23+00:00\" \/>\n<meta name=\"twitter:card\" content=\"summary_large_image\" \/>\n<meta name=\"twitter:image\" content=\"https:\/\/images.novelship.com\/product\/_women__adidas_codechaos_boa_25__sandy_pink__ig875_0_36512.jpeg;https:\/\/images.novelship.com\/product\/_women__adidas_codechaos_boa_25__sandy_pink__ig875_1_36512.jpeg;https:\/\/images.novelship.com\/product\/_women__adidas_codechaos_boa_25__sandy_pink__ig875_2_36512.jpeg;https:\/\/images.novelship.com\/product\/_women__adidas_codechaos_boa_25__sandy_pink__ig875_3_36512.jpeg;https:\/\/images.novelship.com\/product\/_women__adidas_codechaos_boa_25__sandy_pink__ig875_4_36512.jpeg;https:\/\/images.novelship.com\/product\/_women__adidas_codechaos_boa_25__sandy_pink__ig875_5_36512.jpeg;https:\/\/images.novelship.com\/product\/_women__adidas_codechaos_boa_25__sandy_pink__ig875_6_36512.jpeg;https:\/\/images.novelship.com\/product\/_women__adidas_codechaos_boa_25__sandy_pink__ig875_7_36512.jpeg\" \/>\n<meta name=\"twitter:label1\" content=\"Gesch\u00e4tzte Lesezeit\" \/>\n\t<meta name=\"twitter:data1\" content=\"1\u00a0Minute\" \/>\n<script type=\"application\/ld+json\" class=\"yoast-schema-graph\">{\"@context\":\"https:\/\/schema.org\",\"@graph\":[{\"@type\":\"WebPage\",\"@id\":\"https:\/\/tourcruiser.com\/de\/products\/women-adidas-codechaos-boa-25-sandy-pink\/\",\"url\":\"https:\/\/tourcruiser.com\/de\/products\/women-adidas-codechaos-boa-25-sandy-pink\/\",\"name\":\"(Women) adidas Codechaos BOA 25 'Sandy Pink' - Tourcruiser PTE. LTD\",\"isPartOf\":{\"@id\":\"https:\/\/tourcruiser.com\/de\/#website\"},\"primaryImageOfPage\":{\"@id\":\"https:\/\/tourcruiser.com\/de\/products\/women-adidas-codechaos-boa-25-sandy-pink\/#primaryimage\"},\"image\":{\"@id\":\"https:\/\/tourcruiser.com\/de\/products\/women-adidas-codechaos-boa-25-sandy-pink\/#primaryimage\"},\"thumbnailUrl\":\"https:\/\/images.novelship.com\/product\/_women__adidas_codechaos_boa_25__sandy_pink__ig875_0_36512.jpeg;https:\/\/images.novelship.com\/product\/_women__adidas_codechaos_boa_25__sandy_pink__ig875_1_36512.jpeg;https:\/\/images.novelship.com\/product\/_women__adidas_codechaos_boa_25__sandy_pink__ig875_2_36512.jpeg;https:\/\/images.novelship.com\/product\/_women__adidas_codechaos_boa_25__sandy_pink__ig875_3_36512.jpeg;https:\/\/images.novelship.com\/product\/_women__adidas_codechaos_boa_25__sandy_pink__ig875_4_36512.jpeg;https:\/\/images.novelship.com\/product\/_women__adidas_codechaos_boa_25__sandy_pink__ig875_5_36512.jpeg;https:\/\/images.novelship.com\/product\/_women__adidas_codechaos_boa_25__sandy_pink__ig875_6_36512.jpeg;https:\/\/images.novelship.com\/product\/_women__adidas_codechaos_boa_25__sandy_pink__ig875_7_36512.jpeg\",\"datePublished\":\"2026-03-02T08:33:08+00:00\",\"dateModified\":\"2026-03-27T18:11:23+00:00\",\"breadcrumb\":{\"@id\":\"https:\/\/tourcruiser.com\/de\/products\/women-adidas-codechaos-boa-25-sandy-pink\/#breadcrumb\"},\"inLanguage\":\"de\",\"potentialAction\":[{\"@type\":\"ReadAction\",\"target\":[\"https:\/\/tourcruiser.com\/de\/products\/women-adidas-codechaos-boa-25-sandy-pink\/\"]}]},{\"@type\":\"ImageObject\",\"inLanguage\":\"de\",\"@id\":\"https:\/\/tourcruiser.com\/de\/products\/women-adidas-codechaos-boa-25-sandy-pink\/#primaryimage\",\"url\":\"https:\/\/images.novelship.com\/product\/_women__adidas_codechaos_boa_25__sandy_pink__ig875_0_36512.jpeg;https:\/\/images.novelship.com\/product\/_women__adidas_codechaos_boa_25__sandy_pink__ig875_1_36512.jpeg;https:\/\/images.novelship.com\/product\/_women__adidas_codechaos_boa_25__sandy_pink__ig875_2_36512.jpeg;https:\/\/images.novelship.com\/product\/_women__adidas_codechaos_boa_25__sandy_pink__ig875_3_36512.jpeg;https:\/\/images.novelship.com\/product\/_women__adidas_codechaos_boa_25__sandy_pink__ig875_4_36512.jpeg;https:\/\/images.novelship.com\/product\/_women__adidas_codechaos_boa_25__sandy_pink__ig875_5_36512.jpeg;https:\/\/images.novelship.com\/product\/_women__adidas_codechaos_boa_25__sandy_pink__ig875_6_36512.jpeg;https:\/\/images.novelship.com\/product\/_women__adidas_codechaos_boa_25__sandy_pink__ig875_7_36512.jpeg\",\"contentUrl\":\"https:\/\/images.novelship.com\/product\/_women__adidas_codechaos_boa_25__sandy_pink__ig875_0_36512.jpeg;https:\/\/images.novelship.com\/product\/_women__adidas_codechaos_boa_25__sandy_pink__ig875_1_36512.jpeg;https:\/\/images.novelship.com\/product\/_women__adidas_codechaos_boa_25__sandy_pink__ig875_2_36512.jpeg;https:\/\/images.novelship.com\/product\/_women__adidas_codechaos_boa_25__sandy_pink__ig875_3_36512.jpeg;https:\/\/images.novelship.com\/product\/_women__adidas_codechaos_boa_25__sandy_pink__ig875_4_36512.jpeg;https:\/\/images.novelship.com\/product\/_women__adidas_codechaos_boa_25__sandy_pink__ig875_5_36512.jpeg;https:\/\/images.novelship.com\/product\/_women__adidas_codechaos_boa_25__sandy_pink__ig875_6_36512.jpeg;https:\/\/images.novelship.com\/product\/_women__adidas_codechaos_boa_25__sandy_pink__ig875_7_36512.jpeg\"},{\"@type\":\"BreadcrumbList\",\"@id\":\"https:\/\/tourcruiser.com\/de\/products\/women-adidas-codechaos-boa-25-sandy-pink\/#breadcrumb\",\"itemListElement\":[{\"@type\":\"ListItem\",\"position\":1,\"name\":\"Home\",\"item\":\"https:\/\/tourcruiser.com\/de\/\"},{\"@type\":\"ListItem\",\"position\":2,\"name\":\"Shop\",\"item\":\"https:\/\/tourcruiser.com\/de\/shop\/\"},{\"@type\":\"ListItem\",\"position\":3,\"name\":\"(Women) adidas Codechaos BOA 25 'Sandy Pink'\"}]},{\"@type\":\"WebSite\",\"@id\":\"https:\/\/tourcruiser.com\/de\/#website\",\"url\":\"https:\/\/tourcruiser.com\/de\/\",\"name\":\"Styloral Jewelry Shop\",\"description\":\"Tourcruiser Sneaker Store \u2014 der Ort, an dem das Universum deine Einzigartigkeit trifft.\",\"publisher\":{\"@id\":\"https:\/\/tourcruiser.com\/de\/#organization\"},\"potentialAction\":[{\"@type\":\"SearchAction\",\"target\":{\"@type\":\"EntryPoint\",\"urlTemplate\":\"https:\/\/tourcruiser.com\/de\/?s={search_term_string}\"},\"query-input\":{\"@type\":\"PropertyValueSpecification\",\"valueRequired\":true,\"valueName\":\"search_term_string\"}}],\"inLanguage\":\"de\"},{\"@type\":\"Organization\",\"@id\":\"https:\/\/tourcruiser.com\/de\/#organization\",\"name\":\"STYLORAL PTE. LTD\",\"url\":\"https:\/\/tourcruiser.com\/de\/\",\"logo\":{\"@type\":\"ImageObject\",\"inLanguage\":\"de\",\"@id\":\"https:\/\/tourcruiser.com\/de\/#\/schema\/logo\/image\/\",\"url\":\"https:\/\/www.tourcruiser.com\/wp-content\/uploads\/2025\/12\/logo.png\",\"contentUrl\":\"https:\/\/www.tourcruiser.com\/wp-content\/uploads\/2025\/12\/logo.png\",\"width\":200,\"height\":65,\"caption\":\"STYLORAL PTE. LTD\"},\"image\":{\"@id\":\"https:\/\/tourcruiser.com\/de\/#\/schema\/logo\/image\/\"}}]}<\/script>\n<!-- \/ Yoast SEO plugin. -->","yoast_head_json":{"title":"(Women) adidas Codechaos BOA 25 'Sandy Pink'  - Tourcruiser PTE. LTD","robots":{"index":"index","follow":"follow","max-snippet":"max-snippet:-1","max-image-preview":"max-image-preview:large","max-video-preview":"max-video-preview:-1"},"canonical":"https:\/\/tourcruiser.com\/de\/products\/women-adidas-codechaos-boa-25-sandy-pink\/","og_locale":"de_DE","og_type":"article","og_title":"(Women) adidas Codechaos BOA 25 'Sandy Pink'  - Tourcruiser PTE. LTD","og_description":"(W) adidas Codechaos BOA 25 'Sandy Pink'","og_url":"https:\/\/tourcruiser.com\/de\/products\/women-adidas-codechaos-boa-25-sandy-pink\/","og_site_name":"Tourcruiser Sneaker Store","article_modified_time":"2026-03-27T18:11:23+00:00","twitter_card":"summary_large_image","twitter_image":"https:\/\/images.novelship.com\/product\/_women__adidas_codechaos_boa_25__sandy_pink__ig875_0_36512.jpeg;https:\/\/images.novelship.com\/product\/_women__adidas_codechaos_boa_25__sandy_pink__ig875_1_36512.jpeg;https:\/\/images.novelship.com\/product\/_women__adidas_codechaos_boa_25__sandy_pink__ig875_2_36512.jpeg;https:\/\/images.novelship.com\/product\/_women__adidas_codechaos_boa_25__sandy_pink__ig875_3_36512.jpeg;https:\/\/images.novelship.com\/product\/_women__adidas_codechaos_boa_25__sandy_pink__ig875_4_36512.jpeg;https:\/\/images.novelship.com\/product\/_women__adidas_codechaos_boa_25__sandy_pink__ig875_5_36512.jpeg;https:\/\/images.novelship.com\/product\/_women__adidas_codechaos_boa_25__sandy_pink__ig875_6_36512.jpeg;https:\/\/images.novelship.com\/product\/_women__adidas_codechaos_boa_25__sandy_pink__ig875_7_36512.jpeg","twitter_misc":{"Gesch\u00e4tzte Lesezeit":"1\u00a0Minute"},"schema":{"@context":"https:\/\/schema.org","@graph":[{"@type":"WebPage","@id":"https:\/\/tourcruiser.com\/de\/products\/women-adidas-codechaos-boa-25-sandy-pink\/","url":"https:\/\/tourcruiser.com\/de\/products\/women-adidas-codechaos-boa-25-sandy-pink\/","name":"(Women) adidas Codechaos BOA 25 'Sandy Pink' - Tourcruiser PTE. LTD","isPartOf":{"@id":"https:\/\/tourcruiser.com\/de\/#website"},"primaryImageOfPage":{"@id":"https:\/\/tourcruiser.com\/de\/products\/women-adidas-codechaos-boa-25-sandy-pink\/#primaryimage"},"image":{"@id":"https:\/\/tourcruiser.com\/de\/products\/women-adidas-codechaos-boa-25-sandy-pink\/#primaryimage"},"thumbnailUrl":"https:\/\/images.novelship.com\/product\/_women__adidas_codechaos_boa_25__sandy_pink__ig875_0_36512.jpeg;https:\/\/images.novelship.com\/product\/_women__adidas_codechaos_boa_25__sandy_pink__ig875_1_36512.jpeg;https:\/\/images.novelship.com\/product\/_women__adidas_codechaos_boa_25__sandy_pink__ig875_2_36512.jpeg;https:\/\/images.novelship.com\/product\/_women__adidas_codechaos_boa_25__sandy_pink__ig875_3_36512.jpeg;https:\/\/images.novelship.com\/product\/_women__adidas_codechaos_boa_25__sandy_pink__ig875_4_36512.jpeg;https:\/\/images.novelship.com\/product\/_women__adidas_codechaos_boa_25__sandy_pink__ig875_5_36512.jpeg;https:\/\/images.novelship.com\/product\/_women__adidas_codechaos_boa_25__sandy_pink__ig875_6_36512.jpeg;https:\/\/images.novelship.com\/product\/_women__adidas_codechaos_boa_25__sandy_pink__ig875_7_36512.jpeg","datePublished":"2026-03-02T08:33:08+00:00","dateModified":"2026-03-27T18:11:23+00:00","breadcrumb":{"@id":"https:\/\/tourcruiser.com\/de\/products\/women-adidas-codechaos-boa-25-sandy-pink\/#breadcrumb"},"inLanguage":"de","potentialAction":[{"@type":"ReadAction","target":["https:\/\/tourcruiser.com\/de\/products\/women-adidas-codechaos-boa-25-sandy-pink\/"]}]},{"@type":"ImageObject","inLanguage":"de","@id":"https:\/\/tourcruiser.com\/de\/products\/women-adidas-codechaos-boa-25-sandy-pink\/#primaryimage","url":"https:\/\/images.novelship.com\/product\/_women__adidas_codechaos_boa_25__sandy_pink__ig875_0_36512.jpeg;https:\/\/images.novelship.com\/product\/_women__adidas_codechaos_boa_25__sandy_pink__ig875_1_36512.jpeg;https:\/\/images.novelship.com\/product\/_women__adidas_codechaos_boa_25__sandy_pink__ig875_2_36512.jpeg;https:\/\/images.novelship.com\/product\/_women__adidas_codechaos_boa_25__sandy_pink__ig875_3_36512.jpeg;https:\/\/images.novelship.com\/product\/_women__adidas_codechaos_boa_25__sandy_pink__ig875_4_36512.jpeg;https:\/\/images.novelship.com\/product\/_women__adidas_codechaos_boa_25__sandy_pink__ig875_5_36512.jpeg;https:\/\/images.novelship.com\/product\/_women__adidas_codechaos_boa_25__sandy_pink__ig875_6_36512.jpeg;https:\/\/images.novelship.com\/product\/_women__adidas_codechaos_boa_25__sandy_pink__ig875_7_36512.jpeg","contentUrl":"https:\/\/images.novelship.com\/product\/_women__adidas_codechaos_boa_25__sandy_pink__ig875_0_36512.jpeg;https:\/\/images.novelship.com\/product\/_women__adidas_codechaos_boa_25__sandy_pink__ig875_1_36512.jpeg;https:\/\/images.novelship.com\/product\/_women__adidas_codechaos_boa_25__sandy_pink__ig875_2_36512.jpeg;https:\/\/images.novelship.com\/product\/_women__adidas_codechaos_boa_25__sandy_pink__ig875_3_36512.jpeg;https:\/\/images.novelship.com\/product\/_women__adidas_codechaos_boa_25__sandy_pink__ig875_4_36512.jpeg;https:\/\/images.novelship.com\/product\/_women__adidas_codechaos_boa_25__sandy_pink__ig875_5_36512.jpeg;https:\/\/images.novelship.com\/product\/_women__adidas_codechaos_boa_25__sandy_pink__ig875_6_36512.jpeg;https:\/\/images.novelship.com\/product\/_women__adidas_codechaos_boa_25__sandy_pink__ig875_7_36512.jpeg"},{"@type":"BreadcrumbList","@id":"https:\/\/tourcruiser.com\/de\/products\/women-adidas-codechaos-boa-25-sandy-pink\/#breadcrumb","itemListElement":[{"@type":"ListItem","position":1,"name":"Home","item":"https:\/\/tourcruiser.com\/de\/"},{"@type":"ListItem","position":2,"name":"Shop","item":"https:\/\/tourcruiser.com\/de\/shop\/"},{"@type":"ListItem","position":3,"name":"(Women) adidas Codechaos BOA 25 'Sandy Pink'"}]},{"@type":"WebSite","@id":"https:\/\/tourcruiser.com\/de\/#website","url":"https:\/\/tourcruiser.com\/de\/","name":"Styloral Jewelry Shop","description":"Tourcruiser Sneaker Store \u2014 der Ort, an dem das Universum deine Einzigartigkeit trifft.","publisher":{"@id":"https:\/\/tourcruiser.com\/de\/#organization"},"potentialAction":[{"@type":"SearchAction","target":{"@type":"EntryPoint","urlTemplate":"https:\/\/tourcruiser.com\/de\/?s={search_term_string}"},"query-input":{"@type":"PropertyValueSpecification","valueRequired":true,"valueName":"search_term_string"}}],"inLanguage":"de"},{"@type":"Organization","@id":"https:\/\/tourcruiser.com\/de\/#organization","name":"STYLORAL PTE. LTD","url":"https:\/\/tourcruiser.com\/de\/","logo":{"@type":"ImageObject","inLanguage":"de","@id":"https:\/\/tourcruiser.com\/de\/#\/schema\/logo\/image\/","url":"https:\/\/www.tourcruiser.com\/wp-content\/uploads\/2025\/12\/logo.png","contentUrl":"https:\/\/www.tourcruiser.com\/wp-content\/uploads\/2025\/12\/logo.png","width":200,"height":65,"caption":"STYLORAL PTE. LTD"},"image":{"@id":"https:\/\/tourcruiser.com\/de\/#\/schema\/logo\/image\/"}}]}},"_links":{"self":[{"href":"https:\/\/tourcruiser.com\/de\/wp-json\/wp\/v2\/product\/123891","targetHints":{"allow":["GET"]}}],"collection":[{"href":"https:\/\/tourcruiser.com\/de\/wp-json\/wp\/v2\/product"}],"about":[{"href":"https:\/\/tourcruiser.com\/de\/wp-json\/wp\/v2\/types\/product"}],"replies":[{"embeddable":true,"href":"https:\/\/tourcruiser.com\/de\/wp-json\/wp\/v2\/comments?post=123891"}],"wp:featuredmedia":[{"embeddable":true,"href":"https:\/\/tourcruiser.com\/de\/wp-json\/wp\/v2\/media\/123892"}],"wp:attachment":[{"href":"https:\/\/tourcruiser.com\/de\/wp-json\/wp\/v2\/media?parent=123891"}],"wp:term":[{"taxonomy":"product_brand","embeddable":true,"href":"https:\/\/tourcruiser.com\/de\/wp-json\/wp\/v2\/product_brand?post=123891"},{"taxonomy":"product_cat","embeddable":true,"href":"https:\/\/tourcruiser.com\/de\/wp-json\/wp\/v2\/product_cat?post=123891"},{"taxonomy":"product_tag","embeddable":true,"href":"https:\/\/tourcruiser.com\/de\/wp-json\/wp\/v2\/product_tag?post=123891"}],"curies":[{"name":"wp","href":"https:\/\/api.w.org\/{rel}","templated":true}]}}