{"id":120552,"date":"2026-03-02T15:32:31","date_gmt":"2026-03-02T08:32:31","guid":{"rendered":"http:\/\/tourcruiser.com\/product\/asics-gel-lyte-5-sanze-mt-gore-tex-black-burgundy"},"modified":"2026-03-28T01:10:55","modified_gmt":"2026-03-27T18:10:55","slug":"asics-gel-lyte-5-sanze-mt-gore-tex-black-burgundy","status":"publish","type":"product","link":"https:\/\/tourcruiser.com\/de\/products\/asics-gel-lyte-5-sanze-mt-gore-tex-black-burgundy\/","title":{"rendered":"ASICS Gel Lyte 5 Sanze MT Gore-Tex &#8218;Black Burgundy&#8216;"},"content":{"rendered":"<p>Der ASICS Gel Lyte 5 Sanze MT Gore-Tex Black Burgundy ist ein stylischer und vielseitiger Schuh von ASICS. Mit seiner Farbkombination aus Schwarz und Burgunderrot bietet er einen eleganten Look, der zu jedem Outfit passt. Dank der Gore-Tex-Technologie ist er zudem wasserdicht und h\u00e4lt Ihre F\u00fc\u00dfe bei jedem Wetter trocken. Der ASICS Gel Lyte 5 Sanze MT Gore-Tex Black Burgundy ist perfekt f\u00fcr den Alltag und Outdoor-Abenteuer und ein absolutes Must-have f\u00fcr Ihre Schuhsammlung.<\/p>\n<ul>\n<li><strong>Farbe:<\/strong> Schwarz<\/li>\n<li><strong>Artikelnummer:<\/strong> 1193A050-001<\/li>\n<li><strong>Obermaterial:<\/strong> Gore-Tex<\/li>\n<li><strong>Zwischensohle:<\/strong> Gel<\/li>\n<li><strong>Farbe:<\/strong> Schwarz<\/li>\n<li><strong>Designer:<\/strong> Shigeyuki Mitsui<\/li>\n<li><strong>Saison:<\/strong> Ganzj\u00e4hrig<\/li>\n<\/ul>\n","protected":false},"excerpt":{"rendered":"<p>ASICS Gel Lyte 5 Sanze MT Gore-Tex \u201d\u201d Black<\/p>\n","protected":false},"featured_media":120553,"comment_status":"open","ping_status":"closed","template":"","meta":[],"product_brand":[],"product_cat":[10792],"product_tag":[10791,10750,10753,10754,10765,10768,10840,10785,10786,10758],"class_list":{"0":"post-120552","1":"product","2":"type-product","3":"status-publish","4":"has-post-thumbnail","6":"product_cat-asics","7":"product_tag-asics","8":"product_tag-athleisure-shoes","9":"product_tag-gift-for-him","10":"product_tag-lifestyle-casual-shoes","11":"product_tag-lifestyle-shoes-running-inspired","12":"product_tag-retro-running-shoes","13":"product_tag-running-shoes","14":"product_tag-trending-deals","15":"product_tag-trending-deals-under-150","16":"product_tag-under-retail","17":"wcpa_has_options","19":"first","20":"outofstock","21":"taxable","22":"shipping-taxable","23":"purchasable","24":"product-type-simple"},"wcpa_form_fields":{"rules":{"pric_overide_base_price":false,"pric_overide_base_price_if_gt_zero":false,"pric_overide_base_price_fully":false,"pric_cal_option_once":false,"pric_use_as_fee":false,"bind_quantity":false,"quantity_bind_formula":false},"fields":[{"type":"color-group","required":true,"elementId":"wcpa-color-group-69a5ab08ee12d","label":"Gr\u00f6\u00dfe","inline":true,"priceOptions":"different_for_all","pricingType":"fixed","className":"hassizechart product-shoes-size-eu product-shoes-size","name":"color-group-69a5ab08ee136","disp_type":"square","selection_type":"tick-border","disp_size":"50","show_label_inside":true,"adjust_width":true,"cart_display_type":"text","other_text":"Other","cl_rule":"show","col":6,"values":[{"label":"36","value":"EU 36","price":"","pimage":"","pimage_id":"","pthumb":"","color":"","selected":true},{"label":"37","value":"EU 37","price":"","pimage":"","pimage_id":"","pthumb":"","color":""},{"label":"37.5","value":"EU 37.5","price":"","pimage":"","pimage_id":"","pthumb":"","color":""},{"label":"38","value":"EU 38","price":"","pimage":"","pimage_id":"","pthumb":"","color":""},{"label":"38.5","value":"EU 38.5","price":"","pimage":"","pimage_id":"","pthumb":"","color":""},{"label":"39","value":"EU 39","price":"","pimage":"","pimage_id":"","pthumb":"","color":""},{"label":"39.5","value":"EU 39.5","price":"","pimage":"","pimage_id":"","pthumb":"","color":""},{"label":"40","value":"EU 40","price":"","pimage":"","pimage_id":"","pthumb":"","color":""},{"label":"40.5","value":"EU 40.5","price":"","pimage":"","pimage_id":"","pthumb":"","color":""},{"label":" 41.5","value":"EU 41.5","price":"","pimage":"","pimage_id":"","pthumb":"","color":""},{"label":"42","value":"EU 42","price":"","pimage":"","pimage_id":"","pthumb":"","color":""},{"label":"42.5","value":"EU 42.5","price":"","pimage":"","pimage_id":"","pthumb":"","color":""},{"label":"43.5","value":"EU 43.5","price":"","pimage":"","pimage_id":"","pthumb":"","color":""},{"label":"44","value":"EU 44","price":"","pimage":"","pimage_id":"","pthumb":"","color":""},{"label":"44.5","value":"EU 44.5","price":"","pimage":"","pimage_id":"","pthumb":"","color":""},{"label":"45","value":"EU 45","price":"","pimage":"","pimage_id":"","pthumb":"","color":""}],"relations":[{"operator":false,"rules":[]}],"form_id":184311,"form_rules":{"pric_cal_option_once":false,"exclude_from_discount":false,"pric_use_as_fee":false,"fee_label":"Fee","render_after_acb":false,"disp_hide_options_price":false}}]},"yoast_head":"<!-- This site is optimized with the Yoast SEO plugin v26.5 - https:\/\/yoast.com\/wordpress\/plugins\/seo\/ -->\n<title>ASICS Gel Lyte 5 Sanze MT Gore-Tex &#039;Black Burgundy&#039;  - Tourcruiser PTE. LTD<\/title>\n<meta name=\"robots\" content=\"index, follow, max-snippet:-1, max-image-preview:large, max-video-preview:-1\" \/>\n<link rel=\"canonical\" href=\"https:\/\/tourcruiser.com\/\" \/>\n<meta property=\"og:locale\" content=\"de_DE\" \/>\n<meta property=\"og:type\" content=\"article\" \/>\n<meta property=\"og:title\" content=\"ASICS Gel Lyte 5 Sanze MT Gore-Tex &#039;Black Burgundy&#039;  - Tourcruiser PTE. LTD\" \/>\n<meta property=\"og:description\" content=\"ASICS Gel Lyte 5 Sanze MT Gore-Tex \u201d\u201d Black\" \/>\n<meta property=\"og:url\" content=\"\/\" \/>\n<meta property=\"og:site_name\" content=\"Tourcruiser Sneaker Store\" \/>\n<meta property=\"article:modified_time\" content=\"2026-03-27T18:10:55+00:00\" \/>\n<meta name=\"twitter:card\" content=\"summary_large_image\" \/>\n<meta name=\"twitter:image\" content=\"https:\/\/images.novelship.com\/product\/asics_gel_lyte_5_sanze_mt_gore-tex__black_burgundy_0_62801.jpeg;https:\/\/images.novelship.com\/product\/asics_gel_lyte_5_sanze_mt_gore-tex__black_burgundy_1_62801.jpeg;https:\/\/images.novelship.com\/product\/asics_gel_lyte_5_sanze_mt_gore-tex__black_burgundy_2_62801.jpeg;https:\/\/images.novelship.com\/product\/asics_gel_lyte_5_sanze_mt_gore-tex__black_burgundy_3_62801.jpeg\" \/>\n<script type=\"application\/ld+json\" class=\"yoast-schema-graph\">{\"@context\":\"https:\/\/schema.org\",\"@graph\":[{\"@type\":\"WebPage\",\"@id\":\"\/\",\"url\":\"https:\/\/tourcruiser.com\/\",\"name\":\"ASICS Gel Lyte 5 Sanze MT Gore-Tex 'Black Burgundy' - Tourcruiser PTE. LTD\",\"isPartOf\":{\"@id\":\"https:\/\/tourcruiser.com\/de\/#website\"},\"primaryImageOfPage\":{\"@id\":\"https:\/\/tourcruiser.com\/#primaryimage\"},\"image\":{\"@id\":\"https:\/\/tourcruiser.com\/#primaryimage\"},\"thumbnailUrl\":\"https:\/\/images.novelship.com\/product\/asics_gel_lyte_5_sanze_mt_gore-tex__black_burgundy_0_62801.jpeg;https:\/\/images.novelship.com\/product\/asics_gel_lyte_5_sanze_mt_gore-tex__black_burgundy_1_62801.jpeg;https:\/\/images.novelship.com\/product\/asics_gel_lyte_5_sanze_mt_gore-tex__black_burgundy_2_62801.jpeg;https:\/\/images.novelship.com\/product\/asics_gel_lyte_5_sanze_mt_gore-tex__black_burgundy_3_62801.jpeg\",\"datePublished\":\"2026-03-02T08:32:31+00:00\",\"dateModified\":\"2026-03-27T18:10:55+00:00\",\"breadcrumb\":{\"@id\":\"https:\/\/tourcruiser.com\/#breadcrumb\"},\"inLanguage\":\"de\",\"potentialAction\":[{\"@type\":\"ReadAction\",\"target\":[\"https:\/\/tourcruiser.com\/\"]}]},{\"@type\":\"ImageObject\",\"inLanguage\":\"de\",\"@id\":\"https:\/\/tourcruiser.com\/#primaryimage\",\"url\":\"https:\/\/images.novelship.com\/product\/asics_gel_lyte_5_sanze_mt_gore-tex__black_burgundy_0_62801.jpeg;https:\/\/images.novelship.com\/product\/asics_gel_lyte_5_sanze_mt_gore-tex__black_burgundy_1_62801.jpeg;https:\/\/images.novelship.com\/product\/asics_gel_lyte_5_sanze_mt_gore-tex__black_burgundy_2_62801.jpeg;https:\/\/images.novelship.com\/product\/asics_gel_lyte_5_sanze_mt_gore-tex__black_burgundy_3_62801.jpeg\",\"contentUrl\":\"https:\/\/images.novelship.com\/product\/asics_gel_lyte_5_sanze_mt_gore-tex__black_burgundy_0_62801.jpeg;https:\/\/images.novelship.com\/product\/asics_gel_lyte_5_sanze_mt_gore-tex__black_burgundy_1_62801.jpeg;https:\/\/images.novelship.com\/product\/asics_gel_lyte_5_sanze_mt_gore-tex__black_burgundy_2_62801.jpeg;https:\/\/images.novelship.com\/product\/asics_gel_lyte_5_sanze_mt_gore-tex__black_burgundy_3_62801.jpeg\"},{\"@type\":\"BreadcrumbList\",\"@id\":\"https:\/\/tourcruiser.com\/#breadcrumb\",\"itemListElement\":[{\"@type\":\"ListItem\",\"position\":1,\"name\":\"Home\",\"item\":\"https:\/\/tourcruiser.com\/de\/\"},{\"@type\":\"ListItem\",\"position\":2,\"name\":\"Shop\",\"item\":\"https:\/\/tourcruiser.com\/de\/shop\/\"},{\"@type\":\"ListItem\",\"position\":3,\"name\":\"ASICS Gel Lyte 5 Sanze MT Gore-Tex &#8218;Black Burgundy&#8216;\"}]},{\"@type\":\"WebSite\",\"@id\":\"https:\/\/tourcruiser.com\/de\/#website\",\"url\":\"https:\/\/tourcruiser.com\/de\/\",\"name\":\"Styloral Jewelry Shop\",\"description\":\"Tourcruiser Sneaker Store \u2014 der Ort, an dem das Universum deine Einzigartigkeit trifft.\",\"publisher\":{\"@id\":\"https:\/\/tourcruiser.com\/de\/#organization\"},\"potentialAction\":[{\"@type\":\"SearchAction\",\"target\":{\"@type\":\"EntryPoint\",\"urlTemplate\":\"https:\/\/tourcruiser.com\/de\/?s={search_term_string}\"},\"query-input\":{\"@type\":\"PropertyValueSpecification\",\"valueRequired\":true,\"valueName\":\"search_term_string\"}}],\"inLanguage\":\"de\"},{\"@type\":\"Organization\",\"@id\":\"https:\/\/tourcruiser.com\/de\/#organization\",\"name\":\"STYLORAL PTE. LTD\",\"url\":\"https:\/\/tourcruiser.com\/de\/\",\"logo\":{\"@type\":\"ImageObject\",\"inLanguage\":\"de\",\"@id\":\"https:\/\/tourcruiser.com\/de\/#\/schema\/logo\/image\/\",\"url\":\"https:\/\/www.tourcruiser.com\/wp-content\/uploads\/2025\/12\/logo.png\",\"contentUrl\":\"https:\/\/www.tourcruiser.com\/wp-content\/uploads\/2025\/12\/logo.png\",\"width\":200,\"height\":65,\"caption\":\"STYLORAL PTE. LTD\"},\"image\":{\"@id\":\"https:\/\/tourcruiser.com\/de\/#\/schema\/logo\/image\/\"}}]}<\/script>\n<!-- \/ Yoast SEO plugin. -->","yoast_head_json":{"title":"ASICS Gel Lyte 5 Sanze MT Gore-Tex 'Black Burgundy'  - Tourcruiser PTE. LTD","robots":{"index":"index","follow":"follow","max-snippet":"max-snippet:-1","max-image-preview":"max-image-preview:large","max-video-preview":"max-video-preview:-1"},"canonical":"https:\/\/tourcruiser.com\/","og_locale":"de_DE","og_type":"article","og_title":"ASICS Gel Lyte 5 Sanze MT Gore-Tex 'Black Burgundy'  - Tourcruiser PTE. LTD","og_description":"ASICS Gel Lyte 5 Sanze MT Gore-Tex \u201d\u201d Black","og_url":"\/","og_site_name":"Tourcruiser Sneaker Store","article_modified_time":"2026-03-27T18:10:55+00:00","twitter_card":"summary_large_image","twitter_image":"https:\/\/images.novelship.com\/product\/asics_gel_lyte_5_sanze_mt_gore-tex__black_burgundy_0_62801.jpeg;https:\/\/images.novelship.com\/product\/asics_gel_lyte_5_sanze_mt_gore-tex__black_burgundy_1_62801.jpeg;https:\/\/images.novelship.com\/product\/asics_gel_lyte_5_sanze_mt_gore-tex__black_burgundy_2_62801.jpeg;https:\/\/images.novelship.com\/product\/asics_gel_lyte_5_sanze_mt_gore-tex__black_burgundy_3_62801.jpeg","schema":{"@context":"https:\/\/schema.org","@graph":[{"@type":"WebPage","@id":"\/","url":"https:\/\/tourcruiser.com\/","name":"ASICS Gel Lyte 5 Sanze MT Gore-Tex 'Black Burgundy' - Tourcruiser PTE. LTD","isPartOf":{"@id":"https:\/\/tourcruiser.com\/de\/#website"},"primaryImageOfPage":{"@id":"https:\/\/tourcruiser.com\/#primaryimage"},"image":{"@id":"https:\/\/tourcruiser.com\/#primaryimage"},"thumbnailUrl":"https:\/\/images.novelship.com\/product\/asics_gel_lyte_5_sanze_mt_gore-tex__black_burgundy_0_62801.jpeg;https:\/\/images.novelship.com\/product\/asics_gel_lyte_5_sanze_mt_gore-tex__black_burgundy_1_62801.jpeg;https:\/\/images.novelship.com\/product\/asics_gel_lyte_5_sanze_mt_gore-tex__black_burgundy_2_62801.jpeg;https:\/\/images.novelship.com\/product\/asics_gel_lyte_5_sanze_mt_gore-tex__black_burgundy_3_62801.jpeg","datePublished":"2026-03-02T08:32:31+00:00","dateModified":"2026-03-27T18:10:55+00:00","breadcrumb":{"@id":"https:\/\/tourcruiser.com\/#breadcrumb"},"inLanguage":"de","potentialAction":[{"@type":"ReadAction","target":["https:\/\/tourcruiser.com\/"]}]},{"@type":"ImageObject","inLanguage":"de","@id":"https:\/\/tourcruiser.com\/#primaryimage","url":"https:\/\/images.novelship.com\/product\/asics_gel_lyte_5_sanze_mt_gore-tex__black_burgundy_0_62801.jpeg;https:\/\/images.novelship.com\/product\/asics_gel_lyte_5_sanze_mt_gore-tex__black_burgundy_1_62801.jpeg;https:\/\/images.novelship.com\/product\/asics_gel_lyte_5_sanze_mt_gore-tex__black_burgundy_2_62801.jpeg;https:\/\/images.novelship.com\/product\/asics_gel_lyte_5_sanze_mt_gore-tex__black_burgundy_3_62801.jpeg","contentUrl":"https:\/\/images.novelship.com\/product\/asics_gel_lyte_5_sanze_mt_gore-tex__black_burgundy_0_62801.jpeg;https:\/\/images.novelship.com\/product\/asics_gel_lyte_5_sanze_mt_gore-tex__black_burgundy_1_62801.jpeg;https:\/\/images.novelship.com\/product\/asics_gel_lyte_5_sanze_mt_gore-tex__black_burgundy_2_62801.jpeg;https:\/\/images.novelship.com\/product\/asics_gel_lyte_5_sanze_mt_gore-tex__black_burgundy_3_62801.jpeg"},{"@type":"BreadcrumbList","@id":"https:\/\/tourcruiser.com\/#breadcrumb","itemListElement":[{"@type":"ListItem","position":1,"name":"Home","item":"https:\/\/tourcruiser.com\/de\/"},{"@type":"ListItem","position":2,"name":"Shop","item":"https:\/\/tourcruiser.com\/de\/shop\/"},{"@type":"ListItem","position":3,"name":"ASICS Gel Lyte 5 Sanze MT Gore-Tex &#8218;Black Burgundy&#8216;"}]},{"@type":"WebSite","@id":"https:\/\/tourcruiser.com\/de\/#website","url":"https:\/\/tourcruiser.com\/de\/","name":"Styloral Jewelry Shop","description":"Tourcruiser Sneaker Store \u2014 der Ort, an dem das Universum deine Einzigartigkeit trifft.","publisher":{"@id":"https:\/\/tourcruiser.com\/de\/#organization"},"potentialAction":[{"@type":"SearchAction","target":{"@type":"EntryPoint","urlTemplate":"https:\/\/tourcruiser.com\/de\/?s={search_term_string}"},"query-input":{"@type":"PropertyValueSpecification","valueRequired":true,"valueName":"search_term_string"}}],"inLanguage":"de"},{"@type":"Organization","@id":"https:\/\/tourcruiser.com\/de\/#organization","name":"STYLORAL PTE. LTD","url":"https:\/\/tourcruiser.com\/de\/","logo":{"@type":"ImageObject","inLanguage":"de","@id":"https:\/\/tourcruiser.com\/de\/#\/schema\/logo\/image\/","url":"https:\/\/www.tourcruiser.com\/wp-content\/uploads\/2025\/12\/logo.png","contentUrl":"https:\/\/www.tourcruiser.com\/wp-content\/uploads\/2025\/12\/logo.png","width":200,"height":65,"caption":"STYLORAL PTE. LTD"},"image":{"@id":"https:\/\/tourcruiser.com\/de\/#\/schema\/logo\/image\/"}}]}},"_links":{"self":[{"href":"https:\/\/tourcruiser.com\/de\/wp-json\/wp\/v2\/product\/120552","targetHints":{"allow":["GET"]}}],"collection":[{"href":"https:\/\/tourcruiser.com\/de\/wp-json\/wp\/v2\/product"}],"about":[{"href":"https:\/\/tourcruiser.com\/de\/wp-json\/wp\/v2\/types\/product"}],"replies":[{"embeddable":true,"href":"https:\/\/tourcruiser.com\/de\/wp-json\/wp\/v2\/comments?post=120552"}],"wp:featuredmedia":[{"embeddable":true,"href":"https:\/\/tourcruiser.com\/de\/wp-json\/wp\/v2\/media\/120553"}],"wp:attachment":[{"href":"https:\/\/tourcruiser.com\/de\/wp-json\/wp\/v2\/media?parent=120552"}],"wp:term":[{"taxonomy":"product_brand","embeddable":true,"href":"https:\/\/tourcruiser.com\/de\/wp-json\/wp\/v2\/product_brand?post=120552"},{"taxonomy":"product_cat","embeddable":true,"href":"https:\/\/tourcruiser.com\/de\/wp-json\/wp\/v2\/product_cat?post=120552"},{"taxonomy":"product_tag","embeddable":true,"href":"https:\/\/tourcruiser.com\/de\/wp-json\/wp\/v2\/product_tag?post=120552"}],"curies":[{"name":"wp","href":"https:\/\/api.w.org\/{rel}","templated":true}]}}