{"id":113916,"date":"2026-03-02T15:31:06","date_gmt":"2026-03-02T08:31:06","guid":{"rendered":"http:\/\/tourcruiser.com\/product\/emmi-x-asics-gel-cumulus-16-beige-grey"},"modified":"2026-03-28T01:10:14","modified_gmt":"2026-03-27T18:10:14","slug":"emmi-x-asics-gel-cumulus-16-beige-grey","status":"publish","type":"product","link":"https:\/\/tourcruiser.com\/de\/products\/emmi-x-asics-gel-cumulus-16-beige-grey\/","title":{"rendered":"Emmi x ASICS Gel Cumulus 16 &#8218;Beige Grey&#8216;"},"content":{"rendered":"<p>Der Emmi x ASICS Gel Cumulus 16 \u201eBeige Grey\u201c 1203A957-250 ist eine hochwertige Lifestyle-Kollaboration, die Emmis minimalistische \u00c4sthetik mit der bew\u00e4hrten Lauftechnologie von ASICS zu einem eleganten Sneaker f\u00fcr jeden Tag vereint. Dieses limitierte Modell besticht durch eine edle Farbpalette in Beige und Grau und ist aus hochwertigen Materialien gefertigt. So entsteht ein cleanes, vielseitiges Design, das sich m\u00fchelos vom Tag in die Nacht tragen l\u00e4sst. Basierend auf der bew\u00e4hrten Gel Cumulus 16-Plattform bietet er dank der GEL-Technologie von ASICS und einer reaktionsfreudigen Zwischensohle au\u00dfergew\u00f6hnlichen Komfort und Halt und garantiert so ganzt\u00e4gigen Tragekomfort. Diese exklusive Neuerscheinung vereint l\u00e4ssigen Streetwear-Style mit bew\u00e4hrter Performance und ist damit ein Must-have f\u00fcr Sneaker-Fans und Sammler, die ihre Garderobe um einen zeitlosen und bequemen Schuh erweitern m\u00f6chten.<\/p>\n<ul>\n<li><strong>Farbgebung:<\/strong> Beige\/Grau<\/li>\n<li><strong>Style-Code:<\/strong> 1203A957-250<\/li>\n<li><strong>Obermaterial:<\/strong> Mesh<\/li>\n<li><strong>Zwischensohle:<\/strong> Gel<\/li>\n<li><strong>Farbe:<\/strong> Beige<\/li>\n<li><strong>Saison:<\/strong> Herbst<\/li>\n<li><strong>Erscheinungsjahr:<\/strong> 2025<\/li>\n<\/ul>\n","protected":false},"excerpt":{"rendered":"<p>ASICS Gel Cumulus 16 \u201d\u201d Beige\/Grey<\/p>\n","protected":false},"featured_media":113917,"comment_status":"open","ping_status":"closed","template":"","meta":[],"product_brand":[],"product_cat":[10792],"product_tag":[10791,10750,10754,10765,10768,10785,10786,10758],"class_list":{"0":"post-113916","1":"product","2":"type-product","3":"status-publish","4":"has-post-thumbnail","6":"product_cat-asics","7":"product_tag-asics","8":"product_tag-athleisure-shoes","9":"product_tag-lifestyle-casual-shoes","10":"product_tag-lifestyle-shoes-running-inspired","11":"product_tag-retro-running-shoes","12":"product_tag-trending-deals","13":"product_tag-trending-deals-under-150","14":"product_tag-under-retail","15":"wcpa_has_options","17":"first","18":"outofstock","19":"taxable","20":"shipping-taxable","21":"purchasable","22":"product-type-simple"},"wcpa_form_fields":{"rules":{"pric_overide_base_price":false,"pric_overide_base_price_if_gt_zero":false,"pric_overide_base_price_fully":false,"pric_cal_option_once":false,"pric_use_as_fee":false,"bind_quantity":false,"quantity_bind_formula":false},"fields":[{"type":"color-group","required":true,"elementId":"wcpa-color-group-69a5ab08ee12d","label":"Gr\u00f6\u00dfe","inline":true,"priceOptions":"different_for_all","pricingType":"fixed","className":"hassizechart product-shoes-size-eu product-shoes-size","name":"color-group-69a5ab08ee136","disp_type":"square","selection_type":"tick-border","disp_size":"50","show_label_inside":true,"adjust_width":true,"cart_display_type":"text","other_text":"Other","cl_rule":"show","col":6,"values":[{"label":"36","value":"EU 36","price":"","pimage":"","pimage_id":"","pthumb":"","color":"","selected":true},{"label":"37","value":"EU 37","price":"","pimage":"","pimage_id":"","pthumb":"","color":""},{"label":"37.5","value":"EU 37.5","price":"","pimage":"","pimage_id":"","pthumb":"","color":""},{"label":"38","value":"EU 38","price":"","pimage":"","pimage_id":"","pthumb":"","color":""},{"label":"38.5","value":"EU 38.5","price":"","pimage":"","pimage_id":"","pthumb":"","color":""},{"label":"39","value":"EU 39","price":"","pimage":"","pimage_id":"","pthumb":"","color":""},{"label":"39.5","value":"EU 39.5","price":"","pimage":"","pimage_id":"","pthumb":"","color":""},{"label":"40","value":"EU 40","price":"","pimage":"","pimage_id":"","pthumb":"","color":""},{"label":"40.5","value":"EU 40.5","price":"","pimage":"","pimage_id":"","pthumb":"","color":""},{"label":" 41.5","value":"EU 41.5","price":"","pimage":"","pimage_id":"","pthumb":"","color":""},{"label":"42","value":"EU 42","price":"","pimage":"","pimage_id":"","pthumb":"","color":""},{"label":"42.5","value":"EU 42.5","price":"","pimage":"","pimage_id":"","pthumb":"","color":""},{"label":"43.5","value":"EU 43.5","price":"","pimage":"","pimage_id":"","pthumb":"","color":""},{"label":"44","value":"EU 44","price":"","pimage":"","pimage_id":"","pthumb":"","color":""},{"label":"44.5","value":"EU 44.5","price":"","pimage":"","pimage_id":"","pthumb":"","color":""},{"label":"45","value":"EU 45","price":"","pimage":"","pimage_id":"","pthumb":"","color":""}],"relations":[{"operator":false,"rules":[]}],"form_id":184311,"form_rules":{"pric_cal_option_once":false,"exclude_from_discount":false,"pric_use_as_fee":false,"fee_label":"Fee","render_after_acb":false,"disp_hide_options_price":false}}]},"yoast_head":"<!-- This site is optimized with the Yoast SEO plugin v26.5 - https:\/\/yoast.com\/wordpress\/plugins\/seo\/ -->\n<title>Emmi x ASICS Gel Cumulus 16 &#039;Beige Grey&#039;  - Tourcruiser PTE. LTD<\/title>\n<meta name=\"robots\" content=\"index, follow, max-snippet:-1, max-image-preview:large, max-video-preview:-1\" \/>\n<link rel=\"canonical\" href=\"https:\/\/tourcruiser.com\/\" \/>\n<meta property=\"og:locale\" content=\"de_DE\" \/>\n<meta property=\"og:type\" content=\"article\" \/>\n<meta property=\"og:title\" content=\"Emmi x ASICS Gel Cumulus 16 &#039;Beige Grey&#039;  - Tourcruiser PTE. LTD\" \/>\n<meta property=\"og:description\" content=\"ASICS Gel Cumulus 16 \u201d\u201d Beige\/Grey\" \/>\n<meta property=\"og:url\" content=\"\/\" \/>\n<meta property=\"og:site_name\" content=\"Tourcruiser Sneaker Store\" \/>\n<meta property=\"article:modified_time\" content=\"2026-03-27T18:10:14+00:00\" \/>\n<meta name=\"twitter:card\" content=\"summary_large_image\" \/>\n<meta name=\"twitter:image\" content=\"https:\/\/images.novelship.com\/product\/emmi_x_asics_gel_cumulus_16__beige_grey__1203a957-_0_80862.jpeg;https:\/\/images.novelship.com\/product\/emmi_x_asics_gel_cumulus_16__beige_grey__1203a957-_1_80862.jpeg;https:\/\/images.novelship.com\/product\/emmi_x_asics_gel_cumulus_16__beige_grey__1203a957-_2_80862.jpeg;https:\/\/images.novelship.com\/product\/emmi_x_asics_gel_cumulus_16__beige_grey__1203a957-_3_80862.jpeg;https:\/\/images.novelship.com\/product\/emmi_x_asics_gel_cumulus_16__beige_grey__1203a957-_4_80862.jpeg\" \/>\n<meta name=\"twitter:label1\" content=\"Gesch\u00e4tzte Lesezeit\" \/>\n\t<meta name=\"twitter:data1\" content=\"1\u00a0Minute\" \/>\n<script type=\"application\/ld+json\" class=\"yoast-schema-graph\">{\"@context\":\"https:\/\/schema.org\",\"@graph\":[{\"@type\":\"WebPage\",\"@id\":\"\/\",\"url\":\"https:\/\/tourcruiser.com\/\",\"name\":\"Emmi x ASICS Gel Cumulus 16 'Beige Grey' - Tourcruiser PTE. LTD\",\"isPartOf\":{\"@id\":\"https:\/\/tourcruiser.com\/de\/#website\"},\"primaryImageOfPage\":{\"@id\":\"https:\/\/tourcruiser.com\/#primaryimage\"},\"image\":{\"@id\":\"https:\/\/tourcruiser.com\/#primaryimage\"},\"thumbnailUrl\":\"https:\/\/images.novelship.com\/product\/emmi_x_asics_gel_cumulus_16__beige_grey__1203a957-_0_80862.jpeg;https:\/\/images.novelship.com\/product\/emmi_x_asics_gel_cumulus_16__beige_grey__1203a957-_1_80862.jpeg;https:\/\/images.novelship.com\/product\/emmi_x_asics_gel_cumulus_16__beige_grey__1203a957-_2_80862.jpeg;https:\/\/images.novelship.com\/product\/emmi_x_asics_gel_cumulus_16__beige_grey__1203a957-_3_80862.jpeg;https:\/\/images.novelship.com\/product\/emmi_x_asics_gel_cumulus_16__beige_grey__1203a957-_4_80862.jpeg\",\"datePublished\":\"2026-03-02T08:31:06+00:00\",\"dateModified\":\"2026-03-27T18:10:14+00:00\",\"breadcrumb\":{\"@id\":\"https:\/\/tourcruiser.com\/#breadcrumb\"},\"inLanguage\":\"de\",\"potentialAction\":[{\"@type\":\"ReadAction\",\"target\":[\"https:\/\/tourcruiser.com\/\"]}]},{\"@type\":\"ImageObject\",\"inLanguage\":\"de\",\"@id\":\"https:\/\/tourcruiser.com\/#primaryimage\",\"url\":\"https:\/\/images.novelship.com\/product\/emmi_x_asics_gel_cumulus_16__beige_grey__1203a957-_0_80862.jpeg;https:\/\/images.novelship.com\/product\/emmi_x_asics_gel_cumulus_16__beige_grey__1203a957-_1_80862.jpeg;https:\/\/images.novelship.com\/product\/emmi_x_asics_gel_cumulus_16__beige_grey__1203a957-_2_80862.jpeg;https:\/\/images.novelship.com\/product\/emmi_x_asics_gel_cumulus_16__beige_grey__1203a957-_3_80862.jpeg;https:\/\/images.novelship.com\/product\/emmi_x_asics_gel_cumulus_16__beige_grey__1203a957-_4_80862.jpeg\",\"contentUrl\":\"https:\/\/images.novelship.com\/product\/emmi_x_asics_gel_cumulus_16__beige_grey__1203a957-_0_80862.jpeg;https:\/\/images.novelship.com\/product\/emmi_x_asics_gel_cumulus_16__beige_grey__1203a957-_1_80862.jpeg;https:\/\/images.novelship.com\/product\/emmi_x_asics_gel_cumulus_16__beige_grey__1203a957-_2_80862.jpeg;https:\/\/images.novelship.com\/product\/emmi_x_asics_gel_cumulus_16__beige_grey__1203a957-_3_80862.jpeg;https:\/\/images.novelship.com\/product\/emmi_x_asics_gel_cumulus_16__beige_grey__1203a957-_4_80862.jpeg\"},{\"@type\":\"BreadcrumbList\",\"@id\":\"https:\/\/tourcruiser.com\/#breadcrumb\",\"itemListElement\":[{\"@type\":\"ListItem\",\"position\":1,\"name\":\"Home\",\"item\":\"https:\/\/tourcruiser.com\/de\/\"},{\"@type\":\"ListItem\",\"position\":2,\"name\":\"Shop\",\"item\":\"https:\/\/tourcruiser.com\/de\/shop\/\"},{\"@type\":\"ListItem\",\"position\":3,\"name\":\"Emmi x ASICS Gel Cumulus 16 &#8218;Beige Grey&#8216;\"}]},{\"@type\":\"WebSite\",\"@id\":\"https:\/\/tourcruiser.com\/de\/#website\",\"url\":\"https:\/\/tourcruiser.com\/de\/\",\"name\":\"Styloral Jewelry Shop\",\"description\":\"Tourcruiser Sneaker Store \u2014 der Ort, an dem das Universum deine Einzigartigkeit trifft.\",\"publisher\":{\"@id\":\"https:\/\/tourcruiser.com\/de\/#organization\"},\"potentialAction\":[{\"@type\":\"SearchAction\",\"target\":{\"@type\":\"EntryPoint\",\"urlTemplate\":\"https:\/\/tourcruiser.com\/de\/?s={search_term_string}\"},\"query-input\":{\"@type\":\"PropertyValueSpecification\",\"valueRequired\":true,\"valueName\":\"search_term_string\"}}],\"inLanguage\":\"de\"},{\"@type\":\"Organization\",\"@id\":\"https:\/\/tourcruiser.com\/de\/#organization\",\"name\":\"STYLORAL PTE. LTD\",\"url\":\"https:\/\/tourcruiser.com\/de\/\",\"logo\":{\"@type\":\"ImageObject\",\"inLanguage\":\"de\",\"@id\":\"https:\/\/tourcruiser.com\/de\/#\/schema\/logo\/image\/\",\"url\":\"https:\/\/www.tourcruiser.com\/wp-content\/uploads\/2025\/12\/logo.png\",\"contentUrl\":\"https:\/\/www.tourcruiser.com\/wp-content\/uploads\/2025\/12\/logo.png\",\"width\":200,\"height\":65,\"caption\":\"STYLORAL PTE. LTD\"},\"image\":{\"@id\":\"https:\/\/tourcruiser.com\/de\/#\/schema\/logo\/image\/\"}}]}<\/script>\n<!-- \/ Yoast SEO plugin. -->","yoast_head_json":{"title":"Emmi x ASICS Gel Cumulus 16 'Beige Grey'  - Tourcruiser PTE. LTD","robots":{"index":"index","follow":"follow","max-snippet":"max-snippet:-1","max-image-preview":"max-image-preview:large","max-video-preview":"max-video-preview:-1"},"canonical":"https:\/\/tourcruiser.com\/","og_locale":"de_DE","og_type":"article","og_title":"Emmi x ASICS Gel Cumulus 16 'Beige Grey'  - Tourcruiser PTE. LTD","og_description":"ASICS Gel Cumulus 16 \u201d\u201d Beige\/Grey","og_url":"\/","og_site_name":"Tourcruiser Sneaker Store","article_modified_time":"2026-03-27T18:10:14+00:00","twitter_card":"summary_large_image","twitter_image":"https:\/\/images.novelship.com\/product\/emmi_x_asics_gel_cumulus_16__beige_grey__1203a957-_0_80862.jpeg;https:\/\/images.novelship.com\/product\/emmi_x_asics_gel_cumulus_16__beige_grey__1203a957-_1_80862.jpeg;https:\/\/images.novelship.com\/product\/emmi_x_asics_gel_cumulus_16__beige_grey__1203a957-_2_80862.jpeg;https:\/\/images.novelship.com\/product\/emmi_x_asics_gel_cumulus_16__beige_grey__1203a957-_3_80862.jpeg;https:\/\/images.novelship.com\/product\/emmi_x_asics_gel_cumulus_16__beige_grey__1203a957-_4_80862.jpeg","twitter_misc":{"Gesch\u00e4tzte Lesezeit":"1\u00a0Minute"},"schema":{"@context":"https:\/\/schema.org","@graph":[{"@type":"WebPage","@id":"\/","url":"https:\/\/tourcruiser.com\/","name":"Emmi x ASICS Gel Cumulus 16 'Beige Grey' - Tourcruiser PTE. LTD","isPartOf":{"@id":"https:\/\/tourcruiser.com\/de\/#website"},"primaryImageOfPage":{"@id":"https:\/\/tourcruiser.com\/#primaryimage"},"image":{"@id":"https:\/\/tourcruiser.com\/#primaryimage"},"thumbnailUrl":"https:\/\/images.novelship.com\/product\/emmi_x_asics_gel_cumulus_16__beige_grey__1203a957-_0_80862.jpeg;https:\/\/images.novelship.com\/product\/emmi_x_asics_gel_cumulus_16__beige_grey__1203a957-_1_80862.jpeg;https:\/\/images.novelship.com\/product\/emmi_x_asics_gel_cumulus_16__beige_grey__1203a957-_2_80862.jpeg;https:\/\/images.novelship.com\/product\/emmi_x_asics_gel_cumulus_16__beige_grey__1203a957-_3_80862.jpeg;https:\/\/images.novelship.com\/product\/emmi_x_asics_gel_cumulus_16__beige_grey__1203a957-_4_80862.jpeg","datePublished":"2026-03-02T08:31:06+00:00","dateModified":"2026-03-27T18:10:14+00:00","breadcrumb":{"@id":"https:\/\/tourcruiser.com\/#breadcrumb"},"inLanguage":"de","potentialAction":[{"@type":"ReadAction","target":["https:\/\/tourcruiser.com\/"]}]},{"@type":"ImageObject","inLanguage":"de","@id":"https:\/\/tourcruiser.com\/#primaryimage","url":"https:\/\/images.novelship.com\/product\/emmi_x_asics_gel_cumulus_16__beige_grey__1203a957-_0_80862.jpeg;https:\/\/images.novelship.com\/product\/emmi_x_asics_gel_cumulus_16__beige_grey__1203a957-_1_80862.jpeg;https:\/\/images.novelship.com\/product\/emmi_x_asics_gel_cumulus_16__beige_grey__1203a957-_2_80862.jpeg;https:\/\/images.novelship.com\/product\/emmi_x_asics_gel_cumulus_16__beige_grey__1203a957-_3_80862.jpeg;https:\/\/images.novelship.com\/product\/emmi_x_asics_gel_cumulus_16__beige_grey__1203a957-_4_80862.jpeg","contentUrl":"https:\/\/images.novelship.com\/product\/emmi_x_asics_gel_cumulus_16__beige_grey__1203a957-_0_80862.jpeg;https:\/\/images.novelship.com\/product\/emmi_x_asics_gel_cumulus_16__beige_grey__1203a957-_1_80862.jpeg;https:\/\/images.novelship.com\/product\/emmi_x_asics_gel_cumulus_16__beige_grey__1203a957-_2_80862.jpeg;https:\/\/images.novelship.com\/product\/emmi_x_asics_gel_cumulus_16__beige_grey__1203a957-_3_80862.jpeg;https:\/\/images.novelship.com\/product\/emmi_x_asics_gel_cumulus_16__beige_grey__1203a957-_4_80862.jpeg"},{"@type":"BreadcrumbList","@id":"https:\/\/tourcruiser.com\/#breadcrumb","itemListElement":[{"@type":"ListItem","position":1,"name":"Home","item":"https:\/\/tourcruiser.com\/de\/"},{"@type":"ListItem","position":2,"name":"Shop","item":"https:\/\/tourcruiser.com\/de\/shop\/"},{"@type":"ListItem","position":3,"name":"Emmi x ASICS Gel Cumulus 16 &#8218;Beige Grey&#8216;"}]},{"@type":"WebSite","@id":"https:\/\/tourcruiser.com\/de\/#website","url":"https:\/\/tourcruiser.com\/de\/","name":"Styloral Jewelry Shop","description":"Tourcruiser Sneaker Store \u2014 der Ort, an dem das Universum deine Einzigartigkeit trifft.","publisher":{"@id":"https:\/\/tourcruiser.com\/de\/#organization"},"potentialAction":[{"@type":"SearchAction","target":{"@type":"EntryPoint","urlTemplate":"https:\/\/tourcruiser.com\/de\/?s={search_term_string}"},"query-input":{"@type":"PropertyValueSpecification","valueRequired":true,"valueName":"search_term_string"}}],"inLanguage":"de"},{"@type":"Organization","@id":"https:\/\/tourcruiser.com\/de\/#organization","name":"STYLORAL PTE. LTD","url":"https:\/\/tourcruiser.com\/de\/","logo":{"@type":"ImageObject","inLanguage":"de","@id":"https:\/\/tourcruiser.com\/de\/#\/schema\/logo\/image\/","url":"https:\/\/www.tourcruiser.com\/wp-content\/uploads\/2025\/12\/logo.png","contentUrl":"https:\/\/www.tourcruiser.com\/wp-content\/uploads\/2025\/12\/logo.png","width":200,"height":65,"caption":"STYLORAL PTE. LTD"},"image":{"@id":"https:\/\/tourcruiser.com\/de\/#\/schema\/logo\/image\/"}}]}},"_links":{"self":[{"href":"https:\/\/tourcruiser.com\/de\/wp-json\/wp\/v2\/product\/113916","targetHints":{"allow":["GET"]}}],"collection":[{"href":"https:\/\/tourcruiser.com\/de\/wp-json\/wp\/v2\/product"}],"about":[{"href":"https:\/\/tourcruiser.com\/de\/wp-json\/wp\/v2\/types\/product"}],"replies":[{"embeddable":true,"href":"https:\/\/tourcruiser.com\/de\/wp-json\/wp\/v2\/comments?post=113916"}],"wp:featuredmedia":[{"embeddable":true,"href":"https:\/\/tourcruiser.com\/de\/wp-json\/wp\/v2\/media\/113917"}],"wp:attachment":[{"href":"https:\/\/tourcruiser.com\/de\/wp-json\/wp\/v2\/media?parent=113916"}],"wp:term":[{"taxonomy":"product_brand","embeddable":true,"href":"https:\/\/tourcruiser.com\/de\/wp-json\/wp\/v2\/product_brand?post=113916"},{"taxonomy":"product_cat","embeddable":true,"href":"https:\/\/tourcruiser.com\/de\/wp-json\/wp\/v2\/product_cat?post=113916"},{"taxonomy":"product_tag","embeddable":true,"href":"https:\/\/tourcruiser.com\/de\/wp-json\/wp\/v2\/product_tag?post=113916"}],"curies":[{"name":"wp","href":"https:\/\/api.w.org\/{rel}","templated":true}]}}