{"id":112914,"date":"2026-03-02T15:30:54","date_gmt":"2026-03-02T08:30:54","guid":{"rendered":"http:\/\/tourcruiser.com\/product\/women-nike-go-flyease-pale-ivory"},"modified":"2026-03-28T01:10:08","modified_gmt":"2026-03-27T18:10:08","slug":"women-nike-go-flyease-pale-ivory","status":"publish","type":"product","link":"https:\/\/tourcruiser.com\/de\/products\/women-nike-go-flyease-pale-ivory\/","title":{"rendered":"(Women) Nike GO FlyEase &#8218;Pale Ivory&#8216;"},"content":{"rendered":"<p>Der Nike Go FlyEase DR5540-105 bietet m\u00fchelosen Tragekomfort dank seines innovativen Designs, das freih\u00e4ndiges An- und Ausziehen erm\u00f6glicht \u201d\u201c perfekt f\u00fcr jeden Tag.<\/p>\n<p>Mit seinem einzigartigen bistabilen Scharnier und dem Spannband bietet dieser Schuh eine nahtlose, sichere Passform, die sich m\u00fchelos an Ihren Fu\u00df anpasst. Das elegante Design vereint Stil und Funktionalit\u00e4t und wird durch leichte Materialien erg\u00e4nzt, die ganzt\u00e4gigen Tragekomfort bieten \u201d\u201c egal ob Sie Besorgungen erledigen oder zu Hause entspannen. Das atmungsaktive Obermaterial sorgt f\u00fcr optimale Bel\u00fcftung, w\u00e4hrend die gepolsterte Mittelsohle Ihre F\u00fc\u00dfe auch bei l\u00e4ngerem Tragen st\u00fctzt.<\/p>\n<p>Der Nike Go FlyEase wurde f\u00fcr maximale Zug\u00e4nglichkeit entwickelt und ist ideal f\u00fcr alle, die Wert auf Komfort und modernen Stil legen. Das dynamische Design unterst\u00fctzt Ihre Bewegungen und macht ihn vielseitig einsetzbar f\u00fcr unterschiedlichste Aktivit\u00e4ten, ohne dabei auf \u00c4sthetik zu verzichten.<\/p>\n<p>Egal ob f\u00fcr unterwegs oder einfach nur auf der Suche nach einem unkomplizierten Schuh: Der Nike Go FlyEase DR5540-105 vereint innovative Technologie mit zeitloser Nike-Qualit\u00e4t und definiert so neu, was es hei\u00dft, etwas Besonderes zu tragen.<\/p>\n<ul>\n<li><strong>Farbgebung:<\/strong> Hellelfenbein\/Platinum Tint\/Schwarz<\/li>\n<li><strong>Artikelnummer:<\/strong> DR5540-105<\/li>\n<li><strong>Obermaterial:<\/strong> Mesh<\/li>\n<li><strong>Zwischensohle:<\/strong> Cushlon<\/li>\n<li><strong>Farbe:<\/strong> Wei\u00df<\/li>\n<\/ul>\n","protected":false},"excerpt":{"rendered":"<p>Nike Go FlyEase \u201d\u201d Pale Ivory\/Platinum Tint\/Black<\/p>\n","protected":false},"featured_media":112915,"comment_status":"open","ping_status":"closed","template":"","meta":[],"product_brand":[],"product_cat":[10809],"product_tag":[10750,12435,10754,10765,10801,10758],"class_list":{"0":"post-112914","1":"product","2":"type-product","3":"status-publish","4":"has-post-thumbnail","6":"product_cat-nike-women","7":"product_tag-athleisure-shoes","8":"product_tag-hybrid-shoes","9":"product_tag-lifestyle-casual-shoes","10":"product_tag-lifestyle-shoes-running-inspired","11":"product_tag-nike","12":"product_tag-under-retail","13":"wcpa_has_options","15":"first","16":"outofstock","17":"taxable","18":"shipping-taxable","19":"purchasable","20":"product-type-simple"},"wcpa_form_fields":{"rules":{"pric_overide_base_price":false,"pric_overide_base_price_if_gt_zero":false,"pric_overide_base_price_fully":false,"pric_cal_option_once":false,"pric_use_as_fee":false,"bind_quantity":false,"quantity_bind_formula":false},"fields":[{"type":"color-group","required":true,"elementId":"wcpa-color-group-66c4a75505e74","label":"Gr\u00f6\u00dfe - EU Gr\u00f6\u00dfe","inline":true,"priceOptions":"different_for_all","pricingType":"fixed","className":"hassizechart product-shoes-size-eu product-shoes-size","name":"color-group-66c4a75505e89","disp_type":"square","selection_type":"tick-border","disp_size":"44","show_label_inside":true,"adjust_width":true,"cart_display_type":"text","other_text":"Other","cl_rule":"show","col":6,"values":[{"label":"35.5","value":"EU 35.5","price":"","pimage":"","pimage_id":"","pthumb":"","color":""},{"label":"36","value":"EU 36","price":"","pimage":"","pimage_id":"","pthumb":"","color":"","selected":true},{"label":"36.5","value":"EU 36.5","price":"","pimage":"","pimage_id":"","pthumb":"","color":""},{"label":"37.5","value":"EU 37.5","price":"","pimage":"","pimage_id":"","pthumb":"","color":""},{"label":"38","value":"EU 38","price":"","pimage":"","pimage_id":"","pthumb":"","color":""},{"label":"38.5","value":"EU 38.5","price":"","pimage":"","pimage_id":"","pthumb":"","color":""},{"label":"39","value":"EU 39","price":"","pimage":"","pimage_id":"","pthumb":"","color":""},{"label":"40","value":"EU 40","price":"","pimage":"","pimage_id":"","pthumb":"","color":""},{"label":"40.5","value":"EU 40.5","price":"","pimage":"","pimage_id":"","pthumb":"","color":""},{"label":"41","value":"EU 41","price":"","pimage":"","pimage_id":"","pthumb":"","color":""},{"label":"42","value":"EU 42","price":"","pimage":"","pimage_id":"","pthumb":"","color":""},{"label":"42.5","value":"EU 42.5","price":"","pimage":"","pimage_id":"","pthumb":"","color":""},{"label":"43","value":"EU 43","price":"","pimage":"","pimage_id":"","pthumb":"","color":""},{"label":"44","value":"EU 44","price":"","pimage":"","pimage_id":"","pthumb":"","color":""},{"label":"44.5","value":"EU 44.5","price":"","pimage":"","pimage_id":"","pthumb":"","color":""},{"label":"45","value":"EU 45","price":"","pimage":"","pimage_id":"","pthumb":"","color":""},{"label":"45.5","value":"EU 45.5","price":"","pimage":"","pimage_id":"","pthumb":"","color":""},{"label":"46","value":"EU 46","price":"","pimage":"","pimage_id":"","pthumb":"","color":""},{"label":"47","value":"EU 47","price":"","pimage":"","pimage_id":"","pthumb":"","color":""},{"label":"47.5","value":"EU 47.5","price":"","pimage":"","pimage_id":"","pthumb":"","color":""},{"label":"48","value":"EU 48","price":"","pimage":"","pimage_id":"","pthumb":"","color":""}],"relations":[{"operator":false,"rules":[]}],"form_id":18106,"form_rules":{"pric_cal_option_once":false,"exclude_from_discount":false,"pric_use_as_fee":false,"fee_label":"Fee","render_after_acb":false,"disp_hide_options_price":false}}]},"yoast_head":"<!-- This site is optimized with the Yoast SEO plugin v26.5 - https:\/\/yoast.com\/wordpress\/plugins\/seo\/ -->\n<title>(Women) Nike GO FlyEase &#039;Pale Ivory&#039;  - Tourcruiser PTE. LTD<\/title>\n<meta name=\"robots\" content=\"index, follow, max-snippet:-1, max-image-preview:large, max-video-preview:-1\" \/>\n<link rel=\"canonical\" href=\"https:\/\/tourcruiser.com\/de\/products\/women-nike-go-flyease-pale-ivory\/\" \/>\n<meta property=\"og:locale\" content=\"de_DE\" \/>\n<meta property=\"og:type\" content=\"article\" \/>\n<meta property=\"og:title\" content=\"(Women) Nike GO FlyEase &#039;Pale Ivory&#039;  - Tourcruiser PTE. LTD\" \/>\n<meta property=\"og:description\" content=\"Nike Go FlyEase \u201d\u201d Pale Ivory\/Platinum Tint\/Black\" \/>\n<meta property=\"og:url\" content=\"https:\/\/tourcruiser.com\/de\/products\/women-nike-go-flyease-pale-ivory\/\" \/>\n<meta property=\"og:site_name\" content=\"Tourcruiser Sneaker Store\" \/>\n<meta property=\"article:modified_time\" content=\"2026-03-27T18:10:08+00:00\" \/>\n<meta name=\"twitter:card\" content=\"summary_large_image\" \/>\n<meta name=\"twitter:image\" content=\"https:\/\/images.novelship.com\/product\/_w__nike_go_flyease_dr5540-105_0_41852.jpeg;https:\/\/images.novelship.com\/product\/_w__nike_go_flyease_dr5540-105_1_41852.jpeg;https:\/\/images.novelship.com\/product\/_w__nike_go_flyease_dr5540-105_2_41853.jpeg;https:\/\/images.novelship.com\/product\/_w__nike_go_flyease_dr5540-105_3_41853.jpeg;https:\/\/images.novelship.com\/product\/_w__nike_go_flyease_dr5540-105_4_41853.jpeg;https:\/\/images.novelship.com\/product\/_w__nike_go_flyease_dr5540-105_5_41853.jpeg;https:\/\/images.novelship.com\/product\/_w__nike_go_flyease_dr5540-105_6_41853.jpeg;https:\/\/images.novelship.com\/product\/_w__nike_go_flyease_dr5540-105_7_41853.jpeg;https:\/\/images.novelship.com\/product\/_w__nike_go_flyease_dr5540-105_8_41853.jpeg;https:\/\/images.novelship.com\/product\/_w__nike_go_flyease_dr5540-105_9_41853.jpeg\" \/>\n<meta name=\"twitter:label1\" content=\"Gesch\u00e4tzte Lesezeit\" \/>\n\t<meta name=\"twitter:data1\" content=\"1\u00a0Minute\" \/>\n<script type=\"application\/ld+json\" class=\"yoast-schema-graph\">{\"@context\":\"https:\/\/schema.org\",\"@graph\":[{\"@type\":\"WebPage\",\"@id\":\"https:\/\/tourcruiser.com\/de\/products\/women-nike-go-flyease-pale-ivory\/\",\"url\":\"https:\/\/tourcruiser.com\/de\/products\/women-nike-go-flyease-pale-ivory\/\",\"name\":\"(Women) Nike GO FlyEase 'Pale Ivory' - Tourcruiser PTE. LTD\",\"isPartOf\":{\"@id\":\"https:\/\/tourcruiser.com\/de\/#website\"},\"primaryImageOfPage\":{\"@id\":\"https:\/\/tourcruiser.com\/de\/products\/women-nike-go-flyease-pale-ivory\/#primaryimage\"},\"image\":{\"@id\":\"https:\/\/tourcruiser.com\/de\/products\/women-nike-go-flyease-pale-ivory\/#primaryimage\"},\"thumbnailUrl\":\"https:\/\/images.novelship.com\/product\/_w__nike_go_flyease_dr5540-105_0_41852.jpeg;https:\/\/images.novelship.com\/product\/_w__nike_go_flyease_dr5540-105_1_41852.jpeg;https:\/\/images.novelship.com\/product\/_w__nike_go_flyease_dr5540-105_2_41853.jpeg;https:\/\/images.novelship.com\/product\/_w__nike_go_flyease_dr5540-105_3_41853.jpeg;https:\/\/images.novelship.com\/product\/_w__nike_go_flyease_dr5540-105_4_41853.jpeg;https:\/\/images.novelship.com\/product\/_w__nike_go_flyease_dr5540-105_5_41853.jpeg;https:\/\/images.novelship.com\/product\/_w__nike_go_flyease_dr5540-105_6_41853.jpeg;https:\/\/images.novelship.com\/product\/_w__nike_go_flyease_dr5540-105_7_41853.jpeg;https:\/\/images.novelship.com\/product\/_w__nike_go_flyease_dr5540-105_8_41853.jpeg;https:\/\/images.novelship.com\/product\/_w__nike_go_flyease_dr5540-105_9_41853.jpeg\",\"datePublished\":\"2026-03-02T08:30:54+00:00\",\"dateModified\":\"2026-03-27T18:10:08+00:00\",\"breadcrumb\":{\"@id\":\"https:\/\/tourcruiser.com\/de\/products\/women-nike-go-flyease-pale-ivory\/#breadcrumb\"},\"inLanguage\":\"de\",\"potentialAction\":[{\"@type\":\"ReadAction\",\"target\":[\"https:\/\/tourcruiser.com\/de\/products\/women-nike-go-flyease-pale-ivory\/\"]}]},{\"@type\":\"ImageObject\",\"inLanguage\":\"de\",\"@id\":\"https:\/\/tourcruiser.com\/de\/products\/women-nike-go-flyease-pale-ivory\/#primaryimage\",\"url\":\"https:\/\/images.novelship.com\/product\/_w__nike_go_flyease_dr5540-105_0_41852.jpeg;https:\/\/images.novelship.com\/product\/_w__nike_go_flyease_dr5540-105_1_41852.jpeg;https:\/\/images.novelship.com\/product\/_w__nike_go_flyease_dr5540-105_2_41853.jpeg;https:\/\/images.novelship.com\/product\/_w__nike_go_flyease_dr5540-105_3_41853.jpeg;https:\/\/images.novelship.com\/product\/_w__nike_go_flyease_dr5540-105_4_41853.jpeg;https:\/\/images.novelship.com\/product\/_w__nike_go_flyease_dr5540-105_5_41853.jpeg;https:\/\/images.novelship.com\/product\/_w__nike_go_flyease_dr5540-105_6_41853.jpeg;https:\/\/images.novelship.com\/product\/_w__nike_go_flyease_dr5540-105_7_41853.jpeg;https:\/\/images.novelship.com\/product\/_w__nike_go_flyease_dr5540-105_8_41853.jpeg;https:\/\/images.novelship.com\/product\/_w__nike_go_flyease_dr5540-105_9_41853.jpeg\",\"contentUrl\":\"https:\/\/images.novelship.com\/product\/_w__nike_go_flyease_dr5540-105_0_41852.jpeg;https:\/\/images.novelship.com\/product\/_w__nike_go_flyease_dr5540-105_1_41852.jpeg;https:\/\/images.novelship.com\/product\/_w__nike_go_flyease_dr5540-105_2_41853.jpeg;https:\/\/images.novelship.com\/product\/_w__nike_go_flyease_dr5540-105_3_41853.jpeg;https:\/\/images.novelship.com\/product\/_w__nike_go_flyease_dr5540-105_4_41853.jpeg;https:\/\/images.novelship.com\/product\/_w__nike_go_flyease_dr5540-105_5_41853.jpeg;https:\/\/images.novelship.com\/product\/_w__nike_go_flyease_dr5540-105_6_41853.jpeg;https:\/\/images.novelship.com\/product\/_w__nike_go_flyease_dr5540-105_7_41853.jpeg;https:\/\/images.novelship.com\/product\/_w__nike_go_flyease_dr5540-105_8_41853.jpeg;https:\/\/images.novelship.com\/product\/_w__nike_go_flyease_dr5540-105_9_41853.jpeg\"},{\"@type\":\"BreadcrumbList\",\"@id\":\"https:\/\/tourcruiser.com\/de\/products\/women-nike-go-flyease-pale-ivory\/#breadcrumb\",\"itemListElement\":[{\"@type\":\"ListItem\",\"position\":1,\"name\":\"Home\",\"item\":\"https:\/\/tourcruiser.com\/de\/\"},{\"@type\":\"ListItem\",\"position\":2,\"name\":\"Shop\",\"item\":\"https:\/\/tourcruiser.com\/de\/shop\/\"},{\"@type\":\"ListItem\",\"position\":3,\"name\":\"(Women) Nike GO FlyEase 'Pale Ivory'\"}]},{\"@type\":\"WebSite\",\"@id\":\"https:\/\/tourcruiser.com\/de\/#website\",\"url\":\"https:\/\/tourcruiser.com\/de\/\",\"name\":\"Styloral Jewelry Shop\",\"description\":\"Tourcruiser Sneaker Store \u2014 der Ort, an dem das Universum deine Einzigartigkeit trifft.\",\"publisher\":{\"@id\":\"https:\/\/tourcruiser.com\/de\/#organization\"},\"potentialAction\":[{\"@type\":\"SearchAction\",\"target\":{\"@type\":\"EntryPoint\",\"urlTemplate\":\"https:\/\/tourcruiser.com\/de\/?s={search_term_string}\"},\"query-input\":{\"@type\":\"PropertyValueSpecification\",\"valueRequired\":true,\"valueName\":\"search_term_string\"}}],\"inLanguage\":\"de\"},{\"@type\":\"Organization\",\"@id\":\"https:\/\/tourcruiser.com\/de\/#organization\",\"name\":\"STYLORAL PTE. LTD\",\"url\":\"https:\/\/tourcruiser.com\/de\/\",\"logo\":{\"@type\":\"ImageObject\",\"inLanguage\":\"de\",\"@id\":\"https:\/\/tourcruiser.com\/de\/#\/schema\/logo\/image\/\",\"url\":\"https:\/\/www.tourcruiser.com\/wp-content\/uploads\/2025\/12\/logo.png\",\"contentUrl\":\"https:\/\/www.tourcruiser.com\/wp-content\/uploads\/2025\/12\/logo.png\",\"width\":200,\"height\":65,\"caption\":\"STYLORAL PTE. LTD\"},\"image\":{\"@id\":\"https:\/\/tourcruiser.com\/de\/#\/schema\/logo\/image\/\"}}]}<\/script>\n<!-- \/ Yoast SEO plugin. -->","yoast_head_json":{"title":"(Women) Nike GO FlyEase 'Pale Ivory'  - Tourcruiser PTE. LTD","robots":{"index":"index","follow":"follow","max-snippet":"max-snippet:-1","max-image-preview":"max-image-preview:large","max-video-preview":"max-video-preview:-1"},"canonical":"https:\/\/tourcruiser.com\/de\/products\/women-nike-go-flyease-pale-ivory\/","og_locale":"de_DE","og_type":"article","og_title":"(Women) Nike GO FlyEase 'Pale Ivory'  - Tourcruiser PTE. LTD","og_description":"Nike Go FlyEase \u201d\u201d Pale Ivory\/Platinum Tint\/Black","og_url":"https:\/\/tourcruiser.com\/de\/products\/women-nike-go-flyease-pale-ivory\/","og_site_name":"Tourcruiser Sneaker Store","article_modified_time":"2026-03-27T18:10:08+00:00","twitter_card":"summary_large_image","twitter_image":"https:\/\/images.novelship.com\/product\/_w__nike_go_flyease_dr5540-105_0_41852.jpeg;https:\/\/images.novelship.com\/product\/_w__nike_go_flyease_dr5540-105_1_41852.jpeg;https:\/\/images.novelship.com\/product\/_w__nike_go_flyease_dr5540-105_2_41853.jpeg;https:\/\/images.novelship.com\/product\/_w__nike_go_flyease_dr5540-105_3_41853.jpeg;https:\/\/images.novelship.com\/product\/_w__nike_go_flyease_dr5540-105_4_41853.jpeg;https:\/\/images.novelship.com\/product\/_w__nike_go_flyease_dr5540-105_5_41853.jpeg;https:\/\/images.novelship.com\/product\/_w__nike_go_flyease_dr5540-105_6_41853.jpeg;https:\/\/images.novelship.com\/product\/_w__nike_go_flyease_dr5540-105_7_41853.jpeg;https:\/\/images.novelship.com\/product\/_w__nike_go_flyease_dr5540-105_8_41853.jpeg;https:\/\/images.novelship.com\/product\/_w__nike_go_flyease_dr5540-105_9_41853.jpeg","twitter_misc":{"Gesch\u00e4tzte Lesezeit":"1\u00a0Minute"},"schema":{"@context":"https:\/\/schema.org","@graph":[{"@type":"WebPage","@id":"https:\/\/tourcruiser.com\/de\/products\/women-nike-go-flyease-pale-ivory\/","url":"https:\/\/tourcruiser.com\/de\/products\/women-nike-go-flyease-pale-ivory\/","name":"(Women) Nike GO FlyEase 'Pale Ivory' - Tourcruiser PTE. LTD","isPartOf":{"@id":"https:\/\/tourcruiser.com\/de\/#website"},"primaryImageOfPage":{"@id":"https:\/\/tourcruiser.com\/de\/products\/women-nike-go-flyease-pale-ivory\/#primaryimage"},"image":{"@id":"https:\/\/tourcruiser.com\/de\/products\/women-nike-go-flyease-pale-ivory\/#primaryimage"},"thumbnailUrl":"https:\/\/images.novelship.com\/product\/_w__nike_go_flyease_dr5540-105_0_41852.jpeg;https:\/\/images.novelship.com\/product\/_w__nike_go_flyease_dr5540-105_1_41852.jpeg;https:\/\/images.novelship.com\/product\/_w__nike_go_flyease_dr5540-105_2_41853.jpeg;https:\/\/images.novelship.com\/product\/_w__nike_go_flyease_dr5540-105_3_41853.jpeg;https:\/\/images.novelship.com\/product\/_w__nike_go_flyease_dr5540-105_4_41853.jpeg;https:\/\/images.novelship.com\/product\/_w__nike_go_flyease_dr5540-105_5_41853.jpeg;https:\/\/images.novelship.com\/product\/_w__nike_go_flyease_dr5540-105_6_41853.jpeg;https:\/\/images.novelship.com\/product\/_w__nike_go_flyease_dr5540-105_7_41853.jpeg;https:\/\/images.novelship.com\/product\/_w__nike_go_flyease_dr5540-105_8_41853.jpeg;https:\/\/images.novelship.com\/product\/_w__nike_go_flyease_dr5540-105_9_41853.jpeg","datePublished":"2026-03-02T08:30:54+00:00","dateModified":"2026-03-27T18:10:08+00:00","breadcrumb":{"@id":"https:\/\/tourcruiser.com\/de\/products\/women-nike-go-flyease-pale-ivory\/#breadcrumb"},"inLanguage":"de","potentialAction":[{"@type":"ReadAction","target":["https:\/\/tourcruiser.com\/de\/products\/women-nike-go-flyease-pale-ivory\/"]}]},{"@type":"ImageObject","inLanguage":"de","@id":"https:\/\/tourcruiser.com\/de\/products\/women-nike-go-flyease-pale-ivory\/#primaryimage","url":"https:\/\/images.novelship.com\/product\/_w__nike_go_flyease_dr5540-105_0_41852.jpeg;https:\/\/images.novelship.com\/product\/_w__nike_go_flyease_dr5540-105_1_41852.jpeg;https:\/\/images.novelship.com\/product\/_w__nike_go_flyease_dr5540-105_2_41853.jpeg;https:\/\/images.novelship.com\/product\/_w__nike_go_flyease_dr5540-105_3_41853.jpeg;https:\/\/images.novelship.com\/product\/_w__nike_go_flyease_dr5540-105_4_41853.jpeg;https:\/\/images.novelship.com\/product\/_w__nike_go_flyease_dr5540-105_5_41853.jpeg;https:\/\/images.novelship.com\/product\/_w__nike_go_flyease_dr5540-105_6_41853.jpeg;https:\/\/images.novelship.com\/product\/_w__nike_go_flyease_dr5540-105_7_41853.jpeg;https:\/\/images.novelship.com\/product\/_w__nike_go_flyease_dr5540-105_8_41853.jpeg;https:\/\/images.novelship.com\/product\/_w__nike_go_flyease_dr5540-105_9_41853.jpeg","contentUrl":"https:\/\/images.novelship.com\/product\/_w__nike_go_flyease_dr5540-105_0_41852.jpeg;https:\/\/images.novelship.com\/product\/_w__nike_go_flyease_dr5540-105_1_41852.jpeg;https:\/\/images.novelship.com\/product\/_w__nike_go_flyease_dr5540-105_2_41853.jpeg;https:\/\/images.novelship.com\/product\/_w__nike_go_flyease_dr5540-105_3_41853.jpeg;https:\/\/images.novelship.com\/product\/_w__nike_go_flyease_dr5540-105_4_41853.jpeg;https:\/\/images.novelship.com\/product\/_w__nike_go_flyease_dr5540-105_5_41853.jpeg;https:\/\/images.novelship.com\/product\/_w__nike_go_flyease_dr5540-105_6_41853.jpeg;https:\/\/images.novelship.com\/product\/_w__nike_go_flyease_dr5540-105_7_41853.jpeg;https:\/\/images.novelship.com\/product\/_w__nike_go_flyease_dr5540-105_8_41853.jpeg;https:\/\/images.novelship.com\/product\/_w__nike_go_flyease_dr5540-105_9_41853.jpeg"},{"@type":"BreadcrumbList","@id":"https:\/\/tourcruiser.com\/de\/products\/women-nike-go-flyease-pale-ivory\/#breadcrumb","itemListElement":[{"@type":"ListItem","position":1,"name":"Home","item":"https:\/\/tourcruiser.com\/de\/"},{"@type":"ListItem","position":2,"name":"Shop","item":"https:\/\/tourcruiser.com\/de\/shop\/"},{"@type":"ListItem","position":3,"name":"(Women) Nike GO FlyEase 'Pale Ivory'"}]},{"@type":"WebSite","@id":"https:\/\/tourcruiser.com\/de\/#website","url":"https:\/\/tourcruiser.com\/de\/","name":"Styloral Jewelry Shop","description":"Tourcruiser Sneaker Store \u2014 der Ort, an dem das Universum deine Einzigartigkeit trifft.","publisher":{"@id":"https:\/\/tourcruiser.com\/de\/#organization"},"potentialAction":[{"@type":"SearchAction","target":{"@type":"EntryPoint","urlTemplate":"https:\/\/tourcruiser.com\/de\/?s={search_term_string}"},"query-input":{"@type":"PropertyValueSpecification","valueRequired":true,"valueName":"search_term_string"}}],"inLanguage":"de"},{"@type":"Organization","@id":"https:\/\/tourcruiser.com\/de\/#organization","name":"STYLORAL PTE. LTD","url":"https:\/\/tourcruiser.com\/de\/","logo":{"@type":"ImageObject","inLanguage":"de","@id":"https:\/\/tourcruiser.com\/de\/#\/schema\/logo\/image\/","url":"https:\/\/www.tourcruiser.com\/wp-content\/uploads\/2025\/12\/logo.png","contentUrl":"https:\/\/www.tourcruiser.com\/wp-content\/uploads\/2025\/12\/logo.png","width":200,"height":65,"caption":"STYLORAL PTE. LTD"},"image":{"@id":"https:\/\/tourcruiser.com\/de\/#\/schema\/logo\/image\/"}}]}},"_links":{"self":[{"href":"https:\/\/tourcruiser.com\/de\/wp-json\/wp\/v2\/product\/112914","targetHints":{"allow":["GET"]}}],"collection":[{"href":"https:\/\/tourcruiser.com\/de\/wp-json\/wp\/v2\/product"}],"about":[{"href":"https:\/\/tourcruiser.com\/de\/wp-json\/wp\/v2\/types\/product"}],"replies":[{"embeddable":true,"href":"https:\/\/tourcruiser.com\/de\/wp-json\/wp\/v2\/comments?post=112914"}],"wp:featuredmedia":[{"embeddable":true,"href":"https:\/\/tourcruiser.com\/de\/wp-json\/wp\/v2\/media\/112915"}],"wp:attachment":[{"href":"https:\/\/tourcruiser.com\/de\/wp-json\/wp\/v2\/media?parent=112914"}],"wp:term":[{"taxonomy":"product_brand","embeddable":true,"href":"https:\/\/tourcruiser.com\/de\/wp-json\/wp\/v2\/product_brand?post=112914"},{"taxonomy":"product_cat","embeddable":true,"href":"https:\/\/tourcruiser.com\/de\/wp-json\/wp\/v2\/product_cat?post=112914"},{"taxonomy":"product_tag","embeddable":true,"href":"https:\/\/tourcruiser.com\/de\/wp-json\/wp\/v2\/product_tag?post=112914"}],"curies":[{"name":"wp","href":"https:\/\/api.w.org\/{rel}","templated":true}]}}