{"id":112830,"date":"2026-03-02T15:30:53","date_gmt":"2026-03-02T08:30:53","guid":{"rendered":"http:\/\/tourcruiser.com\/product\/nike-manoa-leather-boots-burgundy-crushblackdark-brownburgundy-crush"},"modified":"2026-03-28T01:10:08","modified_gmt":"2026-03-27T18:10:08","slug":"nike-manoa-leather-boots-burgundy-crushblackdark-brownburgundy-crush","status":"publish","type":"product","link":"https:\/\/tourcruiser.com\/de\/products\/nike-manoa-leather-boots-burgundy-crushblackdark-brownburgundy-crush\/","title":{"rendered":"Nike Manoa Leather Boots Burgundy Crush\/Black\/Dark Brown\/Burgundy Crush"},"content":{"rendered":"<p>Mit den Nike Manoa Lederstiefeln erlebst du ultimativen Style und robuste Zuverl\u00e4ssigkeit. In der markanten Farbe Burgundy Crush vereinen diese Stiefel Mode und Funktion auf perfekte Weise. Ob urbanes Abenteuer oder Outdoor-Herausforderung \u201d\u201c sie sind aus hochwertigem Leder gefertigt und mit einer strapazierf\u00e4higen Gummisohle f\u00fcr optimale Traktion ausgestattet. Schwarze und dunkelbraune Akzente verleihen ihnen eine elegante Note. Erlebe unvergleichlichen Komfort und Schutz in jedem Terrain mit dem Nike Manoa, deinem idealen Schuh f\u00fcr jede Jahreszeit.<\/p>\n<ul>\n<li><strong>Farbgebung:<\/strong> Burgundy Crush\/Schwarz\/Dunkelbraun\/Burgundy Crush<\/li>\n<li><strong>Artikelnummer:<\/strong> HF7095-600<\/li>\n<li><strong>Obermaterial:<\/strong> Leder<\/li>\n<li><strong>Farbe:<\/strong> Burgundy<\/li>\n<\/ul>\n","protected":false},"excerpt":{"rendered":"<p>Nike Manoa Leather Boots \u201d\u201d Burgundy Crush\/Black\/Dark Brown\/Burgundy Crush<\/p>\n","protected":false},"featured_media":112831,"comment_status":"open","ping_status":"closed","template":"","meta":[],"product_brand":[],"product_cat":[10803],"product_tag":[10917],"class_list":{"0":"post-112830","1":"product","2":"type-product","3":"status-publish","4":"has-post-thumbnail","6":"product_cat-nike","7":"product_tag-small-130-usd","8":"wcpa_has_options","10":"first","11":"outofstock","12":"taxable","13":"shipping-taxable","14":"purchasable","15":"product-type-simple"},"wcpa_form_fields":{"rules":{"pric_overide_base_price":false,"pric_overide_base_price_if_gt_zero":false,"pric_overide_base_price_fully":false,"pric_cal_option_once":false,"pric_use_as_fee":false,"bind_quantity":false,"quantity_bind_formula":false},"fields":[{"type":"color-group","required":true,"elementId":"wcpa-color-group-66c4a75505e74","label":"Gr\u00f6\u00dfe - EU Gr\u00f6\u00dfe","inline":true,"priceOptions":"different_for_all","pricingType":"fixed","className":"hassizechart product-shoes-size-eu product-shoes-size","name":"color-group-66c4a75505e89","disp_type":"square","selection_type":"tick-border","disp_size":"44","show_label_inside":true,"adjust_width":true,"cart_display_type":"text","other_text":"Other","cl_rule":"show","col":6,"values":[{"label":"35.5","value":"EU 35.5","price":"","pimage":"","pimage_id":"","pthumb":"","color":""},{"label":"36","value":"EU 36","price":"","pimage":"","pimage_id":"","pthumb":"","color":"","selected":true},{"label":"36.5","value":"EU 36.5","price":"","pimage":"","pimage_id":"","pthumb":"","color":""},{"label":"37.5","value":"EU 37.5","price":"","pimage":"","pimage_id":"","pthumb":"","color":""},{"label":"38","value":"EU 38","price":"","pimage":"","pimage_id":"","pthumb":"","color":""},{"label":"38.5","value":"EU 38.5","price":"","pimage":"","pimage_id":"","pthumb":"","color":""},{"label":"39","value":"EU 39","price":"","pimage":"","pimage_id":"","pthumb":"","color":""},{"label":"40","value":"EU 40","price":"","pimage":"","pimage_id":"","pthumb":"","color":""},{"label":"40.5","value":"EU 40.5","price":"","pimage":"","pimage_id":"","pthumb":"","color":""},{"label":"41","value":"EU 41","price":"","pimage":"","pimage_id":"","pthumb":"","color":""},{"label":"42","value":"EU 42","price":"","pimage":"","pimage_id":"","pthumb":"","color":""},{"label":"42.5","value":"EU 42.5","price":"","pimage":"","pimage_id":"","pthumb":"","color":""},{"label":"43","value":"EU 43","price":"","pimage":"","pimage_id":"","pthumb":"","color":""},{"label":"44","value":"EU 44","price":"","pimage":"","pimage_id":"","pthumb":"","color":""},{"label":"44.5","value":"EU 44.5","price":"","pimage":"","pimage_id":"","pthumb":"","color":""},{"label":"45","value":"EU 45","price":"","pimage":"","pimage_id":"","pthumb":"","color":""},{"label":"45.5","value":"EU 45.5","price":"","pimage":"","pimage_id":"","pthumb":"","color":""},{"label":"46","value":"EU 46","price":"","pimage":"","pimage_id":"","pthumb":"","color":""},{"label":"47","value":"EU 47","price":"","pimage":"","pimage_id":"","pthumb":"","color":""},{"label":"47.5","value":"EU 47.5","price":"","pimage":"","pimage_id":"","pthumb":"","color":""},{"label":"48","value":"EU 48","price":"","pimage":"","pimage_id":"","pthumb":"","color":""}],"relations":[{"operator":false,"rules":[]}],"form_id":18106,"form_rules":{"pric_cal_option_once":false,"exclude_from_discount":false,"pric_use_as_fee":false,"fee_label":"Fee","render_after_acb":false,"disp_hide_options_price":false}}]},"yoast_head":"<!-- This site is optimized with the Yoast SEO plugin v26.5 - https:\/\/yoast.com\/wordpress\/plugins\/seo\/ -->\n<title>Nike Manoa Leather Boots Burgundy Crush\/Black\/Dark Brown\/Burgundy Crush  - Tourcruiser PTE. LTD<\/title>\n<meta name=\"robots\" content=\"index, follow, max-snippet:-1, max-image-preview:large, max-video-preview:-1\" \/>\n<link rel=\"canonical\" href=\"https:\/\/tourcruiser.com\/\" \/>\n<meta property=\"og:locale\" content=\"de_DE\" \/>\n<meta property=\"og:type\" content=\"article\" \/>\n<meta property=\"og:title\" content=\"Nike Manoa Leather Boots Burgundy Crush\/Black\/Dark Brown\/Burgundy Crush  - Tourcruiser PTE. LTD\" \/>\n<meta property=\"og:description\" content=\"Nike Manoa Leather Boots \u201d\u201d Burgundy Crush\/Black\/Dark Brown\/Burgundy Crush\" \/>\n<meta property=\"og:url\" content=\"\/\" \/>\n<meta property=\"og:site_name\" content=\"Tourcruiser Sneaker Store\" \/>\n<meta property=\"article:modified_time\" content=\"2026-03-27T18:10:08+00:00\" \/>\n<meta name=\"twitter:card\" content=\"summary_large_image\" \/>\n<meta name=\"twitter:image\" content=\"https:\/\/images.novelship.com\/product\/nike_manoa_leather_boots_burgundy_crush_black_dark_0_68903.png;https:\/\/images.novelship.com\/product\/nike_manoa_leather_boots_burgundy_crush_black_dark_1_68903.png;https:\/\/images.novelship.com\/product\/nike_manoa_leather_boots_burgundy_crush_black_dark_2_68903.png;https:\/\/images.novelship.com\/product\/nike_manoa_leather_boots_burgundy_crush_black_dark_3_68903.png;https:\/\/images.novelship.com\/product\/nike_manoa_leather_boots_burgundy_crush_black_dark_4_68903.png;https:\/\/images.novelship.com\/product\/nike_manoa_leather_boots_burgundy_crush_black_dark_5_68904.png;https:\/\/images.novelship.com\/product\/nike_manoa_leather_boots_burgundy_crush_black_dark_6_68904.png;https:\/\/images.novelship.com\/product\/nike_manoa_leather_boots_burgundy_crush_black_dark_7_68904.png\" \/>\n<script type=\"application\/ld+json\" class=\"yoast-schema-graph\">{\"@context\":\"https:\/\/schema.org\",\"@graph\":[{\"@type\":\"WebPage\",\"@id\":\"\/\",\"url\":\"https:\/\/tourcruiser.com\/\",\"name\":\"Nike Manoa Leather Boots Burgundy Crush\/Black\/Dark Brown\/Burgundy Crush - Tourcruiser PTE. LTD\",\"isPartOf\":{\"@id\":\"https:\/\/tourcruiser.com\/de\/#website\"},\"primaryImageOfPage\":{\"@id\":\"https:\/\/tourcruiser.com\/#primaryimage\"},\"image\":{\"@id\":\"https:\/\/tourcruiser.com\/#primaryimage\"},\"thumbnailUrl\":\"https:\/\/images.novelship.com\/product\/nike_manoa_leather_boots_burgundy_crush_black_dark_0_68903.png;https:\/\/images.novelship.com\/product\/nike_manoa_leather_boots_burgundy_crush_black_dark_1_68903.png;https:\/\/images.novelship.com\/product\/nike_manoa_leather_boots_burgundy_crush_black_dark_2_68903.png;https:\/\/images.novelship.com\/product\/nike_manoa_leather_boots_burgundy_crush_black_dark_3_68903.png;https:\/\/images.novelship.com\/product\/nike_manoa_leather_boots_burgundy_crush_black_dark_4_68903.png;https:\/\/images.novelship.com\/product\/nike_manoa_leather_boots_burgundy_crush_black_dark_5_68904.png;https:\/\/images.novelship.com\/product\/nike_manoa_leather_boots_burgundy_crush_black_dark_6_68904.png;https:\/\/images.novelship.com\/product\/nike_manoa_leather_boots_burgundy_crush_black_dark_7_68904.png\",\"datePublished\":\"2026-03-02T08:30:53+00:00\",\"dateModified\":\"2026-03-27T18:10:08+00:00\",\"breadcrumb\":{\"@id\":\"https:\/\/tourcruiser.com\/#breadcrumb\"},\"inLanguage\":\"de\",\"potentialAction\":[{\"@type\":\"ReadAction\",\"target\":[\"https:\/\/tourcruiser.com\/\"]}]},{\"@type\":\"ImageObject\",\"inLanguage\":\"de\",\"@id\":\"https:\/\/tourcruiser.com\/#primaryimage\",\"url\":\"https:\/\/images.novelship.com\/product\/nike_manoa_leather_boots_burgundy_crush_black_dark_0_68903.png;https:\/\/images.novelship.com\/product\/nike_manoa_leather_boots_burgundy_crush_black_dark_1_68903.png;https:\/\/images.novelship.com\/product\/nike_manoa_leather_boots_burgundy_crush_black_dark_2_68903.png;https:\/\/images.novelship.com\/product\/nike_manoa_leather_boots_burgundy_crush_black_dark_3_68903.png;https:\/\/images.novelship.com\/product\/nike_manoa_leather_boots_burgundy_crush_black_dark_4_68903.png;https:\/\/images.novelship.com\/product\/nike_manoa_leather_boots_burgundy_crush_black_dark_5_68904.png;https:\/\/images.novelship.com\/product\/nike_manoa_leather_boots_burgundy_crush_black_dark_6_68904.png;https:\/\/images.novelship.com\/product\/nike_manoa_leather_boots_burgundy_crush_black_dark_7_68904.png\",\"contentUrl\":\"https:\/\/images.novelship.com\/product\/nike_manoa_leather_boots_burgundy_crush_black_dark_0_68903.png;https:\/\/images.novelship.com\/product\/nike_manoa_leather_boots_burgundy_crush_black_dark_1_68903.png;https:\/\/images.novelship.com\/product\/nike_manoa_leather_boots_burgundy_crush_black_dark_2_68903.png;https:\/\/images.novelship.com\/product\/nike_manoa_leather_boots_burgundy_crush_black_dark_3_68903.png;https:\/\/images.novelship.com\/product\/nike_manoa_leather_boots_burgundy_crush_black_dark_4_68903.png;https:\/\/images.novelship.com\/product\/nike_manoa_leather_boots_burgundy_crush_black_dark_5_68904.png;https:\/\/images.novelship.com\/product\/nike_manoa_leather_boots_burgundy_crush_black_dark_6_68904.png;https:\/\/images.novelship.com\/product\/nike_manoa_leather_boots_burgundy_crush_black_dark_7_68904.png\"},{\"@type\":\"BreadcrumbList\",\"@id\":\"https:\/\/tourcruiser.com\/#breadcrumb\",\"itemListElement\":[{\"@type\":\"ListItem\",\"position\":1,\"name\":\"Home\",\"item\":\"https:\/\/tourcruiser.com\/de\/\"},{\"@type\":\"ListItem\",\"position\":2,\"name\":\"Shop\",\"item\":\"https:\/\/tourcruiser.com\/de\/shop\/\"},{\"@type\":\"ListItem\",\"position\":3,\"name\":\"Nike Manoa Leather Boots Burgundy Crush\/Black\/Dark Brown\/Burgundy Crush\"}]},{\"@type\":\"WebSite\",\"@id\":\"https:\/\/tourcruiser.com\/de\/#website\",\"url\":\"https:\/\/tourcruiser.com\/de\/\",\"name\":\"Styloral Jewelry Shop\",\"description\":\"Tourcruiser Sneaker Store \u2014 der Ort, an dem das Universum deine Einzigartigkeit trifft.\",\"publisher\":{\"@id\":\"https:\/\/tourcruiser.com\/de\/#organization\"},\"potentialAction\":[{\"@type\":\"SearchAction\",\"target\":{\"@type\":\"EntryPoint\",\"urlTemplate\":\"https:\/\/tourcruiser.com\/de\/?s={search_term_string}\"},\"query-input\":{\"@type\":\"PropertyValueSpecification\",\"valueRequired\":true,\"valueName\":\"search_term_string\"}}],\"inLanguage\":\"de\"},{\"@type\":\"Organization\",\"@id\":\"https:\/\/tourcruiser.com\/de\/#organization\",\"name\":\"STYLORAL PTE. LTD\",\"url\":\"https:\/\/tourcruiser.com\/de\/\",\"logo\":{\"@type\":\"ImageObject\",\"inLanguage\":\"de\",\"@id\":\"https:\/\/tourcruiser.com\/de\/#\/schema\/logo\/image\/\",\"url\":\"https:\/\/www.tourcruiser.com\/wp-content\/uploads\/2025\/12\/logo.png\",\"contentUrl\":\"https:\/\/www.tourcruiser.com\/wp-content\/uploads\/2025\/12\/logo.png\",\"width\":200,\"height\":65,\"caption\":\"STYLORAL PTE. LTD\"},\"image\":{\"@id\":\"https:\/\/tourcruiser.com\/de\/#\/schema\/logo\/image\/\"}}]}<\/script>\n<!-- \/ Yoast SEO plugin. -->","yoast_head_json":{"title":"Nike Manoa Leather Boots Burgundy Crush\/Black\/Dark Brown\/Burgundy Crush  - Tourcruiser PTE. LTD","robots":{"index":"index","follow":"follow","max-snippet":"max-snippet:-1","max-image-preview":"max-image-preview:large","max-video-preview":"max-video-preview:-1"},"canonical":"https:\/\/tourcruiser.com\/","og_locale":"de_DE","og_type":"article","og_title":"Nike Manoa Leather Boots Burgundy Crush\/Black\/Dark Brown\/Burgundy Crush  - Tourcruiser PTE. LTD","og_description":"Nike Manoa Leather Boots \u201d\u201d Burgundy Crush\/Black\/Dark Brown\/Burgundy Crush","og_url":"\/","og_site_name":"Tourcruiser Sneaker Store","article_modified_time":"2026-03-27T18:10:08+00:00","twitter_card":"summary_large_image","twitter_image":"https:\/\/images.novelship.com\/product\/nike_manoa_leather_boots_burgundy_crush_black_dark_0_68903.png;https:\/\/images.novelship.com\/product\/nike_manoa_leather_boots_burgundy_crush_black_dark_1_68903.png;https:\/\/images.novelship.com\/product\/nike_manoa_leather_boots_burgundy_crush_black_dark_2_68903.png;https:\/\/images.novelship.com\/product\/nike_manoa_leather_boots_burgundy_crush_black_dark_3_68903.png;https:\/\/images.novelship.com\/product\/nike_manoa_leather_boots_burgundy_crush_black_dark_4_68903.png;https:\/\/images.novelship.com\/product\/nike_manoa_leather_boots_burgundy_crush_black_dark_5_68904.png;https:\/\/images.novelship.com\/product\/nike_manoa_leather_boots_burgundy_crush_black_dark_6_68904.png;https:\/\/images.novelship.com\/product\/nike_manoa_leather_boots_burgundy_crush_black_dark_7_68904.png","schema":{"@context":"https:\/\/schema.org","@graph":[{"@type":"WebPage","@id":"\/","url":"https:\/\/tourcruiser.com\/","name":"Nike Manoa Leather Boots Burgundy Crush\/Black\/Dark Brown\/Burgundy Crush - Tourcruiser PTE. LTD","isPartOf":{"@id":"https:\/\/tourcruiser.com\/de\/#website"},"primaryImageOfPage":{"@id":"https:\/\/tourcruiser.com\/#primaryimage"},"image":{"@id":"https:\/\/tourcruiser.com\/#primaryimage"},"thumbnailUrl":"https:\/\/images.novelship.com\/product\/nike_manoa_leather_boots_burgundy_crush_black_dark_0_68903.png;https:\/\/images.novelship.com\/product\/nike_manoa_leather_boots_burgundy_crush_black_dark_1_68903.png;https:\/\/images.novelship.com\/product\/nike_manoa_leather_boots_burgundy_crush_black_dark_2_68903.png;https:\/\/images.novelship.com\/product\/nike_manoa_leather_boots_burgundy_crush_black_dark_3_68903.png;https:\/\/images.novelship.com\/product\/nike_manoa_leather_boots_burgundy_crush_black_dark_4_68903.png;https:\/\/images.novelship.com\/product\/nike_manoa_leather_boots_burgundy_crush_black_dark_5_68904.png;https:\/\/images.novelship.com\/product\/nike_manoa_leather_boots_burgundy_crush_black_dark_6_68904.png;https:\/\/images.novelship.com\/product\/nike_manoa_leather_boots_burgundy_crush_black_dark_7_68904.png","datePublished":"2026-03-02T08:30:53+00:00","dateModified":"2026-03-27T18:10:08+00:00","breadcrumb":{"@id":"https:\/\/tourcruiser.com\/#breadcrumb"},"inLanguage":"de","potentialAction":[{"@type":"ReadAction","target":["https:\/\/tourcruiser.com\/"]}]},{"@type":"ImageObject","inLanguage":"de","@id":"https:\/\/tourcruiser.com\/#primaryimage","url":"https:\/\/images.novelship.com\/product\/nike_manoa_leather_boots_burgundy_crush_black_dark_0_68903.png;https:\/\/images.novelship.com\/product\/nike_manoa_leather_boots_burgundy_crush_black_dark_1_68903.png;https:\/\/images.novelship.com\/product\/nike_manoa_leather_boots_burgundy_crush_black_dark_2_68903.png;https:\/\/images.novelship.com\/product\/nike_manoa_leather_boots_burgundy_crush_black_dark_3_68903.png;https:\/\/images.novelship.com\/product\/nike_manoa_leather_boots_burgundy_crush_black_dark_4_68903.png;https:\/\/images.novelship.com\/product\/nike_manoa_leather_boots_burgundy_crush_black_dark_5_68904.png;https:\/\/images.novelship.com\/product\/nike_manoa_leather_boots_burgundy_crush_black_dark_6_68904.png;https:\/\/images.novelship.com\/product\/nike_manoa_leather_boots_burgundy_crush_black_dark_7_68904.png","contentUrl":"https:\/\/images.novelship.com\/product\/nike_manoa_leather_boots_burgundy_crush_black_dark_0_68903.png;https:\/\/images.novelship.com\/product\/nike_manoa_leather_boots_burgundy_crush_black_dark_1_68903.png;https:\/\/images.novelship.com\/product\/nike_manoa_leather_boots_burgundy_crush_black_dark_2_68903.png;https:\/\/images.novelship.com\/product\/nike_manoa_leather_boots_burgundy_crush_black_dark_3_68903.png;https:\/\/images.novelship.com\/product\/nike_manoa_leather_boots_burgundy_crush_black_dark_4_68903.png;https:\/\/images.novelship.com\/product\/nike_manoa_leather_boots_burgundy_crush_black_dark_5_68904.png;https:\/\/images.novelship.com\/product\/nike_manoa_leather_boots_burgundy_crush_black_dark_6_68904.png;https:\/\/images.novelship.com\/product\/nike_manoa_leather_boots_burgundy_crush_black_dark_7_68904.png"},{"@type":"BreadcrumbList","@id":"https:\/\/tourcruiser.com\/#breadcrumb","itemListElement":[{"@type":"ListItem","position":1,"name":"Home","item":"https:\/\/tourcruiser.com\/de\/"},{"@type":"ListItem","position":2,"name":"Shop","item":"https:\/\/tourcruiser.com\/de\/shop\/"},{"@type":"ListItem","position":3,"name":"Nike Manoa Leather Boots Burgundy Crush\/Black\/Dark Brown\/Burgundy Crush"}]},{"@type":"WebSite","@id":"https:\/\/tourcruiser.com\/de\/#website","url":"https:\/\/tourcruiser.com\/de\/","name":"Styloral Jewelry Shop","description":"Tourcruiser Sneaker Store \u2014 der Ort, an dem das Universum deine Einzigartigkeit trifft.","publisher":{"@id":"https:\/\/tourcruiser.com\/de\/#organization"},"potentialAction":[{"@type":"SearchAction","target":{"@type":"EntryPoint","urlTemplate":"https:\/\/tourcruiser.com\/de\/?s={search_term_string}"},"query-input":{"@type":"PropertyValueSpecification","valueRequired":true,"valueName":"search_term_string"}}],"inLanguage":"de"},{"@type":"Organization","@id":"https:\/\/tourcruiser.com\/de\/#organization","name":"STYLORAL PTE. LTD","url":"https:\/\/tourcruiser.com\/de\/","logo":{"@type":"ImageObject","inLanguage":"de","@id":"https:\/\/tourcruiser.com\/de\/#\/schema\/logo\/image\/","url":"https:\/\/www.tourcruiser.com\/wp-content\/uploads\/2025\/12\/logo.png","contentUrl":"https:\/\/www.tourcruiser.com\/wp-content\/uploads\/2025\/12\/logo.png","width":200,"height":65,"caption":"STYLORAL PTE. LTD"},"image":{"@id":"https:\/\/tourcruiser.com\/de\/#\/schema\/logo\/image\/"}}]}},"_links":{"self":[{"href":"https:\/\/tourcruiser.com\/de\/wp-json\/wp\/v2\/product\/112830","targetHints":{"allow":["GET"]}}],"collection":[{"href":"https:\/\/tourcruiser.com\/de\/wp-json\/wp\/v2\/product"}],"about":[{"href":"https:\/\/tourcruiser.com\/de\/wp-json\/wp\/v2\/types\/product"}],"replies":[{"embeddable":true,"href":"https:\/\/tourcruiser.com\/de\/wp-json\/wp\/v2\/comments?post=112830"}],"wp:featuredmedia":[{"embeddable":true,"href":"https:\/\/tourcruiser.com\/de\/wp-json\/wp\/v2\/media\/112831"}],"wp:attachment":[{"href":"https:\/\/tourcruiser.com\/de\/wp-json\/wp\/v2\/media?parent=112830"}],"wp:term":[{"taxonomy":"product_brand","embeddable":true,"href":"https:\/\/tourcruiser.com\/de\/wp-json\/wp\/v2\/product_brand?post=112830"},{"taxonomy":"product_cat","embeddable":true,"href":"https:\/\/tourcruiser.com\/de\/wp-json\/wp\/v2\/product_cat?post=112830"},{"taxonomy":"product_tag","embeddable":true,"href":"https:\/\/tourcruiser.com\/de\/wp-json\/wp\/v2\/product_tag?post=112830"}],"curies":[{"name":"wp","href":"https:\/\/api.w.org\/{rel}","templated":true}]}}