{"id":112023,"date":"2026-03-02T15:30:41","date_gmt":"2026-03-02T08:30:41","guid":{"rendered":"http:\/\/tourcruiser.com\/product\/adidas-predator-elite-fold-over-tongue-fg-soccer-cleats-signal-coralcloud-whitebeam-orange"},"modified":"2026-03-02T15:30:41","modified_gmt":"2026-03-02T08:30:41","slug":"adidas-predator-elite-fold-over-tongue-fg-soccer-cleats-signal-coralcloud-whitebeam-orange","status":"publish","type":"product","link":"https:\/\/tourcruiser.com\/de\/products\/adidas-predator-elite-fold-over-tongue-fg-soccer-cleats-signal-coralcloud-whitebeam-orange\/","title":{"rendered":"Adidas Predator Elite Fold-Over Tongue FG Soccer Cleats Signal Coral\/Cloud White\/Beam Orange"},"content":{"rendered":"<p>Entfessle dein volles K\u00f6nnen mit den Adidas Predator Elite Fold-Over Tongue FG Fu\u00dfballschuhen in den leuchtenden Farben Signal Coral, Cloud White und Beam Orange. Diese Fu\u00dfballschuhe wurden f\u00fcr Pr\u00e4zision und Kontrolle entwickelt und bieten dank ihres innovativen Sohlendesigns \u00fcberragende Traktion auf festem Untergrund. Die umklappbare Zunge sorgt f\u00fcr sicheren Halt, w\u00e4hrend die leichte Konstruktion Agilit\u00e4t und Schnelligkeit f\u00f6rdert. Verbessere dein Spiel weltweit mit der neuesten Technologie von Adidas \u201d\u201c perfekt f\u00fcr Athleten, die in jedem Spiel H\u00f6chstleistungen erbringen wollen.<\/p>\n<ul>\n<li><strong>Farbgebung:<\/strong> Signal Coral\/Cloud White\/Beam Orange<\/li>\n<li><strong>Artikelnummer:<\/strong> JI1093<\/li>\n<li><strong>Obermaterial:<\/strong> Leder<\/li>\n<li><strong>Farbe:<\/strong> Rot<\/li>\n<\/ul>\n","protected":false},"excerpt":{"rendered":"<p>adidas Predator Elite \u201d\u201d Signal Coral\/Cloud White\/Beam Orange<\/p>\n","protected":false},"featured_media":112024,"comment_status":"open","ping_status":"closed","template":"","meta":[],"product_brand":[],"product_cat":[10760],"product_tag":[10759,11087,10802,10987,10758],"class_list":{"0":"post-112023","1":"product","2":"type-product","3":"status-publish","4":"has-post-thumbnail","6":"product_cat-adidas","7":"product_tag-adidas","8":"product_tag-firm-ground-fg-football-boots","9":"product_tag-performance-sport-shoes","10":"product_tag-soccer-shoes-football-cleats","11":"product_tag-under-retail","12":"wcpa_has_options","14":"first","15":"instock","16":"sale","17":"taxable","18":"shipping-taxable","19":"purchasable","20":"product-type-simple"},"wcpa_form_fields":{"rules":{"pric_overide_base_price":false,"pric_overide_base_price_if_gt_zero":false,"pric_overide_base_price_fully":false,"pric_cal_option_once":false,"pric_use_as_fee":false,"bind_quantity":false,"quantity_bind_formula":false},"fields":[{"type":"color-group","required":true,"elementId":"wcpa-color-group-66c4a7f817afe","label":"Gr\u00f6\u00dfe","inline":true,"priceOptions":"different_for_all","pricingType":"fixed","className":"hassizechart product-shoes-size-eu product-shoes-size","name":"color-group-66c4a7f817b18","disp_type":"square","selection_type":"tick-border","disp_size":"50","show_label_inside":true,"adjust_width":true,"cart_display_type":"text","other_text":"Other","cl_rule":"show","col":6,"values":[{"label":"35","value":"EU 35","price":"","pimage":"","pimage_id":"","pthumb":"","color":""},{"label":"35.5","value":"EU 35.5","price":"","pimage":"","pimage_id":"","pthumb":"","color":""},{"label":"36","value":"EU 36","price":"","pimage":"","pimage_id":"","pthumb":"","color":"","selected":true},{"label":"36 2\/3","value":"EU 36 2\/3","price":"","pimage":"","pimage_id":"","pthumb":"","color":""},{"label":"37 1\/3","value":"EU 37 1\/3","price":"","pimage":"","pimage_id":"","pthumb":"","color":""},{"label":"38","value":"EU 38","price":"","pimage":"","pimage_id":"","pthumb":"","color":""},{"label":"38 2\/3","value":"EU 38 2\/3","price":"","pimage":"","pimage_id":"","pthumb":"","color":""},{"label":"39 1\/3","value":"EU 39 1\/3","price":"","pimage":"","pimage_id":"","pthumb":"","color":""},{"label":"40","value":"EU 40","price":"","pimage":"","pimage_id":"","pthumb":"","color":""},{"label":"40 2\/3","value":"EU 40 2\/3","price":"","pimage":"","pimage_id":"","pthumb":"","color":""},{"label":"41 1\/3","value":"EU 41 1\/3","price":"","pimage":"","pimage_id":"","pthumb":"","color":""},{"label":"42","value":"EU 42","price":"","pimage":"","pimage_id":"","pthumb":"","color":""},{"label":"42 2\/3","value":"EU 42 2\/3","price":"","pimage":"","pimage_id":"","pthumb":"","color":""},{"label":"43 1\/3","value":"EU 43 1\/3","price":"","pimage":"","pimage_id":"","pthumb":"","color":""},{"label":"44","value":"EU 44","price":"","pimage":"","pimage_id":"","pthumb":"","color":""},{"label":"44 2\/3","value":"EU 44 2\/3","price":"","pimage":"","pimage_id":"","pthumb":"","color":""},{"label":"45 1\/3","value":"EU 45 1\/3","price":"","pimage":"","pimage_id":"","pthumb":"","color":""},{"label":"46","value":"EU 46","price":"","pimage":"","pimage_id":"","pthumb":"","color":""},{"label":"46 2\/3","value":"EU 46 2\/3","price":"","pimage":"","pimage_id":"","pthumb":"","color":""},{"label":"47 1\/3","value":"EU 47 1\/3","price":"","pimage":"","pimage_id":"","pthumb":"","color":""}],"relations":[{"operator":false,"rules":[]}],"form_id":24802,"form_rules":{"pric_cal_option_once":false,"exclude_from_discount":false,"pric_use_as_fee":false,"fee_label":"Fee","render_after_acb":false,"disp_hide_options_price":false}}]},"yoast_head":"<!-- This site is optimized with the Yoast SEO plugin v26.5 - https:\/\/yoast.com\/wordpress\/plugins\/seo\/ -->\n<title>Adidas Predator Elite Fold-Over Tongue FG Soccer Cleats Signal Coral\/Cloud White\/Beam Orange  - Tourcruiser PTE. LTD<\/title>\n<meta name=\"robots\" content=\"index, follow, max-snippet:-1, max-image-preview:large, max-video-preview:-1\" \/>\n<link rel=\"canonical\" href=\"https:\/\/tourcruiser.com\/de\/products\/adidas-predator-elite-fold-over-tongue-fg-soccer-cleats-signal-coralcloud-whitebeam-orange\/\" \/>\n<meta property=\"og:locale\" content=\"de_DE\" \/>\n<meta property=\"og:type\" content=\"article\" \/>\n<meta property=\"og:title\" content=\"Adidas Predator Elite Fold-Over Tongue FG Soccer Cleats Signal Coral\/Cloud White\/Beam Orange  - Tourcruiser PTE. LTD\" \/>\n<meta property=\"og:description\" content=\"adidas Predator Elite \u201d\u201d Signal Coral\/Cloud White\/Beam Orange\" \/>\n<meta property=\"og:url\" content=\"https:\/\/tourcruiser.com\/de\/products\/adidas-predator-elite-fold-over-tongue-fg-soccer-cleats-signal-coralcloud-whitebeam-orange\/\" \/>\n<meta property=\"og:site_name\" content=\"Tourcruiser Sneaker Store\" \/>\n<meta name=\"twitter:card\" content=\"summary_large_image\" \/>\n<meta name=\"twitter:image\" content=\"https:\/\/images.novelship.com\/product\/adidas_predator_elite_fold-over_tongue_fg_soccer_c_0_69665.jpeg\" \/>\n<meta name=\"twitter:label1\" content=\"Gesch\u00e4tzte Lesezeit\" \/>\n\t<meta name=\"twitter:data1\" content=\"1\u00a0Minute\" \/>\n<script type=\"application\/ld+json\" class=\"yoast-schema-graph\">{\"@context\":\"https:\/\/schema.org\",\"@graph\":[{\"@type\":\"WebPage\",\"@id\":\"https:\/\/tourcruiser.com\/de\/products\/adidas-predator-elite-fold-over-tongue-fg-soccer-cleats-signal-coralcloud-whitebeam-orange\/\",\"url\":\"https:\/\/tourcruiser.com\/de\/products\/adidas-predator-elite-fold-over-tongue-fg-soccer-cleats-signal-coralcloud-whitebeam-orange\/\",\"name\":\"Adidas Predator Elite Fold-Over Tongue FG Soccer Cleats Signal Coral\/Cloud White\/Beam Orange - Tourcruiser PTE. LTD\",\"isPartOf\":{\"@id\":\"https:\/\/tourcruiser.com\/de\/#website\"},\"primaryImageOfPage\":{\"@id\":\"https:\/\/tourcruiser.com\/de\/products\/adidas-predator-elite-fold-over-tongue-fg-soccer-cleats-signal-coralcloud-whitebeam-orange\/#primaryimage\"},\"image\":{\"@id\":\"https:\/\/tourcruiser.com\/de\/products\/adidas-predator-elite-fold-over-tongue-fg-soccer-cleats-signal-coralcloud-whitebeam-orange\/#primaryimage\"},\"thumbnailUrl\":\"https:\/\/images.novelship.com\/product\/adidas_predator_elite_fold-over_tongue_fg_soccer_c_0_69665.jpeg\",\"datePublished\":\"2026-03-02T08:30:41+00:00\",\"breadcrumb\":{\"@id\":\"https:\/\/tourcruiser.com\/de\/products\/adidas-predator-elite-fold-over-tongue-fg-soccer-cleats-signal-coralcloud-whitebeam-orange\/#breadcrumb\"},\"inLanguage\":\"de\",\"potentialAction\":[{\"@type\":\"ReadAction\",\"target\":[\"https:\/\/tourcruiser.com\/de\/products\/adidas-predator-elite-fold-over-tongue-fg-soccer-cleats-signal-coralcloud-whitebeam-orange\/\"]}]},{\"@type\":\"ImageObject\",\"inLanguage\":\"de\",\"@id\":\"https:\/\/tourcruiser.com\/de\/products\/adidas-predator-elite-fold-over-tongue-fg-soccer-cleats-signal-coralcloud-whitebeam-orange\/#primaryimage\",\"url\":\"https:\/\/images.novelship.com\/product\/adidas_predator_elite_fold-over_tongue_fg_soccer_c_0_69665.jpeg\",\"contentUrl\":\"https:\/\/images.novelship.com\/product\/adidas_predator_elite_fold-over_tongue_fg_soccer_c_0_69665.jpeg\"},{\"@type\":\"BreadcrumbList\",\"@id\":\"https:\/\/tourcruiser.com\/de\/products\/adidas-predator-elite-fold-over-tongue-fg-soccer-cleats-signal-coralcloud-whitebeam-orange\/#breadcrumb\",\"itemListElement\":[{\"@type\":\"ListItem\",\"position\":1,\"name\":\"Home\",\"item\":\"https:\/\/tourcruiser.com\/de\/\"},{\"@type\":\"ListItem\",\"position\":2,\"name\":\"Shop\",\"item\":\"https:\/\/tourcruiser.com\/de\/shop\/\"},{\"@type\":\"ListItem\",\"position\":3,\"name\":\"Adidas Predator Elite Fold-Over Tongue FG Soccer Cleats Signal Coral\/Cloud White\/Beam Orange\"}]},{\"@type\":\"WebSite\",\"@id\":\"https:\/\/tourcruiser.com\/de\/#website\",\"url\":\"https:\/\/tourcruiser.com\/de\/\",\"name\":\"Styloral Jewelry Shop\",\"description\":\"Tourcruiser Sneaker Store \u2014 der Ort, an dem das Universum deine Einzigartigkeit trifft.\",\"publisher\":{\"@id\":\"https:\/\/tourcruiser.com\/de\/#organization\"},\"potentialAction\":[{\"@type\":\"SearchAction\",\"target\":{\"@type\":\"EntryPoint\",\"urlTemplate\":\"https:\/\/tourcruiser.com\/de\/?s={search_term_string}\"},\"query-input\":{\"@type\":\"PropertyValueSpecification\",\"valueRequired\":true,\"valueName\":\"search_term_string\"}}],\"inLanguage\":\"de\"},{\"@type\":\"Organization\",\"@id\":\"https:\/\/tourcruiser.com\/de\/#organization\",\"name\":\"STYLORAL PTE. LTD\",\"url\":\"https:\/\/tourcruiser.com\/de\/\",\"logo\":{\"@type\":\"ImageObject\",\"inLanguage\":\"de\",\"@id\":\"https:\/\/tourcruiser.com\/de\/#\/schema\/logo\/image\/\",\"url\":\"https:\/\/www.tourcruiser.com\/wp-content\/uploads\/2025\/12\/logo.png\",\"contentUrl\":\"https:\/\/www.tourcruiser.com\/wp-content\/uploads\/2025\/12\/logo.png\",\"width\":200,\"height\":65,\"caption\":\"STYLORAL PTE. LTD\"},\"image\":{\"@id\":\"https:\/\/tourcruiser.com\/de\/#\/schema\/logo\/image\/\"}}]}<\/script>\n<!-- \/ Yoast SEO plugin. -->","yoast_head_json":{"title":"Adidas Predator Elite Fold-Over Tongue FG Soccer Cleats Signal Coral\/Cloud White\/Beam Orange  - Tourcruiser PTE. LTD","robots":{"index":"index","follow":"follow","max-snippet":"max-snippet:-1","max-image-preview":"max-image-preview:large","max-video-preview":"max-video-preview:-1"},"canonical":"https:\/\/tourcruiser.com\/de\/products\/adidas-predator-elite-fold-over-tongue-fg-soccer-cleats-signal-coralcloud-whitebeam-orange\/","og_locale":"de_DE","og_type":"article","og_title":"Adidas Predator Elite Fold-Over Tongue FG Soccer Cleats Signal Coral\/Cloud White\/Beam Orange  - Tourcruiser PTE. LTD","og_description":"adidas Predator Elite \u201d\u201d Signal Coral\/Cloud White\/Beam Orange","og_url":"https:\/\/tourcruiser.com\/de\/products\/adidas-predator-elite-fold-over-tongue-fg-soccer-cleats-signal-coralcloud-whitebeam-orange\/","og_site_name":"Tourcruiser Sneaker Store","twitter_card":"summary_large_image","twitter_image":"https:\/\/images.novelship.com\/product\/adidas_predator_elite_fold-over_tongue_fg_soccer_c_0_69665.jpeg","twitter_misc":{"Gesch\u00e4tzte Lesezeit":"1\u00a0Minute"},"schema":{"@context":"https:\/\/schema.org","@graph":[{"@type":"WebPage","@id":"https:\/\/tourcruiser.com\/de\/products\/adidas-predator-elite-fold-over-tongue-fg-soccer-cleats-signal-coralcloud-whitebeam-orange\/","url":"https:\/\/tourcruiser.com\/de\/products\/adidas-predator-elite-fold-over-tongue-fg-soccer-cleats-signal-coralcloud-whitebeam-orange\/","name":"Adidas Predator Elite Fold-Over Tongue FG Soccer Cleats Signal Coral\/Cloud White\/Beam Orange - Tourcruiser PTE. LTD","isPartOf":{"@id":"https:\/\/tourcruiser.com\/de\/#website"},"primaryImageOfPage":{"@id":"https:\/\/tourcruiser.com\/de\/products\/adidas-predator-elite-fold-over-tongue-fg-soccer-cleats-signal-coralcloud-whitebeam-orange\/#primaryimage"},"image":{"@id":"https:\/\/tourcruiser.com\/de\/products\/adidas-predator-elite-fold-over-tongue-fg-soccer-cleats-signal-coralcloud-whitebeam-orange\/#primaryimage"},"thumbnailUrl":"https:\/\/images.novelship.com\/product\/adidas_predator_elite_fold-over_tongue_fg_soccer_c_0_69665.jpeg","datePublished":"2026-03-02T08:30:41+00:00","breadcrumb":{"@id":"https:\/\/tourcruiser.com\/de\/products\/adidas-predator-elite-fold-over-tongue-fg-soccer-cleats-signal-coralcloud-whitebeam-orange\/#breadcrumb"},"inLanguage":"de","potentialAction":[{"@type":"ReadAction","target":["https:\/\/tourcruiser.com\/de\/products\/adidas-predator-elite-fold-over-tongue-fg-soccer-cleats-signal-coralcloud-whitebeam-orange\/"]}]},{"@type":"ImageObject","inLanguage":"de","@id":"https:\/\/tourcruiser.com\/de\/products\/adidas-predator-elite-fold-over-tongue-fg-soccer-cleats-signal-coralcloud-whitebeam-orange\/#primaryimage","url":"https:\/\/images.novelship.com\/product\/adidas_predator_elite_fold-over_tongue_fg_soccer_c_0_69665.jpeg","contentUrl":"https:\/\/images.novelship.com\/product\/adidas_predator_elite_fold-over_tongue_fg_soccer_c_0_69665.jpeg"},{"@type":"BreadcrumbList","@id":"https:\/\/tourcruiser.com\/de\/products\/adidas-predator-elite-fold-over-tongue-fg-soccer-cleats-signal-coralcloud-whitebeam-orange\/#breadcrumb","itemListElement":[{"@type":"ListItem","position":1,"name":"Home","item":"https:\/\/tourcruiser.com\/de\/"},{"@type":"ListItem","position":2,"name":"Shop","item":"https:\/\/tourcruiser.com\/de\/shop\/"},{"@type":"ListItem","position":3,"name":"Adidas Predator Elite Fold-Over Tongue FG Soccer Cleats Signal Coral\/Cloud White\/Beam Orange"}]},{"@type":"WebSite","@id":"https:\/\/tourcruiser.com\/de\/#website","url":"https:\/\/tourcruiser.com\/de\/","name":"Styloral Jewelry Shop","description":"Tourcruiser Sneaker Store \u2014 der Ort, an dem das Universum deine Einzigartigkeit trifft.","publisher":{"@id":"https:\/\/tourcruiser.com\/de\/#organization"},"potentialAction":[{"@type":"SearchAction","target":{"@type":"EntryPoint","urlTemplate":"https:\/\/tourcruiser.com\/de\/?s={search_term_string}"},"query-input":{"@type":"PropertyValueSpecification","valueRequired":true,"valueName":"search_term_string"}}],"inLanguage":"de"},{"@type":"Organization","@id":"https:\/\/tourcruiser.com\/de\/#organization","name":"STYLORAL PTE. LTD","url":"https:\/\/tourcruiser.com\/de\/","logo":{"@type":"ImageObject","inLanguage":"de","@id":"https:\/\/tourcruiser.com\/de\/#\/schema\/logo\/image\/","url":"https:\/\/www.tourcruiser.com\/wp-content\/uploads\/2025\/12\/logo.png","contentUrl":"https:\/\/www.tourcruiser.com\/wp-content\/uploads\/2025\/12\/logo.png","width":200,"height":65,"caption":"STYLORAL PTE. LTD"},"image":{"@id":"https:\/\/tourcruiser.com\/de\/#\/schema\/logo\/image\/"}}]}},"_links":{"self":[{"href":"https:\/\/tourcruiser.com\/de\/wp-json\/wp\/v2\/product\/112023","targetHints":{"allow":["GET"]}}],"collection":[{"href":"https:\/\/tourcruiser.com\/de\/wp-json\/wp\/v2\/product"}],"about":[{"href":"https:\/\/tourcruiser.com\/de\/wp-json\/wp\/v2\/types\/product"}],"replies":[{"embeddable":true,"href":"https:\/\/tourcruiser.com\/de\/wp-json\/wp\/v2\/comments?post=112023"}],"wp:featuredmedia":[{"embeddable":true,"href":"https:\/\/tourcruiser.com\/de\/wp-json\/wp\/v2\/media\/112024"}],"wp:attachment":[{"href":"https:\/\/tourcruiser.com\/de\/wp-json\/wp\/v2\/media?parent=112023"}],"wp:term":[{"taxonomy":"product_brand","embeddable":true,"href":"https:\/\/tourcruiser.com\/de\/wp-json\/wp\/v2\/product_brand?post=112023"},{"taxonomy":"product_cat","embeddable":true,"href":"https:\/\/tourcruiser.com\/de\/wp-json\/wp\/v2\/product_cat?post=112023"},{"taxonomy":"product_tag","embeddable":true,"href":"https:\/\/tourcruiser.com\/de\/wp-json\/wp\/v2\/product_tag?post=112023"}],"curies":[{"name":"wp","href":"https:\/\/api.w.org\/{rel}","templated":true}]}}