{"id":11134,"date":"2026-02-20T14:45:03","date_gmt":"2026-02-20T07:45:03","guid":{"rendered":"http:\/\/tourcruiser.com\/product\/eastside-golf-x-air-jordan-12-low-golf-out-the-mud-dz4524-400"},"modified":"2026-03-28T00:24:10","modified_gmt":"2026-03-27T17:24:10","slug":"eastside-golf-x-air-jordan-12-low-golf-out-the-mud-dz4524-400","status":"publish","type":"product","link":"https:\/\/tourcruiser.com\/de\/products\/eastside-golf-x-air-jordan-12-low-golf-out-the-mud-dz4524-400\/","title":{"rendered":"Eastside Golf x Jordan 12 Low Golf &#8218;Out the Mud&#8216;"},"content":{"rendered":"<p>Wir pr\u00e4sentieren den Eastside Golf x Air Jordan 12 Low Golf Out the Mud \u2013 eine Sneaker-Kollaboration von Eastside Golf und Jordan, die ein absolutes Must-have ist. Diese stylischen Schuhe sind perfekt f\u00fcr den Golfplatz und \u00fcberzeugen mit ihrem Low-Top-Design und der einzigartigen Farbgebung \u201eOut the Mud\u201c. Mit diesen modischen Sneakern, die sowohl auf Style als auch auf Performance ausgelegt sind, bleibst du bequem und liegst voll im Trend.<\/p>\n<ul>\n<li><strong>Farbgebung:<\/strong> Mitternachtsblau\/Wei\u00df\/Sonnenaufgangsblau\/Wei\u00df<\/li>\n<li><strong>Artikelnummer:<\/strong> DZ4524-400<\/li>\n<li><strong>Obermaterial:<\/strong> Leder<\/li>\n<li><strong>Zwischensohle:<\/strong> Zoom Air<\/li>\n<li><strong>Farbe:<\/strong> Marineblau<\/li>\n<li><strong>Designer:<\/strong> Tinker Hatfield<\/li>\n<li><strong>Saison:<\/strong> Winter<\/li>\n<li><strong>Erscheinungsjahr:<\/strong> 2022<\/li>\n<\/ul>\n","protected":false},"excerpt":{"rendered":"<p>Jordan Jordan 12 Low Golf \u2014 Midnight Navy\/White\/Burnt Sunrise\/White<\/p>\n","protected":false},"featured_media":189331,"comment_status":"open","ping_status":"closed","template":"","meta":[],"product_brand":[],"product_cat":[218],"product_tag":[],"class_list":{"0":"post-11134","1":"product","2":"type-product","3":"status-publish","4":"has-post-thumbnail","6":"product_cat-air-jordan-2026","7":"wcpa_has_options","9":"first","10":"outofstock","11":"taxable","12":"shipping-taxable","13":"purchasable","14":"product-type-simple"},"wcpa_form_fields":{"rules":{"pric_overide_base_price":false,"pric_overide_base_price_if_gt_zero":false,"pric_overide_base_price_fully":false,"pric_cal_option_once":false,"pric_use_as_fee":false,"bind_quantity":false,"quantity_bind_formula":false},"fields":[{"type":"color-group","required":true,"elementId":"wcpa-color-group-66c4a75505e74","label":"Gr\u00f6\u00dfe - EU Gr\u00f6\u00dfe","inline":true,"priceOptions":"different_for_all","pricingType":"fixed","className":"hassizechart product-shoes-size-eu product-shoes-size","name":"color-group-66c4a75505e89","disp_type":"square","selection_type":"tick-border","disp_size":"44","show_label_inside":true,"adjust_width":true,"cart_display_type":"text","other_text":"Other","cl_rule":"show","col":6,"values":[{"label":"35.5","value":"EU 35.5","price":"","pimage":"","pimage_id":"","pthumb":"","color":""},{"label":"36","value":"EU 36","price":"","pimage":"","pimage_id":"","pthumb":"","color":"","selected":true},{"label":"36.5","value":"EU 36.5","price":"","pimage":"","pimage_id":"","pthumb":"","color":""},{"label":"37.5","value":"EU 37.5","price":"","pimage":"","pimage_id":"","pthumb":"","color":""},{"label":"38","value":"EU 38","price":"","pimage":"","pimage_id":"","pthumb":"","color":""},{"label":"38.5","value":"EU 38.5","price":"","pimage":"","pimage_id":"","pthumb":"","color":""},{"label":"39","value":"EU 39","price":"","pimage":"","pimage_id":"","pthumb":"","color":""},{"label":"40","value":"EU 40","price":"","pimage":"","pimage_id":"","pthumb":"","color":""},{"label":"40.5","value":"EU 40.5","price":"","pimage":"","pimage_id":"","pthumb":"","color":""},{"label":"41","value":"EU 41","price":"","pimage":"","pimage_id":"","pthumb":"","color":""},{"label":"42","value":"EU 42","price":"","pimage":"","pimage_id":"","pthumb":"","color":""},{"label":"42.5","value":"EU 42.5","price":"","pimage":"","pimage_id":"","pthumb":"","color":""},{"label":"43","value":"EU 43","price":"","pimage":"","pimage_id":"","pthumb":"","color":""},{"label":"44","value":"EU 44","price":"","pimage":"","pimage_id":"","pthumb":"","color":""},{"label":"44.5","value":"EU 44.5","price":"","pimage":"","pimage_id":"","pthumb":"","color":""},{"label":"45","value":"EU 45","price":"","pimage":"","pimage_id":"","pthumb":"","color":""},{"label":"45.5","value":"EU 45.5","price":"","pimage":"","pimage_id":"","pthumb":"","color":""},{"label":"46","value":"EU 46","price":"","pimage":"","pimage_id":"","pthumb":"","color":""},{"label":"47","value":"EU 47","price":"","pimage":"","pimage_id":"","pthumb":"","color":""},{"label":"47.5","value":"EU 47.5","price":"","pimage":"","pimage_id":"","pthumb":"","color":""},{"label":"48","value":"EU 48","price":"","pimage":"","pimage_id":"","pthumb":"","color":""}],"relations":[{"operator":false,"rules":[]}],"form_id":18106,"form_rules":{"pric_cal_option_once":false,"exclude_from_discount":false,"pric_use_as_fee":false,"fee_label":"Fee","render_after_acb":false,"disp_hide_options_price":false}}]},"yoast_head":"<!-- This site is optimized with the Yoast SEO plugin v26.5 - https:\/\/yoast.com\/wordpress\/plugins\/seo\/ -->\n<title>Eastside Golf x Jordan 12 Low Golf &#039;Out the Mud&#039; - Tourcruiser PTE. LTD<\/title>\n<meta name=\"robots\" content=\"index, follow, max-snippet:-1, max-image-preview:large, max-video-preview:-1\" \/>\n<link rel=\"canonical\" href=\"https:\/\/tourcruiser.com\/de\/products\/eastside-golf-x-air-jordan-12-low-golf-out-the-mud-dz4524-400\/\" \/>\n<meta property=\"og:locale\" content=\"de_DE\" \/>\n<meta property=\"og:type\" content=\"article\" \/>\n<meta property=\"og:title\" content=\"Eastside Golf x Jordan 12 Low Golf &#039;Out the Mud&#039; - Tourcruiser PTE. LTD\" \/>\n<meta property=\"og:description\" content=\"Jordan Jordan 12 Low Golf \u2014 Midnight Navy\/White\/Burnt Sunrise\/White\" \/>\n<meta property=\"og:url\" content=\"https:\/\/tourcruiser.com\/de\/products\/eastside-golf-x-air-jordan-12-low-golf-out-the-mud-dz4524-400\/\" \/>\n<meta property=\"og:site_name\" content=\"Tourcruiser Sneaker Store\" \/>\n<meta property=\"article:modified_time\" content=\"2026-03-27T17:24:10+00:00\" \/>\n<meta name=\"twitter:card\" content=\"summary_large_image\" \/>\n<meta name=\"twitter:image\" content=\"https:\/\/images.novelship.com\/product\/eastside_golf_x_air_jordan_12_low_golf__out_the_mu_0_41138.jpeg\" \/>\n<script type=\"application\/ld+json\" class=\"yoast-schema-graph\">{\"@context\":\"https:\/\/schema.org\",\"@graph\":[{\"@type\":\"WebPage\",\"@id\":\"https:\/\/tourcruiser.com\/de\/products\/eastside-golf-x-air-jordan-12-low-golf-out-the-mud-dz4524-400\/\",\"url\":\"https:\/\/tourcruiser.com\/de\/products\/eastside-golf-x-air-jordan-12-low-golf-out-the-mud-dz4524-400\/\",\"name\":\"Eastside Golf x Jordan 12 Low Golf 'Out the Mud' - Tourcruiser PTE. LTD\",\"isPartOf\":{\"@id\":\"https:\/\/tourcruiser.com\/de\/#website\"},\"primaryImageOfPage\":{\"@id\":\"https:\/\/tourcruiser.com\/de\/products\/eastside-golf-x-air-jordan-12-low-golf-out-the-mud-dz4524-400\/#primaryimage\"},\"image\":{\"@id\":\"https:\/\/tourcruiser.com\/de\/products\/eastside-golf-x-air-jordan-12-low-golf-out-the-mud-dz4524-400\/#primaryimage\"},\"thumbnailUrl\":\"https:\/\/images.novelship.com\/product\/eastside_golf_x_air_jordan_12_low_golf__out_the_mu_0_41138.jpeg\",\"datePublished\":\"2026-02-20T07:45:03+00:00\",\"dateModified\":\"2026-03-27T17:24:10+00:00\",\"breadcrumb\":{\"@id\":\"https:\/\/tourcruiser.com\/de\/products\/eastside-golf-x-air-jordan-12-low-golf-out-the-mud-dz4524-400\/#breadcrumb\"},\"inLanguage\":\"de\",\"potentialAction\":[{\"@type\":\"ReadAction\",\"target\":[\"https:\/\/tourcruiser.com\/de\/products\/eastside-golf-x-air-jordan-12-low-golf-out-the-mud-dz4524-400\/\"]}]},{\"@type\":\"ImageObject\",\"inLanguage\":\"de\",\"@id\":\"https:\/\/tourcruiser.com\/de\/products\/eastside-golf-x-air-jordan-12-low-golf-out-the-mud-dz4524-400\/#primaryimage\",\"url\":\"https:\/\/images.novelship.com\/product\/eastside_golf_x_air_jordan_12_low_golf__out_the_mu_0_41138.jpeg\",\"contentUrl\":\"https:\/\/images.novelship.com\/product\/eastside_golf_x_air_jordan_12_low_golf__out_the_mu_0_41138.jpeg\"},{\"@type\":\"BreadcrumbList\",\"@id\":\"https:\/\/tourcruiser.com\/de\/products\/eastside-golf-x-air-jordan-12-low-golf-out-the-mud-dz4524-400\/#breadcrumb\",\"itemListElement\":[{\"@type\":\"ListItem\",\"position\":1,\"name\":\"Home\",\"item\":\"https:\/\/tourcruiser.com\/de\/\"},{\"@type\":\"ListItem\",\"position\":2,\"name\":\"Shop\",\"item\":\"https:\/\/tourcruiser.com\/de\/shop\/\"},{\"@type\":\"ListItem\",\"position\":3,\"name\":\"Eastside Golf x Jordan 12 Low Golf 'Out the Mud'\"}]},{\"@type\":\"WebSite\",\"@id\":\"https:\/\/tourcruiser.com\/de\/#website\",\"url\":\"https:\/\/tourcruiser.com\/de\/\",\"name\":\"Styloral Jewelry Shop\",\"description\":\"Tourcruiser Sneaker Store \u2014 der Ort, an dem das Universum deine Einzigartigkeit trifft.\",\"publisher\":{\"@id\":\"https:\/\/tourcruiser.com\/de\/#organization\"},\"potentialAction\":[{\"@type\":\"SearchAction\",\"target\":{\"@type\":\"EntryPoint\",\"urlTemplate\":\"https:\/\/tourcruiser.com\/de\/?s={search_term_string}\"},\"query-input\":{\"@type\":\"PropertyValueSpecification\",\"valueRequired\":true,\"valueName\":\"search_term_string\"}}],\"inLanguage\":\"de\"},{\"@type\":\"Organization\",\"@id\":\"https:\/\/tourcruiser.com\/de\/#organization\",\"name\":\"STYLORAL PTE. LTD\",\"url\":\"https:\/\/tourcruiser.com\/de\/\",\"logo\":{\"@type\":\"ImageObject\",\"inLanguage\":\"de\",\"@id\":\"https:\/\/tourcruiser.com\/de\/#\/schema\/logo\/image\/\",\"url\":\"https:\/\/www.tourcruiser.com\/wp-content\/uploads\/2025\/12\/logo.png\",\"contentUrl\":\"https:\/\/www.tourcruiser.com\/wp-content\/uploads\/2025\/12\/logo.png\",\"width\":200,\"height\":65,\"caption\":\"STYLORAL PTE. LTD\"},\"image\":{\"@id\":\"https:\/\/tourcruiser.com\/de\/#\/schema\/logo\/image\/\"}}]}<\/script>\n<!-- \/ Yoast SEO plugin. -->","yoast_head_json":{"title":"Eastside Golf x Jordan 12 Low Golf 'Out the Mud' - Tourcruiser PTE. LTD","robots":{"index":"index","follow":"follow","max-snippet":"max-snippet:-1","max-image-preview":"max-image-preview:large","max-video-preview":"max-video-preview:-1"},"canonical":"https:\/\/tourcruiser.com\/de\/products\/eastside-golf-x-air-jordan-12-low-golf-out-the-mud-dz4524-400\/","og_locale":"de_DE","og_type":"article","og_title":"Eastside Golf x Jordan 12 Low Golf 'Out the Mud' - Tourcruiser PTE. LTD","og_description":"Jordan Jordan 12 Low Golf \u2014 Midnight Navy\/White\/Burnt Sunrise\/White","og_url":"https:\/\/tourcruiser.com\/de\/products\/eastside-golf-x-air-jordan-12-low-golf-out-the-mud-dz4524-400\/","og_site_name":"Tourcruiser Sneaker Store","article_modified_time":"2026-03-27T17:24:10+00:00","twitter_card":"summary_large_image","twitter_image":"https:\/\/images.novelship.com\/product\/eastside_golf_x_air_jordan_12_low_golf__out_the_mu_0_41138.jpeg","schema":{"@context":"https:\/\/schema.org","@graph":[{"@type":"WebPage","@id":"https:\/\/tourcruiser.com\/de\/products\/eastside-golf-x-air-jordan-12-low-golf-out-the-mud-dz4524-400\/","url":"https:\/\/tourcruiser.com\/de\/products\/eastside-golf-x-air-jordan-12-low-golf-out-the-mud-dz4524-400\/","name":"Eastside Golf x Jordan 12 Low Golf 'Out the Mud' - Tourcruiser PTE. LTD","isPartOf":{"@id":"https:\/\/tourcruiser.com\/de\/#website"},"primaryImageOfPage":{"@id":"https:\/\/tourcruiser.com\/de\/products\/eastside-golf-x-air-jordan-12-low-golf-out-the-mud-dz4524-400\/#primaryimage"},"image":{"@id":"https:\/\/tourcruiser.com\/de\/products\/eastside-golf-x-air-jordan-12-low-golf-out-the-mud-dz4524-400\/#primaryimage"},"thumbnailUrl":"https:\/\/images.novelship.com\/product\/eastside_golf_x_air_jordan_12_low_golf__out_the_mu_0_41138.jpeg","datePublished":"2026-02-20T07:45:03+00:00","dateModified":"2026-03-27T17:24:10+00:00","breadcrumb":{"@id":"https:\/\/tourcruiser.com\/de\/products\/eastside-golf-x-air-jordan-12-low-golf-out-the-mud-dz4524-400\/#breadcrumb"},"inLanguage":"de","potentialAction":[{"@type":"ReadAction","target":["https:\/\/tourcruiser.com\/de\/products\/eastside-golf-x-air-jordan-12-low-golf-out-the-mud-dz4524-400\/"]}]},{"@type":"ImageObject","inLanguage":"de","@id":"https:\/\/tourcruiser.com\/de\/products\/eastside-golf-x-air-jordan-12-low-golf-out-the-mud-dz4524-400\/#primaryimage","url":"https:\/\/images.novelship.com\/product\/eastside_golf_x_air_jordan_12_low_golf__out_the_mu_0_41138.jpeg","contentUrl":"https:\/\/images.novelship.com\/product\/eastside_golf_x_air_jordan_12_low_golf__out_the_mu_0_41138.jpeg"},{"@type":"BreadcrumbList","@id":"https:\/\/tourcruiser.com\/de\/products\/eastside-golf-x-air-jordan-12-low-golf-out-the-mud-dz4524-400\/#breadcrumb","itemListElement":[{"@type":"ListItem","position":1,"name":"Home","item":"https:\/\/tourcruiser.com\/de\/"},{"@type":"ListItem","position":2,"name":"Shop","item":"https:\/\/tourcruiser.com\/de\/shop\/"},{"@type":"ListItem","position":3,"name":"Eastside Golf x Jordan 12 Low Golf 'Out the Mud'"}]},{"@type":"WebSite","@id":"https:\/\/tourcruiser.com\/de\/#website","url":"https:\/\/tourcruiser.com\/de\/","name":"Styloral Jewelry Shop","description":"Tourcruiser Sneaker Store \u2014 der Ort, an dem das Universum deine Einzigartigkeit trifft.","publisher":{"@id":"https:\/\/tourcruiser.com\/de\/#organization"},"potentialAction":[{"@type":"SearchAction","target":{"@type":"EntryPoint","urlTemplate":"https:\/\/tourcruiser.com\/de\/?s={search_term_string}"},"query-input":{"@type":"PropertyValueSpecification","valueRequired":true,"valueName":"search_term_string"}}],"inLanguage":"de"},{"@type":"Organization","@id":"https:\/\/tourcruiser.com\/de\/#organization","name":"STYLORAL PTE. LTD","url":"https:\/\/tourcruiser.com\/de\/","logo":{"@type":"ImageObject","inLanguage":"de","@id":"https:\/\/tourcruiser.com\/de\/#\/schema\/logo\/image\/","url":"https:\/\/www.tourcruiser.com\/wp-content\/uploads\/2025\/12\/logo.png","contentUrl":"https:\/\/www.tourcruiser.com\/wp-content\/uploads\/2025\/12\/logo.png","width":200,"height":65,"caption":"STYLORAL PTE. LTD"},"image":{"@id":"https:\/\/tourcruiser.com\/de\/#\/schema\/logo\/image\/"}}]}},"_links":{"self":[{"href":"https:\/\/tourcruiser.com\/de\/wp-json\/wp\/v2\/product\/11134","targetHints":{"allow":["GET"]}}],"collection":[{"href":"https:\/\/tourcruiser.com\/de\/wp-json\/wp\/v2\/product"}],"about":[{"href":"https:\/\/tourcruiser.com\/de\/wp-json\/wp\/v2\/types\/product"}],"replies":[{"embeddable":true,"href":"https:\/\/tourcruiser.com\/de\/wp-json\/wp\/v2\/comments?post=11134"}],"wp:featuredmedia":[{"embeddable":true,"href":"https:\/\/tourcruiser.com\/de\/wp-json\/wp\/v2\/media\/189331"}],"wp:attachment":[{"href":"https:\/\/tourcruiser.com\/de\/wp-json\/wp\/v2\/media?parent=11134"}],"wp:term":[{"taxonomy":"product_brand","embeddable":true,"href":"https:\/\/tourcruiser.com\/de\/wp-json\/wp\/v2\/product_brand?post=11134"},{"taxonomy":"product_cat","embeddable":true,"href":"https:\/\/tourcruiser.com\/de\/wp-json\/wp\/v2\/product_cat?post=11134"},{"taxonomy":"product_tag","embeddable":true,"href":"https:\/\/tourcruiser.com\/de\/wp-json\/wp\/v2\/product_tag?post=11134"}],"curies":[{"name":"wp","href":"https:\/\/api.w.org\/{rel}","templated":true}]}}