{"id":110038,"date":"2026-03-02T15:30:14","date_gmt":"2026-03-02T08:30:14","guid":{"rendered":"http:\/\/tourcruiser.com\/product\/asics-gel-excite-10-blue-expanse-safety-yellow"},"modified":"2026-03-28T01:09:44","modified_gmt":"2026-03-27T18:09:44","slug":"asics-gel-excite-10-blue-expanse-safety-yellow","status":"publish","type":"product","link":"https:\/\/tourcruiser.com\/de\/products\/asics-gel-excite-10-blue-expanse-safety-yellow\/","title":{"rendered":"ASICS Gel-Excite 10 &#8218;Blue Expanse Safety Yellow&#8216;"},"content":{"rendered":"<p>Erleben Sie unvergleichlichen Komfort und optimale Performance mit dem ASICS Gel-Excite 10 \u201eBlue Expanse Safety Yellow\u201c, einem vielseitigen Laufschuh, der f\u00fcr den ganzen Tag und intensive Aktivit\u00e4ten entwickelt wurde. Dank der fortschrittlichen GEL-D\u00e4mpfungstechnologie absorbiert dieser Schuh St\u00f6\u00dfe m\u00fchelos und sorgt so f\u00fcr ein geschmeidiges und st\u00fctzendes Laufgef\u00fchl \u201d\u201c Kilometer f\u00fcr Kilometer. Das leichte, atmungsaktive Obermaterial aus Funktionsmesh h\u00e4lt Ihre F\u00fc\u00dfe angenehm k\u00fchl, w\u00e4hrend die dynamische Farbkombination aus Blue Expanse und Safety Yellow Ihrem Sportoutfit einen energiegeladenen Touch verleiht. Mit seiner strapazierf\u00e4higen Gummiau\u00dfensohle und der AMPLIFOAM-Mittelsohle bietet der Gel-Excite 10 hervorragende Traktion und D\u00e4mpfung und ist damit ideal f\u00fcr t\u00e4gliche L\u00e4ufe und Freizeitaktivit\u00e4ten. Egal ob auf Trails, der Laufbahn oder in der Stadt \u201d\u201c dieses elegante Design garantiert optimalen Komfort und Style und gibt dir die M\u00f6glichkeit, dein Bestes zu geben.<\/p>\n<ul>\n<li><strong>Farbgebung:<\/strong> Blue Expanse\/Safety Yellow<\/li>\n<li><strong>Artikelnummer:<\/strong> 1011B600-404<\/li>\n<li><strong>Farbe:<\/strong> Blau<\/li>\n<\/ul>\n","protected":false},"excerpt":{"rendered":"<p>ASICS Gel-Excite 10 \u201d\u201d Blue Expanse\/Safety Yellow<\/p>\n","protected":false},"featured_media":110039,"comment_status":"open","ping_status":"closed","template":"","meta":[],"product_brand":[],"product_cat":[10792],"product_tag":[10917],"class_list":{"0":"post-110038","1":"product","2":"type-product","3":"status-publish","4":"has-post-thumbnail","6":"product_cat-asics","7":"product_tag-small-130-usd","8":"wcpa_has_options","10":"first","11":"outofstock","12":"taxable","13":"shipping-taxable","14":"purchasable","15":"product-type-simple"},"wcpa_form_fields":{"rules":{"pric_overide_base_price":false,"pric_overide_base_price_if_gt_zero":false,"pric_overide_base_price_fully":false,"pric_cal_option_once":false,"pric_use_as_fee":false,"bind_quantity":false,"quantity_bind_formula":false},"fields":[{"type":"color-group","required":true,"elementId":"wcpa-color-group-69a5ab08ee12d","label":"Gr\u00f6\u00dfe","inline":true,"priceOptions":"different_for_all","pricingType":"fixed","className":"hassizechart product-shoes-size-eu product-shoes-size","name":"color-group-69a5ab08ee136","disp_type":"square","selection_type":"tick-border","disp_size":"50","show_label_inside":true,"adjust_width":true,"cart_display_type":"text","other_text":"Other","cl_rule":"show","col":6,"values":[{"label":"36","value":"EU 36","price":"","pimage":"","pimage_id":"","pthumb":"","color":"","selected":true},{"label":"37","value":"EU 37","price":"","pimage":"","pimage_id":"","pthumb":"","color":""},{"label":"37.5","value":"EU 37.5","price":"","pimage":"","pimage_id":"","pthumb":"","color":""},{"label":"38","value":"EU 38","price":"","pimage":"","pimage_id":"","pthumb":"","color":""},{"label":"38.5","value":"EU 38.5","price":"","pimage":"","pimage_id":"","pthumb":"","color":""},{"label":"39","value":"EU 39","price":"","pimage":"","pimage_id":"","pthumb":"","color":""},{"label":"39.5","value":"EU 39.5","price":"","pimage":"","pimage_id":"","pthumb":"","color":""},{"label":"40","value":"EU 40","price":"","pimage":"","pimage_id":"","pthumb":"","color":""},{"label":"40.5","value":"EU 40.5","price":"","pimage":"","pimage_id":"","pthumb":"","color":""},{"label":" 41.5","value":"EU 41.5","price":"","pimage":"","pimage_id":"","pthumb":"","color":""},{"label":"42","value":"EU 42","price":"","pimage":"","pimage_id":"","pthumb":"","color":""},{"label":"42.5","value":"EU 42.5","price":"","pimage":"","pimage_id":"","pthumb":"","color":""},{"label":"43.5","value":"EU 43.5","price":"","pimage":"","pimage_id":"","pthumb":"","color":""},{"label":"44","value":"EU 44","price":"","pimage":"","pimage_id":"","pthumb":"","color":""},{"label":"44.5","value":"EU 44.5","price":"","pimage":"","pimage_id":"","pthumb":"","color":""},{"label":"45","value":"EU 45","price":"","pimage":"","pimage_id":"","pthumb":"","color":""}],"relations":[{"operator":false,"rules":[]}],"form_id":184311,"form_rules":{"pric_cal_option_once":false,"exclude_from_discount":false,"pric_use_as_fee":false,"fee_label":"Fee","render_after_acb":false,"disp_hide_options_price":false}}]},"yoast_head":"<!-- This site is optimized with the Yoast SEO plugin v26.5 - https:\/\/yoast.com\/wordpress\/plugins\/seo\/ -->\n<title>ASICS Gel-Excite 10 &#039;Blue Expanse Safety Yellow&#039;  - Tourcruiser PTE. LTD<\/title>\n<meta name=\"robots\" content=\"index, follow, max-snippet:-1, max-image-preview:large, max-video-preview:-1\" \/>\n<link rel=\"canonical\" href=\"https:\/\/tourcruiser.com\/de\/products\/asics-gel-excite-10-blue-expanse-safety-yellow\/\" \/>\n<meta property=\"og:locale\" content=\"de_DE\" \/>\n<meta property=\"og:type\" content=\"article\" \/>\n<meta property=\"og:title\" content=\"ASICS Gel-Excite 10 &#039;Blue Expanse Safety Yellow&#039;  - Tourcruiser PTE. LTD\" \/>\n<meta property=\"og:description\" content=\"ASICS Gel-Excite 10 \u201d\u201d Blue Expanse\/Safety Yellow\" \/>\n<meta property=\"og:url\" content=\"https:\/\/tourcruiser.com\/de\/products\/asics-gel-excite-10-blue-expanse-safety-yellow\/\" \/>\n<meta property=\"og:site_name\" content=\"Tourcruiser Sneaker Store\" \/>\n<meta property=\"article:modified_time\" content=\"2026-03-27T18:09:44+00:00\" \/>\n<meta name=\"twitter:card\" content=\"summary_large_image\" \/>\n<meta name=\"twitter:image\" content=\"https:\/\/images.novelship.com\/product\/asics_gel-excite_10__blue_expanse_safety_yellow__1_0_83968.jpeg;https:\/\/images.novelship.com\/product\/asics_gel-excite_10__blue_expanse_safety_yellow__1_1_83968.jpeg;https:\/\/images.novelship.com\/product\/asics_gel-excite_10__blue_expanse_safety_yellow__1_2_83968.jpeg;https:\/\/images.novelship.com\/product\/asics_gel-excite_10__blue_expanse_safety_yellow__1_3_83968.jpeg;https:\/\/images.novelship.com\/product\/asics_gel-excite_10__blue_expanse_safety_yellow__1_4_83968.jpeg;https:\/\/images.novelship.com\/product\/asics_gel-excite_10__blue_expanse_safety_yellow__1_5_83968.jpeg;https:\/\/images.novelship.com\/product\/asics_gel-excite_10__blue_expanse_safety_yellow__1_6_83968.jpeg;https:\/\/images.novelship.com\/product\/asics_gel-excite_10__blue_expanse_safety_yellow__1_7_83968.jpeg\" \/>\n<meta name=\"twitter:label1\" content=\"Gesch\u00e4tzte Lesezeit\" \/>\n\t<meta name=\"twitter:data1\" content=\"1\u00a0Minute\" \/>\n<script type=\"application\/ld+json\" class=\"yoast-schema-graph\">{\"@context\":\"https:\/\/schema.org\",\"@graph\":[{\"@type\":\"WebPage\",\"@id\":\"https:\/\/tourcruiser.com\/de\/products\/asics-gel-excite-10-blue-expanse-safety-yellow\/\",\"url\":\"https:\/\/tourcruiser.com\/de\/products\/asics-gel-excite-10-blue-expanse-safety-yellow\/\",\"name\":\"ASICS Gel-Excite 10 'Blue Expanse Safety Yellow' - Tourcruiser PTE. LTD\",\"isPartOf\":{\"@id\":\"https:\/\/tourcruiser.com\/de\/#website\"},\"primaryImageOfPage\":{\"@id\":\"https:\/\/tourcruiser.com\/de\/products\/asics-gel-excite-10-blue-expanse-safety-yellow\/#primaryimage\"},\"image\":{\"@id\":\"https:\/\/tourcruiser.com\/de\/products\/asics-gel-excite-10-blue-expanse-safety-yellow\/#primaryimage\"},\"thumbnailUrl\":\"https:\/\/images.novelship.com\/product\/asics_gel-excite_10__blue_expanse_safety_yellow__1_0_83968.jpeg;https:\/\/images.novelship.com\/product\/asics_gel-excite_10__blue_expanse_safety_yellow__1_1_83968.jpeg;https:\/\/images.novelship.com\/product\/asics_gel-excite_10__blue_expanse_safety_yellow__1_2_83968.jpeg;https:\/\/images.novelship.com\/product\/asics_gel-excite_10__blue_expanse_safety_yellow__1_3_83968.jpeg;https:\/\/images.novelship.com\/product\/asics_gel-excite_10__blue_expanse_safety_yellow__1_4_83968.jpeg;https:\/\/images.novelship.com\/product\/asics_gel-excite_10__blue_expanse_safety_yellow__1_5_83968.jpeg;https:\/\/images.novelship.com\/product\/asics_gel-excite_10__blue_expanse_safety_yellow__1_6_83968.jpeg;https:\/\/images.novelship.com\/product\/asics_gel-excite_10__blue_expanse_safety_yellow__1_7_83968.jpeg\",\"datePublished\":\"2026-03-02T08:30:14+00:00\",\"dateModified\":\"2026-03-27T18:09:44+00:00\",\"breadcrumb\":{\"@id\":\"https:\/\/tourcruiser.com\/de\/products\/asics-gel-excite-10-blue-expanse-safety-yellow\/#breadcrumb\"},\"inLanguage\":\"de\",\"potentialAction\":[{\"@type\":\"ReadAction\",\"target\":[\"https:\/\/tourcruiser.com\/de\/products\/asics-gel-excite-10-blue-expanse-safety-yellow\/\"]}]},{\"@type\":\"ImageObject\",\"inLanguage\":\"de\",\"@id\":\"https:\/\/tourcruiser.com\/de\/products\/asics-gel-excite-10-blue-expanse-safety-yellow\/#primaryimage\",\"url\":\"https:\/\/images.novelship.com\/product\/asics_gel-excite_10__blue_expanse_safety_yellow__1_0_83968.jpeg;https:\/\/images.novelship.com\/product\/asics_gel-excite_10__blue_expanse_safety_yellow__1_1_83968.jpeg;https:\/\/images.novelship.com\/product\/asics_gel-excite_10__blue_expanse_safety_yellow__1_2_83968.jpeg;https:\/\/images.novelship.com\/product\/asics_gel-excite_10__blue_expanse_safety_yellow__1_3_83968.jpeg;https:\/\/images.novelship.com\/product\/asics_gel-excite_10__blue_expanse_safety_yellow__1_4_83968.jpeg;https:\/\/images.novelship.com\/product\/asics_gel-excite_10__blue_expanse_safety_yellow__1_5_83968.jpeg;https:\/\/images.novelship.com\/product\/asics_gel-excite_10__blue_expanse_safety_yellow__1_6_83968.jpeg;https:\/\/images.novelship.com\/product\/asics_gel-excite_10__blue_expanse_safety_yellow__1_7_83968.jpeg\",\"contentUrl\":\"https:\/\/images.novelship.com\/product\/asics_gel-excite_10__blue_expanse_safety_yellow__1_0_83968.jpeg;https:\/\/images.novelship.com\/product\/asics_gel-excite_10__blue_expanse_safety_yellow__1_1_83968.jpeg;https:\/\/images.novelship.com\/product\/asics_gel-excite_10__blue_expanse_safety_yellow__1_2_83968.jpeg;https:\/\/images.novelship.com\/product\/asics_gel-excite_10__blue_expanse_safety_yellow__1_3_83968.jpeg;https:\/\/images.novelship.com\/product\/asics_gel-excite_10__blue_expanse_safety_yellow__1_4_83968.jpeg;https:\/\/images.novelship.com\/product\/asics_gel-excite_10__blue_expanse_safety_yellow__1_5_83968.jpeg;https:\/\/images.novelship.com\/product\/asics_gel-excite_10__blue_expanse_safety_yellow__1_6_83968.jpeg;https:\/\/images.novelship.com\/product\/asics_gel-excite_10__blue_expanse_safety_yellow__1_7_83968.jpeg\"},{\"@type\":\"BreadcrumbList\",\"@id\":\"https:\/\/tourcruiser.com\/de\/products\/asics-gel-excite-10-blue-expanse-safety-yellow\/#breadcrumb\",\"itemListElement\":[{\"@type\":\"ListItem\",\"position\":1,\"name\":\"Home\",\"item\":\"https:\/\/tourcruiser.com\/de\/\"},{\"@type\":\"ListItem\",\"position\":2,\"name\":\"Shop\",\"item\":\"https:\/\/tourcruiser.com\/de\/shop\/\"},{\"@type\":\"ListItem\",\"position\":3,\"name\":\"ASICS Gel-Excite 10 'Blue Expanse Safety Yellow'\"}]},{\"@type\":\"WebSite\",\"@id\":\"https:\/\/tourcruiser.com\/de\/#website\",\"url\":\"https:\/\/tourcruiser.com\/de\/\",\"name\":\"Styloral Jewelry Shop\",\"description\":\"Tourcruiser Sneaker Store \u2014 der Ort, an dem das Universum deine Einzigartigkeit trifft.\",\"publisher\":{\"@id\":\"https:\/\/tourcruiser.com\/de\/#organization\"},\"potentialAction\":[{\"@type\":\"SearchAction\",\"target\":{\"@type\":\"EntryPoint\",\"urlTemplate\":\"https:\/\/tourcruiser.com\/de\/?s={search_term_string}\"},\"query-input\":{\"@type\":\"PropertyValueSpecification\",\"valueRequired\":true,\"valueName\":\"search_term_string\"}}],\"inLanguage\":\"de\"},{\"@type\":\"Organization\",\"@id\":\"https:\/\/tourcruiser.com\/de\/#organization\",\"name\":\"STYLORAL PTE. LTD\",\"url\":\"https:\/\/tourcruiser.com\/de\/\",\"logo\":{\"@type\":\"ImageObject\",\"inLanguage\":\"de\",\"@id\":\"https:\/\/tourcruiser.com\/de\/#\/schema\/logo\/image\/\",\"url\":\"https:\/\/www.tourcruiser.com\/wp-content\/uploads\/2025\/12\/logo.png\",\"contentUrl\":\"https:\/\/www.tourcruiser.com\/wp-content\/uploads\/2025\/12\/logo.png\",\"width\":200,\"height\":65,\"caption\":\"STYLORAL PTE. LTD\"},\"image\":{\"@id\":\"https:\/\/tourcruiser.com\/de\/#\/schema\/logo\/image\/\"}}]}<\/script>\n<!-- \/ Yoast SEO plugin. -->","yoast_head_json":{"title":"ASICS Gel-Excite 10 'Blue Expanse Safety Yellow'  - Tourcruiser PTE. LTD","robots":{"index":"index","follow":"follow","max-snippet":"max-snippet:-1","max-image-preview":"max-image-preview:large","max-video-preview":"max-video-preview:-1"},"canonical":"https:\/\/tourcruiser.com\/de\/products\/asics-gel-excite-10-blue-expanse-safety-yellow\/","og_locale":"de_DE","og_type":"article","og_title":"ASICS Gel-Excite 10 'Blue Expanse Safety Yellow'  - Tourcruiser PTE. LTD","og_description":"ASICS Gel-Excite 10 \u201d\u201d Blue Expanse\/Safety Yellow","og_url":"https:\/\/tourcruiser.com\/de\/products\/asics-gel-excite-10-blue-expanse-safety-yellow\/","og_site_name":"Tourcruiser Sneaker Store","article_modified_time":"2026-03-27T18:09:44+00:00","twitter_card":"summary_large_image","twitter_image":"https:\/\/images.novelship.com\/product\/asics_gel-excite_10__blue_expanse_safety_yellow__1_0_83968.jpeg;https:\/\/images.novelship.com\/product\/asics_gel-excite_10__blue_expanse_safety_yellow__1_1_83968.jpeg;https:\/\/images.novelship.com\/product\/asics_gel-excite_10__blue_expanse_safety_yellow__1_2_83968.jpeg;https:\/\/images.novelship.com\/product\/asics_gel-excite_10__blue_expanse_safety_yellow__1_3_83968.jpeg;https:\/\/images.novelship.com\/product\/asics_gel-excite_10__blue_expanse_safety_yellow__1_4_83968.jpeg;https:\/\/images.novelship.com\/product\/asics_gel-excite_10__blue_expanse_safety_yellow__1_5_83968.jpeg;https:\/\/images.novelship.com\/product\/asics_gel-excite_10__blue_expanse_safety_yellow__1_6_83968.jpeg;https:\/\/images.novelship.com\/product\/asics_gel-excite_10__blue_expanse_safety_yellow__1_7_83968.jpeg","twitter_misc":{"Gesch\u00e4tzte Lesezeit":"1\u00a0Minute"},"schema":{"@context":"https:\/\/schema.org","@graph":[{"@type":"WebPage","@id":"https:\/\/tourcruiser.com\/de\/products\/asics-gel-excite-10-blue-expanse-safety-yellow\/","url":"https:\/\/tourcruiser.com\/de\/products\/asics-gel-excite-10-blue-expanse-safety-yellow\/","name":"ASICS Gel-Excite 10 'Blue Expanse Safety Yellow' - Tourcruiser PTE. LTD","isPartOf":{"@id":"https:\/\/tourcruiser.com\/de\/#website"},"primaryImageOfPage":{"@id":"https:\/\/tourcruiser.com\/de\/products\/asics-gel-excite-10-blue-expanse-safety-yellow\/#primaryimage"},"image":{"@id":"https:\/\/tourcruiser.com\/de\/products\/asics-gel-excite-10-blue-expanse-safety-yellow\/#primaryimage"},"thumbnailUrl":"https:\/\/images.novelship.com\/product\/asics_gel-excite_10__blue_expanse_safety_yellow__1_0_83968.jpeg;https:\/\/images.novelship.com\/product\/asics_gel-excite_10__blue_expanse_safety_yellow__1_1_83968.jpeg;https:\/\/images.novelship.com\/product\/asics_gel-excite_10__blue_expanse_safety_yellow__1_2_83968.jpeg;https:\/\/images.novelship.com\/product\/asics_gel-excite_10__blue_expanse_safety_yellow__1_3_83968.jpeg;https:\/\/images.novelship.com\/product\/asics_gel-excite_10__blue_expanse_safety_yellow__1_4_83968.jpeg;https:\/\/images.novelship.com\/product\/asics_gel-excite_10__blue_expanse_safety_yellow__1_5_83968.jpeg;https:\/\/images.novelship.com\/product\/asics_gel-excite_10__blue_expanse_safety_yellow__1_6_83968.jpeg;https:\/\/images.novelship.com\/product\/asics_gel-excite_10__blue_expanse_safety_yellow__1_7_83968.jpeg","datePublished":"2026-03-02T08:30:14+00:00","dateModified":"2026-03-27T18:09:44+00:00","breadcrumb":{"@id":"https:\/\/tourcruiser.com\/de\/products\/asics-gel-excite-10-blue-expanse-safety-yellow\/#breadcrumb"},"inLanguage":"de","potentialAction":[{"@type":"ReadAction","target":["https:\/\/tourcruiser.com\/de\/products\/asics-gel-excite-10-blue-expanse-safety-yellow\/"]}]},{"@type":"ImageObject","inLanguage":"de","@id":"https:\/\/tourcruiser.com\/de\/products\/asics-gel-excite-10-blue-expanse-safety-yellow\/#primaryimage","url":"https:\/\/images.novelship.com\/product\/asics_gel-excite_10__blue_expanse_safety_yellow__1_0_83968.jpeg;https:\/\/images.novelship.com\/product\/asics_gel-excite_10__blue_expanse_safety_yellow__1_1_83968.jpeg;https:\/\/images.novelship.com\/product\/asics_gel-excite_10__blue_expanse_safety_yellow__1_2_83968.jpeg;https:\/\/images.novelship.com\/product\/asics_gel-excite_10__blue_expanse_safety_yellow__1_3_83968.jpeg;https:\/\/images.novelship.com\/product\/asics_gel-excite_10__blue_expanse_safety_yellow__1_4_83968.jpeg;https:\/\/images.novelship.com\/product\/asics_gel-excite_10__blue_expanse_safety_yellow__1_5_83968.jpeg;https:\/\/images.novelship.com\/product\/asics_gel-excite_10__blue_expanse_safety_yellow__1_6_83968.jpeg;https:\/\/images.novelship.com\/product\/asics_gel-excite_10__blue_expanse_safety_yellow__1_7_83968.jpeg","contentUrl":"https:\/\/images.novelship.com\/product\/asics_gel-excite_10__blue_expanse_safety_yellow__1_0_83968.jpeg;https:\/\/images.novelship.com\/product\/asics_gel-excite_10__blue_expanse_safety_yellow__1_1_83968.jpeg;https:\/\/images.novelship.com\/product\/asics_gel-excite_10__blue_expanse_safety_yellow__1_2_83968.jpeg;https:\/\/images.novelship.com\/product\/asics_gel-excite_10__blue_expanse_safety_yellow__1_3_83968.jpeg;https:\/\/images.novelship.com\/product\/asics_gel-excite_10__blue_expanse_safety_yellow__1_4_83968.jpeg;https:\/\/images.novelship.com\/product\/asics_gel-excite_10__blue_expanse_safety_yellow__1_5_83968.jpeg;https:\/\/images.novelship.com\/product\/asics_gel-excite_10__blue_expanse_safety_yellow__1_6_83968.jpeg;https:\/\/images.novelship.com\/product\/asics_gel-excite_10__blue_expanse_safety_yellow__1_7_83968.jpeg"},{"@type":"BreadcrumbList","@id":"https:\/\/tourcruiser.com\/de\/products\/asics-gel-excite-10-blue-expanse-safety-yellow\/#breadcrumb","itemListElement":[{"@type":"ListItem","position":1,"name":"Home","item":"https:\/\/tourcruiser.com\/de\/"},{"@type":"ListItem","position":2,"name":"Shop","item":"https:\/\/tourcruiser.com\/de\/shop\/"},{"@type":"ListItem","position":3,"name":"ASICS Gel-Excite 10 'Blue Expanse Safety Yellow'"}]},{"@type":"WebSite","@id":"https:\/\/tourcruiser.com\/de\/#website","url":"https:\/\/tourcruiser.com\/de\/","name":"Styloral Jewelry Shop","description":"Tourcruiser Sneaker Store \u2014 der Ort, an dem das Universum deine Einzigartigkeit trifft.","publisher":{"@id":"https:\/\/tourcruiser.com\/de\/#organization"},"potentialAction":[{"@type":"SearchAction","target":{"@type":"EntryPoint","urlTemplate":"https:\/\/tourcruiser.com\/de\/?s={search_term_string}"},"query-input":{"@type":"PropertyValueSpecification","valueRequired":true,"valueName":"search_term_string"}}],"inLanguage":"de"},{"@type":"Organization","@id":"https:\/\/tourcruiser.com\/de\/#organization","name":"STYLORAL PTE. LTD","url":"https:\/\/tourcruiser.com\/de\/","logo":{"@type":"ImageObject","inLanguage":"de","@id":"https:\/\/tourcruiser.com\/de\/#\/schema\/logo\/image\/","url":"https:\/\/www.tourcruiser.com\/wp-content\/uploads\/2025\/12\/logo.png","contentUrl":"https:\/\/www.tourcruiser.com\/wp-content\/uploads\/2025\/12\/logo.png","width":200,"height":65,"caption":"STYLORAL PTE. LTD"},"image":{"@id":"https:\/\/tourcruiser.com\/de\/#\/schema\/logo\/image\/"}}]}},"_links":{"self":[{"href":"https:\/\/tourcruiser.com\/de\/wp-json\/wp\/v2\/product\/110038","targetHints":{"allow":["GET"]}}],"collection":[{"href":"https:\/\/tourcruiser.com\/de\/wp-json\/wp\/v2\/product"}],"about":[{"href":"https:\/\/tourcruiser.com\/de\/wp-json\/wp\/v2\/types\/product"}],"replies":[{"embeddable":true,"href":"https:\/\/tourcruiser.com\/de\/wp-json\/wp\/v2\/comments?post=110038"}],"wp:featuredmedia":[{"embeddable":true,"href":"https:\/\/tourcruiser.com\/de\/wp-json\/wp\/v2\/media\/110039"}],"wp:attachment":[{"href":"https:\/\/tourcruiser.com\/de\/wp-json\/wp\/v2\/media?parent=110038"}],"wp:term":[{"taxonomy":"product_brand","embeddable":true,"href":"https:\/\/tourcruiser.com\/de\/wp-json\/wp\/v2\/product_brand?post=110038"},{"taxonomy":"product_cat","embeddable":true,"href":"https:\/\/tourcruiser.com\/de\/wp-json\/wp\/v2\/product_cat?post=110038"},{"taxonomy":"product_tag","embeddable":true,"href":"https:\/\/tourcruiser.com\/de\/wp-json\/wp\/v2\/product_tag?post=110038"}],"curies":[{"name":"wp","href":"https:\/\/api.w.org\/{rel}","templated":true}]}}