{"id":103202,"date":"2026-03-02T15:28:46","date_gmt":"2026-03-02T08:28:46","guid":{"rendered":"http:\/\/tourcruiser.com\/product\/adidas-dropset-3-core-black"},"modified":"2026-03-28T01:09:04","modified_gmt":"2026-03-27T18:09:04","slug":"adidas-dropset-3-core-black","status":"publish","type":"product","link":"https:\/\/tourcruiser.com\/de\/products\/adidas-dropset-3-core-black\/","title":{"rendered":"adidas Dropset 3 &#8218;Core Black&#8216;"},"content":{"rendered":"<p>Verbessere dein Training mit dem adidas Dropset 3 &#8218;Core Black&#8216; IH8292, einem vielseitigen Trainingsschuh, der f\u00fcr intensive Krafttrainingseinheiten und dynamische Bewegungen entwickelt wurde. Mit seinem eleganten und modernen Core Black-Farbton vereint dieser Schuh Style und Performance f\u00fcr Athleten, die beides erwarten.<\/p>\n<p>Das strapazierf\u00e4hige, mehrlagige Mesh-Obermaterial bietet Atmungsaktivit\u00e4t und Halt und sorgt so f\u00fcr optimalen Tragekomfort, selbst bei h\u00e4rtesten Workouts. Die Dual-Density-Mittelsohle bietet hervorragende D\u00e4mpfung und absorbiert St\u00f6\u00dfe. Die feste Fersenkappe gibt dir Halt bei schweren Gewichten oder Kniebeugen. Die Gummiau\u00dfensohle bietet au\u00dfergew\u00f6hnliche Traktion auf verschiedenen Untergr\u00fcnden und erm\u00f6glicht optimale Stabilit\u00e4t und geschmeidige \u00dcberg\u00e4nge.<\/p>\n<p>Der Dropset 3 wurde f\u00fcr Functional-Fitness-Fans entwickelt und unterst\u00fctzt multidirektionale Bewegungen. Damit ist er ideal f\u00fcr Fitnessstudio, HIIT oder Cross-Training. Die optimierte Passform, die gepolsterte Zunge und das verstellbare Schn\u00fcrsystem sorgen f\u00fcr sicheren Halt und individuelle Anpassung an deine Fu\u00dfform.<\/p>\n<p>Egal ob du im Fitnessstudio pers\u00f6nliche Bestleistungen erzielst oder schnelle Cardio-Einheiten absolvierst \u201d\u201c der adidas Dropset 3 &#8218;Core Black&#8216; IH8292 bietet die ultimative Kombination aus Komfort, Strapazierf\u00e4higkeit und pr\u00e4ziser Konstruktion f\u00fcr High-Performance-Training. Erreiche neue Fitness-H\u00f6hen mit einem Schuh, der genauso hart arbeitet wie du.<\/p>\n<ul>\n<li><strong>Farbgebung:<\/strong> Core Black\/Grey Four\/Grey Four<\/li>\n<li><strong>Style-Code:<\/strong> IH8292<\/li>\n<li><strong>Obermaterial:<\/strong> Mesh<\/li>\n<li><strong>Zwischensohle:<\/strong> Dual-Density<\/li>\n<li><strong>Farbe:<\/strong> Schwarz<\/li>\n<\/ul>\n","protected":false},"excerpt":{"rendered":"<p>adidas Dropset 3 \u201d\u201d Core Black\/Grey Four\/Grey Four<\/p>\n","protected":false},"featured_media":103203,"comment_status":"open","ping_status":"closed","template":"","meta":[],"product_brand":[],"product_cat":[10760],"product_tag":[10759,10802,10873,10758],"class_list":{"0":"post-103202","1":"product","2":"type-product","3":"status-publish","4":"has-post-thumbnail","6":"product_cat-adidas","7":"product_tag-adidas","8":"product_tag-performance-sport-shoes","9":"product_tag-training-shoes","10":"product_tag-under-retail","11":"wcpa_has_options","13":"first","14":"outofstock","15":"taxable","16":"shipping-taxable","17":"purchasable","18":"product-type-simple"},"wcpa_form_fields":{"rules":{"pric_overide_base_price":false,"pric_overide_base_price_if_gt_zero":false,"pric_overide_base_price_fully":false,"pric_cal_option_once":false,"pric_use_as_fee":false,"bind_quantity":false,"quantity_bind_formula":false},"fields":[{"type":"color-group","required":true,"elementId":"wcpa-color-group-66c4a7f817afe","label":"Gr\u00f6\u00dfe","inline":true,"priceOptions":"different_for_all","pricingType":"fixed","className":"hassizechart product-shoes-size-eu product-shoes-size","name":"color-group-66c4a7f817b18","disp_type":"square","selection_type":"tick-border","disp_size":"50","show_label_inside":true,"adjust_width":true,"cart_display_type":"text","other_text":"Other","cl_rule":"show","col":6,"values":[{"label":"35","value":"EU 35","price":"","pimage":"","pimage_id":"","pthumb":"","color":""},{"label":"35.5","value":"EU 35.5","price":"","pimage":"","pimage_id":"","pthumb":"","color":""},{"label":"36","value":"EU 36","price":"","pimage":"","pimage_id":"","pthumb":"","color":"","selected":true},{"label":"36 2\/3","value":"EU 36 2\/3","price":"","pimage":"","pimage_id":"","pthumb":"","color":""},{"label":"37 1\/3","value":"EU 37 1\/3","price":"","pimage":"","pimage_id":"","pthumb":"","color":""},{"label":"38","value":"EU 38","price":"","pimage":"","pimage_id":"","pthumb":"","color":""},{"label":"38 2\/3","value":"EU 38 2\/3","price":"","pimage":"","pimage_id":"","pthumb":"","color":""},{"label":"39 1\/3","value":"EU 39 1\/3","price":"","pimage":"","pimage_id":"","pthumb":"","color":""},{"label":"40","value":"EU 40","price":"","pimage":"","pimage_id":"","pthumb":"","color":""},{"label":"40 2\/3","value":"EU 40 2\/3","price":"","pimage":"","pimage_id":"","pthumb":"","color":""},{"label":"41 1\/3","value":"EU 41 1\/3","price":"","pimage":"","pimage_id":"","pthumb":"","color":""},{"label":"42","value":"EU 42","price":"","pimage":"","pimage_id":"","pthumb":"","color":""},{"label":"42 2\/3","value":"EU 42 2\/3","price":"","pimage":"","pimage_id":"","pthumb":"","color":""},{"label":"43 1\/3","value":"EU 43 1\/3","price":"","pimage":"","pimage_id":"","pthumb":"","color":""},{"label":"44","value":"EU 44","price":"","pimage":"","pimage_id":"","pthumb":"","color":""},{"label":"44 2\/3","value":"EU 44 2\/3","price":"","pimage":"","pimage_id":"","pthumb":"","color":""},{"label":"45 1\/3","value":"EU 45 1\/3","price":"","pimage":"","pimage_id":"","pthumb":"","color":""},{"label":"46","value":"EU 46","price":"","pimage":"","pimage_id":"","pthumb":"","color":""},{"label":"46 2\/3","value":"EU 46 2\/3","price":"","pimage":"","pimage_id":"","pthumb":"","color":""},{"label":"47 1\/3","value":"EU 47 1\/3","price":"","pimage":"","pimage_id":"","pthumb":"","color":""}],"relations":[{"operator":false,"rules":[]}],"form_id":24802,"form_rules":{"pric_cal_option_once":false,"exclude_from_discount":false,"pric_use_as_fee":false,"fee_label":"Fee","render_after_acb":false,"disp_hide_options_price":false}}]},"yoast_head":"<!-- This site is optimized with the Yoast SEO plugin v26.5 - https:\/\/yoast.com\/wordpress\/plugins\/seo\/ -->\n<title>adidas Dropset 3 &#039;Core Black&#039;  - Tourcruiser PTE. LTD<\/title>\n<meta name=\"robots\" content=\"index, follow, max-snippet:-1, max-image-preview:large, max-video-preview:-1\" \/>\n<link rel=\"canonical\" href=\"https:\/\/tourcruiser.com\/de\/products\/adidas-dropset-3-core-black\/\" \/>\n<meta property=\"og:locale\" content=\"de_DE\" \/>\n<meta property=\"og:type\" content=\"article\" \/>\n<meta property=\"og:title\" content=\"adidas Dropset 3 &#039;Core Black&#039;  - Tourcruiser PTE. LTD\" \/>\n<meta property=\"og:description\" content=\"adidas Dropset 3 \u201d\u201d Core Black\/Grey Four\/Grey Four\" \/>\n<meta property=\"og:url\" content=\"https:\/\/tourcruiser.com\/de\/products\/adidas-dropset-3-core-black\/\" \/>\n<meta property=\"og:site_name\" content=\"Tourcruiser Sneaker Store\" \/>\n<meta property=\"article:modified_time\" content=\"2026-03-27T18:09:04+00:00\" \/>\n<meta name=\"twitter:card\" content=\"summary_large_image\" \/>\n<meta name=\"twitter:image\" content=\"https:\/\/images.novelship.com\/product\/adidas_dropset_3__core_black__ih8292_0_34307.jpeg;https:\/\/images.novelship.com\/product\/adidas_dropset_3__core_black__ih8292_1_34308.jpeg;https:\/\/images.novelship.com\/product\/adidas_dropset_3__core_black__ih8292_2_34308.jpeg;https:\/\/images.novelship.com\/product\/adidas_dropset_3__core_black__ih8292_3_34308.jpeg;https:\/\/images.novelship.com\/product\/adidas_dropset_3__core_black__ih8292_4_34308.jpeg;https:\/\/images.novelship.com\/product\/adidas_dropset_3__core_black__ih8292_5_34308.jpeg;https:\/\/images.novelship.com\/product\/adidas_dropset_3__core_black__ih8292_6_34308.jpeg;https:\/\/images.novelship.com\/product\/adidas_dropset_3__core_black__ih8292_7_34308.jpeg;https:\/\/images.novelship.com\/product\/adidas_dropset_3__core_black__ih8292_8_34308.jpeg;https:\/\/images.novelship.com\/product\/adidas_dropset_3__core_black__ih8292_9_34308.jpeg;https:\/\/images.novelship.com\/product\/adidas_dropset_3__core_black__ih8292_10_34308.jpeg;https:\/\/images.novelship.com\/product\/adidas_dropset_3__core_black__ih8292_11_34308.jpeg\" \/>\n<meta name=\"twitter:label1\" content=\"Gesch\u00e4tzte Lesezeit\" \/>\n\t<meta name=\"twitter:data1\" content=\"1\u00a0Minute\" \/>\n<script type=\"application\/ld+json\" class=\"yoast-schema-graph\">{\"@context\":\"https:\/\/schema.org\",\"@graph\":[{\"@type\":\"WebPage\",\"@id\":\"https:\/\/tourcruiser.com\/de\/products\/adidas-dropset-3-core-black\/\",\"url\":\"https:\/\/tourcruiser.com\/de\/products\/adidas-dropset-3-core-black\/\",\"name\":\"adidas Dropset 3 'Core Black' - Tourcruiser PTE. LTD\",\"isPartOf\":{\"@id\":\"https:\/\/tourcruiser.com\/de\/#website\"},\"primaryImageOfPage\":{\"@id\":\"https:\/\/tourcruiser.com\/de\/products\/adidas-dropset-3-core-black\/#primaryimage\"},\"image\":{\"@id\":\"https:\/\/tourcruiser.com\/de\/products\/adidas-dropset-3-core-black\/#primaryimage\"},\"thumbnailUrl\":\"https:\/\/images.novelship.com\/product\/adidas_dropset_3__core_black__ih8292_0_34307.jpeg;https:\/\/images.novelship.com\/product\/adidas_dropset_3__core_black__ih8292_1_34308.jpeg;https:\/\/images.novelship.com\/product\/adidas_dropset_3__core_black__ih8292_2_34308.jpeg;https:\/\/images.novelship.com\/product\/adidas_dropset_3__core_black__ih8292_3_34308.jpeg;https:\/\/images.novelship.com\/product\/adidas_dropset_3__core_black__ih8292_4_34308.jpeg;https:\/\/images.novelship.com\/product\/adidas_dropset_3__core_black__ih8292_5_34308.jpeg;https:\/\/images.novelship.com\/product\/adidas_dropset_3__core_black__ih8292_6_34308.jpeg;https:\/\/images.novelship.com\/product\/adidas_dropset_3__core_black__ih8292_7_34308.jpeg;https:\/\/images.novelship.com\/product\/adidas_dropset_3__core_black__ih8292_8_34308.jpeg;https:\/\/images.novelship.com\/product\/adidas_dropset_3__core_black__ih8292_9_34308.jpeg;https:\/\/images.novelship.com\/product\/adidas_dropset_3__core_black__ih8292_10_34308.jpeg;https:\/\/images.novelship.com\/product\/adidas_dropset_3__core_black__ih8292_11_34308.jpeg\",\"datePublished\":\"2026-03-02T08:28:46+00:00\",\"dateModified\":\"2026-03-27T18:09:04+00:00\",\"breadcrumb\":{\"@id\":\"https:\/\/tourcruiser.com\/de\/products\/adidas-dropset-3-core-black\/#breadcrumb\"},\"inLanguage\":\"de\",\"potentialAction\":[{\"@type\":\"ReadAction\",\"target\":[\"https:\/\/tourcruiser.com\/de\/products\/adidas-dropset-3-core-black\/\"]}]},{\"@type\":\"ImageObject\",\"inLanguage\":\"de\",\"@id\":\"https:\/\/tourcruiser.com\/de\/products\/adidas-dropset-3-core-black\/#primaryimage\",\"url\":\"https:\/\/images.novelship.com\/product\/adidas_dropset_3__core_black__ih8292_0_34307.jpeg;https:\/\/images.novelship.com\/product\/adidas_dropset_3__core_black__ih8292_1_34308.jpeg;https:\/\/images.novelship.com\/product\/adidas_dropset_3__core_black__ih8292_2_34308.jpeg;https:\/\/images.novelship.com\/product\/adidas_dropset_3__core_black__ih8292_3_34308.jpeg;https:\/\/images.novelship.com\/product\/adidas_dropset_3__core_black__ih8292_4_34308.jpeg;https:\/\/images.novelship.com\/product\/adidas_dropset_3__core_black__ih8292_5_34308.jpeg;https:\/\/images.novelship.com\/product\/adidas_dropset_3__core_black__ih8292_6_34308.jpeg;https:\/\/images.novelship.com\/product\/adidas_dropset_3__core_black__ih8292_7_34308.jpeg;https:\/\/images.novelship.com\/product\/adidas_dropset_3__core_black__ih8292_8_34308.jpeg;https:\/\/images.novelship.com\/product\/adidas_dropset_3__core_black__ih8292_9_34308.jpeg;https:\/\/images.novelship.com\/product\/adidas_dropset_3__core_black__ih8292_10_34308.jpeg;https:\/\/images.novelship.com\/product\/adidas_dropset_3__core_black__ih8292_11_34308.jpeg\",\"contentUrl\":\"https:\/\/images.novelship.com\/product\/adidas_dropset_3__core_black__ih8292_0_34307.jpeg;https:\/\/images.novelship.com\/product\/adidas_dropset_3__core_black__ih8292_1_34308.jpeg;https:\/\/images.novelship.com\/product\/adidas_dropset_3__core_black__ih8292_2_34308.jpeg;https:\/\/images.novelship.com\/product\/adidas_dropset_3__core_black__ih8292_3_34308.jpeg;https:\/\/images.novelship.com\/product\/adidas_dropset_3__core_black__ih8292_4_34308.jpeg;https:\/\/images.novelship.com\/product\/adidas_dropset_3__core_black__ih8292_5_34308.jpeg;https:\/\/images.novelship.com\/product\/adidas_dropset_3__core_black__ih8292_6_34308.jpeg;https:\/\/images.novelship.com\/product\/adidas_dropset_3__core_black__ih8292_7_34308.jpeg;https:\/\/images.novelship.com\/product\/adidas_dropset_3__core_black__ih8292_8_34308.jpeg;https:\/\/images.novelship.com\/product\/adidas_dropset_3__core_black__ih8292_9_34308.jpeg;https:\/\/images.novelship.com\/product\/adidas_dropset_3__core_black__ih8292_10_34308.jpeg;https:\/\/images.novelship.com\/product\/adidas_dropset_3__core_black__ih8292_11_34308.jpeg\"},{\"@type\":\"BreadcrumbList\",\"@id\":\"https:\/\/tourcruiser.com\/de\/products\/adidas-dropset-3-core-black\/#breadcrumb\",\"itemListElement\":[{\"@type\":\"ListItem\",\"position\":1,\"name\":\"Home\",\"item\":\"https:\/\/tourcruiser.com\/de\/\"},{\"@type\":\"ListItem\",\"position\":2,\"name\":\"Shop\",\"item\":\"https:\/\/tourcruiser.com\/de\/shop\/\"},{\"@type\":\"ListItem\",\"position\":3,\"name\":\"adidas Dropset 3 'Core Black'\"}]},{\"@type\":\"WebSite\",\"@id\":\"https:\/\/tourcruiser.com\/de\/#website\",\"url\":\"https:\/\/tourcruiser.com\/de\/\",\"name\":\"Styloral Jewelry Shop\",\"description\":\"Tourcruiser Sneaker Store \u2014 der Ort, an dem das Universum deine Einzigartigkeit trifft.\",\"publisher\":{\"@id\":\"https:\/\/tourcruiser.com\/de\/#organization\"},\"potentialAction\":[{\"@type\":\"SearchAction\",\"target\":{\"@type\":\"EntryPoint\",\"urlTemplate\":\"https:\/\/tourcruiser.com\/de\/?s={search_term_string}\"},\"query-input\":{\"@type\":\"PropertyValueSpecification\",\"valueRequired\":true,\"valueName\":\"search_term_string\"}}],\"inLanguage\":\"de\"},{\"@type\":\"Organization\",\"@id\":\"https:\/\/tourcruiser.com\/de\/#organization\",\"name\":\"STYLORAL PTE. LTD\",\"url\":\"https:\/\/tourcruiser.com\/de\/\",\"logo\":{\"@type\":\"ImageObject\",\"inLanguage\":\"de\",\"@id\":\"https:\/\/tourcruiser.com\/de\/#\/schema\/logo\/image\/\",\"url\":\"https:\/\/www.tourcruiser.com\/wp-content\/uploads\/2025\/12\/logo.png\",\"contentUrl\":\"https:\/\/www.tourcruiser.com\/wp-content\/uploads\/2025\/12\/logo.png\",\"width\":200,\"height\":65,\"caption\":\"STYLORAL PTE. LTD\"},\"image\":{\"@id\":\"https:\/\/tourcruiser.com\/de\/#\/schema\/logo\/image\/\"}}]}<\/script>\n<!-- \/ Yoast SEO plugin. -->","yoast_head_json":{"title":"adidas Dropset 3 'Core Black'  - Tourcruiser PTE. LTD","robots":{"index":"index","follow":"follow","max-snippet":"max-snippet:-1","max-image-preview":"max-image-preview:large","max-video-preview":"max-video-preview:-1"},"canonical":"https:\/\/tourcruiser.com\/de\/products\/adidas-dropset-3-core-black\/","og_locale":"de_DE","og_type":"article","og_title":"adidas Dropset 3 'Core Black'  - Tourcruiser PTE. LTD","og_description":"adidas Dropset 3 \u201d\u201d Core Black\/Grey Four\/Grey Four","og_url":"https:\/\/tourcruiser.com\/de\/products\/adidas-dropset-3-core-black\/","og_site_name":"Tourcruiser Sneaker Store","article_modified_time":"2026-03-27T18:09:04+00:00","twitter_card":"summary_large_image","twitter_image":"https:\/\/images.novelship.com\/product\/adidas_dropset_3__core_black__ih8292_0_34307.jpeg;https:\/\/images.novelship.com\/product\/adidas_dropset_3__core_black__ih8292_1_34308.jpeg;https:\/\/images.novelship.com\/product\/adidas_dropset_3__core_black__ih8292_2_34308.jpeg;https:\/\/images.novelship.com\/product\/adidas_dropset_3__core_black__ih8292_3_34308.jpeg;https:\/\/images.novelship.com\/product\/adidas_dropset_3__core_black__ih8292_4_34308.jpeg;https:\/\/images.novelship.com\/product\/adidas_dropset_3__core_black__ih8292_5_34308.jpeg;https:\/\/images.novelship.com\/product\/adidas_dropset_3__core_black__ih8292_6_34308.jpeg;https:\/\/images.novelship.com\/product\/adidas_dropset_3__core_black__ih8292_7_34308.jpeg;https:\/\/images.novelship.com\/product\/adidas_dropset_3__core_black__ih8292_8_34308.jpeg;https:\/\/images.novelship.com\/product\/adidas_dropset_3__core_black__ih8292_9_34308.jpeg;https:\/\/images.novelship.com\/product\/adidas_dropset_3__core_black__ih8292_10_34308.jpeg;https:\/\/images.novelship.com\/product\/adidas_dropset_3__core_black__ih8292_11_34308.jpeg","twitter_misc":{"Gesch\u00e4tzte Lesezeit":"1\u00a0Minute"},"schema":{"@context":"https:\/\/schema.org","@graph":[{"@type":"WebPage","@id":"https:\/\/tourcruiser.com\/de\/products\/adidas-dropset-3-core-black\/","url":"https:\/\/tourcruiser.com\/de\/products\/adidas-dropset-3-core-black\/","name":"adidas Dropset 3 'Core Black' - Tourcruiser PTE. LTD","isPartOf":{"@id":"https:\/\/tourcruiser.com\/de\/#website"},"primaryImageOfPage":{"@id":"https:\/\/tourcruiser.com\/de\/products\/adidas-dropset-3-core-black\/#primaryimage"},"image":{"@id":"https:\/\/tourcruiser.com\/de\/products\/adidas-dropset-3-core-black\/#primaryimage"},"thumbnailUrl":"https:\/\/images.novelship.com\/product\/adidas_dropset_3__core_black__ih8292_0_34307.jpeg;https:\/\/images.novelship.com\/product\/adidas_dropset_3__core_black__ih8292_1_34308.jpeg;https:\/\/images.novelship.com\/product\/adidas_dropset_3__core_black__ih8292_2_34308.jpeg;https:\/\/images.novelship.com\/product\/adidas_dropset_3__core_black__ih8292_3_34308.jpeg;https:\/\/images.novelship.com\/product\/adidas_dropset_3__core_black__ih8292_4_34308.jpeg;https:\/\/images.novelship.com\/product\/adidas_dropset_3__core_black__ih8292_5_34308.jpeg;https:\/\/images.novelship.com\/product\/adidas_dropset_3__core_black__ih8292_6_34308.jpeg;https:\/\/images.novelship.com\/product\/adidas_dropset_3__core_black__ih8292_7_34308.jpeg;https:\/\/images.novelship.com\/product\/adidas_dropset_3__core_black__ih8292_8_34308.jpeg;https:\/\/images.novelship.com\/product\/adidas_dropset_3__core_black__ih8292_9_34308.jpeg;https:\/\/images.novelship.com\/product\/adidas_dropset_3__core_black__ih8292_10_34308.jpeg;https:\/\/images.novelship.com\/product\/adidas_dropset_3__core_black__ih8292_11_34308.jpeg","datePublished":"2026-03-02T08:28:46+00:00","dateModified":"2026-03-27T18:09:04+00:00","breadcrumb":{"@id":"https:\/\/tourcruiser.com\/de\/products\/adidas-dropset-3-core-black\/#breadcrumb"},"inLanguage":"de","potentialAction":[{"@type":"ReadAction","target":["https:\/\/tourcruiser.com\/de\/products\/adidas-dropset-3-core-black\/"]}]},{"@type":"ImageObject","inLanguage":"de","@id":"https:\/\/tourcruiser.com\/de\/products\/adidas-dropset-3-core-black\/#primaryimage","url":"https:\/\/images.novelship.com\/product\/adidas_dropset_3__core_black__ih8292_0_34307.jpeg;https:\/\/images.novelship.com\/product\/adidas_dropset_3__core_black__ih8292_1_34308.jpeg;https:\/\/images.novelship.com\/product\/adidas_dropset_3__core_black__ih8292_2_34308.jpeg;https:\/\/images.novelship.com\/product\/adidas_dropset_3__core_black__ih8292_3_34308.jpeg;https:\/\/images.novelship.com\/product\/adidas_dropset_3__core_black__ih8292_4_34308.jpeg;https:\/\/images.novelship.com\/product\/adidas_dropset_3__core_black__ih8292_5_34308.jpeg;https:\/\/images.novelship.com\/product\/adidas_dropset_3__core_black__ih8292_6_34308.jpeg;https:\/\/images.novelship.com\/product\/adidas_dropset_3__core_black__ih8292_7_34308.jpeg;https:\/\/images.novelship.com\/product\/adidas_dropset_3__core_black__ih8292_8_34308.jpeg;https:\/\/images.novelship.com\/product\/adidas_dropset_3__core_black__ih8292_9_34308.jpeg;https:\/\/images.novelship.com\/product\/adidas_dropset_3__core_black__ih8292_10_34308.jpeg;https:\/\/images.novelship.com\/product\/adidas_dropset_3__core_black__ih8292_11_34308.jpeg","contentUrl":"https:\/\/images.novelship.com\/product\/adidas_dropset_3__core_black__ih8292_0_34307.jpeg;https:\/\/images.novelship.com\/product\/adidas_dropset_3__core_black__ih8292_1_34308.jpeg;https:\/\/images.novelship.com\/product\/adidas_dropset_3__core_black__ih8292_2_34308.jpeg;https:\/\/images.novelship.com\/product\/adidas_dropset_3__core_black__ih8292_3_34308.jpeg;https:\/\/images.novelship.com\/product\/adidas_dropset_3__core_black__ih8292_4_34308.jpeg;https:\/\/images.novelship.com\/product\/adidas_dropset_3__core_black__ih8292_5_34308.jpeg;https:\/\/images.novelship.com\/product\/adidas_dropset_3__core_black__ih8292_6_34308.jpeg;https:\/\/images.novelship.com\/product\/adidas_dropset_3__core_black__ih8292_7_34308.jpeg;https:\/\/images.novelship.com\/product\/adidas_dropset_3__core_black__ih8292_8_34308.jpeg;https:\/\/images.novelship.com\/product\/adidas_dropset_3__core_black__ih8292_9_34308.jpeg;https:\/\/images.novelship.com\/product\/adidas_dropset_3__core_black__ih8292_10_34308.jpeg;https:\/\/images.novelship.com\/product\/adidas_dropset_3__core_black__ih8292_11_34308.jpeg"},{"@type":"BreadcrumbList","@id":"https:\/\/tourcruiser.com\/de\/products\/adidas-dropset-3-core-black\/#breadcrumb","itemListElement":[{"@type":"ListItem","position":1,"name":"Home","item":"https:\/\/tourcruiser.com\/de\/"},{"@type":"ListItem","position":2,"name":"Shop","item":"https:\/\/tourcruiser.com\/de\/shop\/"},{"@type":"ListItem","position":3,"name":"adidas Dropset 3 'Core Black'"}]},{"@type":"WebSite","@id":"https:\/\/tourcruiser.com\/de\/#website","url":"https:\/\/tourcruiser.com\/de\/","name":"Styloral Jewelry Shop","description":"Tourcruiser Sneaker Store \u2014 der Ort, an dem das Universum deine Einzigartigkeit trifft.","publisher":{"@id":"https:\/\/tourcruiser.com\/de\/#organization"},"potentialAction":[{"@type":"SearchAction","target":{"@type":"EntryPoint","urlTemplate":"https:\/\/tourcruiser.com\/de\/?s={search_term_string}"},"query-input":{"@type":"PropertyValueSpecification","valueRequired":true,"valueName":"search_term_string"}}],"inLanguage":"de"},{"@type":"Organization","@id":"https:\/\/tourcruiser.com\/de\/#organization","name":"STYLORAL PTE. LTD","url":"https:\/\/tourcruiser.com\/de\/","logo":{"@type":"ImageObject","inLanguage":"de","@id":"https:\/\/tourcruiser.com\/de\/#\/schema\/logo\/image\/","url":"https:\/\/www.tourcruiser.com\/wp-content\/uploads\/2025\/12\/logo.png","contentUrl":"https:\/\/www.tourcruiser.com\/wp-content\/uploads\/2025\/12\/logo.png","width":200,"height":65,"caption":"STYLORAL PTE. LTD"},"image":{"@id":"https:\/\/tourcruiser.com\/de\/#\/schema\/logo\/image\/"}}]}},"_links":{"self":[{"href":"https:\/\/tourcruiser.com\/de\/wp-json\/wp\/v2\/product\/103202","targetHints":{"allow":["GET"]}}],"collection":[{"href":"https:\/\/tourcruiser.com\/de\/wp-json\/wp\/v2\/product"}],"about":[{"href":"https:\/\/tourcruiser.com\/de\/wp-json\/wp\/v2\/types\/product"}],"replies":[{"embeddable":true,"href":"https:\/\/tourcruiser.com\/de\/wp-json\/wp\/v2\/comments?post=103202"}],"wp:featuredmedia":[{"embeddable":true,"href":"https:\/\/tourcruiser.com\/de\/wp-json\/wp\/v2\/media\/103203"}],"wp:attachment":[{"href":"https:\/\/tourcruiser.com\/de\/wp-json\/wp\/v2\/media?parent=103202"}],"wp:term":[{"taxonomy":"product_brand","embeddable":true,"href":"https:\/\/tourcruiser.com\/de\/wp-json\/wp\/v2\/product_brand?post=103202"},{"taxonomy":"product_cat","embeddable":true,"href":"https:\/\/tourcruiser.com\/de\/wp-json\/wp\/v2\/product_cat?post=103202"},{"taxonomy":"product_tag","embeddable":true,"href":"https:\/\/tourcruiser.com\/de\/wp-json\/wp\/v2\/product_tag?post=103202"}],"curies":[{"name":"wp","href":"https:\/\/api.w.org\/{rel}","templated":true}]}}