{"id":10291,"date":"2026-02-20T14:42:42","date_gmt":"2026-02-20T07:42:42","guid":{"rendered":"http:\/\/tourcruiser.com\/product\/wmns-jordan-legacy-312-low-sail-football-grey-fq7827-101"},"modified":"2026-03-02T15:26:43","modified_gmt":"2026-03-02T08:26:43","slug":"wmns-jordan-legacy-312-low-sail-football-grey-fq7827-101","status":"publish","type":"product","link":"https:\/\/tourcruiser.com\/de\/products\/wmns-jordan-legacy-312-low-sail-football-grey-fq7827-101\/","title":{"rendered":"Wmns Jordan Legacy 312 Low &#8218;Sail Football Grey&#8216;"},"content":{"rendered":"<p>Erleben Sie die perfekte Verschmelzung von klassischem Design und modernem Stil mit dem Air Jordan Legacy 312 Low &#8218;Sail Cement Gray&#8216; (FQ7827-101) f\u00fcr Damen \u2013 ein Sneaker, der l\u00e4ssige Eleganz neu definiert.<\/p>\n<p>Das ikonische Design mit seinem edlen Obermaterial aus \u201eSail\u201c-Leder und den Akzenten in Zementgrau ist von der traditionsreichen Geschichte der Jordan Brand inspiriert und vereint sie mit moderner \u00c4sthetik. Der Mittelfu\u00dfriemen sorgt f\u00fcr sicheren, individuellen Halt, w\u00e4hrend der gepolsterte Schaftrand f\u00fcr langanhaltenden Tragekomfort sorgt. Atmungsaktives Material und eine strapazierf\u00e4hige Gummisohle machen diesen Schuh zu einer Kombination aus Funktionalit\u00e4t und erstklassiger Verarbeitung.<\/p>\n<p>Die sorgf\u00e4ltig gestaltete Silhouette erinnert an Highlights des Air Jordan 1, Air Jordan 3 und Nike Air Alpha Force und ist ein Statement-Piece f\u00fcr modebewusste Frauen, die sportliche Eleganz lieben. Ob im Alltag oder als Erg\u00e4nzung Ihrer Streetwear-Kollektion \u2013 dieser Sneaker ist vielseitig und passt zu jedem Anlass.<\/p>\n<p>Kombiniere diese stylischen Sneaker m\u00fchelos mit deinen Lieblingsoutfits f\u00fcr einen frischen und modernen Look, der Selbstbewusstsein und Stil ausstrahlt. Egal, ob du auf der Stra\u00dfe unterwegs bist oder deinen Athleisure-Look aufpeppst, der Air Jordan Legacy 312 Low \u201eSail Cement Gray\u201c vereint Form, Funktion und Tradition perfekt und bietet dir ein herausragendes Sneaker-Erlebnis.<\/p>\n<ul>\n<li><strong>Farbgebung:<\/strong> Sail\/Cement Grey\/Schwarz\/Football Grey<\/li>\n<li><strong>Style-Code:<\/strong> FQ7827-101<\/li>\n<li><strong>Obermaterial:<\/strong> Leder<\/li>\n<li><strong>Mittelsohle:<\/strong> Air<\/li>\n<li><strong>Farbe:<\/strong> Wei\u00df<\/li>\n<li><strong>Designer:<\/strong> Don C<\/li>\n<\/ul>\n","protected":false},"excerpt":{"rendered":"<p>Jordan Jordan Legacy 312 Low \u2014 Sail\/Cement Grey\/Black\/Football Grey<\/p>\n","protected":false},"featured_media":10292,"comment_status":"open","ping_status":"closed","template":"","meta":[],"product_brand":[],"product_cat":[218],"product_tag":[],"class_list":{"0":"post-10291","1":"product","2":"type-product","3":"status-publish","4":"has-post-thumbnail","6":"product_cat-air-jordan-2026","7":"wcpa_has_options","9":"first","10":"instock","11":"taxable","12":"shipping-taxable","13":"purchasable","14":"product-type-simple"},"wcpa_form_fields":{"rules":{"pric_overide_base_price":false,"pric_overide_base_price_if_gt_zero":false,"pric_overide_base_price_fully":false,"pric_cal_option_once":false,"pric_use_as_fee":false,"bind_quantity":false,"quantity_bind_formula":false},"fields":[{"type":"color-group","required":true,"elementId":"wcpa-color-group-66c4a75505e74","label":"Gr\u00f6\u00dfe - EU Gr\u00f6\u00dfe","inline":true,"priceOptions":"different_for_all","pricingType":"fixed","className":"hassizechart product-shoes-size-eu product-shoes-size","name":"color-group-66c4a75505e89","disp_type":"square","selection_type":"tick-border","disp_size":"44","show_label_inside":true,"adjust_width":true,"cart_display_type":"text","other_text":"Other","cl_rule":"show","col":6,"values":[{"label":"35.5","value":"EU 35.5","price":"","pimage":"","pimage_id":"","pthumb":"","color":""},{"label":"36","value":"EU 36","price":"","pimage":"","pimage_id":"","pthumb":"","color":"","selected":true},{"label":"36.5","value":"EU 36.5","price":"","pimage":"","pimage_id":"","pthumb":"","color":""},{"label":"37.5","value":"EU 37.5","price":"","pimage":"","pimage_id":"","pthumb":"","color":""},{"label":"38","value":"EU 38","price":"","pimage":"","pimage_id":"","pthumb":"","color":""},{"label":"38.5","value":"EU 38.5","price":"","pimage":"","pimage_id":"","pthumb":"","color":""},{"label":"39","value":"EU 39","price":"","pimage":"","pimage_id":"","pthumb":"","color":""},{"label":"40","value":"EU 40","price":"","pimage":"","pimage_id":"","pthumb":"","color":""},{"label":"40.5","value":"EU 40.5","price":"","pimage":"","pimage_id":"","pthumb":"","color":""},{"label":"41","value":"EU 41","price":"","pimage":"","pimage_id":"","pthumb":"","color":""},{"label":"42","value":"EU 42","price":"","pimage":"","pimage_id":"","pthumb":"","color":""},{"label":"42.5","value":"EU 42.5","price":"","pimage":"","pimage_id":"","pthumb":"","color":""},{"label":"43","value":"EU 43","price":"","pimage":"","pimage_id":"","pthumb":"","color":""},{"label":"44","value":"EU 44","price":"","pimage":"","pimage_id":"","pthumb":"","color":""},{"label":"44.5","value":"EU 44.5","price":"","pimage":"","pimage_id":"","pthumb":"","color":""},{"label":"45","value":"EU 45","price":"","pimage":"","pimage_id":"","pthumb":"","color":""},{"label":"45.5","value":"EU 45.5","price":"","pimage":"","pimage_id":"","pthumb":"","color":""},{"label":"46","value":"EU 46","price":"","pimage":"","pimage_id":"","pthumb":"","color":""},{"label":"47","value":"EU 47","price":"","pimage":"","pimage_id":"","pthumb":"","color":""},{"label":"47.5","value":"EU 47.5","price":"","pimage":"","pimage_id":"","pthumb":"","color":""},{"label":"48","value":"EU 48","price":"","pimage":"","pimage_id":"","pthumb":"","color":""}],"relations":[{"operator":false,"rules":[]}],"form_id":18106,"form_rules":{"pric_cal_option_once":false,"exclude_from_discount":false,"pric_use_as_fee":false,"fee_label":"Fee","render_after_acb":false,"disp_hide_options_price":false}}]},"yoast_head":"<!-- This site is optimized with the Yoast SEO plugin v26.5 - https:\/\/yoast.com\/wordpress\/plugins\/seo\/ -->\n<title>Wmns Jordan Legacy 312 Low &#039;Sail Football Grey&#039; - Tourcruiser PTE. LTD<\/title>\n<meta name=\"robots\" content=\"index, follow, max-snippet:-1, max-image-preview:large, max-video-preview:-1\" \/>\n<link rel=\"canonical\" href=\"https:\/\/tourcruiser.com\/de\/products\/wmns-jordan-legacy-312-low-sail-football-grey-fq7827-101\/\" \/>\n<meta property=\"og:locale\" content=\"de_DE\" \/>\n<meta property=\"og:type\" content=\"article\" \/>\n<meta property=\"og:title\" content=\"Wmns Jordan Legacy 312 Low &#039;Sail Football Grey&#039; - Tourcruiser PTE. LTD\" \/>\n<meta property=\"og:description\" content=\"Jordan Jordan Legacy 312 Low \u2014 Sail\/Cement Grey\/Black\/Football Grey\" \/>\n<meta property=\"og:url\" content=\"https:\/\/tourcruiser.com\/de\/products\/wmns-jordan-legacy-312-low-sail-football-grey-fq7827-101\/\" \/>\n<meta property=\"og:site_name\" content=\"Tourcruiser Sneaker Store\" \/>\n<meta property=\"article:modified_time\" content=\"2026-03-02T08:26:43+00:00\" \/>\n<meta name=\"twitter:card\" content=\"summary_large_image\" \/>\n<meta name=\"twitter:image\" content=\"https:\/\/images.novelship.com\/product\/_women__air_jordan_legacy_312_low__sail_cement_gra_0_31120.jpeg\" \/>\n<meta name=\"twitter:label1\" content=\"Gesch\u00e4tzte Lesezeit\" \/>\n\t<meta name=\"twitter:data1\" content=\"1\u00a0Minute\" \/>\n<script type=\"application\/ld+json\" class=\"yoast-schema-graph\">{\"@context\":\"https:\/\/schema.org\",\"@graph\":[{\"@type\":\"WebPage\",\"@id\":\"https:\/\/tourcruiser.com\/de\/products\/wmns-jordan-legacy-312-low-sail-football-grey-fq7827-101\/\",\"url\":\"https:\/\/tourcruiser.com\/de\/products\/wmns-jordan-legacy-312-low-sail-football-grey-fq7827-101\/\",\"name\":\"Wmns Jordan Legacy 312 Low 'Sail Football Grey' - Tourcruiser PTE. LTD\",\"isPartOf\":{\"@id\":\"https:\/\/tourcruiser.com\/de\/#website\"},\"primaryImageOfPage\":{\"@id\":\"https:\/\/tourcruiser.com\/de\/products\/wmns-jordan-legacy-312-low-sail-football-grey-fq7827-101\/#primaryimage\"},\"image\":{\"@id\":\"https:\/\/tourcruiser.com\/de\/products\/wmns-jordan-legacy-312-low-sail-football-grey-fq7827-101\/#primaryimage\"},\"thumbnailUrl\":\"https:\/\/images.novelship.com\/product\/_women__air_jordan_legacy_312_low__sail_cement_gra_0_31120.jpeg\",\"datePublished\":\"2026-02-20T07:42:42+00:00\",\"dateModified\":\"2026-03-02T08:26:43+00:00\",\"breadcrumb\":{\"@id\":\"https:\/\/tourcruiser.com\/de\/products\/wmns-jordan-legacy-312-low-sail-football-grey-fq7827-101\/#breadcrumb\"},\"inLanguage\":\"de\",\"potentialAction\":[{\"@type\":\"ReadAction\",\"target\":[\"https:\/\/tourcruiser.com\/de\/products\/wmns-jordan-legacy-312-low-sail-football-grey-fq7827-101\/\"]}]},{\"@type\":\"ImageObject\",\"inLanguage\":\"de\",\"@id\":\"https:\/\/tourcruiser.com\/de\/products\/wmns-jordan-legacy-312-low-sail-football-grey-fq7827-101\/#primaryimage\",\"url\":\"https:\/\/images.novelship.com\/product\/_women__air_jordan_legacy_312_low__sail_cement_gra_0_31120.jpeg\",\"contentUrl\":\"https:\/\/images.novelship.com\/product\/_women__air_jordan_legacy_312_low__sail_cement_gra_0_31120.jpeg\"},{\"@type\":\"BreadcrumbList\",\"@id\":\"https:\/\/tourcruiser.com\/de\/products\/wmns-jordan-legacy-312-low-sail-football-grey-fq7827-101\/#breadcrumb\",\"itemListElement\":[{\"@type\":\"ListItem\",\"position\":1,\"name\":\"Home\",\"item\":\"https:\/\/tourcruiser.com\/de\/\"},{\"@type\":\"ListItem\",\"position\":2,\"name\":\"Shop\",\"item\":\"https:\/\/tourcruiser.com\/de\/shop\/\"},{\"@type\":\"ListItem\",\"position\":3,\"name\":\"Wmns Jordan Legacy 312 Low 'Sail Football Grey'\"}]},{\"@type\":\"WebSite\",\"@id\":\"https:\/\/tourcruiser.com\/de\/#website\",\"url\":\"https:\/\/tourcruiser.com\/de\/\",\"name\":\"Styloral Jewelry Shop\",\"description\":\"Tourcruiser Sneaker Store \u2014 der Ort, an dem das Universum deine Einzigartigkeit trifft.\",\"publisher\":{\"@id\":\"https:\/\/tourcruiser.com\/de\/#organization\"},\"potentialAction\":[{\"@type\":\"SearchAction\",\"target\":{\"@type\":\"EntryPoint\",\"urlTemplate\":\"https:\/\/tourcruiser.com\/de\/?s={search_term_string}\"},\"query-input\":{\"@type\":\"PropertyValueSpecification\",\"valueRequired\":true,\"valueName\":\"search_term_string\"}}],\"inLanguage\":\"de\"},{\"@type\":\"Organization\",\"@id\":\"https:\/\/tourcruiser.com\/de\/#organization\",\"name\":\"STYLORAL PTE. LTD\",\"url\":\"https:\/\/tourcruiser.com\/de\/\",\"logo\":{\"@type\":\"ImageObject\",\"inLanguage\":\"de\",\"@id\":\"https:\/\/tourcruiser.com\/de\/#\/schema\/logo\/image\/\",\"url\":\"https:\/\/www.tourcruiser.com\/wp-content\/uploads\/2025\/12\/logo.png\",\"contentUrl\":\"https:\/\/www.tourcruiser.com\/wp-content\/uploads\/2025\/12\/logo.png\",\"width\":200,\"height\":65,\"caption\":\"STYLORAL PTE. LTD\"},\"image\":{\"@id\":\"https:\/\/tourcruiser.com\/de\/#\/schema\/logo\/image\/\"}}]}<\/script>\n<!-- \/ Yoast SEO plugin. -->","yoast_head_json":{"title":"Wmns Jordan Legacy 312 Low 'Sail Football Grey' - Tourcruiser PTE. LTD","robots":{"index":"index","follow":"follow","max-snippet":"max-snippet:-1","max-image-preview":"max-image-preview:large","max-video-preview":"max-video-preview:-1"},"canonical":"https:\/\/tourcruiser.com\/de\/products\/wmns-jordan-legacy-312-low-sail-football-grey-fq7827-101\/","og_locale":"de_DE","og_type":"article","og_title":"Wmns Jordan Legacy 312 Low 'Sail Football Grey' - Tourcruiser PTE. LTD","og_description":"Jordan Jordan Legacy 312 Low \u2014 Sail\/Cement Grey\/Black\/Football Grey","og_url":"https:\/\/tourcruiser.com\/de\/products\/wmns-jordan-legacy-312-low-sail-football-grey-fq7827-101\/","og_site_name":"Tourcruiser Sneaker Store","article_modified_time":"2026-03-02T08:26:43+00:00","twitter_card":"summary_large_image","twitter_image":"https:\/\/images.novelship.com\/product\/_women__air_jordan_legacy_312_low__sail_cement_gra_0_31120.jpeg","twitter_misc":{"Gesch\u00e4tzte Lesezeit":"1\u00a0Minute"},"schema":{"@context":"https:\/\/schema.org","@graph":[{"@type":"WebPage","@id":"https:\/\/tourcruiser.com\/de\/products\/wmns-jordan-legacy-312-low-sail-football-grey-fq7827-101\/","url":"https:\/\/tourcruiser.com\/de\/products\/wmns-jordan-legacy-312-low-sail-football-grey-fq7827-101\/","name":"Wmns Jordan Legacy 312 Low 'Sail Football Grey' - Tourcruiser PTE. LTD","isPartOf":{"@id":"https:\/\/tourcruiser.com\/de\/#website"},"primaryImageOfPage":{"@id":"https:\/\/tourcruiser.com\/de\/products\/wmns-jordan-legacy-312-low-sail-football-grey-fq7827-101\/#primaryimage"},"image":{"@id":"https:\/\/tourcruiser.com\/de\/products\/wmns-jordan-legacy-312-low-sail-football-grey-fq7827-101\/#primaryimage"},"thumbnailUrl":"https:\/\/images.novelship.com\/product\/_women__air_jordan_legacy_312_low__sail_cement_gra_0_31120.jpeg","datePublished":"2026-02-20T07:42:42+00:00","dateModified":"2026-03-02T08:26:43+00:00","breadcrumb":{"@id":"https:\/\/tourcruiser.com\/de\/products\/wmns-jordan-legacy-312-low-sail-football-grey-fq7827-101\/#breadcrumb"},"inLanguage":"de","potentialAction":[{"@type":"ReadAction","target":["https:\/\/tourcruiser.com\/de\/products\/wmns-jordan-legacy-312-low-sail-football-grey-fq7827-101\/"]}]},{"@type":"ImageObject","inLanguage":"de","@id":"https:\/\/tourcruiser.com\/de\/products\/wmns-jordan-legacy-312-low-sail-football-grey-fq7827-101\/#primaryimage","url":"https:\/\/images.novelship.com\/product\/_women__air_jordan_legacy_312_low__sail_cement_gra_0_31120.jpeg","contentUrl":"https:\/\/images.novelship.com\/product\/_women__air_jordan_legacy_312_low__sail_cement_gra_0_31120.jpeg"},{"@type":"BreadcrumbList","@id":"https:\/\/tourcruiser.com\/de\/products\/wmns-jordan-legacy-312-low-sail-football-grey-fq7827-101\/#breadcrumb","itemListElement":[{"@type":"ListItem","position":1,"name":"Home","item":"https:\/\/tourcruiser.com\/de\/"},{"@type":"ListItem","position":2,"name":"Shop","item":"https:\/\/tourcruiser.com\/de\/shop\/"},{"@type":"ListItem","position":3,"name":"Wmns Jordan Legacy 312 Low 'Sail Football Grey'"}]},{"@type":"WebSite","@id":"https:\/\/tourcruiser.com\/de\/#website","url":"https:\/\/tourcruiser.com\/de\/","name":"Styloral Jewelry Shop","description":"Tourcruiser Sneaker Store \u2014 der Ort, an dem das Universum deine Einzigartigkeit trifft.","publisher":{"@id":"https:\/\/tourcruiser.com\/de\/#organization"},"potentialAction":[{"@type":"SearchAction","target":{"@type":"EntryPoint","urlTemplate":"https:\/\/tourcruiser.com\/de\/?s={search_term_string}"},"query-input":{"@type":"PropertyValueSpecification","valueRequired":true,"valueName":"search_term_string"}}],"inLanguage":"de"},{"@type":"Organization","@id":"https:\/\/tourcruiser.com\/de\/#organization","name":"STYLORAL PTE. LTD","url":"https:\/\/tourcruiser.com\/de\/","logo":{"@type":"ImageObject","inLanguage":"de","@id":"https:\/\/tourcruiser.com\/de\/#\/schema\/logo\/image\/","url":"https:\/\/www.tourcruiser.com\/wp-content\/uploads\/2025\/12\/logo.png","contentUrl":"https:\/\/www.tourcruiser.com\/wp-content\/uploads\/2025\/12\/logo.png","width":200,"height":65,"caption":"STYLORAL PTE. LTD"},"image":{"@id":"https:\/\/tourcruiser.com\/de\/#\/schema\/logo\/image\/"}}]}},"_links":{"self":[{"href":"https:\/\/tourcruiser.com\/de\/wp-json\/wp\/v2\/product\/10291","targetHints":{"allow":["GET"]}}],"collection":[{"href":"https:\/\/tourcruiser.com\/de\/wp-json\/wp\/v2\/product"}],"about":[{"href":"https:\/\/tourcruiser.com\/de\/wp-json\/wp\/v2\/types\/product"}],"replies":[{"embeddable":true,"href":"https:\/\/tourcruiser.com\/de\/wp-json\/wp\/v2\/comments?post=10291"}],"wp:featuredmedia":[{"embeddable":true,"href":"https:\/\/tourcruiser.com\/de\/wp-json\/wp\/v2\/media\/10292"}],"wp:attachment":[{"href":"https:\/\/tourcruiser.com\/de\/wp-json\/wp\/v2\/media?parent=10291"}],"wp:term":[{"taxonomy":"product_brand","embeddable":true,"href":"https:\/\/tourcruiser.com\/de\/wp-json\/wp\/v2\/product_brand?post=10291"},{"taxonomy":"product_cat","embeddable":true,"href":"https:\/\/tourcruiser.com\/de\/wp-json\/wp\/v2\/product_cat?post=10291"},{"taxonomy":"product_tag","embeddable":true,"href":"https:\/\/tourcruiser.com\/de\/wp-json\/wp\/v2\/product_tag?post=10291"}],"curies":[{"name":"wp","href":"https:\/\/api.w.org\/{rel}","templated":true}]}}