{"id":4019,"date":"2025-11-16T10:54:53","date_gmt":"2025-11-16T10:54:53","guid":{"rendered":"https:\/\/tourcruiser.com\/?page_id=4019"},"modified":"2026-02-21T06:46:17","modified_gmt":"2026-02-21T06:46:17","slug":"canceling-or-changing-order","status":"publish","type":"page","link":"https:\/\/tourcruiser.com\/de\/canceling-or-changing-order\/","title":{"rendered":"Canceling or Changing order"},"content":{"rendered":"\t\t<div data-elementor-type=\"wp-page\" data-elementor-id=\"4019\" class=\"elementor elementor-4019\">\n\t\t\t\t\t\t<section class=\"elementor-section elementor-top-section elementor-element elementor-element-b08a46d elementor-section-boxed elementor-section-height-default elementor-section-height-default\" data-id=\"b08a46d\" data-element_type=\"section\">\n\t\t\t\t\t\t<div class=\"elementor-container elementor-column-gap-default\">\n\t\t\t\t\t<div class=\"elementor-column elementor-col-100 elementor-top-column elementor-element elementor-element-ad116de\" data-id=\"ad116de\" data-element_type=\"column\">\n\t\t\t<div class=\"elementor-widget-wrap elementor-element-populated\">\n\t\t\t\t\t\t<div class=\"elementor-element elementor-element-1184398 elementor-widget elementor-widget-text-editor\" data-id=\"1184398\" data-element_type=\"widget\" data-widget_type=\"text-editor.default\">\n\t\t\t\t\t\t\t\t\t<h2 data-start=\"45\" data-end=\"96\"><strong data-start=\"48\" data-end=\"94\">Stornierung oder \u00c4nderung Ihrer Bestellung<\/strong><\/h2><p data-start=\"97\" data-end=\"140\"><strong data-start=\"97\" data-end=\"140\">Zuletzt aktualisiert: 11. November 2025<\/strong><\/p><p data-start=\"142\" data-end=\"407\">Wir verstehen, dass sich Pl\u00e4ne \u00e4ndern k\u00f6nnen. Auf dieser Seite erfahren Sie, wie Sie Ihre Bestellung stornieren oder \u00e4ndern k\u00f6nnen. Bitte lesen Sie die folgenden Informationen sorgf\u00e4ltig durch, da unsere M\u00f6glichkeit zur \u00c4nderung vom Status Ihrer Bestellung abh\u00e4ngt.<\/p><h2 data-start=\"389\" data-end=\"419\"><strong data-start=\"392\" data-end=\"419\">1. Stornierung Ihrer Bestellung<\/strong><\/h2><p data-start=\"455\" data-end=\"617\">Sie k\u00f6nnen innerhalb von <strong data-start=\"480\" data-end=\"522\">2 Stunden nach Aufgabe der Bestellung<\/strong> eine Stornierung beantragen, sofern die Bestellung noch nicht bearbeitet oder versendet wurde.<\/p><p data-start=\"619\" data-end=\"727\">Um Ihre Bestellung zu stornieren, kontaktieren Sie uns bitte umgehend unter:<\/p><p data-start=\"548\" data-end=\"626\">\ud83d\udce7 <strong>support@tourcruiser.com<\/strong><\/p><p data-start=\"729\" data-end=\"930\">Wurde Ihre Bestellung bereits bearbeitet oder versendet, ist eine Stornierung nicht mehr m\u00f6glich.<br data-start=\"826\" data-end=\"829\" \/>In diesem Fall k\u00f6nnen Sie nach Erhalt des Pakets unsere R\u00fcckgabe- &amp; R\u00fcckerstattungsrichtlinie nutzen.<\/p><hr data-start=\"801\" data-end=\"804\" \/><h2 data-start=\"806\" data-end=\"835\"><strong data-start=\"809\" data-end=\"835\">2. \u00c4nderung Ihrer Bestellung<\/strong><\/h2><p data-start=\"975\" data-end=\"1017\">Sie k\u00f6nnen folgende \u00c4nderungen beantragen:<\/p><ul><li data-start=\"1021\" data-end=\"1055\">Aktualisierung der Lieferadresse<\/li><li data-start=\"1058\" data-end=\"1109\">\u00c4nderung der Produktvariante (Farbe, Gr\u00f6\u00dfe, Stil)<\/li><li data-start=\"1112\" data-end=\"1139\">Anpassung der Kundendaten<\/li><li data-start=\"1142\" data-end=\"1169\">\u00c4nderung der Bestellmenge<\/li><\/ul><p data-start=\"1171\" data-end=\"1279\">\u00c4nderungen sind nur innerhalb von <strong data-start=\"1205\" data-end=\"1239\">12 Stunden nach Bestellaufgabe<\/strong> m\u00f6glich, bevor die Bearbeitung beginnt.<\/p><p data-start=\"1281\" data-end=\"1381\">Um eine \u00c4nderung zu beantragen, senden Sie uns bitte eine E-Mail an:<\/p><p data-start=\"1107\" data-end=\"1167\">\ud83d\udce7 <strong>support@tourcruiser.com<\/strong><\/p><p data-start=\"1169\" data-end=\"1238\"><em><strong>\u00c4nderungen k\u00f6nnen nicht garantiert werden, wenn die Bestellung bereits bearbeitet wurde.<\/strong><\/em><\/p><hr data-start=\"1240\" data-end=\"1243\" \/><h2 data-start=\"1245\" data-end=\"1281\"><strong data-start=\"1248\" data-end=\"1281\">3. Falsche Lieferadresse<\/strong><\/h2><p data-start=\"1512\" data-end=\"1559\">Falls Sie eine falsche Adresse angegeben haben:<\/p><ul><li data-start=\"1563\" data-end=\"1594\">Kontaktieren Sie uns umgehend<\/li><li data-start=\"1597\" data-end=\"1682\">Eine Adress\u00e4nderung ist nur m\u00f6glich, wenn die Bestellung noch nicht versendet wurde<\/li><\/ul><p data-start=\"1414\" data-end=\"1521\">Tourcruiser PTE. LTD \u00fcbernimmt keine Verantwortung f\u00fcr verlorene Sendungen aufgrund einer vom Kunden falsch angegebenen Adresse.<\/p><hr data-start=\"1523\" data-end=\"1526\" \/><h2 data-start=\"1528\" data-end=\"1559\"><strong data-start=\"1531\" data-end=\"1559\">4. Bestellung bereits versendet<\/strong><\/h2><p data-start=\"1865\" data-end=\"1911\">Falls Ihre Bestellung bereits versendet wurde:<\/p><ul><li data-start=\"1915\" data-end=\"1970\">Eine Stornierung oder \u00c4nderung ist nicht mehr m\u00f6glich<\/li><li data-start=\"1973\" data-end=\"2074\">Sie k\u00f6nnen den Artikel nach Erhalt gem\u00e4\u00df unserer R\u00fcckgabe- &amp; R\u00fcckerstattungsrichtlinie zur\u00fccksenden<\/li><li data-start=\"2077\" data-end=\"2120\">Versandkosten sind nicht erstattungsf\u00e4hig<\/li><\/ul><hr data-start=\"1758\" data-end=\"1761\" \/><h2 data-start=\"1763\" data-end=\"1783\"><strong data-start=\"1766\" data-end=\"1783\">5. Kontakt<\/strong><\/h2><p data-start=\"2147\" data-end=\"2232\">Bei Fragen zur Stornierung oder \u00c4nderung Ihrer Bestellung kontaktieren Sie uns bitte:<\/p><p data-start=\"2234\" data-end=\"2268\"><strong>E-Mail<\/strong>: support@tourcruiser.com<\/p>\t\t\t\t\t\t\t\t<\/div>\n\t\t\t\t\t<\/div>\n\t\t<\/div>\n\t\t\t\t\t<\/div>\n\t\t<\/section>\n\t\t\t\t<\/div>\n\t\t","protected":false},"excerpt":{"rendered":"<p>Stornierung oder \u00c4nderung Ihrer Bestellung Zuletzt aktualisiert: 11. November 2025 Wir verstehen, dass sich Pl\u00e4ne \u00e4ndern k\u00f6nnen. Auf dieser Seite erfahren Sie, wie Sie Ihre Bestellung stornieren oder \u00e4ndern k\u00f6nnen. Bitte lesen Sie die folgenden Informationen sorgf\u00e4ltig durch, da unsere M\u00f6glichkeit zur \u00c4nderung vom Status Ihrer Bestellung abh\u00e4ngt. 1. Stornierung Ihrer Bestellung Sie k\u00f6nnen innerhalb [&hellip;]<\/p>\n","protected":false},"author":1,"featured_media":0,"parent":0,"menu_order":0,"comment_status":"closed","ping_status":"closed","template":"","meta":{"footnotes":""},"class_list":["post-4019","page","type-page","status-publish","hentry"],"yoast_head":"<!-- This site is optimized with the Yoast SEO plugin v26.5 - https:\/\/yoast.com\/wordpress\/plugins\/seo\/ -->\n<title>Canceling or Changing order - Tourcruiser PTE. LTD<\/title>\n<meta name=\"robots\" content=\"index, follow, max-snippet:-1, max-image-preview:large, max-video-preview:-1\" \/>\n<link rel=\"canonical\" href=\"https:\/\/tourcruiser.com\/de\/canceling-or-changing-order\/\" \/>\n<meta property=\"og:locale\" content=\"de_DE\" \/>\n<meta property=\"og:type\" content=\"article\" \/>\n<meta property=\"og:title\" content=\"Canceling or Changing order - Tourcruiser PTE. LTD\" \/>\n<meta property=\"og:description\" content=\"Stornierung oder \u00c4nderung Ihrer Bestellung Zuletzt aktualisiert: 11. November 2025 Wir verstehen, dass sich Pl\u00e4ne \u00e4ndern k\u00f6nnen. Auf dieser Seite erfahren Sie, wie Sie Ihre Bestellung stornieren oder \u00e4ndern k\u00f6nnen. Bitte lesen Sie die folgenden Informationen sorgf\u00e4ltig durch, da unsere M\u00f6glichkeit zur \u00c4nderung vom Status Ihrer Bestellung abh\u00e4ngt. 1. Stornierung Ihrer Bestellung Sie k\u00f6nnen innerhalb [&hellip;]\" \/>\n<meta property=\"og:url\" content=\"https:\/\/tourcruiser.com\/de\/canceling-or-changing-order\/\" \/>\n<meta property=\"og:site_name\" content=\"Tourcruiser Sneaker Store\" \/>\n<meta property=\"article:modified_time\" content=\"2026-02-21T06:46:17+00:00\" \/>\n<meta name=\"twitter:card\" content=\"summary_large_image\" \/>\n<meta name=\"twitter:label1\" content=\"Gesch\u00e4tzte Lesezeit\" \/>\n\t<meta name=\"twitter:data1\" content=\"2\u00a0Minuten\" \/>\n<script type=\"application\/ld+json\" class=\"yoast-schema-graph\">{\"@context\":\"https:\/\/schema.org\",\"@graph\":[{\"@type\":\"WebPage\",\"@id\":\"https:\/\/tourcruiser.com\/de\/canceling-or-changing-order\/\",\"url\":\"https:\/\/tourcruiser.com\/de\/canceling-or-changing-order\/\",\"name\":\"Canceling or Changing order - Tourcruiser PTE. LTD\",\"isPartOf\":{\"@id\":\"https:\/\/tourcruiser.com\/de\/#website\"},\"datePublished\":\"2025-11-16T10:54:53+00:00\",\"dateModified\":\"2026-02-21T06:46:17+00:00\",\"breadcrumb\":{\"@id\":\"https:\/\/tourcruiser.com\/de\/canceling-or-changing-order\/#breadcrumb\"},\"inLanguage\":\"de\",\"potentialAction\":[{\"@type\":\"ReadAction\",\"target\":[\"https:\/\/tourcruiser.com\/de\/canceling-or-changing-order\/\"]}]},{\"@type\":\"BreadcrumbList\",\"@id\":\"https:\/\/tourcruiser.com\/de\/canceling-or-changing-order\/#breadcrumb\",\"itemListElement\":[{\"@type\":\"ListItem\",\"position\":1,\"name\":\"Home\",\"item\":\"https:\/\/tourcruiser.com\/de\/\"},{\"@type\":\"ListItem\",\"position\":2,\"name\":\"Canceling or Changing order\"}]},{\"@type\":\"WebSite\",\"@id\":\"https:\/\/tourcruiser.com\/de\/#website\",\"url\":\"https:\/\/tourcruiser.com\/de\/\",\"name\":\"Styloral Jewelry Shop\",\"description\":\"Tourcruiser Sneaker Store \u2014 der Ort, an dem das Universum deine Einzigartigkeit trifft.\",\"publisher\":{\"@id\":\"https:\/\/tourcruiser.com\/de\/#organization\"},\"potentialAction\":[{\"@type\":\"SearchAction\",\"target\":{\"@type\":\"EntryPoint\",\"urlTemplate\":\"https:\/\/tourcruiser.com\/de\/?s={search_term_string}\"},\"query-input\":{\"@type\":\"PropertyValueSpecification\",\"valueRequired\":true,\"valueName\":\"search_term_string\"}}],\"inLanguage\":\"de\"},{\"@type\":\"Organization\",\"@id\":\"https:\/\/tourcruiser.com\/de\/#organization\",\"name\":\"STYLORAL PTE. LTD\",\"url\":\"https:\/\/tourcruiser.com\/de\/\",\"logo\":{\"@type\":\"ImageObject\",\"inLanguage\":\"de\",\"@id\":\"https:\/\/tourcruiser.com\/de\/#\/schema\/logo\/image\/\",\"url\":\"https:\/\/www.tourcruiser.com\/wp-content\/uploads\/2025\/12\/logo.png\",\"contentUrl\":\"https:\/\/www.tourcruiser.com\/wp-content\/uploads\/2025\/12\/logo.png\",\"width\":200,\"height\":65,\"caption\":\"STYLORAL PTE. LTD\"},\"image\":{\"@id\":\"https:\/\/tourcruiser.com\/de\/#\/schema\/logo\/image\/\"}}]}<\/script>\n<!-- \/ Yoast SEO plugin. -->","yoast_head_json":{"title":"Canceling or Changing order - Tourcruiser PTE. LTD","robots":{"index":"index","follow":"follow","max-snippet":"max-snippet:-1","max-image-preview":"max-image-preview:large","max-video-preview":"max-video-preview:-1"},"canonical":"https:\/\/tourcruiser.com\/de\/canceling-or-changing-order\/","og_locale":"de_DE","og_type":"article","og_title":"Canceling or Changing order - Tourcruiser PTE. LTD","og_description":"Stornierung oder \u00c4nderung Ihrer Bestellung Zuletzt aktualisiert: 11. November 2025 Wir verstehen, dass sich Pl\u00e4ne \u00e4ndern k\u00f6nnen. Auf dieser Seite erfahren Sie, wie Sie Ihre Bestellung stornieren oder \u00e4ndern k\u00f6nnen. Bitte lesen Sie die folgenden Informationen sorgf\u00e4ltig durch, da unsere M\u00f6glichkeit zur \u00c4nderung vom Status Ihrer Bestellung abh\u00e4ngt. 1. Stornierung Ihrer Bestellung Sie k\u00f6nnen innerhalb [&hellip;]","og_url":"https:\/\/tourcruiser.com\/de\/canceling-or-changing-order\/","og_site_name":"Tourcruiser Sneaker Store","article_modified_time":"2026-02-21T06:46:17+00:00","twitter_card":"summary_large_image","twitter_misc":{"Gesch\u00e4tzte Lesezeit":"2\u00a0Minuten"},"schema":{"@context":"https:\/\/schema.org","@graph":[{"@type":"WebPage","@id":"https:\/\/tourcruiser.com\/de\/canceling-or-changing-order\/","url":"https:\/\/tourcruiser.com\/de\/canceling-or-changing-order\/","name":"Canceling or Changing order - Tourcruiser PTE. LTD","isPartOf":{"@id":"https:\/\/tourcruiser.com\/de\/#website"},"datePublished":"2025-11-16T10:54:53+00:00","dateModified":"2026-02-21T06:46:17+00:00","breadcrumb":{"@id":"https:\/\/tourcruiser.com\/de\/canceling-or-changing-order\/#breadcrumb"},"inLanguage":"de","potentialAction":[{"@type":"ReadAction","target":["https:\/\/tourcruiser.com\/de\/canceling-or-changing-order\/"]}]},{"@type":"BreadcrumbList","@id":"https:\/\/tourcruiser.com\/de\/canceling-or-changing-order\/#breadcrumb","itemListElement":[{"@type":"ListItem","position":1,"name":"Home","item":"https:\/\/tourcruiser.com\/de\/"},{"@type":"ListItem","position":2,"name":"Canceling or Changing order"}]},{"@type":"WebSite","@id":"https:\/\/tourcruiser.com\/de\/#website","url":"https:\/\/tourcruiser.com\/de\/","name":"Styloral Jewelry Shop","description":"Tourcruiser Sneaker Store \u2014 der Ort, an dem das Universum deine Einzigartigkeit trifft.","publisher":{"@id":"https:\/\/tourcruiser.com\/de\/#organization"},"potentialAction":[{"@type":"SearchAction","target":{"@type":"EntryPoint","urlTemplate":"https:\/\/tourcruiser.com\/de\/?s={search_term_string}"},"query-input":{"@type":"PropertyValueSpecification","valueRequired":true,"valueName":"search_term_string"}}],"inLanguage":"de"},{"@type":"Organization","@id":"https:\/\/tourcruiser.com\/de\/#organization","name":"STYLORAL PTE. LTD","url":"https:\/\/tourcruiser.com\/de\/","logo":{"@type":"ImageObject","inLanguage":"de","@id":"https:\/\/tourcruiser.com\/de\/#\/schema\/logo\/image\/","url":"https:\/\/www.tourcruiser.com\/wp-content\/uploads\/2025\/12\/logo.png","contentUrl":"https:\/\/www.tourcruiser.com\/wp-content\/uploads\/2025\/12\/logo.png","width":200,"height":65,"caption":"STYLORAL PTE. LTD"},"image":{"@id":"https:\/\/tourcruiser.com\/de\/#\/schema\/logo\/image\/"}}]}},"_links":{"self":[{"href":"https:\/\/tourcruiser.com\/de\/wp-json\/wp\/v2\/pages\/4019","targetHints":{"allow":["GET"]}}],"collection":[{"href":"https:\/\/tourcruiser.com\/de\/wp-json\/wp\/v2\/pages"}],"about":[{"href":"https:\/\/tourcruiser.com\/de\/wp-json\/wp\/v2\/types\/page"}],"author":[{"embeddable":true,"href":"https:\/\/tourcruiser.com\/de\/wp-json\/wp\/v2\/users\/1"}],"replies":[{"embeddable":true,"href":"https:\/\/tourcruiser.com\/de\/wp-json\/wp\/v2\/comments?post=4019"}],"version-history":[{"count":17,"href":"https:\/\/tourcruiser.com\/de\/wp-json\/wp\/v2\/pages\/4019\/revisions"}],"predecessor-version":[{"id":24820,"href":"https:\/\/tourcruiser.com\/de\/wp-json\/wp\/v2\/pages\/4019\/revisions\/24820"}],"wp:attachment":[{"href":"https:\/\/tourcruiser.com\/de\/wp-json\/wp\/v2\/media?parent=4019"}],"curies":[{"name":"wp","href":"https:\/\/api.w.org\/{rel}","templated":true}]}}