{"id":3732,"date":"2025-11-15T09:36:05","date_gmt":"2025-11-15T09:36:05","guid":{"rendered":""},"modified":"2026-02-21T07:14:43","modified_gmt":"2026-02-21T07:14:43","slug":"elm-contact-us","status":"publish","type":"page","link":"https:\/\/tourcruiser.com\/de\/elm-contact-us\/","title":{"rendered":"Contact Us"},"content":{"rendered":"\t\t<div data-elementor-type=\"wp-page\" data-elementor-id=\"3732\" class=\"elementor elementor-3732\">\n\t\t\t\t\t\t<section class=\"elementor-section elementor-top-section elementor-element elementor-element-3910f5d8 elementor-section-boxed elementor-section-height-default elementor-section-height-default\" data-id=\"3910f5d8\" data-element_type=\"section\">\n\t\t\t\t\t\t<div class=\"elementor-container elementor-column-gap-default\">\n\t\t\t\t\t<div class=\"elementor-column elementor-col-100 elementor-top-column elementor-element elementor-element-7e4377a\" data-id=\"7e4377a\" data-element_type=\"column\">\n\t\t\t<div class=\"elementor-widget-wrap elementor-element-populated\">\n\t\t\t\t\t\t<div class=\"elementor-element elementor-element-3b971088 elementor-widget elementor-widget-text-editor\" data-id=\"3b971088\" data-element_type=\"widget\" data-widget_type=\"text-editor.default\">\n\t\t\t\t\t\t\t\t\t<h2 data-start=\"256\" data-end=\"270\"><strong data-start=\"259\" data-end=\"270\">Kontakt<\/strong><\/h2><p data-start=\"272\" data-end=\"410\">Bei Fragen zu unseren Produkten, zu Ihrer Bestellung oder zu unseren Dienstleistungen steht Ihnen unser Kundenservice gerne zur Verf\u00fcgung.<\/p><p data-start=\"412\" data-end=\"558\">Bitte kontaktieren Sie uns ausschlie\u00dflich per E-Mail. Wir bearbeiten Ihr Anliegen schnellstm\u00f6glich und setzen uns zeitnah mit Ihnen in Verbindung.<\/p><h3 data-start=\"565\" data-end=\"586\"><strong data-start=\"569\" data-end=\"586\">Kundenservice<\/strong><\/h3><p data-start=\"588\" data-end=\"622\">E-Mail: support@tourcruiser.com<\/p><p data-start=\"588\" data-end=\"622\">Wir sind bestrebt, Ihnen ein reibungsloses und angenehmes Erlebnis zu bieten.<\/p>\t\t\t\t\t\t\t\t<\/div>\n\t\t\t\t\t<\/div>\n\t\t<\/div>\n\t\t\t\t\t<\/div>\n\t\t<\/section>\n\t\t\t\t<\/div>\n\t\t","protected":false},"excerpt":{"rendered":"<p>Kontakt Bei Fragen zu unseren Produkten, zu Ihrer Bestellung oder zu unseren Dienstleistungen steht Ihnen unser Kundenservice gerne zur Verf\u00fcgung. Bitte kontaktieren Sie uns ausschlie\u00dflich per E-Mail. Wir bearbeiten Ihr Anliegen schnellstm\u00f6glich und setzen uns zeitnah mit Ihnen in Verbindung. Kundenservice E-Mail: Wir sind bestrebt, Ihnen ein reibungsloses und angenehmes Erlebnis zu bieten.<\/p>\n","protected":false},"author":1,"featured_media":0,"parent":0,"menu_order":0,"comment_status":"closed","ping_status":"closed","template":"","meta":{"footnotes":""},"class_list":["post-3732","page","type-page","status-publish","hentry"],"yoast_head":"<!-- This site is optimized with the Yoast SEO plugin v26.5 - https:\/\/yoast.com\/wordpress\/plugins\/seo\/ -->\n<title>Contact Us - Tourcruiser PTE. LTD<\/title>\n<meta name=\"robots\" content=\"index, follow, max-snippet:-1, max-image-preview:large, max-video-preview:-1\" \/>\n<link rel=\"canonical\" href=\"https:\/\/tourcruiser.com\/de\/elm-contact-us\/\" \/>\n<meta property=\"og:locale\" content=\"de_DE\" \/>\n<meta property=\"og:type\" content=\"article\" \/>\n<meta property=\"og:title\" content=\"Contact Us - Tourcruiser PTE. LTD\" \/>\n<meta property=\"og:description\" content=\"Kontakt Bei Fragen zu unseren Produkten, zu Ihrer Bestellung oder zu unseren Dienstleistungen steht Ihnen unser Kundenservice gerne zur Verf\u00fcgung. Bitte kontaktieren Sie uns ausschlie\u00dflich per E-Mail. Wir bearbeiten Ihr Anliegen schnellstm\u00f6glich und setzen uns zeitnah mit Ihnen in Verbindung. Kundenservice E-Mail: Wir sind bestrebt, Ihnen ein reibungsloses und angenehmes Erlebnis zu bieten.\" \/>\n<meta property=\"og:url\" content=\"https:\/\/tourcruiser.com\/de\/elm-contact-us\/\" \/>\n<meta property=\"og:site_name\" content=\"Tourcruiser Sneaker Store\" \/>\n<meta property=\"article:modified_time\" content=\"2026-02-21T07:14:43+00:00\" \/>\n<meta name=\"twitter:card\" content=\"summary_large_image\" \/>\n<meta name=\"twitter:label1\" content=\"Gesch\u00e4tzte Lesezeit\" \/>\n\t<meta name=\"twitter:data1\" content=\"1\u00a0Minute\" \/>\n<script type=\"application\/ld+json\" class=\"yoast-schema-graph\">{\"@context\":\"https:\/\/schema.org\",\"@graph\":[{\"@type\":\"WebPage\",\"@id\":\"https:\/\/tourcruiser.com\/de\/elm-contact-us\/\",\"url\":\"https:\/\/tourcruiser.com\/de\/elm-contact-us\/\",\"name\":\"Contact Us - Tourcruiser PTE. LTD\",\"isPartOf\":{\"@id\":\"https:\/\/tourcruiser.com\/de\/#website\"},\"datePublished\":\"2025-11-15T09:36:05+00:00\",\"dateModified\":\"2026-02-21T07:14:43+00:00\",\"breadcrumb\":{\"@id\":\"https:\/\/tourcruiser.com\/de\/elm-contact-us\/#breadcrumb\"},\"inLanguage\":\"de\",\"potentialAction\":[{\"@type\":\"ReadAction\",\"target\":[\"https:\/\/tourcruiser.com\/de\/elm-contact-us\/\"]}]},{\"@type\":\"BreadcrumbList\",\"@id\":\"https:\/\/tourcruiser.com\/de\/elm-contact-us\/#breadcrumb\",\"itemListElement\":[{\"@type\":\"ListItem\",\"position\":1,\"name\":\"Home\",\"item\":\"https:\/\/tourcruiser.com\/de\/\"},{\"@type\":\"ListItem\",\"position\":2,\"name\":\"Contact Us\"}]},{\"@type\":\"WebSite\",\"@id\":\"https:\/\/tourcruiser.com\/de\/#website\",\"url\":\"https:\/\/tourcruiser.com\/de\/\",\"name\":\"Styloral Jewelry Shop\",\"description\":\"Tourcruiser Sneaker Store \u2014 der Ort, an dem das Universum deine Einzigartigkeit trifft.\",\"publisher\":{\"@id\":\"https:\/\/tourcruiser.com\/de\/#organization\"},\"potentialAction\":[{\"@type\":\"SearchAction\",\"target\":{\"@type\":\"EntryPoint\",\"urlTemplate\":\"https:\/\/tourcruiser.com\/de\/?s={search_term_string}\"},\"query-input\":{\"@type\":\"PropertyValueSpecification\",\"valueRequired\":true,\"valueName\":\"search_term_string\"}}],\"inLanguage\":\"de\"},{\"@type\":\"Organization\",\"@id\":\"https:\/\/tourcruiser.com\/de\/#organization\",\"name\":\"STYLORAL PTE. LTD\",\"url\":\"https:\/\/tourcruiser.com\/de\/\",\"logo\":{\"@type\":\"ImageObject\",\"inLanguage\":\"de\",\"@id\":\"https:\/\/tourcruiser.com\/de\/#\/schema\/logo\/image\/\",\"url\":\"https:\/\/www.tourcruiser.com\/wp-content\/uploads\/2025\/12\/logo.png\",\"contentUrl\":\"https:\/\/www.tourcruiser.com\/wp-content\/uploads\/2025\/12\/logo.png\",\"width\":200,\"height\":65,\"caption\":\"STYLORAL PTE. LTD\"},\"image\":{\"@id\":\"https:\/\/tourcruiser.com\/de\/#\/schema\/logo\/image\/\"}}]}<\/script>\n<!-- \/ Yoast SEO plugin. -->","yoast_head_json":{"title":"Contact Us - Tourcruiser PTE. LTD","robots":{"index":"index","follow":"follow","max-snippet":"max-snippet:-1","max-image-preview":"max-image-preview:large","max-video-preview":"max-video-preview:-1"},"canonical":"https:\/\/tourcruiser.com\/de\/elm-contact-us\/","og_locale":"de_DE","og_type":"article","og_title":"Contact Us - Tourcruiser PTE. LTD","og_description":"Kontakt Bei Fragen zu unseren Produkten, zu Ihrer Bestellung oder zu unseren Dienstleistungen steht Ihnen unser Kundenservice gerne zur Verf\u00fcgung. Bitte kontaktieren Sie uns ausschlie\u00dflich per E-Mail. Wir bearbeiten Ihr Anliegen schnellstm\u00f6glich und setzen uns zeitnah mit Ihnen in Verbindung. Kundenservice E-Mail: Wir sind bestrebt, Ihnen ein reibungsloses und angenehmes Erlebnis zu bieten.","og_url":"https:\/\/tourcruiser.com\/de\/elm-contact-us\/","og_site_name":"Tourcruiser Sneaker Store","article_modified_time":"2026-02-21T07:14:43+00:00","twitter_card":"summary_large_image","twitter_misc":{"Gesch\u00e4tzte Lesezeit":"1\u00a0Minute"},"schema":{"@context":"https:\/\/schema.org","@graph":[{"@type":"WebPage","@id":"https:\/\/tourcruiser.com\/de\/elm-contact-us\/","url":"https:\/\/tourcruiser.com\/de\/elm-contact-us\/","name":"Contact Us - Tourcruiser PTE. LTD","isPartOf":{"@id":"https:\/\/tourcruiser.com\/de\/#website"},"datePublished":"2025-11-15T09:36:05+00:00","dateModified":"2026-02-21T07:14:43+00:00","breadcrumb":{"@id":"https:\/\/tourcruiser.com\/de\/elm-contact-us\/#breadcrumb"},"inLanguage":"de","potentialAction":[{"@type":"ReadAction","target":["https:\/\/tourcruiser.com\/de\/elm-contact-us\/"]}]},{"@type":"BreadcrumbList","@id":"https:\/\/tourcruiser.com\/de\/elm-contact-us\/#breadcrumb","itemListElement":[{"@type":"ListItem","position":1,"name":"Home","item":"https:\/\/tourcruiser.com\/de\/"},{"@type":"ListItem","position":2,"name":"Contact Us"}]},{"@type":"WebSite","@id":"https:\/\/tourcruiser.com\/de\/#website","url":"https:\/\/tourcruiser.com\/de\/","name":"Styloral Jewelry Shop","description":"Tourcruiser Sneaker Store \u2014 der Ort, an dem das Universum deine Einzigartigkeit trifft.","publisher":{"@id":"https:\/\/tourcruiser.com\/de\/#organization"},"potentialAction":[{"@type":"SearchAction","target":{"@type":"EntryPoint","urlTemplate":"https:\/\/tourcruiser.com\/de\/?s={search_term_string}"},"query-input":{"@type":"PropertyValueSpecification","valueRequired":true,"valueName":"search_term_string"}}],"inLanguage":"de"},{"@type":"Organization","@id":"https:\/\/tourcruiser.com\/de\/#organization","name":"STYLORAL PTE. LTD","url":"https:\/\/tourcruiser.com\/de\/","logo":{"@type":"ImageObject","inLanguage":"de","@id":"https:\/\/tourcruiser.com\/de\/#\/schema\/logo\/image\/","url":"https:\/\/www.tourcruiser.com\/wp-content\/uploads\/2025\/12\/logo.png","contentUrl":"https:\/\/www.tourcruiser.com\/wp-content\/uploads\/2025\/12\/logo.png","width":200,"height":65,"caption":"STYLORAL PTE. LTD"},"image":{"@id":"https:\/\/tourcruiser.com\/de\/#\/schema\/logo\/image\/"}}]}},"_links":{"self":[{"href":"https:\/\/tourcruiser.com\/de\/wp-json\/wp\/v2\/pages\/3732","targetHints":{"allow":["GET"]}}],"collection":[{"href":"https:\/\/tourcruiser.com\/de\/wp-json\/wp\/v2\/pages"}],"about":[{"href":"https:\/\/tourcruiser.com\/de\/wp-json\/wp\/v2\/types\/page"}],"author":[{"embeddable":true,"href":"https:\/\/tourcruiser.com\/de\/wp-json\/wp\/v2\/users\/1"}],"replies":[{"embeddable":true,"href":"https:\/\/tourcruiser.com\/de\/wp-json\/wp\/v2\/comments?post=3732"}],"version-history":[{"count":22,"href":"https:\/\/tourcruiser.com\/de\/wp-json\/wp\/v2\/pages\/3732\/revisions"}],"predecessor-version":[{"id":24822,"href":"https:\/\/tourcruiser.com\/de\/wp-json\/wp\/v2\/pages\/3732\/revisions\/24822"}],"wp:attachment":[{"href":"https:\/\/tourcruiser.com\/de\/wp-json\/wp\/v2\/media?parent=3732"}],"curies":[{"name":"wp","href":"https:\/\/api.w.org\/{rel}","templated":true}]}}