{"id":12,"date":"2025-11-16T10:46:08","date_gmt":"2025-11-16T10:46:08","guid":{"rendered":"https:\/\/tourcruiser.com\/?page_id=12"},"modified":"2026-02-21T06:59:54","modified_gmt":"2026-02-21T06:59:54","slug":"refund_returns","status":"publish","type":"page","link":"https:\/\/tourcruiser.com\/de\/refund_returns\/","title":{"rendered":"Refund &amp; Returns Policy"},"content":{"rendered":"\t\t<div data-elementor-type=\"wp-page\" data-elementor-id=\"12\" class=\"elementor elementor-12\">\n\t\t\t\t\t\t<section class=\"elementor-section elementor-top-section elementor-element elementor-element-74b8fb93 elementor-section-boxed elementor-section-height-default elementor-section-height-default\" data-id=\"74b8fb93\" data-element_type=\"section\">\n\t\t\t\t\t\t<div class=\"elementor-container elementor-column-gap-default\">\n\t\t\t\t\t<div class=\"elementor-column elementor-col-100 elementor-top-column elementor-element elementor-element-ba89042\" data-id=\"ba89042\" data-element_type=\"column\">\n\t\t\t<div class=\"elementor-widget-wrap elementor-element-populated\">\n\t\t\t\t\t\t<div class=\"elementor-element elementor-element-5e653a4f elementor-widget elementor-widget-text-editor\" data-id=\"5e653a4f\" data-element_type=\"widget\" data-widget_type=\"text-editor.default\">\n\t\t\t\t\t\t\t\t\t<h2 data-start=\"45\" data-end=\"91\"><strong data-start=\"48\" data-end=\"89\">R\u00fcckerstattungs- &amp; R\u00fcckgaberichtlinie<\/strong><\/h2><p data-start=\"92\" data-end=\"135\"><strong data-start=\"92\" data-end=\"135\">Zuletzt aktualisiert: 11. November 2025<\/strong><\/p><p data-start=\"137\" data-end=\"345\">Vielen Dank f\u00fcr Ihren Einkauf bei <strong>Tourcruiser PTE. LTD.<\/strong><br data-start=\"197\" data-end=\"200\" \/>Wir m\u00f6chten, dass Sie mit Ihrem Kauf vollst\u00e4ndig zufrieden sind.<br data-start=\"264\" data-end=\"267\" \/>Bitte lesen Sie unsere R\u00fcckerstattungs- &amp; R\u00fcckgaberichtlinie sorgf\u00e4ltig durch.<\/p><hr data-start=\"347\" data-end=\"350\" \/><h3 data-start=\"352\" data-end=\"396\"><strong data-start=\"356\" data-end=\"396\">1. Voraussetzungen f\u00fcr eine R\u00fcckgabe<\/strong><\/h3><p data-start=\"398\" data-end=\"438\">Um f\u00fcr eine R\u00fcckgabe berechtigt zu sein:<\/p><ul><li data-start=\"442\" data-end=\"507\">Die Artikel m\u00fcssen unbenutzt, ungetragen und unbesch\u00e4digt sein.<\/li><li data-start=\"510\" data-end=\"571\">Die Artikel m\u00fcssen sich in der Originalverpackung befinden.<\/li><li data-start=\"574\" data-end=\"648\">Die R\u00fccksendung muss innerhalb von <strong data-start=\"609\" data-end=\"636\">15 Tagen nach Lieferung<\/strong> erfolgen.<\/li><\/ul><hr data-start=\"744\" data-end=\"747\" \/><h3 data-start=\"749\" data-end=\"788\"><strong data-start=\"753\" data-end=\"788\">2. Nicht r\u00fcckgabef\u00e4hige Artikel<\/strong><\/h3><p data-start=\"790\" data-end=\"828\">R\u00fcckgaben werden nicht akzeptiert f\u00fcr:<\/p><ul><li data-start=\"872\" data-end=\"927\">Individuell angefertigte oder personalisierte Artikel<\/li><li data-start=\"930\" data-end=\"970\">Artikel im Schlussverkauf (Final Sale)<\/li><li data-start=\"973\" data-end=\"989\">Geschenkkarten<\/li><\/ul><hr data-start=\"991\" data-end=\"994\" \/><h3 data-start=\"996\" data-end=\"1022\"><strong data-start=\"1000\" data-end=\"1022\">3. R\u00fcckgabeprozess<\/strong><\/h3><p data-start=\"1024\" data-end=\"1053\">Um eine R\u00fcckgabe einzuleiten:<\/p><ul><li data-start=\"1057\" data-end=\"1138\">Senden Sie eine E-Mail an <strong>support@tourcruiser.com<\/strong>\u00a0mit Ihrer Bestellnummer.<\/li><li data-start=\"1141\" data-end=\"1218\">Warten Sie auf die Genehmigung der R\u00fcckgabe sowie die R\u00fccksendeanweisungen.<\/li><li data-start=\"1221\" data-end=\"1285\">Senden Sie den Artikel an die von uns angegebene Adresse zur\u00fcck.<\/li><\/ul><p data-start=\"1287\" data-end=\"1299\"><strong data-start=\"1287\" data-end=\"1299\">Wichtig:<\/strong><\/p><ul><li data-start=\"1303\" data-end=\"1370\">R\u00fccksendungen ohne vorherige Genehmigung werden nicht akzeptiert.<\/li><li data-start=\"1373\" data-end=\"1462\">Kunden tragen die R\u00fccksendekosten, es sei denn, der Artikel ist mangelhaft oder defekt.<\/li><\/ul><hr data-start=\"1635\" data-end=\"1638\" \/><h3 data-start=\"1640\" data-end=\"1687\"><strong data-start=\"1644\" data-end=\"1687\">4. Besch\u00e4digte oder fehlerhafte Artikel<\/strong><\/h3><p data-start=\"1689\" data-end=\"1742\">Falls Ihr Artikel besch\u00e4digt oder fehlerhaft ankommt:<\/p><ul><li data-start=\"1746\" data-end=\"1796\">Machen Sie Fotos vom Artikel und der Verpackung.<\/li><li data-start=\"1799\" data-end=\"1866\">Kontaktieren Sie uns innerhalb von <strong data-start=\"1834\" data-end=\"1863\">48 Stunden nach Lieferung<\/strong>.<\/li><li data-start=\"1799\" data-end=\"1866\">Wir senden Ihnen einen Ersatzartikel oder erstatten den Kaufpreis.<\/li><\/ul><p data-start=\"1868\" data-end=\"1999\">F\u00fcr die R\u00fccksendung defekter Artikel fallen keine Geb\u00fchren an.<\/p><hr data-start=\"2001\" data-end=\"2004\" \/><h3 data-start=\"2006\" data-end=\"2033\"><strong data-start=\"2010\" data-end=\"2033\">5. R\u00fcckerstattungen<\/strong><\/h3><p data-start=\"2035\" data-end=\"2089\">Sobald Ihre R\u00fccksendung eingegangen und gepr\u00fcft wurde:<\/p><ul><li data-start=\"2093\" data-end=\"2162\">Informieren wir Sie per E-Mail \u00fcber die Genehmigung oder Ablehnung.<\/li><li data-start=\"2165\" data-end=\"2291\">Bei Genehmigung erfolgt die R\u00fcckerstattung innerhalb von <strong data-start=\"2222\" data-end=\"2239\">3\u20137 Werktagen<\/strong> \u00fcber die urspr\u00fcnglich verwendete Zahlungsmethode.<\/li><\/ul><p data-start=\"2293\" data-end=\"2378\">Versandkosten sind nicht erstattungsf\u00e4hig, au\u00dfer im Falle eines Fehlers unsererseits.<\/p><hr data-start=\"2380\" data-end=\"2383\" \/><h3 data-start=\"2385\" data-end=\"2404\"><strong data-start=\"2389\" data-end=\"2404\">6. Umtausch<\/strong><\/h3><p data-start=\"2406\" data-end=\"2437\">Wir ersetzen Artikel nur, wenn sie defekt oder besch\u00e4digt sind.<\/p><hr data-start=\"2666\" data-end=\"2669\" \/><h3 data-start=\"2671\" data-end=\"2723\"><strong data-start=\"2675\" data-end=\"2723\">7. Versp\u00e4tete oder fehlende R\u00fcckerstattungen<\/strong><\/h3><p data-start=\"2725\" data-end=\"2781\">Falls Sie Ihre R\u00fcckerstattung noch nicht erhalten haben:<\/p><ul><li data-start=\"2785\" data-end=\"2861\">\u00dcberpr\u00fcfen Sie Ihr Bankkonto oder wenden Sie sich an Ihren Kartenanbieter.<\/li><li data-start=\"2864\" data-end=\"2911\">Kontaktieren Sie Ihren Zahlungsdienstleister.<\/li><li data-start=\"2914\" data-end=\"3012\">Sollte das Problem weiterhin bestehen, senden Sie uns eine E-Mail an support@tourcruiser.com<\/li><\/ul><hr data-start=\"3014\" data-end=\"3017\" \/><h3 data-start=\"3019\" data-end=\"3056\"><strong data-start=\"3023\" data-end=\"3056\">8. Stornierung der Bestellung<\/strong><\/h3><p data-start=\"3058\" data-end=\"3204\">Sie k\u00f6nnen Ihre Bestellung innerhalb von <strong data-start=\"3099\" data-end=\"3127\">2 Stunden nach dem Kauf<\/strong> stornieren.<br data-start=\"3139\" data-end=\"3142\" \/>Bereits versendete Bestellungen k\u00f6nnen nicht storniert werden.<\/p><hr data-start=\"3206\" data-end=\"3209\" \/><h3 data-start=\"3211\" data-end=\"3229\"><strong data-start=\"3215\" data-end=\"3229\">9. Kontakt<\/strong><\/h3><p data-start=\"3231\" data-end=\"3301\">Bei Fragen zu R\u00fcckgabe oder R\u00fcckerstattung kontaktieren Sie uns bitte:<\/p><p data-start=\"3303\" data-end=\"3452\">E-Mail: support@tourcruiser.com<br data-start=\"3335\" data-end=\"3338\" \/>B\u00fcroadresse: C06 Residenzstra\u00dfe 2-6, 91522 Ansbach, Germany<\/p>\t\t\t\t\t\t\t\t<\/div>\n\t\t\t\t\t<\/div>\n\t\t<\/div>\n\t\t\t\t\t<\/div>\n\t\t<\/section>\n\t\t\t\t<\/div>\n\t\t","protected":false},"excerpt":{"rendered":"<p>R\u00fcckerstattungs- &amp; R\u00fcckgaberichtlinie Zuletzt aktualisiert: 11. November 2025 Vielen Dank f\u00fcr Ihren Einkauf bei .Wir m\u00f6chten, dass Sie mit Ihrem Kauf vollst\u00e4ndig zufrieden sind.Bitte lesen Sie unsere R\u00fcckerstattungs- &amp; R\u00fcckgaberichtlinie sorgf\u00e4ltig durch. 1. Voraussetzungen f\u00fcr eine R\u00fcckgabe Um f\u00fcr eine R\u00fcckgabe berechtigt zu sein: Die Artikel m\u00fcssen unbenutzt, ungetragen und unbesch\u00e4digt sein. Die Artikel m\u00fcssen [&hellip;]<\/p>\n","protected":false},"author":1,"featured_media":0,"parent":0,"menu_order":0,"comment_status":"closed","ping_status":"closed","template":"","meta":{"footnotes":""},"class_list":["post-12","page","type-page","status-publish","hentry"],"yoast_head":"<!-- This site is optimized with the Yoast SEO plugin v26.5 - https:\/\/yoast.com\/wordpress\/plugins\/seo\/ -->\n<title>Refund &amp; Returns Policy - Tourcruiser PTE. LTD<\/title>\n<meta name=\"robots\" content=\"index, follow, max-snippet:-1, max-image-preview:large, max-video-preview:-1\" \/>\n<link rel=\"canonical\" href=\"https:\/\/tourcruiser.com\/de\/refund_returns\/\" \/>\n<meta property=\"og:locale\" content=\"de_DE\" \/>\n<meta property=\"og:type\" content=\"article\" \/>\n<meta property=\"og:title\" content=\"Refund &amp; Returns Policy - Tourcruiser PTE. LTD\" \/>\n<meta property=\"og:description\" content=\"R\u00fcckerstattungs- &amp; R\u00fcckgaberichtlinie Zuletzt aktualisiert: 11. November 2025 Vielen Dank f\u00fcr Ihren Einkauf bei .Wir m\u00f6chten, dass Sie mit Ihrem Kauf vollst\u00e4ndig zufrieden sind.Bitte lesen Sie unsere R\u00fcckerstattungs- &amp; R\u00fcckgaberichtlinie sorgf\u00e4ltig durch. 1. Voraussetzungen f\u00fcr eine R\u00fcckgabe Um f\u00fcr eine R\u00fcckgabe berechtigt zu sein: Die Artikel m\u00fcssen unbenutzt, ungetragen und unbesch\u00e4digt sein. Die Artikel m\u00fcssen [&hellip;]\" \/>\n<meta property=\"og:url\" content=\"https:\/\/tourcruiser.com\/de\/refund_returns\/\" \/>\n<meta property=\"og:site_name\" content=\"Tourcruiser Sneaker Store\" \/>\n<meta property=\"article:modified_time\" content=\"2026-02-21T06:59:54+00:00\" \/>\n<meta name=\"twitter:card\" content=\"summary_large_image\" \/>\n<meta name=\"twitter:label1\" content=\"Gesch\u00e4tzte Lesezeit\" \/>\n\t<meta name=\"twitter:data1\" content=\"2\u00a0Minuten\" \/>\n<script type=\"application\/ld+json\" class=\"yoast-schema-graph\">{\"@context\":\"https:\/\/schema.org\",\"@graph\":[{\"@type\":\"WebPage\",\"@id\":\"https:\/\/tourcruiser.com\/de\/refund_returns\/\",\"url\":\"https:\/\/tourcruiser.com\/de\/refund_returns\/\",\"name\":\"Refund &amp; Returns Policy - Tourcruiser PTE. LTD\",\"isPartOf\":{\"@id\":\"https:\/\/tourcruiser.com\/de\/#website\"},\"datePublished\":\"2025-11-16T10:46:08+00:00\",\"dateModified\":\"2026-02-21T06:59:54+00:00\",\"breadcrumb\":{\"@id\":\"https:\/\/tourcruiser.com\/de\/refund_returns\/#breadcrumb\"},\"inLanguage\":\"de\",\"potentialAction\":[{\"@type\":\"ReadAction\",\"target\":[\"https:\/\/tourcruiser.com\/de\/refund_returns\/\"]}]},{\"@type\":\"BreadcrumbList\",\"@id\":\"https:\/\/tourcruiser.com\/de\/refund_returns\/#breadcrumb\",\"itemListElement\":[{\"@type\":\"ListItem\",\"position\":1,\"name\":\"Home\",\"item\":\"https:\/\/tourcruiser.com\/de\/\"},{\"@type\":\"ListItem\",\"position\":2,\"name\":\"Refund &amp; Returns Policy\"}]},{\"@type\":\"WebSite\",\"@id\":\"https:\/\/tourcruiser.com\/de\/#website\",\"url\":\"https:\/\/tourcruiser.com\/de\/\",\"name\":\"Styloral Jewelry Shop\",\"description\":\"Tourcruiser Sneaker Store \u2014 der Ort, an dem das Universum deine Einzigartigkeit trifft.\",\"publisher\":{\"@id\":\"https:\/\/tourcruiser.com\/de\/#organization\"},\"potentialAction\":[{\"@type\":\"SearchAction\",\"target\":{\"@type\":\"EntryPoint\",\"urlTemplate\":\"https:\/\/tourcruiser.com\/de\/?s={search_term_string}\"},\"query-input\":{\"@type\":\"PropertyValueSpecification\",\"valueRequired\":true,\"valueName\":\"search_term_string\"}}],\"inLanguage\":\"de\"},{\"@type\":\"Organization\",\"@id\":\"https:\/\/tourcruiser.com\/de\/#organization\",\"name\":\"STYLORAL PTE. LTD\",\"url\":\"https:\/\/tourcruiser.com\/de\/\",\"logo\":{\"@type\":\"ImageObject\",\"inLanguage\":\"de\",\"@id\":\"https:\/\/tourcruiser.com\/de\/#\/schema\/logo\/image\/\",\"url\":\"https:\/\/www.tourcruiser.com\/wp-content\/uploads\/2025\/12\/logo.png\",\"contentUrl\":\"https:\/\/www.tourcruiser.com\/wp-content\/uploads\/2025\/12\/logo.png\",\"width\":200,\"height\":65,\"caption\":\"STYLORAL PTE. LTD\"},\"image\":{\"@id\":\"https:\/\/tourcruiser.com\/de\/#\/schema\/logo\/image\/\"}}]}<\/script>\n<!-- \/ Yoast SEO plugin. -->","yoast_head_json":{"title":"Refund &amp; Returns Policy - Tourcruiser PTE. LTD","robots":{"index":"index","follow":"follow","max-snippet":"max-snippet:-1","max-image-preview":"max-image-preview:large","max-video-preview":"max-video-preview:-1"},"canonical":"https:\/\/tourcruiser.com\/de\/refund_returns\/","og_locale":"de_DE","og_type":"article","og_title":"Refund &amp; Returns Policy - Tourcruiser PTE. LTD","og_description":"R\u00fcckerstattungs- &amp; R\u00fcckgaberichtlinie Zuletzt aktualisiert: 11. November 2025 Vielen Dank f\u00fcr Ihren Einkauf bei .Wir m\u00f6chten, dass Sie mit Ihrem Kauf vollst\u00e4ndig zufrieden sind.Bitte lesen Sie unsere R\u00fcckerstattungs- &amp; R\u00fcckgaberichtlinie sorgf\u00e4ltig durch. 1. Voraussetzungen f\u00fcr eine R\u00fcckgabe Um f\u00fcr eine R\u00fcckgabe berechtigt zu sein: Die Artikel m\u00fcssen unbenutzt, ungetragen und unbesch\u00e4digt sein. Die Artikel m\u00fcssen [&hellip;]","og_url":"https:\/\/tourcruiser.com\/de\/refund_returns\/","og_site_name":"Tourcruiser Sneaker Store","article_modified_time":"2026-02-21T06:59:54+00:00","twitter_card":"summary_large_image","twitter_misc":{"Gesch\u00e4tzte Lesezeit":"2\u00a0Minuten"},"schema":{"@context":"https:\/\/schema.org","@graph":[{"@type":"WebPage","@id":"https:\/\/tourcruiser.com\/de\/refund_returns\/","url":"https:\/\/tourcruiser.com\/de\/refund_returns\/","name":"Refund &amp; Returns Policy - Tourcruiser PTE. LTD","isPartOf":{"@id":"https:\/\/tourcruiser.com\/de\/#website"},"datePublished":"2025-11-16T10:46:08+00:00","dateModified":"2026-02-21T06:59:54+00:00","breadcrumb":{"@id":"https:\/\/tourcruiser.com\/de\/refund_returns\/#breadcrumb"},"inLanguage":"de","potentialAction":[{"@type":"ReadAction","target":["https:\/\/tourcruiser.com\/de\/refund_returns\/"]}]},{"@type":"BreadcrumbList","@id":"https:\/\/tourcruiser.com\/de\/refund_returns\/#breadcrumb","itemListElement":[{"@type":"ListItem","position":1,"name":"Home","item":"https:\/\/tourcruiser.com\/de\/"},{"@type":"ListItem","position":2,"name":"Refund &amp; Returns Policy"}]},{"@type":"WebSite","@id":"https:\/\/tourcruiser.com\/de\/#website","url":"https:\/\/tourcruiser.com\/de\/","name":"Styloral Jewelry Shop","description":"Tourcruiser Sneaker Store \u2014 der Ort, an dem das Universum deine Einzigartigkeit trifft.","publisher":{"@id":"https:\/\/tourcruiser.com\/de\/#organization"},"potentialAction":[{"@type":"SearchAction","target":{"@type":"EntryPoint","urlTemplate":"https:\/\/tourcruiser.com\/de\/?s={search_term_string}"},"query-input":{"@type":"PropertyValueSpecification","valueRequired":true,"valueName":"search_term_string"}}],"inLanguage":"de"},{"@type":"Organization","@id":"https:\/\/tourcruiser.com\/de\/#organization","name":"STYLORAL PTE. LTD","url":"https:\/\/tourcruiser.com\/de\/","logo":{"@type":"ImageObject","inLanguage":"de","@id":"https:\/\/tourcruiser.com\/de\/#\/schema\/logo\/image\/","url":"https:\/\/www.tourcruiser.com\/wp-content\/uploads\/2025\/12\/logo.png","contentUrl":"https:\/\/www.tourcruiser.com\/wp-content\/uploads\/2025\/12\/logo.png","width":200,"height":65,"caption":"STYLORAL PTE. LTD"},"image":{"@id":"https:\/\/tourcruiser.com\/de\/#\/schema\/logo\/image\/"}}]}},"_links":{"self":[{"href":"https:\/\/tourcruiser.com\/de\/wp-json\/wp\/v2\/pages\/12","targetHints":{"allow":["GET"]}}],"collection":[{"href":"https:\/\/tourcruiser.com\/de\/wp-json\/wp\/v2\/pages"}],"about":[{"href":"https:\/\/tourcruiser.com\/de\/wp-json\/wp\/v2\/types\/page"}],"author":[{"embeddable":true,"href":"https:\/\/tourcruiser.com\/de\/wp-json\/wp\/v2\/users\/1"}],"replies":[{"embeddable":true,"href":"https:\/\/tourcruiser.com\/de\/wp-json\/wp\/v2\/comments?post=12"}],"version-history":[{"count":20,"href":"https:\/\/tourcruiser.com\/de\/wp-json\/wp\/v2\/pages\/12\/revisions"}],"predecessor-version":[{"id":18138,"href":"https:\/\/tourcruiser.com\/de\/wp-json\/wp\/v2\/pages\/12\/revisions\/18138"}],"wp:attachment":[{"href":"https:\/\/tourcruiser.com\/de\/wp-json\/wp\/v2\/media?parent=12"}],"curies":[{"name":"wp","href":"https:\/\/api.w.org\/{rel}","templated":true}]}}